{"id":539,"date":"2019-09-01T23:13:42","date_gmt":"2019-09-01T20:13:42","guid":{"rendered":"http:\/\/loanstar.com\/fi\/?page_id=539"},"modified":"2019-09-03T00:06:07","modified_gmt":"2019-09-02T21:06:07","slug":"lainojen-yhdistaminen","status":"publish","type":"page","link":"https:\/\/loanstar.com\/fi\/lainojen-yhdistaminen\/","title":{"rendered":"Lainojen yhdist\u00e4minen"},"content":{"rendered":"<h2 id=\"scroll-0\">Lainojen yhdist\u00e4minen alusta loppuun<\/h2>\n<p>Usein kuulee nyky\u00e4\u00e4n puhuttavan lainojen yhdist\u00e4misest\u00e4, mutta kaikki eiv\u00e4t v\u00e4ltt\u00e4m\u00e4tt\u00e4 tied\u00e4, mit\u00e4 se oikeasti pit\u00e4\u00e4 sis\u00e4ll\u00e4\u00e4n. T\u00e4ss\u00e4 oppaassa tutustumme tarkemmin lainojen yhdist\u00e4miseen ja siihen liittyviin eri strategioihin. K\u00e4ymme l\u00e4pi eri mahdollisuuksia, jonka my\u00f6t\u00e4 voit selvitt\u00e4\u00e4, mik\u00e4 vaihtoehto sopii sinulle parhaiten.<\/p>\n<h2 id=\"scroll-1\">Mit\u00e4 yhdistelm\u00e4laina tarkoittaa?<\/h2>\n<p><img decoding=\"async\" loading=\"lazy\" class=\"alignright wp-image-245\" src=\"http:\/\/loanstar.com\/no\/wp-content\/uploads\/sites\/2\/2018\/09\/ill_body_13.svg\" alt=\"Hva-menes-med-refinansiering\" width=\"312\" height=\"150\" \/>Periaatteessa lainojen yhdist\u00e4misess\u00e4 on kyse aivan yksinkertaisesta asiasta. Otat uutta lainaa maksaaksesi pois jo olemassa olevat velkasi. On olemassa monia <a href=\"http:\/\/loanstar.com\/fi\/lainojen-yhdistaminen-3-tavanomaista-tilannetta\/\">eri tilanteita<\/a>, joissa t\u00e4llaiseen ratkaisuun p\u00e4\u00e4dyt\u00e4\u00e4n.<\/p>\n<p>Yksi n\u00e4ist\u00e4 liittyy lainakorkoihin. Jos sinulla on t\u00e4ll\u00e4 hetkell\u00e4 maksettavanasi melko korkealla korolla varustettu laina, voit j\u00e4rjest\u00e4\u00e4 lainasi uudelleen ja etsi\u00e4 sille paremman koron. Yhdist\u00e4 kaikki lainat, jolloin\u00a0 lainasi tulee halvemmaksi, joka puolestaan on tietysti taloutesi kannalta hyv\u00e4 asia.<\/p>\n<p>Jos olet ollut nykyisen pankkisi asiakas jo pitk\u00e4\u00e4n ja olet maksanut lainaa takaisin sovitun aikataulun mukaisesti, voi olla j\u00e4rkev\u00e4\u00e4 tiedustella pankilta mahdollisuutta matalampaan korkoon. Ajan kuluessa olet antanut itsest\u00e4si hyv\u00e4n kuvan lainaajana, jonka pohjalta voit pyyt\u00e4\u00e4 lainanmy\u00f6nt\u00e4j\u00e4\u00e4 suorittamaan uuden arvion lainasopimuksestasi. Jos lainanantaja ei ole kiinnostunut tulemaan asiassa vastaan, ota yhteytt\u00e4 muihin mahdollisiin lainayhti\u00f6ihin.<\/p>\n<p>Jos sinulle tarjotaan edullisempaa lainaa, kannattaa sinun k\u00e4ytt\u00e4\u00e4 hy\u00f6dyksesi mahdollisuus uudelleenj\u00e4rjest\u00e4\u00e4 jo olemassa oleva laina. Vaikka kyse onkin lainarahasta, ei ole mit\u00e4\u00e4n j\u00e4rke\u00e4 maksaa enemp\u00e4\u00e4 kuin sen, mik\u00e4 on tarpeen.<\/p>\n<p>Suomalaisten lainaajien keskuudessa yleisimpi\u00e4 ovat seuraavat tilanteet:<\/p>\n<div class=\"list-ticks-secondary\">\n<ul>\n<li>Kulutusluoton uudelleenrahoittaminen<\/li>\n<li><a href=\"http:\/\/loanstar.com\/fi\/lainaa\/pikavippi\/\">Pikavipin<\/a> uudelleenrahoittaminen<\/li>\n<li>Luottokorttivelkojen uudelleenrahoittaminen<\/li>\n<li>Asuntolainan uudelleenrahoittaminen<\/li>\n<\/ul>\n<\/div>\n<h3>Lainojen yhdist\u00e4misest\u00e4 on hy\u00f6ty\u00e4, jos lainoja on useampi kuin yksi<\/h3>\n<p>Onko sinulla enemm\u00e4n kuin yksi laina? Silloin lainojen yhdist\u00e4minen voi parantaa <a href=\"http:\/\/loanstar.com\/fi\/nain-saat-talouden-hallintaasi\/\">taloustilannettasi<\/a>. Yhdist\u00e4 kaikki lainat yhden suuremman lainan alaisuuteen, niin sinun ei tarvitse maksaa useampia lainanhoitomaksuja tai muita kuluja kuukausittain. Lis\u00e4ksi pystyt todenn\u00e4k\u00f6isesti neuvottelemaan lainallesi paremman koron.<\/p>\n<p>Kattavasta yleisn\u00e4kym\u00e4st\u00e4 on aina apua, eik\u00e4 sinun tarvitse k\u00e4sitell\u00e4 kuin yksi er\u00e4 kuukaudessa. T\u00e4m\u00e4 auttaa sinua hallitsemaan henkil\u00f6kohtaista talouttasi huomattavasti tehokkaammin. Siksi j\u00e4lleenrahoittaminen yhdeksi suureksi lainaksi on j\u00e4rkev\u00e4\u00e4 monessakin mieless\u00e4.<\/p>\n<h2 id=\"scroll-2\">Yhdist\u00e4 kaikki lainat<\/h2>\n<p><img decoding=\"async\" loading=\"lazy\" class=\"alignright wp-image-246\" src=\"http:\/\/loanstar.com\/no\/wp-content\/uploads\/sites\/2\/2018\/09\/ill_body_14.svg\" alt=\"Slik-kan-du-refinansiere-din-gjeld\" width=\"312\" height=\"150\" \/><a href=\"http:\/\/loanstar.com\/fi\/lainaa\/ilman-vakuuksia\/\">Vakuudettomien lainojen<\/a> markkinat ovat suorastaan r\u00e4j\u00e4ht\u00e4neet k\u00e4siin Suomessa viime vuosina. T\u00e4m\u00e4 tarkoittaa sit\u00e4, ett\u00e4 markkinoilla on yh\u00e4 useampia kilpailevia yhti\u00f6it\u00e4. Monet n\u00e4ist\u00e4 ovat my\u00f6s erikoistuneet yksinomaan lainojen yhdist\u00e4miseen.<\/p>\n<p>Sinun kannattaa lainaajana k\u00e4\u00e4nt\u00e4\u00e4 kova kilpailu hy\u00f6dyksesi. N\u00e4in saat mahdollisimman hyv\u00e4n koron ja kilpailukykyisen lainasopimuksen. Lainojen uudelleenj\u00e4rjestelyll\u00e4 voit s\u00e4\u00e4st\u00e4\u00e4 pitk\u00e4n pennin.<\/p>\n<h3>Kulutusluoton uudelleenj\u00e4rjestely<\/h3>\n<p>Kulutusluottoihin p\u00e4tee sama s\u00e4\u00e4nt\u00f6 kuin vakuutuksiin ja muihin vastaaviin \u2013 niiden suhteen kannattaa pysy\u00e4 ajan tasalla. N\u00e4in varmistat, ett\u00e4 lainoillasi on parhaat mahdolliset ehdot kaikkina aikoina.<\/p>\n<p>Jos huomaat, ett\u00e4 kulutusluotosta on tullut kalliimpi kuin markkinoilla yleens\u00e4, kannattaa sinun ehdottomasti selvitt\u00e4\u00e4, onko lainaa mahdollista j\u00e4rjestell\u00e4 uudelleen. Pid\u00e4 mieless\u00e4, ett\u00e4 vakuudettomilla lainoilla on verrattain korkeat efektiiviset korot. 15 % ja 25 % v\u00e4lille sijoittuvat lukemat ovat varsin tavanomaisia. Kun lainakorot ovat n\u00e4in korkeita, on niiden madaltumisella selke\u00e4 vaikutus lainan kokonaiskustannuksiin.<\/p>\n<p>Seuraavissa tilanteissa saattaa olla j\u00e4rkev\u00e4\u00e4 selvitt\u00e4\u00e4, onko kulutusluotolle mahdollista neuvotella parempia ehtoja:<\/p>\n<div class=\"list-ticks-secondary\">\n<ul>\n<li>Kun sinulla on ollut kulutusluottoa jo jonkin aikaa<\/li>\n<li>Kun talous on k\u00e4\u00e4ntynyt parempaan suuntaan<\/li>\n<li>Kun markkinoilla on tapahtunut muutoksia<\/li>\n<\/ul>\n<\/div>\n<p>Jos mik\u00e4\u00e4n n\u00e4ist\u00e4 p\u00e4tee omalla kohdallasi, saattaa olla korkea aika katsoa, olisiko lainojen uudelleenj\u00e4rjestelyst\u00e4 sinulle apua. Muista laskea t\u00e4m\u00e4nhetkisen lainasi kokonaiskustannukset ja vertailla sit\u00e4 saamiisi vaihtoehtoisiin tarjouksiin.<\/p>\n<h3>Pikavipin uudelleenj\u00e4rjestely<\/h3>\n<p>Pikavippi tai pienlaina on nimens\u00e4 mukaisesti pienempi <a href=\"http:\/\/loanstar.com\/fi\/lainaa\/kulutusluotto\/\">kulutusluotto<\/a>, joka on useimmiten suuruudeltaan noin 100 &#8211; 5 000 euron luokkaa. Pienempien lainasummien lainaaminen on helpompaa, joten monelle kertyy nopeasti useampia pieni\u00e4 lainoja maksettavaksi. Koska n\u00e4ill\u00e4 lainoilla on melko lyhyet takaisinmaksuajat, on niiss\u00e4 yleens\u00e4 korkeammat lainakorot. Usein yhden suuremman lainan takaisinmaksaminen tulee halvemmaksi verrattuna useamman pikkulainan maksamiseen.<\/p>\n<p>Pikavipit uudelleenrahoittamalla selkiyt\u00e4t omaa tilannettasi huomattavasti. Saat maksettavaksesi yhden kuukausittaisen maksun, eik\u00e4 sinun tarvitse en\u00e4\u00e4 maksaa kaksinkertaisia tai jopa moninkertaisia korkoja ja muita kuluja. Lis\u00e4ksi suuremmalle lainasummalle saa tavallisesti matalamman koron.<\/p>\n<p>Jos yhdist\u00e4t kaikki lainat ja laadit kunnollisen takaisinmaksusuunnitelman, on velasta mahdollista p\u00e4\u00e4st\u00e4 eroon nopeammin. Muista, ett\u00e4 korkokulujen lis\u00e4ksi lyhennykset ovat t\u00e4rke\u00e4 tekij\u00e4 lainakustannusten kannalta. Lyhennyksi\u00e4 kannattaa siis suorittaa niin paljon kuin suinkin mahdollista.<\/p>\n<p>Sis\u00e4llyt\u00e4 laskuihisi pikavipit t\u00e4m\u00e4n p\u00e4iv\u00e4n tilanteen mukaan sek\u00e4 kokonaiskustannusten ett\u00e4 kuukausittaisten maksuerien osalta. N\u00e4in sinun on helpompi arvioida ja suunnitella lainojen uudelleenj\u00e4rjestelemist\u00e4 ja n\u00e4hd\u00e4, paljonko sinun on mahdollista s\u00e4\u00e4st\u00e4\u00e4.<\/p>\n<h3>Luottokorttivelkojen uudelleenj\u00e4rjestely<\/h3>\n<p><img decoding=\"async\" loading=\"lazy\" class=\"alignright wp-image-245\" src=\"http:\/\/loanstar.com\/no\/wp-content\/uploads\/sites\/2\/2018\/09\/ill_body_13.svg\" alt=\"Refinansiering-av-kredittkort\" width=\"312\" height=\"150\" \/>Luottokortit voivat olla fiksu taloudellinen ty\u00f6kalu, jos niit\u00e4 k\u00e4ytet\u00e4\u00e4n oikein. S\u00e4\u00e4st\u00e4t korkoa kertyneiden kulujen maksamisesta kerran kuukaudessa ja lis\u00e4ksi saat hyvi\u00e4 alennuksia k\u00e4ytt\u00e4m\u00e4ll\u00e4 luottokortteja viisaasti. T\u00e4m\u00e4n takia monet suomalaiset valitsevat luottokortin. Ongelmia syntyy l\u00e4hinn\u00e4 sellaisissa tilanteissa, joissa luottokorttia k\u00e4ytt\u00e4neell\u00e4 ei olekaan rahaa maksaa luottokorttilaskua sen saapuessa.<\/p>\n<p>Kuten varmaankin tied\u00e4t, ovat luottokortit yleens\u00e4 maksuttomia, mutta jos kuluttoman koron ajan ylitt\u00e4\u00e4, alkaa luottokorttiveloille kerty\u00e4 korkoa maksettavaksi. Koska luottokorttilaskuista voi halutessaan maksaa vain minimisumman, alkavat monet lykk\u00e4\u00e4m\u00e4\u00e4n luottokorttilaskujensa maksamista t\u00e4ll\u00e4 tavalla. Pitk\u00e4ll\u00e4 aikav\u00e4lill\u00e4 toiminta k\u00e4y kuitenkin kalliiksi.<\/p>\n<p>T\u00e4llaisissa tilanteissa on yleens\u00e4 fiksumpaa j\u00e4rjest\u00e4\u00e4 luottokorttivelka uudelleen. N\u00e4in saat todenn\u00e4k\u00f6isesti matalamman koron velallesi. Lis\u00e4ksi voit neuvotella lainayhti\u00f6n kanssa maksettavaksi uudet kiinte\u00e4t maksut, joka takaa sen, ett\u00e4 todellakin maksat luottokorttivelkaasi pois.<\/p>\n<h3>Asuntolainan uudelleenj\u00e4rjestely<\/h3>\n<p>Asuntolaina on yleens\u00e4 suurin laina, jonka ihmiset ottavat el\u00e4m\u00e4ss\u00e4\u00e4n. On varottava ottamasta <a href=\"https:\/\/www.is.fi\/taloussanomat\/art-2000001708397.html\" target=\"_blank\" rel=\"noopener noreferrer\">liian suurta asuntolainaa<\/a>, mutta toisaalta on hyv\u00e4 muistaa, ett\u00e4 jo otetun asuntolainan j\u00e4rjesteleminen uudelleen voi olla mahdollisuus hankalassa tilanteessa. N\u00e4iss\u00e4 lainoissa asunto toimii vakuutena, joka tarkoittaa sit\u00e4, ett\u00e4 niiss\u00e4 on huomattavasti matalammat korot kuin kulutusluotoissa. N\u00e4m\u00e4 lainat ovat kuitenkin my\u00f6s kalliita, sil\u00e4 lainalimiitti on suuri ja takaisinmaksuaika yleens\u00e4 pitk\u00e4. Siksi jopa puolen prosentin tai yhden prosentin ero korossa voi olla todella merkitt\u00e4v\u00e4.<\/p>\n<p>Asuntolainan uudelleenj\u00e4rjestely on fiksua aloittaa ensin pankin kanssa keskustelemalla. Usein sen kautta on mahdollista neuvotella laina uudelleen, mutta lis\u00e4ksi kannattaa harkita muita lainavaihtoehtoja. \u00c4l\u00e4 pid\u00e4 itsest\u00e4\u00e4nselvyyten\u00e4 sit\u00e4, ett\u00e4 sinulla on parhaat mahdolliset ehdot neuvoteltuina. Useimmat pankit haluavat pit\u00e4\u00e4 kiinni asuntolaina-asiakkaistaan, joten jos sinulle tarjotaan parempi laina toisessa pankissa, voit k\u00e4ytt\u00e4\u00e4 sit\u00e4 neuvottelussa t\u00e4kyn\u00e4.<\/p>\n<h2 id=\"scroll-3\">Voiko lainat yhdist\u00e4m\u00e4ll\u00e4 s\u00e4\u00e4st\u00e4\u00e4 rahaa?<\/h2>\n<p>Lainojen uudelleenrahoittamisella voi s\u00e4\u00e4st\u00e4\u00e4 rahaa kahdella eri tavalla:<\/p>\n<div class=\"list-ticks-secondary\">\n<ol>\n<li>Matalampi korko ja alhaisemmat maksut<\/li>\n<li>Katon asettaminen henkil\u00f6kohtaiselle kulutukselle uudelleenrahoituksen yhteydess\u00e4<\/li>\n<\/ol>\n<\/div>\n<p>\u00c4l\u00e4 unohda lainojen yhdist\u00e4misen t\u00e4rkeint\u00e4 pointtia. Strategian tulee ennen kaikkea s\u00e4\u00e4st\u00e4\u00e4 rahaa, mieluiten mahdollisimman edullisella efektiivisell\u00e4 korolla. Jos yhdist\u00e4t useampia lainoja uudelleenrahoituksessa, s\u00e4\u00e4styy rahaa my\u00f6s maksujen v\u00e4hentymisen my\u00f6t\u00e4.<\/p>\n<p>Suurimmat s\u00e4\u00e4st\u00f6t vakuudettomista lainoista saadaan kuitenkin lyhent\u00e4m\u00e4ll\u00e4 takaisinmaksuaikaa. Kun korko on korkea ja <a href=\"https:\/\/yle.fi\/aihe\/artikkeli\/2017\/11\/01\/taloustietoa-mita-eroa-on-erilaisilla-lainoilla\" target=\"_blank\" rel=\"noopener noreferrer\">lainan lyhennystapana<\/a> on annuiteettilaina, korko lasketaan velan j\u00e4ljell\u00e4 olevan m\u00e4\u00e4r\u00e4n perusteella. Mit\u00e4 nopeammin lyhenn\u00e4t lainaa, sit\u00e4 v\u00e4hemm\u00e4n korkoa joudut maksamaan pidemm\u00e4ll\u00e4 aikav\u00e4lill\u00e4.<\/p>\n<p>T\u00e4ss\u00e4 mieless\u00e4 lainojen yhdist\u00e4minen on j\u00e4rkev\u00e4\u00e4 liitt\u00e4\u00e4 hyv\u00e4\u00e4n takaisinmaksusuunnitelmaan ja pyrki\u00e4 hankkiutumaan eroon veloista nopeammin kuin mit\u00e4 pankki vaatii.<\/p>\n<h2 id=\"scroll-4\">Kuinka yhdistelm\u00e4lainaa haetaan?<\/h2>\n<p><img decoding=\"async\" loading=\"lazy\" class=\"alignright wp-image-252\" src=\"http:\/\/loanstar.com\/no\/wp-content\/uploads\/sites\/2\/2018\/09\/ill_gen_1.svg\" alt=\"Slik-s\u00f8ker-du-om-refinansiering\" width=\"312\" height=\"150\" \/>Useimmat kulutusluottojen tarjoajat tarjoavat kulutusluottoja my\u00f6s uudelleenrahoittamistarkoitukseen \u2013 jotkut ovat jopa erikoistuneet t\u00e4h\u00e4n palveluun. Muista, ett\u00e4 kun j\u00e4lleenrahoitat vanhaa velkaa, voit saada pidemm\u00e4n takaisinmaksuajan kuin uuteen kulutusluottoon. On my\u00f6s tavallista, ett\u00e4 saat samalla edullisemman efektiivisen koron.<\/p>\n<p>Lainojen yhdist\u00e4mist\u00e4 haetaan samaan tapaan kuin kulutusluottoa. Voit k\u00e4ytt\u00e4\u00e4 vertailupalvelua avuksesi, sill\u00e4 se auttaa sinua l\u00f6yt\u00e4m\u00e4\u00e4n helposti sopivat pankit lainan hakemiseen. T\u00e4m\u00e4n tehty\u00e4si voit t\u00e4ytt\u00e4\u00e4 s\u00e4hk\u00f6isen hakemuslomakkeen, joka l\u00f6ytyy pankin verkkosivustolta.<\/p>\n<p>Sen sijaan, ett\u00e4 tutkisit itse markkinoita, voit halutessasi k\u00e4ytt\u00e4\u00e4 my\u00f6s lainanv\u00e4litt\u00e4j\u00e4\u00e4. T\u00e4ll\u00f6in hakemuksesi l\u00e4hetet\u00e4\u00e4n v\u00e4litt\u00e4j\u00e4n yhteisty\u00f6kumppaneille, joilta saat vastineeksi parhaat tarjoukset. Palvelut ovat maksuttomia, eiv\u00e4tk\u00e4 sido mihink\u00e4\u00e4n.<\/p>\n<p>Kun olet valinnut haluamasi lainan, voit k\u00e4ytt\u00e4\u00e4 uutta lainasummaa nykyisen velkasi maksamiseen. Suurin osa velkojista auttaa sinua t\u00e4ss\u00e4 prosessissa. Yhdist\u00e4 kaikki lainat, \u00e4l\u00e4k\u00e4 murehdi turhia; sinun ei tarvitse tehd\u00e4 muuta kuin ryhty\u00e4 maksamaan kuukausieri\u00e4 sovitulla aikataululla.<\/p>\n<h2 id=\"scroll-5\">Yhteenveto: Lainojen yhdist\u00e4minen<\/h2>\n<p><img decoding=\"async\" loading=\"lazy\" class=\"alignright wp-image-39\" src=\"http:\/\/loanstar.com\/no\/wp-content\/uploads\/sites\/2\/2018\/09\/ico-section-description-img-1.svg\" alt=\"Refinansiering-oppsummert\" width=\"312\" height=\"133\" \/><strong>Yhdistelm\u00e4laina on strategia, jolla pyrit\u00e4\u00e4n v\u00e4hent\u00e4m\u00e4\u00e4n lainasta koituvia kuluja. K\u00e4yt\u00e4nn\u00f6ss\u00e4 olemassa oleva velka siirret\u00e4\u00e4n uuteen lainaan jonka ehdot ovat parempia kuin edellisess\u00e4 lainassa. <\/strong><\/p>\n<p><strong>Kulutusluottojen, pikavippien, luottokorttilainojen ja asuntolainojen j\u00e4lleenrahoittaminen on yleist\u00e4. Kaikkia n\u00e4it\u00e4 yhdist\u00e4\u00e4 se, ett\u00e4 takaisinmaksuajan lyhent\u00e4minen lis\u00e4\u00e4 s\u00e4\u00e4st\u00f6j\u00e4.<\/strong><\/p>\n<p>Jos sinulla on useita lainoja maksettavanasi, on lainojen yhdist\u00e4minen l\u00e4hes aina kannattava ratkaisu ja maksaa itsens\u00e4 takaisin ennen pitk\u00e4\u00e4. Yhdist\u00e4 kaikki lainat, niin sinun ei tarvitse maksaa kaksinkertaisia kuluja ja useimmissa tapauksissa saat my\u00f6s edullisemman lainakoron.<\/p>\n<p>Jotta saataisiin paras mahdollinen yhdistelm\u00e4lainatarjous, on suositeltavaa k\u00e4ytt\u00e4\u00e4 lainanv\u00e4litt\u00e4j\u00e4\u00e4 hakemusprosessin aikana. T\u00e4m\u00e4 ilmainen palvelu antaa sinulle hyv\u00e4n yleiskuvan markkinoista sek\u00e4 kilpailukykyisen efektiivisen koron.<\/p>\n","protected":false},"excerpt":{"rendered":"<p>Lainojen yhdist\u00e4minen alusta loppuun Usein kuulee nyky\u00e4\u00e4n puhuttavan lainojen yhdist\u00e4misest\u00e4, mutta kaikki eiv\u00e4t v\u00e4ltt\u00e4m\u00e4tt\u00e4 tied\u00e4, mit\u00e4 se oikeasti pit\u00e4\u00e4 sis\u00e4ll\u00e4\u00e4n&#8230;.<\/p>\n","protected":false},"author":4,"featured_media":0,"parent":0,"menu_order":0,"comment_status":"closed","ping_status":"closed","template":"templates\/calculator-main.php","meta":{"footnotes":""},"yoast_head":"<!-- This site is optimized with the Yoast SEO plugin v21.0 - https:\/\/yoast.com\/wordpress\/plugins\/seo\/ -->\n<title>Lainojen yhdist\u00e4minen - LoanStar Suomi<\/title>\n<meta name=\"description\" content=\"Jos sinulla on useita lainoja, voi lainojen yhdist\u00e4minen olla hyv\u00e4 ratkaisu. Yhdist\u00e4 kaikki lainat, etsi hyv\u00e4 korko ja hankkiudu eroon turhista kuluista.\" \/>\n<meta name=\"robots\" content=\"index, follow, max-snippet:-1, max-image-preview:large, max-video-preview:-1\" \/>\n<link rel=\"canonical\" href=\"https:\/\/loanstar.com\/fi\/lainojen-yhdistaminen\/\" \/>\n<meta property=\"og:locale\" content=\"fi_FI\" \/>\n<meta property=\"og:type\" content=\"article\" \/>\n<meta property=\"og:title\" content=\"Lainojen yhdist\u00e4minen - LoanStar Suomi\" \/>\n<meta property=\"og:description\" content=\"Jos sinulla on useita lainoja, voi lainojen yhdist\u00e4minen olla hyv\u00e4 ratkaisu. Yhdist\u00e4 kaikki lainat, etsi hyv\u00e4 korko ja hankkiudu eroon turhista kuluista.\" \/>\n<meta property=\"og:url\" content=\"https:\/\/loanstar.com\/fi\/lainojen-yhdistaminen\/\" \/>\n<meta property=\"og:site_name\" content=\"LoanStar Suomi\" \/>\n<meta property=\"article:modified_time\" content=\"2019-09-02T21:06:07+00:00\" \/>\n<meta property=\"og:image\" content=\"http:\/\/loanstar.com\/no\/wp-content\/uploads\/sites\/2\/2018\/09\/ill_body_13.svg\" \/>\n<meta name=\"twitter:card\" content=\"summary_large_image\" \/>\n<meta name=\"twitter:label1\" content=\"Arvioitu lukuaika\" \/>\n\t<meta name=\"twitter:data1\" content=\"7 minuuttia\" \/>\n<script type=\"application\/ld+json\" class=\"yoast-schema-graph\">{\"@context\":\"https:\/\/schema.org\",\"@graph\":[{\"@type\":\"WebPage\",\"@id\":\"https:\/\/loanstar.com\/fi\/lainojen-yhdistaminen\/\",\"url\":\"https:\/\/loanstar.com\/fi\/lainojen-yhdistaminen\/\",\"name\":\"Lainojen yhdist\u00e4minen - LoanStar Suomi\",\"isPartOf\":{\"@id\":\"https:\/\/loanstar.com\/fi\/#website\"},\"datePublished\":\"2019-09-01T20:13:42+00:00\",\"dateModified\":\"2019-09-02T21:06:07+00:00\",\"description\":\"Jos sinulla on useita lainoja, voi lainojen yhdist\u00e4minen olla hyv\u00e4 ratkaisu. Yhdist\u00e4 kaikki lainat, etsi hyv\u00e4 korko ja hankkiudu eroon turhista kuluista.\",\"breadcrumb\":{\"@id\":\"https:\/\/loanstar.com\/fi\/lainojen-yhdistaminen\/#breadcrumb\"},\"inLanguage\":\"fi\",\"potentialAction\":[{\"@type\":\"ReadAction\",\"target\":[\"https:\/\/loanstar.com\/fi\/lainojen-yhdistaminen\/\"]}]},{\"@type\":\"BreadcrumbList\",\"@id\":\"https:\/\/loanstar.com\/fi\/lainojen-yhdistaminen\/#breadcrumb\",\"itemListElement\":[{\"@type\":\"ListItem\",\"position\":1,\"name\":\"Suomi\",\"item\":\"https:\/\/loanstar.com\/fi\/\"},{\"@type\":\"ListItem\",\"position\":2,\"name\":\"Lainojen yhdist\u00e4minen\"}]},{\"@type\":\"WebSite\",\"@id\":\"https:\/\/loanstar.com\/fi\/#website\",\"url\":\"https:\/\/loanstar.com\/fi\/\",\"name\":\"LoanStar Suomi\",\"description\":\"Vertaa lainoja\",\"potentialAction\":[{\"@type\":\"SearchAction\",\"target\":{\"@type\":\"EntryPoint\",\"urlTemplate\":\"https:\/\/loanstar.com\/fi\/?s={search_term_string}\"},\"query-input\":\"required name=search_term_string\"}],\"inLanguage\":\"fi\"}]}<\/script>\n<!-- \/ Yoast SEO plugin. -->","yoast_head_json":{"title":"Lainojen yhdist\u00e4minen - LoanStar Suomi","description":"Jos sinulla on useita lainoja, voi lainojen yhdist\u00e4minen olla hyv\u00e4 ratkaisu. Yhdist\u00e4 kaikki lainat, etsi hyv\u00e4 korko ja hankkiudu eroon turhista kuluista.","robots":{"index":"index","follow":"follow","max-snippet":"max-snippet:-1","max-image-preview":"max-image-preview:large","max-video-preview":"max-video-preview:-1"},"canonical":"https:\/\/loanstar.com\/fi\/lainojen-yhdistaminen\/","og_locale":"fi_FI","og_type":"article","og_title":"Lainojen yhdist\u00e4minen - LoanStar Suomi","og_description":"Jos sinulla on useita lainoja, voi lainojen yhdist\u00e4minen olla hyv\u00e4 ratkaisu. Yhdist\u00e4 kaikki lainat, etsi hyv\u00e4 korko ja hankkiudu eroon turhista kuluista.","og_url":"https:\/\/loanstar.com\/fi\/lainojen-yhdistaminen\/","og_site_name":"LoanStar Suomi","article_modified_time":"2019-09-02T21:06:07+00:00","og_image":[{"url":"http:\/\/loanstar.com\/no\/wp-content\/uploads\/sites\/2\/2018\/09\/ill_body_13.svg"}],"twitter_card":"summary_large_image","twitter_misc":{"Arvioitu lukuaika":"7 minuuttia"},"schema":{"@context":"https:\/\/schema.org","@graph":[{"@type":"WebPage","@id":"https:\/\/loanstar.com\/fi\/lainojen-yhdistaminen\/","url":"https:\/\/loanstar.com\/fi\/lainojen-yhdistaminen\/","name":"Lainojen yhdist\u00e4minen - LoanStar Suomi","isPartOf":{"@id":"https:\/\/loanstar.com\/fi\/#website"},"datePublished":"2019-09-01T20:13:42+00:00","dateModified":"2019-09-02T21:06:07+00:00","description":"Jos sinulla on useita lainoja, voi lainojen yhdist\u00e4minen olla hyv\u00e4 ratkaisu. Yhdist\u00e4 kaikki lainat, etsi hyv\u00e4 korko ja hankkiudu eroon turhista kuluista.","breadcrumb":{"@id":"https:\/\/loanstar.com\/fi\/lainojen-yhdistaminen\/#breadcrumb"},"inLanguage":"fi","potentialAction":[{"@type":"ReadAction","target":["https:\/\/loanstar.com\/fi\/lainojen-yhdistaminen\/"]}]},{"@type":"BreadcrumbList","@id":"https:\/\/loanstar.com\/fi\/lainojen-yhdistaminen\/#breadcrumb","itemListElement":[{"@type":"ListItem","position":1,"name":"Suomi","item":"https:\/\/loanstar.com\/fi\/"},{"@type":"ListItem","position":2,"name":"Lainojen yhdist\u00e4minen"}]},{"@type":"WebSite","@id":"https:\/\/loanstar.com\/fi\/#website","url":"https:\/\/loanstar.com\/fi\/","name":"LoanStar Suomi","description":"Vertaa lainoja","potentialAction":[{"@type":"SearchAction","target":{"@type":"EntryPoint","urlTemplate":"https:\/\/loanstar.com\/fi\/?s={search_term_string}"},"query-input":"required name=search_term_string"}],"inLanguage":"fi"}]}},"_links":{"self":[{"href":"https:\/\/loanstar.com\/fi\/wp-json\/wp\/v2\/pages\/539"}],"collection":[{"href":"https:\/\/loanstar.com\/fi\/wp-json\/wp\/v2\/pages"}],"about":[{"href":"https:\/\/loanstar.com\/fi\/wp-json\/wp\/v2\/types\/page"}],"author":[{"embeddable":true,"href":"https:\/\/loanstar.com\/fi\/wp-json\/wp\/v2\/users\/4"}],"replies":[{"embeddable":true,"href":"https:\/\/loanstar.com\/fi\/wp-json\/wp\/v2\/comments?post=539"}],"version-history":[{"count":1,"href":"https:\/\/loanstar.com\/fi\/wp-json\/wp\/v2\/pages\/539\/revisions"}],"predecessor-version":[{"id":540,"href":"https:\/\/loanstar.com\/fi\/wp-json\/wp\/v2\/pages\/539\/revisions\/540"}],"wp:attachment":[{"href":"https:\/\/loanstar.com\/fi\/wp-json\/wp\/v2\/media?parent=539"}],"curies":[{"name":"wp","href":"https:\/\/api.w.org\/{rel}","templated":true}]}}