{"id":274,"date":"2018-10-25T12:02:49","date_gmt":"2018-10-25T12:02:49","guid":{"rendered":"http:\/\/loanstar.com\/fi\/?page_id=274"},"modified":"2019-08-17T03:37:58","modified_gmt":"2019-08-17T00:37:58","slug":"tietosuojakaytanto","status":"publish","type":"page","link":"https:\/\/loanstar.com\/fi\/tietosuojakaytanto\/","title":{"rendered":"Tietosuojak\u00e4yt\u00e4nt\u00f6"},"content":{"rendered":"<p>P\u00e4ivitetty: 18.5.2019<\/p>\n<p><strong>Digital Takeover, LTD<\/strong> (&#8221;me&#8221;, &#8221;me&#8221; tai &#8221;meid\u00e4n&#8221;) k\u00e4ytt\u00e4\u00e4 http:\/\/loanstar.com -sivustoa (&#8221;Palvelu&#8221;).<\/p>\n<p>T\u00e4ll\u00e4 sivulla kerrotaan henkil\u00f6tietojesi ker\u00e4\u00e4misest\u00e4, k\u00e4yt\u00f6st\u00e4 ja n\u00e4ytt\u00e4misest\u00e4 silloin, kun k\u00e4yt\u00e4t Palveluamme ja siihen liittyvi\u00e4 vaihtoehtoja.<\/p>\n<p>K\u00e4yt\u00e4mme tietojasi tarjotaksemme ja parantaaksemme Palvelua. K\u00e4ytt\u00e4ess\u00e4si Palvelua suostut tietojen ker\u00e4\u00e4miseen ja k\u00e4ytt\u00e4miseen t\u00e4m\u00e4n k\u00e4yt\u00e4nn\u00f6n mukaisesti.<\/p>\n<p>Ellei toisin m\u00e4\u00e4ritell\u00e4, t\u00e4ss\u00e4 tietosuojak\u00e4yt\u00e4nn\u00f6ss\u00e4 k\u00e4ytetyill\u00e4 termeill\u00e4 on samat merkitykset kuin k\u00e4ytt\u00f6ehdoissa, joihin voi tutustua osoitteessa http:\/\/loanstar.com.<\/p>\n<h2>Tiedonkeruu ja k\u00e4ytt\u00f6<\/h2>\n<p>Ker\u00e4\u00e4mme \u200b\u200btietoja monenlaisiin tarkoituksiin tarjotaksemme ja parantaaksemme sinulle tarjottavaa Palvelua.<\/p>\n<h3>Ker\u00e4ttyjen tietojen tyypit<\/h3>\n<h4>1. Henkil\u00f6kohtaiset tiedot<\/h4>\n<p>Palvelua k\u00e4ytt\u00e4ess\u00e4si saatamme pyyt\u00e4\u00e4 sinulta joitain henkil\u00f6kohtaisia \u200b\u200btietojasi, joita tarvitaan yhteyden muodostamiseen tai tunnistautumiseen (&#8221;Henkil\u00f6kohtaiset tiedot&#8221;). Henkil\u00f6kohtaisesti tunnistettavissa oleva tieto voi sis\u00e4lt\u00e4\u00e4 muun muassa seuraavaa:<\/p>\n<ul>\n<li>S\u00e4hk\u00f6postiosoite<\/li>\n<li>Etunimi ja sukunimi<\/li>\n<li>Ev\u00e4steet ja k\u00e4ytt\u00f6tiedot<\/li>\n<\/ul>\n<h4>2. K\u00e4ytt\u00f6tiedot<\/h4>\n<p>Voimme my\u00f6s ker\u00e4t\u00e4 palvelun k\u00e4ytt\u00e4miseen liittyvi\u00e4 tietoja (&#8221;K\u00e4ytt\u00f6tiedot&#8221;). K\u00e4ytt\u00f6tiedot voivat sis\u00e4lt\u00e4\u00e4 tietoja koskien esimerkiksi tietokoneen internet-protokollan osoitetta (esim. IP-osoitetta), selaintyyppi\u00e4, selainversiota, vierailemasi Palvelun verkkosivuja, vierailun p\u00e4iv\u00e4m\u00e4\u00e4r\u00e4\u00e4 ja kellonaikaa, kyseisill\u00e4 sivuilla vietetty\u00e4 aikaa, ainutlaatuisia laitetunnisteita ja muita diagnostisia tietoja.<\/p>\n<h4>3. Seuranta &amp; ev\u00e4steiden tiedot<\/h4>\n<p>K\u00e4yt\u00e4mme ev\u00e4steit\u00e4 ja vastaavia seurantaty\u00f6kaluja seurataksemme palvelumme toimintaa ja saadaksemme tietoomme tarvittavia tietoja.<\/p>\n<p>Ev\u00e4steet ovat tiedostoja, joissa pieni m\u00e4\u00e4r\u00e4 tietoja voi sis\u00e4lt\u00e4\u00e4 nimett\u00f6m\u00e4n yksil\u00f6llisen tunnisteen. Ev\u00e4steet l\u00e4hetet\u00e4\u00e4n selaimeesi verkkosivustolta ja tallennetaan laitteellesi. Seurantatekniikoita k\u00e4ytet\u00e4\u00e4n my\u00f6s j\u00e4ljitteiden, tunnisteiden ja komentosarjojen sis\u00e4lt\u00e4mien tietojen ker\u00e4\u00e4miseen ja seuraamiseen sek\u00e4 Palvelun parantamiseen ja analysointiin.<\/p>\n<p>Voit ohjata selaimesi kielt\u00e4m\u00e4\u00e4n kaikki ev\u00e4steet tai ilmoittamaan, kun ev\u00e4ste l\u00e4hetet\u00e4\u00e4n. Jos et hyv\u00e4ksy ev\u00e4steit\u00e4, et v\u00e4ltt\u00e4m\u00e4tt\u00e4 pysty k\u00e4ytt\u00e4m\u00e4\u00e4n joitain Palvelumme osia.<\/p>\n<p>Esimerkkej\u00e4 k\u00e4ytetyist\u00e4 ev\u00e4steist\u00e4:<\/p>\n<ul>\n<li><strong>Istunnon ev\u00e4steet:<\/strong>\u00a0K\u00e4yt\u00e4mme istuntojen ev\u00e4steit\u00e4 Palvelun aikana.<\/li>\n<li><strong>Etusijaiset ev\u00e4steet:<\/strong>\u00a0K\u00e4yt\u00e4mme Preference Cookies -ohjelmaa muistaaksemme mieltymyksesi ja erilaiset asetukset.<\/li>\n<li><strong>Turvaev\u00e4steet:<\/strong>\u00a0K\u00e4yt\u00e4mme suojauskoodeja turvallisuussyist\u00e4.<\/li>\n<\/ul>\n<h2>Tietojen k\u00e4ytt\u00f6<\/h2>\n<p>Digital Takeover, LTD k\u00e4ytt\u00e4\u00e4 ker\u00e4\u00e4mi\u00e4\u00e4n tietoja erilaisiin tarkoituksiin. N\u00e4ihin lukeutuvat:<\/p>\n<ul>\n<li>Palvelun tarjoaminen ja yll\u00e4pit\u00e4minen<\/li>\n<li>Palvelua koskevista muutoksista ilmoittaminen<\/li>\n<li>Mahdollisuus osallistua Palvelun vuorovaikutteisiin ominaisuuksiin niin halutessasi<\/li>\n<li>Asiakaspalvelun ja tuen tarjoaminen<\/li>\n<li>Analysointi tai muuten arvokkaiden tietojen hy\u00f6dynt\u00e4minen Palvelun parantamiseksi<\/li>\n<li>Palvelun k\u00e4yt\u00f6n seuraaminen<\/li>\n<li>Teknisten ongelmien tunnistaminen, est\u00e4minen ja k\u00e4sitteleminen<\/li>\n<\/ul>\n<h2>Tietojen siirto<\/h2>\n<p>Ker\u00e4\u00e4m\u00e4mme henkil\u00f6tiedot voidaan siirt\u00e4\u00e4 tai tallentaa asuinmaasi ulkopuolelle, jolloin sovellettava tietosuojalains\u00e4\u00e4d\u00e4nt\u00f6 saattaa olla erilainen.<\/p>\n<p>Mik\u00e4li k\u00e4yt\u00e4t palveluamme jossain muualla kuin Maltalla ja haluat luovuttaa meille tietojasi, ota huomioon, ett\u00e4 siirr\u00e4mme tietosi, henkil\u00f6tiedot mukaan lukien, Maltalla k\u00e4sitelt\u00e4v\u00e4ksi.<\/p>\n<p>Suostumalla t\u00e4h\u00e4n tietosuojak\u00e4yt\u00e4nt\u00f6\u00f6n ja l\u00e4hett\u00e4m\u00e4ll\u00e4 n\u00e4m\u00e4 tiedot ilmaiset hyv\u00e4ksyv\u00e4si kyseisen siirron.<\/p>\n<p>Digital Takeover, LTD toteuttaa kaikki tarvittavat toimenpiteet varmistaakseen, ett\u00e4 tietojasi k\u00e4sitell\u00e4\u00e4n luotettavasti ja t\u00e4m\u00e4n tietosuojak\u00e4yt\u00e4nn\u00f6n mukaisesti, ja ettei henkil\u00f6tietojasi siirret\u00e4 sellaiseen organisaatioon tai maahan, jossa ei ole voimassa asianmukaisia \u200b\u200bvalvontatoimia, mukaan lukien tietoihisi sovellettava tietoturva ja muut henkil\u00f6kohtaiset tiedot.<\/p>\n<h2>Tietojen luovuttaminen<\/h2>\n<h3>Lailliset vaatimukset<\/h3>\n<p>Digital Takeover, LTD voi perustella menettely\u00e4\u00e4n seuraavasti:<\/p>\n<ul>\n<li>Lakis\u00e4\u00e4teisen velvoitteen noudattaminen<\/li>\n<li>Digital Takeover, LTD:n oikeuksien tai omaisuuden suojaaminen tai puolustaminen<\/li>\n<li>Palvelun yhteydess\u00e4 tapahtuvien mahdollisten v\u00e4\u00e4rink\u00e4yt\u00f6sten est\u00e4minen tai tutkiminen<\/li>\n<li>Palvelun k\u00e4ytt\u00e4jien tai kansalaisten henkil\u00f6kohtaisen turvallisuuden suojaaminen<\/li>\n<li>Lakis\u00e4\u00e4teisen vastuun suojaaminen<\/li>\n<\/ul>\n<h2>Tietoturva<\/h2>\n<p>Tietoihisi kohdistuva tietoturva on meille t\u00e4rke\u00e4\u00e4, mutta muista, ettei mik\u00e4\u00e4n Internetin v\u00e4lityksell\u00e4 tapahtuva l\u00e4hetysmenetelm\u00e4 tai s\u00e4hk\u00f6inen tallennusmenetelm\u00e4 ole 100% turvallinen. Vaikka pyrimme k\u00e4ytt\u00e4m\u00e4\u00e4n kaupallisesti hyv\u00e4ksytt\u00e4vi\u00e4 keinoja henkil\u00f6tietojesi suojelemiseksi, emme voi kuitenkaan taata absoluuttista turvallisuutta.<\/p>\n<h2>Palveluntarjoajat<\/h2>\n<p>Voimme k\u00e4ytt\u00e4\u00e4 kolmannen osapuolen yrityksi\u00e4 ja yksityishenkil\u00f6it\u00e4 helpottamaan Palvelumme tarjoamista (&#8221;Palveluntarjoajat&#8221;), toimittamaan Palvelun puolestamme, suorittamaan Palveluun liittyvi\u00e4 muita toimia tai auttamaan meit\u00e4 analysoimaan Palvelumme k\u00e4ytt\u00f6\u00e4.<\/p>\n<p>N\u00e4m\u00e4 kolmannet osapuolet voivat k\u00e4ytt\u00e4\u00e4 henkil\u00f6tietojasi ainoastaan n\u00e4iden teht\u00e4vien suorittamiseen meid\u00e4n puolestamme, eik\u00e4 niill\u00e4 ole lupaa luovuttaa tai k\u00e4ytt\u00e4\u00e4 niit\u00e4 muuhun tarkoitukseen.<\/p>\n<h3>Analytics<\/h3>\n<p>Voimme k\u00e4ytt\u00e4\u00e4 kolmannen osapuolen palveluntarjoajia Palvelumme k\u00e4yt\u00f6n seuraamiseen ja analysoimiseen.<\/p>\n<ul>\n<li><strong>Google Analytics<\/strong><\/li>\n<\/ul>\n<p>Google Analytics on Googlen tarjoama verkkoanalyysipalvelu, joka seuraa ja raportoi verkkosivuston liikennett\u00e4. Google k\u00e4ytt\u00e4\u00e4 ker\u00e4ttyj\u00e4 tietoja seuratakseen ja valvoakseen Palvelun k\u00e4ytt\u00f6\u00e4. N\u00e4m\u00e4 tiedot jaetaan muiden Googlen palveluiden kanssa. Google voi k\u00e4ytt\u00e4\u00e4 ker\u00e4ttyj\u00e4 tietoja oman mainosverkostonsa mainostekniikoihin ja mukauttamiseen.<\/p>\n<p>Voit est\u00e4\u00e4 Google Analyticsin seuraamisen asentamalla Google Analyticsin opt-out-selaimen lis\u00e4osan. Lis\u00e4osa est\u00e4\u00e4 Google Analyticsin JavaScript-palvelua (ga.js, analytics.js ja dc.js) jakamasta tietoja koskien Google Analyticsin vierailujen toimintaa.<\/p>\n<p>Lis\u00e4tietoja Googlen tietosuojak\u00e4yt\u00e4nn\u00f6ist\u00e4 l\u00f6yd\u00e4t Googlen tietosuojaa ja ehtoja k\u00e4sittelev\u00e4lt\u00e4 verkkosivustolta: <a href=\"https:\/\/policies.google.com\/privacy?hl=fi\">https:\/\/policies.google.com\/privacy?hl=fi<\/a>.<\/p>\n<h2>Linkit muille sivustoille<\/h2>\n<p>Palvelumme voi sis\u00e4lt\u00e4\u00e4 linkkej\u00e4 muiden tahojen yll\u00e4pit\u00e4mille sivustoille. T\u00e4llaista linkki\u00e4 napsauttamalla sinut ohjataan kolmannen osapuolen sivustolle. Suosittelemme, ett\u00e4 tutustut jokaisen sivuston kohdalla tietosuojak\u00e4yt\u00e4nt\u00f6\u00f6n erikseen.<\/p>\n<p>Emme valvo tai ole vastuussa kolmannen osapuolen sivustojen tai palveluiden sis\u00e4ll\u00f6st\u00e4, tietosuojak\u00e4yt\u00e4nn\u00f6ist\u00e4 tai k\u00e4yt\u00e4nn\u00f6ist\u00e4.<\/p>\n<h2>Lasten tietosuoja<\/h2>\n<p>Palvelumme ei koske alle 18-vuotiaita (&#8221;Lapset&#8221;).<\/p>\n<p>Emme tietoisesti ker\u00e4\u00e4 henkil\u00f6kohtaisia \u200b\u200btietoja alle 18-vuotiailta henkil\u00f6ilt\u00e4. Jos olet vanhempi tai huoltaja ja olet tietoinen siit\u00e4, ett\u00e4 lapsesi on toimittanut meille henkil\u00f6kohtaisia \u200b\u200btietoja, ota meihin yhteytt\u00e4. Jos saamme tietoomme, ett\u00e4 olemme ker\u00e4nneet henkil\u00f6tietoja lapsilta ilman vanhempien suostumusta, pyrimme poistamaan tiedot palvelimiltamme.<\/p>\n<h2>Muutokset t\u00e4h\u00e4n tietosuojak\u00e4yt\u00e4nt\u00f6\u00f6n<\/h2>\n<p>Saatamme p\u00e4ivitt\u00e4\u00e4 tietosuojak\u00e4yt\u00e4nt\u00f6\u00e4mme ajoittain. Ilmoitamme sinulle mahdollisista muutoksista julkaisemalla uuden tietosuojak\u00e4yt\u00e4nn\u00f6n t\u00e4ll\u00e4 sivulla.<\/p>\n<p>Ilmoitamme sinulle s\u00e4hk\u00f6postitse Palveluamme koskevista muutoksista ennen muutoksen voimaantuloa. Pid\u00e4mme t\u00e4m\u00e4n tietosuojak\u00e4yt\u00e4nn\u00f6n yl\u00e4osasta l\u00f6ytyv\u00e4n &#8221;P\u00e4ivitetty&#8221;-tiedon ajan tasalla.<\/p>\n<p>Kehotamme sinua tutustumaan t\u00e4h\u00e4n tietosuojak\u00e4yt\u00e4nt\u00f6\u00f6n s\u00e4\u00e4nn\u00f6llisesti mahdollisten muutosten varalta. T\u00e4m\u00e4n tietosuojak\u00e4yt\u00e4nn\u00f6n muutokset ovat voimassa, kun ne on lis\u00e4tty t\u00e4lle sivulle.<\/p>\n<h2>Ota meihin yhteytt\u00e4<\/h2>\n<p>Jos sinulla on kysytt\u00e4v\u00e4\u00e4 t\u00e4st\u00e4 tietosuojak\u00e4yt\u00e4nn\u00f6st\u00e4, ota meihin yhteytt\u00e4.<\/p>\n<p>S\u00e4hk\u00f6posti: hi@digitaltakeover.org<\/p>\n","protected":false},"excerpt":{"rendered":"<p>P\u00e4ivitetty: 18.5.2019 Digital Takeover, LTD (&#8221;me&#8221;, &#8221;me&#8221; tai &#8221;meid\u00e4n&#8221;) k\u00e4ytt\u00e4\u00e4 http:\/\/loanstar.com -sivustoa (&#8221;Palvelu&#8221;). T\u00e4ll\u00e4 sivulla kerrotaan henkil\u00f6tietojesi ker\u00e4\u00e4misest\u00e4, k\u00e4yt\u00f6st\u00e4 ja&#8230;<\/p>\n","protected":false},"author":1,"featured_media":0,"parent":0,"menu_order":0,"comment_status":"closed","ping_status":"closed","template":"templates\/terms-of-use.php","meta":{"footnotes":""},"yoast_head":"<!-- This site is optimized with the Yoast SEO plugin v21.0 - https:\/\/yoast.com\/wordpress\/plugins\/seo\/ -->\n<title>Tietosuojak\u00e4yt\u00e4nt\u00f6 ja sen soveltaminen Loanstarilla - LoanStar Suomi<\/title>\n<meta name=\"description\" content=\"T\u00e4m\u00e4n sivun aiheena on tietosuojak\u00e4yt\u00e4nt\u00f6, kuten esimerkiksi henkil\u00f6tietojesi ker\u00e4\u00e4minen ja k\u00e4ytt\u00e4minen Palvelumme tarjoamisen yhteydess\u00e4.\" \/>\n<meta name=\"robots\" content=\"index, follow, max-snippet:-1, max-image-preview:large, max-video-preview:-1\" \/>\n<link rel=\"canonical\" href=\"https:\/\/loanstar.com\/fi\/tietosuojakaytanto\/\" \/>\n<meta property=\"og:locale\" content=\"fi_FI\" \/>\n<meta property=\"og:type\" content=\"article\" \/>\n<meta property=\"og:title\" content=\"Tietosuojak\u00e4yt\u00e4nt\u00f6 ja sen soveltaminen Loanstarilla - LoanStar Suomi\" \/>\n<meta property=\"og:description\" content=\"T\u00e4m\u00e4n sivun aiheena on tietosuojak\u00e4yt\u00e4nt\u00f6, kuten esimerkiksi henkil\u00f6tietojesi ker\u00e4\u00e4minen ja k\u00e4ytt\u00e4minen Palvelumme tarjoamisen yhteydess\u00e4.\" \/>\n<meta property=\"og:url\" content=\"https:\/\/loanstar.com\/fi\/tietosuojakaytanto\/\" \/>\n<meta property=\"og:site_name\" content=\"LoanStar Suomi\" \/>\n<meta property=\"article:modified_time\" content=\"2019-08-17T00:37:58+00:00\" \/>\n<meta name=\"twitter:card\" content=\"summary_large_image\" \/>\n<meta name=\"twitter:label1\" content=\"Arvioitu lukuaika\" \/>\n\t<meta name=\"twitter:data1\" content=\"5 minuuttia\" \/>\n<script type=\"application\/ld+json\" class=\"yoast-schema-graph\">{\"@context\":\"https:\/\/schema.org\",\"@graph\":[{\"@type\":\"WebPage\",\"@id\":\"https:\/\/loanstar.com\/fi\/tietosuojakaytanto\/\",\"url\":\"https:\/\/loanstar.com\/fi\/tietosuojakaytanto\/\",\"name\":\"Tietosuojak\u00e4yt\u00e4nt\u00f6 ja sen soveltaminen Loanstarilla - LoanStar Suomi\",\"isPartOf\":{\"@id\":\"https:\/\/loanstar.com\/fi\/#website\"},\"datePublished\":\"2018-10-25T12:02:49+00:00\",\"dateModified\":\"2019-08-17T00:37:58+00:00\",\"description\":\"T\u00e4m\u00e4n sivun aiheena on tietosuojak\u00e4yt\u00e4nt\u00f6, kuten esimerkiksi henkil\u00f6tietojesi ker\u00e4\u00e4minen ja k\u00e4ytt\u00e4minen Palvelumme tarjoamisen yhteydess\u00e4.\",\"breadcrumb\":{\"@id\":\"https:\/\/loanstar.com\/fi\/tietosuojakaytanto\/#breadcrumb\"},\"inLanguage\":\"fi\",\"potentialAction\":[{\"@type\":\"ReadAction\",\"target\":[\"https:\/\/loanstar.com\/fi\/tietosuojakaytanto\/\"]}]},{\"@type\":\"BreadcrumbList\",\"@id\":\"https:\/\/loanstar.com\/fi\/tietosuojakaytanto\/#breadcrumb\",\"itemListElement\":[{\"@type\":\"ListItem\",\"position\":1,\"name\":\"Suomi\",\"item\":\"https:\/\/loanstar.com\/fi\/\"},{\"@type\":\"ListItem\",\"position\":2,\"name\":\"Tietosuojak\u00e4yt\u00e4nt\u00f6\"}]},{\"@type\":\"WebSite\",\"@id\":\"https:\/\/loanstar.com\/fi\/#website\",\"url\":\"https:\/\/loanstar.com\/fi\/\",\"name\":\"LoanStar Suomi\",\"description\":\"Vertaa lainoja\",\"potentialAction\":[{\"@type\":\"SearchAction\",\"target\":{\"@type\":\"EntryPoint\",\"urlTemplate\":\"https:\/\/loanstar.com\/fi\/?s={search_term_string}\"},\"query-input\":\"required name=search_term_string\"}],\"inLanguage\":\"fi\"}]}<\/script>\n<!-- \/ Yoast SEO plugin. -->","yoast_head_json":{"title":"Tietosuojak\u00e4yt\u00e4nt\u00f6 ja sen soveltaminen Loanstarilla - LoanStar Suomi","description":"T\u00e4m\u00e4n sivun aiheena on tietosuojak\u00e4yt\u00e4nt\u00f6, kuten esimerkiksi henkil\u00f6tietojesi ker\u00e4\u00e4minen ja k\u00e4ytt\u00e4minen Palvelumme tarjoamisen yhteydess\u00e4.","robots":{"index":"index","follow":"follow","max-snippet":"max-snippet:-1","max-image-preview":"max-image-preview:large","max-video-preview":"max-video-preview:-1"},"canonical":"https:\/\/loanstar.com\/fi\/tietosuojakaytanto\/","og_locale":"fi_FI","og_type":"article","og_title":"Tietosuojak\u00e4yt\u00e4nt\u00f6 ja sen soveltaminen Loanstarilla - LoanStar Suomi","og_description":"T\u00e4m\u00e4n sivun aiheena on tietosuojak\u00e4yt\u00e4nt\u00f6, kuten esimerkiksi henkil\u00f6tietojesi ker\u00e4\u00e4minen ja k\u00e4ytt\u00e4minen Palvelumme tarjoamisen yhteydess\u00e4.","og_url":"https:\/\/loanstar.com\/fi\/tietosuojakaytanto\/","og_site_name":"LoanStar Suomi","article_modified_time":"2019-08-17T00:37:58+00:00","twitter_card":"summary_large_image","twitter_misc":{"Arvioitu lukuaika":"5 minuuttia"},"schema":{"@context":"https:\/\/schema.org","@graph":[{"@type":"WebPage","@id":"https:\/\/loanstar.com\/fi\/tietosuojakaytanto\/","url":"https:\/\/loanstar.com\/fi\/tietosuojakaytanto\/","name":"Tietosuojak\u00e4yt\u00e4nt\u00f6 ja sen soveltaminen Loanstarilla - LoanStar Suomi","isPartOf":{"@id":"https:\/\/loanstar.com\/fi\/#website"},"datePublished":"2018-10-25T12:02:49+00:00","dateModified":"2019-08-17T00:37:58+00:00","description":"T\u00e4m\u00e4n sivun aiheena on tietosuojak\u00e4yt\u00e4nt\u00f6, kuten esimerkiksi henkil\u00f6tietojesi ker\u00e4\u00e4minen ja k\u00e4ytt\u00e4minen Palvelumme tarjoamisen yhteydess\u00e4.","breadcrumb":{"@id":"https:\/\/loanstar.com\/fi\/tietosuojakaytanto\/#breadcrumb"},"inLanguage":"fi","potentialAction":[{"@type":"ReadAction","target":["https:\/\/loanstar.com\/fi\/tietosuojakaytanto\/"]}]},{"@type":"BreadcrumbList","@id":"https:\/\/loanstar.com\/fi\/tietosuojakaytanto\/#breadcrumb","itemListElement":[{"@type":"ListItem","position":1,"name":"Suomi","item":"https:\/\/loanstar.com\/fi\/"},{"@type":"ListItem","position":2,"name":"Tietosuojak\u00e4yt\u00e4nt\u00f6"}]},{"@type":"WebSite","@id":"https:\/\/loanstar.com\/fi\/#website","url":"https:\/\/loanstar.com\/fi\/","name":"LoanStar Suomi","description":"Vertaa lainoja","potentialAction":[{"@type":"SearchAction","target":{"@type":"EntryPoint","urlTemplate":"https:\/\/loanstar.com\/fi\/?s={search_term_string}"},"query-input":"required name=search_term_string"}],"inLanguage":"fi"}]}},"_links":{"self":[{"href":"https:\/\/loanstar.com\/fi\/wp-json\/wp\/v2\/pages\/274"}],"collection":[{"href":"https:\/\/loanstar.com\/fi\/wp-json\/wp\/v2\/pages"}],"about":[{"href":"https:\/\/loanstar.com\/fi\/wp-json\/wp\/v2\/types\/page"}],"author":[{"embeddable":true,"href":"https:\/\/loanstar.com\/fi\/wp-json\/wp\/v2\/users\/1"}],"replies":[{"embeddable":true,"href":"https:\/\/loanstar.com\/fi\/wp-json\/wp\/v2\/comments?post=274"}],"version-history":[{"count":3,"href":"https:\/\/loanstar.com\/fi\/wp-json\/wp\/v2\/pages\/274\/revisions"}],"predecessor-version":[{"id":342,"href":"https:\/\/loanstar.com\/fi\/wp-json\/wp\/v2\/pages\/274\/revisions\/342"}],"wp:attachment":[{"href":"https:\/\/loanstar.com\/fi\/wp-json\/wp\/v2\/media?parent=274"}],"curies":[{"name":"wp","href":"https:\/\/api.w.org\/{rel}","templated":true}]}}