{"id":272,"date":"2018-10-25T11:55:31","date_gmt":"2018-10-25T11:55:31","guid":{"rendered":"http:\/\/loanstar.com\/fi\/?page_id=272"},"modified":"2019-06-14T16:19:43","modified_gmt":"2019-06-14T13:19:43","slug":"kayttoehdot","status":"publish","type":"page","link":"https:\/\/loanstar.com\/fi\/kayttoehdot\/","title":{"rendered":"K\u00e4ytt\u00f6ehdot"},"content":{"rendered":"<p>Digital Takeover, LTD &#8211; K\u00e4ytt\u00f6ehdot<\/p>\n<h2>Esittely<\/h2>\n<p>T\u00e4ll\u00e4 verkkosivustolla esitett\u00e4v\u00e4t yleiset ehdot toimivat yleisen\u00e4 ohjenuorana LoanStarin verkkosivustolla osoitteessa http:\/\/loanstar.com.<\/p>\n<p>N\u00e4it\u00e4 ehtoja sovelletaan kokonaisuudessaan ja ne vaikuttavat t\u00e4m\u00e4n verkkosivuston k\u00e4ytt\u00f6\u00f6n. T\u00e4m\u00e4n verkkosivuston k\u00e4yt\u00f6n my\u00f6t\u00e4 ilmaiset suostumuksesi kaikkiin t\u00e4\u00e4ll\u00e4 lueteltuihin ehtoihin. Et voi k\u00e4ytt\u00e4\u00e4 t\u00e4t\u00e4 verkkosivustoa, jos et ole samaa mielt\u00e4 sivuston k\u00e4ytt\u00f6ehdoista.<\/p>\n<p>T\u00e4t\u00e4 verkkosivustoa eiv\u00e4t saa k\u00e4ytt\u00e4\u00e4 alaik\u00e4iset (alle 18-vuotiaat).<\/p>\n<h2>Immateriaalioikeudet<\/h2>\n<p>Omistamaasi sis\u00e4lt\u00f6\u00e4 lukuunottamatta Digital Takeover, LTD ja \/ tai sen lisenssinmy\u00f6nt\u00e4j\u00e4t omistavat kaikki t\u00e4m\u00e4n sivuston sis\u00e4lt\u00e4m\u00e4t immateriaalioikeudet ja -materiaalit\u00a0n\u00e4iss\u00e4 ehdoissa m\u00e4\u00e4ritellyn mukaisesti.<\/p>\n<p>Sinulla on rajoitettu k\u00e4ytt\u00f6oikeus ainoastaan verkkosivustolla olevan aineiston katseluun.<\/p>\n<h2>Rajoitukset<\/h2>\n<p>Rajoitukset kannattaa huomioida etenkin seuraavissa toiminnoissa:<\/p>\n<ul>\n<li>Verkkosivustojen materiaalin julkaiseminen muissa medioissa;<\/li>\n<li>Verkkosivuston materiaalin myyminen, alilisensoiminen ja\/tai muulla tavoin markkinoiminen;<\/li>\n<li>Verkkosivuston materiaalin julkinen esitt\u00e4minen;<\/li>\n<li>T\u00e4m\u00e4n verkkosivuston k\u00e4ytt\u00e4minen tavalla, joka vahingoittaa tai voi vahingoittaa sit\u00e4;<\/li>\n<li>T\u00e4m\u00e4n verkkosivuston k\u00e4ytt\u00e4minen tavalla, joka vaikuttaa k\u00e4ytt\u00e4j\u00e4n k\u00e4ytt\u00f6oikeuksiin sivustolla;<\/li>\n<li>T\u00e4m\u00e4n verkkosivuston k\u00e4ytt\u00e4minen sovellettavien lakien ja m\u00e4\u00e4r\u00e4ysten vastaisesti tai tavalla, joka mill\u00e4\u00e4n tavalla vahingoittaa verkkosivustoa, henkil\u00f6\u00e4 tai liiketoimintayksikk\u00f6\u00e4;<\/li>\n<li>Kaikenlainen tiedonsiirto, tietojen ker\u00e4\u00e4minen, tietojen poistaminen tai muu vastaava toiminta t\u00e4m\u00e4n sivuston suhteen;<\/li>\n<li>T\u00e4m\u00e4n verkkosivuston k\u00e4ytt\u00e4minen mainostamis- tai markkinointitarkoituksissa<\/li>\n<\/ul>\n<p>Sinulla ei ole p\u00e4\u00e4sy\u00e4 m\u00e4\u00e4r\u00e4ttyihin WWW-sivuston osioihin. Digital Takeover, LTD voi rajoittaa p\u00e4\u00e4sy\u00e4si t\u00e4m\u00e4n sivuston eri osioihin milloin tahansa ja ilman ehtoja. Kaikki t\u00e4m\u00e4n sivuston k\u00e4ytt\u00e4j\u00e4tunnukset ja salasanat ovat luottamuksellisia. Luottamuksellisuutta on ehdottomasti noudatettava.<\/p>\n<h2>Sis\u00e4lt\u00f6si<\/h2>\n<p>N\u00e4iss\u00e4 verkkosivustojen k\u00e4ytt\u00f6ehdoissa ilmaisulla &#8221;Sis\u00e4lt\u00f6si&#8221; tarkoitetaan mit\u00e4 tahansa \u00e4\u00e4nt\u00e4, videoteksti\u00e4, kuvaa tai muuta sellaista materiaalia, jota haluat esitt\u00e4\u00e4 t\u00e4ll\u00e4 verkkosivustolla. Sis\u00e4ll\u00f6n n\u00e4ytt\u00e4misell\u00e4 annat Digital Takeover, LTD:lle ei-yksinomaisen, maailmanlaajuisen ja peruuttamattoman lisenssin, joka mahdollistaa sen k\u00e4ytt\u00e4misen, kopioimisen, muokkaamisen, julkaisemisen, k\u00e4\u00e4nt\u00e4misen ja jakamisen miss\u00e4 tahansa mediassa.<\/p>\n<p>Sis\u00e4ll\u00f6n on oltava omaa, eik\u00e4 se saa vahingoittaa kolmannen osapuolen oikeuksia. Digital Takeover, LTD pid\u00e4tt\u00e4\u00e4 itsell\u00e4\u00e4n oikeuden poistaa t\u00e4ll\u00e4 verkkosivustolla olevaa sis\u00e4lt\u00f6\u00e4 milloin tahansa ilman ennakkoilmoitusta.<\/p>\n<h2>Ei takuita<\/h2>\n<p>T\u00e4m\u00e4 verkkosivusto tarjotaan &#8221;sellaisena kuin se on&#8221;. Digital Takeover, LTD ei tarjoa takuuta tai takuita t\u00e4h\u00e4n verkkosivustoon tai t\u00e4m\u00e4n verkkosivuston sis\u00e4lt\u00e4miin aineistoihin liittyen. My\u00f6sk\u00e4\u00e4n t\u00e4ll\u00e4 sivustolla olevaa sis\u00e4lt\u00f6\u00e4 ei tule tulkita suoraksi sinuun kohdistuvaksi neuvonannoksi.<\/p>\n<h2>Vastuun rajoittuminen<\/h2>\n<p>Digital Takeover, LTD, tai kukaan sen virkailijoista, johtajista ja ty\u00f6ntekij\u00f6ist\u00e4, ei ole miss\u00e4\u00e4n tapauksessa vastuussa mist\u00e4\u00e4n t\u00e4m\u00e4n verkkosivuston k\u00e4yt\u00f6st\u00e4 aiheutuvista tai siihen mill\u00e4\u00e4n tavoin liittyvist\u00e4 seikoista riippumatta siit\u00e4, onko t\u00e4llainen vastuu sopimuksen mukainen.<\/p>\n<p>Digital Takeover, LTD, mukaan lukien sen virkamiehet, johtajat ja ty\u00f6ntekij\u00e4t, eiv\u00e4t ole vastuussa mist\u00e4\u00e4n ep\u00e4suorista, v\u00e4lillisist\u00e4 tai erityisist\u00e4 vastuista, jotka johtuvat suorasti tai ep\u00e4suorasti t\u00e4m\u00e4n sivuston k\u00e4ytt\u00e4misest\u00e4.<\/p>\n<h2>Korvaus<\/h2>\n<p>Digital Takeover, LTD on vapautettu kaikista velvoitteista, kustannuksista, vaatimuksista, syist\u00e4, vahingoista ja kuluista, jotka liittyv\u00e4t n\u00e4iden ehtojen m\u00e4\u00e4r\u00e4ysten rikkomiseen mill\u00e4\u00e4n tavalla.<\/p>\n<h2>Ositettavuus<\/h2>\n<p>Jos joidenkin n\u00e4iden ehtojen m\u00e4\u00e4r\u00e4ysten katsotaan olevan p\u00e4tem\u00e4tt\u00f6mi\u00e4 mink\u00e4 tahansa sovellettavan lain nojalla, t\u00e4llaiset s\u00e4\u00e4nn\u00f6kset poistetaan ilman, ett\u00e4 ne vaikuttaisivat j\u00e4ljelle j\u00e4\u00e4viin s\u00e4\u00e4nn\u00f6ksiin.<\/p>\n<h2>Ehtojen vaihtelu<\/h2>\n<p>Digital Takeover, LTD:ll\u00e4 on oikeus muuttaa n\u00e4it\u00e4 ehtoja milloin tahansa mielest\u00e4\u00e4n sopivaksi. Sinun on tarkistettava n\u00e4m\u00e4 ehdot s\u00e4\u00e4nn\u00f6llisesti t\u00e4m\u00e4n sivuston v\u00e4lityksell\u00e4.<\/p>\n<h2>Toimeksianto<\/h2>\n<p>Digital Takeover, LTD saa luovuttaa, siirt\u00e4\u00e4 ja antaa alihankintaan n\u00e4iden ehtojen mukaisia \u200b\u200boikeuksiaan ja \/ tai velvoitteitaan ilman erillist\u00e4 ilmoitusta. Sinulla ei kuitenkaan ole oikeutta antaa, siirt\u00e4\u00e4 tai luovuttaa alihankintaan n\u00e4iden ehtojen mukaisia \u200b\u200boikeuksiasi ja \/ tai velvoitteitasi.<\/p>\n<h2>Koko sopimus<\/h2>\n<p>N\u00e4m\u00e4 ehdot p\u00e4tev\u00e4t koko Digital Takeover, LTD:n ja sinun v\u00e4lille sidottuun sopimukseen koskien t\u00e4m\u00e4n verkkosivuston k\u00e4ytt\u00f6\u00e4. Ne korvaavat kaikki aikaisemmat sopimukset ja yleisymm\u00e4rrykset.<\/p>\n<h2>Sovellettava laki ja toimivalta<\/h2>\n<p>N\u00e4it\u00e4 ehtoja s\u00e4\u00e4nnell\u00e4\u00e4n ja tulkitaan Maltan lains\u00e4\u00e4d\u00e4nn\u00f6n mukaisesti. K\u00e4\u00e4nnyt mahdollisten riitojen ratkaisemiseksi Maltan valtion ja liittovaltion tuomioistuinten ei-yksinomaisen toimivallan puoleen.<\/p>\n","protected":false},"excerpt":{"rendered":"<p>Digital Takeover, LTD &#8211; K\u00e4ytt\u00f6ehdot Esittely T\u00e4ll\u00e4 verkkosivustolla esitett\u00e4v\u00e4t yleiset ehdot toimivat yleisen\u00e4 ohjenuorana LoanStarin verkkosivustolla osoitteessa http:\/\/loanstar.com. N\u00e4it\u00e4 ehtoja&#8230;<\/p>\n","protected":false},"author":1,"featured_media":0,"parent":0,"menu_order":0,"comment_status":"closed","ping_status":"closed","template":"templates\/terms-of-use.php","meta":{"footnotes":""},"yoast_head":"<!-- This site is optimized with the Yoast SEO plugin v21.0 - https:\/\/yoast.com\/wordpress\/plugins\/seo\/ -->\n<title>K\u00e4ytt\u00f6ehdot, rajoitukset ja sivuston sis\u00e4lt\u00f6 - LoanStar Suomi<\/title>\n<meta name=\"description\" content=\"T\u00e4ll\u00e4 sivulla esitell\u00e4\u00e4n k\u00e4ytt\u00f6ehdot koskien LoanStar-sivustoa. Sivustomme k\u00e4ytt\u00e4misen edellytyksen\u00e4 on, ett\u00e4 k\u00e4ytt\u00e4j\u00e4 hyv\u00e4ksyy t\u00e4\u00e4ll\u00e4 mainitut k\u00e4ytt\u00f6ehdot.\" \/>\n<meta name=\"robots\" content=\"index, follow, max-snippet:-1, max-image-preview:large, max-video-preview:-1\" \/>\n<link rel=\"canonical\" href=\"https:\/\/loanstar.com\/fi\/kayttoehdot\/\" \/>\n<meta property=\"og:locale\" content=\"fi_FI\" \/>\n<meta property=\"og:type\" content=\"article\" \/>\n<meta property=\"og:title\" content=\"K\u00e4ytt\u00f6ehdot, rajoitukset ja sivuston sis\u00e4lt\u00f6 - LoanStar Suomi\" \/>\n<meta property=\"og:description\" content=\"T\u00e4ll\u00e4 sivulla esitell\u00e4\u00e4n k\u00e4ytt\u00f6ehdot koskien LoanStar-sivustoa. Sivustomme k\u00e4ytt\u00e4misen edellytyksen\u00e4 on, ett\u00e4 k\u00e4ytt\u00e4j\u00e4 hyv\u00e4ksyy t\u00e4\u00e4ll\u00e4 mainitut k\u00e4ytt\u00f6ehdot.\" \/>\n<meta property=\"og:url\" content=\"https:\/\/loanstar.com\/fi\/kayttoehdot\/\" \/>\n<meta property=\"og:site_name\" content=\"LoanStar Suomi\" \/>\n<meta property=\"article:modified_time\" content=\"2019-06-14T13:19:43+00:00\" \/>\n<meta name=\"twitter:card\" content=\"summary_large_image\" \/>\n<meta name=\"twitter:label1\" content=\"Arvioitu lukuaika\" \/>\n\t<meta name=\"twitter:data1\" content=\"4 minuuttia\" \/>\n<script type=\"application\/ld+json\" class=\"yoast-schema-graph\">{\"@context\":\"https:\/\/schema.org\",\"@graph\":[{\"@type\":\"WebPage\",\"@id\":\"https:\/\/loanstar.com\/fi\/kayttoehdot\/\",\"url\":\"https:\/\/loanstar.com\/fi\/kayttoehdot\/\",\"name\":\"K\u00e4ytt\u00f6ehdot, rajoitukset ja sivuston sis\u00e4lt\u00f6 - LoanStar Suomi\",\"isPartOf\":{\"@id\":\"https:\/\/loanstar.com\/fi\/#website\"},\"datePublished\":\"2018-10-25T11:55:31+00:00\",\"dateModified\":\"2019-06-14T13:19:43+00:00\",\"description\":\"T\u00e4ll\u00e4 sivulla esitell\u00e4\u00e4n k\u00e4ytt\u00f6ehdot koskien LoanStar-sivustoa. Sivustomme k\u00e4ytt\u00e4misen edellytyksen\u00e4 on, ett\u00e4 k\u00e4ytt\u00e4j\u00e4 hyv\u00e4ksyy t\u00e4\u00e4ll\u00e4 mainitut k\u00e4ytt\u00f6ehdot.\",\"breadcrumb\":{\"@id\":\"https:\/\/loanstar.com\/fi\/kayttoehdot\/#breadcrumb\"},\"inLanguage\":\"fi\",\"potentialAction\":[{\"@type\":\"ReadAction\",\"target\":[\"https:\/\/loanstar.com\/fi\/kayttoehdot\/\"]}]},{\"@type\":\"BreadcrumbList\",\"@id\":\"https:\/\/loanstar.com\/fi\/kayttoehdot\/#breadcrumb\",\"itemListElement\":[{\"@type\":\"ListItem\",\"position\":1,\"name\":\"Suomi\",\"item\":\"https:\/\/loanstar.com\/fi\/\"},{\"@type\":\"ListItem\",\"position\":2,\"name\":\"K\u00e4ytt\u00f6ehdot\"}]},{\"@type\":\"WebSite\",\"@id\":\"https:\/\/loanstar.com\/fi\/#website\",\"url\":\"https:\/\/loanstar.com\/fi\/\",\"name\":\"LoanStar Suomi\",\"description\":\"Vertaa lainoja\",\"potentialAction\":[{\"@type\":\"SearchAction\",\"target\":{\"@type\":\"EntryPoint\",\"urlTemplate\":\"https:\/\/loanstar.com\/fi\/?s={search_term_string}\"},\"query-input\":\"required name=search_term_string\"}],\"inLanguage\":\"fi\"}]}<\/script>\n<!-- \/ Yoast SEO plugin. -->","yoast_head_json":{"title":"K\u00e4ytt\u00f6ehdot, rajoitukset ja sivuston sis\u00e4lt\u00f6 - LoanStar Suomi","description":"T\u00e4ll\u00e4 sivulla esitell\u00e4\u00e4n k\u00e4ytt\u00f6ehdot koskien LoanStar-sivustoa. Sivustomme k\u00e4ytt\u00e4misen edellytyksen\u00e4 on, ett\u00e4 k\u00e4ytt\u00e4j\u00e4 hyv\u00e4ksyy t\u00e4\u00e4ll\u00e4 mainitut k\u00e4ytt\u00f6ehdot.","robots":{"index":"index","follow":"follow","max-snippet":"max-snippet:-1","max-image-preview":"max-image-preview:large","max-video-preview":"max-video-preview:-1"},"canonical":"https:\/\/loanstar.com\/fi\/kayttoehdot\/","og_locale":"fi_FI","og_type":"article","og_title":"K\u00e4ytt\u00f6ehdot, rajoitukset ja sivuston sis\u00e4lt\u00f6 - LoanStar Suomi","og_description":"T\u00e4ll\u00e4 sivulla esitell\u00e4\u00e4n k\u00e4ytt\u00f6ehdot koskien LoanStar-sivustoa. Sivustomme k\u00e4ytt\u00e4misen edellytyksen\u00e4 on, ett\u00e4 k\u00e4ytt\u00e4j\u00e4 hyv\u00e4ksyy t\u00e4\u00e4ll\u00e4 mainitut k\u00e4ytt\u00f6ehdot.","og_url":"https:\/\/loanstar.com\/fi\/kayttoehdot\/","og_site_name":"LoanStar Suomi","article_modified_time":"2019-06-14T13:19:43+00:00","twitter_card":"summary_large_image","twitter_misc":{"Arvioitu lukuaika":"4 minuuttia"},"schema":{"@context":"https:\/\/schema.org","@graph":[{"@type":"WebPage","@id":"https:\/\/loanstar.com\/fi\/kayttoehdot\/","url":"https:\/\/loanstar.com\/fi\/kayttoehdot\/","name":"K\u00e4ytt\u00f6ehdot, rajoitukset ja sivuston sis\u00e4lt\u00f6 - LoanStar Suomi","isPartOf":{"@id":"https:\/\/loanstar.com\/fi\/#website"},"datePublished":"2018-10-25T11:55:31+00:00","dateModified":"2019-06-14T13:19:43+00:00","description":"T\u00e4ll\u00e4 sivulla esitell\u00e4\u00e4n k\u00e4ytt\u00f6ehdot koskien LoanStar-sivustoa. Sivustomme k\u00e4ytt\u00e4misen edellytyksen\u00e4 on, ett\u00e4 k\u00e4ytt\u00e4j\u00e4 hyv\u00e4ksyy t\u00e4\u00e4ll\u00e4 mainitut k\u00e4ytt\u00f6ehdot.","breadcrumb":{"@id":"https:\/\/loanstar.com\/fi\/kayttoehdot\/#breadcrumb"},"inLanguage":"fi","potentialAction":[{"@type":"ReadAction","target":["https:\/\/loanstar.com\/fi\/kayttoehdot\/"]}]},{"@type":"BreadcrumbList","@id":"https:\/\/loanstar.com\/fi\/kayttoehdot\/#breadcrumb","itemListElement":[{"@type":"ListItem","position":1,"name":"Suomi","item":"https:\/\/loanstar.com\/fi\/"},{"@type":"ListItem","position":2,"name":"K\u00e4ytt\u00f6ehdot"}]},{"@type":"WebSite","@id":"https:\/\/loanstar.com\/fi\/#website","url":"https:\/\/loanstar.com\/fi\/","name":"LoanStar Suomi","description":"Vertaa lainoja","potentialAction":[{"@type":"SearchAction","target":{"@type":"EntryPoint","urlTemplate":"https:\/\/loanstar.com\/fi\/?s={search_term_string}"},"query-input":"required name=search_term_string"}],"inLanguage":"fi"}]}},"_links":{"self":[{"href":"https:\/\/loanstar.com\/fi\/wp-json\/wp\/v2\/pages\/272"}],"collection":[{"href":"https:\/\/loanstar.com\/fi\/wp-json\/wp\/v2\/pages"}],"about":[{"href":"https:\/\/loanstar.com\/fi\/wp-json\/wp\/v2\/types\/page"}],"author":[{"embeddable":true,"href":"https:\/\/loanstar.com\/fi\/wp-json\/wp\/v2\/users\/1"}],"replies":[{"embeddable":true,"href":"https:\/\/loanstar.com\/fi\/wp-json\/wp\/v2\/comments?post=272"}],"version-history":[{"count":3,"href":"https:\/\/loanstar.com\/fi\/wp-json\/wp\/v2\/pages\/272\/revisions"}],"predecessor-version":[{"id":430,"href":"https:\/\/loanstar.com\/fi\/wp-json\/wp\/v2\/pages\/272\/revisions\/430"}],"wp:attachment":[{"href":"https:\/\/loanstar.com\/fi\/wp-json\/wp\/v2\/media?parent=272"}],"curies":[{"name":"wp","href":"https:\/\/api.w.org\/{rel}","templated":true}]}}