{"id":270,"date":"2018-10-25T11:52:46","date_gmt":"2018-10-25T11:52:46","guid":{"rendered":"http:\/\/loanstar.com\/fi\/?page_id=270"},"modified":"2019-08-14T22:56:04","modified_gmt":"2019-08-14T19:56:04","slug":"evasteet","status":"publish","type":"page","link":"https:\/\/loanstar.com\/fi\/evasteet\/","title":{"rendered":"Ev\u00e4steet"},"content":{"rendered":"<p>T\u00e4m\u00e4 on LoanStarin ev\u00e4stek\u00e4yt\u00e4nt\u00f6, joka koskee sivustoa http:\/\/loanstar.com.<\/p>\n<h2>Mit\u00e4 ev\u00e4steet ovat?<\/h2>\n<p>Useimpien ammattimaisten verkkosivustojen tavoin my\u00f6s t\u00e4m\u00e4 sivusto k\u00e4ytt\u00e4\u00e4 ev\u00e4steit\u00e4. Lyhyesti kuvailtuna <a href=\"https:\/\/www.viestintavirasto.fi\/kyberturvallisuus\/tietoturvaohjeet\/palveluidenturvallinenkaytto\/evasteet.html\" target=\"_blank\" rel=\"noopener noreferrer\">ev\u00e4steet<\/a> ovat pieni\u00e4 tiedostoja, jotka ladataan tietokoneellesi k\u00e4ytt\u00f6kokemuksesi parantamiseksi.<\/p>\n<p>T\u00e4ll\u00e4 sivulla kerrotaan tarkemmin, mit\u00e4 tietoja ev\u00e4steet ker\u00e4\u00e4v\u00e4t, kuinka me k\u00e4yt\u00e4mme niit\u00e4 ja miksi meid\u00e4n on toisinaan my\u00f6s tallennettava ev\u00e4steit\u00e4. Kerromme my\u00f6s, miten voit est\u00e4\u00e4 n\u00e4iden ev\u00e4steiden tallentamisen. Otathan kuitenkin huomioon, ett\u00e4 t\u00e4m\u00e4 voi heikent\u00e4\u00e4 tai vahingoittaa tiettyj\u00e4 sivuston toimintoja.<\/p>\n<h2>Kuinka k\u00e4yt\u00e4mme ev\u00e4steit\u00e4?<\/h2>\n<p>Kuten ylemp\u00e4n\u00e4 jo todettiin, k\u00e4yt\u00e4mme ev\u00e4steit\u00e4 useista syist\u00e4, joista t\u00e4rkein on k\u00e4ytt\u00f6kokemuksesi parantaminen. Valitettavasti useimmissa tapauksissa ev\u00e4steiden poistamiseen ei ole olemassa alan yleisi\u00e4 asetuksia. Kaikkien ev\u00e4steiden j\u00e4tt\u00e4minen voimaan onkin suositeltavaa, jos et ole varma siit\u00e4, onko niille tarvetta esimerkiksi k\u00e4ytt\u00e4m\u00e4ss\u00e4si palvelussa.<\/p>\n<h2>Ev\u00e4steiden poistaminen k\u00e4yt\u00f6st\u00e4<\/h2>\n<p>Voit est\u00e4\u00e4 ev\u00e4steiden asettamisen s\u00e4\u00e4t\u00e4m\u00e4ll\u00e4 selaimesi asetuksia (tutustu selaimessasi esitett\u00e4viin ohjeisiin). Huomaathan, ett\u00e4 ev\u00e4steiden poistaminen k\u00e4yt\u00f6st\u00e4 vaikuttaa vierailemasi sivuston ja monien muiden sivustojen toimivuuteen.<\/p>\n<p>Ev\u00e4steiden poistaminen k\u00e4yt\u00f6st\u00e4 johtaa yleens\u00e4 my\u00f6s sivuston tiettyjen toimintojen ja ominaisuuksien poistamiseen k\u00e4yt\u00f6st\u00e4. Siksi on suositeltavaa, ettet poista ev\u00e4steit\u00e4 k\u00e4yt\u00f6st\u00e4.<\/p>\n<h2>Poista ev\u00e4steet k\u00e4yt\u00f6st\u00e4 selaimilla<\/h2>\n<p>Ev\u00e4steiden deaktivoinnin voi suorittaa Asetukset-osiossa kaikilla yleisimmill\u00e4 selaimilla. Kunkin selaimen yksil\u00f6lliset asetukset kannattaa tarkistaa erikseen:<\/p>\n<p><a href=\"https:\/\/support.google.com\/chrome\/answer\/95647?hl=en\">Google Chrome<\/a><\/p>\n<p><a href=\"https:\/\/support.microsoft.com\/en-us\/help\/17442\/windows-internet-explorer-delete-manage-cookies\" target=\"_blank\" rel=\"noopener noreferrer\">Internet Explorer<\/a><\/p>\n<p><a href=\"https:\/\/support.mozilla.org\/en-US\/kb\/cookies-information-websites-store-on-your-computer\">Firefox<\/a><\/p>\n<h2>Ev\u00e4steet LoanStarilla<\/h2>\n<p>LoanStar k\u00e4ytt\u00e4\u00e4 ev\u00e4steit\u00e4 taatakseen sinulle mahdollisimman mukavan k\u00e4ytt\u00f6kokemuksen t\u00e4ll\u00e4 sivustolla. Ev\u00e4steiden avulla voit viestitt\u00e4\u00e4 meille mieltymyksesi ja toiveesi t\u00e4m\u00e4n sivuston toiminnan suhteen. Jotta muistaisimme asetuksesi, meid\u00e4n on asetettava ev\u00e4steit\u00e4, joiden kautta n\u00e4m\u00e4 tiedot voidaan tarkistaa aina sivustoa k\u00e4ytt\u00e4ess\u00e4si ja s\u00e4\u00e4t\u00e4\u00e4 toiveidesi mukaisesti.<\/p>\n<h2>Kolmannen osapuolen ev\u00e4steet<\/h2>\n<p>Joissakin erityistapauksissa k\u00e4yt\u00e4mme my\u00f6s luotettavia kolmansien osapuolten tarjoamia ev\u00e4steit\u00e4. Seuraavassa osassa kuvaillaan kolmannen osapuolen ev\u00e4steit\u00e4, joita saatat kohdata t\u00e4m\u00e4n sivuston kautta.<\/p>\n<h3>Google Analytics<\/h3>\n<p>T\u00e4m\u00e4 sivusto k\u00e4ytt\u00e4\u00e4 Google Analytics -palvelua, joka on yksi maailman laajimmista ja luotettavimmista analysointiratkaisuista. Sen avulla ymm\u00e4rr\u00e4mme paremmin, miten k\u00e4yt\u00e4t sivustoa ja miten voimme parantaa kokemustasi. Ev\u00e4steiden avulla voidaan seurata monenlaisia asioita, kuten sit\u00e4, kuinka paljon aikaa viet\u00e4t sivustolla ja sen eri sivuilla. N\u00e4iden tietojen avulla voimme jatkossa keskitty\u00e4 kiinnostavan sis\u00e4ll\u00f6n tuottamiseen. Lis\u00e4tietoja Google Analyticsin ev\u00e4steist\u00e4 on tarjolla virallisella Google Analytics -sivustolla.<\/p>\n<p>Ajoittain testaamme uusia ominaisuuksia ja teemme pieni\u00e4 muutoksia sivuston toimintoihin. N\u00e4it\u00e4 ev\u00e4steit\u00e4 voidaan k\u00e4ytt\u00e4\u00e4 uusien ominaisuuden testaamisen yhteydess\u00e4 varmistamaan, ett\u00e4 saat yhten\u00e4isen kokemuksen sivustolta. Samalla opimme ymm\u00e4rt\u00e4m\u00e4\u00e4n, millaisia optimointeja k\u00e4ytt\u00e4j\u00e4mme arvostavat eniten.<\/p>\n<p>Lis\u00e4tietoja Googlen tietosuojak\u00e4yt\u00e4nn\u00f6st\u00e4 on tarjolla\u00a0<a href=\"https:\/\/policies.google.com\/privacy?hl=fi\">Googlen tietosuoja- ja k\u00e4ytt\u00f6ehdoissa<\/a>.<\/p>\n<p>Jos haluat v\u00e4ltt\u00e4\u00e4 tietojen siirtymisen Google Universal Analyticsin kautta, voit poistaa Google Universal Analyticsin k\u00e4yt\u00f6st\u00e4 kokonaan t\u00e4m\u00e4n <a href=\"https:\/\/tools.google.com\/dlpage\/gaoptout?hl=en\">selainlaajennuksen<\/a> avulla. Jos haluat est\u00e4\u00e4 Universal Analyticsin seurannan eri laitteissa, sinun on deaktivoitava se kaikilla sill\u00e4 hetkell\u00e4 k\u00e4yt\u00f6ss\u00e4si olevista j\u00e4rjestelmist\u00e4.<\/p>\n<p>Vaihtoehtoisesti voit r\u00e4\u00e4t\u00e4l\u00f6id\u00e4 ev\u00e4steasetuksista itsellesi sopivat selainasetusten kautta. Alempana kerromme lis\u00e4\u00e4 siit\u00e4, millaisia vaihtoehtoja asetukset tarjoavat.<\/p>\n<p>K\u00e4yt\u00e4mme my\u00f6s t\u00e4ll\u00e4 sivustolla olevia sosiaalisen median painikkeita ja\/tai laajennuksia, joiden avulla voit muodostaa yhteyden sosiaaliseen verkostoosi eri tavoin. Sosiaalisen median tilille rekister\u00f6ityneen\u00e4 sivustollamme voidaan hy\u00f6dynt\u00e4\u00e4 sellaisia sinua koskevia tietoja, joita sosiaalisen median tilillesi on tallennettu.<\/p>\n<p><a href=\"https:\/\/www.facebook.com\/policies\/cookies\/\">Facebookin ev\u00e4stepolitiikka<\/a><\/p>\n<h3>Google reCAPTCHA<\/h3>\n<p>Yhteystietolomakkeella l\u00e4hetettyjen viestien suojaamiseksi k\u00e4yt\u00e4mme reCAPTCHA-palvelua, jonka tarjoaa Google Inc. (Google). Kysely\u00e4 k\u00e4ytet\u00e4\u00e4n erottamaan, onko kyseess\u00e4 ihmisen tekem\u00e4 sy\u00f6te vai automaattinen, mekaaninen k\u00e4sittely. ReCAPTCHA-palvelun my\u00f6t\u00e4 Googlelle l\u00e4hetet\u00e4\u00e4n IP-osoite ja muita tarpeellisia tietoja. Google k\u00e4ytt\u00e4\u00e4 n\u00e4it\u00e4 tietoja Digital Takeover LTD:n puolesta valvoakseen t\u00e4m\u00e4n palvelun k\u00e4ytt\u00f6\u00e4.<\/p>\n<p>Selaimesi l\u00e4hett\u00e4m\u00e4\u00e4 IP-osoitetta osana reCaptchaa ei yhdistet\u00e4 muihin Googlen antamiin tietoihin. N\u00e4ihin tietoihin sovelletaan Googlen poikkeavia tietosuojak\u00e4yt\u00e4nt\u00f6j\u00e4. Lis\u00e4tietoja Googlen tietosuojak\u00e4yt\u00e4nn\u00f6st\u00e4 l\u00f6ytyy osoitteesta <a href=\"https:\/\/policies.google.com\/privacy?hl=fi.\">https:\/\/policies.google.com\/privacy?hl=fi.<\/a><\/p>\n<h2>Kumppanien seurannan ev\u00e4steet<\/h2>\n<p>Loanstar.com-verkkosivuston yll\u00e4pit\u00e4j\u00e4n\u00e4 toimiva Digital Takeover Ltd on integroinut sivustolle affiliate-linkkej\u00e4 eri kumppaniverkostoista ja muilta kolmannen osapuolen mainostajilta.<\/p>\n<p>LoanStar.com ottaa julkaisijan roolin julkaisemalla t\u00e4ll\u00e4 sivustolla sis\u00e4lt\u00f6\u00e4. Useilla palveluntarjoajilla on sivustolla mainostajan rooli. K\u00e4ytt\u00e4m\u00e4ll\u00e4 LoanStar.comin sis\u00e4lt\u00f6\u00e4 ja vertailupalvelua voit k\u00e4ytt\u00e4\u00e4 affiliate-linkin kautta my\u00f6s mainostajan sivustoa, jolla voit tilata rahoitustuotteen tai pyyt\u00e4\u00e4 lainaa. Menestyksekk\u00e4\u00e4n myynnin yhteydess\u00e4 saamme palkkion, jonka avulla voimme julkaista lis\u00e4\u00e4 ilmaista sis\u00e4lt\u00f6\u00e4 sinulle ja parantaa vertailuj\u00e4rjestelm\u00e4\u00e4mme.<\/p>\n<p>Heti kun tavoitat palveluntarjoajan k\u00e4ytt\u00e4j\u00e4n\u00e4 kumppaniliittym\u00e4n kautta, ev\u00e4ste tallennetaan selaimeesi. Ev\u00e4steiden tallentamisen tarkoituksena on v\u00e4litt\u00e4\u00e4 kauppiaiden ja julkaisijoiden v\u00e4lisi\u00e4 maksuja, joita hoitaa kumppaniverkosto.<\/p>\n<p>Tallennetut kumppanisivut eiv\u00e4t sis\u00e4ll\u00e4 henkil\u00f6kohtaisia \u200b\u200btietoja. Niill\u00e4 tallennetaan vain julkaisijan tunnistetiedot (LoanStar.com) sek\u00e4 verkkosivuston k\u00e4vij\u00e4n j\u00e4rjestysnumero, kumppaniliittym\u00e4n aika ja indeksi. Kaikki affiliate-ev\u00e4steet poistetaan korkeintaan 90 p\u00e4iv\u00e4n kuluessa.<\/p>\n<p>Kuten edell\u00e4 mainittiin, voit est\u00e4\u00e4 ev\u00e4steiden tallentamisen selaimesi asetuksissa. Sinulla on my\u00f6s mahdollisuus poistaa ev\u00e4steet milloin tahansa.<\/p>\n<h2>Oikeus tietoihin ja vastalauseet<\/h2>\n<p>Sinulla on aina oikeus n\u00e4hd\u00e4 Digital Takeover Limitedin (omistajan ja operaattorin LoanStar.com) tallentamat sinua koskevat henkil\u00f6tiedot. Lis\u00e4ksi voit my\u00f6s halutessasi peruuttaa suostumuksesi milloin tahansa ja pyyt\u00e4\u00e4 jo k\u00e4siteltyjen henkil\u00f6tietojen poistamista.<\/p>\n<p>Jos kuitenkin kaipaat asiaan liittyen edelleen lis\u00e4tietoja, voit ottaa meihin yhteytt\u00e4 valitsemallasi tavalla.<\/p>\n<ul>\n<li><strong>S\u00e4hk\u00f6posti<\/strong>: hi@digitaltakeover.org<\/li>\n<li><strong>Postiosoite:<\/strong> Digital Takeover LTD, The Plaza Commercial Centre, Level 8, Suite 5, Bisazza Street, Sliema, SLM1640, MALTA<\/li>\n<\/ul>\n<p>Pyydett\u00e4ess\u00e4 sinulle ilmoitetaan kirjallisesti, mit\u00e4 henkil\u00f6kohtaisia \u200b\u200btietoja Digital Takeover Ltd on mahdollisesti tallentanut sinusta. Voit kielt\u00e4\u00e4 tietojen k\u00e4sittelyn milloin tahansa kirjallisesti ilman perusteluja.<\/p>\n<p>Toivottavasti t\u00e4m\u00e4n sivuston sis\u00e4lt\u00f6 on selvent\u00e4nyt sinulle ev\u00e4steit\u00e4 koskevia k\u00e4yt\u00e4nt\u00f6j\u00e4. Yhteenvetona t\u00e4h\u00e4n loppuun viel\u00e4 todettakoon, ett\u00e4 mik\u00e4li et ole t\u00e4ysin varma siit\u00e4, kuinka kannattaisi toimia, on ev\u00e4steiden salliminen sivustoamme k\u00e4ytett\u00e4ess\u00e4 yleisesti ottaen turvallisempaa.<\/p>\n<p>&nbsp;<\/p>\n","protected":false},"excerpt":{"rendered":"<p>T\u00e4m\u00e4 on LoanStarin ev\u00e4stek\u00e4yt\u00e4nt\u00f6, joka koskee sivustoa http:\/\/loanstar.com. Mit\u00e4 ev\u00e4steet ovat? Useimpien ammattimaisten verkkosivustojen tavoin my\u00f6s t\u00e4m\u00e4 sivusto k\u00e4ytt\u00e4\u00e4 ev\u00e4steit\u00e4&#8230;.<\/p>\n","protected":false},"author":1,"featured_media":0,"parent":0,"menu_order":0,"comment_status":"closed","ping_status":"closed","template":"templates\/terms-of-use.php","meta":{"footnotes":""},"yoast_head":"<!-- This site is optimized with the Yoast SEO plugin v21.0 - https:\/\/yoast.com\/wordpress\/plugins\/seo\/ -->\n<title>Ev\u00e4steet - LoanStar Suomi<\/title>\n<meta name=\"description\" content=\"T\u00e4ll\u00e4 sivulla kerromme muun muassa, mihin tarkoitukseen LoanStar k\u00e4ytt\u00e4\u00e4 ev\u00e4steit\u00e4 ja kuinka ev\u00e4steet saa tarvittaessa pois k\u00e4yt\u00f6st\u00e4.\" \/>\n<meta name=\"robots\" content=\"index, follow, max-snippet:-1, max-image-preview:large, max-video-preview:-1\" \/>\n<link rel=\"canonical\" href=\"https:\/\/loanstar.com\/fi\/evasteet\/\" \/>\n<meta property=\"og:locale\" content=\"fi_FI\" \/>\n<meta property=\"og:type\" content=\"article\" \/>\n<meta property=\"og:title\" content=\"Ev\u00e4steet - LoanStar Suomi\" \/>\n<meta property=\"og:description\" content=\"T\u00e4ll\u00e4 sivulla kerromme muun muassa, mihin tarkoitukseen LoanStar k\u00e4ytt\u00e4\u00e4 ev\u00e4steit\u00e4 ja kuinka ev\u00e4steet saa tarvittaessa pois k\u00e4yt\u00f6st\u00e4.\" \/>\n<meta property=\"og:url\" content=\"https:\/\/loanstar.com\/fi\/evasteet\/\" \/>\n<meta property=\"og:site_name\" content=\"LoanStar Suomi\" \/>\n<meta property=\"article:modified_time\" content=\"2019-08-14T19:56:04+00:00\" \/>\n<meta name=\"twitter:card\" content=\"summary_large_image\" \/>\n<meta name=\"twitter:label1\" content=\"Arvioitu lukuaika\" \/>\n\t<meta name=\"twitter:data1\" content=\"5 minuuttia\" \/>\n<script type=\"application\/ld+json\" class=\"yoast-schema-graph\">{\"@context\":\"https:\/\/schema.org\",\"@graph\":[{\"@type\":\"WebPage\",\"@id\":\"https:\/\/loanstar.com\/fi\/evasteet\/\",\"url\":\"https:\/\/loanstar.com\/fi\/evasteet\/\",\"name\":\"Ev\u00e4steet - LoanStar Suomi\",\"isPartOf\":{\"@id\":\"https:\/\/loanstar.com\/fi\/#website\"},\"datePublished\":\"2018-10-25T11:52:46+00:00\",\"dateModified\":\"2019-08-14T19:56:04+00:00\",\"description\":\"T\u00e4ll\u00e4 sivulla kerromme muun muassa, mihin tarkoitukseen LoanStar k\u00e4ytt\u00e4\u00e4 ev\u00e4steit\u00e4 ja kuinka ev\u00e4steet saa tarvittaessa pois k\u00e4yt\u00f6st\u00e4.\",\"breadcrumb\":{\"@id\":\"https:\/\/loanstar.com\/fi\/evasteet\/#breadcrumb\"},\"inLanguage\":\"fi\",\"potentialAction\":[{\"@type\":\"ReadAction\",\"target\":[\"https:\/\/loanstar.com\/fi\/evasteet\/\"]}]},{\"@type\":\"BreadcrumbList\",\"@id\":\"https:\/\/loanstar.com\/fi\/evasteet\/#breadcrumb\",\"itemListElement\":[{\"@type\":\"ListItem\",\"position\":1,\"name\":\"Suomi\",\"item\":\"https:\/\/loanstar.com\/fi\/\"},{\"@type\":\"ListItem\",\"position\":2,\"name\":\"Ev\u00e4steet\"}]},{\"@type\":\"WebSite\",\"@id\":\"https:\/\/loanstar.com\/fi\/#website\",\"url\":\"https:\/\/loanstar.com\/fi\/\",\"name\":\"LoanStar Suomi\",\"description\":\"Vertaa lainoja\",\"potentialAction\":[{\"@type\":\"SearchAction\",\"target\":{\"@type\":\"EntryPoint\",\"urlTemplate\":\"https:\/\/loanstar.com\/fi\/?s={search_term_string}\"},\"query-input\":\"required name=search_term_string\"}],\"inLanguage\":\"fi\"}]}<\/script>\n<!-- \/ Yoast SEO plugin. -->","yoast_head_json":{"title":"Ev\u00e4steet - LoanStar Suomi","description":"T\u00e4ll\u00e4 sivulla kerromme muun muassa, mihin tarkoitukseen LoanStar k\u00e4ytt\u00e4\u00e4 ev\u00e4steit\u00e4 ja kuinka ev\u00e4steet saa tarvittaessa pois k\u00e4yt\u00f6st\u00e4.","robots":{"index":"index","follow":"follow","max-snippet":"max-snippet:-1","max-image-preview":"max-image-preview:large","max-video-preview":"max-video-preview:-1"},"canonical":"https:\/\/loanstar.com\/fi\/evasteet\/","og_locale":"fi_FI","og_type":"article","og_title":"Ev\u00e4steet - LoanStar Suomi","og_description":"T\u00e4ll\u00e4 sivulla kerromme muun muassa, mihin tarkoitukseen LoanStar k\u00e4ytt\u00e4\u00e4 ev\u00e4steit\u00e4 ja kuinka ev\u00e4steet saa tarvittaessa pois k\u00e4yt\u00f6st\u00e4.","og_url":"https:\/\/loanstar.com\/fi\/evasteet\/","og_site_name":"LoanStar Suomi","article_modified_time":"2019-08-14T19:56:04+00:00","twitter_card":"summary_large_image","twitter_misc":{"Arvioitu lukuaika":"5 minuuttia"},"schema":{"@context":"https:\/\/schema.org","@graph":[{"@type":"WebPage","@id":"https:\/\/loanstar.com\/fi\/evasteet\/","url":"https:\/\/loanstar.com\/fi\/evasteet\/","name":"Ev\u00e4steet - LoanStar Suomi","isPartOf":{"@id":"https:\/\/loanstar.com\/fi\/#website"},"datePublished":"2018-10-25T11:52:46+00:00","dateModified":"2019-08-14T19:56:04+00:00","description":"T\u00e4ll\u00e4 sivulla kerromme muun muassa, mihin tarkoitukseen LoanStar k\u00e4ytt\u00e4\u00e4 ev\u00e4steit\u00e4 ja kuinka ev\u00e4steet saa tarvittaessa pois k\u00e4yt\u00f6st\u00e4.","breadcrumb":{"@id":"https:\/\/loanstar.com\/fi\/evasteet\/#breadcrumb"},"inLanguage":"fi","potentialAction":[{"@type":"ReadAction","target":["https:\/\/loanstar.com\/fi\/evasteet\/"]}]},{"@type":"BreadcrumbList","@id":"https:\/\/loanstar.com\/fi\/evasteet\/#breadcrumb","itemListElement":[{"@type":"ListItem","position":1,"name":"Suomi","item":"https:\/\/loanstar.com\/fi\/"},{"@type":"ListItem","position":2,"name":"Ev\u00e4steet"}]},{"@type":"WebSite","@id":"https:\/\/loanstar.com\/fi\/#website","url":"https:\/\/loanstar.com\/fi\/","name":"LoanStar Suomi","description":"Vertaa lainoja","potentialAction":[{"@type":"SearchAction","target":{"@type":"EntryPoint","urlTemplate":"https:\/\/loanstar.com\/fi\/?s={search_term_string}"},"query-input":"required name=search_term_string"}],"inLanguage":"fi"}]}},"_links":{"self":[{"href":"https:\/\/loanstar.com\/fi\/wp-json\/wp\/v2\/pages\/270"}],"collection":[{"href":"https:\/\/loanstar.com\/fi\/wp-json\/wp\/v2\/pages"}],"about":[{"href":"https:\/\/loanstar.com\/fi\/wp-json\/wp\/v2\/types\/page"}],"author":[{"embeddable":true,"href":"https:\/\/loanstar.com\/fi\/wp-json\/wp\/v2\/users\/1"}],"replies":[{"embeddable":true,"href":"https:\/\/loanstar.com\/fi\/wp-json\/wp\/v2\/comments?post=270"}],"version-history":[{"count":2,"href":"https:\/\/loanstar.com\/fi\/wp-json\/wp\/v2\/pages\/270\/revisions"}],"predecessor-version":[{"id":345,"href":"https:\/\/loanstar.com\/fi\/wp-json\/wp\/v2\/pages\/270\/revisions\/345"}],"wp:attachment":[{"href":"https:\/\/loanstar.com\/fi\/wp-json\/wp\/v2\/media?parent=270"}],"curies":[{"name":"wp","href":"https:\/\/api.w.org\/{rel}","templated":true}]}}