{"id":211,"date":"2018-10-01T15:19:00","date_gmt":"2018-10-01T15:19:00","guid":{"rendered":"http:\/\/loanstar.com\/fi\/?page_id=211"},"modified":"2019-08-17T03:22:51","modified_gmt":"2019-08-17T00:22:51","slug":"tiedot","status":"publish","type":"page","link":"https:\/\/loanstar.com\/fi\/tiedot\/","title":{"rendered":"Tietoa meist\u00e4"},"content":{"rendered":"<p>Tarjoamme r\u00e4\u00e4t\u00e4l\u00f6idyt ratkaisut, joiden avulla l\u00f6yd\u00e4t parhaan hinnan ja juuri omiin tarpeisiisi sopivan lainatuotteen.<\/p>\n<h2>LoanStar yrityksen\u00e4<\/h2>\n<p>LoanStar on sivusto, joka tarjoaa kaikki markkinoiden johtavien lainatuotteiden arvostelut samalla kertaa. Etsitp\u00e4 autolainaa, yrityslainaa, pikalainaa tai kulutusluottoa, l\u00f6yd\u00e4t meilt\u00e4 tarvitsemasi.<\/p>\n<p>Arvostelemme sek\u00e4 isoja ett\u00e4 pieni\u00e4 lainapalveluita. Reaaliaikaiseen vertailuun p\u00e4\u00e4set tutustumaan yhdell\u00e4 klikkauksella. Saat n\u00e4ht\u00e4villesi lukuisia lainatuotteita jo muutamassa sekunnissa.<\/p>\n<h2>LoanStar on enemm\u00e4n<\/h2>\n<p>Me olemme LoanStar. Autamme kuluttajia l\u00f6yt\u00e4m\u00e4\u00e4n parhaat lainatarjoukset parhaaseen hintaan \u2013 se on missiomme. Ylit\u00e4mme odotuksesi tarjoamalla seuraavaa:<\/p>\n\t<div class=\"list-ticks-secondary\">\r\n\t\t<ul>\n<li><strong>Nopea palvelu.<\/strong>\u00a0Saat k\u00e4ytett\u00e4viss\u00e4 olevat lainavaihtoehdot esille muutamassa sekunnissa. Voit suodattaa tuloksia haluamiesi kriteerien mukaan.<\/li>\n<li><strong>Helposti luettavat arvostelut.<\/strong>\u00a0L\u00f6yd\u00e4t haluamasi tiedot nopeasti, ilman raskasta selaamista. Sujuvia arvosteluitamme on helppo vertailla, ja niiden avulla teet valistuneen lainap\u00e4\u00e4t\u00f6ksen.<\/li>\n<li><strong>Puolueettomat ja perusteelliset arvostelut.<\/strong>\u00a0Toisin kuten kilpailijamme, me k\u00e4yt\u00e4mme itsen\u00e4isi\u00e4 k\u00e4ytt\u00e4j\u00e4arvioita. Lainayhti\u00f6iden arvostelut ja vertailut ovat puolueettomia eiv\u00e4tk\u00e4 suosituksemme ole ostettavissa.<\/li>\n<li><strong>Kattava sis\u00e4lt\u00f6.<\/strong>\u00a0Olemme paljon muutakin kuin lainanvertailusivusto. Haluamme kertoa lainatuotteiden hyvist\u00e4 ja huonoista puolista, jotta voit tehd\u00e4 varmempia p\u00e4\u00e4t\u00f6ksi\u00e4.<\/li>\n<\/ul>\n\t<\/div><!-- \/.list-ticks -->\r\n\t\nMik\u00e4li olet etsinyt sopivaa lainaa tuloksetta, nyt voit lopettaa etsinn\u00e4n! Olet nimitt\u00e4in tullut juuri oikeaan paikkaan.<\/p>\n<p>Olemme iloisia voidessamme tarjota ajankohtaiset lainaratkaisut k\u00e4ytt\u00f6\u00f6si. Palvelemme sinua mielell\u00e4mme my\u00f6s jatkossa el\u00e4m\u00e4n eri tilanteissa.<\/p>\n","protected":false},"excerpt":{"rendered":"<p>Tarjoamme r\u00e4\u00e4t\u00e4l\u00f6idyt ratkaisut, joiden avulla l\u00f6yd\u00e4t parhaan hinnan ja juuri omiin tarpeisiisi sopivan lainatuotteen. LoanStar yrityksen\u00e4 LoanStar on sivusto, joka&#8230;<\/p>\n","protected":false},"author":1,"featured_media":0,"parent":0,"menu_order":0,"comment_status":"closed","ping_status":"closed","template":"templates\/about-us.php","meta":{"footnotes":""},"yoast_head":"<!-- This site is optimized with the Yoast SEO plugin v21.0 - https:\/\/yoast.com\/wordpress\/plugins\/seo\/ -->\n<title>Tietoa meist\u00e4 - Mik\u00e4 on LoanStar? - LoanStar Suomi<\/title>\n<meta name=\"description\" content=\"LoanStar on tarjoamamme palvelu, joka auttaa sinua tekem\u00e4\u00e4n parhaita mahdollisia p\u00e4\u00e4t\u00f6ksi\u00e4 silloin kun olet aikeissa ottaa lainaa.\" \/>\n<meta name=\"robots\" content=\"index, follow, max-snippet:-1, max-image-preview:large, max-video-preview:-1\" \/>\n<link rel=\"canonical\" href=\"https:\/\/loanstar.com\/fi\/tiedot\/\" \/>\n<meta property=\"og:locale\" content=\"fi_FI\" \/>\n<meta property=\"og:type\" content=\"article\" \/>\n<meta property=\"og:title\" content=\"Tietoa meist\u00e4 - Mik\u00e4 on LoanStar? - LoanStar Suomi\" \/>\n<meta property=\"og:description\" content=\"LoanStar on tarjoamamme palvelu, joka auttaa sinua tekem\u00e4\u00e4n parhaita mahdollisia p\u00e4\u00e4t\u00f6ksi\u00e4 silloin kun olet aikeissa ottaa lainaa.\" \/>\n<meta property=\"og:url\" content=\"https:\/\/loanstar.com\/fi\/tiedot\/\" \/>\n<meta property=\"og:site_name\" content=\"LoanStar Suomi\" \/>\n<meta property=\"article:modified_time\" content=\"2019-08-17T00:22:51+00:00\" \/>\n<meta name=\"twitter:card\" content=\"summary_large_image\" \/>\n<meta name=\"twitter:label1\" content=\"Arvioitu lukuaika\" \/>\n\t<meta name=\"twitter:data1\" content=\"1 minuutti\" \/>\n<script type=\"application\/ld+json\" class=\"yoast-schema-graph\">{\"@context\":\"https:\/\/schema.org\",\"@graph\":[{\"@type\":\"WebPage\",\"@id\":\"https:\/\/loanstar.com\/fi\/tiedot\/\",\"url\":\"https:\/\/loanstar.com\/fi\/tiedot\/\",\"name\":\"Tietoa meist\u00e4 - Mik\u00e4 on LoanStar? - LoanStar Suomi\",\"isPartOf\":{\"@id\":\"https:\/\/loanstar.com\/fi\/#website\"},\"datePublished\":\"2018-10-01T15:19:00+00:00\",\"dateModified\":\"2019-08-17T00:22:51+00:00\",\"description\":\"LoanStar on tarjoamamme palvelu, joka auttaa sinua tekem\u00e4\u00e4n parhaita mahdollisia p\u00e4\u00e4t\u00f6ksi\u00e4 silloin kun olet aikeissa ottaa lainaa.\",\"breadcrumb\":{\"@id\":\"https:\/\/loanstar.com\/fi\/tiedot\/#breadcrumb\"},\"inLanguage\":\"fi\",\"potentialAction\":[{\"@type\":\"ReadAction\",\"target\":[\"https:\/\/loanstar.com\/fi\/tiedot\/\"]}]},{\"@type\":\"BreadcrumbList\",\"@id\":\"https:\/\/loanstar.com\/fi\/tiedot\/#breadcrumb\",\"itemListElement\":[{\"@type\":\"ListItem\",\"position\":1,\"name\":\"Suomi\",\"item\":\"https:\/\/loanstar.com\/fi\/\"},{\"@type\":\"ListItem\",\"position\":2,\"name\":\"Tietoa meist\u00e4\"}]},{\"@type\":\"WebSite\",\"@id\":\"https:\/\/loanstar.com\/fi\/#website\",\"url\":\"https:\/\/loanstar.com\/fi\/\",\"name\":\"LoanStar Suomi\",\"description\":\"Vertaa lainoja\",\"potentialAction\":[{\"@type\":\"SearchAction\",\"target\":{\"@type\":\"EntryPoint\",\"urlTemplate\":\"https:\/\/loanstar.com\/fi\/?s={search_term_string}\"},\"query-input\":\"required name=search_term_string\"}],\"inLanguage\":\"fi\"}]}<\/script>\n<!-- \/ Yoast SEO plugin. -->","yoast_head_json":{"title":"Tietoa meist\u00e4 - Mik\u00e4 on LoanStar? - LoanStar Suomi","description":"LoanStar on tarjoamamme palvelu, joka auttaa sinua tekem\u00e4\u00e4n parhaita mahdollisia p\u00e4\u00e4t\u00f6ksi\u00e4 silloin kun olet aikeissa ottaa lainaa.","robots":{"index":"index","follow":"follow","max-snippet":"max-snippet:-1","max-image-preview":"max-image-preview:large","max-video-preview":"max-video-preview:-1"},"canonical":"https:\/\/loanstar.com\/fi\/tiedot\/","og_locale":"fi_FI","og_type":"article","og_title":"Tietoa meist\u00e4 - Mik\u00e4 on LoanStar? - LoanStar Suomi","og_description":"LoanStar on tarjoamamme palvelu, joka auttaa sinua tekem\u00e4\u00e4n parhaita mahdollisia p\u00e4\u00e4t\u00f6ksi\u00e4 silloin kun olet aikeissa ottaa lainaa.","og_url":"https:\/\/loanstar.com\/fi\/tiedot\/","og_site_name":"LoanStar Suomi","article_modified_time":"2019-08-17T00:22:51+00:00","twitter_card":"summary_large_image","twitter_misc":{"Arvioitu lukuaika":"1 minuutti"},"schema":{"@context":"https:\/\/schema.org","@graph":[{"@type":"WebPage","@id":"https:\/\/loanstar.com\/fi\/tiedot\/","url":"https:\/\/loanstar.com\/fi\/tiedot\/","name":"Tietoa meist\u00e4 - Mik\u00e4 on LoanStar? - LoanStar Suomi","isPartOf":{"@id":"https:\/\/loanstar.com\/fi\/#website"},"datePublished":"2018-10-01T15:19:00+00:00","dateModified":"2019-08-17T00:22:51+00:00","description":"LoanStar on tarjoamamme palvelu, joka auttaa sinua tekem\u00e4\u00e4n parhaita mahdollisia p\u00e4\u00e4t\u00f6ksi\u00e4 silloin kun olet aikeissa ottaa lainaa.","breadcrumb":{"@id":"https:\/\/loanstar.com\/fi\/tiedot\/#breadcrumb"},"inLanguage":"fi","potentialAction":[{"@type":"ReadAction","target":["https:\/\/loanstar.com\/fi\/tiedot\/"]}]},{"@type":"BreadcrumbList","@id":"https:\/\/loanstar.com\/fi\/tiedot\/#breadcrumb","itemListElement":[{"@type":"ListItem","position":1,"name":"Suomi","item":"https:\/\/loanstar.com\/fi\/"},{"@type":"ListItem","position":2,"name":"Tietoa meist\u00e4"}]},{"@type":"WebSite","@id":"https:\/\/loanstar.com\/fi\/#website","url":"https:\/\/loanstar.com\/fi\/","name":"LoanStar Suomi","description":"Vertaa lainoja","potentialAction":[{"@type":"SearchAction","target":{"@type":"EntryPoint","urlTemplate":"https:\/\/loanstar.com\/fi\/?s={search_term_string}"},"query-input":"required name=search_term_string"}],"inLanguage":"fi"}]}},"_links":{"self":[{"href":"https:\/\/loanstar.com\/fi\/wp-json\/wp\/v2\/pages\/211"}],"collection":[{"href":"https:\/\/loanstar.com\/fi\/wp-json\/wp\/v2\/pages"}],"about":[{"href":"https:\/\/loanstar.com\/fi\/wp-json\/wp\/v2\/types\/page"}],"author":[{"embeddable":true,"href":"https:\/\/loanstar.com\/fi\/wp-json\/wp\/v2\/users\/1"}],"replies":[{"embeddable":true,"href":"https:\/\/loanstar.com\/fi\/wp-json\/wp\/v2\/comments?post=211"}],"version-history":[{"count":5,"href":"https:\/\/loanstar.com\/fi\/wp-json\/wp\/v2\/pages\/211\/revisions"}],"predecessor-version":[{"id":341,"href":"https:\/\/loanstar.com\/fi\/wp-json\/wp\/v2\/pages\/211\/revisions\/341"}],"wp:attachment":[{"href":"https:\/\/loanstar.com\/fi\/wp-json\/wp\/v2\/media?parent=211"}],"curies":[{"name":"wp","href":"https:\/\/api.w.org\/{rel}","templated":true}]}}