{"id":16,"date":"2018-09-18T12:09:01","date_gmt":"2018-09-18T12:09:01","guid":{"rendered":"http:\/\/loanstar.com\/fi\/?page_id=16"},"modified":"2020-02-05T15:24:19","modified_gmt":"2020-02-05T13:24:19","slug":"pikavippi","status":"publish","type":"page","link":"https:\/\/loanstar.com\/fi\/lainaa\/pikavippi\/","title":{"rendered":"Pikavippi"},"content":{"rendered":"<h2>Yleist\u00e4 pikalainoista Suomessa<\/h2>\n<p><em>Pikavippi, pikalaina, kulutusluotto<\/em> ja <em>joustoluotto<\/em> tarkoittavat kaikki viime k\u00e4dess\u00e4 samaa asiaa.<\/p>\n<p><strong>Suomessa markkinoidaan nykyisin runsaasti vakuudettomia <a href=\"http:\/\/loanstar.com\/fi\/lainaa\/kulutusluotto\/\">kulutusluottoja<\/a>. Niiss\u00e4 kaikissa on sama perusidea: vakuutta tai takaajia ei vaadita. Tavallisesti pikavippej\u00e4 haetaan pikkusummia ja ne maksetaan takaisin lyhyehk\u00f6n ajan kuluessa.<\/strong><\/p>\n<p>Jokainen tiet\u00e4\u00e4 varmasti tilanteen, jossa rahat eiv\u00e4t meinaa riitt\u00e4\u00e4 seuraavaan palkkap\u00e4iv\u00e4\u00e4n asti. Joskus yll\u00e4tt\u00e4v\u00e4 lasku tulee maksettavaksi kehnoimmalla hetkell\u00e4. Ehk\u00e4p\u00e4 kodinkone on tarjouksessa juuri nyt, ja my\u00f6hemmin siit\u00e4 saa pulittaa normaalihinnan.<\/p>\n<p>T\u00e4llaisia tilanteita varten monet ovat varautuneet\u00a0luottokortilla. Toinen vaihtoehto on my\u00f6s ottaa pikavippi. Olet saattanut ehk\u00e4 n\u00e4hd\u00e4 pikavippimainoksia televisiossa tai kadunvarsimainoksissa, mutta mit\u00e4 tied\u00e4t oikeasti t\u00e4st\u00e4 rahoitustuotteesta?<\/p>\n<h3>Pikavippej\u00e4 tarjoavia firmoja on enemm\u00e4n kuin koskaan<\/h3>\n<p>Viime vuosina Suomen pikalainamarkkinoilla on ollut paljon tarjontaa ja yritykset ovat kilpailleet asiakkaista kiivaasti. Erilaisia lainantarjoajia on toiminut perinteisten pankkien rinnalla noin kymmenen vuoden ajan.<\/p>\n<p>Pikavippien alkuvuodet olivat todella villej\u00e4. Ensimm\u00e4inen pikalainayhti\u00f6 aloitti toimintansa Suomessa vuonna 2005. Jo kahden vuoden p\u00e4\u00e4st\u00e4 markkinoilla toimi 50 pikavippiyrityst\u00e4. Vuonna 2012 niit\u00e4 oli per\u00e4ti 85.<\/p>\n<p>Alussa pikalainamarkkinoilla tarjottavat vipit olivat l\u00e4hes poikkeuksetta nopeassa ajassa takaisin maksettavia pikalainoja. Nykyisin tarjolla on huomattavasti enemm\u00e4n vaihtoehtoja. Pikavippien takaisinmaksuaika voi olla mit\u00e4 tahansa kahdesta viikosta jopa useisiin vuosiin.<\/p>\n<p>Pikavippien yleistyess\u00e4 Suomessa tuli tutuksi my\u00f6s k\u00e4site <em>tekstarilaina<\/em>. Ei ole kovinkaan kauan aikaa siit\u00e4 kun lainaa pystyi todella hakemaan vaikka tekstiviestill\u00e4 keskell\u00e4 y\u00f6t\u00e4 ja niist\u00e4 saatettiin pyyt\u00e4\u00e4 satojen tai jopa tuhansien prosenttien korkoja. Nykyisin toiminta on siistiytynyt paljon ja yrityksi\u00e4 s\u00e4\u00e4nnell\u00e4\u00e4n huomattavasti tiukemmin.<\/p>\n<p><strong>Vuonna 2013 s\u00e4\u00e4dettiin pikavippilaki, joka asetti lainoille korkokaton. Korkeintaan 2 000 euron suuruisesta lainasta voi peri\u00e4 korkeintaan 50 % korkoa. Moni pikalainayhti\u00f6 lopettikin toimintansa lakimuutoksen my\u00f6t\u00e4.<\/strong><\/p>\n<p>My\u00f6sk\u00e4\u00e4n y\u00f6ll\u00e4 ei saa en\u00e4\u00e4 my\u00f6nt\u00e4\u00e4 pikavippej\u00e4, toisin kuin viel\u00e4 2000-luvun alussa. Lainahakemuksia yhti\u00f6t saavat k\u00e4sitell\u00e4 mihin aikaan vuorokaudesta tahansa, mutta rahat voidaan maksaa tilille vain kello 7.00 ja 23.00 v\u00e4lisen\u00e4 aikana.<\/p>\n<p>Lain mukaan pikavippiyhti\u00f6n sivuilla t\u00e4ytyy lukea niin sanotut <em>vakiomuotoiset eurooppalaiset kuluttajaehdot<\/em>. Niist\u00e4 k\u00e4y ilmi lainan todellinen vuosikorko.<\/p>\n<h2>Pikavippi nopealla aikataululla<\/h2>\n<p>Yksi pikalainojen suosion syist\u00e4 on ep\u00e4ilem\u00e4tt\u00e4 hakemisen helppous ja nopeus. Voit hakea lainaa omasta kodistasi k\u00e4sin kertomatta lainaamisen syyt\u00e4 kenellek\u00e4\u00e4n. Lainap\u00e4\u00e4t\u00f6s tulee nopeasti ja rahat ovat parhaimmassa tapauksessa tilill\u00e4si noin 15 minuutissa.<\/p>\n<p>Pikavippien takaisinmaksukin on helppoa, kunhan lainaaja laatii jo etuk\u00e4teen selke\u00e4n maksusuunnitelman. Yleens\u00e4 lainayhti\u00f6n verkkosivuilla n\u00e4et laskurin avulla, mink\u00e4 verran kuukausier\u00e4 tulee maksamaan miss\u00e4kin takaisinmaksuajassa.<\/p>\n<p><strong>Yksi pikalainojen suurimmista myyteist\u00e4 on niiden kalleus. On aivan totta, ett\u00e4 korkoprosentti on korkeampi kuin vakuudellisissa lainoissa, mutta jos etsit sopivaa lainasummaa, jonka pystyt maksamaan takaisin, pikalaina voi olla hyv\u00e4 vaihtoehto. Ensimm\u00e4ist\u00e4 lainaa hakiessasi voit saada lis\u00e4ksi korottoman ensilainan.<\/strong><\/p>\n<p>Jos l\u00f6yd\u00e4t sopivan television alennusmyynneist\u00e4 sopivasti juuri kun entinen on hajonnut, kannattaa se tietenkin ostaa alennettuun hintaan. Taloudellisesti j\u00e4rkev\u00e4\u00e4 on ostaa kyseinen telkkari ennen kuin sen hinta pompsahtaa takaisin normaalilukemiin siihen menness\u00e4 ett\u00e4 olet ehtinyt s\u00e4\u00e4st\u00e4\u00e4 rahat. Pikavippi on t\u00e4ll\u00f6in helppo ja luonteva ratkaisu.<\/p>\n<p>Pikavippej\u00e4 voi hy\u00f6dynt\u00e4\u00e4 my\u00f6s matkoja suunnitellessa. Monet verkossa myyt\u00e4v\u00e4t matkat on mahdollista saada tarjoushintaan, kunhan toimit nopeasti. Odottelemalla hinnat yleens\u00e4 nousevat ajan my\u00f6t\u00e4.<\/p>\n<h2>Pikavippien historia<\/h2>\n<p>Pikavipit saivat alkunsa Yhdysvalloista, jossa niit\u00e4 kutsuttiin niin sanotuiksi <em>cash day loaneiksi<\/em> eli palkkap\u00e4iv\u00e4lainoiksi. Palkkaennakoksikin kutsuttuja lainoja alettiin my\u00f6nt\u00e4\u00e4 lyhyiksi ajoiksi, ja ne maksettiin aina takaisin ty\u00f6ntekij\u00f6iden palkkap\u00e4iv\u00e4n\u00e4.<\/p>\n<p>Lainoja kutsuttiin my\u00f6s k\u00e4teisennakoksi, sill\u00e4 ne maksettiin ty\u00f6ntekij\u00f6ille &#8221;ennen aikojaan&#8221;. N\u00e4m\u00e4 lainat riippuivat kuluttajien maksukyvyst\u00e4 eli s\u00e4\u00e4nn\u00f6llisist\u00e4 palkkatuloista.<\/p>\n<p>Palkkap\u00e4iv\u00e4lainoja alettiin my\u00f6nt\u00e4\u00e4 siksi, ett\u00e4 tavalliset pankkilainat olivat tavallisten ihmisten ulottumattomissa.<\/p>\n<h3>Ennen pikalainoja panttilainaamoita k\u00e4ytettiin ahkerasti<\/h3>\n<p>Tuohon aikaan amerikkalaiset k\u00e4yttiv\u00e4t panttilainaamoiden palveluita tihe\u00e4\u00e4n tahtiin. Rahapulainen vei panttilainaamoon arvokkaan tavaran, kuten kultakorun, jota vastaan h\u00e4n sai rahaa. Lainaajan piti maksaa alkuper\u00e4inen laina koron kera ennen laina-ajan p\u00e4\u00e4ttymist\u00e4. Jos panttilainaamon pit\u00e4j\u00e4 ei saanut rahaa takaisin m\u00e4\u00e4r\u00e4aikaan menness\u00e4, h\u00e4n myi kultakorun ja piti saamansa rahat.<\/p>\n<p>Panttilainaamot eiv\u00e4t ole kadonneet mihink\u00e4\u00e4n. My\u00f6s Suomessa toimii yh\u00e4 monia panttilainaamoita ja nyky\u00e4\u00e4n on olemassa my\u00f6s <a href=\"https:\/\/www.mtvuutiset.fi\/artikkeli\/panttilainaamossa-voi-kayda-omalta-kotisohvalta\/3458808\" target=\"_blank\" rel=\"noopener noreferrer\">panttilainaamoita verkossa<\/a>, mutta niiden suosio on merkitt\u00e4v\u00e4sti hiipunut luottokorttien ja pikalainojen my\u00f6t\u00e4.<\/p>\n<h3>Luottokortit pikalainojen edelt\u00e4jin\u00e4<\/h3>\n<p>Luottokortit ovat vanhoista rahoitustuotteista l\u00e4himp\u00e4n\u00e4 pikavippien ideaa. Asiakas ottaa luottokortiltaan &#8221;lainaa&#8221;, jonka maksaa takaisin er\u00e4p\u00e4iv\u00e4\u00e4n menness\u00e4 kokonaan tai osamaksulla kuukausittain niin kauan, kunnes p\u00e4\u00e4oma on maksettu. Luottokortin my\u00f6nt\u00e4nyt taho perii lainasta korkoa joka kuukausi.<\/p>\n<p>Lainamarkkinoilla on vasta hiljattain koettu muutoksia, sill\u00e4 pankkien lis\u00e4ksi markkinoille alkoi ilmestym\u00e4\u00e4n 2000-luvulla pikalainayhti\u00f6it\u00e4. Teknologinen kehitys mahdollisti uudenlaisten lainapalveluiden kehitt\u00e4misen. Nykyisin lainahakemuksen voi j\u00e4tt\u00e4\u00e4 n\u00e4pp\u00e4r\u00e4sti verkossa, eli en\u00e4\u00e4 hakijalta ei edellytet\u00e4 fyysiseen kivijalkakonttoriin menemist\u00e4.<\/p>\n<h2>Pohdi n\u00e4it\u00e4 asioita ennen vippaamista<\/h2>\n<h3>1. Tarvitsetko rahaa pikaisesti?<\/h3>\n<p>Miten pikaisesti tarvitset rahaa? Jos lainan tarve on \u00e4killinen esimerkiksi kodinkoneen rikkoutuessa tai viisaudenhampaan vihloessa, lainatarpeen voi hoitaa pikalainalla.<\/p>\n<p>Jos lainaamisella ei ole niin kiire, voit my\u00f6s tehd\u00e4 kuukausibudjetin ja s\u00e4\u00e4st\u00e4\u00e4 rahaa etuk\u00e4teen.<\/p>\n<h3>2. Millainen on maksukykysi?<\/h3>\n<p>Pystytk\u00f6 varmasti maksamaan lainan takaisin? Jos tied\u00e4t jo lainanhakuhetkell\u00e4, ettet kykene lyhent\u00e4m\u00e4\u00e4n velkaa vaaditussa kuukausitahdissa, \u00e4l\u00e4 ota velkaa, vaan mieti ensin muita vaihtoehtoja.<\/p>\n<p>Jos sen sijaan paikkaat tilap\u00e4ist\u00e4 talousvajetta ja tied\u00e4t, ett\u00e4 seuraavista tuloistasi voit maksaa lainan takaisin kokonaan tai lyhent\u00e4\u00e4 lainaa osamaksulla lainaehtojen mukaisesti, lainan hakeminen on perusteltua.<\/p>\n<h3>3. Oletko suunnitellut kuukausibudjetin?<\/h3>\n<p>Oman, henkil\u00f6kohtaisen kuukausibudjetin laatiminen voi olla j\u00e4rkev\u00e4\u00e4. Siihen kirjataan tulot ja menot sek\u00e4 lasketaan, montako euroa kuukaudessa lainanlyhennyksiin kuluu.<\/p>\n<p><strong>Kun teet takaisinmaksusuunnitelman jo ennen hakemuksen j\u00e4tt\u00e4mist\u00e4, saat realistisen kuvan omasta taloustilanteestasi.<\/strong><\/p>\n<h2>Kenelle lainat on tarkoitettu?<\/h2>\n<p>Kuka tahansa Suomen kansalainen, jolla on luottotiedot kunnossa, voi hakea pikalainaa. Yleens\u00e4 vaatimuksena on 20 vuoden ik\u00e4. Tavallisesti viel\u00e4 18-vuotiaille ei my\u00f6nnet\u00e4 pikalainoja, koska lainayhti\u00f6t ajattelevat, ettei nuorten taloustilanne ole tarpeeksi vakiintunut.<\/p>\n<p>Lainaa ei kannata hakea, jos arvelet, ettet pysty maksamaan sit\u00e4 takaisin. Jos sinulla on vanhoja velkoja ja harkitset ottavasi uutta lainaa vanhojen maksamiseksi, ajatus ei v\u00e4ltt\u00e4m\u00e4tt\u00e4 ole paras mahdollinen.<\/p>\n<p><strong>Joissakin tapauksissa voi olla j\u00e4rkev\u00e4\u00e4 ottaa yksi laina, jolla maksaa kaikki lainat pois, mutta sen j\u00e4lkeen on visusti varottava velkaantumasta lis\u00e4\u00e4.<\/strong><\/p>\n<p>Pikavipit ovat nopeita, niit\u00e4 on helppo hakea ja ne voi maksaa pois lyhyess\u00e4 ajassa, mink\u00e4 vuoksi niiden kysynt\u00e4 on suurta. My\u00f6s moni hakija, joka voisi tarjota lainalleen pantin, valitsee mieluummin vakuudettoman lainan, koska rahat saa tilille niin nopeasti.<\/p>\n<p>T\u00e4m\u00e4 rahoitusvaihtoehto voi olla j\u00e4rkev\u00e4, jos vertailet lainojen hintoja etuk\u00e4teen tarkasti. Meid\u00e4n sivustomme auttaa sinua arvioinnissa.<\/p>\n<h3>Pikavipin saamisen ehdot<\/h3>\n<ul>\n<li>Ik\u00e4 v\u00e4hint\u00e4\u00e4n 20 vuotta<\/li>\n<li>Ei <a href=\"https:\/\/www.kuluttajaliitto.fi\/tietopankki\/oman-talouden-hallinta\/velkaantuminen-ja-maksuhairiot\/maksuhairiot\/\" target=\"_blank\" rel=\"noopener noreferrer\">maksuh\u00e4iri\u00f6merkint\u00f6j\u00e4<\/a><\/li>\n<li>Suomen kansalaisuus<\/li>\n<li>Vakituiset tulot<\/li>\n<\/ul>\n<p>Suomen kansalaiset tai vakituisen oleskeluluvan haltijat voivat hakea pikavippi\u00e4. Yleens\u00e4 vaaditaan, ett\u00e4 v\u00e4est\u00f6tietorekisteriin on kirjattu vakituinen kotiosoite v\u00e4hint\u00e4\u00e4n 2 vuoden ajalta. T\u00e4m\u00e4 vaatimus vaihtelee lainayhti\u00f6itt\u00e4in.<\/p>\n<p>Yleens\u00e4 v\u00e4himm\u00e4isik\u00e4 on 20 vuotta, joskus on my\u00f6s yl\u00e4ik\u00e4raja noin 60 ja 70 vuoden v\u00e4lill\u00e4 lainattavasta summasta riippuen.<\/p>\n<p>Maksuh\u00e4iri\u00f6merkint\u00f6j\u00e4 ei saa olla. Luottotiedot tarkistetaan hakemuksen yhteydess\u00e4 aina luottorekisterinpit\u00e4jilt\u00e4 eli Suomen Asiakastiedolta tai Bisnode Oy:lt\u00e4. T\u00e4ll\u00e4 hetkell\u00e4 mik\u00e4\u00e4n lainayhti\u00f6 ei my\u00f6nn\u00e4 lainaa maksuh\u00e4iri\u00f6merkinn\u00e4n saaneille.<\/p>\n<p>Vakituisten tulojen minimim\u00e4\u00e4r\u00e4 vaihtelee lainakohtaisesti. Mit\u00e4 suurempaa pikavippi\u00e4 haet, sit\u00e4 suurempia tuloja edellytet\u00e4\u00e4n.<\/p>\n<h2>Koroton ensilaina on hyv\u00e4 tarjous<\/h2>\n<p>Jos et ole ennen ottanut pikavippi\u00e4, kannattaa mets\u00e4st\u00e4\u00e4 korottomia tarjouksia. Korottomalla lainalla halutaan houkutella uusia asiakkaita. Hyv\u00e4lt\u00e4 kuulostava tarjous on todella mahdollinen: jos todelliseksi vuosikoroksi ilmoitetaan 0 %, laina on todellakin hakijalleen ilmainen.<\/p>\n<p>Et saa tietenk\u00e4\u00e4n mist\u00e4\u00e4n tarvitsemaasi rahasummaa lahjoituksena, mutta korottoman ensilainan kohdalla et joudu kuitenkaan maksamaan lainasta korkoa, vaan maksat takaisin pelk\u00e4n p\u00e4\u00e4oman. Yleens\u00e4 ilmaistarjoukset koskevat vain pienehk\u00f6j\u00e4, muutaman satasen suuruisia korkosummia.<\/p>\n<p><strong>Korottomiin lainoihin p\u00e4tev\u00e4t kuitenkin samat hakuehdot kuin muihinkin: luottotietojesi on oltava kunnossa ja sinun t\u00e4ytyy t\u00e4ytt\u00e4\u00e4 muut hakuehdot.<\/strong><\/p>\n<p>Jotkin kuluttajat mets\u00e4st\u00e4v\u00e4t korottomia lainatarjouksia eri lainayhti\u00f6ist\u00e4, maksavat entiset ajallaan pois ja saavat n\u00e4in korotonta lainaa vuoden mittaan useita satoja euroja. T\u00e4llaiseen keplotteluun ei ole v\u00e4ltt\u00e4m\u00e4tt\u00e4 j\u00e4rkev\u00e4\u00e4 ryhty\u00e4. Kannattaa lainata aina vain sen verran mit\u00e4 tarvitsee.<\/p>\n<h2>Mihin tarkoitukseen on hyv\u00e4 hakea pikavippi\u00e4?<\/h2>\n<p>Pikavippi\u00e4 haetaan monenlaisiin k\u00e4ytt\u00f6tarkoituksiin. Suomalaiset hakevat vippi\u00e4 esimerkiksi seuraaviin k\u00e4ytt\u00f6kohteisiin:<\/p>\n<ul>\n<li>Kes\u00e4m\u00f6kin kunnostamista varten<\/li>\n<li>Uutta autoa varten<\/li>\n<li>Hammasl\u00e4\u00e4k\u00e4rikuluja varten<\/li>\n<li>Lemmikin el\u00e4inl\u00e4\u00e4k\u00e4rikuluja varten<\/li>\n<li>Isojen juhlien kuten h\u00e4iden j\u00e4rjest\u00e4mist\u00e4 varten<\/li>\n<\/ul>\n<p>Pikalainayhti\u00f6iden joustavuuteen kuitenkin kuuluu, ett\u00e4 sinun ei tarvitse selitt\u00e4\u00e4 lainarahojen k\u00e4ytt\u00f6tarkoitusta. Tiedot lainarahojen k\u00e4ytt\u00f6tarkoituksesta ovat per\u00e4isin kyselyist\u00e4. Yritykset teett\u00e4v\u00e4t aika ajoin kyselyit\u00e4, joissa ne kysyv\u00e4t asiakkaidensa lainojen k\u00e4ytt\u00f6tarkoitusta, mutta n\u00e4ihin kyselyihin vastaaminen on vapaaehtoista.<\/p>\n<p><strong>Kun tiedossa on yll\u00e4tt\u00e4v\u00e4 menoer\u00e4, pikavipill\u00e4 voi saada joustoa kuukausibudjettiin.<\/strong><\/p>\n<p>On kuitenkin k\u00e4ytt\u00f6tarkoituksia, joihin vippi\u00e4 ei kannata ottaa, sill\u00e4 se voi pahimmillaan johtaa pahaan <a href=\"http:\/\/loanstar.com\/fi\/miksi-ihmiset-velkaantuvat\/\">velkaantumiseen<\/a>. T\u00e4llaisia ovat esimerkiksi seuraavat tilanteet:<\/p>\n<ul>\n<li>Uhkapelaaminen<\/li>\n<li>Her\u00e4teostokset<\/li>\n<li>Baari-iltojen rahoittaminen<\/li>\n<li>Vanhojen vippien poismaksaminen<\/li>\n<\/ul>\n<p>Mik\u00e4li havaitset, ett\u00e4 lainaaminen meinaa muodostua ongelmaksi, voit hakea vapaaehtoista luottokieltoa. T\u00e4ss\u00e4 tapauksessa otat itse yhteytt\u00e4 lainayhti\u00f6\u00f6n ja pyyd\u00e4t, ettei sinulle my\u00f6nnet\u00e4 lis\u00e4\u00e4 lainaa.<\/p>\n<p>Valtaosa suomalaisista kuitenkin hoitaa velkansa asiallisesti m\u00e4\u00e4r\u00e4aikaan menness\u00e4 pois, ja sinunkin kannattaa ottaa lainaa tarpeeseen, jos maksukykysi sen sallii. Vastoin yleist\u00e4 luuloa suomalaisista pikavippien ottajista valtaosa on keski-ik\u00e4isi\u00e4, ei nuoria.<\/p>\n<p>Pikavippej\u00e4 otetaan ja annetaan keskim\u00e4\u00e4rin vastuullisesti. Lainayhti\u00f6 tekee aina kartoituksen hakijan maksukyvyst\u00e4 ja arvioi, tuleeko h\u00e4n maksamaan lainan takaisin. On yritysten intressien mukaista lainata rahaa vastuullisesti.<\/p>\n<h2>Luottojen yhdistely yhdell\u00e4 lainalla<\/h2>\n<p>Joissakin erikoistapauksissa voi olla j\u00e4rkev\u00e4\u00e4 yhdist\u00e4\u00e4 useat edelliset pikkulainat yhdeksi suuremmaksi lainaksi ja maksaa kaikki kerralla pois. Sinun tarvitsee muistaa vain yksi er\u00e4p\u00e4iv\u00e4 ja maksaa korkokuluja vain yhdest\u00e4 lainasta. T\u00e4ll\u00f6in on pid\u00e4tt\u00e4ydytt\u00e4v\u00e4 ottamasta lis\u00e4\u00e4 lainaa tai tekem\u00e4st\u00e4 her\u00e4teostoksia.<\/p>\n<p>Jotkin internetin palveluntarjoajat tarjoavat lainojenyhdist\u00e4mispalvelua. T\u00e4ss\u00e4 tapauksessa lainayhti\u00f6 maksaa kaikki sinulla olevat velat kerralla pois ja alat lyhent\u00e4\u00e4 kyseisen palveluntarjoajan velkaa.<\/p>\n<p><strong>T\u00e4rke\u00e4\u00e4 on aina huolellisesti tarkistaa lainaehdot. Kilpailuta tarjolla olevat lainat ja valita niist\u00e4 itselle kaikkein edullisin vaihtoehto.<\/strong><\/p>\n<h2>Erilaisia pikavippityyppej\u00e4<\/h2>\n<p>Markkinoilla on eri tyyppisi\u00e4 pikalainoja, joista tavallisimmat esitell\u00e4\u00e4n seuraavaksi.<\/p>\n<h3>Kertaluontoinen laina<\/h3>\n<p>Voit tarvittaessa ottaa kertasummana koko tarvitsemasi lainasumman, jolloin rahat maksetaan tilillesi yhdess\u00e4 er\u00e4ss\u00e4. Voit k\u00e4ytt\u00e4\u00e4 saamasi lainarahat haluamallasi tavalla.<\/p>\n<h3>Joustoluotto<\/h3>\n<p>Tarjolla on my\u00f6s joustoluottotilin tai joustovipin nimell\u00e4 kulkevia rahoitustuotteita. Ne tarkoittavat suomeksi samaa kuin luottotili.<\/p>\n<p>Joustoluotossa sinulle annetaan maksimilimiitti, yleens\u00e4 korkeintaan 2 000 euroa, ja saat nostaa tililt\u00e4 sen verran rahaa kuin haluat. Saat maksimilimitin my\u00f6s siin\u00e4 tapauksessa ett\u00e4 et tarvitsisi enemp\u00e4\u00e4 kuin parisataa euroa. Silloin on tahdonvoimasta kiinni, ettei k\u00e4yt\u00e4 enemp\u00e4\u00e4 lainarahaa kuin tarvitsee. Houkutus voi olla suuri.<\/p>\n<p><strong>Joustoluottotili muistuttaa eniten luottokorttia. Kun olet maksanut edellisen nostamasi er\u00e4n pois er\u00e4p\u00e4iv\u00e4\u00e4n menness\u00e4, saldosi palautuu entiselleen luottolimitin asettamissa puitteissa. Voit sen j\u00e4lkeen tehd\u00e4 uuden noston tarvittaessa, joten joustoluottotili\u00e4 voi k\u00e4ytt\u00e4\u00e4 pitk\u00e4lti luottokortin tapaan.<\/strong><\/p>\n<p>Jos p\u00e4\u00e4dyt t\u00e4h\u00e4n ratkaisuun, ota huomioon lis\u00e4kulut. Tilist\u00e4 saatetaan peri\u00e4 tilinhoitomaksuja ja jokaisesta nostosta veloitetaan yleems\u00e4 v\u00e4hint\u00e4\u00e4n muutaman eurona ja korkeintaan kymmenien eurojen arvoinen nostopalkkio.<\/p>\n<p>T\u00e4st\u00e4 syyst\u00e4 on monesti kannattavinta nostaa kerralla koko tarvitsemansa summa ja sen j\u00e4lkeen j\u00e4tt\u00e4\u00e4 tili oman onnensa nojaan.<\/p>\n<h2>Yhteenveto pikavipeist\u00e4<\/h2>\n<p>Pikavipit ovat tulleet Suomen lainamarkkinoille j\u00e4\u00e4d\u00e4kseen.\u00a0T\u00e4ll\u00e4 sivustolla annamme vinkkej\u00e4 lainojen vertailuun.<\/p>\n<p>Nykyisin alaa s\u00e4\u00e4dell\u00e4\u00e4n, ja korkeintaan 2 000 euron pikavippej\u00e4 koskee korkokatto. Korkoa ei saa siis kiskoa miten paljon tahansa. Tarkista aina korkokulut ennen pikavipin ottamista.<\/p>\n<p>Yleens\u00e4 vaatimuksena on noin 20 tai 21 vuoden ik\u00e4, eik\u00e4 hakijalla saa olla luottoh\u00e4iri\u00f6merkint\u00f6j\u00e4.<\/p>\n<p><strong>Tarjolla on erilaisia rahoitustuotteita aina kerralla nostettavasta vipist\u00e4 joustoluottotileihin, joilta voit tehd\u00e4 nostoja tarpeen mukaan. Ota kuitenkin huomioon, ett\u00e4 lainayhti\u00f6t ottavat voittonsa oheismaksuista, kuten vaikkapa jokaisesta nostosta. Tarkista aina lainaehdoista, paljonko kustakin palvelusta veloitetaan.<\/strong><\/p>\n","protected":false},"excerpt":{"rendered":"<p>Yleist\u00e4 pikalainoista Suomessa Pikavippi, pikalaina, kulutusluotto ja joustoluotto tarkoittavat kaikki viime k\u00e4dess\u00e4 samaa asiaa. Suomessa markkinoidaan nykyisin runsaasti vakuudettomia kulutusluottoja&#8230;.<\/p>\n","protected":false},"author":1,"featured_media":0,"parent":10,"menu_order":0,"comment_status":"closed","ping_status":"closed","template":"templates\/calculator-follow-up.php","meta":{"footnotes":""},"yoast_head":"<!-- This site is optimized with the Yoast SEO plugin v21.0 - https:\/\/yoast.com\/wordpress\/plugins\/seo\/ -->\n<title>Pikavippi on yh\u00e4 suositumpi rahoitusmuoto - LoanStar Suomi<\/title>\n<meta name=\"description\" content=\"Monelle pikavippi on suuri helpotus yll\u00e4tt\u00e4v\u00e4ss\u00e4 rahantarpeessa. Korot voivat olla korkeita, joten eri pikavippien vertailu kannattaa.\" \/>\n<meta name=\"robots\" content=\"index, follow, max-snippet:-1, max-image-preview:large, max-video-preview:-1\" \/>\n<link rel=\"canonical\" href=\"https:\/\/loanstar.com\/fi\/lainaa\/pikavippi\/\" \/>\n<meta property=\"og:locale\" content=\"fi_FI\" \/>\n<meta property=\"og:type\" content=\"article\" \/>\n<meta property=\"og:title\" content=\"Pikavippi on yh\u00e4 suositumpi rahoitusmuoto - LoanStar Suomi\" \/>\n<meta property=\"og:description\" content=\"Monelle pikavippi on suuri helpotus yll\u00e4tt\u00e4v\u00e4ss\u00e4 rahantarpeessa. Korot voivat olla korkeita, joten eri pikavippien vertailu kannattaa.\" \/>\n<meta property=\"og:url\" content=\"https:\/\/loanstar.com\/fi\/lainaa\/pikavippi\/\" \/>\n<meta property=\"og:site_name\" content=\"LoanStar Suomi\" \/>\n<meta property=\"article:modified_time\" content=\"2020-02-05T13:24:19+00:00\" \/>\n<meta name=\"twitter:card\" content=\"summary_large_image\" \/>\n<meta name=\"twitter:label1\" content=\"Arvioitu lukuaika\" \/>\n\t<meta name=\"twitter:data1\" content=\"10 minuuttia\" \/>\n<script type=\"application\/ld+json\" class=\"yoast-schema-graph\">{\"@context\":\"https:\/\/schema.org\",\"@graph\":[{\"@type\":\"WebPage\",\"@id\":\"https:\/\/loanstar.com\/fi\/lainaa\/pikavippi\/\",\"url\":\"https:\/\/loanstar.com\/fi\/lainaa\/pikavippi\/\",\"name\":\"Pikavippi on yh\u00e4 suositumpi rahoitusmuoto - LoanStar Suomi\",\"isPartOf\":{\"@id\":\"https:\/\/loanstar.com\/fi\/#website\"},\"datePublished\":\"2018-09-18T12:09:01+00:00\",\"dateModified\":\"2020-02-05T13:24:19+00:00\",\"description\":\"Monelle pikavippi on suuri helpotus yll\u00e4tt\u00e4v\u00e4ss\u00e4 rahantarpeessa. Korot voivat olla korkeita, joten eri pikavippien vertailu kannattaa.\",\"breadcrumb\":{\"@id\":\"https:\/\/loanstar.com\/fi\/lainaa\/pikavippi\/#breadcrumb\"},\"inLanguage\":\"fi\",\"potentialAction\":[{\"@type\":\"ReadAction\",\"target\":[\"https:\/\/loanstar.com\/fi\/lainaa\/pikavippi\/\"]}]},{\"@type\":\"BreadcrumbList\",\"@id\":\"https:\/\/loanstar.com\/fi\/lainaa\/pikavippi\/#breadcrumb\",\"itemListElement\":[{\"@type\":\"ListItem\",\"position\":1,\"name\":\"Suomi\",\"item\":\"https:\/\/loanstar.com\/fi\/\"},{\"@type\":\"ListItem\",\"position\":2,\"name\":\"Lainaa\",\"item\":\"https:\/\/loanstar.com\/fi\/lainaa\/\"},{\"@type\":\"ListItem\",\"position\":3,\"name\":\"Pikavippi\"}]},{\"@type\":\"WebSite\",\"@id\":\"https:\/\/loanstar.com\/fi\/#website\",\"url\":\"https:\/\/loanstar.com\/fi\/\",\"name\":\"LoanStar Suomi\",\"description\":\"Vertaa lainoja\",\"potentialAction\":[{\"@type\":\"SearchAction\",\"target\":{\"@type\":\"EntryPoint\",\"urlTemplate\":\"https:\/\/loanstar.com\/fi\/?s={search_term_string}\"},\"query-input\":\"required name=search_term_string\"}],\"inLanguage\":\"fi\"}]}<\/script>\n<!-- \/ Yoast SEO plugin. -->","yoast_head_json":{"title":"Pikavippi on yh\u00e4 suositumpi rahoitusmuoto - LoanStar Suomi","description":"Monelle pikavippi on suuri helpotus yll\u00e4tt\u00e4v\u00e4ss\u00e4 rahantarpeessa. Korot voivat olla korkeita, joten eri pikavippien vertailu kannattaa.","robots":{"index":"index","follow":"follow","max-snippet":"max-snippet:-1","max-image-preview":"max-image-preview:large","max-video-preview":"max-video-preview:-1"},"canonical":"https:\/\/loanstar.com\/fi\/lainaa\/pikavippi\/","og_locale":"fi_FI","og_type":"article","og_title":"Pikavippi on yh\u00e4 suositumpi rahoitusmuoto - LoanStar Suomi","og_description":"Monelle pikavippi on suuri helpotus yll\u00e4tt\u00e4v\u00e4ss\u00e4 rahantarpeessa. Korot voivat olla korkeita, joten eri pikavippien vertailu kannattaa.","og_url":"https:\/\/loanstar.com\/fi\/lainaa\/pikavippi\/","og_site_name":"LoanStar Suomi","article_modified_time":"2020-02-05T13:24:19+00:00","twitter_card":"summary_large_image","twitter_misc":{"Arvioitu lukuaika":"10 minuuttia"},"schema":{"@context":"https:\/\/schema.org","@graph":[{"@type":"WebPage","@id":"https:\/\/loanstar.com\/fi\/lainaa\/pikavippi\/","url":"https:\/\/loanstar.com\/fi\/lainaa\/pikavippi\/","name":"Pikavippi on yh\u00e4 suositumpi rahoitusmuoto - LoanStar Suomi","isPartOf":{"@id":"https:\/\/loanstar.com\/fi\/#website"},"datePublished":"2018-09-18T12:09:01+00:00","dateModified":"2020-02-05T13:24:19+00:00","description":"Monelle pikavippi on suuri helpotus yll\u00e4tt\u00e4v\u00e4ss\u00e4 rahantarpeessa. Korot voivat olla korkeita, joten eri pikavippien vertailu kannattaa.","breadcrumb":{"@id":"https:\/\/loanstar.com\/fi\/lainaa\/pikavippi\/#breadcrumb"},"inLanguage":"fi","potentialAction":[{"@type":"ReadAction","target":["https:\/\/loanstar.com\/fi\/lainaa\/pikavippi\/"]}]},{"@type":"BreadcrumbList","@id":"https:\/\/loanstar.com\/fi\/lainaa\/pikavippi\/#breadcrumb","itemListElement":[{"@type":"ListItem","position":1,"name":"Suomi","item":"https:\/\/loanstar.com\/fi\/"},{"@type":"ListItem","position":2,"name":"Lainaa","item":"https:\/\/loanstar.com\/fi\/lainaa\/"},{"@type":"ListItem","position":3,"name":"Pikavippi"}]},{"@type":"WebSite","@id":"https:\/\/loanstar.com\/fi\/#website","url":"https:\/\/loanstar.com\/fi\/","name":"LoanStar Suomi","description":"Vertaa lainoja","potentialAction":[{"@type":"SearchAction","target":{"@type":"EntryPoint","urlTemplate":"https:\/\/loanstar.com\/fi\/?s={search_term_string}"},"query-input":"required name=search_term_string"}],"inLanguage":"fi"}]}},"_links":{"self":[{"href":"https:\/\/loanstar.com\/fi\/wp-json\/wp\/v2\/pages\/16"}],"collection":[{"href":"https:\/\/loanstar.com\/fi\/wp-json\/wp\/v2\/pages"}],"about":[{"href":"https:\/\/loanstar.com\/fi\/wp-json\/wp\/v2\/types\/page"}],"author":[{"embeddable":true,"href":"https:\/\/loanstar.com\/fi\/wp-json\/wp\/v2\/users\/1"}],"replies":[{"embeddable":true,"href":"https:\/\/loanstar.com\/fi\/wp-json\/wp\/v2\/comments?post=16"}],"version-history":[{"count":1,"href":"https:\/\/loanstar.com\/fi\/wp-json\/wp\/v2\/pages\/16\/revisions"}],"predecessor-version":[{"id":586,"href":"https:\/\/loanstar.com\/fi\/wp-json\/wp\/v2\/pages\/16\/revisions\/586"}],"up":[{"embeddable":true,"href":"https:\/\/loanstar.com\/fi\/wp-json\/wp\/v2\/pages\/10"}],"wp:attachment":[{"href":"https:\/\/loanstar.com\/fi\/wp-json\/wp\/v2\/media?parent=16"}],"curies":[{"name":"wp","href":"https:\/\/api.w.org\/{rel}","templated":true}]}}