{"id":133,"date":"2018-09-18T12:41:35","date_gmt":"2018-09-18T12:41:35","guid":{"rendered":"http:\/\/loanstar.com\/fi\/?page_id=133"},"modified":"2019-05-18T12:34:56","modified_gmt":"2019-05-18T09:34:56","slug":"50000-euroa","status":"publish","type":"page","link":"https:\/\/loanstar.com\/fi\/lainaa\/50000-euroa\/","title":{"rendered":"Lainaa 50 000"},"content":{"rendered":"<p>Oletko pohtinut ottavasi 50 000 euroa lainaa? Joskus el\u00e4m\u00e4ss\u00e4 saattaa sattua odottamaton yll\u00e4tys, joka laittaa talousj\u00e4rjestelyt uusiksi. Esimerkiksi yritystoiminnassa eteen saattaa tulla akuutti tilanne, jolloin varoja tarvitsee hankkia pikaisesti esimerkiksi yrityskauppoja, palkkaamista tai investointeja varten.<\/p>\n<p>Kotona voi olla tarpeen toteuttaa remontti tai saatat haaveilla kes\u00e4m\u00f6kkitontista. T\u00e4ll\u00f6in ei v\u00e4ltt\u00e4m\u00e4tt\u00e4 riit\u00e4, ett\u00e4 <a href=\"http:\/\/loanstar.com\/fi\/lainaa\/10000-euroa\/\">lainaa 10 000 euroa<\/a>, vaan tarve on sit\u00e4 huomattavasti suuremmalle lainasummalle.<\/p>\n<p><strong>Kun tarvitset lainaa 50 000 euroa, on t\u00e4rke\u00e4\u00e4 ett\u00e4 lainanhakuprosessi on mahdollisimman tehokas.\u00a0Pikalainan voi saada nimens\u00e4 mukaisesti todella nopeasti, koska vakuuden arviointiin ei tarvitse kuluttaa aikaa.<\/strong><\/p>\n<p>Suomessa on nykyisin paljon lainatarjontaa, ja voit saada lainan my\u00f6s ilman omaisuusvakuutta tai takaajaa. Kun lainalle ei kysyt\u00e4 kumpaakaan, sen korko on yleens\u00e4 jonkin verran korkeampi kuin vakuudellisen lainan.<\/p>\n<h2>5 vinkki\u00e4 sinulle, kun haet lainaa 50 000 euroa<\/h2>\n<h3>1. Vertaile lainantarjoajia<\/h3>\n<p>Kun tarvitset lainaa 50 000, sinun kannattaa ensimm\u00e4iseksi vertailla lainantarjoajia. Markkinoilla on nykyisin Suomessa paljon tarjontaa, joten sinun ei tarvitse ottaa ensimm\u00e4ist\u00e4 vastaan tulevaa lainayhti\u00f6t\u00e4.<\/p>\n<p>Meid\u00e4n vertailusivustomme listaa lainantarjoajat k\u00e4tev\u00e4sti. Voit tarkistaa korot sek\u00e4 muut olennaisen t\u00e4rke\u00e4t tiedot ennen hakemuksen j\u00e4tt\u00e4mist\u00e4. Korko vaihtelee lainantarjoajan mukaan ja my\u00f6s hakijan mukaan.<\/p>\n<p><strong>Eri lainayhti\u00f6t arvioivat taloustilanteesi eri lailla, mist\u00e4 syyst\u00e4 kilpailuttaminen ja mahdollisimman monen lainayhti\u00f6n vertaileminen on j\u00e4rkev\u00e4\u00e4.<\/strong><\/p>\n<h3>2. Tarkista vuosikorko<\/h3>\n<p>Koska kyseess\u00e4 on suuri lainasumma, tulet sitoutumaan sen takaisinmaksuun pitk\u00e4ksi ajaksi.<\/p>\n<p>Tarkista t\u00e4m\u00e4n takia <em>vuosikorko<\/em>. Se muodostaa suuren osan maksamastasi lainasta. Korko ilmoitetaan joko nimelliskorkona tai todellisena vuosikorkona.<\/p>\n<p>N\u00e4ist\u00e4 kahdesta todellinen vuosikorko ottaa huomioon lainan oheiskulut eli muut maksut, jotka lainasta veloitetaan. T\u00e4llaisia ovat esimerkiksi lainan perustamiskulut eli avausmaksu ja tilinhoitopalkkiot sek\u00e4 mahdollinen nostopalkkio. Lainayhti\u00f6n pit\u00e4isi ilmoittaa hinnasto selke\u00e4sti verkkosivuillaan.<\/p>\n<p>Dokumentti, jossa lainan todelliset kulut ilmoitetaan, on nimelt\u00e4\u00e4n <em>Vakiomuotoiset eurooppalaiset kuluttajaehdot<\/em>. Se on lakis\u00e4\u00e4teinen dokumentti, jonka tarkoituksena on auttaa kuluttajia vertailemaan lainoja kesken\u00e4\u00e4n. Joskus lainayhti\u00f6iden markkinointilauseet ovat kirjavia ja vaikeita tulkita.<\/p>\n<h3>3. Kaiva esille palkkatietosi tai yrityksen talousluvut<\/h3>\n<p>Jos haet lainaa itsellesi, kaiva esille viimeisin palkkakuittisi ennen hakemuksen j\u00e4tt\u00e4mist\u00e4. Ota esille my\u00f6s pankkitunnukset, sill\u00e4 tarvitset verkkopankkitunnuksiasi kirjautumista varten. Palkkatuloja kysyt\u00e4\u00e4n lainahakemuksessa.<\/p>\n<p>Mik\u00e4li haet lainaa yritykselle, ota esiin kaikki yrityksen taloutta kuvaavat asiakirjat, jotta voit sy\u00f6tt\u00e4\u00e4 hakemukseen vaaditut tiedot kerralla.<\/p>\n<p>Jos olet hakemassa lainaa yritykselle, lainanantaja haluaa useimmiten katsoa yrityksen kassavirtaa. Uudelle, vasta perustettavalle yritykselle ei v\u00e4ltt\u00e4m\u00e4tt\u00e4 my\u00f6nnet\u00e4 n\u00e4in suurta summaa vakuudetonta lainaa, mutta mik\u00e4li haluat kokeilla, lainanantajat haluavat n\u00e4hd\u00e4 liiketoimintasuunnitelman ja jonkinlaisen selvityksen taloustilanteesta ennen <a href=\"http:\/\/loanstar.com\/fi\/lainaa\/yrityslaina\/\">yrityslainan<\/a> my\u00f6nt\u00e4mist\u00e4.<\/p>\n<p><strong>Jos yrityksell\u00e4 tai yksityishenkil\u00f6ll\u00e4 on maksuh\u00e4iri\u00f6it\u00e4, lainaa ei voi suurella todenn\u00e4k\u00f6isyydell\u00e4 saada yhdest\u00e4k\u00e4\u00e4n suomalaisesta lainapalvelusta. Luottotiedot tarkistetaan aina lainahakemuksen yhteydess\u00e4.<\/strong><\/p>\n<h3>4. J\u00e4t\u00e4 hakemus<\/h3>\n<p>Voit j\u00e4tt\u00e4\u00e4 hakemuksen verkossa helposti. Kirjaudu verkkopankkitunnuksilla (ns. <a href=\"http:\/\/www.finanssiala.fi\/maksujenvalitys\/Sivut\/Sahkoinen-tunnistaminen.aspx\" target=\"_blank\" rel=\"noopener noreferrer\"><em>Tupas-tunnistautuminen<\/em><\/a>) valitsemasi lainayhti\u00f6n palveluun ja sy\u00f6t\u00e4 hakulomakkeeseen tarvittavat tiedot. Luottotietosi tarkistetaan automaattisesti.<\/p>\n<p>Hakemuksia k\u00e4sitell\u00e4\u00e4n tavallisesti kaiken aikaa asiakaspalvelun aukioloaikoina. Kun otat lainaa 50 000 euroa eli suurehkon summan, hakemusta arvioidaan perusteellisemmin kuin parin sadan pikkulainan hakemusta. Yleens\u00e4 saat lainap\u00e4\u00e4t\u00f6ksen kuitenkin yhden tai kahden arkip\u00e4iv\u00e4n kuluessa.<\/p>\n<p>Yritysasiakkaita voivat koskea eri ehdot kuin henkil\u00f6asiakkaita. Yksityishenkil\u00f6ilt\u00e4 lainayhti\u00f6t eiv\u00e4t kysy lainarahojen k\u00e4ytt\u00f6tarkoitusta. Jos haet yrityslainaa, k\u00e4ytt\u00f6tarkoitusta kysyt\u00e4\u00e4n l\u00e4hes aina.<\/p>\n<h3>5. Laadi takaisinmaksusuunnitelma<\/h3>\n<p>Jo hakemuksen j\u00e4tt\u00e4misvaiheessa kannattaa laatia takaisinmaksusuunnitelma. N\u00e4et lainapalvelun etusivulla olevasta laskurista, mink\u00e4 verran on lainasi kuukausier\u00e4. Se vaihtelee sadasta eurosta muutamaan sataan euroa kuukaudessa, ja voit yleens\u00e4 itse vaikuttaa kuukausier\u00e4n suuruuteen.<\/p>\n<p>Takaisinmaksuajat vaihtelevat. Lyhimmill\u00e4\u00e4n voit maksaa lainan vuodessa, pisimmill\u00e4\u00e4n jopa 15 vuodessa.<\/p>\n<p>Tarkista, mit\u00e4 ehtoja lainapalvelu asettaa sille, ett\u00e4 haluat maksaa lainan etuajassa kokonaan takaisin. Joskus t\u00e4st\u00e4 halutaan veloittaa ylim\u00e4\u00e4r\u00e4ist\u00e4.<\/p>\n<p><strong>Takaisinmaksun viiv\u00e4stymist\u00e4 t\u00e4ytyy v\u00e4ltt\u00e4\u00e4 kaikin keinoin, koska viiv\u00e4styskulut nousevat \u00e4kki\u00e4 eritt\u00e4in kalliiksi. Mukauta takaisinmaksu realistisesti omaan budjettiisi.<\/strong><\/p>\n<h2>Joukkolainaaminen yleistyy yksityishenkil\u00f6iden ja yritysten lainoissa<\/h2>\n<p>Joukkolainaaminen, englanniksi<em> crowdsourcing<\/em>, on tulevaisuuden trendej\u00e4 lainamarkkinoilla sek\u00e4 yksityishenkil\u00f6iden ett\u00e4 yritysten lainoissa. <a href=\"https:\/\/yle.fi\/uutiset\/3-8805191\" target=\"_blank\" rel=\"noopener noreferrer\">Joukkorahoituksesta<\/a> on ollut todella paljon puhetta viime vuosien aikana.<\/p>\n<p>Se tarkoittaa, ett\u00e4 tietty\u00e4 tuotetta tai palvelua varten voidaan j\u00e4rjest\u00e4\u00e4 rahanker\u00e4yskampanja, johon yksityishenkil\u00f6t voivat osallistua. Se voi tarkoittaa my\u00f6s verkossa toimivaa alustaa, joka yhdist\u00e4\u00e4 toisiinsa lainan tarvitsijat ja tarjoajat.<\/p>\n<p>Sek\u00e4 yrityksille ett\u00e4 yksityisille on tarjolla t\u00e4llainen mahdollisuus. Toistaiseksi crowdsourcing on kuitenkin melko marginaalinen osa lainamarkkinoita.<\/p>\n<h2>Pohdittavaa ennen lainaamista<\/h2>\n<p>Pohdi ennen lainan ottamista ainakin seuraavia asioita:<br \/>\n\t<div class=\"list-ticks-secondary\">\r\n\t\t<ul>\n<li>Takaisinmaksukyky<\/li>\n<li>Lainan jakaminen osiin<\/li>\n<li>Lainavakuutus<\/li>\n<\/ul>\n\t<\/div><!-- \/.list-ticks -->\r\n\t\n<p>Kun kyseess\u00e4 on niinkin paljon kuin lainaa 50 000 \u20ac, sinulla t\u00e4ytyy olla erinomainen maksukyky eli s\u00e4\u00e4nn\u00f6lliset ja vakaat tulot, jotta voit suoriutua takaisinmaksusta.<\/p>\n<p>Laske my\u00f6s, miten tulosi tulevat mahdollisesti muuttumaan tulevien vuosien aikana. Pohdi, suoriudutko takaisinmaksusta, vaikka sinun tai yrityksesi taloustilanne huonontuisi.<\/p>\n<p>On mahdollista my\u00f6s lainata 25 000 euroa kahdelta eri lainantarjoajalta. Onnistut mahdollisesti neuvottelemaan t\u00e4ll\u00e4 tavalla itsellesi tarvittavan summan. Todenn\u00e4k\u00f6isesti kuitenkin t\u00e4llainen ratkaisu tulee kuukausikuluiltaan kalliimmaksi kuin yhden 50 000 euron lainan ottaminen.<\/p>\n<p><strong>Kun haet lainaa 50 000 euron verran tai vastaavanlaista suurempaa summaa, harkitse vakavasti lainavakuutusta. Se on vakuutus pahan p\u00e4iv\u00e4n varalle, jos maksukykysi tulevaisuudessa heikkenisi.<\/strong><\/p>\n<p>Maksat toki vakuutuksesta kallista kuukausihintaa, mutta se voi olla j\u00e4rkev\u00e4 turva tulevaisuuden varalle, jos vaikkapa sairastuisit tai j\u00e4isit ty\u00f6tt\u00f6m\u00e4ksi.<\/p>\n<h2>Yhteenveto: Lainaa 50 000 euroa<\/h2>\n<p><strong>Kun olet hakemassa 50 000 euron lainaa, kannattaa lainantarjoajia vertailla huolellisesti. Voit s\u00e4\u00e4st\u00e4\u00e4 vuositasolla suuren summan rahaa kilpailuttamalla lainayhti\u00f6t kesken\u00e4\u00e4n.<\/strong><\/p>\n<p>Kun haet lainaa pikalainayhti\u00f6st\u00e4, et joudu antamaan omaisuuspanttia tai pyyt\u00e4m\u00e4\u00e4n lainallesia takaajaa. Hakemus k\u00e4sitell\u00e4\u00e4n nopeassa aikataulussa \u2013 nopeammin kuin perinteisiss\u00e4 pankeissa. Yleens\u00e4 saat rahat my\u00f6nteisen lainahakemuksen j\u00e4lkeen parissa p\u00e4iv\u00e4ss\u00e4.<\/p>\n","protected":false},"excerpt":{"rendered":"<p>Oletko pohtinut ottavasi 50 000 euroa lainaa? Joskus el\u00e4m\u00e4ss\u00e4 saattaa sattua odottamaton yll\u00e4tys, joka laittaa talousj\u00e4rjestelyt uusiksi. Esimerkiksi yritystoiminnassa eteen&#8230;<\/p>\n","protected":false},"author":1,"featured_media":0,"parent":10,"menu_order":0,"comment_status":"closed","ping_status":"closed","template":"templates\/calculator-follow-up.php","meta":{"footnotes":""},"yoast_head":"<!-- This site is optimized with the Yoast SEO plugin v21.0 - https:\/\/yoast.com\/wordpress\/plugins\/seo\/ -->\n<title>Lainaa 50 000 euroa suurempaan menoer\u00e4\u00e4n - LoanStar Suomi<\/title>\n<meta name=\"description\" content=\"Lainaa 50 000 euroa otetaan yleens\u00e4 suurempaan hankintaan, remonttiin tai yritystoiminnan rahoittamiseen. Mik\u00e4 lainantarjoaja on paras vaihtoehto?\" \/>\n<meta name=\"robots\" content=\"index, follow, max-snippet:-1, max-image-preview:large, max-video-preview:-1\" \/>\n<link rel=\"canonical\" href=\"https:\/\/loanstar.com\/fi\/lainaa\/50000-euroa\/\" \/>\n<meta property=\"og:locale\" content=\"fi_FI\" \/>\n<meta property=\"og:type\" content=\"article\" \/>\n<meta property=\"og:title\" content=\"Lainaa 50 000 euroa suurempaan menoer\u00e4\u00e4n - LoanStar Suomi\" \/>\n<meta property=\"og:description\" content=\"Lainaa 50 000 euroa otetaan yleens\u00e4 suurempaan hankintaan, remonttiin tai yritystoiminnan rahoittamiseen. Mik\u00e4 lainantarjoaja on paras vaihtoehto?\" \/>\n<meta property=\"og:url\" content=\"https:\/\/loanstar.com\/fi\/lainaa\/50000-euroa\/\" \/>\n<meta property=\"og:site_name\" content=\"LoanStar Suomi\" \/>\n<meta property=\"article:modified_time\" content=\"2019-05-18T09:34:56+00:00\" \/>\n<meta name=\"twitter:card\" content=\"summary_large_image\" \/>\n<meta name=\"twitter:label1\" content=\"Arvioitu lukuaika\" \/>\n\t<meta name=\"twitter:data1\" content=\"5 minuuttia\" \/>\n<script type=\"application\/ld+json\" class=\"yoast-schema-graph\">{\"@context\":\"https:\/\/schema.org\",\"@graph\":[{\"@type\":\"WebPage\",\"@id\":\"https:\/\/loanstar.com\/fi\/lainaa\/50000-euroa\/\",\"url\":\"https:\/\/loanstar.com\/fi\/lainaa\/50000-euroa\/\",\"name\":\"Lainaa 50 000 euroa suurempaan menoer\u00e4\u00e4n - LoanStar Suomi\",\"isPartOf\":{\"@id\":\"https:\/\/loanstar.com\/fi\/#website\"},\"datePublished\":\"2018-09-18T12:41:35+00:00\",\"dateModified\":\"2019-05-18T09:34:56+00:00\",\"description\":\"Lainaa 50 000 euroa otetaan yleens\u00e4 suurempaan hankintaan, remonttiin tai yritystoiminnan rahoittamiseen. Mik\u00e4 lainantarjoaja on paras vaihtoehto?\",\"breadcrumb\":{\"@id\":\"https:\/\/loanstar.com\/fi\/lainaa\/50000-euroa\/#breadcrumb\"},\"inLanguage\":\"fi\",\"potentialAction\":[{\"@type\":\"ReadAction\",\"target\":[\"https:\/\/loanstar.com\/fi\/lainaa\/50000-euroa\/\"]}]},{\"@type\":\"BreadcrumbList\",\"@id\":\"https:\/\/loanstar.com\/fi\/lainaa\/50000-euroa\/#breadcrumb\",\"itemListElement\":[{\"@type\":\"ListItem\",\"position\":1,\"name\":\"Suomi\",\"item\":\"https:\/\/loanstar.com\/fi\/\"},{\"@type\":\"ListItem\",\"position\":2,\"name\":\"Lainaa\",\"item\":\"https:\/\/loanstar.com\/fi\/lainaa\/\"},{\"@type\":\"ListItem\",\"position\":3,\"name\":\"Lainaa 50 000\"}]},{\"@type\":\"WebSite\",\"@id\":\"https:\/\/loanstar.com\/fi\/#website\",\"url\":\"https:\/\/loanstar.com\/fi\/\",\"name\":\"LoanStar Suomi\",\"description\":\"Vertaa lainoja\",\"potentialAction\":[{\"@type\":\"SearchAction\",\"target\":{\"@type\":\"EntryPoint\",\"urlTemplate\":\"https:\/\/loanstar.com\/fi\/?s={search_term_string}\"},\"query-input\":\"required name=search_term_string\"}],\"inLanguage\":\"fi\"}]}<\/script>\n<!-- \/ Yoast SEO plugin. -->","yoast_head_json":{"title":"Lainaa 50 000 euroa suurempaan menoer\u00e4\u00e4n - LoanStar Suomi","description":"Lainaa 50 000 euroa otetaan yleens\u00e4 suurempaan hankintaan, remonttiin tai yritystoiminnan rahoittamiseen. Mik\u00e4 lainantarjoaja on paras vaihtoehto?","robots":{"index":"index","follow":"follow","max-snippet":"max-snippet:-1","max-image-preview":"max-image-preview:large","max-video-preview":"max-video-preview:-1"},"canonical":"https:\/\/loanstar.com\/fi\/lainaa\/50000-euroa\/","og_locale":"fi_FI","og_type":"article","og_title":"Lainaa 50 000 euroa suurempaan menoer\u00e4\u00e4n - LoanStar Suomi","og_description":"Lainaa 50 000 euroa otetaan yleens\u00e4 suurempaan hankintaan, remonttiin tai yritystoiminnan rahoittamiseen. Mik\u00e4 lainantarjoaja on paras vaihtoehto?","og_url":"https:\/\/loanstar.com\/fi\/lainaa\/50000-euroa\/","og_site_name":"LoanStar Suomi","article_modified_time":"2019-05-18T09:34:56+00:00","twitter_card":"summary_large_image","twitter_misc":{"Arvioitu lukuaika":"5 minuuttia"},"schema":{"@context":"https:\/\/schema.org","@graph":[{"@type":"WebPage","@id":"https:\/\/loanstar.com\/fi\/lainaa\/50000-euroa\/","url":"https:\/\/loanstar.com\/fi\/lainaa\/50000-euroa\/","name":"Lainaa 50 000 euroa suurempaan menoer\u00e4\u00e4n - LoanStar Suomi","isPartOf":{"@id":"https:\/\/loanstar.com\/fi\/#website"},"datePublished":"2018-09-18T12:41:35+00:00","dateModified":"2019-05-18T09:34:56+00:00","description":"Lainaa 50 000 euroa otetaan yleens\u00e4 suurempaan hankintaan, remonttiin tai yritystoiminnan rahoittamiseen. Mik\u00e4 lainantarjoaja on paras vaihtoehto?","breadcrumb":{"@id":"https:\/\/loanstar.com\/fi\/lainaa\/50000-euroa\/#breadcrumb"},"inLanguage":"fi","potentialAction":[{"@type":"ReadAction","target":["https:\/\/loanstar.com\/fi\/lainaa\/50000-euroa\/"]}]},{"@type":"BreadcrumbList","@id":"https:\/\/loanstar.com\/fi\/lainaa\/50000-euroa\/#breadcrumb","itemListElement":[{"@type":"ListItem","position":1,"name":"Suomi","item":"https:\/\/loanstar.com\/fi\/"},{"@type":"ListItem","position":2,"name":"Lainaa","item":"https:\/\/loanstar.com\/fi\/lainaa\/"},{"@type":"ListItem","position":3,"name":"Lainaa 50 000"}]},{"@type":"WebSite","@id":"https:\/\/loanstar.com\/fi\/#website","url":"https:\/\/loanstar.com\/fi\/","name":"LoanStar Suomi","description":"Vertaa lainoja","potentialAction":[{"@type":"SearchAction","target":{"@type":"EntryPoint","urlTemplate":"https:\/\/loanstar.com\/fi\/?s={search_term_string}"},"query-input":"required name=search_term_string"}],"inLanguage":"fi"}]}},"_links":{"self":[{"href":"https:\/\/loanstar.com\/fi\/wp-json\/wp\/v2\/pages\/133"}],"collection":[{"href":"https:\/\/loanstar.com\/fi\/wp-json\/wp\/v2\/pages"}],"about":[{"href":"https:\/\/loanstar.com\/fi\/wp-json\/wp\/v2\/types\/page"}],"author":[{"embeddable":true,"href":"https:\/\/loanstar.com\/fi\/wp-json\/wp\/v2\/users\/1"}],"replies":[{"embeddable":true,"href":"https:\/\/loanstar.com\/fi\/wp-json\/wp\/v2\/comments?post=133"}],"version-history":[{"count":2,"href":"https:\/\/loanstar.com\/fi\/wp-json\/wp\/v2\/pages\/133\/revisions"}],"predecessor-version":[{"id":299,"href":"https:\/\/loanstar.com\/fi\/wp-json\/wp\/v2\/pages\/133\/revisions\/299"}],"up":[{"embeddable":true,"href":"https:\/\/loanstar.com\/fi\/wp-json\/wp\/v2\/pages\/10"}],"wp:attachment":[{"href":"https:\/\/loanstar.com\/fi\/wp-json\/wp\/v2\/media?parent=133"}],"curies":[{"name":"wp","href":"https:\/\/api.w.org\/{rel}","templated":true}]}}