{"id":131,"date":"2018-09-18T12:40:59","date_gmt":"2018-09-18T12:40:59","guid":{"rendered":"http:\/\/loanstar.com\/fi\/?page_id=131"},"modified":"2019-09-01T23:18:52","modified_gmt":"2019-09-01T20:18:52","slug":"40000-euroa","status":"publish","type":"page","link":"https:\/\/loanstar.com\/fi\/lainaa\/40000-euroa\/","title":{"rendered":"Lainaa 40 000"},"content":{"rendered":"<p><em>Onko tarkoituksenasi laajentaa yrityst\u00e4 tai palkata siihen uusi ty\u00f6ntekij\u00e4? Oletko ottamassa lainaa yksityiseen kulutukseen kuten uuden auton ostamiseen? Ehk\u00e4 tarkoituksena on j\u00e4rjest\u00e4\u00e4 unohtumattomat juhlat tai remontoida koti tai kes\u00e4m\u00f6kki kerralla kuntoon?<\/em><\/p>\n<p><strong>Voit hakea lainaa ilman vakuutta tai takaajia, mik\u00e4li niin haluat. N\u00e4it\u00e4 lainoja kutsutaan nimell\u00e4 kulutusluotto, joustoluotto tai pikalaina.<\/strong><\/p>\n<p><a href=\"http:\/\/loanstar.com\/fi\/yritys\/risicum\/\">Risicum<\/a>, <a href=\"http:\/\/loanstar.com\/fi\/yritys\/lendo\/\">Lendo<\/a>, <a href=\"http:\/\/loanstar.com\/fi\/yritys\/bank-norwegian\/\">Bank Norwegian<\/a>&#8230;\u00a0Markkinoilla on paljon lainanantajia, jotka my\u00f6nt\u00e4v\u00e4t lainoja nopeallakin aikataululla. Ota kuitenkin huomioon, ett\u00e4 tarvitset s\u00e4\u00e4nn\u00f6lliset kuukausitulot lainan hakemiseksi.<\/p>\n<p>Vertaile lainojen hintoja ennen lainaamisp\u00e4\u00e4t\u00f6st\u00e4! Sivustostamme on t\u00e4ss\u00e4 urakassa varmasti paljon apua.<\/p>\n<h2>Lainaa 40 000 ilman vakuutta<\/h2>\n<p>Lainaa ilman vakuutta on mahdollista saada isompiakin summia. T\u00e4ss\u00e4 tapauksessa lainanantaja tarkistaa v\u00e4hint\u00e4\u00e4n seuraavat kohdat:<br \/>\n\t<div class=\"list-ticks-secondary\">\r\n\t\t<ul>\n<li>Hakijalla on tarpeeksi maksukyky\u00e4<\/li>\n<li>Hakijalla on tarpeeksi suuret tulot<\/li>\n<li>Hakijalta ei l\u00f6ydy maksuh\u00e4iri\u00f6merkint\u00f6j\u00e4 (jos luottotiedoissa on <a href=\"https:\/\/www.takuusaatio.fi\/tietoa-ja-ratkaisuja\/maksuhairiomerkinta\/milloin-maksuhairiomerkinta-tulee\" target=\"_blank\" rel=\"noopener noreferrer\">maksuh\u00e4iri\u00f6merkint\u00e4<\/a>, lainaa ei voi saada)<\/li>\n<\/ul>\n\t<\/div><!-- \/.list-ticks -->\r\n\t\nHakulomakkeessa kysyt\u00e4\u00e4n tulotietoja ja henkil\u00f6tietoja. Jos p\u00e4\u00e4t\u00e4t hakea yhdess\u00e4 toisen hakijan kanssa, mahdollisuutenne saada lainaa yhdess\u00e4 ovat paremmat.<\/p>\n<p><strong>Jo hakuvaiheessa kannattaa selvitt\u00e4\u00e4 itselleen, miten lainan saa maksettua takaisin. Suunnittele kuukausibudjetti viimeist\u00e4\u00e4n nyt ja laske, montako euroa laina vie kuukausittain.<\/strong><\/p>\n<h2>Lainan saamisen ehdot<\/h2>\n<p>Kun haluat lainaa 40 000 euroa yksityishenkil\u00f6n\u00e4, sinun t\u00e4ytyy t\u00e4ytt\u00e4\u00e4 n\u00e4m\u00e4 ehdot:<br \/>\n\t<div class=\"list-ticks-secondary\">\r\n\t\t<ul>\n<li>Suomen kansalaisuus ja vakituinen osoite Suomessa<\/li>\n<li>Suomalainen pankkitili<\/li>\n<li>Ik\u00e4raja v\u00e4hint\u00e4\u00e4n 21, mutta yleens\u00e4 23 vuotta<\/li>\n<li>S\u00e4\u00e4nn\u00f6lliset palkkatulot<\/li>\n<li>Ei maksuh\u00e4iri\u00f6merkint\u00f6j\u00e4<\/li>\n<\/ul>\n\t<\/div><!-- \/.list-ticks -->\r\n\t\nJos haet <a href=\"http:\/\/loanstar.com\/fi\/lainaa\/yrityslaina\/\">lainaa yritykselle<\/a>, ehdot vaihtelevat lainayhti\u00f6n mukaan, mutta ainakin seuraavat asiat tarkistetaan:<br \/>\n\t<div class=\"list-ticks-secondary\">\r\n\t\t<ul>\n<li>Y-tunnus ja kotipaikka Suomessa<\/li>\n<li>Hakijan henkil\u00f6tiedot<\/li>\n<li>Selvitys, josta k\u00e4y ilmi hakijan taloudellinen tilanne<\/li>\n<li>Kassavirta ja liikevoitto tarkistetaan<\/li>\n<li>Useimmiten lainan k\u00e4ytt\u00f6tarkoitus pit\u00e4\u00e4 selvitt\u00e4\u00e4<\/li>\n<\/ul>\n\t<\/div><!-- \/.list-ticks -->\r\n\t\n<h2>Verkossa useita ty\u00f6kaluja helpottamassa hakemista<\/h2>\n<p>Koska lainamarkkinat ovat siirtyneet internetiin, my\u00f6s niiden oheispalvelut ovat siirtyneet verkkoon. Nykyisin l\u00f6yd\u00e4t netist\u00e4 monia sivustoja, jotka tarjoavat erilaisia oheispalveluita.<\/p>\n<p>Meid\u00e4n sivustollamme voit vertailla lainojen kuluja ja tarkistaa, mill\u00e4 lainalla on halvin korko. Kannattaa lukaista arvostelut l\u00e4pi ja p\u00e4\u00e4tt\u00e4\u00e4 vasta sitten, mik\u00e4 lainayhti\u00f6 kuulostaa parhaalta. Annamme vinkkej\u00e4 lainojen kilpailuttamiseen ja p\u00e4ivit\u00e4mme sivuille ajankohtaista tietoa lainamarkkinoiden kehityksest\u00e4.<\/p>\n<p>Tarjolla on my\u00f6s sivustoja, joiden kautta voit l\u00e4hett\u00e4\u00e4 useamman lainahakemuksen samanaikaisesti. T\u00e4ll\u00f6in sinulle tuleva lainatarjous on lainantarjoajalle sitova, mutta ei sinulle. Voit hyl\u00e4t\u00e4 lainatarjoukset, joita et halua ja ottaa sinulle edullisimman lainan.<\/p>\n<p><strong>Pid\u00e4 muutenkin mieless\u00e4, ettet sitoudu lainan ottamiseen, vaikka l\u00e4hett\u00e4isitkin lainayhti\u00f6lle hakemuksen. Tarkastele huolellisesti lainaehdot ennen allekirjoittamista. <\/strong><\/p>\n<p>Sivustomme muissa artikkeleissa kerrotaan tarkemmin, mit\u00e4 kaikkea lainanhakuprosessissa on otettava huomioon.<\/p>\n<h2>Jos haet lainaa 40 000, tarkista ensin lainan todellinen vuosikorko<\/h2>\n<p>Lainailmoituksissa puhutaan kahdenlaisista koroista:<br \/>\n\t<div class=\"list-ticks-secondary\">\r\n\t\t<ul>\n<li>Nimellinen vuosikorko<\/li>\n<li>Todellinen vuosikorko<\/li>\n<\/ul>\n\t<\/div><!-- \/.list-ticks -->\r\n\t\n<strong>Aina kun haet lainaa 40 000 \u20ac tai pienemm\u00e4nkin summan, tarkista sen todellinen vuosikorko. Nimellinen vuosikorko eli lainan nimelliskorko ei sis\u00e4ll\u00e4 kaikkia maksuja.<\/strong><\/p>\n<p>Lainanantaja ottaa marginaalinsa eli voittonsa muista maksuista: esimerkiksi tilinhoitomaksu, lainan nostokulu tai laskutuslis\u00e4 kasvattavat kuukausittaista takaisinmaksuer\u00e4\u00e4.<\/p>\n<p>Todellinen vuosikorko on laskennallinen luku, joka kertoo keskiarvoisesti, mit\u00e4 lainasi maksaa kokonaisuudessaan. Sinun ei siis edellytet\u00e4 maksavan lainaa 40 000 kokonaan pois 12 kuukauden sis\u00e4ll\u00e4.<\/p>\n<p>Yleens\u00e4 takaisinmaksuaika on muutamia vuosia ja korkeintaan 15 vuotta. Voit neuvotella takaisinmaksuajan lainayhti\u00f6si kanssa.<\/p>\n<h2>Vertaile lainayhti\u00f6iden verkkosivuja<\/h2>\n<p>Tarkistat koron helposti Vakiomuotoiset eurooppalaiset kuluttajaehdot -nimisest\u00e4 asiakirjasta. Se on lakis\u00e4\u00e4teinen dokumentti, jonka tarkoituksena on auttaa kuluttajaa vertailemaan todellisia kuluja kesken\u00e4\u00e4n silloin kun harkinnassa on ottaa lainaa 40 000 euron edest\u00e4.<\/p>\n<p>Lainayhti\u00f6n etusivulla voit lis\u00e4ksi useimmissa tapauksissa laskea laskurilla, mink\u00e4 verran takaisinmaksuer\u00e4t tulevat olemaan kuukaudessa. On melkeinp\u00e4 mahdotonta l\u00f6yt\u00e4\u00e4 palvelua, joka ei tarjoaisi t\u00e4t\u00e4 mahdollisuutta.<\/p>\n<p>Lainayhti\u00f6n sivuilta saat muutenkin hyv\u00e4n kuvan siit\u00e4, millaisesta yrityksest\u00e4 on kyse. Jos tarvittavat tiedot on esitetty selke\u00e4sti, t\u00e4m\u00e4 on hyv\u00e4 merkki. Asiakaspalveluun pit\u00e4\u00e4 voida saada yhteys my\u00f6s puhelimitse, ei pelk\u00e4st\u00e4\u00e4n s\u00e4hk\u00f6postitse.<\/p>\n<p>Tavallisesti pikalainoihin erikoistuneilla yrityksill\u00e4 on laajat asiakaspalvelun aukioloajat. Tulet lainan my\u00f6t\u00e4 sitoutumaan lainayhti\u00f6\u00f6n moneksi vuodeksi, joten valitse paras yritys.<\/p>\n<h2>Mit\u00e4 eroa on pankkilainalla ja pikalainalla?<\/h2>\n<p>Suurin ero pikalainan ja pankkilainan v\u00e4lill\u00e4 on yleens\u00e4 korko. Silloin kun lainalle ei pyydet\u00e4 vakuutta, korko on korkeampi, koska lainan my\u00f6nt\u00e4j\u00e4 ottaa korkeamman riskin.<\/p>\n<p>Lis\u00e4ksi hakuprosessi on erilainen. Pankkilainaa varten joudut k\u00e4ym\u00e4\u00e4n henkil\u00f6kohtaisesti paikan p\u00e4\u00e4ll\u00e4 v\u00e4hint\u00e4\u00e4nkin kerran, mink\u00e4 lis\u00e4ksi pantin arvioimiseen kuluu aikaa.<\/p>\n<p><strong>Pikalainan voi saada nopeassa ajassa silloin kun hankinnalla on kova kiire tai kun yrityskuviot vaativat ripe\u00e4\u00e4 toimintaa. Pankkilainan siirtyminen tilille kest\u00e4\u00e4 yleens\u00e4 huomattavasti kauemmin.<\/strong><\/p>\n<p>Kuten yll\u00e4 mainittiin, nykyisin lainaa 40 000 voi hakea s\u00e4hk\u00f6isell\u00e4 hakemuksella, joten hakemuksen t\u00e4ytt\u00e4minenk\u00e4\u00e4n ei kest\u00e4 kauaa. Kirjaudut palveluun henkil\u00f6kohtaisilla verkkopankkitunnuksilla, jotta sinut voidaan tunnistaa asiakkaaksi.<\/p>\n<h2>Lainan oheistuotteet<\/h2>\n<p>Jos p\u00e4\u00e4t\u00e4t hakea lainaa pankista, saat yleens\u00e4 edullisemman korkoprosentin, jos vaihdat samalla pankkitilisi kyseisen pankin asiakkaaksi. Pikalainayhti\u00f6tkin tarjoavat uusien asiakkaiden houkuttelemiseksi erilaisia tarjouksia.<\/p>\n<p>Er\u00e4s palvelu, jota toisinaan kaupataan haettassa lainaa 40 000 euroa, on <a href=\"https:\/\/www.is.fi\/taloussanomat\/oma-raha\/art-2000001621921.html\" target=\"_blank\" rel=\"noopener noreferrer\">lainavakuutus<\/a>. Siin\u00e4 vakuutat itsesi sen varalta, ettet pystyisik\u00e4\u00e4n jonakin p\u00e4iv\u00e4n\u00e4 maksamaan lainaa normaalisti esimerkiksi ty\u00f6tt\u00f6myyden takia.<\/p>\n<p>Yleens\u00e4 edellytykset lainavakuutuksen my\u00f6nt\u00e4miselle ovat samat kuin varsinaista lainaa hakiessa:<br \/>\n\t<div class=\"list-ticks-secondary\">\r\n\t\t<ul>\n<li>Hyv\u00e4 terveys<\/li>\n<li>23 vuoden v\u00e4himm\u00e4isik\u00e4<\/li>\n<li>Noin 60 vuoden yl\u00e4ik\u00e4raja<\/li>\n<li>S\u00e4\u00e4nn\u00f6lliset palkkatulot<\/li>\n<\/ul>\n\t<\/div><!-- \/.list-ticks -->\r\n\t\nMy\u00f6s yritt\u00e4j\u00e4t voivat ottaa lainavakuutuksen, joka kattaa yleens\u00e4 sairastumisen, muttei konkurssia tai vastaavanlaista tilannetta.<\/p>\n<h2>Yhteenveto: 40 000 euron laina<\/h2>\n<p>Suurehkoa lainasummaa kannattaa harkita tarkasti. On hyv\u00e4 suhteuttaa haettavan lainan m\u00e4\u00e4r\u00e4 omaan tulotasoon ja maksukykyyn. My\u00f6s yrityslainaa haettaessa kannattaa pohtia velan m\u00e4\u00e4r\u00e4\u00e4 suhteessa yrityksen liikevaihtoon.<\/p>\n<p>Lainahakemuksen voi j\u00e4tt\u00e4\u00e4 k\u00e4tev\u00e4sti verkossa silloin kun hakee lainaa 40 000 euroa. Lainalle ei vaadita nykyisin v\u00e4ltt\u00e4m\u00e4tt\u00e4 panttia eik\u00e4 my\u00f6sk\u00e4\u00e4n takaajia, joka helpottaa monen kohdalla hakemista.<\/p>\n","protected":false},"excerpt":{"rendered":"<p>Onko tarkoituksenasi laajentaa yrityst\u00e4 tai palkata siihen uusi ty\u00f6ntekij\u00e4? Oletko ottamassa lainaa yksityiseen kulutukseen kuten uuden auton ostamiseen? Ehk\u00e4 tarkoituksena&#8230;<\/p>\n","protected":false},"author":1,"featured_media":0,"parent":10,"menu_order":0,"comment_status":"closed","ping_status":"closed","template":"templates\/calculator-follow-up.php","meta":{"footnotes":""},"yoast_head":"<!-- This site is optimized with the Yoast SEO plugin v21.0 - https:\/\/yoast.com\/wordpress\/plugins\/seo\/ -->\n<title>Lainaa 40 000 euroa? Tarkista ehdot huolella - LoanStar Suomi<\/title>\n<meta name=\"description\" content=\"40 000 euron laina tulee kyseeseen, kun hakija t\u00e4ytt\u00e4\u00e4 vaadittavat ehdot. Lainan edellytyksi\u00e4 ovat mm. riitt\u00e4v\u00e4t tulot ja puhdas luottohistoria.\" \/>\n<meta name=\"robots\" content=\"index, follow, max-snippet:-1, max-image-preview:large, max-video-preview:-1\" \/>\n<link rel=\"canonical\" href=\"https:\/\/loanstar.com\/fi\/lainaa\/40000-euroa\/\" \/>\n<meta property=\"og:locale\" content=\"fi_FI\" \/>\n<meta property=\"og:type\" content=\"article\" \/>\n<meta property=\"og:title\" content=\"Lainaa 40 000 euroa? Tarkista ehdot huolella - LoanStar Suomi\" \/>\n<meta property=\"og:description\" content=\"40 000 euron laina tulee kyseeseen, kun hakija t\u00e4ytt\u00e4\u00e4 vaadittavat ehdot. Lainan edellytyksi\u00e4 ovat mm. riitt\u00e4v\u00e4t tulot ja puhdas luottohistoria.\" \/>\n<meta property=\"og:url\" content=\"https:\/\/loanstar.com\/fi\/lainaa\/40000-euroa\/\" \/>\n<meta property=\"og:site_name\" content=\"LoanStar Suomi\" \/>\n<meta property=\"article:modified_time\" content=\"2019-09-01T20:18:52+00:00\" \/>\n<meta name=\"twitter:card\" content=\"summary_large_image\" \/>\n<meta name=\"twitter:label1\" content=\"Arvioitu lukuaika\" \/>\n\t<meta name=\"twitter:data1\" content=\"5 minuuttia\" \/>\n<script type=\"application\/ld+json\" class=\"yoast-schema-graph\">{\"@context\":\"https:\/\/schema.org\",\"@graph\":[{\"@type\":\"WebPage\",\"@id\":\"https:\/\/loanstar.com\/fi\/lainaa\/40000-euroa\/\",\"url\":\"https:\/\/loanstar.com\/fi\/lainaa\/40000-euroa\/\",\"name\":\"Lainaa 40 000 euroa? Tarkista ehdot huolella - LoanStar Suomi\",\"isPartOf\":{\"@id\":\"https:\/\/loanstar.com\/fi\/#website\"},\"datePublished\":\"2018-09-18T12:40:59+00:00\",\"dateModified\":\"2019-09-01T20:18:52+00:00\",\"description\":\"40 000 euron laina tulee kyseeseen, kun hakija t\u00e4ytt\u00e4\u00e4 vaadittavat ehdot. Lainan edellytyksi\u00e4 ovat mm. riitt\u00e4v\u00e4t tulot ja puhdas luottohistoria.\",\"breadcrumb\":{\"@id\":\"https:\/\/loanstar.com\/fi\/lainaa\/40000-euroa\/#breadcrumb\"},\"inLanguage\":\"fi\",\"potentialAction\":[{\"@type\":\"ReadAction\",\"target\":[\"https:\/\/loanstar.com\/fi\/lainaa\/40000-euroa\/\"]}]},{\"@type\":\"BreadcrumbList\",\"@id\":\"https:\/\/loanstar.com\/fi\/lainaa\/40000-euroa\/#breadcrumb\",\"itemListElement\":[{\"@type\":\"ListItem\",\"position\":1,\"name\":\"Suomi\",\"item\":\"https:\/\/loanstar.com\/fi\/\"},{\"@type\":\"ListItem\",\"position\":2,\"name\":\"Lainaa\",\"item\":\"https:\/\/loanstar.com\/fi\/lainaa\/\"},{\"@type\":\"ListItem\",\"position\":3,\"name\":\"Lainaa 40 000\"}]},{\"@type\":\"WebSite\",\"@id\":\"https:\/\/loanstar.com\/fi\/#website\",\"url\":\"https:\/\/loanstar.com\/fi\/\",\"name\":\"LoanStar Suomi\",\"description\":\"Vertaa lainoja\",\"potentialAction\":[{\"@type\":\"SearchAction\",\"target\":{\"@type\":\"EntryPoint\",\"urlTemplate\":\"https:\/\/loanstar.com\/fi\/?s={search_term_string}\"},\"query-input\":\"required name=search_term_string\"}],\"inLanguage\":\"fi\"}]}<\/script>\n<!-- \/ Yoast SEO plugin. -->","yoast_head_json":{"title":"Lainaa 40 000 euroa? Tarkista ehdot huolella - LoanStar Suomi","description":"40 000 euron laina tulee kyseeseen, kun hakija t\u00e4ytt\u00e4\u00e4 vaadittavat ehdot. Lainan edellytyksi\u00e4 ovat mm. riitt\u00e4v\u00e4t tulot ja puhdas luottohistoria.","robots":{"index":"index","follow":"follow","max-snippet":"max-snippet:-1","max-image-preview":"max-image-preview:large","max-video-preview":"max-video-preview:-1"},"canonical":"https:\/\/loanstar.com\/fi\/lainaa\/40000-euroa\/","og_locale":"fi_FI","og_type":"article","og_title":"Lainaa 40 000 euroa? Tarkista ehdot huolella - LoanStar Suomi","og_description":"40 000 euron laina tulee kyseeseen, kun hakija t\u00e4ytt\u00e4\u00e4 vaadittavat ehdot. Lainan edellytyksi\u00e4 ovat mm. riitt\u00e4v\u00e4t tulot ja puhdas luottohistoria.","og_url":"https:\/\/loanstar.com\/fi\/lainaa\/40000-euroa\/","og_site_name":"LoanStar Suomi","article_modified_time":"2019-09-01T20:18:52+00:00","twitter_card":"summary_large_image","twitter_misc":{"Arvioitu lukuaika":"5 minuuttia"},"schema":{"@context":"https:\/\/schema.org","@graph":[{"@type":"WebPage","@id":"https:\/\/loanstar.com\/fi\/lainaa\/40000-euroa\/","url":"https:\/\/loanstar.com\/fi\/lainaa\/40000-euroa\/","name":"Lainaa 40 000 euroa? Tarkista ehdot huolella - LoanStar Suomi","isPartOf":{"@id":"https:\/\/loanstar.com\/fi\/#website"},"datePublished":"2018-09-18T12:40:59+00:00","dateModified":"2019-09-01T20:18:52+00:00","description":"40 000 euron laina tulee kyseeseen, kun hakija t\u00e4ytt\u00e4\u00e4 vaadittavat ehdot. Lainan edellytyksi\u00e4 ovat mm. riitt\u00e4v\u00e4t tulot ja puhdas luottohistoria.","breadcrumb":{"@id":"https:\/\/loanstar.com\/fi\/lainaa\/40000-euroa\/#breadcrumb"},"inLanguage":"fi","potentialAction":[{"@type":"ReadAction","target":["https:\/\/loanstar.com\/fi\/lainaa\/40000-euroa\/"]}]},{"@type":"BreadcrumbList","@id":"https:\/\/loanstar.com\/fi\/lainaa\/40000-euroa\/#breadcrumb","itemListElement":[{"@type":"ListItem","position":1,"name":"Suomi","item":"https:\/\/loanstar.com\/fi\/"},{"@type":"ListItem","position":2,"name":"Lainaa","item":"https:\/\/loanstar.com\/fi\/lainaa\/"},{"@type":"ListItem","position":3,"name":"Lainaa 40 000"}]},{"@type":"WebSite","@id":"https:\/\/loanstar.com\/fi\/#website","url":"https:\/\/loanstar.com\/fi\/","name":"LoanStar Suomi","description":"Vertaa lainoja","potentialAction":[{"@type":"SearchAction","target":{"@type":"EntryPoint","urlTemplate":"https:\/\/loanstar.com\/fi\/?s={search_term_string}"},"query-input":"required name=search_term_string"}],"inLanguage":"fi"}]}},"_links":{"self":[{"href":"https:\/\/loanstar.com\/fi\/wp-json\/wp\/v2\/pages\/131"}],"collection":[{"href":"https:\/\/loanstar.com\/fi\/wp-json\/wp\/v2\/pages"}],"about":[{"href":"https:\/\/loanstar.com\/fi\/wp-json\/wp\/v2\/types\/page"}],"author":[{"embeddable":true,"href":"https:\/\/loanstar.com\/fi\/wp-json\/wp\/v2\/users\/1"}],"replies":[{"embeddable":true,"href":"https:\/\/loanstar.com\/fi\/wp-json\/wp\/v2\/comments?post=131"}],"version-history":[{"count":2,"href":"https:\/\/loanstar.com\/fi\/wp-json\/wp\/v2\/pages\/131\/revisions"}],"predecessor-version":[{"id":298,"href":"https:\/\/loanstar.com\/fi\/wp-json\/wp\/v2\/pages\/131\/revisions\/298"}],"up":[{"embeddable":true,"href":"https:\/\/loanstar.com\/fi\/wp-json\/wp\/v2\/pages\/10"}],"wp:attachment":[{"href":"https:\/\/loanstar.com\/fi\/wp-json\/wp\/v2\/media?parent=131"}],"curies":[{"name":"wp","href":"https:\/\/api.w.org\/{rel}","templated":true}]}}