{"id":127,"date":"2018-09-18T12:38:52","date_gmt":"2018-09-18T12:38:52","guid":{"rendered":"http:\/\/loanstar.com\/fi\/?page_id=127"},"modified":"2019-05-17T17:57:33","modified_gmt":"2019-05-17T14:57:33","slug":"20000-euroa","status":"publish","type":"page","link":"https:\/\/loanstar.com\/fi\/lainaa\/20000-euroa\/","title":{"rendered":"Lainaa 20 000"},"content":{"rendered":"<p>Tarvitsetko lainaa suurta hankintaa tai yritysinvestointia varten? Tarjolla on erilaisia lainantarjoajia, jotka ovat erikoistuneet suurempien lainasummien my\u00f6nt\u00e4miseen. Voit saada perinteisen vakuudellisen pankkilainan lis\u00e4ksi my\u00f6s vakuudetonta lainaa.<\/p>\n<p><strong>Lainayhti\u00f6t kannattaa kilpailuttaa ennen kuin lainaa hakee. Koko laina-ajalta voit s\u00e4\u00e4st\u00e4\u00e4 jopa tuhansia euroja kun valitset tarkasti, mill\u00e4 korolla otat lainaa.<\/strong><\/p>\n<p>Etenkin suurta lainaa hakiessa joudut lis\u00e4ksi sitoutumaan saman yrityksen asiakkaaksi moneksi vuodeksi\u00a0\u2013 jopa yli 10 vuodeksi. Ei ole siis yhdentekev\u00e4\u00e4, millainen rahoitusyhti\u00f6 on kyseess\u00e4. Onneksi voit sivustollamme vertailla eri lainojen kuluja ja lainayhti\u00f6iden palveluita k\u00e4tev\u00e4sti.<\/p>\n<h2>Mihin tarkoitukseen voi saada lainaa 20 000 euroa?<\/h2>\n<p>Lainaa 20 000 euroa voi hakea muun muassa seuraavia k\u00e4ytt\u00f6tarkoituksia varten:<br \/>\n\t<div class=\"list-ticks-secondary\">\r\n\t\t<ul>\n<li><a href=\"http:\/\/loanstar.com\/fi\/lainaa\/autolaina\/\">Auton<\/a> tai muun kulkupelin, kuten moottoripy\u00f6r\u00e4n tai veneen ostamista varten.<\/li>\n<li>Remontoimiseen. Kodin tai kes\u00e4m\u00f6kin remontointi on yleinen lainan k\u00e4ytt\u00f6kohde.<\/li>\n<li>Yrityksen perustamiskuluihin. Alkup\u00e4\u00e4omaa vaaditaan, jotta yritystoiminta p\u00e4\u00e4sisi kunnolla starttaamaan.<\/li>\n<li>Yritysinvestointeihin. Kasvuvaiheessa on j\u00e4rkev\u00e4\u00e4 investoida.<\/li>\n<\/ul>\n\t<\/div><!-- \/.list-ticks -->\r\n\t\nSuomalaiset lainayhti\u00f6t eiv\u00e4t v\u00e4ltt\u00e4m\u00e4tt\u00e4 kysy ollenkaan, mihin k\u00e4ytt\u00f6tarkoitukseen haet <a href=\"http:\/\/loanstar.com\/fi\/lainaa\/kulutusluotto\/\">kulutusluottoa<\/a>. Pankkilainan tapauksessa k\u00e4ytt\u00f6tarkoitus on yleens\u00e4 selvitett\u00e4v\u00e4. Sen vuoksi lainoja markkinoidaan k\u00e4ytt\u00f6tarkoituksen mukaan, oli kyseess\u00e4 sitten esimerkiksi asuntolaina, autolaina tai yrityslaina.<\/p>\n<p>T\u00e4ss\u00e4 artikkelissa k\u00e4sitell\u00e4\u00e4n vakuudettomia, Suomessa my\u00f6nnett\u00e4vi\u00e4 kulutusluottoja, joiden hakuprosessi on nopea.<\/p>\n<h2>Kenelle my\u00f6nnet\u00e4\u00e4n lainaa 20 000 euroa?<\/h2>\n<p>Lainan saamisen ehtoina ovat yleens\u00e4 ainakin seuraavien vaatimusten toteutuminen:<br \/>\n\t<div class=\"list-ticks-secondary\">\r\n\t\t<ul>\n<li>V\u00e4hint\u00e4\u00e4n 21 vuoden ik\u00e4. 18-vuotiaat eiv\u00e4t p\u00e4\u00e4s\u00e4\u00e4nt\u00f6isesti voi saada lainaa 20 000 euroa.<\/li>\n<li>Lis\u00e4ksi hakijan on t\u00e4ytynyt asua Suomessa vakituisesti noin 36 kuukauden ajan ennen hakemuksen j\u00e4tt\u00e4mist\u00e4. T\u00e4ll\u00e4 halutaan varmistaa, etteiv\u00e4t lainarahat mene ulkomaille.<\/li>\n<li>Hakijalta edellytet\u00e4\u00e4n s\u00e4\u00e4nn\u00f6llisi\u00e4 kuukausituloja. Lainayhti\u00f6st\u00e4 riippuu, mik\u00e4 on edellytett\u00e4vien tulojen alaraja. Lis\u00e4ksi k\u00e4yt\u00f6ss\u00e4 t\u00e4ytyy olla verkkopankkitunnukset, sill\u00e4 niiden avulla kirjaudutaan lainapalveluun.<\/li>\n<li>Luottotietojen on oltava kunnossa. Jos sinulla on maksuh\u00e4iri\u00f6merkint\u00e4 <a href=\"https:\/\/www.suomenpt.fi\/luottotiedot\/\" target=\"_blank\" rel=\"noopener noreferrer\">luottotietorekisteriss\u00e4<\/a>, et voi saada lainaa.<\/li>\n<\/ul>\n\t<\/div><!-- \/.list-ticks -->\r\n\t\nYritysten hakiessa lainaa lainanantaja haluaa yleens\u00e4 selvityksen taloustilanteesta. Silloin arvioidaan, miten vakavarainen yritys on ja onko lainattava summa sopivassa mittasuhteessa liikevaihtoon. On luonnollisesti ratkaisevaa, hakeeko <a href=\"http:\/\/loanstar.com\/fi\/lainaa\/yrityslaina\/\">yrityslainaa<\/a> isohko osakeyhti\u00f6 vaiko yhden ihmisen toiminimi.<\/p>\n<h2>Miten lainahakemus j\u00e4tet\u00e4\u00e4n?<\/h2>\n<p>Lainahakemus j\u00e4tet\u00e4\u00e4n nykyisin verkossa. Et toisin sanoen joudu en\u00e4\u00e4 entiseen tapaan menem\u00e4\u00e4n pankin kivijalkakonttoriin neuvottelemaan lainasta, vaan suuri osa hakuprosessista on automatisoitu. Luottotiedot tarkastetaan automaattisesti ja hakijasta laaditaan arvio, jonka mukaan my\u00f6s korko m\u00e4\u00e4r\u00e4ytyy.<\/p>\n<p>Lainapalveluun kirjaudutaan verkkopankkitunnuksilla. My\u00f6s mobiilivarmennetta voidaan k\u00e4ytt\u00e4\u00e4. Hakijalla on oltava lis\u00e4ksi suomalainen matkapuhelinnumero.<\/p>\n<p>Hakemuksen t\u00e4ytt\u00e4minen tapahtuu pikaisesti ja lainap\u00e4\u00e4t\u00f6s annetaan yleens\u00e4 lyhyen ajan sis\u00e4ll\u00e4. Tarvitset vain toimivan internet-yhteyden.<\/p>\n<p><strong>Lainaa voi hakea my\u00f6s mobiilisti, mik\u00e4li k\u00e4yt\u00e4t mieluummin \u00e4lypuhelinta. Tekstiviestitse ei voi hakea lainaa, koska hakija on tunnistettava luotettavasti.<\/strong><\/p>\n<h2>Miss\u00e4 ajassa 20 000 euron laina maksetaan takaisin?<\/h2>\n<p>Lainarahat maksetaan tilille heti kun lainahakemus on hyv\u00e4ksytty. Pikalainayhti\u00f6t maksavat rahat viivyttelem\u00e4tt\u00e4, mutta riippuu my\u00f6s omasta pankistasi, miss\u00e4 ajassa rahat siirtyv\u00e4t. Suurten pankkien tileille rahat maksetaan saman tien, kun taas pienempien pankkien tileille rahojen siirtymisess\u00e4 kest\u00e4\u00e4 hiukan kauemmin.<\/p>\n<p>Lainahakemuksia k\u00e4sitell\u00e4\u00e4n my\u00f6s viikonloppuisin ja juhlapyhin\u00e4. Pikalainayhti\u00f6iden asiakaspalvelu on auki pidemp\u00e4\u00e4n kuin tavalliset toimistoaukioloajat, sill\u00e4 n\u00e4iss\u00e4 asiakkaita palvellaan jopa iltakymmeneen saakka. Rahoja maksetaan kuitenkin vain p\u00e4iv\u00e4saikaan.<\/p>\n<h2>Mik\u00e4 on lainan korko?<\/h2>\n<p>Lainojen korot vaihtelevat lainayhti\u00f6st\u00e4 riippuen sek\u00e4 sinun <a href=\"https:\/\/www.asiakastieto.fi\/omatieto\/fi\/tuotteet\/luottoluokkani\" target=\"_blank\" rel=\"noopener noreferrer\">luottoluokituksestasi<\/a> riippuen. Yleisesti ottaen vakavarainen hakija saa lainaa edullisemmin kuin pienituloinen hakija.<\/p>\n<p>Lainayhti\u00f6 voi my\u00f6s my\u00f6nt\u00e4\u00e4 v\u00e4hemm\u00e4n kuin haet, mik\u00e4li tarvitset lainaa 20 000 euroa. Se johtuu lainayhti\u00f6n ottamasta riskist\u00e4: se punnitsee, <em>mill\u00e4 todenn\u00e4k\u00f6isyydell\u00e4 hakija maksaa lainansa takaisin. <\/em><\/p>\n<p><strong>Todellinen vuosikorko ottaa huomioon kaikki lainasta aiheutuvat kulut, joten kannattaa tarkistaa mieluummin se kuin nimelliskorko. T\u00e4m\u00e4n tekstin kirjoitushetkell\u00e4 todellinen vuosikorko liikkuu 10 ja 50 % v\u00e4lill\u00e4.<\/strong><\/p>\n<p>Lainoille on asetettu korkokatto, mutta se koskee vain alle 2 000 suuruisia lainoja. Tarkista ja vertaile korkoja siis aina huolellisesti\u00a0\u2013 voit s\u00e4\u00e4st\u00e4\u00e4 paljon rahaa.<\/p>\n<p>Vuonna 2018 Suomessa suunniteltiin lakimuutosta, joka s\u00e4\u00e4telisi my\u00f6s suurempien lainojen korkoprosentteja. Jotkin lainapalvelut pyyt\u00e4v\u00e4t lainoista huomattavan korkeita korkoja ja muita maksuja. T\u00e4st\u00e4 syyst\u00e4 on aina asiakkaan vastuulla tarkistaa kulut ja suhteuttaa lainasumma maksukykyyn.<\/p>\n<h2>Mit\u00e4 muita maksuja perit\u00e4\u00e4n?<\/h2>\n<p>Koron lis\u00e4ksi perit\u00e4\u00e4n muita kuluja. Yleisimpi\u00e4 ovat tilinavausmaksu, tilinhoitomaksu ja nostokulut. Lis\u00e4ksi voidaan veloittaa luottosumman korotuksesta ja maksuvapaan jakson j\u00e4rjest\u00e4misest\u00e4 sek\u00e4 maksuj\u00e4rjestelyist\u00e4.<\/p>\n<p>Yleens\u00e4 kaikki lis\u00e4ty\u00f6t\u00e4 aiheuttavat pyynn\u00f6t ovat maksullisia. Kaikkein kalleimpia ovat viiv\u00e4stysmaksut, jos lainaa ei lyhenn\u00e4 <a href=\"https:\/\/www.kkv.fi\/Tietoa-ja-ohjeita\/Maksut-laskut-perinta\/laskun-maksamisen-ajankohta\/\" target=\"_blank\" rel=\"noopener noreferrer\">er\u00e4p\u00e4iv\u00e4\u00e4n<\/a> menness\u00e4 pois.<\/p>\n<p><strong>Perint\u00e4kulut kasvavat hyvin nopeassa ajassa korkoa ja voivat aiheuttaa talousvaikeuksia. Mik\u00e4li sinulla on ollut talousvaikeuksia aikaisempina vuosina, on suositeltavaa olla ottamatta 20 000 \u20ac lainaa tai vastaavaa summaa, jos et voi olla t\u00e4ysin varma takaisinmaksusta.<\/strong><\/p>\n<h2>Lainavakuutus tuo turvaa velalliselle<\/h2>\n<p>Suurempien lainasummien tapauksessa lainavakuutus saattaa olla hyv\u00e4 vaihtoehto. Lainavakuutus tuo turvaa sairastumisen tai maksuvaikeuksien varalle. Mik\u00e4li joutuisit vaikkapa ty\u00f6tt\u00f6m\u00e4ksi, lainavakuutus tuo turvaa, jotta takaisinmaksu voi jatkua.<\/p>\n<p>Lainavakuutus on tietty prosenttisumma lainan hinnasta, yleens\u00e4 alle 10 %. Tarkista asia lainaehdoista.<\/p>\n<p>Normaalisti lainavakuutuksen saamiselle asetetaan seuraavat ehdot:<br \/>\n\t<div class=\"list-ticks-secondary\">\r\n\t\t<ul>\n<li>Ik\u00e4 noin 21\u201360 vuotta<\/li>\n<li>Hakijan on oltava terve vakuutuksen ottamisen hetkell\u00e4<\/li>\n<li>Hakija ei ole ollut ty\u00f6tt\u00f6m\u00e4n\u00e4 eik\u00e4 poissa t\u00f6ist\u00e4 sairauden takia<\/li>\n<li>Hakijalla ei ole tiedossaan tulevaa lomautusta tai ty\u00f6paikan yt-neuvotteluja<\/li>\n<\/ul>\n\t<\/div><!-- \/.list-ticks -->\r\n\t\n<h2>Yhteenveto: Lainaa 20 000 euroa<\/h2>\n<p>Vertaile aina korkoprosentteja, kun olet aikeissa anoa itsellesi lainaa 20 000 euroa. Korko muodostaa suurimman osan lainan kuluista. Todellinen vuosikorko sis\u00e4llytt\u00e4\u00e4 my\u00f6s muut kulut, kuten tilinavausmaksun, tilinhoitopalkkion ja muut vastaavat kustannukset.<\/p>\n<p>Loanstar on n\u00e4pp\u00e4r\u00e4 vertailusivusto, joka auttaa l\u00f6yt\u00e4m\u00e4\u00e4n taatusti edullisimman vaihtoehdon!<\/p>\n","protected":false},"excerpt":{"rendered":"<p>Tarvitsetko lainaa suurta hankintaa tai yritysinvestointia varten? Tarjolla on erilaisia lainantarjoajia, jotka ovat erikoistuneet suurempien lainasummien my\u00f6nt\u00e4miseen. Voit saada perinteisen&#8230;<\/p>\n","protected":false},"author":1,"featured_media":0,"parent":10,"menu_order":0,"comment_status":"closed","ping_status":"closed","template":"templates\/calculator-follow-up.php","meta":{"footnotes":""},"yoast_head":"<!-- This site is optimized with the Yoast SEO plugin v21.0 - https:\/\/yoast.com\/wordpress\/plugins\/seo\/ -->\n<title>Lainaa 20 000 hakiessa lainayhti\u00f6 on valittava huolella - LoanStar Suomi<\/title>\n<meta name=\"description\" content=\"Jos lainaa 20 000 euroa, ei kyseess\u00e4 ole mik\u00e4\u00e4n pieni summa. Sitoudut lainayhti\u00f6\u00f6n pitk\u00e4ksi aikaa, joten valitse lainantarjoaja huolella lainaa hakiessasi.\" \/>\n<meta name=\"robots\" content=\"index, follow, max-snippet:-1, max-image-preview:large, max-video-preview:-1\" \/>\n<link rel=\"canonical\" href=\"https:\/\/loanstar.com\/fi\/lainaa\/20000-euroa\/\" \/>\n<meta property=\"og:locale\" content=\"fi_FI\" \/>\n<meta property=\"og:type\" content=\"article\" \/>\n<meta property=\"og:title\" content=\"Lainaa 20 000 hakiessa lainayhti\u00f6 on valittava huolella - LoanStar Suomi\" \/>\n<meta property=\"og:description\" content=\"Jos lainaa 20 000 euroa, ei kyseess\u00e4 ole mik\u00e4\u00e4n pieni summa. Sitoudut lainayhti\u00f6\u00f6n pitk\u00e4ksi aikaa, joten valitse lainantarjoaja huolella lainaa hakiessasi.\" \/>\n<meta property=\"og:url\" content=\"https:\/\/loanstar.com\/fi\/lainaa\/20000-euroa\/\" \/>\n<meta property=\"og:site_name\" content=\"LoanStar Suomi\" \/>\n<meta property=\"article:modified_time\" content=\"2019-05-17T14:57:33+00:00\" \/>\n<meta name=\"twitter:card\" content=\"summary_large_image\" \/>\n<meta name=\"twitter:label1\" content=\"Arvioitu lukuaika\" \/>\n\t<meta name=\"twitter:data1\" content=\"5 minuuttia\" \/>\n<script type=\"application\/ld+json\" class=\"yoast-schema-graph\">{\"@context\":\"https:\/\/schema.org\",\"@graph\":[{\"@type\":\"WebPage\",\"@id\":\"https:\/\/loanstar.com\/fi\/lainaa\/20000-euroa\/\",\"url\":\"https:\/\/loanstar.com\/fi\/lainaa\/20000-euroa\/\",\"name\":\"Lainaa 20 000 hakiessa lainayhti\u00f6 on valittava huolella - LoanStar Suomi\",\"isPartOf\":{\"@id\":\"https:\/\/loanstar.com\/fi\/#website\"},\"datePublished\":\"2018-09-18T12:38:52+00:00\",\"dateModified\":\"2019-05-17T14:57:33+00:00\",\"description\":\"Jos lainaa 20 000 euroa, ei kyseess\u00e4 ole mik\u00e4\u00e4n pieni summa. Sitoudut lainayhti\u00f6\u00f6n pitk\u00e4ksi aikaa, joten valitse lainantarjoaja huolella lainaa hakiessasi.\",\"breadcrumb\":{\"@id\":\"https:\/\/loanstar.com\/fi\/lainaa\/20000-euroa\/#breadcrumb\"},\"inLanguage\":\"fi\",\"potentialAction\":[{\"@type\":\"ReadAction\",\"target\":[\"https:\/\/loanstar.com\/fi\/lainaa\/20000-euroa\/\"]}]},{\"@type\":\"BreadcrumbList\",\"@id\":\"https:\/\/loanstar.com\/fi\/lainaa\/20000-euroa\/#breadcrumb\",\"itemListElement\":[{\"@type\":\"ListItem\",\"position\":1,\"name\":\"Suomi\",\"item\":\"https:\/\/loanstar.com\/fi\/\"},{\"@type\":\"ListItem\",\"position\":2,\"name\":\"Lainaa\",\"item\":\"https:\/\/loanstar.com\/fi\/lainaa\/\"},{\"@type\":\"ListItem\",\"position\":3,\"name\":\"Lainaa 20 000\"}]},{\"@type\":\"WebSite\",\"@id\":\"https:\/\/loanstar.com\/fi\/#website\",\"url\":\"https:\/\/loanstar.com\/fi\/\",\"name\":\"LoanStar Suomi\",\"description\":\"Vertaa lainoja\",\"potentialAction\":[{\"@type\":\"SearchAction\",\"target\":{\"@type\":\"EntryPoint\",\"urlTemplate\":\"https:\/\/loanstar.com\/fi\/?s={search_term_string}\"},\"query-input\":\"required name=search_term_string\"}],\"inLanguage\":\"fi\"}]}<\/script>\n<!-- \/ Yoast SEO plugin. -->","yoast_head_json":{"title":"Lainaa 20 000 hakiessa lainayhti\u00f6 on valittava huolella - LoanStar Suomi","description":"Jos lainaa 20 000 euroa, ei kyseess\u00e4 ole mik\u00e4\u00e4n pieni summa. Sitoudut lainayhti\u00f6\u00f6n pitk\u00e4ksi aikaa, joten valitse lainantarjoaja huolella lainaa hakiessasi.","robots":{"index":"index","follow":"follow","max-snippet":"max-snippet:-1","max-image-preview":"max-image-preview:large","max-video-preview":"max-video-preview:-1"},"canonical":"https:\/\/loanstar.com\/fi\/lainaa\/20000-euroa\/","og_locale":"fi_FI","og_type":"article","og_title":"Lainaa 20 000 hakiessa lainayhti\u00f6 on valittava huolella - LoanStar Suomi","og_description":"Jos lainaa 20 000 euroa, ei kyseess\u00e4 ole mik\u00e4\u00e4n pieni summa. Sitoudut lainayhti\u00f6\u00f6n pitk\u00e4ksi aikaa, joten valitse lainantarjoaja huolella lainaa hakiessasi.","og_url":"https:\/\/loanstar.com\/fi\/lainaa\/20000-euroa\/","og_site_name":"LoanStar Suomi","article_modified_time":"2019-05-17T14:57:33+00:00","twitter_card":"summary_large_image","twitter_misc":{"Arvioitu lukuaika":"5 minuuttia"},"schema":{"@context":"https:\/\/schema.org","@graph":[{"@type":"WebPage","@id":"https:\/\/loanstar.com\/fi\/lainaa\/20000-euroa\/","url":"https:\/\/loanstar.com\/fi\/lainaa\/20000-euroa\/","name":"Lainaa 20 000 hakiessa lainayhti\u00f6 on valittava huolella - LoanStar Suomi","isPartOf":{"@id":"https:\/\/loanstar.com\/fi\/#website"},"datePublished":"2018-09-18T12:38:52+00:00","dateModified":"2019-05-17T14:57:33+00:00","description":"Jos lainaa 20 000 euroa, ei kyseess\u00e4 ole mik\u00e4\u00e4n pieni summa. Sitoudut lainayhti\u00f6\u00f6n pitk\u00e4ksi aikaa, joten valitse lainantarjoaja huolella lainaa hakiessasi.","breadcrumb":{"@id":"https:\/\/loanstar.com\/fi\/lainaa\/20000-euroa\/#breadcrumb"},"inLanguage":"fi","potentialAction":[{"@type":"ReadAction","target":["https:\/\/loanstar.com\/fi\/lainaa\/20000-euroa\/"]}]},{"@type":"BreadcrumbList","@id":"https:\/\/loanstar.com\/fi\/lainaa\/20000-euroa\/#breadcrumb","itemListElement":[{"@type":"ListItem","position":1,"name":"Suomi","item":"https:\/\/loanstar.com\/fi\/"},{"@type":"ListItem","position":2,"name":"Lainaa","item":"https:\/\/loanstar.com\/fi\/lainaa\/"},{"@type":"ListItem","position":3,"name":"Lainaa 20 000"}]},{"@type":"WebSite","@id":"https:\/\/loanstar.com\/fi\/#website","url":"https:\/\/loanstar.com\/fi\/","name":"LoanStar Suomi","description":"Vertaa lainoja","potentialAction":[{"@type":"SearchAction","target":{"@type":"EntryPoint","urlTemplate":"https:\/\/loanstar.com\/fi\/?s={search_term_string}"},"query-input":"required name=search_term_string"}],"inLanguage":"fi"}]}},"_links":{"self":[{"href":"https:\/\/loanstar.com\/fi\/wp-json\/wp\/v2\/pages\/127"}],"collection":[{"href":"https:\/\/loanstar.com\/fi\/wp-json\/wp\/v2\/pages"}],"about":[{"href":"https:\/\/loanstar.com\/fi\/wp-json\/wp\/v2\/types\/page"}],"author":[{"embeddable":true,"href":"https:\/\/loanstar.com\/fi\/wp-json\/wp\/v2\/users\/1"}],"replies":[{"embeddable":true,"href":"https:\/\/loanstar.com\/fi\/wp-json\/wp\/v2\/comments?post=127"}],"version-history":[{"count":2,"href":"https:\/\/loanstar.com\/fi\/wp-json\/wp\/v2\/pages\/127\/revisions"}],"predecessor-version":[{"id":413,"href":"https:\/\/loanstar.com\/fi\/wp-json\/wp\/v2\/pages\/127\/revisions\/413"}],"up":[{"embeddable":true,"href":"https:\/\/loanstar.com\/fi\/wp-json\/wp\/v2\/pages\/10"}],"wp:attachment":[{"href":"https:\/\/loanstar.com\/fi\/wp-json\/wp\/v2\/media?parent=127"}],"curies":[{"name":"wp","href":"https:\/\/api.w.org\/{rel}","templated":true}]}}