{"id":125,"date":"2018-09-18T12:37:51","date_gmt":"2018-09-18T12:37:51","guid":{"rendered":"http:\/\/loanstar.com\/fi\/?page_id=125"},"modified":"2019-05-22T12:05:36","modified_gmt":"2019-05-22T09:05:36","slug":"10000-euroa","status":"publish","type":"page","link":"https:\/\/loanstar.com\/fi\/lainaa\/10000-euroa\/","title":{"rendered":"Lainaa 10 000"},"content":{"rendered":"<h1>Lainaa 10 000 euroa<\/h1>\n<p>Jos suunnitteilla on suuremman lainan hakeminen ja tarvitset lainaa 10 000 euroa, on lainamarkkinoilla tarjolla muutamia eri vaihtoehtoja.<\/p>\n<p>Suomalaisilla pikalainamarkkinoilla on paljon tarjontaa. Useimmat lainayhti\u00f6t ovat erikoistuneet pienempiin, muutaman sadan euron tai korkeintaan <a href=\"http:\/\/loanstar.com\/fi\/lainaa\/2000-euroa\/\" target=\"_blank\" rel=\"noopener noreferrer\">2 000 euron<\/a> vakuudettomiin lainoihin.<\/p>\n<p><strong>My\u00f6s isompien lainojen hakeminen on kuitenkin nykyisin mahdollista ilman, ett\u00e4 vakuutta tai takaajaa vaaditaan. T\u00e4m\u00e4 p\u00e4tee my\u00f6s silloin kun kyseess\u00e4 on 10 000 \u20ac laina.\u00a0<\/strong><\/p>\n<p>Vertaile lainoja sivuillamme. N\u00e4in l\u00f6yd\u00e4t helposti edullisimman vaihtoehdon!<\/p>\n<h2>Lainan hakeminen verkossa on nopeaa<\/h2>\n<p>Ennen vanhaan lainan hakeminen oli hitaampaa, sill\u00e4 asiakkaan piti menn\u00e4 pankkiin paikan p\u00e4\u00e4lle henkil\u00f6kohtaisesti hakemaan lainaa. <a href=\"https:\/\/yle.fi\/aihe\/artikkeli\/2014\/03\/06\/pikkuasiatkin-voivat-keikuttaa-lainaneuvottelua\" target=\"_blank\" rel=\"noopener noreferrer\">Lainaneuvottelut<\/a> hikoiluttivat k\u00e4mmeni\u00e4 ja asiakkaan piti pukea ykk\u00f6set ylleen. Henkil\u00f6kohtaisen lainaprosessin etu oli <em>neuvottelemisen mahdollisuus<\/em>: jos virkailija ep\u00e4ili asiakkaan maksukyky\u00e4, omasta puolestaan pystyi puhumaan.<\/p>\n<p>Nykyisin lainanhakuprosessi on digitalisoitu. Asiakkaan ei tarvitse olla hattu k\u00e4dess\u00e4 pankin ovella, vaan lainaa voi hakea vaikka omalta kotisohvaltaan.<strong> T\u00e4ysin valmistautumatta prosessiin ei kannata kuitenkaan ryhty\u00e4, vaan lainanhaun yhteydess\u00e4 kannattaa vertailla lainayhti\u00f6iden ehtoja ja korkoja.<\/strong><\/p>\n<p>Digitalisoitumisen ansiosta kaikkia lainahakemuksen vaiheita ei tarvitse tehd\u00e4 k\u00e4sin, eik\u00e4 niihin vaadita ihmisty\u00f6voimaa. Isompien lainasummien tapauksessa kuitenkin my\u00f6s oikea virkailija harkitsee, onko asiakkaalla tarpeeksi maksukyky\u00e4.<\/p>\n<p>Koska ihmisty\u00f6voimalle ei ole en\u00e4\u00e4 samanlaista tarvetta ja fyysist\u00e4 toimistotilaakin tarvitaan paljon v\u00e4hemm\u00e4n kuin aikaisemmin, ovat lainojen hinnatkin tulleet alasp\u00e4in. My\u00f6s kilpailu painaa lainojen hintoja alasp\u00e4in kuluttajan eduksi. T\u00e4st\u00e4 syyst\u00e4 lainojen vertaileminen on t\u00e4rke\u00e4\u00e4.<\/p>\n<p>Muista, ettei koskaan kannata hyv\u00e4ksy\u00e4 heti ensimm\u00e4ist\u00e4 eteen ilmestyv\u00e4\u00e4 tarjousta. T\u00e4t\u00e4 ohjetta noudattamalla voit s\u00e4\u00e4st\u00e4\u00e4 todella pitk\u00e4n pennin!<\/p>\n<h2>Kuka voi saada lainaksi 10 000 euroa?<\/h2>\n<p>Yleens\u00e4 suuremmissa lainoissa edellytet\u00e4\u00e4n v\u00e4hint\u00e4\u00e4n 23 vuoden ik\u00e4\u00e4 sek\u00e4 vakituista osoitetta Suomessa v\u00e4hint\u00e4\u00e4n kahden vuoden ajalta. My\u00f6sk\u00e4\u00e4n maksuh\u00e4iri\u00f6merkint\u00f6j\u00e4 ei saa olla.<\/p>\n<p>Jos lainaa hakee yritys, kysyt\u00e4\u00e4n hakemuksessa sen taloustietoja. Pienempien summien kohdalla hakuprosessi on yleens\u00e4 viel\u00e4kin nopeampi, jopa 15 minuuttia, mutta t\u00e4ss\u00e4kin tapauksessa lainaprosessiin on varattava 1\u20132 arkip\u00e4iv\u00e4\u00e4.<\/p>\n<p>Lainayhti\u00f6 tekee luottokelpoisuuskartoituksen ennen lainatarjouksen tekemist\u00e4. Se punnitsee lainan my\u00f6nt\u00e4miseen liittyv\u00e4\u00e4 riski\u00e4 ja laskee my\u00f6s korkoprosentin sen perusteella.<\/p>\n<p><strong>Mit\u00e4 paremmaksi hakijan maksukyky arvioidaan, sit\u00e4 halvemman koron h\u00e4n saa. Korko lasketaan siis henkil\u00f6kohtaisen arvioinnin perusteella.<\/strong><\/p>\n<p>Jos lainayhti\u00f6 ep\u00e4ilee asiakkaan takaisinmaksukyky\u00e4, se ottaa suuremman riskin my\u00f6nt\u00e4ess\u00e4\u00e4n lainaa 10 000 \u20ac. Silloin korkoprosenttikin on korkeampi, joka yksinkertaisesti johtuu siit\u00e4, ett\u00e4 vakuutta ei vaadita. Vakuudellisten lainojen korko on edullisempi vakuuspantin ansiosta.<\/p>\n<h2>Milloin on j\u00e4rkev\u00e4\u00e4 ottaa lainaa 10 000?<\/h2>\n<p>Lainaa on j\u00e4rkev\u00e4\u00e4 ottaa silloin, kun olet varma sen kyvyst\u00e4si maksaa se takaisin. Usein on j\u00e4rkev\u00e4\u00e4 ottaa lainaa esimerkiksi tilanteessa, jossa lainaraha voi poikia lis\u00e4\u00e4 rahaa, kuten vaikkapa yritystoiminnassa.<\/p>\n<p>Pitk\u00e4\u00e4n suunniteltujen juhlien kuten h\u00e4iden j\u00e4rjest\u00e4miseen haetaan usein lainaa 10 000 euroa. Suomalaiset ottavat t\u00e4m\u00e4n verran lainaa usein my\u00f6s auton ostamiseen. Pikalainayhti\u00f6 ei kuitenkaan kysy lainarahan k\u00e4ytt\u00f6tarkoitusta. Voit k\u00e4ytt\u00e4\u00e4 rahat siten kuin parhaaksi katsot.<\/p>\n<p>Luonnollisestikaan hetken mielijohteesta tulevaan kulutusp\u00e4\u00e4t\u00f6kseen ei ole j\u00e4rkev\u00e4\u00e4 lainata suurta summaa, eik\u00e4 my\u00f6sk\u00e4\u00e4n uhkapelaamiseen tai vanhojen velkojen rahoittamiseen lainarahalla. Toisinaan voi olla j\u00e4rkev\u00e4\u00e4 ottaa yksi suurempi laina ja maksaa sill\u00e4 kaikki edelliset pikkuvelat pois, mutta t\u00e4ss\u00e4 tapauksessa on varottava ottamasta en\u00e4\u00e4 lis\u00e4velkaa.<\/p>\n<p>Mik\u00e4li <a href=\"https:\/\/www.kuluttajaliitto.fi\/tietopankki\/oman-talouden-hallinta\/velkaantuminen-ja-maksuhairiot\/\" target=\"_blank\" rel=\"noopener noreferrer\">velkaantuminen<\/a> on omalla kohdalla muodostumassa ongelmaksi, l\u00f6ytyy Suomesta j\u00e4rjest\u00f6j\u00e4, jotka auttavat maksuvaikeuksiin joutuneita. Jos on ajautunut talousvaikeuksiin, niist\u00e4 on paljon helpompaa p\u00e4\u00e4st\u00e4 pois aikaisessa vaiheessa kuin my\u00f6hemmin tilanteen jo pahennuttua.<\/p>\n<h2>Lainaa 10 000 euroa yritystoimintaan<\/h2>\n<p>Usein 10 000 euron laina tulee kyseeseen yritystoiminnan rahoittamiseen. T\u00e4m\u00e4n kokoluokan lainalla voi rahoittaa moniakin eri asioita yrityksen hyv\u00e4ksi. Seuraavaksi esitell\u00e4\u00e4n muutama esimerkki:<br \/>\n\t<div class=\"list-ticks-secondary\">\r\n\t\t<ul>\n<li><strong>Yrityksen perustamiskulut:<\/strong> Yrityksen perustamiskuluihin kuten osakeyhti\u00f6n perustamiseen vaaditaan useimmiten lainarahaa, ja t\u00e4t\u00e4 tarkoitusta varten voit hakea pikalainaa. Jos harkitset lainaamista yritystoimintaa varten, tutki kuitenkin lainayhti\u00f6iden tarjontaa tarkemmin, sill\u00e4 monet yhti\u00f6t ovat erikoistuneet <a href=\"http:\/\/loanstar.com\/fi\/lainaa\/yrityslaina\/\" target=\"_blank\" rel=\"noopener noreferrer\">yrityslainojen<\/a> tarjoamiseen.<\/li>\n<li><strong>Yritysinvestoinnit:<\/strong>\u00a0Yritystoiminnassa lainarahaa kannattaa luonnollisesti hakea silloin kun sill\u00e4 halutaan tehd\u00e4 investointeja uuteen kalustoon, laajentumiseen tai muihin t\u00e4rkeisiin toimintoihin.<\/li>\n<li><strong>Kassavajeen paikkaaminen:\u00a0<\/strong>Monet kausiluontoisesti ty\u00f6skentelev\u00e4t yritykset paikkaavat lainalla hiljaisen sesongin kassavajetta, jolloin kuitenkin on maksettava juoksevia kuluja kuten toimitilojen vuokria. Vilkkaana kautena velka maksetaan kokonaan pois.<br \/>\n\t<\/div><!-- \/.list-ticks -->\r\n\t<\/li>\n<\/ul>\n<p><strong>Talousvaikeuksien paikkaamiseen lainan ottaminen ei yleens\u00e4 ole hyv\u00e4 vaihtoehto.<\/strong><\/p>\n<p>Yritysasiakkaille saatetaan nimet\u00e4 yhti\u00f6n puolesta oma yhteyshenkil\u00f6. On k\u00e4tev\u00e4\u00e4 asioida tulevaisuudessa aina saman asiakaspalvelijan kanssa. Muutenkin olisi toivottavaa, ett\u00e4 pitk\u00e4 asiakassuhde yhti\u00f6n kanssa on toimiva ja kommunikaatio pelaa sujuvasti etenkin silloin, jos ottaa lainaa 10 000 euroa.<\/p>\n<h3>Mink\u00e4 hintaista on ottaa lainaa 10 000?<\/h3>\n<p>Lainojen todelliset vuosikorot vaihtelevat 10 ja 40 % v\u00e4lill\u00e4, mutta periaatteessa lainasta saa pyyt\u00e4\u00e4 niin paljon korkoa kuin haluaa, koska vain alle 2 000 euron lainoille on asetettu korkokatto. Ei kuitenkaan ole yksiselitteist\u00e4 vastausta sille, mit\u00e4 10 000 euroa lainaa tulee kustantamaan. Markkinoilla n\u00e4kee sek\u00e4 eritt\u00e4in hyvi\u00e4 ett\u00e4 eritt\u00e4in huonoja tarjouksia.<\/p>\n<h2>Miss\u00e4 ajassa laina maksetaan takaisin?<\/h2>\n<p>10 000 euron lainojen takaisinmaksuajat vaihtelevat suuresti. Voit saada lainalle useiden vuosien takaisinmaksuajan. Parhaimmillaan se voi olla jopa 15 vuotta.<\/p>\n<p>Koska kyse on pitk\u00e4st\u00e4 asiakassuhteesta, on suositeltavaa tarkistaa huolella, mink\u00e4 lainayhti\u00f6n asiakkaaksi ryhdyt. Mik\u00e4li haluat vaihtaa yhti\u00f6t\u00e4 my\u00f6hemmin, on se yleens\u00e4 mahdollista. Lainayhti\u00f6n asiakkaaksi ryhtyminen esimerkiksi kymmeneksi vuodeksi on kuitenkin t\u00e4rke\u00e4 taloudellinen p\u00e4\u00e4t\u00f6s, johon sitoutuminen vaatii harkintaa.<\/p>\n<p>Kannattaa tarkistaa vakuutusehdoista, onko sinun mahdollista saada lyhennysvapaata kuukautta tai voitko maksaa lainan etuajassa takaisin niin halutessasi. Joskus lainayhti\u00f6t veloittavat n\u00e4ist\u00e4 palveluista lis\u00e4maksuja, mutta toisinaan ne tarjoavat palvelua asiakkailleen ilmaiseksi osana asiakaspalveluaan.<\/p>\n<h2>Yhteenveto 10 000 euron lainoista<\/h2>\n<p>Mik\u00e4li tiedossa on iso kuluer\u00e4 kuten h\u00e4\u00e4t tai vastaavat juhlat, tai jos harkitset yrityslainan ottamista, voit saada vakuudetonta lainaa 10 000 euroa useasta eri pikalainayhti\u00f6st\u00e4.<\/p>\n<p>Koska kyseess\u00e4 on isompi lainasumma, lainanantaja punnitsee riski\u00e4 kuitenkin tarkemmin kuin pikkusummien kohdalla.\u00a0 Suuremmassa lainasummassa kriteerit voivat olla ymm\u00e4rrett\u00e4v\u00e4sti hiukan tiukemmat:<br \/>\n\t<div class=\"list-ticks-secondary\">\r\n\t\t<ul>\n<li>Korkeampi v\u00e4himm\u00e4isik\u00e4vaatimus<\/li>\n<li>Tarkempi hakijan maksukyvyn arviointi<\/li>\n<li>Puhdas luottorekisteri on ehdoton edellytys<\/li>\n<\/ul>\n\t<\/div><!-- \/.list-ticks -->\r\n\t\nToisaalta lainanhakuprosessi on automatisoitu, joten lainap\u00e4\u00e4t\u00f6s tulee tavallisesti nopeasti.\u00a0Pikalainayhti\u00f6t eiv\u00e4t vaadi vakuutta tai takaajia, eiv\u00e4tk\u00e4 kysy lainan k\u00e4ytt\u00f6tarkoitusta.<\/p>\n","protected":false},"excerpt":{"rendered":"<p>Lainaa 10 000 euroa Jos suunnitteilla on suuremman lainan hakeminen ja tarvitset lainaa 10 000 euroa, on lainamarkkinoilla tarjolla muutamia&#8230;<\/p>\n","protected":false},"author":1,"featured_media":0,"parent":10,"menu_order":0,"comment_status":"closed","ping_status":"closed","template":"templates\/calculator-follow-up.php","meta":{"footnotes":""},"yoast_head":"<!-- This site is optimized with the Yoast SEO plugin v21.0 - https:\/\/yoast.com\/wordpress\/plugins\/seo\/ -->\n<title>Lainaa 10 000 euroa suuriin hankintoihin - LoanStar Suomi<\/title>\n<meta name=\"description\" content=\"10 000 euroa lainaa on mahdollista hakea helpommin ja nopeammin kuin koskaan. Kerromme, mit\u00e4 10 000 \u20ac laina maksaa ja mit\u00e4 kriteereit\u00e4 hakijalta vaaditaan.\" \/>\n<meta name=\"robots\" content=\"index, follow, max-snippet:-1, max-image-preview:large, max-video-preview:-1\" \/>\n<link rel=\"canonical\" href=\"https:\/\/loanstar.com\/fi\/lainaa\/10000-euroa\/\" \/>\n<meta property=\"og:locale\" content=\"fi_FI\" \/>\n<meta property=\"og:type\" content=\"article\" \/>\n<meta property=\"og:title\" content=\"Lainaa 10 000 euroa suuriin hankintoihin - LoanStar Suomi\" \/>\n<meta property=\"og:description\" content=\"10 000 euroa lainaa on mahdollista hakea helpommin ja nopeammin kuin koskaan. Kerromme, mit\u00e4 10 000 \u20ac laina maksaa ja mit\u00e4 kriteereit\u00e4 hakijalta vaaditaan.\" \/>\n<meta property=\"og:url\" content=\"https:\/\/loanstar.com\/fi\/lainaa\/10000-euroa\/\" \/>\n<meta property=\"og:site_name\" content=\"LoanStar Suomi\" \/>\n<meta property=\"article:modified_time\" content=\"2019-05-22T09:05:36+00:00\" \/>\n<meta name=\"twitter:card\" content=\"summary_large_image\" \/>\n<meta name=\"twitter:label1\" content=\"Arvioitu lukuaika\" \/>\n\t<meta name=\"twitter:data1\" content=\"5 minuuttia\" \/>\n<script type=\"application\/ld+json\" class=\"yoast-schema-graph\">{\"@context\":\"https:\/\/schema.org\",\"@graph\":[{\"@type\":\"WebPage\",\"@id\":\"https:\/\/loanstar.com\/fi\/lainaa\/10000-euroa\/\",\"url\":\"https:\/\/loanstar.com\/fi\/lainaa\/10000-euroa\/\",\"name\":\"Lainaa 10 000 euroa suuriin hankintoihin - LoanStar Suomi\",\"isPartOf\":{\"@id\":\"https:\/\/loanstar.com\/fi\/#website\"},\"datePublished\":\"2018-09-18T12:37:51+00:00\",\"dateModified\":\"2019-05-22T09:05:36+00:00\",\"description\":\"10 000 euroa lainaa on mahdollista hakea helpommin ja nopeammin kuin koskaan. Kerromme, mit\u00e4 10 000 \u20ac laina maksaa ja mit\u00e4 kriteereit\u00e4 hakijalta vaaditaan.\",\"breadcrumb\":{\"@id\":\"https:\/\/loanstar.com\/fi\/lainaa\/10000-euroa\/#breadcrumb\"},\"inLanguage\":\"fi\",\"potentialAction\":[{\"@type\":\"ReadAction\",\"target\":[\"https:\/\/loanstar.com\/fi\/lainaa\/10000-euroa\/\"]}]},{\"@type\":\"BreadcrumbList\",\"@id\":\"https:\/\/loanstar.com\/fi\/lainaa\/10000-euroa\/#breadcrumb\",\"itemListElement\":[{\"@type\":\"ListItem\",\"position\":1,\"name\":\"Suomi\",\"item\":\"https:\/\/loanstar.com\/fi\/\"},{\"@type\":\"ListItem\",\"position\":2,\"name\":\"Lainaa\",\"item\":\"https:\/\/loanstar.com\/fi\/lainaa\/\"},{\"@type\":\"ListItem\",\"position\":3,\"name\":\"Lainaa 10 000\"}]},{\"@type\":\"WebSite\",\"@id\":\"https:\/\/loanstar.com\/fi\/#website\",\"url\":\"https:\/\/loanstar.com\/fi\/\",\"name\":\"LoanStar Suomi\",\"description\":\"Vertaa lainoja\",\"potentialAction\":[{\"@type\":\"SearchAction\",\"target\":{\"@type\":\"EntryPoint\",\"urlTemplate\":\"https:\/\/loanstar.com\/fi\/?s={search_term_string}\"},\"query-input\":\"required name=search_term_string\"}],\"inLanguage\":\"fi\"}]}<\/script>\n<!-- \/ Yoast SEO plugin. -->","yoast_head_json":{"title":"Lainaa 10 000 euroa suuriin hankintoihin - LoanStar Suomi","description":"10 000 euroa lainaa on mahdollista hakea helpommin ja nopeammin kuin koskaan. Kerromme, mit\u00e4 10 000 \u20ac laina maksaa ja mit\u00e4 kriteereit\u00e4 hakijalta vaaditaan.","robots":{"index":"index","follow":"follow","max-snippet":"max-snippet:-1","max-image-preview":"max-image-preview:large","max-video-preview":"max-video-preview:-1"},"canonical":"https:\/\/loanstar.com\/fi\/lainaa\/10000-euroa\/","og_locale":"fi_FI","og_type":"article","og_title":"Lainaa 10 000 euroa suuriin hankintoihin - LoanStar Suomi","og_description":"10 000 euroa lainaa on mahdollista hakea helpommin ja nopeammin kuin koskaan. Kerromme, mit\u00e4 10 000 \u20ac laina maksaa ja mit\u00e4 kriteereit\u00e4 hakijalta vaaditaan.","og_url":"https:\/\/loanstar.com\/fi\/lainaa\/10000-euroa\/","og_site_name":"LoanStar Suomi","article_modified_time":"2019-05-22T09:05:36+00:00","twitter_card":"summary_large_image","twitter_misc":{"Arvioitu lukuaika":"5 minuuttia"},"schema":{"@context":"https:\/\/schema.org","@graph":[{"@type":"WebPage","@id":"https:\/\/loanstar.com\/fi\/lainaa\/10000-euroa\/","url":"https:\/\/loanstar.com\/fi\/lainaa\/10000-euroa\/","name":"Lainaa 10 000 euroa suuriin hankintoihin - LoanStar Suomi","isPartOf":{"@id":"https:\/\/loanstar.com\/fi\/#website"},"datePublished":"2018-09-18T12:37:51+00:00","dateModified":"2019-05-22T09:05:36+00:00","description":"10 000 euroa lainaa on mahdollista hakea helpommin ja nopeammin kuin koskaan. Kerromme, mit\u00e4 10 000 \u20ac laina maksaa ja mit\u00e4 kriteereit\u00e4 hakijalta vaaditaan.","breadcrumb":{"@id":"https:\/\/loanstar.com\/fi\/lainaa\/10000-euroa\/#breadcrumb"},"inLanguage":"fi","potentialAction":[{"@type":"ReadAction","target":["https:\/\/loanstar.com\/fi\/lainaa\/10000-euroa\/"]}]},{"@type":"BreadcrumbList","@id":"https:\/\/loanstar.com\/fi\/lainaa\/10000-euroa\/#breadcrumb","itemListElement":[{"@type":"ListItem","position":1,"name":"Suomi","item":"https:\/\/loanstar.com\/fi\/"},{"@type":"ListItem","position":2,"name":"Lainaa","item":"https:\/\/loanstar.com\/fi\/lainaa\/"},{"@type":"ListItem","position":3,"name":"Lainaa 10 000"}]},{"@type":"WebSite","@id":"https:\/\/loanstar.com\/fi\/#website","url":"https:\/\/loanstar.com\/fi\/","name":"LoanStar Suomi","description":"Vertaa lainoja","potentialAction":[{"@type":"SearchAction","target":{"@type":"EntryPoint","urlTemplate":"https:\/\/loanstar.com\/fi\/?s={search_term_string}"},"query-input":"required name=search_term_string"}],"inLanguage":"fi"}]}},"_links":{"self":[{"href":"https:\/\/loanstar.com\/fi\/wp-json\/wp\/v2\/pages\/125"}],"collection":[{"href":"https:\/\/loanstar.com\/fi\/wp-json\/wp\/v2\/pages"}],"about":[{"href":"https:\/\/loanstar.com\/fi\/wp-json\/wp\/v2\/types\/page"}],"author":[{"embeddable":true,"href":"https:\/\/loanstar.com\/fi\/wp-json\/wp\/v2\/users\/1"}],"replies":[{"embeddable":true,"href":"https:\/\/loanstar.com\/fi\/wp-json\/wp\/v2\/comments?post=125"}],"version-history":[{"count":2,"href":"https:\/\/loanstar.com\/fi\/wp-json\/wp\/v2\/pages\/125\/revisions"}],"predecessor-version":[{"id":296,"href":"https:\/\/loanstar.com\/fi\/wp-json\/wp\/v2\/pages\/125\/revisions\/296"}],"up":[{"embeddable":true,"href":"https:\/\/loanstar.com\/fi\/wp-json\/wp\/v2\/pages\/10"}],"wp:attachment":[{"href":"https:\/\/loanstar.com\/fi\/wp-json\/wp\/v2\/media?parent=125"}],"curies":[{"name":"wp","href":"https:\/\/api.w.org\/{rel}","templated":true}]}}