{"id":121,"date":"2018-09-18T12:36:16","date_gmt":"2018-09-18T12:36:16","guid":{"rendered":"http:\/\/loanstar.com\/fi\/?page_id=121"},"modified":"2019-05-17T17:53:46","modified_gmt":"2019-05-17T14:53:46","slug":"lainaa-4000-euroa","status":"publish","type":"page","link":"https:\/\/loanstar.com\/fi\/lainaa\/lainaa-4000-euroa\/","title":{"rendered":"Lainaa 4 000"},"content":{"rendered":"<p><em>Siint\u00e4\u00e4k\u00f6 mieless\u00e4si upouusi keitti\u00f6? Haluaisitko uusia kaapinovet, jotka ovat poistuneet muodista jo parikymment\u00e4 vuotta sitten? Tarvitseeko kes\u00e4m\u00f6kki remonttia? Ehk\u00e4 haaveilet lomasta kauan kaipaamaasi etel\u00e4n lomakohteeseen ja olisit vihdoinkin toteuttamassa toiveesi? <\/em><\/p>\n<p>Mik\u00e4li lompakossa on 4 000 euron kokoinen lovi, jonka t\u00e4ytt\u00e4miseksi tarvitset <a href=\"http:\/\/loanstar.com\/fi\/lainaa\/ilman-vakuuksia\/\">lainaa\u00a0ilman vakuuksia<\/a>, on olemassa onneksi paljon vaihtoehtoja. Useimmissa luottokorteissa ei ole n\u00e4in korkeaa limiitti\u00e4, joten lainan hakeminen saattaa olla j\u00e4rkev\u00e4\u00e4. Ennen kuin teet lainasopimuksen, vertaile sivujemme kautta erilaisia vaihtoehtoja, joita markkinoilla on tarjolla.<\/p>\n<p>Suomen markkinoilla on paljon pikalainayhti\u00f6it\u00e4, jotka kilpailevat perinteisten pankkien kanssa asiakkaista. Pikalainat ovat nimens\u00e4 mukaisesti nopeassa ajassa haettavia lainoja, joille ei vaadita takaajaa tai vakuutta.<\/p>\n<p><strong>On j\u00e4rkev\u00e4\u00e4 kilpailuttaa lainayhti\u00f6t, jotta saat kaikkein halvimmalla hinnalla lainaa 4 000 \u20ac.<\/strong><\/p>\n<p>Korkokulut muodostavat suuren osan lainan kuluista, joita joudut maksamaan kuukausittain takaisin. T\u00e4st\u00e4 syyst\u00e4 ei ole yhdentekev\u00e4\u00e4, mit\u00e4 korkoa lainayhti\u00f6 pyyt\u00e4\u00e4. Vanha suomalainen sananlaskukin kuuluu seuraavasti: <em>&#8221;Ei se ole h\u00f6lm\u00f6, joka pyyt\u00e4\u00e4 vaan se, joka maksaa!&#8221;<\/em><\/p>\n<h2>Yleist\u00e4 lainaamisesta<\/h2>\n<p>Viisas ja kauaskatseinen lainanhakija tarkastelee, millaisia ehtoja kullekin lainalle asetetaan.<\/p>\n<p>T\u00e4rkein seikka on todellinen vuosikorko. Siit\u00e4 k\u00e4y ilmi paitsi viitekorko, my\u00f6s lainayhti\u00f6n ottama marginaali eli muut lainan oheiskulut.<\/p>\n<p><strong>Vaikka viitekoroksi ilmoitettaisiin kohtuullinen prosentti, on t\u00e4rke\u00e4\u00e4 my\u00f6s selvitt\u00e4\u00e4, liittyyk\u00f6 lainaan muita sellaisia maksuja, jotka voivat kallistaa lainaa entisest\u00e4\u00e4n. <\/strong><\/p>\n<p>N\u00e4it\u00e4 ovat esimerkiksi seuraavat hyvin tavalliset maksut:<br \/>\n\t<div class=\"list-ticks-secondary\">\r\n\t\t<ul>\n<li>Tilinhoitopalkkio<\/li>\n<li>Nostokulut<\/li>\n<li>Lainan perustamiskulut<\/li>\n<li>Muut vastaavat maksut<\/li>\n<\/ul>\n\t<\/div><!-- \/.list-ticks -->\r\n\t\nKoska pikalainayhti\u00f6t eiv\u00e4t pyyd\u00e4 lainalle vakuutta eiv\u00e4tk\u00e4 takaajaa, hakuprosessi on nopea. Et joudu my\u00f6sk\u00e4\u00e4n selitt\u00e4m\u00e4\u00e4n lainarahan k\u00e4ytt\u00f6tarkoitusta, vaan voit sijoittaa lainaa 4 000 haluamaasi kohteeseen. T\u00e4m\u00e4 on yksi syy pikalainojen suosioon. Usein n\u00e4it\u00e4 lainoja kutsutaan my\u00f6s nimell\u00e4 joustoluotto tai luottolimiitti yrityksest\u00e4 riippuen.<\/p>\n<p><strong>Kilpailuttaessasi lainoja voit l\u00e4hett\u00e4\u00e4 halutessasi useamman lainahakemuksen. On olemassa my\u00f6s lainapalveluita, joissa voit l\u00e4hett\u00e4\u00e4 samalla hakemuksella lainapyynt\u00f6si useaan yritykseen kerralla. Saat useita lainatarjouksia, jotka ovat lainanantajille sitovia, mutta sinun ei ole pakko hyv\u00e4ksy\u00e4 ainuttak<\/strong><strong>aan.<\/strong><\/p>\n<p>Mik\u00e4li tulisit katumap\u00e4\u00e4lle haettuasi lainaa 4 000 euroa, sinulla on et\u00e4myynti\u00e4 koskevan <a href=\"https:\/\/www.finlex.fi\/fi\/laki\/ajantasa\/1978\/19780038#a30.12.2013-1211\" target=\"_blank\" rel=\"noopener noreferrer\">et\u00e4myynti\u00e4 koskevan lain<\/a> mukaan oikeus peruuttaa laina 14 vuorokauden kuluessa. T\u00e4ll\u00f6in joudut useimmiten l\u00e4hett\u00e4m\u00e4\u00e4n paperisen kirjeen yrityksen asiakaspalveluun.<\/p>\n<p>Varsinainen hakuprosessi tapahtuu t\u00e4t\u00e4 nyky\u00e4 s\u00e4hk\u00f6isesti, eik\u00e4 paperikirjeit\u00e4 en\u00e4\u00e4 vaadita. Hakemuksessa kysyt\u00e4\u00e4n kuukausituloja, henkil\u00f6tunnusta ja muutamia muita perustietoja.<\/p>\n<h2>Mit\u00e4 pit\u00e4\u00e4 ottaa huomioon, kun haet lainaa?<\/h2>\n<p>Jo ennen lainan hakemista kannattaa pohtia alla esiteltyjen kohtien toteutumista omalla kohdallasi.<\/p>\n<h4><strong>1. Oma laina vs. yhteinen laina<\/strong><\/h4>\n<p>Jos haluat hakea lainaa yhdess\u00e4 toisen henkil\u00f6n kanssa, t\u00e4m\u00e4 on t\u00e4ysin mahdollista. T\u00e4ll\u00f6in olette yhteisvastuussa lainasta: mik\u00e4li toinen henkil\u00f6 j\u00e4tt\u00e4\u00e4 oman lyhennyksens\u00e4 maksamatta, koko summa perit\u00e4\u00e4n toiselta velalliselta.<\/p>\n<p><strong>T<\/strong><strong>\u00e4st\u00e4 syyst\u00e4 yhteisvastuullinen lainahakemus on syyt\u00e4 tehd\u00e4 vain luotettavan henkil\u00f6n kanssa!<\/strong><\/p>\n<p>Varmista siis, ett\u00e4 tunnet kanssasi yhteist\u00e4 lainaa hakevan henkil\u00f6n taloustilanteen riitt\u00e4v\u00e4n hyvin. Tavallisimmin suomalaiset hakevat yhteisvastuullista lainaa yhdess\u00e4 perheenj\u00e4senens\u00e4 tai puolisonsa kanssa.<\/p>\n<h4><strong>2. Henkil\u00f6tunnus<\/strong><\/h4>\n<p>Hakemuksessa kysyt\u00e4\u00e4n henkil\u00f6tunnusta siksi, ett\u00e4 lainanantaja tarkistaa hakijan luottotiedot. T\u00e4t\u00e4 varten on annettava suostumus.<\/p>\n<h4><strong>3. Luottotiedot kunnossa<\/strong><\/h4>\n<p>Luottoh\u00e4iri\u00f6merkinn\u00e4ll\u00e4 ei voi saada lainaa 4 000 euroa eik\u00e4 mit\u00e4\u00e4n muutakaan summaa t\u00e4ll\u00e4 hetkell\u00e4. Hylk\u00e4ys tulee automaattisesti, jos <a href=\"https:\/\/www.bisnode.fi\/henkiloluottotiedot\" target=\"_blank\" rel=\"noopener noreferrer\">luottotiedot<\/a> eiv\u00e4t ole kunnossa.<\/p>\n<h4><strong>4. T\u00e4ysi-ik\u00e4isyys<\/strong><\/h4>\n<p>My\u00f6sk\u00e4\u00e4n alaik\u00e4iselle ei anneta lainaa. Mit\u00e4 suurempi lainasumma on kyseess\u00e4, sen korkeampi alaik\u00e4raja on, 4 000 euron lainan tapauksessa noin 23 vuotta. Rajoitukset on asetettu nuorten suojelemiseksi, sill\u00e4 monesti nuorten ja opiskelijoiden taloustilanne on vasta vakiintumassa, ja usein laina on iso, jopa vuosikausien pituinen sitoumus.<\/p>\n<h4><strong>5. Takaisinmaksuaika<\/strong><\/h4>\n<p>Jos otat lainaa 4 000 euroa, sen takaisinmaksuaika vaihtelee. Kun kyseess\u00e4 on 2000 &#8211; <a href=\"http:\/\/loanstar.com\/fi\/lainaa\/5000-euroa\/\">5000 euroa lainaa<\/a>, on keskim\u00e4\u00e4r\u00e4inen takaisinmaksuaika silloin noin nelj\u00e4 vuotta. Kuukausilyhennyksen m\u00e4\u00e4r\u00e4 vaihtelee ja sen voi tavallisesti itse valita.<\/p>\n<p><strong>Koska olet sitoutumassa pitk\u00e4ksi aikaa yhden yrityksen asiakkaaksi, kannattaa tarkistaa millaisesta yrityksest\u00e4 on kyse. T\u00e4rkeint\u00e4 on, ett\u00e4 asiakaspalveluun saa helposti yhteyden ja ett\u00e4 se toimii my\u00f6s ongelmatilanteissa.<\/strong><\/p>\n<h2>Korkoprosentti m\u00e4\u00e4ritell\u00e4\u00e4n yksil\u00f6kohtaisesti<\/h2>\n<p>Lainayhti\u00f6iden joustavuus on yksi syy niiden suosioon. Et joudu arvioituttamaan vakuuden arvoa, ja lis\u00e4ksi saat valita itse takaisinmaksuajan ja kuukausierien m\u00e4\u00e4r\u00e4n.<\/p>\n<p>Mik\u00e4li t\u00e4yt\u00e4t hakuehdot, saat lainan automaattisesti, sinun ei tarvitse yritt\u00e4\u00e4 vakuuttaa virkailijaa kasvotusten. Lainayhti\u00f6 kuitenkin tekee maksukyvyst\u00e4si arvion ja pohtii, mill\u00e4 todenn\u00e4k\u00f6isyydell\u00e4 et maksaisi lainaa takaisin. Lainanantaja nimitt\u00e4in punnitsee aina riskej\u00e4 ja m\u00e4\u00e4rittelee korkoprosentin sen vuoksi kullekin hakijalle henkil\u00f6kohtaisesti.<\/p>\n<p>4 000 euron lainojen korot vaihtelevat yleens\u00e4 <strong>10 %<\/strong> ja <strong>50 %<\/strong> v\u00e4lill\u00e4. Kuten edell\u00e4 mainittiin, prosentti riippuu hakijan varallisuustilanteesta, joten tarkkaa arviota on vaikea antaa. T\u00e4t\u00e4kin korkeampia prosentteja n\u00e4kyy, mutta liian korkeaan korkoon ei kannata suostua, sill\u00e4 tarjontaa on paljon.<\/p>\n<p>Pikalainojen tarjonta on nykyisin suurempaa kuin ennen. Niin sanottuja pikavippej\u00e4 on alettu n\u00e4kyv\u00e4mmin markkinoida vasta viime vuosina. Pikaiseen tarpeeseen tarjottavia lainoja on ollut olemassa Suomen markkinoilla reilun 10 vuoden ajan, ja t\u00e4ss\u00e4 ajassa ala on kehittynyt ja kasvanut huomattavasti.<\/p>\n<p><strong>Pikavippej\u00e4 s\u00e4\u00e4dell\u00e4\u00e4n nykyisin lailla. Jos vippi\u00e4 hakee korkeintaan 2 000 euroa, maksimikorkoprosentti on s\u00e4\u00e4detty 50 prosenttiin. Kun tarvitset vaikkapa\u00a0<a href=\"http:\/\/loanstar.com\/fi\/lainaa\/3000-euroa\/\">lainaa 3 000 euroa<\/a>, t\u00e4m\u00e4 s\u00e4\u00e4nt\u00f6 ei kuitenkaan p\u00e4de. <\/strong><\/p>\n<p>Lainayhti\u00f6t ovat pyyt\u00e4neet kalleimmillaan jopa useiden satojen prosenttien vuosikorkoja. T\u00e4m\u00e4 on mahdollista, koska asiakas hyv\u00e4ksyy aina ehdot ennen ryhtymist\u00e4\u00e4n asiakkaaksi.<\/p>\n<p>On omalla vastuullasi ottaa tarpeeksi selkoa lainaehdoista. Mit\u00e4 enemm\u00e4n lainaehtoja lukee, sit\u00e4 selke\u00e4mmilt\u00e4 ne alkavat n\u00e4ytt\u00e4\u00e4, aivan kuin mik\u00e4 tahansa uusi, opiskeltava asia.<\/p>\n<h2>Yhteenveto: Lainaa 4 000 euroa<\/h2>\n<p><strong>Pikalainayrityksi\u00e4 on markkinoilla todella paljon. Sit\u00e4 suuremmalla syyll\u00e4 lainat kannattaa aina kilpailuttaa\u00a0\u2013 n\u00e4in saat halvimman koron!<\/strong><\/p>\n<p>Todellinen vuosikorko on t\u00e4rkein vertailtava asia. Meid\u00e4n vertailusivustomme helpottaa etsimist\u00e4.<\/p>\n<p>Useissa tapauksissa mahdollista on my\u00f6s hakea lainaa 4 000 euroa yhteisvastuullisesti toisen henkil\u00f6n kanssa, jos niin haluat. Silloin te molemmat olette vastuussa lainan takaisinmaksusta.<\/p>\n","protected":false},"excerpt":{"rendered":"<p>Siint\u00e4\u00e4k\u00f6 mieless\u00e4si upouusi keitti\u00f6? Haluaisitko uusia kaapinovet, jotka ovat poistuneet muodista jo parikymment\u00e4 vuotta sitten? Tarvitseeko kes\u00e4m\u00f6kki remonttia? Ehk\u00e4 haaveilet&#8230;<\/p>\n","protected":false},"author":1,"featured_media":0,"parent":10,"menu_order":0,"comment_status":"closed","ping_status":"closed","template":"templates\/calculator-follow-up.php","meta":{"footnotes":""},"yoast_head":"<!-- This site is optimized with the Yoast SEO plugin v21.0 - https:\/\/yoast.com\/wordpress\/plugins\/seo\/ -->\n<title>Lainaa 4 000euroa tarjotaan vaihtelevilla koroilla - LoanStar Suomi<\/title>\n<meta name=\"description\" content=\"Kun lainaa 4 000 euroa, voi korko olla mit\u00e4 tahansa 10 \u2013 50 % v\u00e4lill\u00e4. Lainojen vertailu on siksi hyvin t\u00e4rke\u00e4\u00e4 silloin kun tarvitsee 4 000 euroa lainaa.\" \/>\n<meta name=\"robots\" content=\"index, follow, max-snippet:-1, max-image-preview:large, max-video-preview:-1\" \/>\n<link rel=\"canonical\" href=\"https:\/\/loanstar.com\/fi\/lainaa\/lainaa-4000-euroa\/\" \/>\n<meta property=\"og:locale\" content=\"fi_FI\" \/>\n<meta property=\"og:type\" content=\"article\" \/>\n<meta property=\"og:title\" content=\"Lainaa 4 000euroa tarjotaan vaihtelevilla koroilla - LoanStar Suomi\" \/>\n<meta property=\"og:description\" content=\"Kun lainaa 4 000 euroa, voi korko olla mit\u00e4 tahansa 10 \u2013 50 % v\u00e4lill\u00e4. Lainojen vertailu on siksi hyvin t\u00e4rke\u00e4\u00e4 silloin kun tarvitsee 4 000 euroa lainaa.\" \/>\n<meta property=\"og:url\" content=\"https:\/\/loanstar.com\/fi\/lainaa\/lainaa-4000-euroa\/\" \/>\n<meta property=\"og:site_name\" content=\"LoanStar Suomi\" \/>\n<meta property=\"article:modified_time\" content=\"2019-05-17T14:53:46+00:00\" \/>\n<meta name=\"twitter:card\" content=\"summary_large_image\" \/>\n<meta name=\"twitter:label1\" content=\"Arvioitu lukuaika\" \/>\n\t<meta name=\"twitter:data1\" content=\"5 minuuttia\" \/>\n<script type=\"application\/ld+json\" class=\"yoast-schema-graph\">{\"@context\":\"https:\/\/schema.org\",\"@graph\":[{\"@type\":\"WebPage\",\"@id\":\"https:\/\/loanstar.com\/fi\/lainaa\/lainaa-4000-euroa\/\",\"url\":\"https:\/\/loanstar.com\/fi\/lainaa\/lainaa-4000-euroa\/\",\"name\":\"Lainaa 4 000euroa tarjotaan vaihtelevilla koroilla - LoanStar Suomi\",\"isPartOf\":{\"@id\":\"https:\/\/loanstar.com\/fi\/#website\"},\"datePublished\":\"2018-09-18T12:36:16+00:00\",\"dateModified\":\"2019-05-17T14:53:46+00:00\",\"description\":\"Kun lainaa 4 000 euroa, voi korko olla mit\u00e4 tahansa 10 \u2013 50 % v\u00e4lill\u00e4. Lainojen vertailu on siksi hyvin t\u00e4rke\u00e4\u00e4 silloin kun tarvitsee 4 000 euroa lainaa.\",\"breadcrumb\":{\"@id\":\"https:\/\/loanstar.com\/fi\/lainaa\/lainaa-4000-euroa\/#breadcrumb\"},\"inLanguage\":\"fi\",\"potentialAction\":[{\"@type\":\"ReadAction\",\"target\":[\"https:\/\/loanstar.com\/fi\/lainaa\/lainaa-4000-euroa\/\"]}]},{\"@type\":\"BreadcrumbList\",\"@id\":\"https:\/\/loanstar.com\/fi\/lainaa\/lainaa-4000-euroa\/#breadcrumb\",\"itemListElement\":[{\"@type\":\"ListItem\",\"position\":1,\"name\":\"Suomi\",\"item\":\"https:\/\/loanstar.com\/fi\/\"},{\"@type\":\"ListItem\",\"position\":2,\"name\":\"Lainaa\",\"item\":\"https:\/\/loanstar.com\/fi\/lainaa\/\"},{\"@type\":\"ListItem\",\"position\":3,\"name\":\"Lainaa 4 000\"}]},{\"@type\":\"WebSite\",\"@id\":\"https:\/\/loanstar.com\/fi\/#website\",\"url\":\"https:\/\/loanstar.com\/fi\/\",\"name\":\"LoanStar Suomi\",\"description\":\"Vertaa lainoja\",\"potentialAction\":[{\"@type\":\"SearchAction\",\"target\":{\"@type\":\"EntryPoint\",\"urlTemplate\":\"https:\/\/loanstar.com\/fi\/?s={search_term_string}\"},\"query-input\":\"required name=search_term_string\"}],\"inLanguage\":\"fi\"}]}<\/script>\n<!-- \/ Yoast SEO plugin. -->","yoast_head_json":{"title":"Lainaa 4 000euroa tarjotaan vaihtelevilla koroilla - LoanStar Suomi","description":"Kun lainaa 4 000 euroa, voi korko olla mit\u00e4 tahansa 10 \u2013 50 % v\u00e4lill\u00e4. Lainojen vertailu on siksi hyvin t\u00e4rke\u00e4\u00e4 silloin kun tarvitsee 4 000 euroa lainaa.","robots":{"index":"index","follow":"follow","max-snippet":"max-snippet:-1","max-image-preview":"max-image-preview:large","max-video-preview":"max-video-preview:-1"},"canonical":"https:\/\/loanstar.com\/fi\/lainaa\/lainaa-4000-euroa\/","og_locale":"fi_FI","og_type":"article","og_title":"Lainaa 4 000euroa tarjotaan vaihtelevilla koroilla - LoanStar Suomi","og_description":"Kun lainaa 4 000 euroa, voi korko olla mit\u00e4 tahansa 10 \u2013 50 % v\u00e4lill\u00e4. Lainojen vertailu on siksi hyvin t\u00e4rke\u00e4\u00e4 silloin kun tarvitsee 4 000 euroa lainaa.","og_url":"https:\/\/loanstar.com\/fi\/lainaa\/lainaa-4000-euroa\/","og_site_name":"LoanStar Suomi","article_modified_time":"2019-05-17T14:53:46+00:00","twitter_card":"summary_large_image","twitter_misc":{"Arvioitu lukuaika":"5 minuuttia"},"schema":{"@context":"https:\/\/schema.org","@graph":[{"@type":"WebPage","@id":"https:\/\/loanstar.com\/fi\/lainaa\/lainaa-4000-euroa\/","url":"https:\/\/loanstar.com\/fi\/lainaa\/lainaa-4000-euroa\/","name":"Lainaa 4 000euroa tarjotaan vaihtelevilla koroilla - LoanStar Suomi","isPartOf":{"@id":"https:\/\/loanstar.com\/fi\/#website"},"datePublished":"2018-09-18T12:36:16+00:00","dateModified":"2019-05-17T14:53:46+00:00","description":"Kun lainaa 4 000 euroa, voi korko olla mit\u00e4 tahansa 10 \u2013 50 % v\u00e4lill\u00e4. Lainojen vertailu on siksi hyvin t\u00e4rke\u00e4\u00e4 silloin kun tarvitsee 4 000 euroa lainaa.","breadcrumb":{"@id":"https:\/\/loanstar.com\/fi\/lainaa\/lainaa-4000-euroa\/#breadcrumb"},"inLanguage":"fi","potentialAction":[{"@type":"ReadAction","target":["https:\/\/loanstar.com\/fi\/lainaa\/lainaa-4000-euroa\/"]}]},{"@type":"BreadcrumbList","@id":"https:\/\/loanstar.com\/fi\/lainaa\/lainaa-4000-euroa\/#breadcrumb","itemListElement":[{"@type":"ListItem","position":1,"name":"Suomi","item":"https:\/\/loanstar.com\/fi\/"},{"@type":"ListItem","position":2,"name":"Lainaa","item":"https:\/\/loanstar.com\/fi\/lainaa\/"},{"@type":"ListItem","position":3,"name":"Lainaa 4 000"}]},{"@type":"WebSite","@id":"https:\/\/loanstar.com\/fi\/#website","url":"https:\/\/loanstar.com\/fi\/","name":"LoanStar Suomi","description":"Vertaa lainoja","potentialAction":[{"@type":"SearchAction","target":{"@type":"EntryPoint","urlTemplate":"https:\/\/loanstar.com\/fi\/?s={search_term_string}"},"query-input":"required name=search_term_string"}],"inLanguage":"fi"}]}},"_links":{"self":[{"href":"https:\/\/loanstar.com\/fi\/wp-json\/wp\/v2\/pages\/121"}],"collection":[{"href":"https:\/\/loanstar.com\/fi\/wp-json\/wp\/v2\/pages"}],"about":[{"href":"https:\/\/loanstar.com\/fi\/wp-json\/wp\/v2\/types\/page"}],"author":[{"embeddable":true,"href":"https:\/\/loanstar.com\/fi\/wp-json\/wp\/v2\/users\/1"}],"replies":[{"embeddable":true,"href":"https:\/\/loanstar.com\/fi\/wp-json\/wp\/v2\/comments?post=121"}],"version-history":[{"count":1,"href":"https:\/\/loanstar.com\/fi\/wp-json\/wp\/v2\/pages\/121\/revisions"}],"predecessor-version":[{"id":308,"href":"https:\/\/loanstar.com\/fi\/wp-json\/wp\/v2\/pages\/121\/revisions\/308"}],"up":[{"embeddable":true,"href":"https:\/\/loanstar.com\/fi\/wp-json\/wp\/v2\/pages\/10"}],"wp:attachment":[{"href":"https:\/\/loanstar.com\/fi\/wp-json\/wp\/v2\/media?parent=121"}],"curies":[{"name":"wp","href":"https:\/\/api.w.org\/{rel}","templated":true}]}}