{"id":119,"date":"2018-09-18T12:35:21","date_gmt":"2018-09-18T12:35:21","guid":{"rendered":"http:\/\/loanstar.com\/fi\/?page_id=119"},"modified":"2019-05-22T12:04:40","modified_gmt":"2019-05-22T09:04:40","slug":"3000-euroa","status":"publish","type":"page","link":"https:\/\/loanstar.com\/fi\/lainaa\/3000-euroa\/","title":{"rendered":"Lainaa 3 000"},"content":{"rendered":"<p><em>Oletko suunnittelemassa h\u00e4it\u00e4 tai muita isoja juhlia? Kaipaako kes\u00e4m\u00f6kki remontoimista? Haaveiletko ihanasta lomamatkasta etel\u00e4n lomakohteeseen? <\/em><\/p>\n<p>Mik\u00e4li suunnitteilla on jokin suurempi hankinta, jota varten tarvitset lainaa 3000 euroa, eik\u00e4 etuk\u00e4teen s\u00e4\u00e4st\u00e4minen ole haluamassasi aikataulussa mahdollista, sinulla on muutamia vaihtoehtoja, mist\u00e4 voit hakea lainaa 3 000 euron verran.<\/p>\n<h3>Vakuudelliset lainat<\/h3>\n<p>Voit esimerkiksi hakea pankista vakuudellista lainaa. T\u00e4ll\u00f6in asetat lainan pantiksi omaisuusvakuuden tai pyyd\u00e4t lainalle takaajan. T\u00e4m\u00e4 takaa, ett\u00e4 pankki ei j\u00e4\u00e4 nuolemaan n\u00e4ppej\u00e4\u00e4n, mik\u00e4li asiakas ei kykenisik\u00e4\u00e4n suoriutumaan takaisinmaksusta.<\/p>\n<p>Takaajana toimii toinen henkil\u00f6, joka takaa omalla omaisuudellaan velkasumman, eli maksamatta j\u00e4\u00e4nyt velka voidaan peri\u00e4 h\u00e4nelt\u00e4 takaisin. Vakuus on puolestaan kiinte\u00e4\u00e4, realisoitavissa olevaa omaisuutta, esimerkiksi auto tai asunto. Autokaupoissa on tavallista, ett\u00e4 ostettava auto toimii vakuutena.<\/p>\n<p><strong>Vakuudellisten lainojen korkoprosentit ovat jonkin verran matalampia kuin vakuudettomien lainojen, sill\u00e4 pankin n\u00e4k\u00f6kulmasta riski on matalampi.<\/strong><\/p>\n<h3>Pikalainat<\/h3>\n<p>Jos kuitenkin toivot saavasi rahat ripe\u00e4sti, pikalainat ovat paras vaihtoehto. Markkinoilla on tarjolla kulutusluoton, pikalainan ja joustoluoton nimell\u00e4 kulkevia lainatuotteita. Yleens\u00e4 pikalainoissa ei edellytet\u00e4 vakuuksia tai takaajia, vaan kyseess\u00e4 on useimmiten <a href=\"http:\/\/loanstar.com\/fi\/lainaa\/ilman-vakuuksia\/\">laina ilman vakuuksia<\/a>.<\/p>\n<p>Pikalainoissa on useimmiten korkeampi korko kuin pankkilainoissa, mutta niiden hakuprosessi on nopeampi. Rahat maksetaan parhaimmillaan jopa saman p\u00e4iv\u00e4n aikana tilillesi hiukan tapauksesta riippuen.<\/p>\n<h2>Miten ja mist\u00e4 haetaan 3 000 euroa lainaa?<\/h2>\n<p>Kun olet hakemassa lainaa, sinun pit\u00e4\u00e4 aluksi n\u00e4hd\u00e4 jonkin verran vaivaa tutkiaksesi erilaisia markkinoilla olevia palveluita. Meid\u00e4n sivustollamme voit k\u00e4tev\u00e4sti vertailla eri lainantarjoajia, jotta l\u00f6yd\u00e4t koroiltaan edullisimman lainan.<\/p>\n<p>Tarjontaa on melko paljon. Voit hakea lainaa 3 000 euroa, joka nostetaan kertanostona, tai vaihtoehtoisesti hakea joustoluottotili\u00e4, jolle saat 3 000 euron suuruisen limiitin. T\u00e4ll\u00f6in voit nostaa lainaa haluamissasi eriss\u00e4 aina maksimisummaan asti. Sinun ei ole pakko nostaa koko lainasummaa, jos et halua.<\/p>\n<p>Tutki lupaavalta vaikuttavan lainayhti\u00f6n verkkosivuja. Tarkastele, millaisia tietoja yhti\u00f6 antaa itsest\u00e4\u00e4n. Onko etusivulla kerrottu selke\u00e4sti, paljonko lainan kokonaiskulut tulevat olemaan?<\/p>\n<h3>Viitekoron ja vuosikoron merkitys<\/h3>\n<p><em><strong>Viitekorko<\/strong> <\/em>on joskus markkinoinnissa korostettava termi, vaikka se ei kerro lainan kokonaiskulua. <a href=\"https:\/\/beta.kauppalehti.fi\/porssi\/korot\" target=\"_blank\" rel=\"noopener noreferrer\">Viitekoron<\/a> lis\u00e4ksi lainayhti\u00f6t haluavat toiminnastaan voittoa, mik\u00e4 otetaan lainan oheismaksuista.<\/p>\n<p>Nostokulut, lainan avausmaksut, tilinhoitopalkkiot ja muut kulut lis\u00e4\u00e4v\u00e4t lainan kustannuksia. N\u00e4m\u00e4 kaikki kokonaiskulut ilmoitetaan laskennallisesti lainan todellisessa vuosikorossa.<\/p>\n<p><strong><em>Vuosikorko<\/em> <\/strong>on Euroopan unionin s\u00e4\u00e4d\u00f6kseen perustuva laskelma, joka t\u00e4ytyy asettaa verkkosivuille asiakkaiden n\u00e4ht\u00e4v\u00e4ksi. Siit\u00e4 k\u00e4y ilmi kaikki lainan kulut. Voit tarkistaa sen my\u00f6t\u00e4 esimerkkisummat ja sen, montako euroa maksat takaisin kuukausittain.<\/p>\n<p>Pohdinnan arvoista on my\u00f6s lainayhti\u00f6n asiakaspalvelu. On t\u00e4rke\u00e4\u00e4, ett\u00e4 saat helposti yhteyden asiakaspalvelijaan, kun haluat kysy\u00e4 lainaan liittyen jotakin. Asiakaspalvelun laatua arvioidessa voit tarkistaa ainakin seuraavat asiat:<br \/>\n\t<div class=\"list-ticks-secondary\">\r\n\t\t<ul>\n<li>Saako asiakaspalveluun yhteyden ongelmatilanteessa helposti?<\/li>\n<li>Onko tarjolla chat-toiminto, puhelinpalvelu tai s\u00e4hk\u00f6posti, vai kenties kaikki kolme?<\/li>\n<li>Maksaako asiakaspalvelunumeroon soittaminen mansikoita?<\/li>\n<li>Toimivatko verkkosivut sujuvasti ja tarjoavatko ne riitt\u00e4v\u00e4sti tietoa? (Jos lainasta on tarjolla niukasti tietoa, t\u00e4m\u00e4 on asiakkaan n\u00e4k\u00f6kulmasta huono asia. Tarjolla pit\u00e4isi aina olla v\u00e4hint\u00e4\u00e4nkin laskelma lainan takaisinmaksuerist\u00e4 ja kokonaiskuluista.)<\/li>\n<\/ul>\n\t<\/div><!-- \/.list-ticks -->\r\n\t\n<strong>Mik\u00e4li lainayhti\u00f6n kanssa syntyy ongelmia, voi ristiriitojen selvitt\u00e4minen olla aikaaviev\u00e4\u00e4 puuhaa. <\/strong><strong>Suomessa Finanssivalvonta valvoo pankkeja, muttei pikalainayhti\u00f6it\u00e4. <\/strong><strong>Ongelmatapauksissa voit olla yhteydess\u00e4 kuluttajaviranomaiseen.<\/strong><\/p>\n<h2>Mit\u00e4 lainahakemuksessa arvioidaan?<\/h2>\n<p>Kun haet lainaa 3 000 euroa, lainayhti\u00f6 arvioi takaisinmaksukyky\u00e4si. Seuraavat asiat otetaan l\u00e4hemp\u00e4\u00e4n tarkasteluun lainayhti\u00f6n harkitessa lainan my\u00f6nt\u00e4mist\u00e4:<br \/>\n\t<div class=\"list-ticks-secondary\">\r\n\t\t<ul>\n<li>Tulojesi t\u00e4ytyy ylitt\u00e4\u00e4 tietty minimiraja<\/li>\n<li>Luottotietojesi pit\u00e4\u00e4 olla kunnossa<\/li>\n<li>V\u00e4hint\u00e4\u00e4n 20 vuoden ik\u00e4<\/li>\n<li><a href=\"https:\/\/www.maistraatti.fi\/fi\/Palvelut\/kotikunta_ja_vaestotiedot\/Perustiedot\/\" target=\"_blank\" rel=\"noopener noreferrer\">Vakituinen osoite<\/a> Suomessa<\/li>\n<li>Suomalaiset pankkitunnukset sek\u00e4 matkapuhelinliittym\u00e4<\/li>\n<\/ul>\n\t<\/div><!-- \/.list-ticks -->\r\n\t\nTakaisinmaksukyky vaikuttaa my\u00f6s korkoprosenttiin. Yritys arvioi, miten suuri riski on olemassa siihen, ettei asiakas pystyk\u00e4\u00e4n maksamaan takaisin ottamaansa 3 000 euron lainaa.<\/p>\n<p><strong>Mik\u00e4li lainayhti\u00f6 arvelee, ett\u00e4 olet vakavarainen asiakas, saat edullisemman korkoprosentin. Jos asiakkaan luottokelpoisuusarviointi p\u00e4\u00e4tyy siihen, ett\u00e4 takaisinmaksukyky on heikompi, on silloin korkoprosenttikin korkeampi.<\/strong><\/p>\n<p>Mit\u00e4 suuremmasta lainasummasta on kyse, sit\u00e4 tarkempaan syyniin hakija joutuu. <a href=\"http:\/\/loanstar.com\/fi\/lainaa\/100-euroa\/\">100 euron lainan<\/a> hakeminen\u00a0on yleens\u00e4 jonkin verran helpompaa kuin jos lainaa 3 000 euroa. Lainayhti\u00f6t toimivat t\u00e4ss\u00e4 vastuullisesti.<\/p>\n<p>Jos lainanhakijalla on maksuh\u00e4iri\u00f6merkint\u00e4, lainahakemus hyl\u00e4t\u00e4\u00e4n automaattisesti. Tavallisesti tietokone suorittaa alkuanalyysin ja hylk\u00e4\u00e4 saman tien hakemuksen, mik\u00e4li luottotiedoissa on merkint\u00e4. T\u00e4ll\u00e4 hetkell\u00e4 mik\u00e4\u00e4n suomalainen pikalainayhti\u00f6 ei my\u00f6nn\u00e4 lainaa maksuh\u00e4iri\u00f6merkinn\u00e4n saaneille.<\/p>\n<h2>Mit\u00e4 lis\u00e4palveluita asiakkaalle on tarjolla?<\/h2>\n<p>Lyhent\u00e4ess\u00e4si lainaa lyhenn\u00e4t joka kuukausi sek\u00e4 p\u00e4\u00e4omaa ett\u00e4 korkokulua. Lyhennykset tehd\u00e4\u00e4n kuukausittain tavallisesti tasasuuruisissa eriss\u00e4.<\/p>\n<h3><strong>Lainan ennenaikainen lyhent\u00e4minen<\/strong><\/h3>\n<p>Tarkista lainaehdoista, voitko lyhent\u00e4\u00e4 lainaa ennenaikaisesti takaisin, eli aikaisemmin kuin mit\u00e4 lainaehdoissa on sovittu. Joskus lainayhti\u00f6t veloittavat t\u00e4st\u00e4 ylim\u00e4\u00e4r\u00e4ist\u00e4, koska ne toivovat pitki\u00e4 asiakassuhteita saadakseen korkokulua mahdollisimman pitk\u00e4lt\u00e4 laina-ajalta.<\/p>\n<h3>Lyhennysvapaat<\/h3>\n<p>Tarkista my\u00f6s, voitko saada lyhennysvapaata ja maksaako se jotakin. Jotkin yritykset tarjoavat lyhennysvapaita, jolloin et maksa tietyss\u00e4 kuussa lainasta p\u00e4\u00e4omaa tai korkokulua, vaan ne lis\u00e4t\u00e4\u00e4n seuraavaan kuukausier\u00e4\u00e4n. Lyhennysvapaa on ylim\u00e4\u00e4r\u00e4inen palvelu, eik\u00e4 lainayhti\u00f6n ole pakko my\u00f6nt\u00e4\u00e4 sit\u00e4.<\/p>\n<p>Muitakin ylim\u00e4\u00e4r\u00e4isi\u00e4 maksullisia palveluita voi olla tarjolla. Lue lainaehdoista, millaisilla eduilla asiakkaita houkutellaan, mutta pid\u00e4 kuitenkin aina mieless\u00e4, ett\u00e4 t\u00e4rkeint\u00e4 on edullinen korko.<\/p>\n<p><strong>Korkokulut muodostavat huomattavan osan lainan takaisinmaksukuluista, joten kannattaa etsi\u00e4 mahdollisimman edullinen korko.<\/strong><\/p>\n<h2>Kuukausier\u00e4n suuruus vaikuttaa takaisinmaksuaikaan<\/h2>\n<p>Takaisinmaksua on suositeltavaa pohtia jo lainanhakuvaiheessa. Kuukausibudjetin laatiminen ei ole ollenkaan huono ajatus, koska siit\u00e4 n\u00e4et, miten pitk\u00e4n aikaa ja miten suuren osan lainanlyhennykset viev\u00e4t lompakostasi.<\/p>\n<p>3 000 euron lainojen takaisinmaksuaika on joustavasti s\u00e4\u00e4dett\u00e4viss\u00e4. Nyrkkis\u00e4\u00e4nt\u00f6n\u00e4 voidaan sanoa, ett\u00e4 mit\u00e4 suurempi kuukausier\u00e4, sen lyhyempi on my\u00f6s laina-aika. Rahaa pit\u00e4\u00e4 kuitenkin j\u00e4\u00e4d\u00e4 my\u00f6s arkip\u00e4iv\u00e4iseen el\u00e4m\u00e4\u00e4n.<\/p>\n<p><strong>Keskim\u00e4\u00e4rin suomalaiset ottavat lainaa 3 000 euroa kohtalaisen pitk\u00e4ll\u00e4 maksuajalla. Useimmat 3000 euron lainat maksetaan takaisin muutamassa vuodessa.<\/strong><\/p>\n<h2>Yhteenveto 3 000 \u20ac lainoista<\/h2>\n<p>Mik\u00e4li tarvitset lainaa 3 000 euroa vaikkapa h\u00e4\u00e4juhlien j\u00e4rjestelyyn tai muuhun tarkoitukseen, nopeimmin saat tarvittavat rahat pikalainayhti\u00f6st\u00e4. Hakuprosessi on yksinkertainen ja tarvitset hakemuksen t\u00e4ytt\u00e4mist\u00e4 varten vain verkkopankkitunnuksesi.<\/p>\n<p>Asiakkaita houkutellaan kirjavilla mainoslauseilla, mutta t\u00e4rkeint\u00e4 on l\u00f6yt\u00e4\u00e4 oikeasti matala todellinen vuosikorko. Hyv\u00e4ll\u00e4 taustaty\u00f6ll\u00e4 onnistut varmasti!<\/p>\n","protected":false},"excerpt":{"rendered":"<p>Oletko suunnittelemassa h\u00e4it\u00e4 tai muita isoja juhlia? Kaipaako kes\u00e4m\u00f6kki remontoimista? Haaveiletko ihanasta lomamatkasta etel\u00e4n lomakohteeseen? Mik\u00e4li suunnitteilla on jokin suurempi&#8230;<\/p>\n","protected":false},"author":1,"featured_media":0,"parent":10,"menu_order":0,"comment_status":"closed","ping_status":"closed","template":"templates\/calculator-follow-up.php","meta":{"footnotes":""},"yoast_head":"<!-- This site is optimized with the Yoast SEO plugin v21.0 - https:\/\/yoast.com\/wordpress\/plugins\/seo\/ -->\n<title>Lainaa 3 000 euroa remonttia, h\u00e4it\u00e4 tai matkaa varten - LoanStar Suomi<\/title>\n<meta name=\"description\" content=\"H\u00e4\u00e4t, remontti ja lomamatka ovat tavallisia syit\u00e4 hakea lainaa 3000 euroa. Rahantarpeessa 3000 \u20ac lainoja my\u00f6nt\u00e4v\u00e4t pankit ja lainayhti\u00f6t.\" \/>\n<meta name=\"robots\" content=\"index, follow, max-snippet:-1, max-image-preview:large, max-video-preview:-1\" \/>\n<link rel=\"canonical\" href=\"https:\/\/loanstar.com\/fi\/lainaa\/3000-euroa\/\" \/>\n<meta property=\"og:locale\" content=\"fi_FI\" \/>\n<meta property=\"og:type\" content=\"article\" \/>\n<meta property=\"og:title\" content=\"Lainaa 3 000 euroa remonttia, h\u00e4it\u00e4 tai matkaa varten - LoanStar Suomi\" \/>\n<meta property=\"og:description\" content=\"H\u00e4\u00e4t, remontti ja lomamatka ovat tavallisia syit\u00e4 hakea lainaa 3000 euroa. Rahantarpeessa 3000 \u20ac lainoja my\u00f6nt\u00e4v\u00e4t pankit ja lainayhti\u00f6t.\" \/>\n<meta property=\"og:url\" content=\"https:\/\/loanstar.com\/fi\/lainaa\/3000-euroa\/\" \/>\n<meta property=\"og:site_name\" content=\"LoanStar Suomi\" \/>\n<meta property=\"article:modified_time\" content=\"2019-05-22T09:04:40+00:00\" \/>\n<meta name=\"twitter:card\" content=\"summary_large_image\" \/>\n<meta name=\"twitter:label1\" content=\"Arvioitu lukuaika\" \/>\n\t<meta name=\"twitter:data1\" content=\"5 minuuttia\" \/>\n<script type=\"application\/ld+json\" class=\"yoast-schema-graph\">{\"@context\":\"https:\/\/schema.org\",\"@graph\":[{\"@type\":\"WebPage\",\"@id\":\"https:\/\/loanstar.com\/fi\/lainaa\/3000-euroa\/\",\"url\":\"https:\/\/loanstar.com\/fi\/lainaa\/3000-euroa\/\",\"name\":\"Lainaa 3 000 euroa remonttia, h\u00e4it\u00e4 tai matkaa varten - LoanStar Suomi\",\"isPartOf\":{\"@id\":\"https:\/\/loanstar.com\/fi\/#website\"},\"datePublished\":\"2018-09-18T12:35:21+00:00\",\"dateModified\":\"2019-05-22T09:04:40+00:00\",\"description\":\"H\u00e4\u00e4t, remontti ja lomamatka ovat tavallisia syit\u00e4 hakea lainaa 3000 euroa. Rahantarpeessa 3000 \u20ac lainoja my\u00f6nt\u00e4v\u00e4t pankit ja lainayhti\u00f6t.\",\"breadcrumb\":{\"@id\":\"https:\/\/loanstar.com\/fi\/lainaa\/3000-euroa\/#breadcrumb\"},\"inLanguage\":\"fi\",\"potentialAction\":[{\"@type\":\"ReadAction\",\"target\":[\"https:\/\/loanstar.com\/fi\/lainaa\/3000-euroa\/\"]}]},{\"@type\":\"BreadcrumbList\",\"@id\":\"https:\/\/loanstar.com\/fi\/lainaa\/3000-euroa\/#breadcrumb\",\"itemListElement\":[{\"@type\":\"ListItem\",\"position\":1,\"name\":\"Suomi\",\"item\":\"https:\/\/loanstar.com\/fi\/\"},{\"@type\":\"ListItem\",\"position\":2,\"name\":\"Lainaa\",\"item\":\"https:\/\/loanstar.com\/fi\/lainaa\/\"},{\"@type\":\"ListItem\",\"position\":3,\"name\":\"Lainaa 3 000\"}]},{\"@type\":\"WebSite\",\"@id\":\"https:\/\/loanstar.com\/fi\/#website\",\"url\":\"https:\/\/loanstar.com\/fi\/\",\"name\":\"LoanStar Suomi\",\"description\":\"Vertaa lainoja\",\"potentialAction\":[{\"@type\":\"SearchAction\",\"target\":{\"@type\":\"EntryPoint\",\"urlTemplate\":\"https:\/\/loanstar.com\/fi\/?s={search_term_string}\"},\"query-input\":\"required name=search_term_string\"}],\"inLanguage\":\"fi\"}]}<\/script>\n<!-- \/ Yoast SEO plugin. -->","yoast_head_json":{"title":"Lainaa 3 000 euroa remonttia, h\u00e4it\u00e4 tai matkaa varten - LoanStar Suomi","description":"H\u00e4\u00e4t, remontti ja lomamatka ovat tavallisia syit\u00e4 hakea lainaa 3000 euroa. Rahantarpeessa 3000 \u20ac lainoja my\u00f6nt\u00e4v\u00e4t pankit ja lainayhti\u00f6t.","robots":{"index":"index","follow":"follow","max-snippet":"max-snippet:-1","max-image-preview":"max-image-preview:large","max-video-preview":"max-video-preview:-1"},"canonical":"https:\/\/loanstar.com\/fi\/lainaa\/3000-euroa\/","og_locale":"fi_FI","og_type":"article","og_title":"Lainaa 3 000 euroa remonttia, h\u00e4it\u00e4 tai matkaa varten - LoanStar Suomi","og_description":"H\u00e4\u00e4t, remontti ja lomamatka ovat tavallisia syit\u00e4 hakea lainaa 3000 euroa. Rahantarpeessa 3000 \u20ac lainoja my\u00f6nt\u00e4v\u00e4t pankit ja lainayhti\u00f6t.","og_url":"https:\/\/loanstar.com\/fi\/lainaa\/3000-euroa\/","og_site_name":"LoanStar Suomi","article_modified_time":"2019-05-22T09:04:40+00:00","twitter_card":"summary_large_image","twitter_misc":{"Arvioitu lukuaika":"5 minuuttia"},"schema":{"@context":"https:\/\/schema.org","@graph":[{"@type":"WebPage","@id":"https:\/\/loanstar.com\/fi\/lainaa\/3000-euroa\/","url":"https:\/\/loanstar.com\/fi\/lainaa\/3000-euroa\/","name":"Lainaa 3 000 euroa remonttia, h\u00e4it\u00e4 tai matkaa varten - LoanStar Suomi","isPartOf":{"@id":"https:\/\/loanstar.com\/fi\/#website"},"datePublished":"2018-09-18T12:35:21+00:00","dateModified":"2019-05-22T09:04:40+00:00","description":"H\u00e4\u00e4t, remontti ja lomamatka ovat tavallisia syit\u00e4 hakea lainaa 3000 euroa. Rahantarpeessa 3000 \u20ac lainoja my\u00f6nt\u00e4v\u00e4t pankit ja lainayhti\u00f6t.","breadcrumb":{"@id":"https:\/\/loanstar.com\/fi\/lainaa\/3000-euroa\/#breadcrumb"},"inLanguage":"fi","potentialAction":[{"@type":"ReadAction","target":["https:\/\/loanstar.com\/fi\/lainaa\/3000-euroa\/"]}]},{"@type":"BreadcrumbList","@id":"https:\/\/loanstar.com\/fi\/lainaa\/3000-euroa\/#breadcrumb","itemListElement":[{"@type":"ListItem","position":1,"name":"Suomi","item":"https:\/\/loanstar.com\/fi\/"},{"@type":"ListItem","position":2,"name":"Lainaa","item":"https:\/\/loanstar.com\/fi\/lainaa\/"},{"@type":"ListItem","position":3,"name":"Lainaa 3 000"}]},{"@type":"WebSite","@id":"https:\/\/loanstar.com\/fi\/#website","url":"https:\/\/loanstar.com\/fi\/","name":"LoanStar Suomi","description":"Vertaa lainoja","potentialAction":[{"@type":"SearchAction","target":{"@type":"EntryPoint","urlTemplate":"https:\/\/loanstar.com\/fi\/?s={search_term_string}"},"query-input":"required name=search_term_string"}],"inLanguage":"fi"}]}},"_links":{"self":[{"href":"https:\/\/loanstar.com\/fi\/wp-json\/wp\/v2\/pages\/119"}],"collection":[{"href":"https:\/\/loanstar.com\/fi\/wp-json\/wp\/v2\/pages"}],"about":[{"href":"https:\/\/loanstar.com\/fi\/wp-json\/wp\/v2\/types\/page"}],"author":[{"embeddable":true,"href":"https:\/\/loanstar.com\/fi\/wp-json\/wp\/v2\/users\/1"}],"replies":[{"embeddable":true,"href":"https:\/\/loanstar.com\/fi\/wp-json\/wp\/v2\/comments?post=119"}],"version-history":[{"count":1,"href":"https:\/\/loanstar.com\/fi\/wp-json\/wp\/v2\/pages\/119\/revisions"}],"predecessor-version":[{"id":357,"href":"https:\/\/loanstar.com\/fi\/wp-json\/wp\/v2\/pages\/119\/revisions\/357"}],"up":[{"embeddable":true,"href":"https:\/\/loanstar.com\/fi\/wp-json\/wp\/v2\/pages\/10"}],"wp:attachment":[{"href":"https:\/\/loanstar.com\/fi\/wp-json\/wp\/v2\/media?parent=119"}],"curies":[{"name":"wp","href":"https:\/\/api.w.org\/{rel}","templated":true}]}}