{"id":117,"date":"2018-09-18T12:34:30","date_gmt":"2018-09-18T12:34:30","guid":{"rendered":"http:\/\/loanstar.com\/fi\/?page_id=117"},"modified":"2019-05-22T12:01:20","modified_gmt":"2019-05-22T09:01:20","slug":"2000-euroa","status":"publish","type":"page","link":"https:\/\/loanstar.com\/fi\/lainaa\/2000-euroa\/","title":{"rendered":"Lainaa 2 000"},"content":{"rendered":"<p>Jos harkitset 2 000 euron lainan ottamista, on siihen tarjolla useita vaihtoehtoja. Voit hakea lainaa joko tavallisesta pankista tai pikalainayhti\u00f6ist\u00e4.<\/p>\n<p>Vakuudettoman lainan etu on nopea hakuaika: voit hakea lainaa my\u00f6s pankin aukioloaikojen ulkopuolella ja juhlapyhin\u00e4. Koska vakuuden arvioimiseen ei kulu aikaa, saat rahat tilille tavallisesti saman p\u00e4iv\u00e4n aikana.<\/p>\n<h3>Korkokatto vuodesta 2013 alkaen<\/h3>\n<p>Pikalainamarkkinoille alkoi ilmesty\u00e4 yrityksi\u00e4 noin 10 vuotta sitten. Alussa lainamarkkinat k\u00e4viv\u00e4t kuumana ja lainoja my\u00f6nnettiin enn\u00e4tysm\u00e4\u00e4r\u00e4. My\u00f6s korkoa sai pyyt\u00e4\u00e4 niin paljon kuin halusi.<\/p>\n<p><strong>Nykyisin lainamarkkinoita kuitenkin s\u00e4\u00e4nnell\u00e4\u00e4n tarkasti. Vuonna 2013 s\u00e4\u00e4detty laki asetti korkeintaan 2 000 euron lainoille korkokaton. Lainaa 2000 euroa hakiessa korko voi olla enimmill\u00e4\u00e4n 50 % + viitekorko.<\/strong><\/p>\n<p>Oikeusministeri\u00f6 ehdotti kev\u00e4\u00e4ll\u00e4 2018 korkokaton laajentamista my\u00f6s yli 2 000 euron suuruisiin lainoihin. T\u00e4m\u00e4 johtuu siit\u00e4, ett\u00e4 koska korkokatto on koskenut korkeintaan kahden tuhannen lainoja, sit\u00e4 suuremmista lainoista on voitu peri\u00e4 huomattavan korkeita korkoja.<\/p>\n<p>Kun korkokatto s\u00e4\u00e4dettiin, monet pienten lainojen tarjoajat h\u00e4visiv\u00e4t markkinoilta, mutta suurempia lainoja alettiin tarjota enemm\u00e4n. T\u00e4m\u00e4 tosin hy\u00f6dytti my\u00f6s kuluttajia, koska kilpailun my\u00f6t\u00e4 valinnanvaraa on enemm\u00e4n.<\/p>\n<p>Sinun kannattaa aina kilpailuttaa lainantarjoajat ja valita edullisin laina, jonka ehdot sopivat juuri sinulle.<\/p>\n<h2>Miten saa 2 000 euroa lainaa?<\/h2>\n<p>Kun olet valinnut haluamasi lainapalvelun, kirjaudut palvelun verkkosivuille verkkopankkitunnuksillasi. My\u00f6s mobiilivarmennetta voi yleens\u00e4 k\u00e4ytt\u00e4\u00e4 turvalliseen tunnistautumiseen.<\/p>\n<p>L\u00e4hett\u00e4m\u00e4ll\u00e4 lainahakemuksen hyv\u00e4ksyt samalla sen, ett\u00e4 lainayhti\u00f6 tarkistaa luottotietosi. Jos sinulla on maksuh\u00e4iri\u00f6merkint\u00e4, et voi eritt\u00e4in suurella todenn\u00e4k\u00f6isyydell\u00e4 saada lainaa mist\u00e4\u00e4n lainayhti\u00f6st\u00e4 Suomessa.<\/p>\n<p>L\u00e4hetetty\u00e4si lainahakemuksen saat tavallisesti vastauksen saman tien. Jos t\u00e4yt\u00e4t perusehdot, saat lainarahat tilillesi yleens\u00e4 l\u00e4hes v\u00e4litt\u00f6m\u00e4sti. My\u00f6hemmin t\u00e4ss\u00e4 artikkelissa kerrotaan yleiset ehdot, jotka kaikkien lainanhakijan tulee t\u00e4ytt\u00e4\u00e4.<\/p>\n<p>Mik\u00e4li tilisi on jossakin suuressa suomalaisessa pankissa, saat rahat normaalisti heti k\u00e4ytt\u00f6\u00f6si. Seuraavien pankkien tileille lainaraha maksetaan tavallisesti saman tien:<br \/>\n\t<div class=\"list-ticks-secondary\">\r\n\t\t<ul>\n<li>Nordea<\/li>\n<li>Handelsbanken<\/li>\n<li>Aktia<\/li>\n<li>Osuuspankki<\/li>\n<li>Danske Bank<\/li>\n<li>S\u00e4\u00e4st\u00f6pankki<\/li>\n<li>POP Pankki<\/li>\n<li>S-Pankki<\/li>\n<\/ul>\n\t<\/div><!-- \/.list-ticks -->\r\n\t\n<p>Mik\u00e4li tilisi on pienemm\u00e4ss\u00e4 pankissa, saatat joutua odottamaan joitakin pankkip\u00e4ivi\u00e4. Tarkista asia lainaehdoista, mik\u00e4li sinulla on kiire saada lainaa 2 000 euroa \u00e4kki\u00e4 tilillesi.<\/p>\n<h3>Kuka voi saada pikalainaa?<\/h3>\n<p>Yleens\u00e4 suomalaiset pikalainayhti\u00f6t ovat asettaneet seuraavat ehdot 2 000 pikalainan hakemista varten:<br \/>\n\t<div class=\"list-ticks-secondary\">\r\n\t\t<ul>\n<li>Ik\u00e4 v\u00e4hint\u00e4\u00e4n 20 vuotta (joskus 21)<\/li>\n<li>Suomen kansalaisuus tai <a href=\"https:\/\/migri.fi\/oleskelulupa\" target=\"_blank\" rel=\"noopener noreferrer\">oleskelulupa<\/a>. V\u00e4est\u00f6rekisteriin t\u00e4ytyy olla kirjattuna vakituinen osoite Suomessa.<\/li>\n<li>Ei maksuh\u00e4iri\u00f6merkint\u00f6j\u00e4. T\u00e4st\u00e4 s\u00e4\u00e4nn\u00f6st\u00e4 ei ole poikkeusta.<\/li>\n<li>S\u00e4\u00e4nn\u00f6lliset tulot. Vaadittava v\u00e4himm\u00e4istulo vaihtelee, joten tarkista asia lainaehdoista.<\/li>\n<\/ul>\n\t<\/div><!-- \/.list-ticks -->\r\n\t\n<h2>Paljonko maksaa ottaa lainaa 2 000 euroa?<\/h2>\n<p>Oletetaan, ett\u00e4 haluat lainaa 2 000 ja sen todellinen vuosikorko on 22 %.<\/p>\n<p>Nostat koko 2 000 summan yhdell\u00e4 kertaa ja haluat maksaa sen vuoden kuluessa takaisin 12 samankokoisessa kuukausier\u00e4ss\u00e4. T\u00e4ll\u00f6in kuukausier\u00e4 on 180 euroa, mink\u00e4 lis\u00e4ksi maksat joka kuukausi 5 \u20ac laskutuslis\u00e4\u00e4 sek\u00e4 lainakauden alussa avausmaksun 50 \u20ac.<\/p>\n<p>T\u00e4m\u00e4n esimerkin korko on suhteellisen tavallista tasoa, mutta periaatteessa korkoa voidaan peri\u00e4 miten paljon tahansa. <strong>Laki ei s\u00e4\u00e4tele yli 2 000 euron lainoille mink\u00e4\u00e4nlaista maksimikorkoa, kuten aikaisemmin jo mainittiin. <\/strong><\/p>\n<p>Ota huomioon my\u00f6s nostopalkkiot, jos teet nostoja lainastasi eriss\u00e4. Ne saattavat maksaa useita kymmeni\u00e4 euroja.<\/p>\n<h2>Miss\u00e4 ajassa laina on maksettava takaisin?<\/h2>\n<p>Normaalisti, kun otat lainaa 2 000 euroa, laina t\u00e4ytyy maksaa takaisin suhteellisen lyhyen ajan sis\u00e4ll\u00e4, mutta pitempi\u00e4kin takaisinmaksuaikoja n\u00e4kee. Tavallista on, ett\u00e4 12 kuukauden maksuaika on maksimipituus.<\/p>\n<p>Miss\u00e4\u00e4n ei ole m\u00e4\u00e4ritelty sit\u00e4, miten paljon kullakin lainalla voi olla maksuaikaa suhteessa lainan m\u00e4\u00e4r\u00e4\u00e4n. Tarjolla voi olla jopa viiden vuoden laina-aika.<\/p>\n<p>Yleens\u00e4 ihmiset maksavat <a href=\"http:\/\/loanstar.com\/fi\/lainaa\/100-euroa\/\">100 euroa lainaa<\/a> ja muut vastaavat pienemm\u00e4t summat takaisin suhteellisen nopeassa ajassa ja suuremmat lainat pidemm\u00e4ll\u00e4 aikav\u00e4lill\u00e4. Mik\u00e4\u00e4n ei kuitenkaan est\u00e4 maksamasta 2 000 euron summaa lyhyess\u00e4 maksuajassa. Yleens\u00e4 saat itse joustavasti m\u00e4\u00e4ritell\u00e4 lainakauden alussa takaisinmaksuajan ja kuukausierien m\u00e4\u00e4r\u00e4n.<\/p>\n<p><strong>Muista, ett\u00e4 otitpa lainaa 2000 euroa tai mink\u00e4 hyv\u00e4ns\u00e4 muun summan, lyhenn\u00e4t joka tapauksessa sek\u00e4 p\u00e4\u00e4omaa ett\u00e4 korkokuluja.<\/strong><\/p>\n<p>Korkokulujen lis\u00e4ksi lainayhti\u00f6 perii usein muita kuluja kuten nostokuluja, tilinhoitomaksuja tai muita maksuja. Voit n\u00e4hd\u00e4 n\u00e4iden kulujen erittelyn vakiomuotoisista eurooppalaisista kuluttajaehdoista.<\/p>\n<p>T\u00e4m\u00e4 lakis\u00e4\u00e4teinen paperi t\u00e4ytyisi olla n\u00e4ht\u00e4vill\u00e4 jokaisen lainapalvelun sivuilla. Tarkista siit\u00e4 todellinen vuosikorko. Siihen on sis\u00e4llytetty kaikki mahdolliset sinulta peritt\u00e4v\u00e4t kulut. Pelkk\u00e4 viitekorko ei kerro kaikkea.<\/p>\n<p>Takaisinmaksua suunnitellessa kannattaa laskea tarkasti, montako euroa kuukaudessa joudut maksamaan takaisin joka kuukausi. Tarkastele eurom\u00e4\u00e4r\u00e4isin\u00e4 lainan kokonaiskustannusta, jotta saat muodostettua selv\u00e4n kuvan siit\u00e4, mink\u00e4 verran laina haukkaa kuukausibudjetistasi ja voit p\u00e4\u00e4tt\u00e4\u00e4, onko lainaaminen kannattavaa vai ei.<\/p>\n<h2>Takaisinmaksun my\u00f6h\u00e4styess\u00e4 perit\u00e4\u00e4n viiv\u00e4stysmaksuja<\/h2>\n<p>Jos lainan takaisinmaksu tuottaa vaikeuksia, maksusuunnitelma t\u00e4ytyy tarkistaa pikaisesti. Asiakkailla on usein mahdollisuus hakea maksuvapaata kuukautta kerran tai kaksi vuodessa. T\u00e4m\u00e4 tarkoittaa, ettet maksa korkoa tai p\u00e4\u00e4omaa velastasi jossain kuussa, vaan se lis\u00e4t\u00e4\u00e4n velan p\u00e4\u00e4omaan ja er\u00e4\u00e4ntyy vasta seuraavassa kuussa.<\/p>\n<p>Jos maksulyhennyksesi olisi kes\u00e4kuussa 150 euroa ja otat maksuvapaan kuukauden, joudut n\u00e4in ollen maksamaan hein\u00e4kuussa 300 euroa. Kannattaa siis harkita tarkkaan tilaisuuden k\u00e4ytt\u00e4mist\u00e4. Jos maksuvapaita kuukausia annetaan kaksi, ne eiv\u00e4t yleens\u00e4 saa olla per\u00e4kk\u00e4isi\u00e4 kuukausia.<\/p>\n<p><strong>Maksuvapaan k\u00e4ytt\u00e4minen voi tuoda tervetullutta joustoa takaisinmaksuun, mutta t\u00e4m\u00e4 ei tarkoita lainan anteeksiantamista, vaan maksun lykk\u00e4\u00e4mist\u00e4 my\u00f6hemm\u00e4ksi.<\/strong><\/p>\n<p>Maksuvapaata t\u00e4ytyy aina hakea hyviss\u00e4 ajoin, yleens\u00e4 noin 2 viikkoa ennen lainan er\u00e4p\u00e4iv\u00e4\u00e4. Jos et pysty maksamaan <a href=\"http:\/\/loanstar.com\/fi\/lainaa\/\">lainaa<\/a> takaisin er\u00e4p\u00e4iv\u00e4n\u00e4, siit\u00e4 aletaan peri\u00e4 saman tien kallista <a href=\"https:\/\/europa.eu\/youreurope\/business\/finance-funding\/making-receiving-payments\/late-payment\/index_fi.htm\" target=\"_blank\" rel=\"noopener noreferrer\">viiv\u00e4styskorkoa<\/a>. T\u00e4m\u00e4n takia lainasumma t\u00e4ytyy aina mitoittaa maksukyvyn mukaan.<\/p>\n<h2>Yhteenveto 2 000 euron lainoista<\/h2>\n<p>Suomessa laki s\u00e4\u00e4telee nyky\u00e4\u00e4n alle 2 000 euron lainojen korkoja. Korkoa ei saa pyyt\u00e4\u00e4 yli 50 %. Sen sijaan jos otat <a href=\"http:\/\/loanstar.com\/fi\/lainaa\/3000-euroa\/\">lainaa 3000 euroa<\/a> tai edes 2 001 euron lainan, voidaan siit\u00e4 pyyt\u00e4\u00e4 jopa satojen prosenttien korkoa.<\/p>\n<p>T\u00e4st\u00e4 syyst\u00e4 ei ole yhdentekev\u00e4\u00e4, mist\u00e4 lainasi otat. On ehdottoman suositeltavaa vertailla huolellisesti eri lainoja. T\u00e4ll\u00e4 tavalla saat edullisimman lainan k\u00e4ytt\u00f6\u00f6si.<\/p>\n<p>Jos et kykene maksamaan kuukausilyhennyst\u00e4 ajallaan, saattavat lainayhti\u00f6t ryhty\u00e4 veloittamaan valtavia viiv\u00e4stysmaksuja. Niiden my\u00f6t\u00e4 lainaajalle koituu helposti el\u00e4m\u00e4\u00e4 hankaloittavia maksuvaikeuksia.<\/p>\n","protected":false},"excerpt":{"rendered":"<p>Jos harkitset 2 000 euron lainan ottamista, on siihen tarjolla useita vaihtoehtoja. Voit hakea lainaa joko tavallisesta pankista tai pikalainayhti\u00f6ist\u00e4&#8230;.<\/p>\n","protected":false},"author":1,"featured_media":0,"parent":10,"menu_order":0,"comment_status":"closed","ping_status":"closed","template":"templates\/calculator-follow-up.php","meta":{"footnotes":""},"yoast_head":"<!-- This site is optimized with the Yoast SEO plugin v21.0 - https:\/\/yoast.com\/wordpress\/plugins\/seo\/ -->\n<title>Lainaa 2 000 euroa voi hakea k\u00e4tev\u00e4sti verkossa - LoanStar Suomi<\/title>\n<meta name=\"description\" content=\"2000 euroa lainaa mahdollistaa monet suuremmatkin hankinnat. \u00c4l\u00e4 kuitenkaan tartu ensimm\u00e4iseen tarjoukseen, vaan pohdi, mik\u00e4 2000 euron laina sopii sinulle.\" \/>\n<meta name=\"robots\" content=\"index, follow, max-snippet:-1, max-image-preview:large, max-video-preview:-1\" \/>\n<link rel=\"canonical\" href=\"https:\/\/loanstar.com\/fi\/lainaa\/2000-euroa\/\" \/>\n<meta property=\"og:locale\" content=\"fi_FI\" \/>\n<meta property=\"og:type\" content=\"article\" \/>\n<meta property=\"og:title\" content=\"Lainaa 2 000 euroa voi hakea k\u00e4tev\u00e4sti verkossa - LoanStar Suomi\" \/>\n<meta property=\"og:description\" content=\"2000 euroa lainaa mahdollistaa monet suuremmatkin hankinnat. \u00c4l\u00e4 kuitenkaan tartu ensimm\u00e4iseen tarjoukseen, vaan pohdi, mik\u00e4 2000 euron laina sopii sinulle.\" \/>\n<meta property=\"og:url\" content=\"https:\/\/loanstar.com\/fi\/lainaa\/2000-euroa\/\" \/>\n<meta property=\"og:site_name\" content=\"LoanStar Suomi\" \/>\n<meta property=\"article:modified_time\" content=\"2019-05-22T09:01:20+00:00\" \/>\n<meta name=\"twitter:card\" content=\"summary_large_image\" \/>\n<meta name=\"twitter:label1\" content=\"Arvioitu lukuaika\" \/>\n\t<meta name=\"twitter:data1\" content=\"5 minuuttia\" \/>\n<script type=\"application\/ld+json\" class=\"yoast-schema-graph\">{\"@context\":\"https:\/\/schema.org\",\"@graph\":[{\"@type\":\"WebPage\",\"@id\":\"https:\/\/loanstar.com\/fi\/lainaa\/2000-euroa\/\",\"url\":\"https:\/\/loanstar.com\/fi\/lainaa\/2000-euroa\/\",\"name\":\"Lainaa 2 000 euroa voi hakea k\u00e4tev\u00e4sti verkossa - LoanStar Suomi\",\"isPartOf\":{\"@id\":\"https:\/\/loanstar.com\/fi\/#website\"},\"datePublished\":\"2018-09-18T12:34:30+00:00\",\"dateModified\":\"2019-05-22T09:01:20+00:00\",\"description\":\"2000 euroa lainaa mahdollistaa monet suuremmatkin hankinnat. \u00c4l\u00e4 kuitenkaan tartu ensimm\u00e4iseen tarjoukseen, vaan pohdi, mik\u00e4 2000 euron laina sopii sinulle.\",\"breadcrumb\":{\"@id\":\"https:\/\/loanstar.com\/fi\/lainaa\/2000-euroa\/#breadcrumb\"},\"inLanguage\":\"fi\",\"potentialAction\":[{\"@type\":\"ReadAction\",\"target\":[\"https:\/\/loanstar.com\/fi\/lainaa\/2000-euroa\/\"]}]},{\"@type\":\"BreadcrumbList\",\"@id\":\"https:\/\/loanstar.com\/fi\/lainaa\/2000-euroa\/#breadcrumb\",\"itemListElement\":[{\"@type\":\"ListItem\",\"position\":1,\"name\":\"Suomi\",\"item\":\"https:\/\/loanstar.com\/fi\/\"},{\"@type\":\"ListItem\",\"position\":2,\"name\":\"Lainaa\",\"item\":\"https:\/\/loanstar.com\/fi\/lainaa\/\"},{\"@type\":\"ListItem\",\"position\":3,\"name\":\"Lainaa 2 000\"}]},{\"@type\":\"WebSite\",\"@id\":\"https:\/\/loanstar.com\/fi\/#website\",\"url\":\"https:\/\/loanstar.com\/fi\/\",\"name\":\"LoanStar Suomi\",\"description\":\"Vertaa lainoja\",\"potentialAction\":[{\"@type\":\"SearchAction\",\"target\":{\"@type\":\"EntryPoint\",\"urlTemplate\":\"https:\/\/loanstar.com\/fi\/?s={search_term_string}\"},\"query-input\":\"required name=search_term_string\"}],\"inLanguage\":\"fi\"}]}<\/script>\n<!-- \/ Yoast SEO plugin. -->","yoast_head_json":{"title":"Lainaa 2 000 euroa voi hakea k\u00e4tev\u00e4sti verkossa - LoanStar Suomi","description":"2000 euroa lainaa mahdollistaa monet suuremmatkin hankinnat. \u00c4l\u00e4 kuitenkaan tartu ensimm\u00e4iseen tarjoukseen, vaan pohdi, mik\u00e4 2000 euron laina sopii sinulle.","robots":{"index":"index","follow":"follow","max-snippet":"max-snippet:-1","max-image-preview":"max-image-preview:large","max-video-preview":"max-video-preview:-1"},"canonical":"https:\/\/loanstar.com\/fi\/lainaa\/2000-euroa\/","og_locale":"fi_FI","og_type":"article","og_title":"Lainaa 2 000 euroa voi hakea k\u00e4tev\u00e4sti verkossa - LoanStar Suomi","og_description":"2000 euroa lainaa mahdollistaa monet suuremmatkin hankinnat. \u00c4l\u00e4 kuitenkaan tartu ensimm\u00e4iseen tarjoukseen, vaan pohdi, mik\u00e4 2000 euron laina sopii sinulle.","og_url":"https:\/\/loanstar.com\/fi\/lainaa\/2000-euroa\/","og_site_name":"LoanStar Suomi","article_modified_time":"2019-05-22T09:01:20+00:00","twitter_card":"summary_large_image","twitter_misc":{"Arvioitu lukuaika":"5 minuuttia"},"schema":{"@context":"https:\/\/schema.org","@graph":[{"@type":"WebPage","@id":"https:\/\/loanstar.com\/fi\/lainaa\/2000-euroa\/","url":"https:\/\/loanstar.com\/fi\/lainaa\/2000-euroa\/","name":"Lainaa 2 000 euroa voi hakea k\u00e4tev\u00e4sti verkossa - LoanStar Suomi","isPartOf":{"@id":"https:\/\/loanstar.com\/fi\/#website"},"datePublished":"2018-09-18T12:34:30+00:00","dateModified":"2019-05-22T09:01:20+00:00","description":"2000 euroa lainaa mahdollistaa monet suuremmatkin hankinnat. \u00c4l\u00e4 kuitenkaan tartu ensimm\u00e4iseen tarjoukseen, vaan pohdi, mik\u00e4 2000 euron laina sopii sinulle.","breadcrumb":{"@id":"https:\/\/loanstar.com\/fi\/lainaa\/2000-euroa\/#breadcrumb"},"inLanguage":"fi","potentialAction":[{"@type":"ReadAction","target":["https:\/\/loanstar.com\/fi\/lainaa\/2000-euroa\/"]}]},{"@type":"BreadcrumbList","@id":"https:\/\/loanstar.com\/fi\/lainaa\/2000-euroa\/#breadcrumb","itemListElement":[{"@type":"ListItem","position":1,"name":"Suomi","item":"https:\/\/loanstar.com\/fi\/"},{"@type":"ListItem","position":2,"name":"Lainaa","item":"https:\/\/loanstar.com\/fi\/lainaa\/"},{"@type":"ListItem","position":3,"name":"Lainaa 2 000"}]},{"@type":"WebSite","@id":"https:\/\/loanstar.com\/fi\/#website","url":"https:\/\/loanstar.com\/fi\/","name":"LoanStar Suomi","description":"Vertaa lainoja","potentialAction":[{"@type":"SearchAction","target":{"@type":"EntryPoint","urlTemplate":"https:\/\/loanstar.com\/fi\/?s={search_term_string}"},"query-input":"required name=search_term_string"}],"inLanguage":"fi"}]}},"_links":{"self":[{"href":"https:\/\/loanstar.com\/fi\/wp-json\/wp\/v2\/pages\/117"}],"collection":[{"href":"https:\/\/loanstar.com\/fi\/wp-json\/wp\/v2\/pages"}],"about":[{"href":"https:\/\/loanstar.com\/fi\/wp-json\/wp\/v2\/types\/page"}],"author":[{"embeddable":true,"href":"https:\/\/loanstar.com\/fi\/wp-json\/wp\/v2\/users\/1"}],"replies":[{"embeddable":true,"href":"https:\/\/loanstar.com\/fi\/wp-json\/wp\/v2\/comments?post=117"}],"version-history":[{"count":1,"href":"https:\/\/loanstar.com\/fi\/wp-json\/wp\/v2\/pages\/117\/revisions"}],"predecessor-version":[{"id":307,"href":"https:\/\/loanstar.com\/fi\/wp-json\/wp\/v2\/pages\/117\/revisions\/307"}],"up":[{"embeddable":true,"href":"https:\/\/loanstar.com\/fi\/wp-json\/wp\/v2\/pages\/10"}],"wp:attachment":[{"href":"https:\/\/loanstar.com\/fi\/wp-json\/wp\/v2\/media?parent=117"}],"curies":[{"name":"wp","href":"https:\/\/api.w.org\/{rel}","templated":true}]}}