{"id":112,"date":"2018-09-18T12:33:16","date_gmt":"2018-09-18T12:33:16","guid":{"rendered":"http:\/\/loanstar.com\/fi\/?page_id=112"},"modified":"2019-05-22T12:03:17","modified_gmt":"2019-05-22T09:03:17","slug":"500-euroa","status":"publish","type":"page","link":"https:\/\/loanstar.com\/fi\/lainaa\/500-euroa\/","title":{"rendered":"Lainaa 500"},"content":{"rendered":"<p>Lainatarve yll\u00e4tt\u00e4\u00e4 silloin kun sit\u00e4 v\u00e4hiten odottaa. 500 euroa saattaa tulla tarpeeseen kun kodinkone hajoaa yll\u00e4tt\u00e4en tai hampaasta lohkeaa paikka. T\u00e4ysimittainen autoremonttikin voi tulla kalliiksi.<\/p>\n<p><strong>Kun tarvitset 500 euroa lainaksi pikaisesti, pikalaina on nimens\u00e4 mukaisesti nopein vaihtoehto. <\/strong><\/p>\n<p>T\u00e4m\u00e4 artikkeli kertoo Suomessa my\u00f6nnett\u00e4vist\u00e4 vakuudettomista <a href=\"http:\/\/loanstar.com\/fi\/lainaa\/kulutusluotto\/\" target=\"_blank\" rel=\"noopener noreferrer\">kulutusluotoista<\/a>. Sivustomme vinkkien avulla l\u00f6yd\u00e4t helposti edullisimman lainan silloin kun tarvitset lainaa 500 euroa.<\/p>\n<h2>Mit\u00e4 vakuudeton pikalaina tarkoittaa?<\/h2>\n<p>Vakuudettoman lainan takeeksi ei tarvita kiinte\u00e4\u00e4 panttia. Esimerkiksi asunto, kes\u00e4m\u00f6kki tai autokaupoilla auto ovat klassisia esimerkkej\u00e4 omaisuusvakuudesta. Vakuudettomiin pikalainoihin ei tarvita my\u00f6sk\u00e4\u00e4n toista ihmist\u00e4 takaamaan lainaa omalla omaisuudellaan, sill\u00e4 kyse on sen verran pienest\u00e4 summasta.<\/p>\n<p>Suomen rahoitusmarkkinoille ilmaantui 2000-luvun alussa runsaasti pikalainojen tarjoajia, sill\u00e4 nopealle ja pikaiselle rahoitukselle oli kysynt\u00e4\u00e4. T\u00e4st\u00e4 syyst\u00e4 vakuudettomat lainat ovat yleistyneet, ja helppoutensa vuoksi monet ottavat niit\u00e4 vaikka pystyisiv\u00e4tkin antamaan pantin lainalle.<\/p>\n<p><strong>Vakuuden arviointiin menee paljon aikaa, kun taas pikalainan voi saada nopeimmillaan 15 minuutissa. Yleens\u00e4 rahat ovat tilill\u00e4 yhden vuorokauden aikana.<\/strong><\/p>\n<p>Vakuudettomuudesta johtuu, ett\u00e4 pikalainojen korot ovat korkeammat kuin vakuudellisten lainojen. T\u00e4m\u00e4 johtuu siit\u00e4, ett\u00e4 lainantarjoaja ottaa suuremman riskin lainatessaan rahoja. Mik\u00e4li asiakas ei maksaisi lainaa takaisin, yhti\u00f6 j\u00e4isi tappiolle.<\/p>\n<h2>Tarkista lainaehdot<\/h2>\n<p>Kun pohdit itsellesi sopivaa lainaa, vertaile aina eri lainayhti\u00f6it\u00e4. T\u00e4m\u00e4n vertailusivuston kautta voit esimerkiksi k\u00e4tev\u00e4sti tarkistaa, millaiset korot eri lainoilla on.<\/p>\n<p>Otitpa <a href=\"http:\/\/loanstar.com\/fi\/lainaa\/40000-euroa\/\" target=\"_blank\" rel=\"noopener noreferrer\">lainaa 40 000 euroa<\/a> tai vain murto-osan sit\u00e4, on suositeltavaa kilpailuttaa lainatarjoukset kesken\u00e4\u00e4n. N\u00e4in voit s\u00e4\u00e4st\u00e4\u00e4 pitk\u00e4n pennin.<\/p>\n<p><strong>T\u00e4m\u00e4n tekstin kirjoitushetkell\u00e4 pikalainojen kohtuulliset korot liikkuvat noin 15 ja 25 % v\u00e4lill\u00e4.<\/strong><\/p>\n<p>Tarkista aina lainahakemusta j\u00e4tt\u00e4ess\u00e4 my\u00f6s muut lainaehdot. T\u00e4rkeint\u00e4 on varmistua, ett\u00e4 takaisinmaksuaika on sinulle sopiva. Voit maksaa lainan takaisin yhdess\u00e4 kertaer\u00e4ss\u00e4, mik\u00e4li maksukykysi riitt\u00e4\u00e4 siihen, mutta tarkista asia sopimusehdoista.<\/p>\n<p>Sitoudut noudattamaan ehtoja, ja toisinaan lainantarjoaja asettaa ehdoksi sen, ett\u00e4 laina on maksettava nimenomaan osamaksulla. Muussa tapauksessa siit\u00e4 voidaan peri\u00e4 lis\u00e4maksua.<\/p>\n<h2>Voiko maksuh\u00e4iri\u00f6merkinn\u00e4ll\u00e4 saada lainaa 500?<\/h2>\n<p>Suomessa toimivat pikalainayhti\u00f6t eiv\u00e4t t\u00e4ll\u00e4 hetkell\u00e4 my\u00f6nn\u00e4 lainaa maksuh\u00e4iri\u00f6merkinn\u00e4n saaneille. Luottotiedot tarkistetaan hakemuksen yhteydess\u00e4 ja ne tarkastetaan automaattisesti.<\/p>\n<p>Maksuh\u00e4iri\u00f6merkint\u00f6j\u00e4 on olemassa erilaisia. Ne jakautuvat kahteen p\u00e4\u00e4tyyppiin:<\/p>\n<ul>\n<li>Pienemm\u00e4t, unohtuneesta laskusta tulleet\u00a0<a href=\"https:\/\/www.takuusaatio.fi\/tietoa-ja-ratkaisuja\/maksuhairiomerkinta\/merkinnat-ja-niiden-voimassaoloaika\" target=\"_blank\" rel=\"noopener noreferrer\">merkinn\u00e4t<\/a><\/li>\n<li>Vakavammat, useiden tuhansien tai sit\u00e4kin suurempien summien ulosottomerkinn\u00e4t<\/li>\n<\/ul>\n<p>Maksuh\u00e4iri\u00f6merkint\u00e4\u00e4 ei voi Suomessa kuitenkaan saada yll\u00e4tt\u00e4en tai ilman, ett\u00e4 velalliselle ilmoitetaan asiasta hyviss\u00e4 ajoin. Perint\u00e4kirjeit\u00e4 l\u00e4hetet\u00e4\u00e4n useita ennen kuin luottotietorekisteriin tulee merkint\u00e4, joten tieto ei tule yll\u00e4tyksen\u00e4. Sen sijaan joskus ep\u00e4tietoisuutta voi aiheuttaa se, miten kauan merkint\u00e4 s\u00e4ilyy rekisteriss\u00e4 sen j\u00e4lkeen kun on hoitanut talousasiansa kuntoon.<\/p>\n<p><strong>Mik\u00e4li et ole varma, onko sinulla voimassaolevia luottoh\u00e4iri\u00f6merkint\u00f6j\u00e4, mutta haluaisit hakea lainaa 500 euroa, voit tarkistaa itse omat luottotietosi.<\/strong><\/p>\n<p>Kun tarkistat tietosi itse, n\u00e4et mit\u00e4 tietoja lainanantaja n\u00e4kee tarkastuksen yhteydess\u00e4. Joskus luottotiedoissa on my\u00f6s virheit\u00e4 ja voit pyyt\u00e4\u00e4 oikaisua. Mik\u00e4li sinulla on luottotietomerkint\u00e4, voit tarkistaa my\u00f6s, kuka on kysynyt tietojasi ja mihin k\u00e4ytt\u00f6tarkoituksiin. Pikalainayhti\u00f6t tarkistavat tiedot suostumuksellasi hakemuksen yhteydess\u00e4.<\/p>\n<p>Lainanhakijan henkil\u00f6tiedoista pidet\u00e4\u00e4n muutenkin hyv\u00e4\u00e4 huolta. Yhteys on suojattu pankkien k\u00e4ytt\u00e4m\u00e4ll\u00e4 SSL-protokollalla. Lis\u00e4ksi laki edellytt\u00e4\u00e4 yritykselt\u00e4 varmistumista siit\u00e4, ett\u00e4 olet varmasti hakemassa lainaa omiin nimiisi. Sen takia edellytyksen\u00e4 on vahva s\u00e4hk\u00f6inen tunnistautuminen.<\/p>\n<h2>Lainan hakeminen verkossa on turvallista<\/h2>\n<p>Kun haluat hakea lainaa 500 euroa, sinun t\u00e4ytyy aluksi vertailla lainapalveluita ja valita edullisin tarjous. Sen j\u00e4lkeen j\u00e4t\u00e4t hakemuksen internetiss\u00e4. Sit\u00e4 varten vaaditaan tupas-tunnistautumista.<\/p>\n<p>Tupas-tunnistautuminen on alun perin suomalaisten pankkien kehitt\u00e4m\u00e4 palvelu, jonka avulla asiakas voi kirjautua verkkopankkiinsa turvallisesti salasanan ja avainlukujen avulla. Nykyisin tupas-tunnistautumista k\u00e4ytet\u00e4\u00e4n valtaosaan palveluista, my\u00f6s pikalainahakemuksiin.<\/p>\n<p><strong>Yli nelj\u00e4ll\u00e4 miljoonalla suomalaisella on k\u00e4yt\u00f6ss\u00e4\u00e4n s\u00e4hk\u00f6inen tunnistautuminen. S\u00e4hk\u00f6isen tunnistautumisen avulla voit hyv\u00e4ksy\u00e4 virallisesti lainatarjouksen, jonka lainayhti\u00f6 l\u00e4hett\u00e4\u00e4 sinulle. <\/strong><\/p>\n<p>Nykyisin ei siis tarvitse en\u00e4\u00e4 menn\u00e4 paikan p\u00e4\u00e4lle pankkiin allekirjoittamaan papereita, kun tarvitset lainaa 500 euroa. Nykyteknologia mahdollistaa nimitt\u00e4in lainan hakemisen muutamassa minuutissa verkossa!<\/p>\n<h3>Verkkopankkitunnukset tai mobiilivarmenne tunnistautumiseen<\/h3>\n<p><strong><em>Verkkopankkitunnukset<\/em>\u00a0<\/strong>saat omasta pankistasi. Jos k\u00e4yt\u00e4t mieluummin palveluita puhelimella, voit tunnistautua useimpien lainayhti\u00f6iden palveluun my\u00f6s mobiilivarmenteella.<\/p>\n<p><strong><em>Mobiilivarmenteen<\/em> <\/strong>saat omalta puhelinoperaattoriltasi. Kaikki uudet SIM-kortit tukeavat ominaisuutta, sinun tarvitsee vain rekister\u00f6id\u00e4 palvelu k\u00e4ytt\u00f6\u00f6si verkkosivuilla tai puhelinmyym\u00e4l\u00e4ss\u00e4.<\/p>\n<p>Vanhoissa SIM-korteissa ei v\u00e4ltt\u00e4m\u00e4tt\u00e4 ole mobiilivarmennetta. Et tarvitse <a href=\"https:\/\/yle.fi\/uutiset\/3-6556499\" target=\"_blank\" rel=\"noopener noreferrer\">mobiilivarmenteen<\/a> k\u00e4ytt\u00f6\u00f6n \u00e4lypuhelimen edistyneit\u00e4 toimintoja, vaan se toimii tekstiviestin v\u00e4lityksell\u00e4.<\/p>\n<p>Kun kirjaudut lainayhti\u00f6n palveluun, saat puhelimellesi tunnistautumisviestin. Sinun t\u00e4ytyy antaa sen j\u00e4lkeen tunnusluku, jonka j\u00e4lkeen voit siirty\u00e4 lainahakemuksessa eteenp\u00e4in. Huomaa, ett\u00e4 t\u00e4m\u00e4 ei kuitenkaan tarkoita samaa asiaa kuin muutaman vuoden takainen tekstarilaina.<\/p>\n<p><strong>Pelk\u00e4ll\u00e4 tekstiviestill\u00e4 ei voi saada lainaa, sill\u00e4 pikavippimarkkinoiden hallitsemiseksi s\u00e4\u00e4dettiin uusi laki vuonna 2013. Samalla kiellettiin my\u00f6s lainojen my\u00f6nt\u00e4minen y\u00f6aikaan. <\/strong><\/p>\n<p>Rahat voidaan maksaa tilille siis nopeasti, mutta vain kello 7.00 ja 23.00 v\u00e4lisen\u00e4 aikana. Yleens\u00e4 lainayhti\u00f6t k\u00e4sittelev\u00e4t hakemuksia viikonloppuisin ja juhlapyhin\u00e4, joten et joudu kuitenkaan odottamaan p\u00e4iv\u00e4kausia, mik\u00e4li tarvitset <a href=\"http:\/\/loanstar.com\/fi\/lainaa\/laina-heti-tilille\/\" target=\"_blank\" rel=\"noopener noreferrer\">lainaa\u00a0heti tilille<\/a> vaikkapa kesken joululoman.<\/p>\n<h2>Voiko hakea lainaa 500 euroa puhelimella?<\/h2>\n<p>Mik\u00e4li k\u00e4yt\u00e4t palveluita mieluiten \u00e4lypuhelimella tai tabletilla, my\u00f6s lainahakemuksen j\u00e4tt\u00e4minen sujuu helposti mobiilisti. Tarvitset vain vakaan internet-yhteyden. Useimmat lainapalvelut on optimoitu toimimaan mobiilissa, ja hyvin toimiva mobiilisivusto on merkki hyv\u00e4st\u00e4 palvelusta.<\/p>\n<p>Tarkista lainapalvelun etusivulla olevalla laskurilla, mik\u00e4 on lainan takaisinmaksuaika, kuukausilyhennysten m\u00e4\u00e4r\u00e4 ja muut ehdot. N\u00e4m\u00e4 n\u00e4kyv\u00e4t nykyisin my\u00f6s pienell\u00e4 n\u00e4yt\u00f6ll\u00e4 selke\u00e4sti.<\/p>\n<h2>Yhteenveto 500 euron lainoista<\/h2>\n<p>Nykyp\u00e4iv\u00e4n\u00e4 on helppo saada pikalainaa verkossa. Jos viidensadan tarve yll\u00e4tt\u00e4\u00e4, tarjolla on monia eri yrityksi\u00e4, jotka my\u00f6nt\u00e4v\u00e4t vakuudetonta kulutusluottoa.<\/p>\n<p>On j\u00e4rkev\u00e4\u00e4 kilpailuttaa lainat ja valita tarjonnasta halvin. Meid\u00e4n sivustomme avulla vertailet lainojen hintoja helposti. Onnea mets\u00e4stykseen!<\/p>\n","protected":false},"excerpt":{"rendered":"<p>Lainatarve yll\u00e4tt\u00e4\u00e4 silloin kun sit\u00e4 v\u00e4hiten odottaa. 500 euroa saattaa tulla tarpeeseen kun kodinkone hajoaa yll\u00e4tt\u00e4en tai hampaasta lohkeaa paikka&#8230;.<\/p>\n","protected":false},"author":1,"featured_media":0,"parent":10,"menu_order":0,"comment_status":"closed","ping_status":"closed","template":"templates\/calculator-follow-up.php","meta":{"footnotes":""},"yoast_head":"<!-- This site is optimized with the Yoast SEO plugin v21.0 - https:\/\/yoast.com\/wordpress\/plugins\/seo\/ -->\n<title>Lainaa 500 euroa edullisesti ja nopeasti - LoanStar Suomi<\/title>\n<meta name=\"description\" content=\"Hae 500 euroa lainaa akuuttiin tarpeeseen. Lainatarjoukset vaihtelevat, joten tutustu vaihtoehtoihin ennen 500 euron pikalainaan tarttumista!\" \/>\n<meta name=\"robots\" content=\"index, follow, max-snippet:-1, max-image-preview:large, max-video-preview:-1\" \/>\n<link rel=\"canonical\" href=\"https:\/\/loanstar.com\/fi\/lainaa\/500-euroa\/\" \/>\n<meta property=\"og:locale\" content=\"fi_FI\" \/>\n<meta property=\"og:type\" content=\"article\" \/>\n<meta property=\"og:title\" content=\"Lainaa 500 euroa edullisesti ja nopeasti - LoanStar Suomi\" \/>\n<meta property=\"og:description\" content=\"Hae 500 euroa lainaa akuuttiin tarpeeseen. Lainatarjoukset vaihtelevat, joten tutustu vaihtoehtoihin ennen 500 euron pikalainaan tarttumista!\" \/>\n<meta property=\"og:url\" content=\"https:\/\/loanstar.com\/fi\/lainaa\/500-euroa\/\" \/>\n<meta property=\"og:site_name\" content=\"LoanStar Suomi\" \/>\n<meta property=\"article:modified_time\" content=\"2019-05-22T09:03:17+00:00\" \/>\n<meta name=\"twitter:card\" content=\"summary_large_image\" \/>\n<meta name=\"twitter:label1\" content=\"Arvioitu lukuaika\" \/>\n\t<meta name=\"twitter:data1\" content=\"5 minuuttia\" \/>\n<script type=\"application\/ld+json\" class=\"yoast-schema-graph\">{\"@context\":\"https:\/\/schema.org\",\"@graph\":[{\"@type\":\"WebPage\",\"@id\":\"https:\/\/loanstar.com\/fi\/lainaa\/500-euroa\/\",\"url\":\"https:\/\/loanstar.com\/fi\/lainaa\/500-euroa\/\",\"name\":\"Lainaa 500 euroa edullisesti ja nopeasti - LoanStar Suomi\",\"isPartOf\":{\"@id\":\"https:\/\/loanstar.com\/fi\/#website\"},\"datePublished\":\"2018-09-18T12:33:16+00:00\",\"dateModified\":\"2019-05-22T09:03:17+00:00\",\"description\":\"Hae 500 euroa lainaa akuuttiin tarpeeseen. Lainatarjoukset vaihtelevat, joten tutustu vaihtoehtoihin ennen 500 euron pikalainaan tarttumista!\",\"breadcrumb\":{\"@id\":\"https:\/\/loanstar.com\/fi\/lainaa\/500-euroa\/#breadcrumb\"},\"inLanguage\":\"fi\",\"potentialAction\":[{\"@type\":\"ReadAction\",\"target\":[\"https:\/\/loanstar.com\/fi\/lainaa\/500-euroa\/\"]}]},{\"@type\":\"BreadcrumbList\",\"@id\":\"https:\/\/loanstar.com\/fi\/lainaa\/500-euroa\/#breadcrumb\",\"itemListElement\":[{\"@type\":\"ListItem\",\"position\":1,\"name\":\"Suomi\",\"item\":\"https:\/\/loanstar.com\/fi\/\"},{\"@type\":\"ListItem\",\"position\":2,\"name\":\"Lainaa\",\"item\":\"https:\/\/loanstar.com\/fi\/lainaa\/\"},{\"@type\":\"ListItem\",\"position\":3,\"name\":\"Lainaa 500\"}]},{\"@type\":\"WebSite\",\"@id\":\"https:\/\/loanstar.com\/fi\/#website\",\"url\":\"https:\/\/loanstar.com\/fi\/\",\"name\":\"LoanStar Suomi\",\"description\":\"Vertaa lainoja\",\"potentialAction\":[{\"@type\":\"SearchAction\",\"target\":{\"@type\":\"EntryPoint\",\"urlTemplate\":\"https:\/\/loanstar.com\/fi\/?s={search_term_string}\"},\"query-input\":\"required name=search_term_string\"}],\"inLanguage\":\"fi\"}]}<\/script>\n<!-- \/ Yoast SEO plugin. -->","yoast_head_json":{"title":"Lainaa 500 euroa edullisesti ja nopeasti - LoanStar Suomi","description":"Hae 500 euroa lainaa akuuttiin tarpeeseen. Lainatarjoukset vaihtelevat, joten tutustu vaihtoehtoihin ennen 500 euron pikalainaan tarttumista!","robots":{"index":"index","follow":"follow","max-snippet":"max-snippet:-1","max-image-preview":"max-image-preview:large","max-video-preview":"max-video-preview:-1"},"canonical":"https:\/\/loanstar.com\/fi\/lainaa\/500-euroa\/","og_locale":"fi_FI","og_type":"article","og_title":"Lainaa 500 euroa edullisesti ja nopeasti - LoanStar Suomi","og_description":"Hae 500 euroa lainaa akuuttiin tarpeeseen. Lainatarjoukset vaihtelevat, joten tutustu vaihtoehtoihin ennen 500 euron pikalainaan tarttumista!","og_url":"https:\/\/loanstar.com\/fi\/lainaa\/500-euroa\/","og_site_name":"LoanStar Suomi","article_modified_time":"2019-05-22T09:03:17+00:00","twitter_card":"summary_large_image","twitter_misc":{"Arvioitu lukuaika":"5 minuuttia"},"schema":{"@context":"https:\/\/schema.org","@graph":[{"@type":"WebPage","@id":"https:\/\/loanstar.com\/fi\/lainaa\/500-euroa\/","url":"https:\/\/loanstar.com\/fi\/lainaa\/500-euroa\/","name":"Lainaa 500 euroa edullisesti ja nopeasti - LoanStar Suomi","isPartOf":{"@id":"https:\/\/loanstar.com\/fi\/#website"},"datePublished":"2018-09-18T12:33:16+00:00","dateModified":"2019-05-22T09:03:17+00:00","description":"Hae 500 euroa lainaa akuuttiin tarpeeseen. Lainatarjoukset vaihtelevat, joten tutustu vaihtoehtoihin ennen 500 euron pikalainaan tarttumista!","breadcrumb":{"@id":"https:\/\/loanstar.com\/fi\/lainaa\/500-euroa\/#breadcrumb"},"inLanguage":"fi","potentialAction":[{"@type":"ReadAction","target":["https:\/\/loanstar.com\/fi\/lainaa\/500-euroa\/"]}]},{"@type":"BreadcrumbList","@id":"https:\/\/loanstar.com\/fi\/lainaa\/500-euroa\/#breadcrumb","itemListElement":[{"@type":"ListItem","position":1,"name":"Suomi","item":"https:\/\/loanstar.com\/fi\/"},{"@type":"ListItem","position":2,"name":"Lainaa","item":"https:\/\/loanstar.com\/fi\/lainaa\/"},{"@type":"ListItem","position":3,"name":"Lainaa 500"}]},{"@type":"WebSite","@id":"https:\/\/loanstar.com\/fi\/#website","url":"https:\/\/loanstar.com\/fi\/","name":"LoanStar Suomi","description":"Vertaa lainoja","potentialAction":[{"@type":"SearchAction","target":{"@type":"EntryPoint","urlTemplate":"https:\/\/loanstar.com\/fi\/?s={search_term_string}"},"query-input":"required name=search_term_string"}],"inLanguage":"fi"}]}},"_links":{"self":[{"href":"https:\/\/loanstar.com\/fi\/wp-json\/wp\/v2\/pages\/112"}],"collection":[{"href":"https:\/\/loanstar.com\/fi\/wp-json\/wp\/v2\/pages"}],"about":[{"href":"https:\/\/loanstar.com\/fi\/wp-json\/wp\/v2\/types\/page"}],"author":[{"embeddable":true,"href":"https:\/\/loanstar.com\/fi\/wp-json\/wp\/v2\/users\/1"}],"replies":[{"embeddable":true,"href":"https:\/\/loanstar.com\/fi\/wp-json\/wp\/v2\/comments?post=112"}],"version-history":[{"count":1,"href":"https:\/\/loanstar.com\/fi\/wp-json\/wp\/v2\/pages\/112\/revisions"}],"predecessor-version":[{"id":416,"href":"https:\/\/loanstar.com\/fi\/wp-json\/wp\/v2\/pages\/112\/revisions\/416"}],"up":[{"embeddable":true,"href":"https:\/\/loanstar.com\/fi\/wp-json\/wp\/v2\/pages\/10"}],"wp:attachment":[{"href":"https:\/\/loanstar.com\/fi\/wp-json\/wp\/v2\/media?parent=112"}],"curies":[{"name":"wp","href":"https:\/\/api.w.org\/{rel}","templated":true}]}}