{"id":110,"date":"2018-09-18T12:32:15","date_gmt":"2018-09-18T12:32:15","guid":{"rendered":"http:\/\/loanstar.com\/fi\/?page_id=110"},"modified":"2019-05-22T11:58:05","modified_gmt":"2019-05-22T08:58:05","slug":"100-euroa","status":"publish","type":"page","link":"https:\/\/loanstar.com\/fi\/lainaa\/100-euroa\/","title":{"rendered":"Lainaa 100"},"content":{"rendered":"<p>Jos lompakossa on satasen kokoinen reik\u00e4 ja tarvitset lainaa 100 euroa nopeasti, on vaihtoehtoja onneksi olemassa useita. Et siis ole miss\u00e4\u00e4n nimess\u00e4 yksin tai joudu pulaan.<\/p>\n<p>Suomi on kalliin hintatason maa, jossa huolellinenkin budjettisuunnittelu saattaa joskus johtaa tilanteeseen, jossa rahaa tarvitsisi pikaisesti. Monet suomalaiset ottavat t\u00e4h\u00e4n tarkoitukseen pikalainaa eli vakuudetonta <a href=\"http:\/\/loanstar.com\/fi\/lainaa\/kulutusluotto\/\">kulutusluottoa<\/a>.<\/p>\n<p>T\u00e4ll\u00e4 hetkell\u00e4 markkinoilla on useita pikalainayhti\u00f6it\u00e4, jotka tuovat joustoa rahatilanteeseen. Voit valita niiden valikoimista tarvitsemasi tyyppisen ja suuruisen lainan. T\u00e4m\u00e4 artikkeli kertoo Suomessa my\u00f6nnett\u00e4vist\u00e4 100 euron pikalainoista.<\/p>\n<h2>100 euron pikalaina suosionsa huipulla<\/h2>\n<p><strong><em>Pikalaina, pikavippi, joustolaina, luottolimiitti <\/em>ja<em> kulutusluotto.<\/em> N\u00e4ill\u00e4 termeill\u00e4 tarkoitetaan suunnilleen samaa asiaa. Kaikissa niiss\u00e4 on nimitt\u00e4in kyse vakuudettomasta luotosta. <\/strong><\/p>\n<p>Voit siis hakea lainaa ilman ett\u00e4 sinun pit\u00e4\u00e4 antaa kiinte\u00e4\u00e4 omaisuutta lainan pantiksi. Et tarvitse my\u00f6sk\u00e4\u00e4n toista henkil\u00f6\u00e4 takaamaan t\u00e4llaista lainaa.<\/p>\n<p>Etenkin sadan euron pikalaina on mahdollista saada hyvinkin pikaisesti, kuten nimikin jo kertoo. Lainanhakuprosessi sujuu muutamassa minuutissa ja saat rahat tilillesi yleens\u00e4 saman tien tai viimeist\u00e4\u00e4n yhden p\u00e4iv\u00e4n kuluessa.<\/p>\n<p>Lainanhakuprosessi on automatisoitu, jonka ansiosta luotonantaja voi tarkistaa henkil\u00f6tietosi ja luottotietosi nopeasti. Kun tarvitset lainaa 100 euroa eli pienehk\u00f6n summan, voit saada lainap\u00e4\u00e4t\u00f6ksen hyvin nopeassa ajassa ja parhaimmillaan jopa vartissa. Jos<a href=\"http:\/\/loanstar.com\/fi\/lainaa\/20000-euroa\/\"> lainaa 20 000 euroa<\/a>\u00a0tai vastaavan suuren summan, voi prosessi olla hitaampi.<\/p>\n<h3>Kuka soveltuu lainanhakijaksi?<\/h3>\n<p>Yleens\u00e4 lainanhakijalle asetetaan muutamia perusvaatimuksia kuten 20 vuoden ik\u00e4 ja suomalainen henkil\u00f6tunnus.<\/p>\n<p>Hakijan t\u00e4ytyy my\u00f6s olla Suomen kansalainen tai h\u00e4nell\u00e4 t\u00e4ytyy olla pysyv\u00e4 oleskelulupa Suomessa sek\u00e4 pysyv\u00e4 asuinpaikka v\u00e4est\u00f6tietorekisteriss\u00e4. T\u00e4ll\u00e4 halutaan est\u00e4\u00e4 lainarahojen v\u00e4litt\u00e4minen ulkomaille.<\/p>\n<p>Edellytyksen\u00e4 on lis\u00e4ksi, ett\u00e4 hakija on hoitanut raha-asiansa moitteettomasti, eli maksuh\u00e4iri\u00f6merkint\u00f6j\u00e4 ei saa olla. Tiedot tarkistetaan Suomen Asiakastieto Oy:n tai Bisnode Finlandin rekistereist\u00e4. N\u00e4m\u00e4 ovat virallisia maksuh\u00e4iri\u00f6rekisterin pit\u00e4ji\u00e4 Suomessa.<\/p>\n<p>Mik\u00e4\u00e4n pikalainayhti\u00f6 t\u00e4ll\u00e4 hetkell\u00e4 ei my\u00f6nn\u00e4 lainaa hakijalle, jolla on maksuh\u00e4iri\u00f6merkint\u00e4. Jos pohdit, onko oma merkint\u00e4si voimassa, voit tarkistaa itse omat luottotietosi kyseisist\u00e4 yrityksist\u00e4.<\/p>\n<p>Lainayhti\u00f6 suorittaa luottoharkinnan ja punnitsee, onko hakija maksukykyinen eli suoriutuuko h\u00e4n takaisinmaksusta. Kun haetaan lainaa 100 euroa, t\u00e4m\u00e4 harkinta on kevyempi kuin isoista lainasummista puhuttaessa.<\/p>\n<p><strong>K\u00e4yt\u00e4nn\u00f6ss\u00e4 saat lainan automaattisesti, kunhan sinulla ei ole maksuh\u00e4iri\u00f6merkint\u00e4\u00e4 ja olet v\u00e4hint\u00e4\u00e4n 20-vuotias.<\/strong><\/p>\n<h3><strong>Pienten pikalainojen matka nykyp\u00e4iv\u00e4\u00e4n<\/strong><\/h3>\n<p>Kun pikalainayhti\u00f6t tulivat Suomeen 2000-luvun alussa, <a href=\"http:\/\/loanstar.com\/fi\/lainaa\/pikavippi\/\">pikavippej\u00e4<\/a> my\u00f6nnettiin juuri t\u00e4llaisina pikkusummina. Tarjonta oli villi\u00e4 ja helpoimmillaan lainan sai pelk\u00e4ll\u00e4 tekstiviestill\u00e4.<\/p>\n<p>Nykyisin lainamarkkinoita s\u00e4\u00e4nnell\u00e4\u00e4n ja tarjonta on kehittynyt. Voit lainata halutessasi pelk\u00e4n satasen, mutta vaihtoehtoja on enemm\u00e4nkin.<\/p>\n<p><strong>Vuonna 2018 yleisin lainatyyppi on joustoluotto tai limiittiluottotili, jolta voit tehd\u00e4 haluamasi m\u00e4\u00e4r\u00e4n nostoja. Voit n\u00e4in ollen nostaa halutessasi lainaa 100 euroa tai lainata toisella kertaa enemm\u00e4n aina 2 000 euroon saakka. <\/strong><\/p>\n<p>Yleens\u00e4 n\u00e4iden luottotilien limiitti on korkeintaan 2 000. Et tarvitse joka kerta erillist\u00e4 luottop\u00e4\u00e4t\u00f6st\u00e4, vaan yhdell\u00e4 luottop\u00e4\u00e4t\u00f6ksell\u00e4 p\u00e4\u00e4set k\u00e4ytt\u00e4m\u00e4\u00e4n luottolimiitti\u00e4 sen yl\u00e4rajan puitteissa.<\/p>\n<h2>Paljonko 100 euron laina maksaa?<\/h2>\n<p>Kun olet hakemassa lainaa 100 \u20ac, kannattaa lainayhti\u00f6it\u00e4 vertailla kesken\u00e4\u00e4n. Tarjontaa on paljon, ja uusille asiakkaille on hyvi\u00e4 tarjouksia, kuten esimerkiksi ilmainen ensilaina, jolloin lainasta ei tarvitse maksaa mit\u00e4\u00e4n. T\u00e4m\u00e4n voi tarkistaa luottoehdoista.<\/p>\n<p>Markkinointilauseet saattavat h\u00e4m\u00e4t\u00e4, mutta sen sijaan luottoehtojen todellinen vuosikorko kertoo koko totuuden. Jos se on 0 %, maksat satasen lainasta takaisin pelk\u00e4st\u00e4\u00e4n satasen p\u00e4\u00e4oman, et korkokuluja tai lis\u00e4kuluja.<\/p>\n<p><strong>Tavallisesti satasen laina on sen verran pieni summa ja hakijat maksavat sen takaisin niin nopeasti, ettei lainayhti\u00f6iden olisi kannattavaa lainata sit\u00e4 ilman korkeaa korkoa. Lainan p\u00e4\u00e4omalle lasketaan <a href=\"https:\/\/www.ecb.europa.eu\/explainers\/tell-me\/html\/nominal_and_real_interest_rates.fi.html\" target=\"_blank\" rel=\"noopener noreferrer\">nimelliskorko<\/a> ja lis\u00e4ksi muita kuluja.<\/strong><\/p>\n<p>Oh hyv\u00e4 varautua jo etuk\u00e4teen siihen, ett\u00e4 lainayhti\u00f6 saattaa veloittaa lainan yhteydess\u00e4 erilaisia kuluja. Hakijalta voidaan veloittaa muun muassa seuraavat kulut:<\/p>\n<ul>\n<li>Nostokulu<\/li>\n<li>K\u00e4sittelykulu<\/li>\n<li>Tilinavausmaksu<\/li>\n<li>Erilaiset lis\u00e4palvelut, kuten er\u00e4p\u00e4iv\u00e4n siirt\u00e4minen<\/li>\n<\/ul>\n<p><strong>Yll\u00e4tt\u00e4vien kulujen ehk\u00e4isemiseksi lainaehdot on aina luettava l\u00e4pi ennen lainatarjouksen hyv\u00e4ksymist\u00e4.<\/strong><\/p>\n<p>Tarkista lainaehdoista my\u00f6s, voitko maksaa koko lainasumman ennen kuin luotto er\u00e4\u00e4ntyy. Joissakin tapauksissa lainayhti\u00f6t haluavat rajoittaa aikaa, jonka kuluessa voit maksaa lainan takaisin. T\u00e4m\u00e4 on kuitenkin harvinaista etenkin silloin kun lainaa haetaan 100 euroa.<\/p>\n<h2>Milloin on j\u00e4rkev\u00e4\u00e4 ottaa lainaksi 100 euroa?<\/h2>\n<p>On tilanteita, joissa lainaaminen on j\u00e4rkev\u00e4\u00e4. Suomalaisilla on yleens\u00e4 korkea kynnys pyyt\u00e4\u00e4 lainarahaa tuttaviltaan, jolloin neutraalilta taholta lainaaminen tuntuu mukavammalta ajatukselta.<\/p>\n<p>Suomalaiset turvautuvat pikalainaan muun muassa seuraavissa el\u00e4m\u00e4ntilanteissa:<\/p>\n<ul>\n<li><strong>Palkkap\u00e4iv\u00e4 l\u00e4hestyy:<\/strong> Jos palkkap\u00e4iv\u00e4 on l\u00e4hestym\u00e4ss\u00e4 ja tied\u00e4t voivasi maksaa lainan takaisin lyhyen ajan sis\u00e4ll\u00e4, pikalaina on j\u00e4rkev\u00e4 vaihtoehto.<\/li>\n<\/ul>\n<ul>\n<li><strong>Ensimm\u00e4inen laina: <\/strong>Jos olet uusi asiakas, etk\u00e4 ole hakenut lainaa yrityksest\u00e4 aikaisemmin, voit saada ilmaisen ensilainan, kuten yll\u00e4 mainittiin. Lainaaminen ei siis maksa sinulle mit\u00e4\u00e4n.<\/li>\n<\/ul>\n<ul>\n<li><strong>Pakollinen hankinta:\u00a0<\/strong>Joskus edess\u00e4 saattaa olla jokin v\u00e4ltt\u00e4m\u00e4t\u00f6n ostos, jota ei voi lyk\u00e4t\u00e4 my\u00f6hemm\u00e4ksi tulevaisuuteen. Suomalaiset ottavat 100 euroa lainaa esimerkiksi uuden puhelimen tai rikkoutuneen kodin pienkoneen hankintaan.<\/li>\n<\/ul>\n<ul>\n<li><strong>Yll\u00e4tt\u00e4v\u00e4t terveydenhoitokulut:<\/strong> 100 euron laina hammasl\u00e4\u00e4k\u00e4rikuluihin tai vastaaviin terveydenhoitokuluihin on monesti jopa v\u00e4ltt\u00e4m\u00e4tt\u00f6myys, mik\u00e4li vaiva vaatii v\u00e4lit\u00f6nt\u00e4 hoitoa.<\/li>\n<\/ul>\n<h2>Milloin 100 euron laina ei kannata?<\/h2>\n<p>Jos sinulla on mahdollista k\u00e4ytt\u00e4\u00e4 pient\u00e4 rahavajetta varten muita vaihtoehtoja lompakkosi t\u00e4ytt\u00e4miseen, niit\u00e4 kannattaa v\u00e4hint\u00e4\u00e4nkin harkita. Seuraavassa luetellaan muutamia tilanteita, joissa ei kannata v\u00e4ltt\u00e4m\u00e4tt\u00e4 ottaa lainaa 100 euroa, vaikka kyseess\u00e4 onkin pikkusumma.<\/p>\n<ul>\n<li><strong>Hakijalla on luottokortti.<\/strong>\u00a0Jos k\u00e4yt\u00f6ss\u00e4si on luottokortti, voit k\u00e4ytt\u00e4\u00e4 sit\u00e4 tai nostaa luottolimiitti\u00e4. Yleens\u00e4 luottokortin k\u00e4ytt\u00e4minen on halvempaa kuin pikalainan ottaminen. Jos maksat luottokorttilaskusi ennen er\u00e4p\u00e4iv\u00e4\u00e4 pois, t\u00e4m\u00e4 on halvin mahdollinen tilap\u00e4islaina, mink\u00e4 voit saada, ellei sukulaisia lasketa.<\/li>\n<li><strong><a href=\"https:\/\/www.kauppalehti.fi\/uutiset\/kallis-kalliimpi-osamaksu-tonnin-ostoksen-todellinen-vuosikorko-voi-nousta-yli-20-prosenttiin\/6ac82e38-f862-3190-a5d6-ac74fad6cfa2\" target=\"_blank\" rel=\"noopener noreferrer\">Osamaksu<\/a> on mahdollinen.<\/strong>\u00a0Jos voit ostaa tarvitsemasi tuotteen osamaksulla, saatat saada sen edullisemmalla korolla kuin pikalainan. Parasta on, mik\u00e4li pystyt lykk\u00e4\u00e4m\u00e4\u00e4n ostosta tulevaisuuteen tai lainaamaan jotakin tavaraa muilta siihen asti kunnes saat s\u00e4\u00e4stetty\u00e4 rahat kasaan.<\/li>\n<li><strong>Vipill\u00e4 kuitataan vanhoja vippilaskuja. <\/strong>Mik\u00e4li tarkoituksena on ottaa uusi pikavippi, jotta saisi maksettua edellisi\u00e4 pois tai jos talousasiat ovat huonolla tolalla, edes 100 lainaa ei kannata ottaa. J\u00e4rkev\u00e4mp\u00e4\u00e4 on pohtia, miksi on joutunut huonoon tilanteeseen ja miten talouden saa tasapainoon pitk\u00e4ll\u00e4 aikav\u00e4lill\u00e4.<\/li>\n<\/ul>\n","protected":false},"excerpt":{"rendered":"<p>Jos lompakossa on satasen kokoinen reik\u00e4 ja tarvitset lainaa 100 euroa nopeasti, on vaihtoehtoja onneksi olemassa useita. Et siis ole&#8230;<\/p>\n","protected":false},"author":1,"featured_media":0,"parent":10,"menu_order":0,"comment_status":"closed","ping_status":"closed","template":"templates\/calculator-follow-up.php","meta":{"footnotes":""},"yoast_head":"<!-- This site is optimized with the Yoast SEO plugin v21.0 - https:\/\/yoast.com\/wordpress\/plugins\/seo\/ -->\n<title>Lainaa 100 euroa nopealla aikataululla - LoanStar Suomi<\/title>\n<meta name=\"description\" content=\"Jos tarvitsee 100 euroa lainaa, tulee kyseeseen yleens\u00e4 pikalaina, jota voi hakea monista lainayhti\u00f6ist\u00e4. Tarkista lainan kulut ja ehdot ennen sitoutumista.\" \/>\n<meta name=\"robots\" content=\"index, follow, max-snippet:-1, max-image-preview:large, max-video-preview:-1\" \/>\n<link rel=\"canonical\" href=\"https:\/\/loanstar.com\/fi\/lainaa\/100-euroa\/\" \/>\n<meta property=\"og:locale\" content=\"fi_FI\" \/>\n<meta property=\"og:type\" content=\"article\" \/>\n<meta property=\"og:title\" content=\"Lainaa 100 euroa nopealla aikataululla - LoanStar Suomi\" \/>\n<meta property=\"og:description\" content=\"Jos tarvitsee 100 euroa lainaa, tulee kyseeseen yleens\u00e4 pikalaina, jota voi hakea monista lainayhti\u00f6ist\u00e4. Tarkista lainan kulut ja ehdot ennen sitoutumista.\" \/>\n<meta property=\"og:url\" content=\"https:\/\/loanstar.com\/fi\/lainaa\/100-euroa\/\" \/>\n<meta property=\"og:site_name\" content=\"LoanStar Suomi\" \/>\n<meta property=\"article:modified_time\" content=\"2019-05-22T08:58:05+00:00\" \/>\n<meta name=\"twitter:card\" content=\"summary_large_image\" \/>\n<meta name=\"twitter:label1\" content=\"Arvioitu lukuaika\" \/>\n\t<meta name=\"twitter:data1\" content=\"5 minuuttia\" \/>\n<script type=\"application\/ld+json\" class=\"yoast-schema-graph\">{\"@context\":\"https:\/\/schema.org\",\"@graph\":[{\"@type\":\"WebPage\",\"@id\":\"https:\/\/loanstar.com\/fi\/lainaa\/100-euroa\/\",\"url\":\"https:\/\/loanstar.com\/fi\/lainaa\/100-euroa\/\",\"name\":\"Lainaa 100 euroa nopealla aikataululla - LoanStar Suomi\",\"isPartOf\":{\"@id\":\"https:\/\/loanstar.com\/fi\/#website\"},\"datePublished\":\"2018-09-18T12:32:15+00:00\",\"dateModified\":\"2019-05-22T08:58:05+00:00\",\"description\":\"Jos tarvitsee 100 euroa lainaa, tulee kyseeseen yleens\u00e4 pikalaina, jota voi hakea monista lainayhti\u00f6ist\u00e4. Tarkista lainan kulut ja ehdot ennen sitoutumista.\",\"breadcrumb\":{\"@id\":\"https:\/\/loanstar.com\/fi\/lainaa\/100-euroa\/#breadcrumb\"},\"inLanguage\":\"fi\",\"potentialAction\":[{\"@type\":\"ReadAction\",\"target\":[\"https:\/\/loanstar.com\/fi\/lainaa\/100-euroa\/\"]}]},{\"@type\":\"BreadcrumbList\",\"@id\":\"https:\/\/loanstar.com\/fi\/lainaa\/100-euroa\/#breadcrumb\",\"itemListElement\":[{\"@type\":\"ListItem\",\"position\":1,\"name\":\"Suomi\",\"item\":\"https:\/\/loanstar.com\/fi\/\"},{\"@type\":\"ListItem\",\"position\":2,\"name\":\"Lainaa\",\"item\":\"https:\/\/loanstar.com\/fi\/lainaa\/\"},{\"@type\":\"ListItem\",\"position\":3,\"name\":\"Lainaa 100\"}]},{\"@type\":\"WebSite\",\"@id\":\"https:\/\/loanstar.com\/fi\/#website\",\"url\":\"https:\/\/loanstar.com\/fi\/\",\"name\":\"LoanStar Suomi\",\"description\":\"Vertaa lainoja\",\"potentialAction\":[{\"@type\":\"SearchAction\",\"target\":{\"@type\":\"EntryPoint\",\"urlTemplate\":\"https:\/\/loanstar.com\/fi\/?s={search_term_string}\"},\"query-input\":\"required name=search_term_string\"}],\"inLanguage\":\"fi\"}]}<\/script>\n<!-- \/ Yoast SEO plugin. -->","yoast_head_json":{"title":"Lainaa 100 euroa nopealla aikataululla - LoanStar Suomi","description":"Jos tarvitsee 100 euroa lainaa, tulee kyseeseen yleens\u00e4 pikalaina, jota voi hakea monista lainayhti\u00f6ist\u00e4. Tarkista lainan kulut ja ehdot ennen sitoutumista.","robots":{"index":"index","follow":"follow","max-snippet":"max-snippet:-1","max-image-preview":"max-image-preview:large","max-video-preview":"max-video-preview:-1"},"canonical":"https:\/\/loanstar.com\/fi\/lainaa\/100-euroa\/","og_locale":"fi_FI","og_type":"article","og_title":"Lainaa 100 euroa nopealla aikataululla - LoanStar Suomi","og_description":"Jos tarvitsee 100 euroa lainaa, tulee kyseeseen yleens\u00e4 pikalaina, jota voi hakea monista lainayhti\u00f6ist\u00e4. Tarkista lainan kulut ja ehdot ennen sitoutumista.","og_url":"https:\/\/loanstar.com\/fi\/lainaa\/100-euroa\/","og_site_name":"LoanStar Suomi","article_modified_time":"2019-05-22T08:58:05+00:00","twitter_card":"summary_large_image","twitter_misc":{"Arvioitu lukuaika":"5 minuuttia"},"schema":{"@context":"https:\/\/schema.org","@graph":[{"@type":"WebPage","@id":"https:\/\/loanstar.com\/fi\/lainaa\/100-euroa\/","url":"https:\/\/loanstar.com\/fi\/lainaa\/100-euroa\/","name":"Lainaa 100 euroa nopealla aikataululla - LoanStar Suomi","isPartOf":{"@id":"https:\/\/loanstar.com\/fi\/#website"},"datePublished":"2018-09-18T12:32:15+00:00","dateModified":"2019-05-22T08:58:05+00:00","description":"Jos tarvitsee 100 euroa lainaa, tulee kyseeseen yleens\u00e4 pikalaina, jota voi hakea monista lainayhti\u00f6ist\u00e4. Tarkista lainan kulut ja ehdot ennen sitoutumista.","breadcrumb":{"@id":"https:\/\/loanstar.com\/fi\/lainaa\/100-euroa\/#breadcrumb"},"inLanguage":"fi","potentialAction":[{"@type":"ReadAction","target":["https:\/\/loanstar.com\/fi\/lainaa\/100-euroa\/"]}]},{"@type":"BreadcrumbList","@id":"https:\/\/loanstar.com\/fi\/lainaa\/100-euroa\/#breadcrumb","itemListElement":[{"@type":"ListItem","position":1,"name":"Suomi","item":"https:\/\/loanstar.com\/fi\/"},{"@type":"ListItem","position":2,"name":"Lainaa","item":"https:\/\/loanstar.com\/fi\/lainaa\/"},{"@type":"ListItem","position":3,"name":"Lainaa 100"}]},{"@type":"WebSite","@id":"https:\/\/loanstar.com\/fi\/#website","url":"https:\/\/loanstar.com\/fi\/","name":"LoanStar Suomi","description":"Vertaa lainoja","potentialAction":[{"@type":"SearchAction","target":{"@type":"EntryPoint","urlTemplate":"https:\/\/loanstar.com\/fi\/?s={search_term_string}"},"query-input":"required name=search_term_string"}],"inLanguage":"fi"}]}},"_links":{"self":[{"href":"https:\/\/loanstar.com\/fi\/wp-json\/wp\/v2\/pages\/110"}],"collection":[{"href":"https:\/\/loanstar.com\/fi\/wp-json\/wp\/v2\/pages"}],"about":[{"href":"https:\/\/loanstar.com\/fi\/wp-json\/wp\/v2\/types\/page"}],"author":[{"embeddable":true,"href":"https:\/\/loanstar.com\/fi\/wp-json\/wp\/v2\/users\/1"}],"replies":[{"embeddable":true,"href":"https:\/\/loanstar.com\/fi\/wp-json\/wp\/v2\/comments?post=110"}],"version-history":[{"count":1,"href":"https:\/\/loanstar.com\/fi\/wp-json\/wp\/v2\/pages\/110\/revisions"}],"predecessor-version":[{"id":304,"href":"https:\/\/loanstar.com\/fi\/wp-json\/wp\/v2\/pages\/110\/revisions\/304"}],"up":[{"embeddable":true,"href":"https:\/\/loanstar.com\/fi\/wp-json\/wp\/v2\/pages\/10"}],"wp:attachment":[{"href":"https:\/\/loanstar.com\/fi\/wp-json\/wp\/v2\/media?parent=110"}],"curies":[{"name":"wp","href":"https:\/\/api.w.org\/{rel}","templated":true}]}}