{"id":7,"date":"2018-09-20T11:30:59","date_gmt":"2018-09-20T11:30:59","guid":{"rendered":"http:\/\/loanstar.com\/es\/?page_id=7"},"modified":"2020-01-29T12:03:25","modified_gmt":"2020-01-29T12:03:25","slug":"home-spain","status":"publish","type":"page","link":"https:\/\/loanstar.com\/es\/","title":{"rendered":"Pr\u00e9stamos personales, consolidaci\u00f3n de deudas y finanzas personales"},"content":{"rendered":"","protected":false},"excerpt":{"rendered":"","protected":false},"author":1,"featured_media":0,"parent":0,"menu_order":0,"comment_status":"closed","ping_status":"closed","template":"templates\/home-country.php","meta":{"footnotes":""},"yoast_head":"<!-- This site is optimized with the Yoast SEO plugin v21.0 - https:\/\/yoast.com\/wordpress\/plugins\/seo\/ -->\n<title>Pr\u00e9stamos personales, consolidaci\u00f3n de deudas y finanzas personales - LoanStar Espa\u00f1a<\/title>\n<meta name=\"description\" content=\"LoanStar te ayuda a encontrar pr\u00e9stamos mejores y m\u00e1s baratos. Aqu\u00ed tienes los pr\u00e9stamos personales m\u00e1s baratos, pr\u00e9stamos de consolidaci\u00f3n de deudas, pr\u00e9stamos para autom\u00f3viles o pr\u00e9stamos para la vivienda.\" \/>\n<meta name=\"robots\" content=\"index, follow, max-snippet:-1, max-image-preview:large, max-video-preview:-1\" \/>\n<link rel=\"canonical\" href=\"https:\/\/loanstar.com\/es\/\" \/>\n<meta property=\"og:locale\" content=\"es_ES\" \/>\n<meta property=\"og:type\" content=\"article\" \/>\n<meta property=\"og:title\" content=\"Pr\u00e9stamos personales, consolidaci\u00f3n de deudas y finanzas personales - LoanStar Espa\u00f1a\" \/>\n<meta property=\"og:description\" content=\"LoanStar te ayuda a encontrar pr\u00e9stamos mejores y m\u00e1s baratos. Aqu\u00ed tienes los pr\u00e9stamos personales m\u00e1s baratos, pr\u00e9stamos de consolidaci\u00f3n de deudas, pr\u00e9stamos para autom\u00f3viles o pr\u00e9stamos para la vivienda.\" \/>\n<meta property=\"og:url\" content=\"https:\/\/loanstar.com\/es\/\" \/>\n<meta property=\"og:site_name\" content=\"LoanStar Espa\u00f1a\" \/>\n<meta property=\"article:modified_time\" content=\"2020-01-29T12:03:25+00:00\" \/>\n<meta name=\"twitter:card\" content=\"summary_large_image\" \/>\n<script type=\"application\/ld+json\" class=\"yoast-schema-graph\">{\"@context\":\"https:\/\/schema.org\",\"@graph\":[{\"@type\":\"WebPage\",\"@id\":\"https:\/\/loanstar.com\/es\/\",\"url\":\"https:\/\/loanstar.com\/es\/\",\"name\":\"Pr\u00e9stamos personales, consolidaci\u00f3n de deudas y finanzas personales - LoanStar Espa\u00f1a\",\"isPartOf\":{\"@id\":\"https:\/\/loanstar.com\/es\/#website\"},\"datePublished\":\"2018-09-20T11:30:59+00:00\",\"dateModified\":\"2020-01-29T12:03:25+00:00\",\"description\":\"LoanStar te ayuda a encontrar pr\u00e9stamos mejores y m\u00e1s baratos. Aqu\u00ed tienes los pr\u00e9stamos personales m\u00e1s baratos, pr\u00e9stamos de consolidaci\u00f3n de deudas, pr\u00e9stamos para autom\u00f3viles o pr\u00e9stamos para la vivienda.\",\"breadcrumb\":{\"@id\":\"https:\/\/loanstar.com\/es\/#breadcrumb\"},\"inLanguage\":\"es\",\"potentialAction\":[{\"@type\":\"ReadAction\",\"target\":[\"https:\/\/loanstar.com\/es\/\"]}]},{\"@type\":\"BreadcrumbList\",\"@id\":\"https:\/\/loanstar.com\/es\/#breadcrumb\",\"itemListElement\":[{\"@type\":\"ListItem\",\"position\":1,\"name\":\"Espa\u00f1a\",\"item\":\"https:\/\/loanstar.com\/es\/\"},{\"@type\":\"ListItem\",\"position\":2,\"name\":\"Pr\u00e9stamos personales, consolidaci\u00f3n de deudas y finanzas personales\"}]},{\"@type\":\"WebSite\",\"@id\":\"https:\/\/loanstar.com\/es\/#website\",\"url\":\"https:\/\/loanstar.com\/es\/\",\"name\":\"LoanStar Espa\u00f1a\",\"description\":\"Comparar pr\u00e9stamos\",\"potentialAction\":[{\"@type\":\"SearchAction\",\"target\":{\"@type\":\"EntryPoint\",\"urlTemplate\":\"https:\/\/loanstar.com\/es\/?s={search_term_string}\"},\"query-input\":\"required name=search_term_string\"}],\"inLanguage\":\"es\"}]}<\/script>\n<!-- \/ Yoast SEO plugin. -->","yoast_head_json":{"title":"Pr\u00e9stamos personales, consolidaci\u00f3n de deudas y finanzas personales - LoanStar Espa\u00f1a","description":"LoanStar te ayuda a encontrar pr\u00e9stamos mejores y m\u00e1s baratos. Aqu\u00ed tienes los pr\u00e9stamos personales m\u00e1s baratos, pr\u00e9stamos de consolidaci\u00f3n de deudas, pr\u00e9stamos para autom\u00f3viles o pr\u00e9stamos para la vivienda.","robots":{"index":"index","follow":"follow","max-snippet":"max-snippet:-1","max-image-preview":"max-image-preview:large","max-video-preview":"max-video-preview:-1"},"canonical":"https:\/\/loanstar.com\/es\/","og_locale":"es_ES","og_type":"article","og_title":"Pr\u00e9stamos personales, consolidaci\u00f3n de deudas y finanzas personales - LoanStar Espa\u00f1a","og_description":"LoanStar te ayuda a encontrar pr\u00e9stamos mejores y m\u00e1s baratos. Aqu\u00ed tienes los pr\u00e9stamos personales m\u00e1s baratos, pr\u00e9stamos de consolidaci\u00f3n de deudas, pr\u00e9stamos para autom\u00f3viles o pr\u00e9stamos para la vivienda.","og_url":"https:\/\/loanstar.com\/es\/","og_site_name":"LoanStar Espa\u00f1a","article_modified_time":"2020-01-29T12:03:25+00:00","twitter_card":"summary_large_image","schema":{"@context":"https:\/\/schema.org","@graph":[{"@type":"WebPage","@id":"https:\/\/loanstar.com\/es\/","url":"https:\/\/loanstar.com\/es\/","name":"Pr\u00e9stamos personales, consolidaci\u00f3n de deudas y finanzas personales - LoanStar Espa\u00f1a","isPartOf":{"@id":"https:\/\/loanstar.com\/es\/#website"},"datePublished":"2018-09-20T11:30:59+00:00","dateModified":"2020-01-29T12:03:25+00:00","description":"LoanStar te ayuda a encontrar pr\u00e9stamos mejores y m\u00e1s baratos. Aqu\u00ed tienes los pr\u00e9stamos personales m\u00e1s baratos, pr\u00e9stamos de consolidaci\u00f3n de deudas, pr\u00e9stamos para autom\u00f3viles o pr\u00e9stamos para la vivienda.","breadcrumb":{"@id":"https:\/\/loanstar.com\/es\/#breadcrumb"},"inLanguage":"es","potentialAction":[{"@type":"ReadAction","target":["https:\/\/loanstar.com\/es\/"]}]},{"@type":"BreadcrumbList","@id":"https:\/\/loanstar.com\/es\/#breadcrumb","itemListElement":[{"@type":"ListItem","position":1,"name":"Espa\u00f1a","item":"https:\/\/loanstar.com\/es\/"},{"@type":"ListItem","position":2,"name":"Pr\u00e9stamos personales, consolidaci\u00f3n de deudas y finanzas personales"}]},{"@type":"WebSite","@id":"https:\/\/loanstar.com\/es\/#website","url":"https:\/\/loanstar.com\/es\/","name":"LoanStar Espa\u00f1a","description":"Comparar pr\u00e9stamos","potentialAction":[{"@type":"SearchAction","target":{"@type":"EntryPoint","urlTemplate":"https:\/\/loanstar.com\/es\/?s={search_term_string}"},"query-input":"required name=search_term_string"}],"inLanguage":"es"}]}},"_links":{"self":[{"href":"https:\/\/loanstar.com\/es\/wp-json\/wp\/v2\/pages\/7"}],"collection":[{"href":"https:\/\/loanstar.com\/es\/wp-json\/wp\/v2\/pages"}],"about":[{"href":"https:\/\/loanstar.com\/es\/wp-json\/wp\/v2\/types\/page"}],"author":[{"embeddable":true,"href":"https:\/\/loanstar.com\/es\/wp-json\/wp\/v2\/users\/1"}],"replies":[{"embeddable":true,"href":"https:\/\/loanstar.com\/es\/wp-json\/wp\/v2\/comments?post=7"}],"version-history":[{"count":2,"href":"https:\/\/loanstar.com\/es\/wp-json\/wp\/v2\/pages\/7\/revisions"}],"predecessor-version":[{"id":642,"href":"https:\/\/loanstar.com\/es\/wp-json\/wp\/v2\/pages\/7\/revisions\/642"}],"wp:attachment":[{"href":"https:\/\/loanstar.com\/es\/wp-json\/wp\/v2\/media?parent=7"}],"curies":[{"name":"wp","href":"https:\/\/api.w.org\/{rel}","templated":true}]}}