{"id":68,"date":"2018-09-20T11:45:17","date_gmt":"2018-09-20T11:45:17","guid":{"rendered":"http:\/\/loanstar.com\/es\/?page_id=68"},"modified":"2019-09-01T16:38:56","modified_gmt":"2019-09-01T16:38:56","slug":"creditos-rapidos","status":"publish","type":"page","link":"https:\/\/loanstar.com\/es\/prestamos\/creditos-rapidos\/","title":{"rendered":"Pr\u00e9stamos y Cr\u00e9ditos R\u00e1pidos"},"content":{"rendered":"<h2>\u00bfQue son los pr\u00e9stamos y cr\u00e9ditos r\u00e1pidos?<\/h2>\n<p>Los pr\u00e9stamos y cr\u00e9ditos r\u00e1pidos son un producto financiero dise\u00f1ado para solucionar problemas puntuales de liquidez. Al caracterizarse por facilitar dinero en s\u00f3lo unos minutos, son ideales para solventar emergencias m\u00e9dicas, pagar una multa o hacer alguna reforma en el hogar. Es decir, son una gran ayuda para cubrir situaciones inesperadas para las cuales no contamos con el dinero necesario en el momento concreto.<\/p>\n<p>Se les conoce tambi\u00e9n como minicr\u00e9ditos o minipr\u00e9stamos; son un servicio de entidades financieras de capital privado. Por lo general, alcanzan importes de hasta 900 \u20ac, pero hay empresas que ofrecen hasta 6000 \u20ac.<\/p>\n<p>Algunas de las ventajas de los pr\u00e9stamos y cr\u00e9ditos r\u00e1pidos son:<\/p>\n\t<div class=\"list-ticks-secondary\">\r\n\t\t<ul>\n<li>Proceso 100% <em>online<\/em>.<\/li>\n<li>Disponible las 24 horas del d\u00eda, cualquier d\u00eda del a\u00f1o.<\/li>\n<li>Sin necesidad de n\u00f3mina ni aval.<\/li>\n<li>Respuesta r\u00e1pida o inmediata a la solicitud.<\/li>\n<li>Transferencia del importe del cr\u00e9dito en menos de 24 horas.<\/li>\n<\/ul>\n\t<\/div><!-- \/.list-ticks -->\r\n\t\n<h2>Dinero r\u00e1pido sin papeleos<\/h2>\n<p><img decoding=\"async\" class=\"alignright size-full wp-image-14\" src=\"http:\/\/loanstar.com\/es\/wp-content\/uploads\/sites\/10\/2018\/09\/button_1.svg\" alt=\"button_1\" width=\"312\" \/>La principal ventaja de los pr\u00e9stamos y cr\u00e9ditos r\u00e1pidos es que el proceso es completamente <em>online.<\/em> S\u00f3lo deber\u00e1s registrarte en el sitio web de la entidad con tus datos personales y hacer la solicitud indicando la cantidad que necesitas y el plazo en el que lo devolver\u00e1s.<\/p>\n<p>La empresa verificar\u00e1 tus antecedentes y tu nivel de solvencia y decidir\u00e1 si aprobar o rechazar tu petici\u00f3n.<\/p>\n<p>Muchas de las entidades que recomendamos realizan esta verificaci\u00f3n <em>online<\/em> a trav\u00e9s de Instantor, mediante un proceso seguro y de confianza que permite a las empresas prestamistas acceder a tu informaci\u00f3n al conectar con tu banca <em>online<\/em>.<\/p>\n<p>Sin embargo, si no quieres conectarte a tu banca <em>online<\/em>, tambi\u00e9n tienes otras alternativas. Algunas empresas prestamistas ofrecen la opci\u00f3n de realizar una verificaci\u00f3n manual, donde tendr\u00e1s que enviar los documentos por correo tradicional.<\/p>\n<p>En este caso debes enviar en un sobre una copia de tu DNI, pasaporte o NIE junto con el extracto bancario con tus gastos mensuales e ingresos. Ten en cuenta que este proceso tarda m\u00e1s por razones obvias, por lo que no tendr\u00e1s una respuesta inmediata.<\/p>\n<h2>Agilidad en el proceso gracias a la verificaci\u00f3n autom\u00e1tica<\/h2>\n<p><img decoding=\"async\" class=\"alignright size-full wp-image-61\" src=\"http:\/\/loanstar.com\/es\/wp-content\/uploads\/sites\/10\/2018\/09\/ill_body_16.svg\" alt=\"ill_body_16\" width=\"312\" \/>Instantor es una plataforma de identificaci\u00f3n <em>online<\/em> que a trav\u00e9s del acceso de un cliente a su banca <em>online<\/em>, permite conocer el estado de sus cuentas en cualquier entidad bancaria. Gracias al uso de herramientas que automatizan los procedimientos, se hace posible la existencia de los pr\u00e9stamos y cr\u00e9ditos r\u00e1pidos en el mercado, ya que entregan un an\u00e1lisis financiero real en minutos.<\/p>\n<p>Para autenticarse s\u00f3lo es necesario acceder a la banca <em>online<\/em> como de costumbre, en un proceso encriptado que impide que otros accedan a tu informaci\u00f3n. Ni siquiera trabajadores de Instantor o de la entidad a la que se solicite el pr\u00e9stamo pueden ver tu informaci\u00f3n bancaria o tus contrase\u00f1as de acceso. Por tanto, es imposible que alguien extraiga dinero de tu cuenta de manera fraudulenta.<\/p>\n<p>Es un m\u00e9todo tan seguro como cualquier banca electr\u00f3nica y tambi\u00e9n cuenta con certificaciones SSL para proteger los datos facilitados.<\/p>\n<h2>Transparencia en las condiciones, intereses y comisiones<\/h2>\n<p>Los <a href=\"http:\/\/loanstar.com\/es\/prestamos\/\">pr\u00e9stamos<\/a> y cr\u00e9ditos r\u00e1pidos contratados a trav\u00e9s de Internet son un producto seguro, cuyas condiciones son expuestas con transparencia en el sitio web de cada compa\u00f1\u00eda.<\/p>\n<p><img decoding=\"async\" class=\"alignright size-full wp-image-63\" src=\"http:\/\/loanstar.com\/es\/wp-content\/uploads\/sites\/10\/2018\/09\/ill_body_18.svg\" alt=\"ill_body_18\" width=\"312\" \/><\/p>\n<p>La mayor\u00eda de ellas ofrece en su portal web un simulador o calculadora, donde el usuario se\u00f1ala la cantidad a solicitar y el plazo a devolver y, autom\u00e1ticamente, el prestamista indica el total a pagar y qu\u00e9 partes de este importe corresponden a comisiones y a intereses. No hay costes extras como ocurre a veces con los bancos.<\/p>\n<p>Una vez decidido a contratar el pr\u00e9stamo, el cliente recibe el contrato. En este, de nuevo se indican todas las condiciones y cifras importantes, por lo que al momento de pagar no se encuentra con sorpresas.<\/p>\n<h2>Requisitos para solicitar pr\u00e9stamos y cr\u00e9ditos r\u00e1pidos<\/h2>\n<p>Si bien cada entidad puede tener requisitos m\u00e1s espec\u00edficos a la hora de entregar pr\u00e9stamos, generalmente las financieras exigen:<\/p>\n\t<div class=\"list-ticks-secondary\">\r\n\t\t<ul>\n<li>Residir en Espa\u00f1a (contar con DNI o NIE).<\/li>\n<li>Tener m\u00e1s de 21 a\u00f1os y 75 como m\u00e1ximo*.<\/li>\n<li>Contar con ingresos regulares mensuales**.<\/li>\n<li>Tener una cuenta bancaria.<\/li>\n<li>Ser titular de un m\u00f3vil.<\/li>\n<li>Algunas entidades requerir\u00e1n ser titular de una tarjeta.<\/li>\n<\/ul>\n\t<\/div><!-- \/.list-ticks -->\r\n\t\n*Algunas empresas entregan cr\u00e9ditos r\u00e1pidos incluso a personas de entre 18 y 21 a\u00f1os.<br \/>\n**Puede ser una pensi\u00f3n, n\u00f3mina, prestaci\u00f3n por desempleo, renta de alquiler, seguro u otros.<\/p>\n<h2>Condiciones generales del contrato en pr\u00e9stamos y cr\u00e9ditos r\u00e1pidos<\/h2>\n<p>Como norma general, las empresas que otorgan pr\u00e9stamos r\u00e1pidos lo hacen por un importe m\u00ednimo de 50 \u20ac hasta 300 \u20ac o 400 \u20ac al ser la primera vez. Una vez el cliente devuelve el pr\u00e9stamo en el plazo estipulado, su capacidad de cr\u00e9dito aumenta de manera gradual, con el tope m\u00e1ximo que establezca cada empresa.<\/p>\n<p><img decoding=\"async\" class=\"alignright size-full wp-image-60\" src=\"http:\/\/loanstar.com\/es\/wp-content\/uploads\/sites\/10\/2018\/09\/ill_body_15.svg\" alt=\"ill_body_15\" width=\"312\" \/>El plazo m\u00ednimo de devoluci\u00f3n va desde los 5 d\u00edas, hasta un m\u00e1ximo de 30 o 45 d\u00edas de calendario. Si el cliente lo requiere, este plazo puede extenderse a trav\u00e9s de una pr\u00f3rroga, que puede ser de 7, 14 o 30 d\u00edas m\u00e1s.<\/p>\n<p>Por lo general, los pr\u00e9stamos y cr\u00e9ditos r\u00e1pidos se devuelven en un solo pago. Sin embargo, hay entidades que, al prestar cantidades de alrededor de los 2000 \u20ac, ofrecen la opci\u00f3n de pagarlo en cuotas mensuales. Por ende, en estos casos el plazo de devoluci\u00f3n se puede extender hasta una duraci\u00f3n de 6 a\u00f1os.<\/p>\n<p>Muchas financieras ofrecen a los clientes nuevos la opci\u00f3n de solicitar el primer pr\u00e9stamo de manera gratuita, el que puede ser por un m\u00e1ximo de 300 o 400 \u20ac a devolver en un plazo de 30 d\u00edas. Esto es, sin comisiones ni intereses, por lo que si se piden 350 \u20ac, la cantidad a devolver es exactamente la misma.<\/p>\n<p>Esta es una ventaja que muchas empresas facilitan, pero es importante estar atento a las tasas de inter\u00e9s de cada una a contar desde el segundo cr\u00e9dito, para poder tomar la mejor decisi\u00f3n financiera de acuerdo a la situaci\u00f3n personal.<\/p>\n<h2>\u00bfC\u00f3mo recibir tu cr\u00e9dito r\u00e1pido una vez aprobado?<\/h2>\n<p>Como el nombre lo indica, un pr\u00e9stamo r\u00e1pido es una ayuda monetaria ideada para salvarte de un apuro econ\u00f3mico, y en ocasiones podr\u00edas recibirlo incluso en menos de una hora. Esto depende de la entidad con la que est\u00e9s solicitando el cr\u00e9dito, de si realizaste la verificaci\u00f3n autom\u00e1tica con Instantor y de la forma en que solicites recibir el dinero.<\/p>\n<p><img decoding=\"async\" class=\"alignright size-full wp-image-59\" src=\"http:\/\/loanstar.com\/es\/wp-content\/uploads\/sites\/10\/2018\/09\/ill_body_14.svg\" alt=\"ill_body_14\" width=\"312\" \/><\/p>\n<p>Casi todas las financieras env\u00edan el pr\u00e9stamo a trav\u00e9s de transferencia bancaria; y si el banco de ellos es el mismo que el tuyo, podr\u00edas recibir el importe en tan s\u00f3lo unos minutos.<\/p>\n<p>Si es una transferencia hacia otros bancos, esta podr\u00eda tardar un d\u00eda h\u00e1bil.<\/p>\n<p>Por otro lado, hay entidades que tienen sus propias tarjetas de prepago para facilitar pr\u00e9stamos. Dichas tarjetas pueden ser virtuales o f\u00edsicas. En el primer caso, recibir\u00e1s el importe del pr\u00e9stamo de manera instant\u00e1nea.<\/p>\n<p>Si por el contrario, la entidad entrega a sus clientes una tarjeta f\u00edsica en la que se cargar\u00e1 el pr\u00e9stamo, al ser la primera vez, tendr\u00e1s que esperar alrededor de 6 d\u00edas para recibirla. La ventaja de esto es que una vez tienes la tarjeta en tu poder, si solicitas un segundo cr\u00e9dito r\u00e1pido, este estar\u00e1 disponible en la tarjeta en s\u00f3lo 15 minutos tras ser aprobado.<\/p>\n<h2><img decoding=\"async\" class=\"alignright size-full wp-image-114\" src=\"http:\/\/loanstar.com\/es\/wp-content\/uploads\/sites\/10\/2018\/09\/ill_gen_3-1.svg\" alt=\"ill_gen_3\" width=\"312\" \/>Devolver pr\u00e9stamos y cr\u00e9ditos r\u00e1pidos<\/h2>\n<p>Cada empresa prestamista tiene sus condiciones respecto a la devoluci\u00f3n del cr\u00e9dito entregado. Sin embargo, al igual que con la entrega, la mayor\u00eda de entidades trabaja con transferencias bancarias.<\/p>\n<p>Es probable que en la p\u00e1gina web de la entidad encuentres las distintas cuentas a las que puedes transferir el dinero una vez se acerca tu fecha de pago. De lo contrario, los datos deber\u00edan aparecer en el contrato o simplemente puedes solicitarlos v\u00eda telef\u00f3nica o correo electr\u00f3nico.<\/p>\n<p>Recuerda que a veces las transferencias bancarias tardan en realizarse. Por este motivo, para evitar que tu caso se considere como impago o morosidad (y tengas que pagar multas y comisiones por ello), hazla 2 d\u00edas antes de la fecha acordada.<\/p>\n<p>Otra opci\u00f3n que ofrecen estas entidades financieras es la devoluci\u00f3n por tarjeta. Este sistema funciona al igual que una compra por Internet. Esta puede ser una alternativa m\u00e1s conveniente, pues el importe se descuenta de tu tarjeta autom\u00e1ticamente en la fecha pactada, evitando cualquier riesgo de demora.<\/p>\n<h2>Aprovechar correctamente los cr\u00e9ditos r\u00e1pidos depende de ti<\/h2>\n<p>Como con cualquier otro producto, la principal responsabilidad como cliente recae sobre ti y tu capacidad de analizar la informaci\u00f3n que te es presentada a trav\u00e9s del contrato. Por lo tanto, debes comprender con claridad cada parte del contrato. Es necesario entenderlo sin tener dudas sobre cu\u00e1les son las condiciones del cr\u00e9dito, para as\u00ed poder cumplirlas y evitar posteriores problemas.<\/p>\n<p><img decoding=\"async\" loading=\"lazy\" class=\" wp-image-247 aligncenter\" src=\"http:\/\/loanstar.com\/es\/wp-content\/uploads\/sites\/10\/2018\/10\/list-info-img-2.svg\" alt=\"list-info-img-2\" width=\"175\" height=\"182\" \/><\/p>\n","protected":false},"excerpt":{"rendered":"<p>\u00bfQue son los pr\u00e9stamos y cr\u00e9ditos r\u00e1pidos? Los pr\u00e9stamos y cr\u00e9ditos r\u00e1pidos son un producto financiero dise\u00f1ado para solucionar problemas&#8230;<\/p>\n","protected":false},"author":1,"featured_media":0,"parent":64,"menu_order":0,"comment_status":"closed","ping_status":"closed","template":"templates\/calculator-follow-up.php","meta":{"footnotes":""},"yoast_head":"<!-- This site is optimized with the Yoast SEO plugin v21.0 - https:\/\/yoast.com\/wordpress\/plugins\/seo\/ -->\n<title>Pr\u00e9stamos y Cr\u00e9ditos R\u00e1pidos - El dinero que necesitas- LoanStar Espa\u00f1a<\/title>\n<meta name=\"description\" content=\"Solicita ya tu cr\u00e9dito r\u00e1pido o minicr\u00e9dito sin papeleos ???? - Dinero f\u00e1cil y r\u00e1pido para solventar cualquier imprevisto econ\u00f3mico en tan solo un click.\" \/>\n<meta name=\"robots\" content=\"index, follow, max-snippet:-1, max-image-preview:large, max-video-preview:-1\" \/>\n<link rel=\"canonical\" href=\"https:\/\/loanstar.com\/es\/prestamos\/creditos-rapidos\/\" \/>\n<meta property=\"og:locale\" content=\"es_ES\" \/>\n<meta property=\"og:type\" content=\"article\" \/>\n<meta property=\"og:title\" content=\"Pr\u00e9stamos y Cr\u00e9ditos R\u00e1pidos - El dinero que necesitas- LoanStar Espa\u00f1a\" \/>\n<meta property=\"og:description\" content=\"Solicita ya tu cr\u00e9dito r\u00e1pido o minicr\u00e9dito sin papeleos ???? - Dinero f\u00e1cil y r\u00e1pido para solventar cualquier imprevisto econ\u00f3mico en tan solo un click.\" \/>\n<meta property=\"og:url\" content=\"https:\/\/loanstar.com\/es\/prestamos\/creditos-rapidos\/\" \/>\n<meta property=\"og:site_name\" content=\"LoanStar Espa\u00f1a\" \/>\n<meta property=\"article:modified_time\" content=\"2019-09-01T16:38:56+00:00\" \/>\n<meta property=\"og:image\" content=\"http:\/\/loanstar.com\/es\/wp-content\/uploads\/sites\/10\/2018\/09\/button_1.svg\" \/>\n<meta name=\"twitter:card\" content=\"summary_large_image\" \/>\n<meta name=\"twitter:label1\" content=\"Tiempo de lectura\" \/>\n\t<meta name=\"twitter:data1\" content=\"8 minutos\" \/>\n<script type=\"application\/ld+json\" class=\"yoast-schema-graph\">{\"@context\":\"https:\/\/schema.org\",\"@graph\":[{\"@type\":\"WebPage\",\"@id\":\"https:\/\/loanstar.com\/es\/prestamos\/creditos-rapidos\/\",\"url\":\"https:\/\/loanstar.com\/es\/prestamos\/creditos-rapidos\/\",\"name\":\"Pr\u00e9stamos y Cr\u00e9ditos R\u00e1pidos - El dinero que necesitas- LoanStar Espa\u00f1a\",\"isPartOf\":{\"@id\":\"https:\/\/loanstar.com\/es\/#website\"},\"datePublished\":\"2018-09-20T11:45:17+00:00\",\"dateModified\":\"2019-09-01T16:38:56+00:00\",\"description\":\"Solicita ya tu cr\u00e9dito r\u00e1pido o minicr\u00e9dito sin papeleos ???? - Dinero f\u00e1cil y r\u00e1pido para solventar cualquier imprevisto econ\u00f3mico en tan solo un click.\",\"breadcrumb\":{\"@id\":\"https:\/\/loanstar.com\/es\/prestamos\/creditos-rapidos\/#breadcrumb\"},\"inLanguage\":\"es\",\"potentialAction\":[{\"@type\":\"ReadAction\",\"target\":[\"https:\/\/loanstar.com\/es\/prestamos\/creditos-rapidos\/\"]}]},{\"@type\":\"BreadcrumbList\",\"@id\":\"https:\/\/loanstar.com\/es\/prestamos\/creditos-rapidos\/#breadcrumb\",\"itemListElement\":[{\"@type\":\"ListItem\",\"position\":1,\"name\":\"Espa\u00f1a\",\"item\":\"https:\/\/loanstar.com\/es\/\"},{\"@type\":\"ListItem\",\"position\":2,\"name\":\"Pr\u00e9stamos Online\",\"item\":\"https:\/\/loanstar.com\/es\/prestamos\/\"},{\"@type\":\"ListItem\",\"position\":3,\"name\":\"Pr\u00e9stamos y Cr\u00e9ditos R\u00e1pidos\"}]},{\"@type\":\"WebSite\",\"@id\":\"https:\/\/loanstar.com\/es\/#website\",\"url\":\"https:\/\/loanstar.com\/es\/\",\"name\":\"LoanStar Espa\u00f1a\",\"description\":\"Comparar pr\u00e9stamos\",\"potentialAction\":[{\"@type\":\"SearchAction\",\"target\":{\"@type\":\"EntryPoint\",\"urlTemplate\":\"https:\/\/loanstar.com\/es\/?s={search_term_string}\"},\"query-input\":\"required name=search_term_string\"}],\"inLanguage\":\"es\"}]}<\/script>\n<!-- \/ Yoast SEO plugin. -->","yoast_head_json":{"title":"Pr\u00e9stamos y Cr\u00e9ditos R\u00e1pidos - El dinero que necesitas- LoanStar Espa\u00f1a","description":"Solicita ya tu cr\u00e9dito r\u00e1pido o minicr\u00e9dito sin papeleos ???? - Dinero f\u00e1cil y r\u00e1pido para solventar cualquier imprevisto econ\u00f3mico en tan solo un click.","robots":{"index":"index","follow":"follow","max-snippet":"max-snippet:-1","max-image-preview":"max-image-preview:large","max-video-preview":"max-video-preview:-1"},"canonical":"https:\/\/loanstar.com\/es\/prestamos\/creditos-rapidos\/","og_locale":"es_ES","og_type":"article","og_title":"Pr\u00e9stamos y Cr\u00e9ditos R\u00e1pidos - El dinero que necesitas- LoanStar Espa\u00f1a","og_description":"Solicita ya tu cr\u00e9dito r\u00e1pido o minicr\u00e9dito sin papeleos ???? - Dinero f\u00e1cil y r\u00e1pido para solventar cualquier imprevisto econ\u00f3mico en tan solo un click.","og_url":"https:\/\/loanstar.com\/es\/prestamos\/creditos-rapidos\/","og_site_name":"LoanStar Espa\u00f1a","article_modified_time":"2019-09-01T16:38:56+00:00","og_image":[{"url":"http:\/\/loanstar.com\/es\/wp-content\/uploads\/sites\/10\/2018\/09\/button_1.svg"}],"twitter_card":"summary_large_image","twitter_misc":{"Tiempo de lectura":"8 minutos"},"schema":{"@context":"https:\/\/schema.org","@graph":[{"@type":"WebPage","@id":"https:\/\/loanstar.com\/es\/prestamos\/creditos-rapidos\/","url":"https:\/\/loanstar.com\/es\/prestamos\/creditos-rapidos\/","name":"Pr\u00e9stamos y Cr\u00e9ditos R\u00e1pidos - El dinero que necesitas- LoanStar Espa\u00f1a","isPartOf":{"@id":"https:\/\/loanstar.com\/es\/#website"},"datePublished":"2018-09-20T11:45:17+00:00","dateModified":"2019-09-01T16:38:56+00:00","description":"Solicita ya tu cr\u00e9dito r\u00e1pido o minicr\u00e9dito sin papeleos ???? - Dinero f\u00e1cil y r\u00e1pido para solventar cualquier imprevisto econ\u00f3mico en tan solo un click.","breadcrumb":{"@id":"https:\/\/loanstar.com\/es\/prestamos\/creditos-rapidos\/#breadcrumb"},"inLanguage":"es","potentialAction":[{"@type":"ReadAction","target":["https:\/\/loanstar.com\/es\/prestamos\/creditos-rapidos\/"]}]},{"@type":"BreadcrumbList","@id":"https:\/\/loanstar.com\/es\/prestamos\/creditos-rapidos\/#breadcrumb","itemListElement":[{"@type":"ListItem","position":1,"name":"Espa\u00f1a","item":"https:\/\/loanstar.com\/es\/"},{"@type":"ListItem","position":2,"name":"Pr\u00e9stamos Online","item":"https:\/\/loanstar.com\/es\/prestamos\/"},{"@type":"ListItem","position":3,"name":"Pr\u00e9stamos y Cr\u00e9ditos R\u00e1pidos"}]},{"@type":"WebSite","@id":"https:\/\/loanstar.com\/es\/#website","url":"https:\/\/loanstar.com\/es\/","name":"LoanStar Espa\u00f1a","description":"Comparar pr\u00e9stamos","potentialAction":[{"@type":"SearchAction","target":{"@type":"EntryPoint","urlTemplate":"https:\/\/loanstar.com\/es\/?s={search_term_string}"},"query-input":"required name=search_term_string"}],"inLanguage":"es"}]}},"_links":{"self":[{"href":"https:\/\/loanstar.com\/es\/wp-json\/wp\/v2\/pages\/68"}],"collection":[{"href":"https:\/\/loanstar.com\/es\/wp-json\/wp\/v2\/pages"}],"about":[{"href":"https:\/\/loanstar.com\/es\/wp-json\/wp\/v2\/types\/page"}],"author":[{"embeddable":true,"href":"https:\/\/loanstar.com\/es\/wp-json\/wp\/v2\/users\/1"}],"replies":[{"embeddable":true,"href":"https:\/\/loanstar.com\/es\/wp-json\/wp\/v2\/comments?post=68"}],"version-history":[{"count":1,"href":"https:\/\/loanstar.com\/es\/wp-json\/wp\/v2\/pages\/68\/revisions"}],"predecessor-version":[{"id":507,"href":"https:\/\/loanstar.com\/es\/wp-json\/wp\/v2\/pages\/68\/revisions\/507"}],"up":[{"embeddable":true,"href":"https:\/\/loanstar.com\/es\/wp-json\/wp\/v2\/pages\/64"}],"wp:attachment":[{"href":"https:\/\/loanstar.com\/es\/wp-json\/wp\/v2\/media?parent=68"}],"curies":[{"name":"wp","href":"https:\/\/api.w.org\/{rel}","templated":true}]}}