{"id":64,"date":"2018-09-20T11:37:42","date_gmt":"2018-09-20T11:37:42","guid":{"rendered":"http:\/\/loanstar.com\/es\/?page_id=64"},"modified":"2019-08-28T14:27:46","modified_gmt":"2019-08-28T14:27:46","slug":"prestamos","status":"publish","type":"page","link":"https:\/\/loanstar.com\/es\/prestamos\/","title":{"rendered":"Pr\u00e9stamos Online"},"content":{"rendered":"<h2>Los beneficios de los pr\u00e9stamos <em><em>online<\/em><\/em><\/h2>\n<p>Los pr\u00e9stamos <em>online <\/em>son cr\u00e9ditos que se pueden solicitar y gestionar a trav\u00e9s de las p\u00e1ginas web de los diferentes proveedores de este tipo de servicios. Estos prestamistas existen tanto en el mercado espa\u00f1ol como en todo el mundo.<\/p>\n<p><img decoding=\"async\" class=\"size-full wp-image-107 alignright\" src=\"http:\/\/loanstar.com\/es\/wp-content\/uploads\/sites\/10\/2018\/09\/home_ill_1-1.svg\" alt=\"\" width=\"312\" \/>En los \u00faltimos a\u00f1os, en Espa\u00f1a han aparecido numerosas entidades financieras que ofrecen soluciones de r\u00e1pido acceso a pr\u00e9stamos. Algunas son de origen local, mientras son extranjeras y operan en diversos pa\u00edses de Europa e incluso en otros continentes.<\/p>\n<p>Es importante que el usuario interesado eval\u00fae cuidadosamente el origen, la trayectoria y las dem\u00e1s credenciales de la empresa financiera de la que quiere obtener un cr\u00e9dito. De este modo evitamos sorpresas desagradables en el futuro.<\/p>\n<p>Siempre es recomendable que el usuario verifique la legitimidad de la compa\u00f1\u00eda que elige. No obstante, debe se\u00f1alarse que la mayor\u00eda de las entidades financieras que otorgan pr\u00e9stamos <em>online<\/em> en el mercado espa\u00f1ol son empresas formales. Esto quiere decir que cumplen con los principales est\u00e1ndares de calidad, confianza y transparencia.<\/p>\n<p>Asimismo, en los \u00faltimos a\u00f1os se ha legislado de manera espec\u00edfica para regular los cr\u00e9ditos <em>online<\/em>. Las principales normas aprobadas giran en torno a la transparencia de la informaci\u00f3n provista por los prestamistas. Esta informaci\u00f3n debe constar de modo claro y evidente. De esta manera, el cliente podr\u00e1 evaluar las condiciones contractuales y tomar una decisi\u00f3n bas\u00e1ndose en una informaci\u00f3n confiable.<\/p>\n<h2>La obtenci\u00f3n de un pr\u00e9stamo <em>online<\/em> es f\u00e1cil y r\u00e1pida<\/h2>\n<p>Los pr\u00e9stamos <em>online<\/em> se caracterizan por su rapidez. Esta es su principal diferencia respecto a las opciones de la banca tradicional: ofrecer un proceso que sea lo m\u00e1s sencillo y pr\u00e1ctico posible para el cliente.<\/p>\n<p><img decoding=\"async\" class=\"alignright size-full wp-image-55\" src=\"http:\/\/loanstar.com\/es\/wp-content\/uploads\/sites\/10\/2018\/09\/ill_body_10.svg\" alt=\"ill_body_10\" width=\"312\" \/>El proceso para la obtenci\u00f3n de un pr\u00e9stamo <em>online<\/em> comienza en la p\u00e1gina web de inicio de la entidad financiera. En esta web, por lo general, el cliente podr\u00e1 encontrar una especie de aplicaci\u00f3n a modo de calculadora digital. En ella podr\u00e1 elegir la cantidad del pr\u00e9stamo que desea.<\/p>\n<p>Por lo usual, el proceso de solicitud del pr\u00e9stamo es muy breve, no tard\u00e1ndose m\u00e1s de 15 minutos. Normalmente, tras establecer los par\u00e1metros b\u00e1sicos del pr\u00e9stamo (como la cantidad y el plazo), el cliente interesado crea un usuario y contrase\u00f1a. Despu\u00e9s, rellenar\u00e1 unos simples formularios con sus datos personales.<\/p>\n<p>Una vez enviada la informaci\u00f3n b\u00e1sica solicitada, el usuario deber\u00e1 esperar a la evaluaci\u00f3n por parte del prestamista. La respuesta, sea positiva o negativa, suele enviarse al solicitante durante el mismo d\u00eda de env\u00edo de la solicitud.<\/p>\n<h2>Sobre los cantidades y condiciones de los pr\u00e9stamos <em>online<\/em><\/h2>\n<p><img decoding=\"async\" class=\"alignright size-full wp-image-62\" src=\"http:\/\/loanstar.com\/es\/wp-content\/uploads\/sites\/10\/2018\/09\/ill_body_17.svg\" alt=\"\" width=\"312\" \/><\/p>\n<p>La cantidad que el cliente puede solicitar del proveedor de pr\u00e9stamos es muy variable. Puede empezar con cantidades muy peque\u00f1as, como tan solo 50 \u20ac, y ampliarse hasta cantidades mucho mayores, como, por ejemplo, 60 000 \u20ac.<\/p>\n<p>En principio, esta flexibilidad es una ventaja interesante pero, el cliente debe tener en cuenta que este es s\u00f3lo el tr\u00e1mite inicial y que luego deber\u00e1 estar atento a las tasas y comisiones pactadas en el acuerdo con el prestamista.<\/p>\n<h2>Dos modalidades de pago al solicitar un pr\u00e9stamo <em>online<\/em><\/h2>\n<p>El mercado de pr\u00e9stamos <em>online<\/em> maneja dos modalidades de pago, entre cuyo uso decide cada entidad financiera.<\/p>\n<p><img decoding=\"async\" class=\"alignright size-full wp-image-53\" src=\"http:\/\/loanstar.com\/es\/wp-content\/uploads\/sites\/10\/2018\/09\/ill_body_8.svg\" alt=\"\" width=\"312\" \/>La primera consiste en la simple elecci\u00f3n de un plazo determinado para devolver el importe del pr\u00e9stamo. Existen diferencias entre las distintas entidades, pero la mayor\u00eda acepta plazos que van entre los 5 d\u00edas como m\u00ednimo, y 45 d\u00edas como m\u00e1ximo.<\/p>\n<p>La segunda modalidad de pago consiste en la devoluci\u00f3n del importe del pr\u00e9stamo mediante el establecimiento de unas cuotas peri\u00f3dicas. Por lo general, las cuotas tienen car\u00e1cter quincenal o mensual. Muchas entidades establecen 48 meses como el plazo m\u00e1ximo para la culminaci\u00f3n de la devoluci\u00f3n del pr\u00e9stamo.<\/p>\n<p>Asimismo, en esta segunda modalidad, es usual tambi\u00e9n que el cliente tenga la posibilidad de establecer la cantidad que quiere pagar en la cuota, siempre dentro de unos par\u00e1metros flexibles establecidos por la entidad financiera.<\/p>\n<h2>Puedes comparar entre las distintas opciones del mercado<\/h2>\n<p>Una de las ventajas de que el sector de los pr\u00e9stamos <em>online<\/em> est\u00e9 en crecimiento es que han aparecido numerosas opciones en el mercado espa\u00f1ol. La consecuencia directa es que las empresas prestamistas mantienen hoy en d\u00eda\u00a0 una abierta lucha por ser m\u00e1s competitivos y ofrecer mejores condiciones a sus potenciales clientes.<\/p>\n<p>La competencia entre entidades financieras por captar la preferencia de los usuarios conlleva que, de manera constante, se busque mejorar las condiciones en beneficio de sus clientes nuevos o antiguos. Por este motivo, es una buena idea que los consumidores realicen una b\u00fasqueda detallada entre las diversas opciones de pr\u00e9stamos <em>online<\/em>, y elijan la que se adapte mejor a sus necesidades.<\/p>\n<h2>Recibe el dinero directamente en tu cuenta bancaria<\/h2>\n<p>Uno de los beneficios de trabajar con pr\u00e9stamos <em>online<\/em> es que, a trav\u00e9s de un proceso de solicitud muy simple, recibes el dinero directamente en tu cuenta bancaria.<\/p>\n<p>Sin embargo, hay que recordar que, si bien la transferencia del importe del pr\u00e9stamo hacia tu cuenta puede realizarse el mismo d\u00eda que aprobaron tu cr\u00e9dito, en algunas ocasiones el dinero no estar\u00e1 a tu disposici\u00f3n al instante. Esto se debe a que, en ocasiones, la cuenta de origen del pr\u00e9stamo pertenece a un banco distinto al tuyo. En esos casos, tendr\u00edas que esperar entre 1 y 2 d\u00edas para poder hacer uso del dinero.<\/p>\n<h2>Como cliente, debes asegurarte de entender el acuerdo que aceptas<\/h2>\n<p><img decoding=\"async\" class=\"alignright size-full wp-image-243\" src=\"http:\/\/loanstar.com\/es\/wp-content\/uploads\/sites\/10\/2018\/10\/ico-section-description-img-1.svg\" alt=\"\" width=\"312\" \/>Como es l\u00f3gico, todos los usuarios de los pr\u00e9stamos <em>online<\/em> y de cualquier cr\u00e9dito deben asegurarse de que entienden los detalles de todas las condiciones del acuerdo firmado. No se debe albergar ninguna duda respecto a su significado. Esto implica ser conscientes de lo que conllevan todos los puntos del acuerdo. No solo en lo referente a las tasas de inter\u00e9s, sino tambi\u00e9n respecto a las posibles comisiones adicionales y a las eventuales penalizaciones.<\/p>\n<p>Como cliente, debes leer, revisar y entender a cabalidad de manera responsable el compromiso que aceptas.<\/p>\n<p>Para finalizar, recordemos que es muy importante ser conscientes de nuestra realidad econ\u00f3mica. Es necesario <a href=\"http:\/\/loanstar.com\/es\/como-conseguir-el-control-de-tu-economia\/\">estudiar nuestra situaci\u00f3n financiera<\/a> para cerciorarnos de que solicitar un pr\u00e9stamo no nos causar\u00e1 m\u00e1s problemas en el futuro.<\/p>\n<p>&nbsp;<\/p>\n","protected":false},"excerpt":{"rendered":"<p>Los beneficios de los pr\u00e9stamos online Los pr\u00e9stamos online son cr\u00e9ditos que se pueden solicitar y gestionar a trav\u00e9s de&#8230;<\/p>\n","protected":false},"author":1,"featured_media":107,"parent":0,"menu_order":0,"comment_status":"closed","ping_status":"closed","template":"templates\/calculator-main.php","meta":{"footnotes":""},"yoast_head":"<!-- This site is optimized with the Yoast SEO plugin v21.0 - https:\/\/yoast.com\/wordpress\/plugins\/seo\/ -->\n<title>Solicita un pr\u00e9stamo 50 - 60.000 euros - Ciudadano espa\u00f1ol<\/title>\n<meta name=\"description\" content=\"Solicita tu pr\u00e9stamo personal 100% online. En tan solo unos sencillos pasos podr\u00e1s disponer del dinero que necesitas. No hay forma m\u00e1s c\u00f3moda y eficaz!\" \/>\n<meta name=\"robots\" content=\"index, follow, max-snippet:-1, max-image-preview:large, max-video-preview:-1\" \/>\n<link rel=\"canonical\" href=\"https:\/\/loanstar.com\/es\/prestamos\/\" \/>\n<meta property=\"og:locale\" content=\"es_ES\" \/>\n<meta property=\"og:type\" content=\"article\" \/>\n<meta property=\"og:title\" content=\"Solicita un pr\u00e9stamo 50 - 60.000 euros - Ciudadano espa\u00f1ol\" \/>\n<meta property=\"og:description\" content=\"Solicita tu pr\u00e9stamo personal 100% online. En tan solo unos sencillos pasos podr\u00e1s disponer del dinero que necesitas. No hay forma m\u00e1s c\u00f3moda y eficaz!\" \/>\n<meta property=\"og:url\" content=\"https:\/\/loanstar.com\/es\/prestamos\/\" \/>\n<meta property=\"og:site_name\" content=\"LoanStar Espa\u00f1a\" \/>\n<meta property=\"article:modified_time\" content=\"2019-08-28T14:27:46+00:00\" \/>\n<meta name=\"twitter:card\" content=\"summary_large_image\" \/>\n<meta name=\"twitter:image\" content=\"https:\/\/loanstar.com\/es\/wp-content\/uploads\/sites\/10\/2018\/09\/home_ill_1-1.svg\" \/>\n<meta name=\"twitter:label1\" content=\"Tiempo de lectura\" \/>\n\t<meta name=\"twitter:data1\" content=\"6 minutos\" \/>\n<script type=\"application\/ld+json\" class=\"yoast-schema-graph\">{\"@context\":\"https:\/\/schema.org\",\"@graph\":[{\"@type\":\"WebPage\",\"@id\":\"https:\/\/loanstar.com\/es\/prestamos\/\",\"url\":\"https:\/\/loanstar.com\/es\/prestamos\/\",\"name\":\"Solicita un pr\u00e9stamo 50 - 60.000 euros - Ciudadano espa\u00f1ol\",\"isPartOf\":{\"@id\":\"https:\/\/loanstar.com\/es\/#website\"},\"datePublished\":\"2018-09-20T11:37:42+00:00\",\"dateModified\":\"2019-08-28T14:27:46+00:00\",\"description\":\"Solicita tu pr\u00e9stamo personal 100% online. En tan solo unos sencillos pasos podr\u00e1s disponer del dinero que necesitas. No hay forma m\u00e1s c\u00f3moda y eficaz!\",\"breadcrumb\":{\"@id\":\"https:\/\/loanstar.com\/es\/prestamos\/#breadcrumb\"},\"inLanguage\":\"es\",\"potentialAction\":[{\"@type\":\"ReadAction\",\"target\":[\"https:\/\/loanstar.com\/es\/prestamos\/\"]}]},{\"@type\":\"BreadcrumbList\",\"@id\":\"https:\/\/loanstar.com\/es\/prestamos\/#breadcrumb\",\"itemListElement\":[{\"@type\":\"ListItem\",\"position\":1,\"name\":\"Espa\u00f1a\",\"item\":\"https:\/\/loanstar.com\/es\/\"},{\"@type\":\"ListItem\",\"position\":2,\"name\":\"Pr\u00e9stamos Online\"}]},{\"@type\":\"WebSite\",\"@id\":\"https:\/\/loanstar.com\/es\/#website\",\"url\":\"https:\/\/loanstar.com\/es\/\",\"name\":\"LoanStar Espa\u00f1a\",\"description\":\"Comparar pr\u00e9stamos\",\"potentialAction\":[{\"@type\":\"SearchAction\",\"target\":{\"@type\":\"EntryPoint\",\"urlTemplate\":\"https:\/\/loanstar.com\/es\/?s={search_term_string}\"},\"query-input\":\"required name=search_term_string\"}],\"inLanguage\":\"es\"}]}<\/script>\n<!-- \/ Yoast SEO plugin. -->","yoast_head_json":{"title":"Solicita un pr\u00e9stamo 50 - 60.000 euros - Ciudadano espa\u00f1ol","description":"Solicita tu pr\u00e9stamo personal 100% online. En tan solo unos sencillos pasos podr\u00e1s disponer del dinero que necesitas. No hay forma m\u00e1s c\u00f3moda y eficaz!","robots":{"index":"index","follow":"follow","max-snippet":"max-snippet:-1","max-image-preview":"max-image-preview:large","max-video-preview":"max-video-preview:-1"},"canonical":"https:\/\/loanstar.com\/es\/prestamos\/","og_locale":"es_ES","og_type":"article","og_title":"Solicita un pr\u00e9stamo 50 - 60.000 euros - Ciudadano espa\u00f1ol","og_description":"Solicita tu pr\u00e9stamo personal 100% online. En tan solo unos sencillos pasos podr\u00e1s disponer del dinero que necesitas. No hay forma m\u00e1s c\u00f3moda y eficaz!","og_url":"https:\/\/loanstar.com\/es\/prestamos\/","og_site_name":"LoanStar Espa\u00f1a","article_modified_time":"2019-08-28T14:27:46+00:00","twitter_card":"summary_large_image","twitter_image":"https:\/\/loanstar.com\/es\/wp-content\/uploads\/sites\/10\/2018\/09\/home_ill_1-1.svg","twitter_misc":{"Tiempo de lectura":"6 minutos"},"schema":{"@context":"https:\/\/schema.org","@graph":[{"@type":"WebPage","@id":"https:\/\/loanstar.com\/es\/prestamos\/","url":"https:\/\/loanstar.com\/es\/prestamos\/","name":"Solicita un pr\u00e9stamo 50 - 60.000 euros - Ciudadano espa\u00f1ol","isPartOf":{"@id":"https:\/\/loanstar.com\/es\/#website"},"datePublished":"2018-09-20T11:37:42+00:00","dateModified":"2019-08-28T14:27:46+00:00","description":"Solicita tu pr\u00e9stamo personal 100% online. En tan solo unos sencillos pasos podr\u00e1s disponer del dinero que necesitas. No hay forma m\u00e1s c\u00f3moda y eficaz!","breadcrumb":{"@id":"https:\/\/loanstar.com\/es\/prestamos\/#breadcrumb"},"inLanguage":"es","potentialAction":[{"@type":"ReadAction","target":["https:\/\/loanstar.com\/es\/prestamos\/"]}]},{"@type":"BreadcrumbList","@id":"https:\/\/loanstar.com\/es\/prestamos\/#breadcrumb","itemListElement":[{"@type":"ListItem","position":1,"name":"Espa\u00f1a","item":"https:\/\/loanstar.com\/es\/"},{"@type":"ListItem","position":2,"name":"Pr\u00e9stamos Online"}]},{"@type":"WebSite","@id":"https:\/\/loanstar.com\/es\/#website","url":"https:\/\/loanstar.com\/es\/","name":"LoanStar Espa\u00f1a","description":"Comparar pr\u00e9stamos","potentialAction":[{"@type":"SearchAction","target":{"@type":"EntryPoint","urlTemplate":"https:\/\/loanstar.com\/es\/?s={search_term_string}"},"query-input":"required name=search_term_string"}],"inLanguage":"es"}]}},"_links":{"self":[{"href":"https:\/\/loanstar.com\/es\/wp-json\/wp\/v2\/pages\/64"}],"collection":[{"href":"https:\/\/loanstar.com\/es\/wp-json\/wp\/v2\/pages"}],"about":[{"href":"https:\/\/loanstar.com\/es\/wp-json\/wp\/v2\/types\/page"}],"author":[{"embeddable":true,"href":"https:\/\/loanstar.com\/es\/wp-json\/wp\/v2\/users\/1"}],"replies":[{"embeddable":true,"href":"https:\/\/loanstar.com\/es\/wp-json\/wp\/v2\/comments?post=64"}],"version-history":[{"count":3,"href":"https:\/\/loanstar.com\/es\/wp-json\/wp\/v2\/pages\/64\/revisions"}],"predecessor-version":[{"id":505,"href":"https:\/\/loanstar.com\/es\/wp-json\/wp\/v2\/pages\/64\/revisions\/505"}],"wp:featuredmedia":[{"embeddable":true,"href":"https:\/\/loanstar.com\/es\/wp-json\/wp\/v2\/media\/107"}],"wp:attachment":[{"href":"https:\/\/loanstar.com\/es\/wp-json\/wp\/v2\/media?parent=64"}],"curies":[{"name":"wp","href":"https:\/\/api.w.org\/{rel}","templated":true}]}}