{"id":588,"date":"2020-01-29T09:53:50","date_gmt":"2020-01-29T09:53:50","guid":{"rendered":"http:\/\/loanstar.com\/es\/?page_id=588"},"modified":"2020-01-29T12:02:17","modified_gmt":"2020-01-29T12:02:17","slug":"calculadora-de-deuda","status":"publish","type":"page","link":"https:\/\/loanstar.com\/es\/calculadora-de-deuda\/","title":{"rendered":"Calculadora de deuda"},"content":{"rendered":"<h1 id=\"scroll-0\">\u00a1Bienvenido a la calculadora de deuda de LoanStar!<\/h1>\n<ul>\n<li style=\"font-weight: 400;\"><span style=\"font-weight: 400;\">\u00bfQu\u00e9 es la calculadora de deuda?<\/span><\/li>\n<li style=\"font-weight: 400;\"><span style=\"font-weight: 400;\">\u00bfPor qu\u00e9 necesitas un plan de pago para tu deuda?<\/span><\/li>\n<li style=\"font-weight: 400;\"><span style=\"font-weight: 400;\">\u00bfC\u00f3mo funciona la calculadora de deuda?<\/span><\/li>\n<li style=\"font-weight: 400;\"><span style=\"font-weight: 400;\">El m\u00e9todo de bola de nieve de la deuda como tu estrategia de plan de pago.<\/span><\/li>\n<li style=\"font-weight: 400;\"><span style=\"font-weight: 400;\">El m\u00e9todo de avalancha de deuda como tu estrategia de plan de pago.<\/span><\/li>\n<li style=\"font-weight: 400;\"><span style=\"font-weight: 400;\">El m\u00e9todo del pago mensual m\u00e1s alto como tu estrategia de plan de pago.<\/span><\/li>\n<li style=\"font-weight: 400;\"><span style=\"font-weight: 400;\">El m\u00e9todo del pago de los intereses mensuales m\u00e1s altos como tu estrategia de plan de pago<\/span><\/li>\n<\/ul>\n<h2 id=\"scroll-0\">\u00bfQu\u00e9 es la calculadora de deuda?<\/h2>\n<p>Una calculadora de deuda es una herramienta para aquellos que desean deshacerse de su deuda de manera estructurada. La calculadora tiene en cuenta varios factores, tanto de tus pr\u00e9stamos como de tus finanzas personales. Juntos, genera un plan para quedarte libre de deudas lo antes posible sin gastos extras innecesarios.<\/p>\n<p>Para atender a varias situaciones personales financieras y de deuda, LoanStar ofrece su calculadora con cuatro estrategias de pago diferentes. Esto te ayudar\u00e1 a identificar qu\u00e9 m\u00e9todo funciona mejor para ti. Cuando se trata de hacer un plan de pago, es muy importante tener en cuenta tu personalidad.<\/p>\n<p>La calculadora de deuda est\u00e1 dise\u00f1ada para que su uso sea muy sencillo.<\/p>\n<p>Loanstar te ayudar\u00e1 a implementar un plan de pago sostenible. Pensar a largo plazo sobre c\u00f3mo hacer que el pago de la deuda sea m\u00e1s eficiente aumentar\u00e1 tus posibilidades de \u00e9xito.<\/p>\n<h2><b>\u00bfPor qu\u00e9 necesitas un plan de pago para tu deuda?<\/b><\/h2>\n<p><span style=\"font-weight: 400;\">La naturaleza humana hace que tendamos a olvidar las situaciones financieras que resultan ser inc\u00f3modas, y esto es a\u00fan m\u00e1s cierto si se trata de nuestra deuda.<\/span><\/p>\n<p><span style=\"font-weight: 400;\">Las cuotas mensuales que tenemos que pagar se convierten en un h\u00e1bito subconsciente y muy pocas personas se detienen a pensar en c\u00f3mo reducir los plazos de sus pr\u00e9stamos.<img decoding=\"async\" class=\"alignright size-full wp-image-590\" src=\"http:\/\/loanstar.com\/es\/wp-content\/uploads\/sites\/10\/2019\/12\/savings_2.svg\" alt=\"savings_2.svg\" width=\"312\" \/><\/span><\/p>\n<p><span style=\"font-weight: 400;\">Sin una estrategia espec\u00edfica, no vas a deshacerte m\u00e1gicamente de tu deuda.<\/span><\/p>\n<p><span style=\"font-weight: 400;\">Estar libre de deudas requiere un trabajo duro y comprometido, y afectar\u00e1 a tus finanzas cotidianas. Como es obvio, puedes crear tu propio plan de pago manualmente,<\/span><span style=\"font-weight: 400;\">\u00a0<\/span><span style=\"font-weight: 400;\">pero esto suele llevar mucho tiempo y puede ser dif\u00edcil realizar un seguimiento de las tasas de inter\u00e9s.<\/span><\/p>\n<p><span style=\"font-weight: 400;\">Es por estos motivos por los que usar una calculadora de deuda es una gran elecci\u00f3n.<\/span><\/p>\n<p><span style=\"font-weight: 400;\">\u00a1Nuestra calculadora de deudas te llevar\u00e1 por el buen camino!<\/span><\/p>\n<h2><b>C\u00f3mo funciona la calculadora de deuda<\/b><\/h2>\n<p><span style=\"font-weight: 400;\">La calculadora de deuda es una herramienta que permite generar autom\u00e1ticamente un plan de pago detallado para tus pr\u00e9stamos pendientes. Con nuestra calculadora no tendr\u00e1s que buscar en un sinf\u00edn<\/span><span style=\"font-weight: 400;\">\u00a0<\/span><span style=\"font-weight: 400;\">de facturas para calcular tu plan de pago.<\/span><\/p>\n<p><span style=\"font-weight: 400;\">De hecho, solo necesitas tres datos sobre tus deudas para usar la calculadora de deuda:<\/span><\/p>\n<ul>\n<li style=\"font-weight: 400;\"><span style=\"font-weight: 400;\">La cantidad de deuda restante.<\/span><\/li>\n<li style=\"font-weight: 400;\"><span style=\"font-weight: 400;\">El pago m\u00ednimo mensual al que est\u00e1s obligado por tus deudas.<\/span><\/li>\n<li style=\"font-weight: 400;\"><span style=\"font-weight: 400;\">La tasa de inter\u00e9s de los pr\u00e9stamos.<\/span><\/li>\n<\/ul>\n<p><span style=\"font-weight: 400;\">Es f\u00e1cil a\u00f1adir m\u00e1s de una deuda a la calculadora de deuda. Si tienes pr\u00e9stamos pendientes con m\u00e1s de un acreedor, es importante hacerlo. Esta es la \u00fanica forma de obtener un plan de pago exacto y realista, que realmente refleje tu deuda.\u00a0<\/span><\/p>\n<p><span style=\"font-weight: 400;\">Adem\u00e1s de un dise\u00f1o simple y f\u00e1cil de entender, la calculadora de deuda te permite adaptar el plan de pago de acuerdo con tus finanzas personales.<\/span><\/p>\n<p><span style=\"font-weight: 400;\">En primer lugar, puedes seleccionar qu\u00e9 estrategia de plan de pago te gustar\u00eda utilizar (lee m\u00e1s sobre esto a continuaci\u00f3n).\u00a0<\/span><\/p>\n<p><span style=\"font-weight: 400;\">En segundo lugar, agrega la fecha de inicio de tu plan de pago. Y, finalmente, agrega el presupuesto de tu plan de pago mensual.\u00a0<\/span><\/p>\n<p><span style=\"font-weight: 400;\">\u00a1Obtener un s\u00f3lido plan de pago de deudas es as\u00ed de sencillo!<\/span><\/p>\n<p><span style=\"font-weight: 400;\">Nuestra calculadora de deudas te permite elegir tu propio m\u00e9todo de plan de pago. Existen cuatro estrategias, y es importante que elijas la que sea m\u00e1s compatible con tus finanzas personales.<\/span><\/p>\n<h2><b>Te explicamos como usar la calculadora de deuda<\/b><\/h2>\n<ul>\n<li style=\"font-weight: 400;\"><b>Cantidad de deuda<\/b><span style=\"font-weight: 400;\">: usa este campo para anotar tus deudas. Por ejemplo: tarjeta de cr\u00e9dito Mastercard.<\/span><\/li>\n<li style=\"font-weight: 400;\"><b>Deuda actual restante<\/b><span style=\"font-weight: 400;\">: introduce la cantidad restante que queda por pagar en tu pr\u00e9stamo o tarjeta de cr\u00e9dito.<\/span><\/li>\n<li style=\"font-weight: 400;\"><b>El pago m\u00ednimo mensual:<\/b><span style=\"font-weight: 400;\"> la cantidad m\u00ednima que tienes que pagar cada mes. Puedes encontrar esta informaci\u00f3n en el contrato con tus acreedores.<\/span><\/li>\n<li style=\"font-weight: 400;\"><b>Tasa de inter\u00e9s:<\/b><span style=\"font-weight: 400;\"> la tasa de inter\u00e9s de tu pr\u00e9stamo o tarjeta de cr\u00e9dito. Si no est\u00e1s seguro, contacta con el emisor de la tarjeta para conocer tu tarifa.<\/span><\/li>\n<li style=\"font-weight: 400;\"><b>Elige el presupuesto de tu plan de pago: <\/b><span style=\"font-weight: 400;\">la cantidad que puedes gastar en pagar deudas cada mes. Cuanto mayor sea la cantidad, menor ser\u00e1 el plazo del pr\u00e9stamo.<\/span><\/li>\n<li style=\"font-weight: 400;\"><b>Elige tu m\u00e9todo de plan de pago: <\/b><span style=\"font-weight: 400;\">este campo te ofrece una visi\u00f3n general r\u00e1pida de las diferentes estrategias. Elige la que sea m\u00e1s compatible con tus finanzas personales.<\/span><\/li>\n<\/ul>\n<h2><b>El m\u00e9todo de bola de nieve de la deuda como tu estrategia de plan de pago<\/b><\/h2>\n<p><span style=\"font-weight: 400;\">El m\u00e9todo de bola de nieve de la deuda es una reconocida estrategia de pago.<\/span><\/p>\n<p><span style=\"font-weight: 400;\">Esta estrategia es utilizada por economistas de todo el mundo y se ha demostrado que es altamente efectiva en la pr\u00e1ctica.<\/span><span style=\"font-weight: 400;\">\u00a0<\/span><\/p>\n<p><span style=\"font-weight: 400;\">Dicha estrategia trata tu deuda como una bola de nieve; comienza con la m\u00e1s peque\u00f1a y termina con la mayor.<\/span><\/p>\n<h2><b><img decoding=\"async\" class=\"alignright size-full wp-image-591\" src=\"http:\/\/loanstar.com\/es\/wp-content\/uploads\/sites\/10\/2019\/12\/ill_body_17.svg\" alt=\"ill_body_17.svg\" width=\"312\" \/><\/b><\/h2>\n<p><span style=\"font-weight: 400;\">Con el m\u00e9todo de bola de nieve de la deuda, primero comienzas con la cuenta de deuda m\u00e1s peque\u00f1a y avanzas en orden consecutivo seg\u00fan la cuant\u00eda de cada deuda.\u00a0<\/span><\/p>\n<p><span style=\"font-weight: 400;\">No prestas atenci\u00f3n a la tasa de inter\u00e9s ni a otros costes del pr\u00e9stamo: es la cantidad del pr\u00e9stamo la que dicta el orden de pago de cada deuda.\u00a0<\/span><\/p>\n<p><span style=\"font-weight: 400;\">Al elegir este m\u00e9todo, te asegurar\u00e1s de que la motivaci\u00f3n permanece durante el per\u00edodo de tu plan de pago.<\/span><\/p>\n<h2><b>El m\u00e9todo de avalancha de deuda como estrategia de plan de pago<\/b><\/h2>\n<p><span style=\"font-weight: 400;\">Al igual que el m\u00e9todo de bola de nieve de la deuda, el m\u00e9todo de avalancha de deuda tambi\u00e9n es reconocido internacionalmente. Esto significa que es eficiente, espec\u00edfico y que ha sido analizado en varios estudios diferentes.<\/span><\/p>\n<p><span style=\"font-weight: 400;\">Usando el m\u00e9todo de avalancha de deuda, te centrar\u00e1s en tus cuentas de deuda en seg\u00fan sus tasas de inter\u00e9s, comenzando en la \u201cparte superior\u201d. En otras palabras, comienzas a pagar el pr\u00e9stamo o cr\u00e9dito que tiene la tasa de inter\u00e9s m\u00e1s alta y contin\u00faas de manera descendente seg\u00fan las tasas de inter\u00e9s de los dem\u00e1s cr\u00e9ditos. Para la mayor\u00eda de las personas, esto significa que comienzan con pr\u00e9stamos como las deudas de las tarjetas de cr\u00e9dito y pr\u00e9stamos no garantizados o inmediatos pagaderos en un solo plazo<\/span><span style=\"font-weight: 400;\">, y terminan con su hipoteca.<\/span><\/p>\n<p><span style=\"font-weight: 400;\">Desde una perspectiva puramente financiera, este es el mejor m\u00e9todo para tu plan de pago, ya que te garantiza pagar primero los pr\u00e9stamos que mayor coste tienen.<\/span><\/p>\n<p><span style=\"font-weight: 400;\">Sin embargo, en situaciones en las que el pr\u00e9stamo m\u00e1s caro tambi\u00e9n es el m\u00e1s grande, la avalancha de deuda no es necesariamente tu mejor opci\u00f3n. Cuando este sea el caso, tendr\u00e1s que trabajar durante un largo per\u00edodo de tiempo para deshacerte de tu primera cuenta de deuda, lo que puede agotar tu motivaci\u00f3n.<\/span><\/p>\n<h2><b>El m\u00e9todo del pago mensual m\u00e1s alto como tu estrategia de plan de pago<\/b><\/h2>\n<p><span style=\"font-weight: 400;\">El pago mensual de un pr\u00e9stamo depender\u00e1 en gran medida del plazo del mismo. En resumen, un plazo de pr\u00e9stamo m\u00e1s corto significa unos pagos mensuales m\u00e1s altos y un plazo de pr\u00e9stamo m\u00e1s largo conducir\u00e1 a unos pagos mensuales m\u00e1s altos. Si seleccionas el m\u00e9todo de pago mensual m\u00e1s alto como estrategia de plan de pago, primero te centrar\u00e1s en la deuda con los plazos m\u00e1s cortos.<\/span><\/p>\n<p><span style=\"font-weight: 400;\">En t\u00e9rminos generales, ser\u00e1n pr\u00e9stamos inmediatos de pago en un solo plazo o deudas de tarjetas de cr\u00e9dito y, en algunos casos, pr\u00e9stamos personales. Si tienes varias deudas de estas caracter\u00edsticas; esta estrategia ser\u00e1 la mejor para ti.<\/span><\/p>\n<p><span style=\"font-weight: 400;\">Al elegir esta estrategia, te librar\u00e1s de los pr\u00e9stamos m\u00e1s costosos lo m\u00e1s r\u00e1pido posible y no tendr\u00e1s que preocuparte por extender el plazo de tu pr\u00e9stamo. En pr\u00e9stamos de alto inter\u00e9s, esta siempre es una soluci\u00f3n costosa.<\/span><\/p>\n<h2><b>El m\u00e9todo de pago de intereses mensual m\u00e1s alto como tu estrategia de plan de pago<\/b><\/h2>\n<p><span style=\"font-weight: 400;\">Tambi\u00e9n puedes optar por centrarte en la deuda que tenga el inter\u00e9s mensual m\u00e1s alto\u00a0 como estrategia de plan de pago.<\/span><\/p>\n<p><span style=\"font-weight: 400;\">Este m\u00e9todo es diferente del de avalancha de deuda porque su enfoque est\u00e1 en los costes mensuales, en lugar de en la tasa de inter\u00e9s general del pr\u00e9stamo.<\/span><\/p>\n<p><span style=\"font-weight: 400;\">Sin embargo, en esencia, estas estrategias siguen siendo muy similares, ya que el objetivo de ambas es deshacerse de las deudas m\u00e1s caras cuanto antes.<img decoding=\"async\" class=\"alignright size-full wp-image-592\" src=\"http:\/\/loanstar.com\/es\/wp-content\/uploads\/sites\/10\/2019\/12\/ill_body_9.svg\" alt=\"ill_body_9.svg\" width=\"312\" \/><\/span><\/p>\n<p><span style=\"font-weight: 400;\">Las deudas que tienen altos intereses mensuales son las que tienen plazos de pr\u00e9stamo largos y una tasa de inter\u00e9s alta, como el caso de los pr\u00e9stamos personales o los pr\u00e9stamos inmediatos a pagar en un solo plazo.<\/span><\/p>\n<p><span style=\"font-weight: 400;\">La deuda de la tarjeta de cr\u00e9dito tambi\u00e9n se incluir\u00e1 en esta categor\u00eda. Si deseas reducir los costes mensuales de tu deuda, esta es la mejor estrategia para ti.<\/span><\/p>\n<p><span style=\"font-weight: 400;\">Cuando te centras primero en deudas con intereses altos, podr\u00e1s reducir los plazos de tus pr\u00e9stamos de manera considerable.<\/span><\/p>\n<h3><b>\u00a1Consejo!<\/b><\/h3>\n<p><span style=\"font-weight: 400;\">No importa qu\u00e9 estrategia elijas: lo importante siempre es tener en cuenta qu\u00e9 m\u00e9todo funciona mejor con tu personalidad. Cuando tratas de deshacerte de las deudas, la motivaci\u00f3n es tu herramienta n\u00famero uno. Es por eso que debes elegir la estrategia que mantenga tu motivaci\u00f3n fuerte de principio a fin.<\/span><\/p>\n<p><span style=\"font-weight: 400;\">Lee aqu\u00ed nuestra gu\u00eda completa sobre c\u00f3mo quedarte libre de deudas.<\/span><\/p>\n","protected":false},"excerpt":{"rendered":"<p>\u00a1Bienvenido a la calculadora de deuda de LoanStar! \u00bfQu\u00e9 es la calculadora de deuda? \u00bfPor qu\u00e9 necesitas un plan de&#8230;<\/p>\n","protected":false},"author":1,"featured_media":0,"parent":0,"menu_order":0,"comment_status":"closed","ping_status":"closed","template":"templates\/calculator-debt.php","meta":{"footnotes":""},"yoast_head":"<!-- This site is optimized with the Yoast SEO plugin v21.0 - https:\/\/yoast.com\/wordpress\/plugins\/seo\/ -->\n<title>Calculadora de deuda - LoanStar Espa\u00f1a<\/title>\n<meta name=\"description\" content=\"Crea un plan de pago completo para todas tus deudas pendientes con la calculadora de deuda de LoanStar!\" \/>\n<meta name=\"robots\" content=\"index, follow, max-snippet:-1, max-image-preview:large, max-video-preview:-1\" \/>\n<link rel=\"canonical\" href=\"https:\/\/loanstar.com\/es\/calculadora-de-deuda\/\" \/>\n<meta property=\"og:locale\" content=\"es_ES\" \/>\n<meta property=\"og:type\" content=\"article\" \/>\n<meta property=\"og:title\" content=\"Calculadora de deuda - LoanStar Espa\u00f1a\" \/>\n<meta property=\"og:description\" content=\"Crea un plan de pago completo para todas tus deudas pendientes con la calculadora de deuda de LoanStar!\" \/>\n<meta property=\"og:url\" content=\"https:\/\/loanstar.com\/es\/calculadora-de-deuda\/\" \/>\n<meta property=\"og:site_name\" content=\"LoanStar Espa\u00f1a\" \/>\n<meta property=\"article:modified_time\" content=\"2020-01-29T12:02:17+00:00\" \/>\n<meta property=\"og:image\" content=\"http:\/\/loanstar.com\/es\/wp-content\/uploads\/sites\/10\/2019\/12\/savings_2.svg\" \/>\n<meta name=\"twitter:card\" content=\"summary_large_image\" \/>\n<meta name=\"twitter:label1\" content=\"Tiempo de lectura\" \/>\n\t<meta name=\"twitter:data1\" content=\"9 minutos\" \/>\n<script type=\"application\/ld+json\" class=\"yoast-schema-graph\">{\"@context\":\"https:\/\/schema.org\",\"@graph\":[{\"@type\":\"WebPage\",\"@id\":\"https:\/\/loanstar.com\/es\/calculadora-de-deuda\/\",\"url\":\"https:\/\/loanstar.com\/es\/calculadora-de-deuda\/\",\"name\":\"Calculadora de deuda - LoanStar Espa\u00f1a\",\"isPartOf\":{\"@id\":\"https:\/\/loanstar.com\/es\/#website\"},\"datePublished\":\"2020-01-29T09:53:50+00:00\",\"dateModified\":\"2020-01-29T12:02:17+00:00\",\"description\":\"Crea un plan de pago completo para todas tus deudas pendientes con la calculadora de deuda de LoanStar!\",\"breadcrumb\":{\"@id\":\"https:\/\/loanstar.com\/es\/calculadora-de-deuda\/#breadcrumb\"},\"inLanguage\":\"es\",\"potentialAction\":[{\"@type\":\"ReadAction\",\"target\":[\"https:\/\/loanstar.com\/es\/calculadora-de-deuda\/\"]}]},{\"@type\":\"BreadcrumbList\",\"@id\":\"https:\/\/loanstar.com\/es\/calculadora-de-deuda\/#breadcrumb\",\"itemListElement\":[{\"@type\":\"ListItem\",\"position\":1,\"name\":\"Espa\u00f1a\",\"item\":\"https:\/\/loanstar.com\/es\/\"},{\"@type\":\"ListItem\",\"position\":2,\"name\":\"Calculadora de deuda\"}]},{\"@type\":\"WebSite\",\"@id\":\"https:\/\/loanstar.com\/es\/#website\",\"url\":\"https:\/\/loanstar.com\/es\/\",\"name\":\"LoanStar Espa\u00f1a\",\"description\":\"Comparar pr\u00e9stamos\",\"potentialAction\":[{\"@type\":\"SearchAction\",\"target\":{\"@type\":\"EntryPoint\",\"urlTemplate\":\"https:\/\/loanstar.com\/es\/?s={search_term_string}\"},\"query-input\":\"required name=search_term_string\"}],\"inLanguage\":\"es\"}]}<\/script>\n<!-- \/ Yoast SEO plugin. -->","yoast_head_json":{"title":"Calculadora de deuda - LoanStar Espa\u00f1a","description":"Crea un plan de pago completo para todas tus deudas pendientes con la calculadora de deuda de LoanStar!","robots":{"index":"index","follow":"follow","max-snippet":"max-snippet:-1","max-image-preview":"max-image-preview:large","max-video-preview":"max-video-preview:-1"},"canonical":"https:\/\/loanstar.com\/es\/calculadora-de-deuda\/","og_locale":"es_ES","og_type":"article","og_title":"Calculadora de deuda - LoanStar Espa\u00f1a","og_description":"Crea un plan de pago completo para todas tus deudas pendientes con la calculadora de deuda de LoanStar!","og_url":"https:\/\/loanstar.com\/es\/calculadora-de-deuda\/","og_site_name":"LoanStar Espa\u00f1a","article_modified_time":"2020-01-29T12:02:17+00:00","og_image":[{"url":"http:\/\/loanstar.com\/es\/wp-content\/uploads\/sites\/10\/2019\/12\/savings_2.svg"}],"twitter_card":"summary_large_image","twitter_misc":{"Tiempo de lectura":"9 minutos"},"schema":{"@context":"https:\/\/schema.org","@graph":[{"@type":"WebPage","@id":"https:\/\/loanstar.com\/es\/calculadora-de-deuda\/","url":"https:\/\/loanstar.com\/es\/calculadora-de-deuda\/","name":"Calculadora de deuda - LoanStar Espa\u00f1a","isPartOf":{"@id":"https:\/\/loanstar.com\/es\/#website"},"datePublished":"2020-01-29T09:53:50+00:00","dateModified":"2020-01-29T12:02:17+00:00","description":"Crea un plan de pago completo para todas tus deudas pendientes con la calculadora de deuda de LoanStar!","breadcrumb":{"@id":"https:\/\/loanstar.com\/es\/calculadora-de-deuda\/#breadcrumb"},"inLanguage":"es","potentialAction":[{"@type":"ReadAction","target":["https:\/\/loanstar.com\/es\/calculadora-de-deuda\/"]}]},{"@type":"BreadcrumbList","@id":"https:\/\/loanstar.com\/es\/calculadora-de-deuda\/#breadcrumb","itemListElement":[{"@type":"ListItem","position":1,"name":"Espa\u00f1a","item":"https:\/\/loanstar.com\/es\/"},{"@type":"ListItem","position":2,"name":"Calculadora de deuda"}]},{"@type":"WebSite","@id":"https:\/\/loanstar.com\/es\/#website","url":"https:\/\/loanstar.com\/es\/","name":"LoanStar Espa\u00f1a","description":"Comparar pr\u00e9stamos","potentialAction":[{"@type":"SearchAction","target":{"@type":"EntryPoint","urlTemplate":"https:\/\/loanstar.com\/es\/?s={search_term_string}"},"query-input":"required name=search_term_string"}],"inLanguage":"es"}]}},"_links":{"self":[{"href":"https:\/\/loanstar.com\/es\/wp-json\/wp\/v2\/pages\/588"}],"collection":[{"href":"https:\/\/loanstar.com\/es\/wp-json\/wp\/v2\/pages"}],"about":[{"href":"https:\/\/loanstar.com\/es\/wp-json\/wp\/v2\/types\/page"}],"author":[{"embeddable":true,"href":"https:\/\/loanstar.com\/es\/wp-json\/wp\/v2\/users\/1"}],"replies":[{"embeddable":true,"href":"https:\/\/loanstar.com\/es\/wp-json\/wp\/v2\/comments?post=588"}],"version-history":[{"count":3,"href":"https:\/\/loanstar.com\/es\/wp-json\/wp\/v2\/pages\/588\/revisions"}],"predecessor-version":[{"id":641,"href":"https:\/\/loanstar.com\/es\/wp-json\/wp\/v2\/pages\/588\/revisions\/641"}],"wp:attachment":[{"href":"https:\/\/loanstar.com\/es\/wp-json\/wp\/v2\/media?parent=588"}],"curies":[{"name":"wp","href":"https:\/\/api.w.org\/{rel}","templated":true}]}}