{"id":280,"date":"2018-10-24T08:58:52","date_gmt":"2018-10-24T08:58:52","guid":{"rendered":"http:\/\/loanstar.com\/es\/?page_id=280"},"modified":"2019-06-14T15:19:25","modified_gmt":"2019-06-14T15:19:25","slug":"terminos-y-condiciones","status":"publish","type":"page","link":"https:\/\/loanstar.com\/es\/terminos-y-condiciones\/","title":{"rendered":"T\u00e9rminos y Condiciones"},"content":{"rendered":"<p>T\u00e9rminos y condiciones de Digital Takeover, LTD<\/p>\n<h2>Introducci\u00f3n<\/h2>\n<p>Estos T\u00e9rminos y Condiciones est\u00e1ndar del sitio web escritos en esta p\u00e1gina web deben gestionar su uso de nuestro sitio web, accesible a LoanStar en\u00a0<a href=\"http:\/\/loanstar.com\/es\/\">http:\/\/loanstar.com\/es\/<\/a><\/p>\n<p>Estos T\u00e9rminos se aplicar\u00e1n completamente y afectar\u00e1n al uso de este sitio web. Al utilizar este sitio web,usted acept\u00f3 todos los t\u00e9rminos y condiciones escritos aqu\u00ed. No debe usar este sitio web si no est\u00e1 de acuerdo con cualquiera de estos T\u00e9rminos y Condiciones est\u00e1ndar.<\/p>\n<p>Los menores de edad o menores de 18 a\u00f1os NO pueden usar este sitio web.<\/p>\n<h2>Derechos de propiedad intelectual<\/h2>\n<p>Adem\u00e1s del contenido que posee, bajo estos T\u00e9rminos, Digital Takeover, LTD y \/ o sus licenciatarios son propietarios de todos los derechos de propiedad intelectual y los materiales contenidos en este sitio web.<\/p>\n<p>Se le otorga una licencia limitada s\u00f3lo para los fines de ver el material contenido en este sitio web.<\/p>\n<h2>Restricciones<\/h2>\n<p>Usted est\u00e1 espec\u00edficamente restringido para todo lo siguiente:<br \/>\n\t<div class=\"list-ticks-secondary\">\r\n\t\t<ul>\n<li>Publicar cualquier material del sitio web en cualquier otro medio.<\/li>\n<li>Vender, sublicenciar y \/ o comercializar cualquier material del sitio web.<\/li>\n<li>Realizar p\u00fablicamente y \/ o mostrar cualquier material del sitio web.<\/li>\n<li>Usar este sitio web de cualquier manera que sea o pueda ser perjudicial para este sitio web.<\/li>\n<li>Usar este sitio web de cualquier manera que afecte el acceso de los usuarios a este sitio web.<\/li>\n<li>El uso de este sitio web en contra de las leyes y regulaciones aplicables, o de cualquier manera que pueda causar da\u00f1os al sitio web, o cualquier persona o entidad comercial.<\/li>\n<li>Participar en cualquier extracci\u00f3n de datos, recolecci\u00f3n de datos, o cualquier otra actividad similar en relaci\u00f3n con este sitio web.<\/li>\n<li>Uso de este sitio web para participar en cualquier publicidad o <em>marketing<\/em>.<\/li>\n<\/ul>\n\t<\/div><!-- \/.list-ticks -->\r\n\t\n<p>Ciertas \u00e1reas de este sitio web tienen acceso restringido para usted y Digital Takeover, LTD puede restringir a\u00fan m\u00e1s el acceso a cualquier \u00e1rea de este sitio web, en cualquier momento y con absoluta discrecionalidad. Cualquier ID de usuario y contrase\u00f1a que exista para este sitio web son confidenciales.<\/p>\n<h2>Tu contenido<\/h2>\n<p>En estos T\u00e9rminos y Condiciones est\u00e1ndar del sitio web, \u00abSu contenido\u00bb significar\u00e1 cualquier audio, texto de v\u00eddeo, im\u00e1genes u otro material que elija mostrar en este sitio web. Al mostrar su contenido, otorga a Digital Takeover, LTD una licencia no exclusiva, irrevocable y con licencia de uso en todo el mundo para usarla, reproducirla, adaptarla, publicarla, traducirla y distribuirla en cualquier medio.<\/p>\n<p>Su <em>Contenido<\/em> debe ser suyo y no debe invadir los derechos de terceros. Digital Takeover, LTD se reserva el derecho de eliminar cualquier parte de su contenido de este sitio web en cualquier momento sin previo aviso.<\/p>\n<h2>Sin garant\u00edas<\/h2>\n<p>Este sitio web se proporciona \u00abtal cual\u00bb, con todas las erratas, y Digital Takeover, LTD no expresa representaciones ni garant\u00edas de ning\u00fan tipo relacionadas con este sitio web o con los materiales contenidos en este sitio web. Adem\u00e1s, nada de lo contenido en este sitio web se interpretar\u00e1 como un aviso.<\/p>\n<h2>Limitaci\u00f3n de responsabilidad<\/h2>\n<p>En ning\u00fan caso, Digital Takeover, LTD, ni ninguno de sus funcionarios, directores y empleados, ser\u00e1n responsables de cualquier cosa que surja o est\u00e9 relacionada con su uso de este sitio web, ya sea que dicha responsabilidad est\u00e9 sujeta a un contrato. Digital Takeover, LTD, incluidos sus funcionarios, directores y empleados, no ser\u00e1 responsable de ninguna responsabilidad indirecta, consecuente o especial que surja de o de cualquier manera relacionada con su uso de este sitio web.<\/p>\n<h2>Indemnizaci\u00f3n<\/h2>\n<p>Por la presente, usted indemniza en la mayor medida posible a Digital Takeover, LTD de y contra cualquier y \/ o responsabilidad, costes, demandas, causas de acci\u00f3n, da\u00f1os y gastos que surjan de cualquier forma relacionada con su incumplimiento de cualquiera de las disposiciones de estos T\u00e9rminos.<\/p>\n<h2>Divisibilidad<\/h2>\n<p>Si alguna disposici\u00f3n de estos T\u00e9rminos se considera inv\u00e1lida seg\u00fan cualquier ley aplicable, dichas disposiciones se eliminar\u00e1n sin afectar las disposiciones restantes de este documento.<\/p>\n<h2>Variaci\u00f3n de T\u00e9rminos<\/h2>\n<p>Digital Takeover, LTD tiene permitido revisar estos T\u00e9rminos en cualquier momento que considere oportuno, y al utilizar este sitio web, se espera que los revise peri\u00f3dicamente.<\/p>\n<h2>Asignaci\u00f3n<\/h2>\n<p>The Digital Takeover, LTD puede asignar, transferir y subcontratar sus derechos y \/ u obligaciones en virtud de estos T\u00e9rminos sin notificaci\u00f3n alguna. Sin embargo, no se le permite asignar, transferir o subcontratar ninguno de sus derechos y \/ u obligaciones en virtud de estos T\u00e9rminos.<\/p>\n<h2>Acuerdo completo<\/h2>\n<p>Estos T\u00e9rminos constituyen el acuerdo completo entre Digital Takeover, LTD y usted en relaci\u00f3n con su uso de este sitio web, y sustituyen a todos los acuerdos y entendimientos anteriores.<\/p>\n<h2>Ley aplicable y jurisdicci\u00f3n<\/h2>\n<p>Estos T\u00e9rminos se regir\u00e1n e interpretar\u00e1n de acuerdo con las leyes de Malta, y usted se somete a la jurisdicci\u00f3n no exclusiva de los tribunales estatales y federales ubicados en Malta para resolver cualquier disputa.<\/p>\n","protected":false},"excerpt":{"rendered":"<p>T\u00e9rminos y condiciones de Digital Takeover, LTD Introducci\u00f3n Estos T\u00e9rminos y Condiciones est\u00e1ndar del sitio web escritos en esta p\u00e1gina&#8230;<\/p>\n","protected":false},"author":1,"featured_media":0,"parent":0,"menu_order":0,"comment_status":"closed","ping_status":"closed","template":"templates\/terms-of-use.php","meta":{"footnotes":""},"yoast_head":"<!-- This site is optimized with the Yoast SEO plugin v21.0 - https:\/\/yoast.com\/wordpress\/plugins\/seo\/ -->\n<title>T\u00e9rminos y Condiciones - LoanStar Espa\u00f1a<\/title>\n<meta name=\"robots\" content=\"noindex, follow\" \/>\n<meta property=\"og:locale\" content=\"es_ES\" \/>\n<meta property=\"og:type\" content=\"article\" \/>\n<meta property=\"og:title\" content=\"T\u00e9rminos y Condiciones - LoanStar Espa\u00f1a\" \/>\n<meta property=\"og:description\" content=\"T\u00e9rminos y condiciones de Digital Takeover, LTD Introducci\u00f3n Estos T\u00e9rminos y Condiciones est\u00e1ndar del sitio web escritos en esta p\u00e1gina...\" \/>\n<meta property=\"og:url\" content=\"https:\/\/loanstar.com\/es\/terminos-y-condiciones\/\" \/>\n<meta property=\"og:site_name\" content=\"LoanStar Espa\u00f1a\" \/>\n<meta property=\"article:modified_time\" content=\"2019-06-14T15:19:25+00:00\" \/>\n<meta name=\"twitter:card\" content=\"summary_large_image\" \/>\n<meta name=\"twitter:label1\" content=\"Tiempo de lectura\" \/>\n\t<meta name=\"twitter:data1\" content=\"4 minutos\" \/>\n<script type=\"application\/ld+json\" class=\"yoast-schema-graph\">{\"@context\":\"https:\/\/schema.org\",\"@graph\":[{\"@type\":\"WebPage\",\"@id\":\"https:\/\/loanstar.com\/es\/terminos-y-condiciones\/\",\"url\":\"https:\/\/loanstar.com\/es\/terminos-y-condiciones\/\",\"name\":\"T\u00e9rminos y Condiciones - LoanStar Espa\u00f1a\",\"isPartOf\":{\"@id\":\"https:\/\/loanstar.com\/es\/#website\"},\"datePublished\":\"2018-10-24T08:58:52+00:00\",\"dateModified\":\"2019-06-14T15:19:25+00:00\",\"breadcrumb\":{\"@id\":\"https:\/\/loanstar.com\/es\/terminos-y-condiciones\/#breadcrumb\"},\"inLanguage\":\"es\",\"potentialAction\":[{\"@type\":\"ReadAction\",\"target\":[\"https:\/\/loanstar.com\/es\/terminos-y-condiciones\/\"]}]},{\"@type\":\"BreadcrumbList\",\"@id\":\"https:\/\/loanstar.com\/es\/terminos-y-condiciones\/#breadcrumb\",\"itemListElement\":[{\"@type\":\"ListItem\",\"position\":1,\"name\":\"Espa\u00f1a\",\"item\":\"https:\/\/loanstar.com\/es\/\"},{\"@type\":\"ListItem\",\"position\":2,\"name\":\"T\u00e9rminos y Condiciones\"}]},{\"@type\":\"WebSite\",\"@id\":\"https:\/\/loanstar.com\/es\/#website\",\"url\":\"https:\/\/loanstar.com\/es\/\",\"name\":\"LoanStar Espa\u00f1a\",\"description\":\"Comparar pr\u00e9stamos\",\"potentialAction\":[{\"@type\":\"SearchAction\",\"target\":{\"@type\":\"EntryPoint\",\"urlTemplate\":\"https:\/\/loanstar.com\/es\/?s={search_term_string}\"},\"query-input\":\"required name=search_term_string\"}],\"inLanguage\":\"es\"}]}<\/script>\n<!-- \/ Yoast SEO plugin. -->","yoast_head_json":{"title":"T\u00e9rminos y Condiciones - LoanStar Espa\u00f1a","robots":{"index":"noindex","follow":"follow"},"og_locale":"es_ES","og_type":"article","og_title":"T\u00e9rminos y Condiciones - LoanStar Espa\u00f1a","og_description":"T\u00e9rminos y condiciones de Digital Takeover, LTD Introducci\u00f3n Estos T\u00e9rminos y Condiciones est\u00e1ndar del sitio web escritos en esta p\u00e1gina...","og_url":"https:\/\/loanstar.com\/es\/terminos-y-condiciones\/","og_site_name":"LoanStar Espa\u00f1a","article_modified_time":"2019-06-14T15:19:25+00:00","twitter_card":"summary_large_image","twitter_misc":{"Tiempo de lectura":"4 minutos"},"schema":{"@context":"https:\/\/schema.org","@graph":[{"@type":"WebPage","@id":"https:\/\/loanstar.com\/es\/terminos-y-condiciones\/","url":"https:\/\/loanstar.com\/es\/terminos-y-condiciones\/","name":"T\u00e9rminos y Condiciones - LoanStar Espa\u00f1a","isPartOf":{"@id":"https:\/\/loanstar.com\/es\/#website"},"datePublished":"2018-10-24T08:58:52+00:00","dateModified":"2019-06-14T15:19:25+00:00","breadcrumb":{"@id":"https:\/\/loanstar.com\/es\/terminos-y-condiciones\/#breadcrumb"},"inLanguage":"es","potentialAction":[{"@type":"ReadAction","target":["https:\/\/loanstar.com\/es\/terminos-y-condiciones\/"]}]},{"@type":"BreadcrumbList","@id":"https:\/\/loanstar.com\/es\/terminos-y-condiciones\/#breadcrumb","itemListElement":[{"@type":"ListItem","position":1,"name":"Espa\u00f1a","item":"https:\/\/loanstar.com\/es\/"},{"@type":"ListItem","position":2,"name":"T\u00e9rminos y Condiciones"}]},{"@type":"WebSite","@id":"https:\/\/loanstar.com\/es\/#website","url":"https:\/\/loanstar.com\/es\/","name":"LoanStar Espa\u00f1a","description":"Comparar pr\u00e9stamos","potentialAction":[{"@type":"SearchAction","target":{"@type":"EntryPoint","urlTemplate":"https:\/\/loanstar.com\/es\/?s={search_term_string}"},"query-input":"required name=search_term_string"}],"inLanguage":"es"}]}},"_links":{"self":[{"href":"https:\/\/loanstar.com\/es\/wp-json\/wp\/v2\/pages\/280"}],"collection":[{"href":"https:\/\/loanstar.com\/es\/wp-json\/wp\/v2\/pages"}],"about":[{"href":"https:\/\/loanstar.com\/es\/wp-json\/wp\/v2\/types\/page"}],"author":[{"embeddable":true,"href":"https:\/\/loanstar.com\/es\/wp-json\/wp\/v2\/users\/1"}],"replies":[{"embeddable":true,"href":"https:\/\/loanstar.com\/es\/wp-json\/wp\/v2\/comments?post=280"}],"version-history":[{"count":2,"href":"https:\/\/loanstar.com\/es\/wp-json\/wp\/v2\/pages\/280\/revisions"}],"predecessor-version":[{"id":513,"href":"https:\/\/loanstar.com\/es\/wp-json\/wp\/v2\/pages\/280\/revisions\/513"}],"wp:attachment":[{"href":"https:\/\/loanstar.com\/es\/wp-json\/wp\/v2\/media?parent=280"}],"curies":[{"name":"wp","href":"https:\/\/api.w.org\/{rel}","templated":true}]}}