{"id":279,"date":"2018-10-24T08:56:02","date_gmt":"2018-10-24T08:56:02","guid":{"rendered":"http:\/\/loanstar.com\/es\/?page_id=279"},"modified":"2019-06-14T15:27:28","modified_gmt":"2019-06-14T15:27:28","slug":"politica-de-privacidad","status":"publish","type":"page","link":"https:\/\/loanstar.com\/es\/politica-de-privacidad\/","title":{"rendered":"Pol\u00edtica de privacidad"},"content":{"rendered":"<p>Fecha efectiva: 16 de octubre de 2018.<\/p>\n<p>Digital Takeover, LTD\u00a0 opera nuestro sitio web\u00a0<a href=\"http:\/\/loanstar.com\/es\/\">http:\/\/loanstar.com\/es\/<\/a><\/p>\n<p>Esta p\u00e1gina le informa sobre nuestras pol\u00edticas con respecto a la recopilaci\u00f3n, el uso y la divulgaci\u00f3n de datos personales cuando utiliza nuestro Servicio y las opciones que tiene asociadas con esos datos.<\/p>\n<p>Utilizamos sus datos para proporcionar y mejorar el Servicio. Al utilizar el Servicio, usted acepta la recopilaci\u00f3n y el uso de la informaci\u00f3n de acuerdo con esta pol\u00edtica. A menos que se defina lo contrario en esta Pol\u00edtica de Privacidad, los t\u00e9rminos utilizados en ella tienen los mismos significados que en nuestros T\u00e9rminos y Condiciones.<\/p>\n<h2>Recopilaci\u00f3n y uso de informaci\u00f3n<\/h2>\n<p>Recopilamos diferentes tipos de informaci\u00f3n con diversos fines para proporcionarle nuestro servicio y mejorarlo.<\/p>\n<h2>Tipos de datos recogidos<\/h2>\n<h4>Informaci\u00f3n personal<\/h4>\n<p>Mientras usa nuestro servicio, podemos pedirle que nos proporcione cierta informaci\u00f3n de identificaci\u00f3n personal que pueda usarse para contactarlo o identificarlo (\u00abDatos personales\u00bb). La informaci\u00f3n de identificaci\u00f3n personal es la siguiente:<br \/>\n\t<div class=\"list-ticks-secondary\">\r\n\t\t<ul>\n<li style=\"list-style-type: none\">\n<ul>\n<li>Direcci\u00f3n de correo electr\u00f3nico.<\/li>\n<li>Nombre y apellido.<\/li>\n<li><em>Cookies<\/em> y datos de uso.<\/li>\n<\/ul>\n<\/li>\n<\/ul>\n\t<\/div><!-- \/.list-ticks -->\r\n\t\n<h4>Datos de uso<\/h4>\n<p>Tambi\u00e9n podemos recopilar informaci\u00f3n sobre c\u00f3mo se accede y se utiliza el Servicio (\u00abDatos de uso\u00bb). Estos datos de uso pueden incluir informaci\u00f3n como la direcci\u00f3n del Protocolo de Internet de su ordenador (por ejemplo, la direcci\u00f3n IP), el tipo de navegador, la versi\u00f3n del navegador, las p\u00e1ginas de nuestro servicio que visita, la fecha y hora de su visita, el tiempo dedicado a esas p\u00e1ginas, informaci\u00f3n exclusiva, identificadores de dispositivos y otros datos de diagn\u00f3stico.<\/p>\n<h4>Seguimiento y datos de <em>cookies<\/em><\/h4>\n<p>Utilizamos <em>cookies<\/em> y tecnolog\u00edas de seguimiento similares para rastrear la actividad en nuestro Servicio y retener cierta informaci\u00f3n.<\/p>\n<p>Las <em>cookies<\/em> son archivos con una peque\u00f1a cantidad de datos que pueden incluir un identificador \u00fanico an\u00f3nimo. Las <em>cookies<\/em> se env\u00edan a su navegador desde un sitio web y se almacenan en su dispositivo. Las tecnolog\u00edas de seguimiento tambi\u00e9n se utilizan como balizas, etiquetas y secuencias de comandos para recopilar y realizar un seguimiento de la informaci\u00f3n y para mejorar y analizar nuestro Servicio.<\/p>\n<p>Puede indicar a su navegador que rechace todas las <em>cookies<\/em> o que indique cu\u00e1ndo se est\u00e1 enviando una <em>cookie<\/em>. Sin embargo, si no acepta las <em>cookies<\/em>, es posible que no pueda utilizar algunas partes de nuestro Servicio.<\/p>\n<p>Ejemplos de <em>cookies<\/em> que utilizamos:<br \/>\n\t<div class=\"list-ticks-secondary\">\r\n\t\t<ul>\n<li><strong><em>Cookies<\/em> de sesi\u00f3n.<\/strong> Utilizamos <em>cookies<\/em> de sesi\u00f3n para operar nuestro servicio.<\/li>\n<li><strong><em>Cookies<\/em> de preferencia.<\/strong> Utilizamos <em>cookies<\/em> de preferencia para recordar sus preferencias y varias configuraciones.<\/li>\n<li><strong><em>Cookies<\/em> de seguridad<\/strong>. Utilizamos <em>cookies<\/em> de seguridad con fines de seguridad para todos.<\/li>\n<\/ul>\n\t<\/div><!-- \/.list-ticks -->\r\n\t\n<h2>Uso de datos<\/h2>\n<p>Digital Takeover, LTD utiliza los datos recopilados con diferentes prop\u00f3sitos:<br \/>\n\t<div class=\"list-ticks-secondary\">\r\n\t\t<ul>\n<li>Proveer y mantener el Servicio.<\/li>\n<li>Para notificarle sobre cambios en nuestro Servicio.<\/li>\n<li>Para permitirle participar en las funciones interactivas de nuestro Servicio cuando elija hacerlo.<\/li>\n<li>Brindar atenci\u00f3n y soporte al cliente.<\/li>\n<li>Proporcionar an\u00e1lisis o informaci\u00f3n valiosa para que podamos mejorar el Servicio.<\/li>\n<li>Para controlar el uso del Servicio.<\/li>\n<li>Detectar, prevenir y abordar problemas t\u00e9cnicos.<\/li>\n<\/ul>\n\t<\/div><!-- \/.list-ticks -->\r\n\t\n<h2>Transferencia de datos<\/h2>\n<p>Su informaci\u00f3n, incluidos los Datos personales, puede transferirse y mantenerse en computadoras ubicadas fuera de su estado, provincia, pa\u00eds u otra jurisdicci\u00f3n gubernamental donde las leyes de protecci\u00f3n de datos pueden diferir de las de su jurisdicci\u00f3n.<\/p>\n<p>Si se encuentra fuera de Malta y decide proporcionarnos informaci\u00f3n, tenga en cuenta que transferimos los datos, incluidos los Datos personales a Malta y los procesamos all\u00ed.<\/p>\n<p>Su consentimiento a esta Pol\u00edtica de privacidad seguido por el env\u00edo de dicha informaci\u00f3n representa su acuerdo a esa transferencia.<\/p>\n<p>Digital Takeover, LTD tomar\u00e1 todas las medidas razonablemente necesarias para garantizar que sus datos se traten de forma segura y de acuerdo con esta Pol\u00edtica de privacidad y no se transferir\u00e1n sus datos personales a una organizaci\u00f3n o pa\u00eds a menos que haya controles adecuados, incluidos Seguridad de sus datos y otra informaci\u00f3n personal.<\/p>\n<h2>Divulgaci\u00f3n de datos<\/h2>\n<h3>Requerimientos legales<\/h3>\n<p>Digital Takeover, LTD puede revelar sus datos personales con la creencia de buena fe de que dicha acci\u00f3n es necesaria para:<br \/>\n\t<div class=\"list-ticks-secondary\">\r\n\t\t<ul>\n<li>Cumplir con una obligaci\u00f3n legal.<\/li>\n<li>Para proteger y defender los derechos o propiedad de Digital Takeover, LTD<\/li>\n<li>Para prevenir o investigar posibles irregularidades en relaci\u00f3n con el Servicio<\/li>\n<li>Para proteger la seguridad personal de los usuarios del Servicio o del p\u00fablico.<\/li>\n<\/ul>\n\t<\/div><!-- \/.list-ticks -->\r\n\t\n<h2>Seguridad de los datos<\/h2>\n<p>La seguridad de sus datos es importante para nosotros, pero recuerde que ning\u00fan m\u00e9todo de transmisi\u00f3n a trav\u00e9s de Internet o de almacenamiento electr\u00f3nico es 100% seguro. Si bien nos esforzamos por utilizar medios comercialmente aceptables para proteger sus datos personales, no podemos garantizar su absoluta seguridad.<\/p>\n<h2>Proveedores de servicio<\/h2>\n<p>Es posible que contratemos a terceros para facilitar nuestro Servicio (\u00abProveedores de Servicios\u00bb), para proporcionar el Servicio en nuestro nombre, para realizar servicios relacionados con el Servicio o para ayudarnos a analizar c\u00f3mo se utiliza nuestro Servicio.<\/p>\n<p>Estos terceros tienen acceso a sus Datos personales s\u00f3lo para realizar estas tareas en nuestro nombre y est\u00e1n obligados a no divulgarlos ni utilizarlos para ning\u00fan otro fin.<\/p>\n<h3>Anal\u00edtica<\/h3>\n<p>Podemos utilizar proveedores de servicios externos para monitorear y analizar el uso de nuestro Servicio.<\/p>\n<ul>\n<li><strong>Google Analytics<\/strong><\/li>\n<\/ul>\n<p>Google Analytics es un servicio de an\u00e1lisis web ofrecido por Google que rastrea e informa sobre el tr\u00e1fico del sitio web. Google utiliza los datos recopilados para rastrear y monitorear el uso de nuestro Servicio. Estos datos se comparten con otros servicios de Google. Google puede utilizar los datos recopilados para contextualizar y personalizar los anuncios de su propia red de publicidad.<\/p>\n<p>Puede optar por dejar de hacer que su actividad en el Servicio est\u00e9 disponible para Google Analytics mediante la instalaci\u00f3n del complemento de exclusi\u00f3n de Google Analytics. El complemento impide que Google Analytics JavaScript (ga.js, analytics.js y dc.js) comparta informaci\u00f3n con Google Analytics sobre la actividad de las visitas.<\/p>\n<p>Para obtener m\u00e1s informaci\u00f3n sobre las pr\u00e1cticas de privacidad de Google, visite la p\u00e1gina web de T\u00e9rminos y Privacidad de Google: <a href=\"https:\/\/policies.google.com\/privacy?hl=es\">https:\/\/policies.google.com\/privacy?hl=es<\/a><\/p>\n<h2>Enlaces a otros sitios<\/h2>\n<p>Nuestro Servicio puede contener enlaces a otros sitios que no son operados por nosotros. Si hace clic en el enlace de un tercero, se le dirigir\u00e1 al sitio de ese tercero. Le recomendamos encarecidamente que revise la Pol\u00edtica de Privacidad de cada sitio que visite.<\/p>\n<p>No tenemos control ni asumimos responsabilidad alguna por el contenido, las pol\u00edticas de privacidad o las pr\u00e1cticas de los sitios o servicios de terceros.<\/p>\n<h2>Privacidad de los ni\u00f1os<\/h2>\n<p>Nuestro Servicio no se dirige a personas menores de 18 a\u00f1os.<\/p>\n<p>No recopilamos a sabiendas informaci\u00f3n de identificaci\u00f3n personal de ninguna persona menor de 18 a\u00f1os. Si usted es padre o tutor y sabe que sus hijos nos han proporcionado datos personales, comun\u00edquese con nosotros. Si nos damos cuenta de que hemos recopilado datos personales de ni\u00f1os sin la verificaci\u00f3n del consentimiento de los padres, tomamos medidas para eliminar esa informaci\u00f3n de nuestros servidores.<\/p>\n<h2>Cambios en esta pol\u00edtica de privacidad<\/h2>\n<p>Podemos actualizar nuestra Pol\u00edtica de Privacidad de vez en cuando. Le notificaremos cualquier cambio mediante la publicaci\u00f3n de la nueva Pol\u00edtica de privacidad en esta p\u00e1gina.<\/p>\n<p>Le informaremos por correo electr\u00f3nico y \/ o un aviso destacado en nuestro Servicio, antes de que el cambio entre en vigor y actualizaremos la \u00abfecha de vigencia\u00bb en la parte superior de esta Pol\u00edtica de privacidad.<\/p>\n<p>Se recomienda revisar esta Pol\u00edtica de privacidad peri\u00f3dicamente para detectar cualquier cambio. Los cambios a esta Pol\u00edtica de privacidad son efectivos cuando se publican en esta p\u00e1gina.<\/p>\n<h2>Cont\u00e1ctenos<\/h2>\n<p>Si tiene alguna pregunta sobre esta Pol\u00edtica de Privacidad, cont\u00e1ctenos:<\/p>\n<p>Por correo electr\u00f3nico: hi@digitaltakeover.org<\/p>\n","protected":false},"excerpt":{"rendered":"<p>Fecha efectiva: 16 de octubre de 2018. Digital Takeover, LTD\u00a0 opera nuestro sitio web\u00a0http:\/\/loanstar.com\/es\/ Esta p\u00e1gina le informa sobre nuestras&#8230;<\/p>\n","protected":false},"author":1,"featured_media":0,"parent":0,"menu_order":0,"comment_status":"closed","ping_status":"closed","template":"templates\/terms-of-use.php","meta":{"footnotes":""},"yoast_head":"<!-- This site is optimized with the Yoast SEO plugin v21.0 - https:\/\/yoast.com\/wordpress\/plugins\/seo\/ -->\n<title>Pol\u00edtica de privacidad - LoanStar Espa\u00f1a<\/title>\n<meta name=\"robots\" content=\"index, follow, max-snippet:-1, max-image-preview:large, max-video-preview:-1\" \/>\n<link rel=\"canonical\" href=\"https:\/\/loanstar.com\/es\/politica-de-privacidad\/\" \/>\n<meta property=\"og:locale\" content=\"es_ES\" \/>\n<meta property=\"og:type\" content=\"article\" \/>\n<meta property=\"og:title\" content=\"Pol\u00edtica de privacidad - LoanStar Espa\u00f1a\" \/>\n<meta property=\"og:description\" content=\"Fecha efectiva: 16 de octubre de 2018. Digital Takeover, LTD\u00a0 opera nuestro sitio web\u00a0http:\/\/loanstar.com\/es\/ Esta p\u00e1gina le informa sobre nuestras...\" \/>\n<meta property=\"og:url\" content=\"https:\/\/loanstar.com\/es\/politica-de-privacidad\/\" \/>\n<meta property=\"og:site_name\" content=\"LoanStar Espa\u00f1a\" \/>\n<meta property=\"article:modified_time\" content=\"2019-06-14T15:27:28+00:00\" \/>\n<meta name=\"twitter:card\" content=\"summary_large_image\" \/>\n<meta name=\"twitter:label1\" content=\"Tiempo de lectura\" \/>\n\t<meta name=\"twitter:data1\" content=\"7 minutos\" \/>\n<script type=\"application\/ld+json\" class=\"yoast-schema-graph\">{\"@context\":\"https:\/\/schema.org\",\"@graph\":[{\"@type\":\"WebPage\",\"@id\":\"https:\/\/loanstar.com\/es\/politica-de-privacidad\/\",\"url\":\"https:\/\/loanstar.com\/es\/politica-de-privacidad\/\",\"name\":\"Pol\u00edtica de privacidad - LoanStar Espa\u00f1a\",\"isPartOf\":{\"@id\":\"https:\/\/loanstar.com\/es\/#website\"},\"datePublished\":\"2018-10-24T08:56:02+00:00\",\"dateModified\":\"2019-06-14T15:27:28+00:00\",\"breadcrumb\":{\"@id\":\"https:\/\/loanstar.com\/es\/politica-de-privacidad\/#breadcrumb\"},\"inLanguage\":\"es\",\"potentialAction\":[{\"@type\":\"ReadAction\",\"target\":[\"https:\/\/loanstar.com\/es\/politica-de-privacidad\/\"]}]},{\"@type\":\"BreadcrumbList\",\"@id\":\"https:\/\/loanstar.com\/es\/politica-de-privacidad\/#breadcrumb\",\"itemListElement\":[{\"@type\":\"ListItem\",\"position\":1,\"name\":\"Espa\u00f1a\",\"item\":\"https:\/\/loanstar.com\/es\/\"},{\"@type\":\"ListItem\",\"position\":2,\"name\":\"Pol\u00edtica de privacidad\"}]},{\"@type\":\"WebSite\",\"@id\":\"https:\/\/loanstar.com\/es\/#website\",\"url\":\"https:\/\/loanstar.com\/es\/\",\"name\":\"LoanStar Espa\u00f1a\",\"description\":\"Comparar pr\u00e9stamos\",\"potentialAction\":[{\"@type\":\"SearchAction\",\"target\":{\"@type\":\"EntryPoint\",\"urlTemplate\":\"https:\/\/loanstar.com\/es\/?s={search_term_string}\"},\"query-input\":\"required name=search_term_string\"}],\"inLanguage\":\"es\"}]}<\/script>\n<!-- \/ Yoast SEO plugin. -->","yoast_head_json":{"title":"Pol\u00edtica de privacidad - LoanStar Espa\u00f1a","robots":{"index":"index","follow":"follow","max-snippet":"max-snippet:-1","max-image-preview":"max-image-preview:large","max-video-preview":"max-video-preview:-1"},"canonical":"https:\/\/loanstar.com\/es\/politica-de-privacidad\/","og_locale":"es_ES","og_type":"article","og_title":"Pol\u00edtica de privacidad - LoanStar Espa\u00f1a","og_description":"Fecha efectiva: 16 de octubre de 2018. Digital Takeover, LTD\u00a0 opera nuestro sitio web\u00a0http:\/\/loanstar.com\/es\/ Esta p\u00e1gina le informa sobre nuestras...","og_url":"https:\/\/loanstar.com\/es\/politica-de-privacidad\/","og_site_name":"LoanStar Espa\u00f1a","article_modified_time":"2019-06-14T15:27:28+00:00","twitter_card":"summary_large_image","twitter_misc":{"Tiempo de lectura":"7 minutos"},"schema":{"@context":"https:\/\/schema.org","@graph":[{"@type":"WebPage","@id":"https:\/\/loanstar.com\/es\/politica-de-privacidad\/","url":"https:\/\/loanstar.com\/es\/politica-de-privacidad\/","name":"Pol\u00edtica de privacidad - LoanStar Espa\u00f1a","isPartOf":{"@id":"https:\/\/loanstar.com\/es\/#website"},"datePublished":"2018-10-24T08:56:02+00:00","dateModified":"2019-06-14T15:27:28+00:00","breadcrumb":{"@id":"https:\/\/loanstar.com\/es\/politica-de-privacidad\/#breadcrumb"},"inLanguage":"es","potentialAction":[{"@type":"ReadAction","target":["https:\/\/loanstar.com\/es\/politica-de-privacidad\/"]}]},{"@type":"BreadcrumbList","@id":"https:\/\/loanstar.com\/es\/politica-de-privacidad\/#breadcrumb","itemListElement":[{"@type":"ListItem","position":1,"name":"Espa\u00f1a","item":"https:\/\/loanstar.com\/es\/"},{"@type":"ListItem","position":2,"name":"Pol\u00edtica de privacidad"}]},{"@type":"WebSite","@id":"https:\/\/loanstar.com\/es\/#website","url":"https:\/\/loanstar.com\/es\/","name":"LoanStar Espa\u00f1a","description":"Comparar pr\u00e9stamos","potentialAction":[{"@type":"SearchAction","target":{"@type":"EntryPoint","urlTemplate":"https:\/\/loanstar.com\/es\/?s={search_term_string}"},"query-input":"required name=search_term_string"}],"inLanguage":"es"}]}},"_links":{"self":[{"href":"https:\/\/loanstar.com\/es\/wp-json\/wp\/v2\/pages\/279"}],"collection":[{"href":"https:\/\/loanstar.com\/es\/wp-json\/wp\/v2\/pages"}],"about":[{"href":"https:\/\/loanstar.com\/es\/wp-json\/wp\/v2\/types\/page"}],"author":[{"embeddable":true,"href":"https:\/\/loanstar.com\/es\/wp-json\/wp\/v2\/users\/1"}],"replies":[{"embeddable":true,"href":"https:\/\/loanstar.com\/es\/wp-json\/wp\/v2\/comments?post=279"}],"version-history":[{"count":2,"href":"https:\/\/loanstar.com\/es\/wp-json\/wp\/v2\/pages\/279\/revisions"}],"predecessor-version":[{"id":514,"href":"https:\/\/loanstar.com\/es\/wp-json\/wp\/v2\/pages\/279\/revisions\/514"}],"wp:attachment":[{"href":"https:\/\/loanstar.com\/es\/wp-json\/wp\/v2\/media?parent=279"}],"curies":[{"name":"wp","href":"https:\/\/api.w.org\/{rel}","templated":true}]}}