{"id":278,"date":"2018-10-24T08:50:34","date_gmt":"2018-10-24T08:50:34","guid":{"rendered":"http:\/\/loanstar.com\/es\/?page_id=278"},"modified":"2019-06-19T18:29:40","modified_gmt":"2019-06-19T18:29:40","slug":"cookies","status":"publish","type":"page","link":"https:\/\/loanstar.com\/es\/cookies\/","title":{"rendered":"Cookies"},"content":{"rendered":"<p>Esta es la Pol\u00edtica de <em>cookies<\/em> para LoanStar, accesible desde\u00a0<a href=\"http:\/\/loanstar.com\/es\/\">http:\/\/loanstar.com\/es\/<\/a><\/p>\n<h2>Qu\u00e9 son las <em>Cookies<\/em><\/h2>\n<p>Como es habitual en casi todos los sitios web profesionales, este sitio utiliza <em>cookies<\/em>, que son peque\u00f1os archivos que se descargan en tu ordenador, para mejorar tu experiencia. Esta p\u00e1gina describe qu\u00e9 informaci\u00f3n recopilan, c\u00f3mo la usamos y por qu\u00e9 a veces necesitamos almacenar estas <em>cookies<\/em>. Tambi\u00e9n compartiremos c\u00f3mo puede evitar que estas <em>cookies<\/em> se almacenen, sin embargo, esto puede degradar o \u00abromper\u00bb ciertos elementos de la funcionalidad de los sitios.<\/p>\n<p>Para obtener m\u00e1s informaci\u00f3n general sobre las <em>cookies<\/em>, consulte el <a href=\"https:\/\/es.wikipedia.org\/wiki\/Cookie_(inform%C3%A1tica)\">art\u00edculo de Wikipedia sobre las cookies.<\/a><\/p>\n<h2>C\u00f3mo utilizamos las <em>Cookies<\/em><\/h2>\n<p>Usamos <em>cookies<\/em> por una variedad de razones que se detallan a continuaci\u00f3n. Desafortunadamente, en la mayor\u00eda de los casos, no hay opciones est\u00e1ndar de la industria para deshabilitar las <em>cookies<\/em> sin deshabilitar completamente la funcionalidad y las funciones que agregan a este sitio. Se recomienda que deje todas las <em>cookies<\/em> si no est\u00e1 seguro de si las necesita o no en caso de que se utilicen para proporcionar un servicio que usted est\u00e1 utilizando.<\/p>\n<h2>Desactivar las <em>Cookies<\/em><\/h2>\n<p>Puede evitar la configuraci\u00f3n de <em>cookies<\/em> ajustando la configuraci\u00f3n de su navegador (consulte la Ayuda de su navegador para saber c\u00f3mo hacerlo). Tenga en cuenta que la desactivaci\u00f3n de las <em>cookies<\/em> afectar\u00e1 la funcionalidad de este y muchos otros sitios web que visite. Por lo general, deshabilitar las <em>cookies<\/em> tambi\u00e9n deshabilitar\u00e1 ciertas funciones y funciones de este sitio. Por lo tanto, se recomienda que no deshabilite las <em>cookies<\/em>.<\/p>\n<h2>Las <em>Cookies<\/em> que establecemos<\/h2>\n<p><em>Cookies<\/em> de preferencias del sitio; para proporcionarle una gran experiencia en este sitio, le proporcionamos la funcionalidad para configurar sus preferencias sobre c\u00f3mo se ejecuta este sitio cuando le da uso. Para recordar sus preferencias, necesitamos configurar <em>cookies<\/em> para que se recuerde esta informaci\u00f3n cuando interact\u00fae con una p\u00e1gina que se vea afectada por sus preferencias.<\/p>\n<h2><em>Cookies<\/em> de Terceros<\/h2>\n<p>En algunos casos especiales tambi\u00e9n utilizamos <em>cookies<\/em> proporcionadas por terceros de confianza. La siguiente secci\u00f3n detalla qu\u00e9 <em>cookies<\/em> de terceros puedes encontrar en este sitio.<\/p>\n<p>Este sitio utiliza <strong>Google Analytics<\/strong>, que es una de las soluciones de an\u00e1lisis m\u00e1s extendidas y confiables en la web, para ayudarnos a comprender c\u00f3mo usa el sitio y c\u00f3mo podemos mejorar su experiencia. Estas <em>cookies<\/em> pueden rastrear cosas como el tiempo que pasa en el sitio y las p\u00e1ginas que visita para que podamos continuar produciendo contenido atractivo. Para obtener m\u00e1s informaci\u00f3n sobre las <em>cookies<\/em> de Google Analytics, consulte la p\u00e1gina oficial de Google Analytics.<\/p>\n<p>De vez en cuando probamos nuevas funciones y hacemos cambios sutiles en la forma en que se visualiza el sitio. Cuando a\u00fan estamos probando nuevas funciones, estas <em>cookies<\/em> se pueden usar para asegurar que usted reciba una experiencia constante mientras est\u00e9 en el sitio, al tiempo que nos aseguramos de comprender qu\u00e9 optimizaciones aprecian m\u00e1s nuestros usuarios.<\/p>\n<p>Tambi\u00e9n utilizamos botones de redes sociales y\/o complementos que le permiten conectarse con su red social de diferentes maneras. Para que estos funcionen, los siguientes sitios de redes sociales; Facebook and Twitter, establecer\u00e1n <em>cookies<\/em> a trav\u00e9s de nuestro sitio que se pueden usar para mejorar su perfil o contribuir a los datos que poseen para diversos fines descritos en su respectivas pol\u00edticas de privacidad.<\/p>\n<h2>M\u00e1s informaci\u00f3n<\/h2>\n<p>Esperamos que esto le haya aclarado las cosas y, como se mencion\u00f3 anteriormente, si hay algo de lo que no est\u00e1 seguro de si lo necesita o no, por lo general es m\u00e1s seguro dejar las <em>cookies<\/em> habilitadas en caso de que interact\u00fae con una de las funciones que utiliza en nuestro sitio.<\/p>\n<p>Sin embargo, si a\u00fan est\u00e1 buscando m\u00e1s informaci\u00f3n, puede contactarnos a trav\u00e9s de:<\/p>\n<p>Correo electr\u00f3nico: hi@digitaltakeover.org<\/p>\n","protected":false},"excerpt":{"rendered":"<p>Esta es la Pol\u00edtica de cookies para LoanStar, accesible desde\u00a0http:\/\/loanstar.com\/es\/ Qu\u00e9 son las Cookies Como es habitual en casi todos&#8230;<\/p>\n","protected":false},"author":1,"featured_media":0,"parent":0,"menu_order":0,"comment_status":"closed","ping_status":"closed","template":"templates\/terms-of-use.php","meta":{"footnotes":""},"yoast_head":"<!-- This site is optimized with the Yoast SEO plugin v21.0 - https:\/\/yoast.com\/wordpress\/plugins\/seo\/ -->\n<title>Cookies - LoanStar Espa\u00f1a<\/title>\n<meta name=\"robots\" content=\"noindex, follow\" \/>\n<meta property=\"og:locale\" content=\"es_ES\" \/>\n<meta property=\"og:type\" content=\"article\" \/>\n<meta property=\"og:title\" content=\"Cookies - LoanStar Espa\u00f1a\" \/>\n<meta property=\"og:description\" content=\"Esta es la Pol\u00edtica de cookies para LoanStar, accesible desde\u00a0http:\/\/loanstar.com\/es\/ Qu\u00e9 son las Cookies Como es habitual en casi todos...\" \/>\n<meta property=\"og:url\" content=\"https:\/\/loanstar.com\/es\/cookies\/\" \/>\n<meta property=\"og:site_name\" content=\"LoanStar Espa\u00f1a\" \/>\n<meta property=\"article:modified_time\" content=\"2019-06-19T18:29:40+00:00\" \/>\n<meta name=\"twitter:card\" content=\"summary_large_image\" \/>\n<meta name=\"twitter:label1\" content=\"Tiempo de lectura\" \/>\n\t<meta name=\"twitter:data1\" content=\"3 minutos\" \/>\n<script type=\"application\/ld+json\" class=\"yoast-schema-graph\">{\"@context\":\"https:\/\/schema.org\",\"@graph\":[{\"@type\":\"WebPage\",\"@id\":\"https:\/\/loanstar.com\/es\/cookies\/\",\"url\":\"https:\/\/loanstar.com\/es\/cookies\/\",\"name\":\"Cookies - LoanStar Espa\u00f1a\",\"isPartOf\":{\"@id\":\"https:\/\/loanstar.com\/es\/#website\"},\"datePublished\":\"2018-10-24T08:50:34+00:00\",\"dateModified\":\"2019-06-19T18:29:40+00:00\",\"breadcrumb\":{\"@id\":\"https:\/\/loanstar.com\/es\/cookies\/#breadcrumb\"},\"inLanguage\":\"es\",\"potentialAction\":[{\"@type\":\"ReadAction\",\"target\":[\"https:\/\/loanstar.com\/es\/cookies\/\"]}]},{\"@type\":\"BreadcrumbList\",\"@id\":\"https:\/\/loanstar.com\/es\/cookies\/#breadcrumb\",\"itemListElement\":[{\"@type\":\"ListItem\",\"position\":1,\"name\":\"Espa\u00f1a\",\"item\":\"https:\/\/loanstar.com\/es\/\"},{\"@type\":\"ListItem\",\"position\":2,\"name\":\"Cookies\"}]},{\"@type\":\"WebSite\",\"@id\":\"https:\/\/loanstar.com\/es\/#website\",\"url\":\"https:\/\/loanstar.com\/es\/\",\"name\":\"LoanStar Espa\u00f1a\",\"description\":\"Comparar pr\u00e9stamos\",\"potentialAction\":[{\"@type\":\"SearchAction\",\"target\":{\"@type\":\"EntryPoint\",\"urlTemplate\":\"https:\/\/loanstar.com\/es\/?s={search_term_string}\"},\"query-input\":\"required name=search_term_string\"}],\"inLanguage\":\"es\"}]}<\/script>\n<!-- \/ Yoast SEO plugin. -->","yoast_head_json":{"title":"Cookies - LoanStar Espa\u00f1a","robots":{"index":"noindex","follow":"follow"},"og_locale":"es_ES","og_type":"article","og_title":"Cookies - LoanStar Espa\u00f1a","og_description":"Esta es la Pol\u00edtica de cookies para LoanStar, accesible desde\u00a0http:\/\/loanstar.com\/es\/ Qu\u00e9 son las Cookies Como es habitual en casi todos...","og_url":"https:\/\/loanstar.com\/es\/cookies\/","og_site_name":"LoanStar Espa\u00f1a","article_modified_time":"2019-06-19T18:29:40+00:00","twitter_card":"summary_large_image","twitter_misc":{"Tiempo de lectura":"3 minutos"},"schema":{"@context":"https:\/\/schema.org","@graph":[{"@type":"WebPage","@id":"https:\/\/loanstar.com\/es\/cookies\/","url":"https:\/\/loanstar.com\/es\/cookies\/","name":"Cookies - LoanStar Espa\u00f1a","isPartOf":{"@id":"https:\/\/loanstar.com\/es\/#website"},"datePublished":"2018-10-24T08:50:34+00:00","dateModified":"2019-06-19T18:29:40+00:00","breadcrumb":{"@id":"https:\/\/loanstar.com\/es\/cookies\/#breadcrumb"},"inLanguage":"es","potentialAction":[{"@type":"ReadAction","target":["https:\/\/loanstar.com\/es\/cookies\/"]}]},{"@type":"BreadcrumbList","@id":"https:\/\/loanstar.com\/es\/cookies\/#breadcrumb","itemListElement":[{"@type":"ListItem","position":1,"name":"Espa\u00f1a","item":"https:\/\/loanstar.com\/es\/"},{"@type":"ListItem","position":2,"name":"Cookies"}]},{"@type":"WebSite","@id":"https:\/\/loanstar.com\/es\/#website","url":"https:\/\/loanstar.com\/es\/","name":"LoanStar Espa\u00f1a","description":"Comparar pr\u00e9stamos","potentialAction":[{"@type":"SearchAction","target":{"@type":"EntryPoint","urlTemplate":"https:\/\/loanstar.com\/es\/?s={search_term_string}"},"query-input":"required name=search_term_string"}],"inLanguage":"es"}]}},"_links":{"self":[{"href":"https:\/\/loanstar.com\/es\/wp-json\/wp\/v2\/pages\/278"}],"collection":[{"href":"https:\/\/loanstar.com\/es\/wp-json\/wp\/v2\/pages"}],"about":[{"href":"https:\/\/loanstar.com\/es\/wp-json\/wp\/v2\/types\/page"}],"author":[{"embeddable":true,"href":"https:\/\/loanstar.com\/es\/wp-json\/wp\/v2\/users\/1"}],"replies":[{"embeddable":true,"href":"https:\/\/loanstar.com\/es\/wp-json\/wp\/v2\/comments?post=278"}],"version-history":[{"count":2,"href":"https:\/\/loanstar.com\/es\/wp-json\/wp\/v2\/pages\/278\/revisions"}],"predecessor-version":[{"id":515,"href":"https:\/\/loanstar.com\/es\/wp-json\/wp\/v2\/pages\/278\/revisions\/515"}],"wp:attachment":[{"href":"https:\/\/loanstar.com\/es\/wp-json\/wp\/v2\/media?parent=278"}],"curies":[{"name":"wp","href":"https:\/\/api.w.org\/{rel}","templated":true}]}}