{"id":175,"date":"2018-10-01T14:43:59","date_gmt":"2018-10-01T14:43:59","guid":{"rendered":"http:\/\/loanstar.com\/es\/?page_id=175"},"modified":"2019-06-14T15:11:43","modified_gmt":"2019-06-14T15:11:43","slug":"acerca","status":"publish","type":"page","link":"https:\/\/loanstar.com\/es\/acerca\/","title":{"rendered":"Acerca de LoanStar"},"content":{"rendered":"<p>Descubre c\u00f3mo entregamos soluciones personalizadas para ayudarte a encontrar las mejores ofertas en pr\u00e9stamos.<\/p>\n<h2>Acerca de LoanStar<\/h2>\n<p>LoanStar es tu sitio perfecto para encontrar rese\u00f1as sobre pr\u00e9stamos disponibles en el mercado. Si est\u00e1s buscando un pr\u00e9stamo para adquirir un coche, iniciar un negocio, un avance de dinero o un pr\u00e9stamo personal, con LoanStar encontrar\u00e1s la mejor opci\u00f3n del mercado.<\/p>\n<p>Nuestras rese\u00f1as incluyen todo tipo de compa\u00f1\u00edas, grandes y peque\u00f1as, y ponemos a tu disposici\u00f3n comparaciones con tan s\u00f3lo pulsar un clic. En s\u00f3lo unos segundos tendr\u00e1s una amplia gama de pr\u00e9stamos para escoger.<\/p>\n<h2>La diferencia de LoanStar<\/h2>\n<p>En LoanStar, nuestra principal misi\u00f3n es ayudar a nuestros clientes a encontrar las mejores ofertas de pr\u00e9stamos. Aspiramos a cubrir tus necesidades ofreci\u00e9ndote:<br \/>\n\t<div class=\"list-ticks-secondary\">\r\n\t\t<ul>\n<li><em>Servicio \u00e1gil<\/em>: tendr\u00e1s opciones de pr\u00e9stamos al alcance de tu mano en s\u00f3lo segundos. Adem\u00e1s, puedes agregar filtros a los resultados para obtener una b\u00fasqueda m\u00e1s espec\u00edfica.<\/li>\n<li><em>Rese\u00f1as f\u00e1ciles de visualizar<\/em>: no tendr\u00e1s que revisar extensos textos para encontrar lo que necesitas.<\/li>\n<li>Nuestro contenido est\u00e1 presentado de un modo <em>f\u00e1cil de revisar y analizar<\/em>, para que puedas tomar una decisi\u00f3n informada.<\/li>\n<li><em>Comparaciones exhaustivas e imparciales<\/em>: a diferencia de nuestros competidores, en LoanStar utilizamos rese\u00f1as de usuarios independientes para calificar y comparar las opciones enumeradas.<\/li>\n<li>No existe <em>ning\u00fan cobro cuando hacemos recomendaciones<\/em> a nuestros lectores.<\/li>\n<li><em>Enfoque integral<\/em>: somos m\u00e1s que un sitio de comparaciones de pr\u00e9stamos. Aspiramos a educarte sobre los pros y contras de los pr\u00e9stamos para que puedas planificar tus finanzas de manera segura.<\/li>\n<\/ul>\n\t<\/div><!-- \/.list-ticks -->\r\n\t\nAs\u00ed que si has estado buscando el pr\u00e9stamo ideal y no has tenido \u00e9xito, est\u00e1s en el lugar indicado.<\/p>\n<p>Esperamos poder ofrecerte las mejores soluciones individuales y seguir prest\u00e1ndote servicios en los pr\u00f3ximos a\u00f1os.<\/p>\n","protected":false},"excerpt":{"rendered":"<p>Descubre c\u00f3mo entregamos soluciones personalizadas para ayudarte a encontrar las mejores ofertas en pr\u00e9stamos. Acerca de LoanStar LoanStar es tu&#8230;<\/p>\n","protected":false},"author":1,"featured_media":0,"parent":0,"menu_order":0,"comment_status":"closed","ping_status":"closed","template":"templates\/about-us.php","meta":{"footnotes":""},"yoast_head":"<!-- This site is optimized with the Yoast SEO plugin v21.0 - https:\/\/yoast.com\/wordpress\/plugins\/seo\/ -->\n<title>Acerca de LoanStar - LoanStar Espa\u00f1a<\/title>\n<meta name=\"robots\" content=\"noindex, follow\" \/>\n<meta property=\"og:locale\" content=\"es_ES\" \/>\n<meta property=\"og:type\" content=\"article\" \/>\n<meta property=\"og:title\" content=\"Acerca de LoanStar - LoanStar Espa\u00f1a\" \/>\n<meta property=\"og:description\" content=\"Descubre c\u00f3mo entregamos soluciones personalizadas para ayudarte a encontrar las mejores ofertas en pr\u00e9stamos. Acerca de LoanStar LoanStar es tu...\" \/>\n<meta property=\"og:url\" content=\"https:\/\/loanstar.com\/es\/acerca\/\" \/>\n<meta property=\"og:site_name\" content=\"LoanStar Espa\u00f1a\" \/>\n<meta property=\"article:modified_time\" content=\"2019-06-14T15:11:43+00:00\" \/>\n<meta name=\"twitter:card\" content=\"summary_large_image\" \/>\n<meta name=\"twitter:label1\" content=\"Tiempo de lectura\" \/>\n\t<meta name=\"twitter:data1\" content=\"2 minutos\" \/>\n<script type=\"application\/ld+json\" class=\"yoast-schema-graph\">{\"@context\":\"https:\/\/schema.org\",\"@graph\":[{\"@type\":\"WebPage\",\"@id\":\"https:\/\/loanstar.com\/es\/acerca\/\",\"url\":\"https:\/\/loanstar.com\/es\/acerca\/\",\"name\":\"Acerca de LoanStar - LoanStar Espa\u00f1a\",\"isPartOf\":{\"@id\":\"https:\/\/loanstar.com\/es\/#website\"},\"datePublished\":\"2018-10-01T14:43:59+00:00\",\"dateModified\":\"2019-06-14T15:11:43+00:00\",\"breadcrumb\":{\"@id\":\"https:\/\/loanstar.com\/es\/acerca\/#breadcrumb\"},\"inLanguage\":\"es\",\"potentialAction\":[{\"@type\":\"ReadAction\",\"target\":[\"https:\/\/loanstar.com\/es\/acerca\/\"]}]},{\"@type\":\"BreadcrumbList\",\"@id\":\"https:\/\/loanstar.com\/es\/acerca\/#breadcrumb\",\"itemListElement\":[{\"@type\":\"ListItem\",\"position\":1,\"name\":\"Espa\u00f1a\",\"item\":\"https:\/\/loanstar.com\/es\/\"},{\"@type\":\"ListItem\",\"position\":2,\"name\":\"Acerca de LoanStar\"}]},{\"@type\":\"WebSite\",\"@id\":\"https:\/\/loanstar.com\/es\/#website\",\"url\":\"https:\/\/loanstar.com\/es\/\",\"name\":\"LoanStar Espa\u00f1a\",\"description\":\"Comparar pr\u00e9stamos\",\"potentialAction\":[{\"@type\":\"SearchAction\",\"target\":{\"@type\":\"EntryPoint\",\"urlTemplate\":\"https:\/\/loanstar.com\/es\/?s={search_term_string}\"},\"query-input\":\"required name=search_term_string\"}],\"inLanguage\":\"es\"}]}<\/script>\n<!-- \/ Yoast SEO plugin. -->","yoast_head_json":{"title":"Acerca de LoanStar - LoanStar Espa\u00f1a","robots":{"index":"noindex","follow":"follow"},"og_locale":"es_ES","og_type":"article","og_title":"Acerca de LoanStar - LoanStar Espa\u00f1a","og_description":"Descubre c\u00f3mo entregamos soluciones personalizadas para ayudarte a encontrar las mejores ofertas en pr\u00e9stamos. Acerca de LoanStar LoanStar es tu...","og_url":"https:\/\/loanstar.com\/es\/acerca\/","og_site_name":"LoanStar Espa\u00f1a","article_modified_time":"2019-06-14T15:11:43+00:00","twitter_card":"summary_large_image","twitter_misc":{"Tiempo de lectura":"2 minutos"},"schema":{"@context":"https:\/\/schema.org","@graph":[{"@type":"WebPage","@id":"https:\/\/loanstar.com\/es\/acerca\/","url":"https:\/\/loanstar.com\/es\/acerca\/","name":"Acerca de LoanStar - LoanStar Espa\u00f1a","isPartOf":{"@id":"https:\/\/loanstar.com\/es\/#website"},"datePublished":"2018-10-01T14:43:59+00:00","dateModified":"2019-06-14T15:11:43+00:00","breadcrumb":{"@id":"https:\/\/loanstar.com\/es\/acerca\/#breadcrumb"},"inLanguage":"es","potentialAction":[{"@type":"ReadAction","target":["https:\/\/loanstar.com\/es\/acerca\/"]}]},{"@type":"BreadcrumbList","@id":"https:\/\/loanstar.com\/es\/acerca\/#breadcrumb","itemListElement":[{"@type":"ListItem","position":1,"name":"Espa\u00f1a","item":"https:\/\/loanstar.com\/es\/"},{"@type":"ListItem","position":2,"name":"Acerca de LoanStar"}]},{"@type":"WebSite","@id":"https:\/\/loanstar.com\/es\/#website","url":"https:\/\/loanstar.com\/es\/","name":"LoanStar Espa\u00f1a","description":"Comparar pr\u00e9stamos","potentialAction":[{"@type":"SearchAction","target":{"@type":"EntryPoint","urlTemplate":"https:\/\/loanstar.com\/es\/?s={search_term_string}"},"query-input":"required name=search_term_string"}],"inLanguage":"es"}]}},"_links":{"self":[{"href":"https:\/\/loanstar.com\/es\/wp-json\/wp\/v2\/pages\/175"}],"collection":[{"href":"https:\/\/loanstar.com\/es\/wp-json\/wp\/v2\/pages"}],"about":[{"href":"https:\/\/loanstar.com\/es\/wp-json\/wp\/v2\/types\/page"}],"author":[{"embeddable":true,"href":"https:\/\/loanstar.com\/es\/wp-json\/wp\/v2\/users\/1"}],"replies":[{"embeddable":true,"href":"https:\/\/loanstar.com\/es\/wp-json\/wp\/v2\/comments?post=175"}],"version-history":[{"count":4,"href":"https:\/\/loanstar.com\/es\/wp-json\/wp\/v2\/pages\/175\/revisions"}],"predecessor-version":[{"id":509,"href":"https:\/\/loanstar.com\/es\/wp-json\/wp\/v2\/pages\/175\/revisions\/509"}],"wp:attachment":[{"href":"https:\/\/loanstar.com\/es\/wp-json\/wp\/v2\/media?parent=175"}],"curies":[{"name":"wp","href":"https:\/\/api.w.org\/{rel}","templated":true}]}}