{"id":156,"date":"2018-09-21T09:08:32","date_gmt":"2018-09-21T09:08:32","guid":{"rendered":"http:\/\/loanstar.com\/es\/?page_id=156"},"modified":"2019-06-20T19:40:47","modified_gmt":"2019-06-20T19:40:47","slug":"tarjetas-credito","status":"publish","type":"page","link":"https:\/\/loanstar.com\/es\/tarjetas-credito\/","title":{"rendered":"Tarjetas de Cr\u00e9dito"},"content":{"rendered":"<h2>La proliferaci\u00f3n de las tarjetas de cr\u00e9dito<\/h2>\n<p><img decoding=\"async\" class=\"alignright size-full wp-image-21\" src=\"http:\/\/loanstar.com\/es\/wp-content\/uploads\/sites\/10\/2018\/09\/button_8.svg\" alt=\"button_8\" width=\"312\" \/>En la actualidad, las tarjetas de cr\u00e9dito se han convertido en el medio de pago electr\u00f3nico preferido y m\u00e1s utilizado por las personas para realizar compras alrededor del mundo. Esto se debe a su practicidad, pues evita el uso de efectivo (por lo cual es m\u00e1s seguro). Adem\u00e1s, estas tarjetas son aceptadas en casi todos los negocios de peque\u00f1o, mediano o gran tama\u00f1o.<\/p>\n<p>Todos los bancos, incluyendo desde los de mayor trayectoria y reputaci\u00f3n, hasta las entidades financieras y algunas tiendas particulares tienen su propia tarjeta de cr\u00e9dito, pues es tambi\u00e9n, una manera de conocer con m\u00e1s profundidad el perfil del consumidor, sus h\u00e1bitos y preferencias. La intenci\u00f3n es utilizar esos datos para adaptar las ofertas al perfil del cliente.<\/p>\n<h2>Responsabilidad y orden<\/h2>\n<p>Es necesario que el usuario entienda que el uso de las tarjetas de cr\u00e9dito supone adquirir una deuda a futuro, la cual debe ser asumida con la debida responsabilidad.<\/p>\n<p>Aconsejamos a los usuarios que sean conscientes en las compras y pagos que realizan con las tarjetas, ya que a menudo los clientes pierden la noci\u00f3n del importe de la deuda que van adquiriendo. Esto supone un problema futuro del cual no se percataron en el momento de realizar los gastos.<\/p>\n<p>Por ello, una medida \u00fatil para los usuarios de tarjetas de cr\u00e9dito es revisar constantemente los balances y detalles de sus consumos, manteniendo el mayor orden posible en su comportamiento financiero.<\/p>\n<h2>Obtenci\u00f3n de la tarjeta y condiciones<\/h2>\n<p>Obtener una tarjeta de cr\u00e9dito es cada vez un proceso m\u00e1s sencillo y \u00e1gil. Sin embargo, el cliente debe estar en capacidad de demostrar al banco o entidad financiera que es un sujeto de confianza en el uso del cr\u00e9dito. Normalmente, la mayor\u00eda de empresas financieras exigir\u00e1n la presentaci\u00f3n de algunos documentos b\u00e1sicos como:<\/p>\n\t<div class=\"list-ticks-secondary\">\r\n\t\t<ul>\n<li>Documento de identidad.<\/li>\n<li>Justificaci\u00f3n de ingresos.<\/li>\n<li>Documentos acerca del domicilio.<\/li>\n<li>No aparecer en listas de morosidad.<\/li>\n<\/ul>\n\t<\/div><!-- \/.list-ticks -->\r\n\t\n<p>Por otro lado, el cliente interesado tambi\u00e9n debe estar informado respecto a ciertos costes asociados a la tarjeta. La mayor\u00eda de bancos y entidades financieras cobran por un concepto de mantenimiento o administraci\u00f3n anual, el cual debe ser tenido en cuenta al momento de la contrataci\u00f3n.<\/p>\n<p>Tambi\u00e9n es necesario mantenerse alerta en caso de que el cliente realice una compra en una moneda distinta al Euro, pues el banco, al realizar la conversi\u00f3n utilizar\u00e1 un tipo de cambio que quiz\u00e1s no sea el m\u00e1s conveniente.<\/p>\n<p>En casos de retirada de efectivo, tambi\u00e9n es importante que sepas que la mayor\u00eda de los bancos cobran una comisi\u00f3n si realizas esta operaci\u00f3n en un banco en el extranjero. Esta comisi\u00f3n puede estar alrededor del 5% por cada retirada de dinero.<\/p>\n<h2>Beneficios adicionales del uso de tus tarjetas de cr\u00e9dito<\/h2>\n<p>La b\u00fasqueda de las entidades financieras por gozar de la preferencia de los consumidores espa\u00f1oles ha conllevado a la creaci\u00f3n de un esquema sumamente competitivo. Esto se traduce en mejoras continuas de los beneficios de las tarjetas de cr\u00e9dito disponibles.<\/p>\n\t<div class=\"list-ticks-secondary\">\r\n\t\t<ul>\n<li>\u00a0Los Programas de Beneficios para los titulares de tarjetas de cr\u00e9dito. Estos beneficios est\u00e1n sujetos al consumo que los clientes realicen y se pueden traducir en una serie de ventajas como descuentos exclusivos en ciertas tiendas, descuentos en gasolina y estaciones de servicio, etc.<\/li>\n<li>La mayor\u00eda de las tarjetas de cr\u00e9dito tienen asociado por lo menos un tipo de seguro. \u00daltimamente, los bancos m\u00e1s importantes ofrecen un seguro que asume la responsabilidad en caso de que hayas sufrido un atraco en un cajero electr\u00f3nico.<\/li>\n<li>Algunos bancos est\u00e1n invirtiendo en innovaci\u00f3n y tecnolog\u00eda. En los \u00faltimos tiempos, se ha dado a conocer la modalidad conocida como <em>Contactless<\/em>, la cual permite que la transacci\u00f3n se efect\u00fae simplemente acercando tu tarjeta de cr\u00e9dito al terminal, sin tener que entregarla a un tercero.<\/li>\n<\/ul>\n\t<\/div><!-- \/.list-ticks -->\r\n\t\n<h2>Solidez, transparencia y garant\u00eda<\/h2>\n<p>El uso de las tarjetas de cr\u00e9dito es un servicio financiero otorgado por varias entidades dentro y fuera de Espa\u00f1a. A pesar de contar con una regulaci\u00f3n legal bastante estricta, siempre es conveniente que elijas aquella compa\u00f1\u00eda que te ofrezca m\u00e1s y mejores motivos para confiar en ella.<\/p>\n<p>Recuerda que el hecho de aceptar una tarjeta de cr\u00e9dito supone la aceptaci\u00f3n de una serie de condiciones y la firma de un contrato. Ambas cuestiones requieren la mayor responsabilidad por tu parte al tratarse de una cuesti\u00f3n de dinero. Es necesario que revises y entiendas las condiciones de los acuerdos que firmas.<\/p>\n<p><img decoding=\"async\" loading=\"lazy\" class=\"alignright wp-image-17\" src=\"http:\/\/loanstar.com\/es\/wp-content\/uploads\/sites\/10\/2018\/09\/button_4.svg\" alt=\"button_4\" width=\"190\" height=\"298\" \/>Te sugerimos que consideres elegir a las empresas financieras que tengan mayor trayectoria, vigencia y prestigio en el mercado, pues son las que suelen contar con mayores garant\u00edas y mejores pr\u00e1cticas.<\/p>\n<p>Para concluir, es una buena medida por tu parte que revises los par\u00e1metros y condiciones de seguridad tecnol\u00f3gica de la entidad financiera que elijas. Si trabajan con socios estrat\u00e9gicos de conocida reputaci\u00f3n, las posibilidades de vulneraci\u00f3n de sus sistemas y protocolos ser\u00e1n menores .<\/p>\n<p>&nbsp;<\/p>\n","protected":false},"excerpt":{"rendered":"<p>La proliferaci\u00f3n de las tarjetas de cr\u00e9dito En la actualidad, las tarjetas de cr\u00e9dito se han convertido en el medio&#8230;<\/p>\n","protected":false},"author":1,"featured_media":0,"parent":0,"menu_order":0,"comment_status":"closed","ping_status":"closed","template":"templates\/calculator-main.php","meta":{"footnotes":""},"yoast_head":"<!-- This site is optimized with the Yoast SEO plugin v21.0 - https:\/\/yoast.com\/wordpress\/plugins\/seo\/ -->\n<title>Obt\u00e9n ya tu mejor Tarjeta de Cr\u00e9dito en Espa\u00f1a - LoanStar<\/title>\n<meta name=\"description\" content=\"Aqu\u00ed tienes las mejores Tarjetas de Cr\u00e9dito en Espa\u00f1a seleccionadas para satisfacer tus necesidades con inmediatez. Nunca fue tan sencillo!\" \/>\n<meta name=\"robots\" content=\"index, follow, max-snippet:-1, max-image-preview:large, max-video-preview:-1\" \/>\n<link rel=\"canonical\" href=\"https:\/\/loanstar.com\/es\/tarjetas-credito\/\" \/>\n<meta property=\"og:locale\" content=\"es_ES\" \/>\n<meta property=\"og:type\" content=\"article\" \/>\n<meta property=\"og:title\" content=\"Obt\u00e9n ya tu mejor Tarjeta de Cr\u00e9dito en Espa\u00f1a - LoanStar\" \/>\n<meta property=\"og:description\" content=\"Aqu\u00ed tienes las mejores Tarjetas de Cr\u00e9dito en Espa\u00f1a seleccionadas para satisfacer tus necesidades con inmediatez. Nunca fue tan sencillo!\" \/>\n<meta property=\"og:url\" content=\"https:\/\/loanstar.com\/es\/tarjetas-credito\/\" \/>\n<meta property=\"og:site_name\" content=\"LoanStar Espa\u00f1a\" \/>\n<meta property=\"article:modified_time\" content=\"2019-06-20T19:40:47+00:00\" \/>\n<meta property=\"og:image\" content=\"http:\/\/loanstar.com\/es\/wp-content\/uploads\/sites\/10\/2018\/09\/button_8.svg\" \/>\n<meta name=\"twitter:card\" content=\"summary_large_image\" \/>\n<meta name=\"twitter:label1\" content=\"Tiempo de lectura\" \/>\n\t<meta name=\"twitter:data1\" content=\"4 minutos\" \/>\n<script type=\"application\/ld+json\" class=\"yoast-schema-graph\">{\"@context\":\"https:\/\/schema.org\",\"@graph\":[{\"@type\":\"WebPage\",\"@id\":\"https:\/\/loanstar.com\/es\/tarjetas-credito\/\",\"url\":\"https:\/\/loanstar.com\/es\/tarjetas-credito\/\",\"name\":\"Obt\u00e9n ya tu mejor Tarjeta de Cr\u00e9dito en Espa\u00f1a - LoanStar\",\"isPartOf\":{\"@id\":\"https:\/\/loanstar.com\/es\/#website\"},\"datePublished\":\"2018-09-21T09:08:32+00:00\",\"dateModified\":\"2019-06-20T19:40:47+00:00\",\"description\":\"Aqu\u00ed tienes las mejores Tarjetas de Cr\u00e9dito en Espa\u00f1a seleccionadas para satisfacer tus necesidades con inmediatez. Nunca fue tan sencillo!\",\"breadcrumb\":{\"@id\":\"https:\/\/loanstar.com\/es\/tarjetas-credito\/#breadcrumb\"},\"inLanguage\":\"es\",\"potentialAction\":[{\"@type\":\"ReadAction\",\"target\":[\"https:\/\/loanstar.com\/es\/tarjetas-credito\/\"]}]},{\"@type\":\"BreadcrumbList\",\"@id\":\"https:\/\/loanstar.com\/es\/tarjetas-credito\/#breadcrumb\",\"itemListElement\":[{\"@type\":\"ListItem\",\"position\":1,\"name\":\"Espa\u00f1a\",\"item\":\"https:\/\/loanstar.com\/es\/\"},{\"@type\":\"ListItem\",\"position\":2,\"name\":\"Tarjetas de Cr\u00e9dito\"}]},{\"@type\":\"WebSite\",\"@id\":\"https:\/\/loanstar.com\/es\/#website\",\"url\":\"https:\/\/loanstar.com\/es\/\",\"name\":\"LoanStar Espa\u00f1a\",\"description\":\"Comparar pr\u00e9stamos\",\"potentialAction\":[{\"@type\":\"SearchAction\",\"target\":{\"@type\":\"EntryPoint\",\"urlTemplate\":\"https:\/\/loanstar.com\/es\/?s={search_term_string}\"},\"query-input\":\"required name=search_term_string\"}],\"inLanguage\":\"es\"}]}<\/script>\n<!-- \/ Yoast SEO plugin. -->","yoast_head_json":{"title":"Obt\u00e9n ya tu mejor Tarjeta de Cr\u00e9dito en Espa\u00f1a - LoanStar","description":"Aqu\u00ed tienes las mejores Tarjetas de Cr\u00e9dito en Espa\u00f1a seleccionadas para satisfacer tus necesidades con inmediatez. Nunca fue tan sencillo!","robots":{"index":"index","follow":"follow","max-snippet":"max-snippet:-1","max-image-preview":"max-image-preview:large","max-video-preview":"max-video-preview:-1"},"canonical":"https:\/\/loanstar.com\/es\/tarjetas-credito\/","og_locale":"es_ES","og_type":"article","og_title":"Obt\u00e9n ya tu mejor Tarjeta de Cr\u00e9dito en Espa\u00f1a - LoanStar","og_description":"Aqu\u00ed tienes las mejores Tarjetas de Cr\u00e9dito en Espa\u00f1a seleccionadas para satisfacer tus necesidades con inmediatez. Nunca fue tan sencillo!","og_url":"https:\/\/loanstar.com\/es\/tarjetas-credito\/","og_site_name":"LoanStar Espa\u00f1a","article_modified_time":"2019-06-20T19:40:47+00:00","og_image":[{"url":"http:\/\/loanstar.com\/es\/wp-content\/uploads\/sites\/10\/2018\/09\/button_8.svg"}],"twitter_card":"summary_large_image","twitter_misc":{"Tiempo de lectura":"4 minutos"},"schema":{"@context":"https:\/\/schema.org","@graph":[{"@type":"WebPage","@id":"https:\/\/loanstar.com\/es\/tarjetas-credito\/","url":"https:\/\/loanstar.com\/es\/tarjetas-credito\/","name":"Obt\u00e9n ya tu mejor Tarjeta de Cr\u00e9dito en Espa\u00f1a - LoanStar","isPartOf":{"@id":"https:\/\/loanstar.com\/es\/#website"},"datePublished":"2018-09-21T09:08:32+00:00","dateModified":"2019-06-20T19:40:47+00:00","description":"Aqu\u00ed tienes las mejores Tarjetas de Cr\u00e9dito en Espa\u00f1a seleccionadas para satisfacer tus necesidades con inmediatez. Nunca fue tan sencillo!","breadcrumb":{"@id":"https:\/\/loanstar.com\/es\/tarjetas-credito\/#breadcrumb"},"inLanguage":"es","potentialAction":[{"@type":"ReadAction","target":["https:\/\/loanstar.com\/es\/tarjetas-credito\/"]}]},{"@type":"BreadcrumbList","@id":"https:\/\/loanstar.com\/es\/tarjetas-credito\/#breadcrumb","itemListElement":[{"@type":"ListItem","position":1,"name":"Espa\u00f1a","item":"https:\/\/loanstar.com\/es\/"},{"@type":"ListItem","position":2,"name":"Tarjetas de Cr\u00e9dito"}]},{"@type":"WebSite","@id":"https:\/\/loanstar.com\/es\/#website","url":"https:\/\/loanstar.com\/es\/","name":"LoanStar Espa\u00f1a","description":"Comparar pr\u00e9stamos","potentialAction":[{"@type":"SearchAction","target":{"@type":"EntryPoint","urlTemplate":"https:\/\/loanstar.com\/es\/?s={search_term_string}"},"query-input":"required name=search_term_string"}],"inLanguage":"es"}]}},"_links":{"self":[{"href":"https:\/\/loanstar.com\/es\/wp-json\/wp\/v2\/pages\/156"}],"collection":[{"href":"https:\/\/loanstar.com\/es\/wp-json\/wp\/v2\/pages"}],"about":[{"href":"https:\/\/loanstar.com\/es\/wp-json\/wp\/v2\/types\/page"}],"author":[{"embeddable":true,"href":"https:\/\/loanstar.com\/es\/wp-json\/wp\/v2\/users\/1"}],"replies":[{"embeddable":true,"href":"https:\/\/loanstar.com\/es\/wp-json\/wp\/v2\/comments?post=156"}],"version-history":[{"count":2,"href":"https:\/\/loanstar.com\/es\/wp-json\/wp\/v2\/pages\/156\/revisions"}],"predecessor-version":[{"id":516,"href":"https:\/\/loanstar.com\/es\/wp-json\/wp\/v2\/pages\/156\/revisions\/516"}],"wp:attachment":[{"href":"https:\/\/loanstar.com\/es\/wp-json\/wp\/v2\/media?parent=156"}],"curies":[{"name":"wp","href":"https:\/\/api.w.org\/{rel}","templated":true}]}}