{"id":154,"date":"2018-09-21T09:00:47","date_gmt":"2018-09-21T09:00:47","guid":{"rendered":"http:\/\/loanstar.com\/es\/?page_id=154"},"modified":"2019-08-30T14:52:18","modified_gmt":"2019-08-30T14:52:18","slug":"para-empresas","status":"publish","type":"page","link":"https:\/\/loanstar.com\/es\/prestamos\/para-empresas\/","title":{"rendered":"Pr\u00e9stamos para empresas"},"content":{"rendered":"<h2>Pr\u00e9stamos para todo tipo de empresas y trabajadores aut\u00f3nomos<\/h2>\n<p><img decoding=\"async\" class=\"size-full wp-image-52 alignright\" src=\"http:\/\/loanstar.com\/es\/wp-content\/uploads\/sites\/10\/2018\/09\/ill_body_7.svg\" alt=\"\" width=\"312\" \/>Los pr\u00e9stamos para empresas son aquellos que se realizan a nivel corporativo. Son un producto orientado a aut\u00f3nomos, PYMES o a grandes empresas que necesitan dinero r\u00e1pido para seguir funcionando con normalidad o hacer una inversi\u00f3n en pos de aumentar sus servicios o profesionalizarse.<\/p>\n<p>En Espa\u00f1a, cada vez se hace m\u00e1s dif\u00edcil conseguir pr\u00e9stamos para empresas, pues la cantidad de documentos y requisitos exigidos es muy alta. Es necesario que la empresa tenga un determinado nivel de ingresos y demuestre solvencia suficiente para pagar el importe adeudado.<\/p>\n<p>Por estas dificultades, en el mercado han surgido nuevas opciones para cubrir esta necesidad, siendo los bancos tradicionales s\u00f3lo una de ellas.<\/p>\n<p>Aqu\u00ed te contamos todo sobre los pr\u00e9stamos para empresas: cu\u00e1les son los requisitos que debes cumplir y las diferentes alternativas que tienes para solicitar uno. Tambi\u00e9n te damos respuesta a todas tus posibles preguntas.<\/p>\n<h2>Diferentes fuentes de pr\u00e9stamos para empresas<\/h2>\n<p>Tanto si tienes una empresa peque\u00f1a, mediana o grande, o si eres aut\u00f3nomo, las opciones para obtener un pr\u00e9stamo o financiaci\u00f3n son variadas, pudiendo provenir de fuentes p\u00fablicas, privadas o del propio valor que tu negocio generar\u00e1 en el futuro.<\/p>\n<h2>Obtener pr\u00e9stamos para empresas en organizaciones p\u00fablicas<\/h2>\n<p><img decoding=\"async\" class=\"size-full wp-image-55 alignright\" src=\"http:\/\/loanstar.com\/es\/wp-content\/uploads\/sites\/10\/2018\/09\/ill_body_10.svg\" alt=\"\" width=\"312\" \/>En muchas ocasiones, el Gobierno estatal o local dispone de un presupuesto anual para subvencionar el emprendimiento o negocios ya establecidos. Por este motivo te aconsejamos acudir al ayuntamiento de tu localidad para consultar por este tipo de financiaci\u00f3n y sus condiciones.<\/p>\n<p>Una segunda alternativa es acudir al Instituto de Cr\u00e9dito Oficial (ICO). Este instituto se trata de una organizaci\u00f3n p\u00fablica empresarial que financia a trav\u00e9s del banco p\u00fablico a diferentes empresas. Ofrece hasta 12,5 millones de euros, un plazo m\u00e1ximo de devoluci\u00f3n de 20 a\u00f1os y un tipo de inter\u00e9s fijo o variable, por lo que es ideal para solucionar problemas de liquidez o para pagar proyectos de inversi\u00f3n.<\/p>\n<p>Para acceder a estos pr\u00e9stamos debes acudir a los bancos adheridos al ICO. Ser\u00e1n estas entidades adheridas la que pongan las condiciones. Pese a esto, el dinero proviene de fondos p\u00fablicos y no de la entidad con la que lo contrates.<\/p>\n<h2>Pr\u00e9stamos para empresas otorgados por bancos<\/h2>\n<p><img decoding=\"async\" class=\"size-full wp-image-59 alignright\" src=\"http:\/\/loanstar.com\/es\/wp-content\/uploads\/sites\/10\/2018\/09\/ill_body_14.svg\" alt=\"\" width=\"312\" \/>Si bien mencionamos que puede ser complicado obtener un pr\u00e9stamo para empresas a trav\u00e9s de los bancos tradicionales, no debes desechar por completo la idea. Sobre todo si llevas tiempo como cliente y has presentado un buen comportamiento.<\/p>\n<p>Debido al crecimiento del mercado financiero, muchos bancos han lanzado nuevos productos enfocados a las empresas y los aut\u00f3nomos. Un ejemplo de esto son Bigbank o Evofinance, que tienen un inter\u00e9s desde el 8% en pr\u00e9stamos para aut\u00f3nomos.<\/p>\n<p>Te recomendamos acercarte a tu banco y averiguar cu\u00e1les son los requisitos de las solicitudes de pr\u00e9stamos para empresas. Adem\u00e1s, como tu banco ya tiene toda la informaci\u00f3n financiera de tu negocio, podr\u00e1n entregarte una respuesta m\u00e1s r\u00e1pida y proponerte un producto personalizado.<\/p>\n<h2>Usar un cr\u00e9dito <em>online<\/em> para tu empresa<\/h2>\n<p>Las entidades que entregan cr\u00e9ditos <em>online<\/em> tambi\u00e9n otorgan pr\u00e9stamos para empresas y aut\u00f3nomos, manteniendo condiciones bastante parecidas a las de un pr\u00e9stamo personal. El requisito principal que considerar\u00e1n es que la empresa perciba los ingresos necesarios de manera estable para realizar la devoluci\u00f3n del pr\u00e9stamo en el plazo estipulado.<\/p>\n<h2>Pr\u00e9stamos para empresas con aval hipotecario<\/h2>\n<p><img decoding=\"async\" class=\"size-full wp-image-49 alignright\" src=\"http:\/\/loanstar.com\/es\/wp-content\/uploads\/sites\/10\/2018\/09\/ill_body_4.svg\" alt=\"\" width=\"312\" \/>En el caso de que las opciones anteriores no te resulten viables o ya hayas sido rechazado, otra opci\u00f3n es acudir a entidades que acepten un inmueble como aval. Muchas de ellas incluso aceptan clientes que est\u00e1n inscritos en registros de morosos, pues la garant\u00eda es el inmueble.<\/p>\n<p>Puedes acudir a los pr\u00e9stamos para empresas y ofrecer como aval el local donde tienes el negocio. El requisito en estos cr\u00e9ditos es que el inmueble debe estar pagado en su totalidad o al menos una buena parte del mismo.<\/p>\n<p>Estas entidades facilitan pr\u00e9stamos desde 5000 \u20ac hasta cifras tan altas como 300 000 \u20ac. Algunas ofrecen un plazo de devoluci\u00f3n de 15 a\u00f1os. Si necesitas un importe alto para hacer una inversi\u00f3n grande, esta opci\u00f3n te puede ayudar, siempre y cuando tengas un plan de negocios adecuado que te permita pagar el pr\u00e9stamo. De lo contrario, el riesgo es muy alto.<\/p>\n<h2>L\u00ednea de cr\u00e9dito para aut\u00f3nomos<\/h2>\n<p>Si eres un trabajador aut\u00f3nomo y necesitas liquidez para comprar insumos o pagar los servicios que tengas externalizados, contar con una l\u00ednea de cr\u00e9dito es una gran ayuda, pues siempre tendr\u00e1s dinero disponible en el momento en que lo necesites.<\/p>\n<p>Las l\u00edneas de cr\u00e9dito funcionan de manera similar a las tarjetas de cr\u00e9dito: tienes un cupo total y este lo puedes usar de una vez o emplear solo una parte. Mientras vayas devolviendo lo que has usado, lo tendr\u00e1s disponible nuevamente.<\/p>\n<p><img decoding=\"async\" class=\"size-full wp-image-33 alignright\" src=\"http:\/\/loanstar.com\/es\/wp-content\/uploads\/sites\/10\/2018\/09\/home_ill_1.svg\" alt=\"\" width=\"312\" \/>Por lo general, las compa\u00f1\u00edas que ofrecen l\u00edneas de cr\u00e9dito a sus clientes proporcionan un cupo de 1000 \u20ac. Sin embargo, empresas como Creditea facilitan hasta 5000 \u20ac. Debes tener en cuenta que cada vez que realices una retirada de dinero se te cobrar\u00e1 una comisi\u00f3n y que habr\u00e1 unos intereses mensuales que debes pagar adem\u00e1s del importe que utilices.<\/p>\n<p>Tomaremos el ejemplo de una l\u00ednea de cr\u00e9dito de 1000 \u20ac para explicar su funcionamiento: Sacas 400 \u20ac para pagar el alquiler de tu negocio, por lo que te quedan 600 \u20ac disponibles (1000 &#8211; 400 \u20ac = 600 \u20ac). Un cliente te paga 200 \u20ac y decides abonar a tu l\u00ednea de cr\u00e9dito, quedando con 800 \u20ac (600 + 200 \u20ac = 800 \u20ac). Luego sacas 300 \u20ac para comprar materiales, por lo que tu l\u00ednea de cr\u00e9dito quedar\u00eda en 500 \u20ac.<\/p>\n<p>Las l\u00edneas de cr\u00e9dito son un producto muy solicitado por trabajadores independientes y emprendedores, ya que al depender del flujo de clientes y de sus pagos, muchas veces tienen problemas de liquidez moment\u00e1neos. Esto puede significar no tener el dinero suficiente para comprar materiales o pagar la gasolina del autom\u00f3vil, lo que paraliza por completo el negocio y agrava el problema al no permitirle al trabajador seguir generando ingresos.<\/p>\n<p>La l\u00ednea de cr\u00e9dito es, por lo tanto, un colch\u00f3n financiero que proporciona a su usuario seguridad y flexibilidad.<\/p>\n<h2>Pr\u00e9stamos para peque\u00f1as y medianas empresas: MAB<\/h2>\n<p><img decoding=\"async\" class=\"size-full wp-image-58 alignright\" src=\"http:\/\/loanstar.com\/es\/wp-content\/uploads\/sites\/10\/2018\/09\/ill_body_13.svg\" alt=\"\" width=\"312\" \/>El Mercado Alternativo Burs\u00e1til es un mercado orientado a peque\u00f1as y medianas empresas que desean expandirse. Proporciona financiaci\u00f3n de una manera similar a la Bolsa. Se encarga de conectar las empresas con una comunidad de inversores nacionales e internacionales, ya sean instituciones o minoristas.<\/p>\n<p>Est\u00e1 supervisado por la Comisi\u00f3n Nacional del Mercado de Valores y es gestionado por Bolsas y Mercados Espa\u00f1oles, por lo que es un organismo serio, con respaldo, experiencia y conocimiento en este \u00e1mbito.<\/p>\n<p>El MAB permite que las peque\u00f1as y medianas empresas ingresen al mercado de valores de manera sencilla y eficiente y que puedan aprovechar las ventajas de este mercado como la financiaci\u00f3n, la visibilidad, la valoraci\u00f3n, etc., ayudando a concretar sus proyectos de expansi\u00f3n.<\/p>\n<p>Al cotizar en el MAB, las empresas pueden utilizar despu\u00e9s sus propias acciones como medio de pago a sus inversores.<\/p>\n<h2>Pr\u00e9stamos para empresas a trav\u00e9s de la financiaci\u00f3n colectiva<\/h2>\n<p>Una nueva manera de conseguir financiaci\u00f3n para un negocio, proyecto o empresa, es el <em>crowdfunding<\/em> o <em>crowlending<\/em>. Estos se basan en el concepto de financiaci\u00f3n compartida, sistema en el que varias personas aportan una suma.<br \/>\n\t<div class=\"list-ticks-secondary\">\r\n\t\t<ul>\n<li><strong><em>Crowdfunding<\/em>:<\/strong> varias personas invierten o financian un proyecto, con sumas que pueden ser peque\u00f1as o grandes. A cambio, obtienen un porcentaje de participaci\u00f3n en este y pueden percibir los ingresos una vez el proyecto ha terminado o ha obtenido \u00e9xito.<\/li>\n<li><strong><em>Crowlending<\/em>:<\/strong> varios inversores particulares financian una empresa o a un particular a trav\u00e9s de pr\u00e9stamos con un inter\u00e9s determinado y con un plazo de devoluci\u00f3n a cuota fija. Se puede entender como un pr\u00e9stamo de capital privado, sin necesidad de acudir a un banco o empresa prestamista, y por ende, presenta mejores intereses. El <em>crowlending<\/em> es una alternativa para quienes no pueden acceder a pr\u00e9stamos bancarios. El \u00fanico requisito necesario es demostrar ser viable para el pr\u00e9stamo y que podr\u00e1s devolverlo en el plazo acordado.<\/li>\n<\/ul>\n\t<\/div><!-- \/.list-ticks -->\r\n\t\n<h2>Condiciones a cumplir para solicitar pr\u00e9stamos para empresas<\/h2>\n<p>Con independencia del tipo de empresa que tengas y de a qui\u00e9n pedir\u00e1s el pr\u00e9stamo, es necesario cumplir con ciertos requisitos para que tu solicitud sea aprobada o incluso considerada:<\/p>\n\t<div class=\"list-ticks-secondary\">\r\n\t\t<ul>\n<li>Que la empresa est\u00e9 registrada en Espa\u00f1a.<\/li>\n<li>Estar al d\u00eda con el pago de impuestos y tener toda la documentaci\u00f3n necesaria.<\/li>\n<li>Que la empresa tenga un m\u00ednimo de ingresos.<\/li>\n<li>Seg\u00fan cada entidad prestataria, tener varios meses o a\u00f1os de antig\u00fcedad.<\/li>\n<li>En los bancos es probable que exijan un plan de negocios.<\/li>\n<li>Tener garant\u00edas: aval, activos de la empresa, etc.<\/li>\n<\/ul>\n\t<\/div><!-- \/.list-ticks -->\r\n\t\n<h2>Recomendaciones antes de solicitar pr\u00e9stamos para empresas<\/h2>\n<p>Si crees que los pr\u00e9stamos para empresas son un producto que necesitas en este momento, hay varias opciones y organismos a los que puedes acudir. No obstante, es muy importante que antes analices con frialdad tu situaci\u00f3n para saber si realmente necesitas esta ayuda econ\u00f3mica que te lleva a solicitar el pr\u00e9stamo.<\/p>\n<p>Un ejercicio que puede ayudarte es responder a las siguientes preguntas de manera reflexiva:<br \/>\n\t<div class=\"list-ticks-secondary\">\r\n\t\t<ul>\n<li>\u00bfEs un buen momento para pedir un pr\u00e9stamo?<\/li>\n<li>Este pr\u00e9stamo, \u00bfser\u00eda una soluci\u00f3n moment\u00e1nea o una inversi\u00f3n a futuro?<\/li>\n<li>En caso de tener que pagar un pr\u00e9stamo, \u00bfpodr\u00eda la empresa asumir alg\u00fan imprevisto?<\/li>\n<\/ul>\n\t<\/div><!-- \/.list-ticks -->\r\n\t\nSi, tras contestar a estas tres preguntas, crees que contratar un pr\u00e9stamo ser\u00eda una decisi\u00f3n responsable y beneficiosa para tu negocio, el siguiente paso es estudiar los tipos de entidades que otorgan pr\u00e9stamos, desechar las que no se adec\u00faan a tus requisitos y analizar cu\u00e1l de las restantes coincide m\u00e1s con tus necesidades.<\/p>\n<p>No olvides preguntar acerca de todos los costes asociados, adem\u00e1s de sobre los intereses propios del pr\u00e9stamo.<\/p>\n","protected":false},"excerpt":{"rendered":"<p>Pr\u00e9stamos para todo tipo de empresas y trabajadores aut\u00f3nomos Los pr\u00e9stamos para empresas son aquellos que se realizan a nivel&#8230;<\/p>\n","protected":false},"author":1,"featured_media":0,"parent":64,"menu_order":0,"comment_status":"closed","ping_status":"closed","template":"templates\/calculator-follow-up.php","meta":{"footnotes":""},"yoast_head":"<!-- This site is optimized with the Yoast SEO plugin v21.0 - https:\/\/yoast.com\/wordpress\/plugins\/seo\/ -->\n<title>Pr\u00e9stamos para empresas - LoanStar Espa\u00f1a<\/title>\n<meta name=\"robots\" content=\"index, follow, max-snippet:-1, max-image-preview:large, max-video-preview:-1\" \/>\n<link rel=\"canonical\" href=\"https:\/\/loanstar.com\/es\/prestamos\/para-empresas\/\" \/>\n<meta property=\"og:locale\" content=\"es_ES\" \/>\n<meta property=\"og:type\" content=\"article\" \/>\n<meta property=\"og:title\" content=\"Pr\u00e9stamos para empresas - LoanStar Espa\u00f1a\" \/>\n<meta property=\"og:description\" content=\"Pr\u00e9stamos para todo tipo de empresas y trabajadores aut\u00f3nomos Los pr\u00e9stamos para empresas son aquellos que se realizan a nivel...\" \/>\n<meta property=\"og:url\" content=\"https:\/\/loanstar.com\/es\/prestamos\/para-empresas\/\" \/>\n<meta property=\"og:site_name\" content=\"LoanStar Espa\u00f1a\" \/>\n<meta property=\"article:modified_time\" content=\"2019-08-30T14:52:18+00:00\" \/>\n<meta property=\"og:image\" content=\"http:\/\/loanstar.com\/es\/wp-content\/uploads\/sites\/10\/2018\/09\/ill_body_7.svg\" \/>\n<meta name=\"twitter:card\" content=\"summary_large_image\" \/>\n<meta name=\"twitter:label1\" content=\"Tiempo de lectura\" \/>\n\t<meta name=\"twitter:data1\" content=\"9 minutos\" \/>\n<script type=\"application\/ld+json\" class=\"yoast-schema-graph\">{\"@context\":\"https:\/\/schema.org\",\"@graph\":[{\"@type\":\"WebPage\",\"@id\":\"https:\/\/loanstar.com\/es\/prestamos\/para-empresas\/\",\"url\":\"https:\/\/loanstar.com\/es\/prestamos\/para-empresas\/\",\"name\":\"Pr\u00e9stamos para empresas - LoanStar Espa\u00f1a\",\"isPartOf\":{\"@id\":\"https:\/\/loanstar.com\/es\/#website\"},\"datePublished\":\"2018-09-21T09:00:47+00:00\",\"dateModified\":\"2019-08-30T14:52:18+00:00\",\"breadcrumb\":{\"@id\":\"https:\/\/loanstar.com\/es\/prestamos\/para-empresas\/#breadcrumb\"},\"inLanguage\":\"es\",\"potentialAction\":[{\"@type\":\"ReadAction\",\"target\":[\"https:\/\/loanstar.com\/es\/prestamos\/para-empresas\/\"]}]},{\"@type\":\"BreadcrumbList\",\"@id\":\"https:\/\/loanstar.com\/es\/prestamos\/para-empresas\/#breadcrumb\",\"itemListElement\":[{\"@type\":\"ListItem\",\"position\":1,\"name\":\"Espa\u00f1a\",\"item\":\"https:\/\/loanstar.com\/es\/\"},{\"@type\":\"ListItem\",\"position\":2,\"name\":\"Pr\u00e9stamos Online\",\"item\":\"https:\/\/loanstar.com\/es\/prestamos\/\"},{\"@type\":\"ListItem\",\"position\":3,\"name\":\"Pr\u00e9stamos para empresas\"}]},{\"@type\":\"WebSite\",\"@id\":\"https:\/\/loanstar.com\/es\/#website\",\"url\":\"https:\/\/loanstar.com\/es\/\",\"name\":\"LoanStar Espa\u00f1a\",\"description\":\"Comparar pr\u00e9stamos\",\"potentialAction\":[{\"@type\":\"SearchAction\",\"target\":{\"@type\":\"EntryPoint\",\"urlTemplate\":\"https:\/\/loanstar.com\/es\/?s={search_term_string}\"},\"query-input\":\"required name=search_term_string\"}],\"inLanguage\":\"es\"}]}<\/script>\n<!-- \/ Yoast SEO plugin. -->","yoast_head_json":{"title":"Pr\u00e9stamos para empresas - LoanStar Espa\u00f1a","robots":{"index":"index","follow":"follow","max-snippet":"max-snippet:-1","max-image-preview":"max-image-preview:large","max-video-preview":"max-video-preview:-1"},"canonical":"https:\/\/loanstar.com\/es\/prestamos\/para-empresas\/","og_locale":"es_ES","og_type":"article","og_title":"Pr\u00e9stamos para empresas - LoanStar Espa\u00f1a","og_description":"Pr\u00e9stamos para todo tipo de empresas y trabajadores aut\u00f3nomos Los pr\u00e9stamos para empresas son aquellos que se realizan a nivel...","og_url":"https:\/\/loanstar.com\/es\/prestamos\/para-empresas\/","og_site_name":"LoanStar Espa\u00f1a","article_modified_time":"2019-08-30T14:52:18+00:00","og_image":[{"url":"http:\/\/loanstar.com\/es\/wp-content\/uploads\/sites\/10\/2018\/09\/ill_body_7.svg"}],"twitter_card":"summary_large_image","twitter_misc":{"Tiempo de lectura":"9 minutos"},"schema":{"@context":"https:\/\/schema.org","@graph":[{"@type":"WebPage","@id":"https:\/\/loanstar.com\/es\/prestamos\/para-empresas\/","url":"https:\/\/loanstar.com\/es\/prestamos\/para-empresas\/","name":"Pr\u00e9stamos para empresas - LoanStar Espa\u00f1a","isPartOf":{"@id":"https:\/\/loanstar.com\/es\/#website"},"datePublished":"2018-09-21T09:00:47+00:00","dateModified":"2019-08-30T14:52:18+00:00","breadcrumb":{"@id":"https:\/\/loanstar.com\/es\/prestamos\/para-empresas\/#breadcrumb"},"inLanguage":"es","potentialAction":[{"@type":"ReadAction","target":["https:\/\/loanstar.com\/es\/prestamos\/para-empresas\/"]}]},{"@type":"BreadcrumbList","@id":"https:\/\/loanstar.com\/es\/prestamos\/para-empresas\/#breadcrumb","itemListElement":[{"@type":"ListItem","position":1,"name":"Espa\u00f1a","item":"https:\/\/loanstar.com\/es\/"},{"@type":"ListItem","position":2,"name":"Pr\u00e9stamos Online","item":"https:\/\/loanstar.com\/es\/prestamos\/"},{"@type":"ListItem","position":3,"name":"Pr\u00e9stamos para empresas"}]},{"@type":"WebSite","@id":"https:\/\/loanstar.com\/es\/#website","url":"https:\/\/loanstar.com\/es\/","name":"LoanStar Espa\u00f1a","description":"Comparar pr\u00e9stamos","potentialAction":[{"@type":"SearchAction","target":{"@type":"EntryPoint","urlTemplate":"https:\/\/loanstar.com\/es\/?s={search_term_string}"},"query-input":"required name=search_term_string"}],"inLanguage":"es"}]}},"_links":{"self":[{"href":"https:\/\/loanstar.com\/es\/wp-json\/wp\/v2\/pages\/154"}],"collection":[{"href":"https:\/\/loanstar.com\/es\/wp-json\/wp\/v2\/pages"}],"about":[{"href":"https:\/\/loanstar.com\/es\/wp-json\/wp\/v2\/types\/page"}],"author":[{"embeddable":true,"href":"https:\/\/loanstar.com\/es\/wp-json\/wp\/v2\/users\/1"}],"replies":[{"embeddable":true,"href":"https:\/\/loanstar.com\/es\/wp-json\/wp\/v2\/comments?post=154"}],"version-history":[{"count":2,"href":"https:\/\/loanstar.com\/es\/wp-json\/wp\/v2\/pages\/154\/revisions"}],"predecessor-version":[{"id":511,"href":"https:\/\/loanstar.com\/es\/wp-json\/wp\/v2\/pages\/154\/revisions\/511"}],"up":[{"embeddable":true,"href":"https:\/\/loanstar.com\/es\/wp-json\/wp\/v2\/pages\/64"}],"wp:attachment":[{"href":"https:\/\/loanstar.com\/es\/wp-json\/wp\/v2\/media?parent=154"}],"curies":[{"name":"wp","href":"https:\/\/api.w.org\/{rel}","templated":true}]}}