{"id":150,"date":"2018-09-21T08:10:30","date_gmt":"2018-09-21T08:10:30","guid":{"rendered":"http:\/\/loanstar.com\/es\/?page_id=150"},"modified":"2019-06-20T18:42:23","modified_gmt":"2019-06-20T18:42:23","slug":"hipotecas","status":"publish","type":"page","link":"https:\/\/loanstar.com\/es\/prestamos\/hipotecas\/","title":{"rendered":"Pr\u00e9stamos con Garant\u00eda Hipotecaria"},"content":{"rendered":"<h2>Pr\u00e9stamos con garant\u00eda hipotecaria: una alternativa para obtener liquidez<\/h2>\n<p>Los pr\u00e9stamos con garant\u00eda hipotecaria son un producto que existe desde hace relativamente bastante tiempo en el mercado espa\u00f1ol. Tradicionalmente, han sido entidades financieras como los bancos las fuentes de financiaci\u00f3n usando inmuebles como aval.<\/p>\n<p><img decoding=\"async\" class=\"alignright size-full wp-image-56\" src=\"http:\/\/loanstar.com\/es\/wp-content\/uploads\/sites\/10\/2018\/09\/ill_body_11.svg\" alt=\"ill_body_11\" width=\"312\" \/>Sin embargo, en los \u00faltimos tiempos, han aparecido otras opciones viables y legales que tambi\u00e9n ofrecen estos servicios. Se trata de empresas de capital privado que no pertenecen necesariamente al sistema financiero.<\/p>\n<p>Estas nuevas alternativas que otorgan pr\u00e9stamos con garant\u00eda hipotecaria nacieron gracias a la necesidad de algunas personas de contar con compa\u00f1\u00edas que tuvieran mayor flexibilidad. Se demandaban empresas que fueran menos burocr\u00e1ticas, m\u00e1s \u00e1giles y que no exigieran tanta documentaci\u00f3n para conceder el pr\u00e9stamo.<\/p>\n<p>Si bien es cierto que no tienen la misma trayectoria o respaldo que los grandes bancos, estas compa\u00f1\u00edas se adaptan a la realidad financiera de algunos consumidores. En Espa\u00f1a, algunas de las empresas que est\u00e1n en el sector de pr\u00e9stamos con garant\u00eda hipotecaria son: SuizaInvest, Pr\u00e9stamo Capital y Pide Tu Cr\u00e9dito.<\/p>\n<p>Es importante se\u00f1alar que no todas las empresas que conforman esta industria son las que otorgan directamente el cr\u00e9dito. En algunos casos son solo simples compa\u00f1\u00edas intermediarias. Es responsabilidad del cliente realizar la verificaci\u00f3n de con qui\u00e9n se asume el compromiso del pr\u00e9stamo.<\/p>\n<p>Existen diversos aspectos ventajosos para los usuarios interesados en solicitar pr\u00e9stamos con garant\u00eda hipotecaria. Los presentamos a continuaci\u00f3n :<br \/>\n\t<div class=\"list-ticks-secondary\">\r\n\t\t<ul>\n<li>Pueden presentar la solicitud para que las compa\u00f1\u00edas estudien la posibilidad de aprobar el cr\u00e9dito sin que esto signifique desembolsar ning\u00fan dinero. Es decir, que se hace de manera gratuita.<\/li>\n<li>Por lo general, las compa\u00f1\u00edas prestamistas no tardan m\u00e1s de 24 horas en realizar el estudio de cada caso y darte respuesta. Adem\u00e1s, en la mayor\u00eda de los casos, se puede presentar toda la documentaci\u00f3n v\u00eda <em>online<\/em>.<\/li>\n<li>En relaci\u00f3n al desembolso del dinero, se realiza en tu propia cuenta bancaria. Algunas empresas tardan un total de 15 d\u00edas para ejecutar la transferencia.<\/li>\n<li>El cliente podr\u00eda presentar solicitudes no solo a una empresa sino a todas las que crea conveniente. Despu\u00e9s, podr\u00e1 evaluar las condiciones particulares de cada una y optar por aquella que se adapte mejor a sus necesidades.<\/li>\n<li>Puede accederse a este tipo de cr\u00e9ditos incluso estando en alg\u00fan fichero de morosidad (ASNEF o RAI). En este caso, lo que m\u00e1s le importa a la compa\u00f1\u00eda es que cuentes con el aval inmobiliario y no tanto c\u00f3mo ha sido tu historial crediticio.<\/li>\n<\/ul>\n\t<\/div><!-- \/.list-ticks -->\r\n\t\n<h2>Requisitos y documentaci\u00f3n requerida para acceder a los pr\u00e9stamos con garant\u00eda hipotecaria<\/h2>\n<p>Algunos de los requisitos y documentaci\u00f3n que usualmente exigen las compa\u00f1\u00edas prestatarias para aprobar la solicitud de cr\u00e9dito son estos:<br \/>\n\t<div class=\"list-ticks-secondary\">\r\n\t\t<ul>\n<li>Contar con una cuenta bancaria en calidad de titular dentro del territorio espa\u00f1ol para poder hacer el desembolso del dinero.<\/li>\n<li>Documento de identidad vigente.<\/li>\n<li>Informe de tasaci\u00f3n v\u00e1lido de la vivienda que se presenta como garant\u00eda hipotecaria.<\/li>\n<li>Presentar los documentos de comprobaci\u00f3n del registro oficial.<\/li>\n<\/ul>\n\t<\/div><!-- \/.list-ticks -->\r\n\t\n<h2>Precauci\u00f3n, responsabilidad y cabeza fr\u00eda al momento de solicitar este pr\u00e9stamo<\/h2>\n<p>Toda solicitud de un pr\u00e9stamo requiere ser lo suficientemente responsable y consciente respecto al compromiso que se est\u00e1 adquiriendo. Mucho m\u00e1s en el caso de los pr\u00e9stamos con garant\u00eda hipotecaria. Esto se debe a que es tu vivienda la que est\u00e1s poniendo como garant\u00eda de cumplimiento.<\/p>\n<p><img decoding=\"async\" class=\"alignright size-full wp-image-335\" src=\"http:\/\/loanstar.com\/es\/wp-content\/uploads\/sites\/10\/2018\/11\/person_finance_1.svg\" alt=\"\" width=\"312\" \/>A los interesados en este tipo de pr\u00e9stamo, les recomendamos especialmente que sean reflexivos. Es necesario que analicen las diferentes alternativas y tomen una decisi\u00f3n basada en un an\u00e1lisis objetivo y l\u00f3gico.<\/p>\n<p>Los clientes deber\u00edan tener un plan detallado y realista respecto a c\u00f3mo van a afrontar la responsabilidad de pago. No deben tomar a la ligera este aspecto ni hacer suposiciones demasiado optimistas en relaci\u00f3n a lo que suceder\u00e1 en el futuro con su situaci\u00f3n financiera. Podr\u00edan perder su vivienda debido al incumplimiento de sus compromisos en caso de calcular mal su futuro financiero.<\/p>\n<h2>Investigar debidamente y elegir la mejor opci\u00f3n<\/h2>\n<p>Una medida oportuna que las personas interesadas en contratar un pr\u00e9stamo con garant\u00eda hipotecaria pueden adoptar es investigar con la debida profundidad a las compa\u00f1\u00edas que ofrecen este tipo de servicios. Como en todos los sectores, no todas las empresas son iguales.<\/p>\n<p><img decoding=\"async\" loading=\"lazy\" class=\"wp-image-110 alignright\" src=\"http:\/\/loanstar.com\/es\/wp-content\/uploads\/sites\/10\/2018\/09\/home_ill_big_2-1.svg\" alt=\"home_ill_big_2\" width=\"214\" height=\"222\" \/>Es conveniente que los clientes verifiquen el origen de estas empresas, su trayectoria y qui\u00e9nes son sus fundadores y directores. Tambi\u00e9n es adecuado comprobar que ni ellos ni la compa\u00f1\u00eda hayan tenido problemas legales en el pasado y que todo luzca acorde a los requerimientos de la ley. La confianza y transparencia son los pilares m\u00e1s importantes para tomar una decisi\u00f3n acertada.<\/p>\n<p>Asimismo, es muy importante que los clientes lean en su totalidad la documentaci\u00f3n que la compa\u00f1\u00eda prestamista les presentar\u00e1. Es necesario que entiendan todos los puntos ah\u00ed estipulados, incluyendo los tecnicismos que los contratos suelen contener.<\/p>\n<p>En este caso en especial, trat\u00e1ndose de un bien muy preciado y costoso como suele ser la vivienda, no est\u00e1 de m\u00e1s que el contrato sea revisado por un profesional experto como un abogado, s\u00f3lo para cerciorarse que lo mencionado por los representantes de la empresa, realmente se ve reflejado en la documentaci\u00f3n a firmar.<\/p>\n","protected":false},"excerpt":{"rendered":"<p>Pr\u00e9stamos con garant\u00eda hipotecaria: una alternativa para obtener liquidez Los pr\u00e9stamos con garant\u00eda hipotecaria son un producto que existe desde&#8230;<\/p>\n","protected":false},"author":1,"featured_media":0,"parent":64,"menu_order":0,"comment_status":"closed","ping_status":"closed","template":"templates\/calculator-follow-up.php","meta":{"footnotes":""},"yoast_head":"<!-- This site is optimized with the Yoast SEO plugin v21.0 - https:\/\/yoast.com\/wordpress\/plugins\/seo\/ -->\n<title>Pr\u00e9stamos con Garant\u00eda Hipotecaria - LoanStar<\/title>\n<meta name=\"description\" content=\"Soluciona tus problemas de impagos, liquidez, subastas o embargos. El \u00fanico requisito es tener una propiedad como garant\u00eda hipotecaria. Solicita aqu\u00ed y ahora\" \/>\n<meta name=\"robots\" content=\"index, follow, max-snippet:-1, max-image-preview:large, max-video-preview:-1\" \/>\n<link rel=\"canonical\" href=\"https:\/\/loanstar.com\/es\/prestamos\/hipotecas\/\" \/>\n<meta property=\"og:locale\" content=\"es_ES\" \/>\n<meta property=\"og:type\" content=\"article\" \/>\n<meta property=\"og:title\" content=\"Pr\u00e9stamos con Garant\u00eda Hipotecaria - LoanStar\" \/>\n<meta property=\"og:description\" content=\"Soluciona tus problemas de impagos, liquidez, subastas o embargos. El \u00fanico requisito es tener una propiedad como garant\u00eda hipotecaria. Solicita aqu\u00ed y ahora\" \/>\n<meta property=\"og:url\" content=\"https:\/\/loanstar.com\/es\/prestamos\/hipotecas\/\" \/>\n<meta property=\"og:site_name\" content=\"LoanStar Espa\u00f1a\" \/>\n<meta property=\"article:modified_time\" content=\"2019-06-20T18:42:23+00:00\" \/>\n<meta property=\"og:image\" content=\"http:\/\/loanstar.com\/es\/wp-content\/uploads\/sites\/10\/2018\/09\/ill_body_11.svg\" \/>\n<meta name=\"twitter:card\" content=\"summary_large_image\" \/>\n<meta name=\"twitter:label1\" content=\"Tiempo de lectura\" \/>\n\t<meta name=\"twitter:data1\" content=\"5 minutos\" \/>\n<script type=\"application\/ld+json\" class=\"yoast-schema-graph\">{\"@context\":\"https:\/\/schema.org\",\"@graph\":[{\"@type\":\"WebPage\",\"@id\":\"https:\/\/loanstar.com\/es\/prestamos\/hipotecas\/\",\"url\":\"https:\/\/loanstar.com\/es\/prestamos\/hipotecas\/\",\"name\":\"Pr\u00e9stamos con Garant\u00eda Hipotecaria - LoanStar\",\"isPartOf\":{\"@id\":\"https:\/\/loanstar.com\/es\/#website\"},\"datePublished\":\"2018-09-21T08:10:30+00:00\",\"dateModified\":\"2019-06-20T18:42:23+00:00\",\"description\":\"Soluciona tus problemas de impagos, liquidez, subastas o embargos. El \u00fanico requisito es tener una propiedad como garant\u00eda hipotecaria. Solicita aqu\u00ed y ahora\",\"breadcrumb\":{\"@id\":\"https:\/\/loanstar.com\/es\/prestamos\/hipotecas\/#breadcrumb\"},\"inLanguage\":\"es\",\"potentialAction\":[{\"@type\":\"ReadAction\",\"target\":[\"https:\/\/loanstar.com\/es\/prestamos\/hipotecas\/\"]}]},{\"@type\":\"BreadcrumbList\",\"@id\":\"https:\/\/loanstar.com\/es\/prestamos\/hipotecas\/#breadcrumb\",\"itemListElement\":[{\"@type\":\"ListItem\",\"position\":1,\"name\":\"Espa\u00f1a\",\"item\":\"https:\/\/loanstar.com\/es\/\"},{\"@type\":\"ListItem\",\"position\":2,\"name\":\"Pr\u00e9stamos Online\",\"item\":\"https:\/\/loanstar.com\/es\/prestamos\/\"},{\"@type\":\"ListItem\",\"position\":3,\"name\":\"Pr\u00e9stamos con Garant\u00eda Hipotecaria\"}]},{\"@type\":\"WebSite\",\"@id\":\"https:\/\/loanstar.com\/es\/#website\",\"url\":\"https:\/\/loanstar.com\/es\/\",\"name\":\"LoanStar Espa\u00f1a\",\"description\":\"Comparar pr\u00e9stamos\",\"potentialAction\":[{\"@type\":\"SearchAction\",\"target\":{\"@type\":\"EntryPoint\",\"urlTemplate\":\"https:\/\/loanstar.com\/es\/?s={search_term_string}\"},\"query-input\":\"required name=search_term_string\"}],\"inLanguage\":\"es\"}]}<\/script>\n<!-- \/ Yoast SEO plugin. -->","yoast_head_json":{"title":"Pr\u00e9stamos con Garant\u00eda Hipotecaria - LoanStar","description":"Soluciona tus problemas de impagos, liquidez, subastas o embargos. El \u00fanico requisito es tener una propiedad como garant\u00eda hipotecaria. Solicita aqu\u00ed y ahora","robots":{"index":"index","follow":"follow","max-snippet":"max-snippet:-1","max-image-preview":"max-image-preview:large","max-video-preview":"max-video-preview:-1"},"canonical":"https:\/\/loanstar.com\/es\/prestamos\/hipotecas\/","og_locale":"es_ES","og_type":"article","og_title":"Pr\u00e9stamos con Garant\u00eda Hipotecaria - LoanStar","og_description":"Soluciona tus problemas de impagos, liquidez, subastas o embargos. El \u00fanico requisito es tener una propiedad como garant\u00eda hipotecaria. Solicita aqu\u00ed y ahora","og_url":"https:\/\/loanstar.com\/es\/prestamos\/hipotecas\/","og_site_name":"LoanStar Espa\u00f1a","article_modified_time":"2019-06-20T18:42:23+00:00","og_image":[{"url":"http:\/\/loanstar.com\/es\/wp-content\/uploads\/sites\/10\/2018\/09\/ill_body_11.svg"}],"twitter_card":"summary_large_image","twitter_misc":{"Tiempo de lectura":"5 minutos"},"schema":{"@context":"https:\/\/schema.org","@graph":[{"@type":"WebPage","@id":"https:\/\/loanstar.com\/es\/prestamos\/hipotecas\/","url":"https:\/\/loanstar.com\/es\/prestamos\/hipotecas\/","name":"Pr\u00e9stamos con Garant\u00eda Hipotecaria - LoanStar","isPartOf":{"@id":"https:\/\/loanstar.com\/es\/#website"},"datePublished":"2018-09-21T08:10:30+00:00","dateModified":"2019-06-20T18:42:23+00:00","description":"Soluciona tus problemas de impagos, liquidez, subastas o embargos. El \u00fanico requisito es tener una propiedad como garant\u00eda hipotecaria. Solicita aqu\u00ed y ahora","breadcrumb":{"@id":"https:\/\/loanstar.com\/es\/prestamos\/hipotecas\/#breadcrumb"},"inLanguage":"es","potentialAction":[{"@type":"ReadAction","target":["https:\/\/loanstar.com\/es\/prestamos\/hipotecas\/"]}]},{"@type":"BreadcrumbList","@id":"https:\/\/loanstar.com\/es\/prestamos\/hipotecas\/#breadcrumb","itemListElement":[{"@type":"ListItem","position":1,"name":"Espa\u00f1a","item":"https:\/\/loanstar.com\/es\/"},{"@type":"ListItem","position":2,"name":"Pr\u00e9stamos Online","item":"https:\/\/loanstar.com\/es\/prestamos\/"},{"@type":"ListItem","position":3,"name":"Pr\u00e9stamos con Garant\u00eda Hipotecaria"}]},{"@type":"WebSite","@id":"https:\/\/loanstar.com\/es\/#website","url":"https:\/\/loanstar.com\/es\/","name":"LoanStar Espa\u00f1a","description":"Comparar pr\u00e9stamos","potentialAction":[{"@type":"SearchAction","target":{"@type":"EntryPoint","urlTemplate":"https:\/\/loanstar.com\/es\/?s={search_term_string}"},"query-input":"required name=search_term_string"}],"inLanguage":"es"}]}},"_links":{"self":[{"href":"https:\/\/loanstar.com\/es\/wp-json\/wp\/v2\/pages\/150"}],"collection":[{"href":"https:\/\/loanstar.com\/es\/wp-json\/wp\/v2\/pages"}],"about":[{"href":"https:\/\/loanstar.com\/es\/wp-json\/wp\/v2\/types\/page"}],"author":[{"embeddable":true,"href":"https:\/\/loanstar.com\/es\/wp-json\/wp\/v2\/users\/1"}],"replies":[{"embeddable":true,"href":"https:\/\/loanstar.com\/es\/wp-json\/wp\/v2\/comments?post=150"}],"version-history":[{"count":1,"href":"https:\/\/loanstar.com\/es\/wp-json\/wp\/v2\/pages\/150\/revisions"}],"predecessor-version":[{"id":510,"href":"https:\/\/loanstar.com\/es\/wp-json\/wp\/v2\/pages\/150\/revisions\/510"}],"up":[{"embeddable":true,"href":"https:\/\/loanstar.com\/es\/wp-json\/wp\/v2\/pages\/64"}],"wp:attachment":[{"href":"https:\/\/loanstar.com\/es\/wp-json\/wp\/v2\/media?parent=150"}],"curies":[{"name":"wp","href":"https:\/\/api.w.org\/{rel}","templated":true}]}}