{"id":148,"date":"2018-09-21T08:09:22","date_gmt":"2018-09-21T08:09:22","guid":{"rendered":"http:\/\/loanstar.com\/es\/?page_id=148"},"modified":"2019-11-20T08:13:30","modified_gmt":"2019-11-20T08:13:30","slug":"prestamo-por-tu-coche","status":"publish","type":"page","link":"https:\/\/loanstar.com\/es\/prestamos\/prestamo-por-tu-coche\/","title":{"rendered":"Pr\u00e9stamo por tu coche"},"content":{"rendered":"<h1>\u00bfQu\u00e9 son los pr\u00e9stamos por tu coche?<\/h1>\n<p>Los pr\u00e9stamos personales usando tu coche como garant\u00eda son una modalidad relativamente nueva en el mercado espa\u00f1ol. Son una alternativa muy eficiente para obtener un cr\u00e9dito de manera r\u00e1pida y pr\u00e1ctica.<\/p>\n<h2><\/h2>\n<p><img decoding=\"async\" class=\"alignright size-full wp-image-51\" src=\"http:\/\/loanstar.com\/es\/wp-content\/uploads\/sites\/10\/2018\/09\/ill_body_6.svg\" alt=\"ill_body_6\" width=\"312\" \/>Esta opci\u00f3n de pr\u00e9stamos funciona, b\u00e1sicamente, al poner tu coche como aval por el dinero que tomas prestado. Pagar\u00e1s una cuota con periodicidad mensual. Dichas cuotas se calculan a partir de la\u00a0 tasaci\u00f3n de tu coche. Esta cantidad se divide por el n\u00famero total de meses pactado, a la que tambi\u00e9n hay que sumarle los intereses.<\/p>\n<p>Esta modalidad de pr\u00e9stamo es una alternativa viable para quienes por motivos diversos no pueden acceder a un cr\u00e9dito convencional. Sobre todo para quienes no cumplen los requisitos que exigen las entidades financieras tradicionales.<\/p>\n<p>Sin embargo, debemos advertirte que, en esta modalidad siempre cabe la posibilidad de que pierdas tu veh\u00edculo. Eso suceder\u00e1 en el caso de que no puedas afrontar la responsabilidad de pago. Por este motivo, te sugerimos que antes de optar por esta alternativa, eval\u00faes al detalle si es una buena idea para tu situaci\u00f3n econ\u00f3mica actual.<\/p>\n<h2>Un proceso sencillo, \u00e1gil y eficiente para obtener pr\u00e9stamos personales<\/h2>\n<p>La modalidad de pr\u00e9stamo por tu coche contempla un proceso sumamente f\u00e1cil y conveniente para el cliente interesado.<\/p>\n<p><img decoding=\"async\" class=\"alignright size-full wp-image-58\" src=\"http:\/\/loanstar.com\/es\/wp-content\/uploads\/sites\/10\/2018\/09\/ill_body_13.svg\" alt=\"ill_body_13\" width=\"312\" \/>Todo empieza visitando cualquiera de las p\u00e1ginas web de los proveedores. Estas funcionan como intermediarios del servicio. Entre ellas se encuentran, por ejemplo, Gedescoche, Prestacars o IBANCAR. Estas son 3 de las compa\u00f1\u00edas intermediarias m\u00e1s conocidas y confiables en el sector.<\/p>\n<p>Los intermediarios pedir\u00e1n al interesado que complete un formulario con sus datos personales y los del veh\u00edculo. Dicho formulario lo pondr\u00e1n a disposici\u00f3n de la financiera a modo de garant\u00eda.<\/p>\n<p>Una vez hayas elegido entre las opciones m\u00e1s acordes a tus necesidades y posibilidades de pago, la empresa pondr\u00e1 el dinero a tu disposici\u00f3n en un plazo menor a 48 horas.<\/p>\n<h2>Preste atenci\u00f3n a las condiciones particulares de cada prestamista<\/h2>\n<p>El cliente promedio, a no ser que tenga conocimientos legales, no entiende por completo un contrato de pr\u00e9stamo complejo. Esto es consecuencia de la cantidad de t\u00e9rminos poco cotidianos que se usan en los contratos. En segundo lugar, muchas veces no nos detenemos a leer los contratos en su totalidad, ya sea por falta de tiempo o por desidia.<\/p>\n<p>Por esto, hacemos hincapi\u00e9 en la importancia de informarse bien. Es necesario comprender qu\u00e9 nos est\u00e1n ofreciendo y qu\u00e9 tenemos que cumplir nosotros como clientes al firmar cualquier contrato.<\/p>\n<p><img decoding=\"async\" loading=\"lazy\" class=\"wp-image-23 alignleft\" src=\"http:\/\/loanstar.com\/es\/wp-content\/uploads\/sites\/10\/2018\/09\/button_10.svg\" alt=\"button_10\" width=\"258\" height=\"270\" \/>La mayor\u00eda de las veces, nos dejamos llevar por lo que el agente comercial nos dice o por los anuncios publicitarios. Estos no siempre se ajustan a la realidad. En el caso de la modalidad del pr\u00e9stamo por tu coche, sugerimos especialmente prestar atenci\u00f3n a las condiciones del contrato.<\/p>\n<p>Hay empresas que otorgan un pr\u00e9stamo por el coche y te dan la facilidad de seguir utilizando el veh\u00edculo. A veces, la mensualidad que se paga no est\u00e1 cubriendo el pr\u00e9stamo; sino que est\u00e1 pagando una especie de alquiler del autom\u00f3vil.<\/p>\n<p>En esta modalidad de pr\u00e9stamos por tu coche, en ocasiones no se est\u00e1 realizando propiamente un pr\u00e9stamo personal, sino que en realidad se est\u00e1 vendiendo el veh\u00edculo a<img decoding=\"async\" class=\"alignright size-full wp-image-19\" src=\"http:\/\/loanstar.com\/es\/wp-content\/uploads\/sites\/10\/2018\/09\/button_6.svg\" alt=\"button_6\" width=\"312\" \/> la compa\u00f1\u00eda prestataria con opci\u00f3n a una futura recompra.<\/p>\n<p>En estos casos, la compa\u00f1\u00eda ni siquiera est\u00e1 obligada a comprometerse a una tasa de inter\u00e9s en particular. Esto supone una desventaja para el cliente. Es conocido que los porcentajes de inter\u00e9s en esta modalidad suelen ser m\u00e1s elevados que en los cr\u00e9ditos tradicionales.<\/p>\n<p>&nbsp;<\/p>\n<p>De todos modos, es necesario que el cliente entienda en profundidad todas las condiciones que figuran en el contrato. Incluso puede ser interesante recurrir a ayuda profesional para corroborar los t\u00e9rminos del acuerdo.<\/p>\n<p>Como usuario de pr\u00e9stamos por el coche, debes entender que no hay mayor interesado en la claridad y transparencia que quien solicita el pr\u00e9stamo y que, de ocurrir un imprevisto, podr\u00edas perder tu veh\u00edculo, lo que supondr\u00eda\u00a0 un perjuicio considerable.<\/p>\n<h2>Inf\u00f3rmese debidamente del prestigio y la trayectoria de las compa\u00f1\u00edas<\/h2>\n\t<div class=\"list-ticks-secondary\">\r\n\t\t<ul>\n<li>Si ya decidiste que el pr\u00e9stamo por tu coche es la alternativa m\u00e1s adecuada para tu situaci\u00f3n financiera actual, es una buena idea que realices una b\u00fasqueda adecuada de las mejores condiciones y que elijas la compa\u00f1\u00eda que te parezca m\u00e1s confiable.<\/li>\n<li>Una buena medida para llegar a una buena conclusi\u00f3n al respecto consiste en fijarse en la calidad de la informaci\u00f3n y en la transparencia de la misma. Cuanta m\u00e1s informaci\u00f3n te brinde la compa\u00f1\u00eda, es m\u00e1s probable que se trate de una empresas seria y confiable.<\/li>\n<li>Otra medida que podemos tener en cuenta para verificar la confiabilidad de las compa\u00f1\u00edas de pr\u00e9stamos por tu coche, ya sean las intermediarias o las casas de empe\u00f1o, son los a\u00f1os de trayectoria. Si son empresas con vigencia en el mercado y no han estado relacionadas con situaciones que ponen en duda su credibilidad, esto nos aporta m\u00e1s seguridad.<\/li>\n<li>Tambi\u00e9n resulta una se\u00f1al de prestigio si las empresas forman parten de asociaciones que supervisan y verifican las buenas pr\u00e1cticas financieras. Estar vinculadas a este tipo de organizaciones no solo asegura un mejor servicio, sino que tambi\u00e9n nos habla del inter\u00e9s de la empresa por generar un clima de confianza.<\/li>\n<li>Una medida final interesante es verificar la identidad legal de las compa\u00f1\u00edas intermediarias. Se dan casos en que algunas empresas solamente exhiben un nombre comercial. Conocer el nombre legal de la empresa, sus fundadores, accionistas y empresas vinculadas, nos ayuda a tomar mejores decisiones.<\/li>\n<\/ul>\n\t<\/div><!-- \/.list-ticks -->\r\n\t\n","protected":false},"excerpt":{"rendered":"<p>\u00bfQu\u00e9 son los pr\u00e9stamos por tu coche? Los pr\u00e9stamos personales usando tu coche como garant\u00eda son una modalidad relativamente nueva&#8230;<\/p>\n","protected":false},"author":1,"featured_media":0,"parent":64,"menu_order":0,"comment_status":"closed","ping_status":"closed","template":"templates\/calculator-follow-up.php","meta":{"footnotes":""},"yoast_head":"<!-- This site is optimized with the Yoast SEO plugin v21.0 - https:\/\/yoast.com\/wordpress\/plugins\/seo\/ -->\n<title>Pr\u00e9stamo por tu coche como aval - Una forma diferente<\/title>\n<meta name=\"description\" content=\"Buscas un Pr\u00e9stamo por tu coche? Consigue dinero por tu coche y sigue utiliz\u00e1ndolo. Compara gratis entre las mejores ofertas y obt\u00e9n hasta un 70% del valor de tu coche.\" \/>\n<meta name=\"robots\" content=\"index, follow, max-snippet:-1, max-image-preview:large, max-video-preview:-1\" \/>\n<link rel=\"canonical\" href=\"https:\/\/loanstar.com\/es\/prestamos\/prestamo-por-tu-coche\/\" \/>\n<meta property=\"og:locale\" content=\"es_ES\" \/>\n<meta property=\"og:type\" content=\"article\" \/>\n<meta property=\"og:title\" content=\"Pr\u00e9stamo por tu coche como aval - Una forma diferente\" \/>\n<meta property=\"og:description\" content=\"Buscas un Pr\u00e9stamo por tu coche? Consigue dinero por tu coche y sigue utiliz\u00e1ndolo. Compara gratis entre las mejores ofertas y obt\u00e9n hasta un 70% del valor de tu coche.\" \/>\n<meta property=\"og:url\" content=\"https:\/\/loanstar.com\/es\/prestamos\/prestamo-por-tu-coche\/\" \/>\n<meta property=\"og:site_name\" content=\"LoanStar Espa\u00f1a\" \/>\n<meta property=\"article:modified_time\" content=\"2019-11-20T08:13:30+00:00\" \/>\n<meta property=\"og:image\" content=\"http:\/\/loanstar.com\/es\/wp-content\/uploads\/sites\/10\/2018\/09\/ill_body_6.svg\" \/>\n<meta name=\"twitter:card\" content=\"summary_large_image\" \/>\n<meta name=\"twitter:label1\" content=\"Tiempo de lectura\" \/>\n\t<meta name=\"twitter:data1\" content=\"5 minutos\" \/>\n<script type=\"application\/ld+json\" class=\"yoast-schema-graph\">{\"@context\":\"https:\/\/schema.org\",\"@graph\":[{\"@type\":\"WebPage\",\"@id\":\"https:\/\/loanstar.com\/es\/prestamos\/prestamo-por-tu-coche\/\",\"url\":\"https:\/\/loanstar.com\/es\/prestamos\/prestamo-por-tu-coche\/\",\"name\":\"Pr\u00e9stamo por tu coche como aval - Una forma diferente\",\"isPartOf\":{\"@id\":\"https:\/\/loanstar.com\/es\/#website\"},\"datePublished\":\"2018-09-21T08:09:22+00:00\",\"dateModified\":\"2019-11-20T08:13:30+00:00\",\"description\":\"Buscas un Pr\u00e9stamo por tu coche? Consigue dinero por tu coche y sigue utiliz\u00e1ndolo. Compara gratis entre las mejores ofertas y obt\u00e9n hasta un 70% del valor de tu coche.\",\"breadcrumb\":{\"@id\":\"https:\/\/loanstar.com\/es\/prestamos\/prestamo-por-tu-coche\/#breadcrumb\"},\"inLanguage\":\"es\",\"potentialAction\":[{\"@type\":\"ReadAction\",\"target\":[\"https:\/\/loanstar.com\/es\/prestamos\/prestamo-por-tu-coche\/\"]}]},{\"@type\":\"BreadcrumbList\",\"@id\":\"https:\/\/loanstar.com\/es\/prestamos\/prestamo-por-tu-coche\/#breadcrumb\",\"itemListElement\":[{\"@type\":\"ListItem\",\"position\":1,\"name\":\"Espa\u00f1a\",\"item\":\"https:\/\/loanstar.com\/es\/\"},{\"@type\":\"ListItem\",\"position\":2,\"name\":\"Pr\u00e9stamos Online\",\"item\":\"https:\/\/loanstar.com\/es\/prestamos\/\"},{\"@type\":\"ListItem\",\"position\":3,\"name\":\"Pr\u00e9stamo por tu coche\"}]},{\"@type\":\"WebSite\",\"@id\":\"https:\/\/loanstar.com\/es\/#website\",\"url\":\"https:\/\/loanstar.com\/es\/\",\"name\":\"LoanStar Espa\u00f1a\",\"description\":\"Comparar pr\u00e9stamos\",\"potentialAction\":[{\"@type\":\"SearchAction\",\"target\":{\"@type\":\"EntryPoint\",\"urlTemplate\":\"https:\/\/loanstar.com\/es\/?s={search_term_string}\"},\"query-input\":\"required name=search_term_string\"}],\"inLanguage\":\"es\"}]}<\/script>\n<!-- \/ Yoast SEO plugin. -->","yoast_head_json":{"title":"Pr\u00e9stamo por tu coche como aval - Una forma diferente","description":"Buscas un Pr\u00e9stamo por tu coche? Consigue dinero por tu coche y sigue utiliz\u00e1ndolo. Compara gratis entre las mejores ofertas y obt\u00e9n hasta un 70% del valor de tu coche.","robots":{"index":"index","follow":"follow","max-snippet":"max-snippet:-1","max-image-preview":"max-image-preview:large","max-video-preview":"max-video-preview:-1"},"canonical":"https:\/\/loanstar.com\/es\/prestamos\/prestamo-por-tu-coche\/","og_locale":"es_ES","og_type":"article","og_title":"Pr\u00e9stamo por tu coche como aval - Una forma diferente","og_description":"Buscas un Pr\u00e9stamo por tu coche? Consigue dinero por tu coche y sigue utiliz\u00e1ndolo. Compara gratis entre las mejores ofertas y obt\u00e9n hasta un 70% del valor de tu coche.","og_url":"https:\/\/loanstar.com\/es\/prestamos\/prestamo-por-tu-coche\/","og_site_name":"LoanStar Espa\u00f1a","article_modified_time":"2019-11-20T08:13:30+00:00","og_image":[{"url":"http:\/\/loanstar.com\/es\/wp-content\/uploads\/sites\/10\/2018\/09\/ill_body_6.svg"}],"twitter_card":"summary_large_image","twitter_misc":{"Tiempo de lectura":"5 minutos"},"schema":{"@context":"https:\/\/schema.org","@graph":[{"@type":"WebPage","@id":"https:\/\/loanstar.com\/es\/prestamos\/prestamo-por-tu-coche\/","url":"https:\/\/loanstar.com\/es\/prestamos\/prestamo-por-tu-coche\/","name":"Pr\u00e9stamo por tu coche como aval - Una forma diferente","isPartOf":{"@id":"https:\/\/loanstar.com\/es\/#website"},"datePublished":"2018-09-21T08:09:22+00:00","dateModified":"2019-11-20T08:13:30+00:00","description":"Buscas un Pr\u00e9stamo por tu coche? Consigue dinero por tu coche y sigue utiliz\u00e1ndolo. Compara gratis entre las mejores ofertas y obt\u00e9n hasta un 70% del valor de tu coche.","breadcrumb":{"@id":"https:\/\/loanstar.com\/es\/prestamos\/prestamo-por-tu-coche\/#breadcrumb"},"inLanguage":"es","potentialAction":[{"@type":"ReadAction","target":["https:\/\/loanstar.com\/es\/prestamos\/prestamo-por-tu-coche\/"]}]},{"@type":"BreadcrumbList","@id":"https:\/\/loanstar.com\/es\/prestamos\/prestamo-por-tu-coche\/#breadcrumb","itemListElement":[{"@type":"ListItem","position":1,"name":"Espa\u00f1a","item":"https:\/\/loanstar.com\/es\/"},{"@type":"ListItem","position":2,"name":"Pr\u00e9stamos Online","item":"https:\/\/loanstar.com\/es\/prestamos\/"},{"@type":"ListItem","position":3,"name":"Pr\u00e9stamo por tu coche"}]},{"@type":"WebSite","@id":"https:\/\/loanstar.com\/es\/#website","url":"https:\/\/loanstar.com\/es\/","name":"LoanStar Espa\u00f1a","description":"Comparar pr\u00e9stamos","potentialAction":[{"@type":"SearchAction","target":{"@type":"EntryPoint","urlTemplate":"https:\/\/loanstar.com\/es\/?s={search_term_string}"},"query-input":"required name=search_term_string"}],"inLanguage":"es"}]}},"_links":{"self":[{"href":"https:\/\/loanstar.com\/es\/wp-json\/wp\/v2\/pages\/148"}],"collection":[{"href":"https:\/\/loanstar.com\/es\/wp-json\/wp\/v2\/pages"}],"about":[{"href":"https:\/\/loanstar.com\/es\/wp-json\/wp\/v2\/types\/page"}],"author":[{"embeddable":true,"href":"https:\/\/loanstar.com\/es\/wp-json\/wp\/v2\/users\/1"}],"replies":[{"embeddable":true,"href":"https:\/\/loanstar.com\/es\/wp-json\/wp\/v2\/comments?post=148"}],"version-history":[{"count":1,"href":"https:\/\/loanstar.com\/es\/wp-json\/wp\/v2\/pages\/148\/revisions"}],"predecessor-version":[{"id":508,"href":"https:\/\/loanstar.com\/es\/wp-json\/wp\/v2\/pages\/148\/revisions\/508"}],"up":[{"embeddable":true,"href":"https:\/\/loanstar.com\/es\/wp-json\/wp\/v2\/pages\/64"}],"wp:attachment":[{"href":"https:\/\/loanstar.com\/es\/wp-json\/wp\/v2\/media?parent=148"}],"curies":[{"name":"wp","href":"https:\/\/api.w.org\/{rel}","templated":true}]}}