{"id":146,"date":"2018-09-21T07:59:06","date_gmt":"2018-09-21T07:59:06","guid":{"rendered":"http:\/\/loanstar.com\/es\/?page_id=146"},"modified":"2019-08-30T16:05:59","modified_gmt":"2019-08-30T16:05:59","slug":"personales","status":"publish","type":"page","link":"https:\/\/loanstar.com\/es\/prestamos\/personales\/","title":{"rendered":"Pr\u00e9stamos Personales"},"content":{"rendered":"<h2>\u00bfQu\u00e9 es un pr\u00e9stamo personal y para qu\u00e9 sirve?<\/h2>\n<p><img decoding=\"async\" class=\"size-full wp-image-115 alignright\" src=\"http:\/\/loanstar.com\/es\/wp-content\/uploads\/sites\/10\/2018\/09\/ill_gen_4-1.svg\" alt=\"\" width=\"312\" \/>Los pr\u00e9stamos personales, como producto, son contratos firmados entre una persona natural y una entidad financiera, en los que la \u00faltima se compromete a prestar un importe de dinero y la persona a devolver ese dinero m\u00e1s los intereses mediante una cantidad de cuotas. Todo esto se establece de manera previa a la firma del contrato.<\/p>\n<p>Cada vez son m\u00e1s las personas que optan por un pr\u00e9stamo personal <em>online<\/em>, pues el proceso es m\u00e1s r\u00e1pido y sencillo que solicitarlo en un banco, adem\u00e1s de tener menos requisitos.<\/p>\n<p>A lo largo de la vida es frecuente que nos enfrentemos a situaciones para las que necesitamos una cantidad de dinero muy alta y no tengamos ahorros que nos ayuden. En estos casos, es necesario obtener financiamiento de manera r\u00e1pida y los pr\u00e9stamos personales son una excelente opci\u00f3n.<\/p>\n<p>Por lo general los pr\u00e9stamos personales son utilizados para pagar estudios, restauraciones en el hogar, empezar un negocio, pagar la letra del autom\u00f3vil o para situaciones relacionadas con la salud como, por ejemplo, una operaci\u00f3n urgente.<\/p>\n<p>As\u00ed como el proceso de obtenci\u00f3n es sencillo y r\u00e1pido, tambi\u00e9n lo es la devoluci\u00f3n. Para reembolsar el dinero puedes hacerlo a trav\u00e9s de transferencia bancaria, pagar con tu tarjeta o a trav\u00e9s de ingresos en caja en el banco.<\/p>\n<h2>Cantidades y plazos de los pr\u00e9stamos personales<\/h2>\n<p><img decoding=\"async\" class=\"size-full wp-image-62 alignright\" src=\"http:\/\/loanstar.com\/es\/wp-content\/uploads\/sites\/10\/2018\/09\/ill_body_17.svg\" alt=\"\" width=\"312\" \/>Las cuant\u00edas de los pr\u00e9stamos personales pueden oscilar desde un valor m\u00ednimo de 50 \u20ac y, en general, alcanzan un m\u00e1ximo de 60 000 \u20ac. Sin embargo, esta cifra puede ser incluso m\u00e1s alta. Depender\u00e1 de la entidad financiera y el motivo del pr\u00e9stamo. El plazo m\u00e1ximo de devoluci\u00f3n es de 15 a\u00f1os.<\/p>\n<p>Para pr\u00e9stamos inferiores a 2000 \u20ac, la mayor\u00eda de las entidades s\u00f3lo realizar\u00e1n una verificaci\u00f3n autom\u00e1tica <em>online<\/em>, sin necesidad de enviar copias de tus documentos o n\u00f3mina. Esto agiliza el proceso y la obtenci\u00f3n del pr\u00e9stamo.<\/p>\n<h2>Requisitos y condiciones de los pr\u00e9stamos personales<\/h2>\n<p>Como normal general, todas las empresas prestamistas exigen la mayor\u00eda de edad a sus solicitantes, adem\u00e1s de la entrega de los siguientes documentos:<br \/>\n\t<div class=\"list-ticks-secondary\">\r\n\t\t<ul>\n<li>Copia del DNI.<\/li>\n<li>Copia de la \u00faltima pensi\u00f3n, n\u00f3mina o documento que demuestre los ingresos percibidos.<\/li>\n<li>Extracto bancario.<br \/>\n\t<\/div><!-- \/.list-ticks -->\r\n\t<\/li>\n<\/ul>\n<p>Los ingresos percibidos de manera fija o estable pueden corresponder a la renta de un alquiler, una pensi\u00f3n, la prestaci\u00f3n por desempleo o alg\u00fan seguro, entre otros.<\/p>\n<h2>Alternativas para obtener un pr\u00e9stamo personal<\/h2>\n<p>El mercado financiero ha crecido bastante durante las \u00faltimas d\u00e9cadas. En especial, en los \u00faltimos a\u00f1os se ha ido modernizando, ofreciendo mayor variedad a los usuarios que requieren un producto para afrontar problemas de liquidez.<\/p>\n<p>Hay muchas entidades que ofrecen pr\u00e9stamos personales y cada una tiene sus ventajas y desventajas. Clasificamos estas entidades en bancos y cajas tradicionales, establecimientos financieros de cr\u00e9ditos (EFC) y entidades de capital privado. Cada una ofrece diferentes productos para satisfacer las m\u00faltiples y diversas necesidades de los usuarios.<\/p>\n<h2>Bancos y cajas tradicionales<\/h2>\n<p>Son la primera opci\u00f3n cuando pensamos en un pr\u00e9stamo. Son la entidad financiera por definici\u00f3n y las que m\u00e1s seguridad y confianza otorgan.<\/p>\n<p><img decoding=\"async\" class=\"size-full wp-image-60 alignright\" src=\"http:\/\/loanstar.com\/es\/wp-content\/uploads\/sites\/10\/2018\/09\/ill_body_15.svg\" alt=\"\" width=\"312\" \/>Una ventaja es que tienen un inter\u00e9s muy bajo, ya que es el Banco Central el que facilita el dinero con intereses m\u00ednimos. La desventaja es que piden documentaci\u00f3n exhaustiva, tienen requisitos m\u00e1s restrictivos y pueden llegar a tardar hasta 7 d\u00edas en entregar una respuesta a la solicitud.<\/p>\n<p>Pese a lo anterior, muchos bancos se est\u00e1n actualizando a trav\u00e9s de aplicaciones <em>online<\/em> para ofrecer todos los servicios y productos de manera m\u00e1s \u00e1gil a sus clientes.<\/p>\n<h2>Establecimientos financieros de cr\u00e9dito<\/h2>\n<p>Estas entidades act\u00faan bajo la regulaci\u00f3n bancaria y en el contrato especifican de manera clara y expl\u00edcita todas las condiciones del pr\u00e9stamo. Por estos motivos destacan entre sus clientes por su transparencia y seguridad.<\/p>\n<p><img decoding=\"async\" class=\"size-full wp-image-54 alignright\" src=\"http:\/\/loanstar.com\/es\/wp-content\/uploads\/sites\/10\/2018\/09\/ill_body_9.svg\" alt=\"\" width=\"312\" \/>A diferencia de los bancos, exigen menos documentaci\u00f3n y pueden entregar una respuesta r\u00e1pida, aproximadamente en un plazo de 2 d\u00edas.<\/p>\n<p>No son una opci\u00f3n para quienes est\u00e9n desempleados o aparezcan en ficheros de morosos como ASNEF y Experian, pues su solicitud ser\u00e1 rechazada.<\/p>\n<p>El inter\u00e9s de estas empresas se encuentra entre el 5% y el 15%. Existe mucha competitividad entre ellas por lo que, al solicitar un pr\u00e9stamo personal, recomendamos estudiar bien las opciones para encontrar la m\u00e1s conveniente.<\/p>\n<h3>Entidades de capital privado<\/h3>\n<p>Su desventaja es que ofrecen pr\u00e9stamos con un inter\u00e9s m\u00e1s alto. Esto se debe a que son autofinanciadas; adem\u00e1s, corren m\u00e1s riesgos en caso de impago al no tener el respaldo de un banco.<\/p>\n<p>Su ventaja es que los requisitos que piden son m\u00ednimos en comparaci\u00f3n con los bancos y las EFC. Asimismo, el proceso de solicitud, respuesta y entrega es casi inmediato en algunos casos.<\/p>\n<p>Esta es la alternativa perfecta para quienes han visto rechazada su solicitud anteriormente. Estas entidades de capital privado incluso aceptan clientes que est\u00e9n en ASNEF o con un perfil de riesgo alto.<\/p>\n<h2>Pr\u00e9stamos de capital privado con garant\u00eda<\/h2>\n<p><img decoding=\"async\" class=\"size-full wp-image-55 alignright\" src=\"http:\/\/loanstar.com\/es\/wp-content\/uploads\/sites\/10\/2018\/09\/ill_body_10.svg\" alt=\"\" width=\"312\" \/>En este tipo de producto utilizas una propiedad (terreno, casa, piso) o un veh\u00edculo de motor (motocicleta o coche) como aval para obtener el pr\u00e9stamo, por lo que no importa si est\u00e1s en listados de morosidad o tienes un perfil de riesgo.<\/p>\n<p>Con algunas de estas entidades puedes seguir utilizando tu autom\u00f3vil mientras pagas el pr\u00e9stamo m\u00e1s una cuota de uso. La cantidad que te facilitan mediante el pr\u00e9stamo depender\u00e1 de la tasaci\u00f3n del veh\u00edculo.<\/p>\n<h2>Pr\u00e9stamos Crowlending P2P<\/h2>\n\t<div class=\"list-ticks-secondary\">\r\n\t\t<ul>\n<li>Es un sistema nuevo que est\u00e1 adquiriendo popularidad \u00faltimamente al ser una opci\u00f3n f\u00e1cil, con bajos intereses y que conecta a personas en b\u00fasqueda de financiaci\u00f3n con otras interesadas en invertir.<\/li>\n<li>Son pr\u00e9stamos personales <em>online<\/em> entre particulares, cuyo inter\u00e9s m\u00ednimo es de un 6%.<\/li>\n<\/ul>\n\t<\/div><!-- \/.list-ticks -->\r\n\t\n<h2>Cr\u00e9dito de consumo en entidad bancaria de servicio privado<\/h2>\n\t<div class=\"list-ticks-secondary\">\r\n\t\t<ul>\n<li>Se conocen como cr\u00e9ditos de consumo y los ofrecen empresas comerciales como supermercados, agencias de viajes, compa\u00f1\u00edas telef\u00f3nicas e inmobiliarias al comprar alguno de sus productos.<\/li>\n<li>Son f\u00e1ciles de obtener y el plazo de devoluci\u00f3n va desde los 3 hasta los 24 meses.<\/li>\n<\/ul>\n\t<\/div><!-- \/.list-ticks -->\r\n\t\n<h2>Intereses a conocer en los pr\u00e9stamos personales<\/h2>\n<p>Solicitar un pr\u00e9stamo personal es una decisi\u00f3n que se debe tomar de manera informada, comprendiendo todas las partes del contrato, nuestras responsabilidades en \u00e9l y el coste total que significar\u00e1 para nosotros.<\/p>\n<p>El TIN y el TAE son los intereses a tener en cuenta al comparar diferentes opciones de financiamiento:<br \/>\n\t<div class=\"list-ticks-secondary\">\r\n\t\t<ul>\n<li><strong>TIN:<\/strong> es la tasa de inter\u00e9s nominal, que indica solamente el inter\u00e9s del pr\u00e9stamo en s\u00ed.<\/li>\n<li><strong>TAE:<\/strong> es la tasa anual equivalente, que indica el inter\u00e9s del pr\u00e9stamo por a\u00f1o, las comisiones y adem\u00e1s el inter\u00e9s aplicado. Este es un valor m\u00e1s aproximado a lo que tendr\u00e1s que pagar finalmente.<\/li>\n<\/ul>\n\t<\/div><!-- \/.list-ticks -->\r\n\t\nAmbos intereses dependen del importe y del plazo de devoluci\u00f3n, por lo que para comparar entre diferentes entidades debes hacerlo siempre con las mismas cifras.<\/p>\n<h2>Otros gastos asociados a los pr\u00e9stamos personales<\/h2>\n<p>Adem\u00e1s de los intereses TIN y TAE, existen otros costes asociados a la obtenci\u00f3n de un pr\u00e9stamo. Es importante considerar todos al momento de estudiar las opciones, pues al sumar cada uno de estos valores tendr\u00e1s una idea clara de cu\u00e1l es la alternativa m\u00e1s conveniente para tus necesidades.<\/p>\n<p>Estos son algunos de los gastos a los que debes prestar atenci\u00f3n:<br \/>\n\t<div class=\"list-ticks-secondary\">\r\n\t\t<ul>\n<li><strong>Comisi\u00f3n de apertura:<\/strong> es un gasto administrativo por iniciar el pr\u00e9stamo<\/li>\n<li><strong>Comisi\u00f3n de estudio:<\/strong> cualquier entidad, antes de entregar un pr\u00e9stamo, debe estudiar al cliente para decidir si es viable o no. En caso de que no aceptes el pr\u00e9stamo, no debes pagarlo, de lo contrario por lo general te lo aplican a la suma total a devolver.<\/li>\n<li><strong>Comisi\u00f3n por pago anticipado:<\/strong> si decides pagar el pr\u00e9stamo antes del plazo acordado deber\u00e1s pagar esta comisi\u00f3n, que incluye los gastos administrativos del proceso.<\/li>\n<li><strong>Comisi\u00f3n por modificaci\u00f3n de contrato:<\/strong> si quieres cambiar alguna cl\u00e1usula del contrato, como el valor de la cuota o el d\u00eda de pago, debes pagar esta comisi\u00f3n. En algunas entidades puede alcanzar los 25 \u20ac.<\/li>\n<li><strong>Comisi\u00f3n por demora en los pagos:<\/strong> en caso de que te retrases con alguna de las cuotas, la empresa prestamista te aplicar\u00e1 de inmediato un inter\u00e9s y adem\u00e1s una comisi\u00f3n por dicha demora.<\/li>\n<li><strong>Gastos de notario:<\/strong> en caso de que la firma del contrato se realice ante notario, como al obtener un pr\u00e9stamo en un banco o con garant\u00eda, el que corre con esos gastos notariales eres t\u00fa.<\/li>\n<li><strong>Vinculaci\u00f3n de productos:<\/strong> algunos bancos pueden requerir que vincules otros productos como tarjetas o que abras una cuenta corriente para manejar el pr\u00e9stamo. Estos productos pueden tener costes de mantenimiento que debes considerar.<\/li>\n<\/ul>\n\t<\/div><!-- \/.list-ticks -->\r\n\t\n<h2>Consejos generales<\/h2>\n<p>Ahora que ya tienes toda la informaci\u00f3n sobre los pr\u00e9stamos personales, debes analizar tu situaci\u00f3n y concluir si es el producto que necesitas.<\/p>\n<p>Si crees que es una buena opci\u00f3n para ti, responder las siguientes preguntas te ayudar\u00e1 a decidir a qu\u00e9 entidad prestamista acudir:<br \/>\n\t<div class=\"list-ticks-secondary\">\r\n\t\t<ul>\n<li>\u00bfPara qu\u00e9 necesitas el dinero?<\/li>\n<li>\u00bfCu\u00e1nto necesitas?<\/li>\n<li>\u00bfPara cu\u00e1ndo lo necesitas?<\/li>\n<li>\u00bfCu\u00e1nto puedes pagar cada mes?<\/li>\n<\/ul>\n\t<\/div><!-- \/.list-ticks -->\r\n\t\nSi tras responder te das cuenta que la cantidad que necesitas no es tan alta, puedes recurrir a otros productos como los cr\u00e9ditos r\u00e1pidos, que tienen menores intereses.<\/p>\n","protected":false},"excerpt":{"rendered":"<p>\u00bfQu\u00e9 es un pr\u00e9stamo personal y para qu\u00e9 sirve? Los pr\u00e9stamos personales, como producto, son contratos firmados entre una persona&#8230;<\/p>\n","protected":false},"author":1,"featured_media":0,"parent":64,"menu_order":0,"comment_status":"closed","ping_status":"closed","template":"templates\/calculator-follow-up.php","meta":{"footnotes":""},"yoast_head":"<!-- This site is optimized with the Yoast SEO plugin v21.0 - https:\/\/yoast.com\/wordpress\/plugins\/seo\/ -->\n<title>Pr\u00e9stamos Personales 50 - 60.000 \u20ac - Ciudadano espa\u00f1ol<\/title>\n<meta name=\"description\" content=\"\u00bfBuscas un pr\u00e9stamo personal? Compara gratis entre las mejores ofertas y obt\u00e9n el dinero de una foma sencilla y r\u00e1pida para hacer frente a tus necesidades.\" \/>\n<meta name=\"robots\" content=\"index, follow, max-snippet:-1, max-image-preview:large, max-video-preview:-1\" \/>\n<link rel=\"canonical\" href=\"https:\/\/loanstar.com\/es\/prestamos\/personales\/\" \/>\n<meta property=\"og:locale\" content=\"es_ES\" \/>\n<meta property=\"og:type\" content=\"article\" \/>\n<meta property=\"og:title\" content=\"Pr\u00e9stamos Personales 50 - 60.000 \u20ac - Ciudadano espa\u00f1ol\" \/>\n<meta property=\"og:description\" content=\"\u00bfBuscas un pr\u00e9stamo personal? Compara gratis entre las mejores ofertas y obt\u00e9n el dinero de una foma sencilla y r\u00e1pida para hacer frente a tus necesidades.\" \/>\n<meta property=\"og:url\" content=\"https:\/\/loanstar.com\/es\/prestamos\/personales\/\" \/>\n<meta property=\"og:site_name\" content=\"LoanStar Espa\u00f1a\" \/>\n<meta property=\"article:modified_time\" content=\"2019-08-30T16:05:59+00:00\" \/>\n<meta property=\"og:image\" content=\"http:\/\/loanstar.com\/es\/wp-content\/uploads\/sites\/10\/2018\/09\/ill_gen_4-1.svg\" \/>\n<meta name=\"twitter:card\" content=\"summary_large_image\" \/>\n<meta name=\"twitter:label1\" content=\"Tiempo de lectura\" \/>\n\t<meta name=\"twitter:data1\" content=\"8 minutos\" \/>\n<script type=\"application\/ld+json\" class=\"yoast-schema-graph\">{\"@context\":\"https:\/\/schema.org\",\"@graph\":[{\"@type\":\"WebPage\",\"@id\":\"https:\/\/loanstar.com\/es\/prestamos\/personales\/\",\"url\":\"https:\/\/loanstar.com\/es\/prestamos\/personales\/\",\"name\":\"Pr\u00e9stamos Personales 50 - 60.000 \u20ac - Ciudadano espa\u00f1ol\",\"isPartOf\":{\"@id\":\"https:\/\/loanstar.com\/es\/#website\"},\"datePublished\":\"2018-09-21T07:59:06+00:00\",\"dateModified\":\"2019-08-30T16:05:59+00:00\",\"description\":\"\u00bfBuscas un pr\u00e9stamo personal? Compara gratis entre las mejores ofertas y obt\u00e9n el dinero de una foma sencilla y r\u00e1pida para hacer frente a tus necesidades.\",\"breadcrumb\":{\"@id\":\"https:\/\/loanstar.com\/es\/prestamos\/personales\/#breadcrumb\"},\"inLanguage\":\"es\",\"potentialAction\":[{\"@type\":\"ReadAction\",\"target\":[\"https:\/\/loanstar.com\/es\/prestamos\/personales\/\"]}]},{\"@type\":\"BreadcrumbList\",\"@id\":\"https:\/\/loanstar.com\/es\/prestamos\/personales\/#breadcrumb\",\"itemListElement\":[{\"@type\":\"ListItem\",\"position\":1,\"name\":\"Espa\u00f1a\",\"item\":\"https:\/\/loanstar.com\/es\/\"},{\"@type\":\"ListItem\",\"position\":2,\"name\":\"Pr\u00e9stamos Online\",\"item\":\"https:\/\/loanstar.com\/es\/prestamos\/\"},{\"@type\":\"ListItem\",\"position\":3,\"name\":\"Pr\u00e9stamos Personales\"}]},{\"@type\":\"WebSite\",\"@id\":\"https:\/\/loanstar.com\/es\/#website\",\"url\":\"https:\/\/loanstar.com\/es\/\",\"name\":\"LoanStar Espa\u00f1a\",\"description\":\"Comparar pr\u00e9stamos\",\"potentialAction\":[{\"@type\":\"SearchAction\",\"target\":{\"@type\":\"EntryPoint\",\"urlTemplate\":\"https:\/\/loanstar.com\/es\/?s={search_term_string}\"},\"query-input\":\"required name=search_term_string\"}],\"inLanguage\":\"es\"}]}<\/script>\n<!-- \/ Yoast SEO plugin. -->","yoast_head_json":{"title":"Pr\u00e9stamos Personales 50 - 60.000 \u20ac - Ciudadano espa\u00f1ol","description":"\u00bfBuscas un pr\u00e9stamo personal? Compara gratis entre las mejores ofertas y obt\u00e9n el dinero de una foma sencilla y r\u00e1pida para hacer frente a tus necesidades.","robots":{"index":"index","follow":"follow","max-snippet":"max-snippet:-1","max-image-preview":"max-image-preview:large","max-video-preview":"max-video-preview:-1"},"canonical":"https:\/\/loanstar.com\/es\/prestamos\/personales\/","og_locale":"es_ES","og_type":"article","og_title":"Pr\u00e9stamos Personales 50 - 60.000 \u20ac - Ciudadano espa\u00f1ol","og_description":"\u00bfBuscas un pr\u00e9stamo personal? Compara gratis entre las mejores ofertas y obt\u00e9n el dinero de una foma sencilla y r\u00e1pida para hacer frente a tus necesidades.","og_url":"https:\/\/loanstar.com\/es\/prestamos\/personales\/","og_site_name":"LoanStar Espa\u00f1a","article_modified_time":"2019-08-30T16:05:59+00:00","og_image":[{"url":"http:\/\/loanstar.com\/es\/wp-content\/uploads\/sites\/10\/2018\/09\/ill_gen_4-1.svg"}],"twitter_card":"summary_large_image","twitter_misc":{"Tiempo de lectura":"8 minutos"},"schema":{"@context":"https:\/\/schema.org","@graph":[{"@type":"WebPage","@id":"https:\/\/loanstar.com\/es\/prestamos\/personales\/","url":"https:\/\/loanstar.com\/es\/prestamos\/personales\/","name":"Pr\u00e9stamos Personales 50 - 60.000 \u20ac - Ciudadano espa\u00f1ol","isPartOf":{"@id":"https:\/\/loanstar.com\/es\/#website"},"datePublished":"2018-09-21T07:59:06+00:00","dateModified":"2019-08-30T16:05:59+00:00","description":"\u00bfBuscas un pr\u00e9stamo personal? Compara gratis entre las mejores ofertas y obt\u00e9n el dinero de una foma sencilla y r\u00e1pida para hacer frente a tus necesidades.","breadcrumb":{"@id":"https:\/\/loanstar.com\/es\/prestamos\/personales\/#breadcrumb"},"inLanguage":"es","potentialAction":[{"@type":"ReadAction","target":["https:\/\/loanstar.com\/es\/prestamos\/personales\/"]}]},{"@type":"BreadcrumbList","@id":"https:\/\/loanstar.com\/es\/prestamos\/personales\/#breadcrumb","itemListElement":[{"@type":"ListItem","position":1,"name":"Espa\u00f1a","item":"https:\/\/loanstar.com\/es\/"},{"@type":"ListItem","position":2,"name":"Pr\u00e9stamos Online","item":"https:\/\/loanstar.com\/es\/prestamos\/"},{"@type":"ListItem","position":3,"name":"Pr\u00e9stamos Personales"}]},{"@type":"WebSite","@id":"https:\/\/loanstar.com\/es\/#website","url":"https:\/\/loanstar.com\/es\/","name":"LoanStar Espa\u00f1a","description":"Comparar pr\u00e9stamos","potentialAction":[{"@type":"SearchAction","target":{"@type":"EntryPoint","urlTemplate":"https:\/\/loanstar.com\/es\/?s={search_term_string}"},"query-input":"required name=search_term_string"}],"inLanguage":"es"}]}},"_links":{"self":[{"href":"https:\/\/loanstar.com\/es\/wp-json\/wp\/v2\/pages\/146"}],"collection":[{"href":"https:\/\/loanstar.com\/es\/wp-json\/wp\/v2\/pages"}],"about":[{"href":"https:\/\/loanstar.com\/es\/wp-json\/wp\/v2\/types\/page"}],"author":[{"embeddable":true,"href":"https:\/\/loanstar.com\/es\/wp-json\/wp\/v2\/users\/1"}],"replies":[{"embeddable":true,"href":"https:\/\/loanstar.com\/es\/wp-json\/wp\/v2\/comments?post=146"}],"version-history":[{"count":3,"href":"https:\/\/loanstar.com\/es\/wp-json\/wp\/v2\/pages\/146\/revisions"}],"predecessor-version":[{"id":506,"href":"https:\/\/loanstar.com\/es\/wp-json\/wp\/v2\/pages\/146\/revisions\/506"}],"up":[{"embeddable":true,"href":"https:\/\/loanstar.com\/es\/wp-json\/wp\/v2\/pages\/64"}],"wp:attachment":[{"href":"https:\/\/loanstar.com\/es\/wp-json\/wp\/v2\/media?parent=146"}],"curies":[{"name":"wp","href":"https:\/\/api.w.org\/{rel}","templated":true}]}}