{"id":9,"date":"2018-10-02T11:00:51","date_gmt":"2018-10-02T11:00:51","guid":{"rendered":"http:\/\/loanstar.com\/ee\/?page_id=9"},"modified":"2019-08-27T11:40:20","modified_gmt":"2019-08-27T08:40:20","slug":"laenud","status":"publish","type":"page","link":"https:\/\/loanstar.com\/ee\/laenud\/","title":{"rendered":"Laenud"},"content":{"rendered":"<h2>Eesti laenuturg on \u00f5ide puhkenud!<\/h2>\n<p><img decoding=\"async\" loading=\"lazy\" class=\"alignright wp-image-47 size-full\" src=\"http:\/\/loanstar.com\/ee\/wp-content\/uploads\/sites\/14\/2018\/10\/ill_gen_4.svg\" alt=\"Laenud ja raha laenamine v\u00f5ivad praegu olla tulusamad kui kunagi varem.\" width=\"312\" height=\"150\" \/>P\u00f5hjuseid, miks laenud ja raha laenamine v\u00f5ivad praegu olla soodsamad kui kunagi varem, on rohkem kui \u00fcks. Ilmselt on paljud meist t\u00e4hele pannud, et intressim\u00e4\u00e4rad p\u00fcsivad Eestis j\u00e4tkuvalt suhteliselt madalal tasemel.<\/p>\n<p>Just intress ongi erinevate laenude juures suurim kuluartikkel ja \u00fcldiselt madalal p\u00fcsivad intressim\u00e4\u00e4rad ongi seet\u00f5ttu laenud \u00fcpris soodsaks muutnud. Ent see ei ole ainus p\u00f5hjus, miks saad taotleda erinevat t\u00fc\u00fcpi laene v\u00e4ga madala tasu eest. T\u00e4nasesse laenuv\u00f5tja jaoks positiivsesse laenuturu olukorda panustab ka v\u00e4ga suur pankade ja teiste finantsasutuste omavaheline konkurents.<\/p>\n<p>Turul leidub lihtsalt suur hulk laenuandjaid, kes sooviksid sind oma kliendina n\u00e4ha. Seega pole ime, kui sulle pakutakse paremat intressi kliendiks meelitamise nimel, sarnaselt mobiilsideteenuste operaatoritele, kes endale kliente meelitavad.<\/p>\n<h2>T\u00e4naselt turult leiab sobiva pakkumise iga soovija<\/h2>\n<p>V\u00e4lja arenenud laenuturg on tekitanud olukorra, kus sobiva pakkumise leiab iga\u00fcks. Kui m\u00f5ned pangad ja finantsasutused spetsialiseeruvad konkreetsetele laenut\u00fc\u00fcpidele, pakuvad teised erinevaid laenut\u00fc\u00fcpe.<\/p>\n<p><img decoding=\"async\" loading=\"lazy\" class=\"alignright wp-image-46 size-full\" src=\"http:\/\/loanstar.com\/ee\/wp-content\/uploads\/sites\/14\/2018\/10\/ill_gen_3.svg\" alt=\"Laenud on k\u00f5igile - t\u00e4naselt turult leiab sobiva pakkumise iga soovija.\" width=\"312\" height=\"150\" \/> Tihe konkurents turul on toonud kaasa uuenduslikke lahendusi ja t\u00e4na on v\u00f5imalik taotleda t\u00e4pselt sinu vajaduste jaoks m\u00f5eldud laenu ning krediiti. Finantstehingud, mida saab teha veebis kodust lahkumata, on muutunud tehnoloogia arengu m\u00f5jul turvaliseks ja laenuandja saab automaatsete teenustega laenuv\u00f5tja maksev\u00f5ime hindamiseks kiiresti teavet hankida.<\/p>\n<p>Vaid m\u00f5ned aastad tagasi oli ainus v\u00f5imalus selleks leppida kokku kohtumine panga esindajaga ja laenu saamiseks vajalike toimingute tegemine v\u00f5is v\u00f5tta p\u00e4evi. Asjaolu, et pangad pidid laenutaotluste l\u00e4bivaatamiseks spetsiaalset palgalist t\u00f6\u00f6j\u00f5udu kasutama, m\u00f5jutas ka laenu kogumaksumust.<\/p>\n<p>T\u00e4na saavad laenuandjad t\u00f6\u00f6tada kiiremini ja paremate marginaalidega ning laenud on sinu kui kliendi jaoks seet\u00f5ttu ka odavamad. Paljud laenuasutused t\u00f6\u00f6tavad t\u00e4ielikult internetis (m\u00f5tle ise, kui suur on hea asukohaga kontorite igakuine kulu) ja laenu taotlemiseks vajad vaid interneti\u00fchendust ning seadet, millega internetti minna.<\/p>\n<p>Meie veebilehe eesm\u00e4rk ongi olla teejuhiks t\u00e4nasel p\u00e4eval pakutavates laenudes ja aidata sul leida sinu jaoks \u00f5ige tee kasvavate ning j\u00e4rjest raskemini hoomatavate pakkumiste seas.<\/p>\n<h2>K\u00f5ige kasulikumad laenud leiad meie teenusega<\/h2>\n<p>Oleme n\u00fc\u00fcd selgitanud, miks on just praegu head v\u00e4ljavaated kasuliku ja just sinule sobiva laenu leidmiseks. Siiski peab olema teadlik, et parima turul pakutava laenu leidmine n\u00f5uab alati eelnevat t\u00f6\u00f6d ja pakkumiste v\u00f5rdlemist.<\/p>\n<p>Eelk\u00f5ige pead enda jaoks v\u00e4lja selgitama, millist t\u00fc\u00fcpi laenu t\u00e4pselt vajad. Veidi allpool k\u00e4sitleme selleks m\u00f5ningaid tavalisemaid laenude t\u00fc\u00fcpe. Seej\u00e4rel peaksid v\u00f5rdlema, milliseid laene konkreetses kategoorias pakutakse ja enne laenuotsuse tegemist kaaluma mitmeid olulisi tegureid.<\/p>\n<p><img decoding=\"async\" loading=\"lazy\" class=\"alignright wp-image-40 size-full\" src=\"http:\/\/loanstar.com\/ee\/wp-content\/uploads\/sites\/14\/2018\/10\/home_ill_big_2.svg\" alt=\"K\u00f5ige kasulikumad laenud leiad meie teenusega.\" width=\"312\" height=\"150\" \/> V\u00f5ib k\u00fcll tunduda, et headel tingimustel raha laenamise v\u00f5imaluse leidmine t\u00e4hendab palju t\u00f6\u00f6d. Ent tehnika areng on muutnud t\u00e4nap\u00e4eval laenude v\u00f5rdlemise inimestele oluliselt mugavamaks.<\/p>\n<p>T\u00e4na ei pea sa isegi ise laenupakkujatega \u00fchendust v\u00f5tma \u2013 meie veebilehel saad sekunditega andmed soovitud laenu kohta, mis vastab sinu m\u00e4\u00e4ratud detailsetele kriteeriumitele. Soovitame sul seda v\u00f5imalust kindlasti kasutada.<\/p>\n<p>Internetis laene v\u00f5rreldes ei ole sul midagi kaotada. V\u00f5id palju s\u00e4\u00e4sta vaid v\u00e4ikese pingutusega ning leida seejuures omale laenu, mis sobib t\u00e4iuslikult just sinu elukorraldusega. T\u00e4nap\u00e4eval on seega ka raha laenamine v\u00f5imalik v\u00e4ga t\u00e4pseks muuta.<\/p>\n<h2>Intress ei ole ainus asi, mida peaksid laene v\u00f5rreldes j\u00e4lgima<\/h2>\n<p>Madal intress on k\u00fcll oluline, kuid vahel t\u00e4htsustatakse seda \u00fcle (sellest lihtsalt r\u00e4\u00e4gitakse k\u00f5ige rohkem!). Loomulikult on hea, kui intress on raha laenates madal, kuid eelk\u00f5ige v\u00f5iksid vaadata laenu kogumaksumust, mitte vaid igakuist makset.<\/p>\n<p><img decoding=\"async\" loading=\"lazy\" class=\"alignright wp-image-226 size-full\" src=\"http:\/\/loanstar.com\/ee\/wp-content\/uploads\/sites\/14\/2018\/11\/savings_2.svg\" alt=\"Intressita laenud on erilised, sest kohe on n\u00e4ha laenu kogumaksumus.\" width=\"312\" height=\"150\" \/> Nimelt sisaldab kogumaksumus ka muid kulusid, mis j\u00e4\u00e4vad algselt sageli t\u00e4helepanuta. V\u00e4iksemate laenude puhul v\u00f5ib laenu vormistamise tasu olla palju m\u00e4\u00e4ravam, kui tagasimakstav summa.<\/p>\n<p>Seda peaksid arvestama ka intressita laenude puhul, mis kummalisel kombel ei pruugigi olla odavamad kui samas mahus laenud, mis sisaldavad intressi! Intressita laenud on erilised, sest kohe on n\u00e4ha laenu kogumaksumus.<\/p>\n<p>Igal laenu kindlad tingimused m\u00e4\u00e4ravad \u00e4ra, kuidas, millal ja mil moel pead sa laenu tagasi maksma hakkama. Tingimused \u00fctlevad, mis juhtub, kui peaksid igakuise makse vahele j\u00e4tma ja kui sa soovid laenu hoopis varem tagasi maksta.<\/p>\n<p>Kui tead, et kipud maksetega veidi hilinema, v\u00f5ib sinu jaoks olla olulisim leida laenuandja, kelle \u00e4riideeks ei ole teenimine k\u00f5rgetelt trahvim\u00e4\u00e4radelt. Selliseid ettev\u00f5tteid tuleb t\u00f5esti ka ette!<\/p>\n<p>Lisaks v\u00f5id otsida teiste klientide arvustusi panga v\u00f5i finantsasutuse kohta, mille valimist kaalud, olgu selleks m\u00f5ni foorum, Facebook v\u00f5i mistahes muu keskkond. Nii saad kiiresti ettekujutuse, kas paljud laenajad on p\u00e4rast teatud ettev\u00f5tte valimist pettunud v\u00f5i on k\u00f5ik l\u00e4inud nende soovide kohaselt. Sellised arvustused on sageli paremad soovitajad kui mistahes reklaam.<\/p>\n<h2>Laenud ilma tagatiseta<\/h2>\n<p>Varem oli tagatiseta laenamine raske, sest vaid v\u00e4hesed pangad n\u00f5ustusid sellega. Majandusn\u00f5ustajad soovitasid nii ettev\u00f5tetel kui ka eraisikutel seda isegi mitte taotleda, sest laen tuli tavaliselt oluliselt kallim ja v\u00f5is viia v\u00e4ga suurte probleemideni, kui satuti olukorda, kus laenu ei suudetud enam tagasi maksta. Tagatiseta laenamist n\u00e4hti \u00fchek\u00fclgselt vastutustundetu k\u00e4itumisena.<\/p>\n<p><img decoding=\"async\" loading=\"lazy\" class=\"alignright wp-image-37 size-full\" src=\"http:\/\/loanstar.com\/ee\/wp-content\/uploads\/sites\/14\/2018\/10\/home_ill_1.svg\" alt=\"Laenud ilma tagatiseta on samuti populaarsed.\" width=\"312\" height=\"150\" \/>Tagatise olemasolu ei m\u00e4\u00e4ra \u00e4ra, kas laenuv\u00f5tja on krediidiv\u00f5imeline v\u00f5i mitte. Nii puuduks suuremal osal autota v\u00f5i rendipinnal elavatel inimestel igasugune ligip\u00e4\u00e4s laenuturule. Kuna see v\u00e4hendab ka pankadel teenimise v\u00f5imalusi, s\u00f5lmitakse t\u00e4nap\u00e4eval valdav osa laenusid tagatiseta.<\/p>\n<p>P\u00f5hjuseks on asjaolu, et suure osa laenuturust moodustavad \u00fcpris v\u00e4ikese summaga l\u00fchiajalised laenud. V\u00e4ikeste laenusummadega ei peeta tagatist vajalikuks, sest sellega seotud asjatoimetustele kuluks liialt palju aega.<\/p>\n<p>Nagu nimigi \u00fctleb, p\u00f5hineb <a href=\"http:\/\/loanstar.com\/ee\/laenud\/kiirlaen\/\">kiirlaen<\/a> peamiselt tingimusel, et saaksid oma raha p\u00e4rast taotlemist kiiresti k\u00e4tte. Parimal juhul juhtub see koguni \u00fche tunni jooksul. Siis ei ole loomulikult tagatise hindamiseks aega ja seega ei oleks tagatise n\u00f5udmine ka praktiline. Seega otsustavad paljud tagatist omavad kliendid siiski laenu v\u00f5tta tagatist kasutamata.<\/p>\n<p>On olemas mitut t\u00fc\u00fcpi laenud, mida sa ilma hea tagatiseta taotleda ei saa. \u00dcheks n\u00e4iteks on kodulaen, kus ostetav elamispind toimib ise juba tagatisena. Sama kipub kehtima auto v\u00f5i paadi ostmiseks raha laenates, sest selliste laenude summad ei ole enam v\u00e4ikesed. Erinevaid tagatist n\u00f5udvaid laenut\u00fc\u00fcpe k\u00e4sitleme edaspidi detailsemalt selle veebilehe teistes artiklites.<\/p>\n<h2>Vastutustundlikult raha laenamise kunst<\/h2>\n<p>T\u00e4nap\u00e4eval on enamik meist kindlasti teadlik sellest, et raha ei tasu laenata, kui ei olda kindel, et see suudetakse laenutingimustele vastavalt ka tagasi maksta. See, kes tagasimaksest ei hooli, v\u00f5ib sattuda raskesse majanduslikku olukorda. K\u00f5lab ju loogiliselt. Teisalt ei t\u00e4henda laenusaamise eest maksmine automaatselt, et raha laenamine on alati rahaliselt kahjulik. Vastupidi \u2013 paljud laenavadki raha just selleks, et h\u00e4davajalikelt kulutustelt s\u00e4\u00e4sta v\u00f5i isegi juurde teenida.<\/p>\n<p><img decoding=\"async\" loading=\"lazy\" class=\"alignright wp-image-219 size-full\" src=\"http:\/\/loanstar.com\/ee\/wp-content\/uploads\/sites\/14\/2018\/11\/payday_loans_1.svg\" alt=\"Vastutustundlikult raha laenamine on kunst\" width=\"312\" height=\"150\" \/> Vahel v\u00f5ib tekkida hea v\u00f5imalus \u00e4ri tegemiseks, kuid just siis ei ole kontol piisavalt raha ja v\u00f5imalus v\u00f5ib seet\u00f5ttu luhta minna. Sinu jaoks v\u00f5ib olla v\u00e4ga vajalik asi, mille saaksid just n\u00fc\u00fcd hea ja soodsama hinnaga osta. Sellisel juhul v\u00f5ibki olla parem veidi raha laenata ja kaup \u00e4ra osta, mitte oodata palgap\u00e4eva ning osta see ikkagi tavalise ja kallima hinnaga.<\/p>\n<p>Vahel v\u00f5ib vaja olla kiiret tegutsemist, vastasel juhul v\u00f5ib see tuua kaasa suure v\u00e4ljamineku. N\u00e4iteks kui auto on katki minemas v\u00f5i kui majaga on toimunud midagi, mille parandamata j\u00e4tmine v\u00f5ib tuua kaasa veelgi hullema olukorra. Kui sa t\u00f6\u00f6tad \u00fchel kuul t\u00e4ist\u00f6\u00f6ajaga ja teisel kuul poole kohaga, v\u00f5ib just regulaarne laenamine olla \u00fcks viis sissetuleku erinevuste silumiseks.<\/p>\n<h2>Mis iseloomustab SMS-laene?<\/h2>\n<p>\u00dcks populaarsematest raha laenamise viisidest on <a href=\"http:\/\/loanstar.com\/ee\/laenud\/sms-laen\/\">SMS-laen<\/a>. Sageli t\u00e4hendab see v\u00e4ikseid summasid ja \u00fcheks SMS-laenu eeliseks on fakt, et ligip\u00e4\u00e4s rahale saadakse v\u00e4ga kiiresti.<\/p>\n<p>Eriti kiiresti toimub see siis, kui laenatakse pangast v\u00f5i krediidiasutusest, mille klient juba ollakse, ja kui olemasolevate laenude senised tagasimaksed on kenasti joone peal v\u00f5i juba tagasi makstud. Sellise laenu taotlemiseks piisab vaid s\u00f5numi saatmisest ja isegi vastuse laenu andmise kohta saad oma telefonile SMS-iga juba sageli paari minuti jooksul.<\/p>\n<p>Vahel kasutatakse SMS-laenu ja <a href=\"http:\/\/loanstar.com\/ee\/laenud\/kiirlaen\/\">kiirlaenu<\/a> m\u00f5isteid s\u00fcnon\u00fc\u00fcmidena, kuid kiirlaen on siiski veidi laiem m\u00f5iste. Teema t\u00e4psemaks selgitamiseks k\u00e4sitleme m\u00f5lemat m\u00f5istet edaspidi s\u00fcvitsi selle veebilehe artiklites.<\/p>\n<h2>Vabane oma v\u00f5lgadest laenu \u00fcmberkorraldamisega<\/h2>\n<p>Kui inimene on liiga palju laenanud ja seet\u00f5ttu raskesse majanduslikku seisu sattunud, v\u00f5ib arvata, et rohkema raha laenamine on viimane abin\u00f5u, mida kasutama peaks. See on \u00fcpris aegunud viis teemale l\u00e4henemiseks.<\/p>\n<p><img decoding=\"async\" loading=\"lazy\" class=\"alignright wp-image-115 size-full\" src=\"http:\/\/loanstar.com\/ee\/wp-content\/uploads\/sites\/14\/2018\/10\/ill_body_17.svg\" alt=\"Vabane oma v\u00f5lgadest laenu \u00fcmberkorraldamisega\" width=\"312\" height=\"150\" \/>Sageli v\u00f5id s\u00e4\u00e4sta, laenates veidi suurema summa korraga ja kasutades raha mitme v\u00e4iksema krediidi \u00e4ra maksmiseks. See kehtib muidugi, kui uue suuremal laenu tingimused on paremad olemasolevate laenude omadest.<\/p>\n<p>Finantsturul leidub sellist t\u00fc\u00fcpi laenamisele spetsialiseerunud tegijaid. Oluline on seejuures m\u00f5ista, et sa ei tohiks uut laenu mitte mingil juhul kasutada millegi jaoks, mida sa tegelikult ei vaja \u2013 see peaks minema t\u00e4ies ulatuses selleks, et v\u00e4iksemad laenud tagasi maksta.<\/p>\n<p>\u00dcks nii refinantseeritud laenu eeliseid on, et j\u00e4lgima pead hiljem vaid \u00fcht laenu. Koondades laenud \u00fcheks laenuks kokku, v\u00e4hendad viiviste tasumise ohtu, kui peaksid unustama laenu \u00f5igeaegselt tagasi maksta. \u00dche laenu meeles pidamine on lihtsam ja oluliselt kergem kui mitme v\u00e4ikse laenu \u00fcle arve pidamine.<\/p>\n<h2>Milleks kasutab laenuandja minu krediidiinfot?<\/h2>\n<p>Krediidiinfo andmed annavad laenuandjale v\u00e4\u00e4rtusliku info otsuse langetamiseks, kas laenutaotlejale antakse laenu v\u00f5i mitte. Kuid kas laenata on v\u00f5imalik ka m\u00f5ne varasema makseh\u00e4ire korral?<\/p>\n<p>See on k\u00f5ige tavalisem k\u00fcsimus, mis meile esitatakse ja selgituseks peame \u00fctlema, et varem oli see p\u00f5him\u00f5tteliselt v\u00f5imatu. Ka t\u00e4nasel p\u00e4eval on paljude laenuandjate p\u00f5hikriteeriumiks, et laenutaotluse arvestamiseks ei tohiks inimesel olla makseh\u00e4ireid.<img decoding=\"async\" loading=\"lazy\" class=\"alignright wp-image-208 size-full\" src=\"http:\/\/loanstar.com\/ee\/wp-content\/uploads\/sites\/14\/2018\/11\/bad_credit_2.svg\" alt=\"Koondades laenud \u00fcheks laenuks kokku, v\u00e4hendad viiviste tasumise ohtu, kui peaksid unustama laenu \u00f5igeaegselt tagasi maksta.\" width=\"312\" height=\"150\" \/><\/p>\n<p>Seda kontrollivad laenuandjad koheselt erinevatest ametlikest registritest. K\u00f5ige tavalisemalt saadakse need andmed <a href=\"https:\/\/www.creditinfo.ee\/\" target=\"_blank\" rel=\"noopener noreferrer\">Creditinfo AS Eesti<\/a> registritest. Ent kus on v\u00e4hegi v\u00f5imalik teenida, seda ka tehakse \u2013 m\u00f5ned laenuandjad on spetsialiseerunud laenamisele isegi juhul, kui kliendil on varasemalt makseh\u00e4ireid esinenud.<\/p>\n<p>Siis laenatakse sageli tavalisest k\u00f5rgema intressiga, sest raha laenamist inimesele, kellel on tagasimaksmisega varem probleeme esinenud, n\u00e4hakse loomulikult suurema riskina. Sel juhul hinnatakse laenu andmist mitmeid muid lisategureid kaaludes.<\/p>\n<p>Oluline on r\u00f5hutada, et j\u00e4lg makseh\u00e4irest ei kustu kohe \u2013 see on registrites n\u00e4ha mitu aastat p\u00e4rast seda, kui v\u00f5lg on tagasi makstud. Eraisikute puhul on see aeg Eestis kolm aastat, kuid m\u00f5nel juhul v\u00f5ib m\u00e4rk maha j\u00e4\u00e4da isegi viieks aastaks.<\/p>\n<p>Mineviku makseh\u00e4ire ei t\u00e4henda automaatselt seda, et sa ei saa raha laenata v\u00f5i et sa ei suuda k\u00e4esoleval hetkel oma v\u00f5lgu tagasi maksta. Laenata ei saa kindlasti siis, kui v\u00f5lgnevus on tasumata. Aktiivse v\u00f5la korral on uue laenu saamine p\u00f5him\u00f5tteliselt v\u00f5imatu.<\/p>\n<h2>Kas laenata on v\u00f5imalik ka krediidiinfot kaasamata?<\/h2>\n<p>Paljud m\u00f5tlevad, kas laenu on v\u00f5imalik taotleda ka ilma, et laenuandja Creditinfost andmeid k\u00fcsiks. N\u00e4iteks laenutaotleja teab ise, et <a href=\"http:\/\/www.creditinfo.ee\/maksehaireregister\/\" target=\"_blank\" rel=\"noopener noreferrer\">makseh\u00e4ireregistris<\/a> on tema kohta m\u00e4rge ja otsib seet\u00f5ttu laenuandjat, kes sellest ei hooli. Sama v\u00f5ib soovida ka inimene, kes ei taha, et laenu taotlemine Creditinfo registris kajastuks.<\/p>\n<p><img decoding=\"async\" class=\"size-full wp-image-116 alignright\" src=\"http:\/\/loanstar.com\/ee\/wp-content\/uploads\/sites\/14\/2018\/10\/ill_body_18.svg\" alt=\"\" width=\"312\" \/>Registrist vahendatakse laenuandjatele infot, mitu korda on keegi teatud ajaperioodi jooksul laenu taotlenud. Kui sul on parasjagu mitu aktiivset laenu (olgu need kui v\u00e4ikesed tahes), muudab ka see sinu krediidiv\u00f5imekuse negatiivseks (isegi kui sul makseh\u00e4ireid pole).<\/p>\n<p>Kui krediidiinfot sisaldavas registris on palju positiivse vastuseta p\u00e4ringuid, n\u00e4itab see sarnaselt makseh\u00e4irele, et paljud pangad v\u00f5i krediidiasutused sulle laenu ei anna. Iga kord, kui midagi krediidiga ostad v\u00f5i m\u00f5ne vastava taotluse esitad, registreeritakse see registris. Seda tasub ohtralt taotlusi esitades arvesse v\u00f5tta.<\/p>\n<p>Elus v\u00f5ib tulla ette olukordi, kus v\u00e4ga l\u00fchikese ajaga juhtub v\u00e4ga palju ja lisaraha laenamine muutub raskeks \u2013 olgugi, et tegelikult on inimesel krediidiv\u00f5imekus olemas. Siis on hea otsida pakkujat, kes kasutab lisaks Creditinfo registritest andmete otsimisele ka teisi krediidiinfoga tegelevaid s\u00fcsteeme. Sel juhul n\u00e4eb laenuandja, mitu makseh\u00e4iret on konkreetses s\u00fcsteemis registreeritud.<\/p>\n<p>Kui sa ei ole kindel Creditinfo p\u00e4ringu andmetes sinu kohta, saad ka ise vastavasisulise p\u00e4ringu esitada. Nii tead juba ette, kas m\u00f5ne laenu taotlemine on otstarbekas v\u00f5i mitte.<\/p>\n","protected":false},"excerpt":{"rendered":"<p>Eesti laenuturg on \u00f5ide puhkenud! P\u00f5hjuseid, miks laenud ja raha laenamine v\u00f5ivad praegu olla soodsamad kui kunagi varem, on rohkem&#8230;<\/p>\n","protected":false},"author":1,"featured_media":0,"parent":0,"menu_order":0,"comment_status":"closed","ping_status":"closed","template":"templates\/calculator-main.php","meta":{"footnotes":""},"yoast_head":"<!-- This site is optimized with the Yoast SEO plugin v21.0 - https:\/\/yoast.com\/wordpress\/plugins\/seo\/ -->\n<title>Laenud - Leia ja v\u00f5rdle laenupakkumisi - LoanStar Eesti<\/title>\n<meta name=\"description\" content=\"Laenud sinu erinevate ideede elluviimiseks. Leia ja v\u00f5rdle parimaid Eesti laenuandjaid meie teenusega ning vali endale sobivaim pakkumine.\" \/>\n<meta name=\"robots\" content=\"index, follow, max-snippet:-1, max-image-preview:large, max-video-preview:-1\" \/>\n<link rel=\"canonical\" href=\"https:\/\/loanstar.com\/ee\/laenud\/\" \/>\n<meta property=\"og:locale\" content=\"et_EE\" \/>\n<meta property=\"og:type\" content=\"article\" \/>\n<meta property=\"og:title\" content=\"Laenud - Leia ja v\u00f5rdle laenupakkumisi - LoanStar Eesti\" \/>\n<meta property=\"og:description\" content=\"Laenud sinu erinevate ideede elluviimiseks. Leia ja v\u00f5rdle parimaid Eesti laenuandjaid meie teenusega ning vali endale sobivaim pakkumine.\" \/>\n<meta property=\"og:url\" content=\"https:\/\/loanstar.com\/ee\/laenud\/\" \/>\n<meta property=\"og:site_name\" content=\"LoanStar Eesti\" \/>\n<meta property=\"article:modified_time\" content=\"2019-08-27T08:40:20+00:00\" \/>\n<meta property=\"og:image\" content=\"http:\/\/loanstar.com\/ee\/wp-content\/uploads\/sites\/14\/2018\/10\/ill_gen_4.svg\" \/>\n<meta name=\"twitter:card\" content=\"summary_large_image\" \/>\n<meta name=\"twitter:label1\" content=\"Est. reading time\" \/>\n\t<meta name=\"twitter:data1\" content=\"10 minutit\" \/>\n<script type=\"application\/ld+json\" class=\"yoast-schema-graph\">{\"@context\":\"https:\/\/schema.org\",\"@graph\":[{\"@type\":\"WebPage\",\"@id\":\"https:\/\/loanstar.com\/ee\/laenud\/\",\"url\":\"https:\/\/loanstar.com\/ee\/laenud\/\",\"name\":\"Laenud - Leia ja v\u00f5rdle laenupakkumisi - LoanStar Eesti\",\"isPartOf\":{\"@id\":\"https:\/\/loanstar.com\/ee\/#website\"},\"datePublished\":\"2018-10-02T11:00:51+00:00\",\"dateModified\":\"2019-08-27T08:40:20+00:00\",\"description\":\"Laenud sinu erinevate ideede elluviimiseks. Leia ja v\u00f5rdle parimaid Eesti laenuandjaid meie teenusega ning vali endale sobivaim pakkumine.\",\"breadcrumb\":{\"@id\":\"https:\/\/loanstar.com\/ee\/laenud\/#breadcrumb\"},\"inLanguage\":\"et\",\"potentialAction\":[{\"@type\":\"ReadAction\",\"target\":[\"https:\/\/loanstar.com\/ee\/laenud\/\"]}]},{\"@type\":\"BreadcrumbList\",\"@id\":\"https:\/\/loanstar.com\/ee\/laenud\/#breadcrumb\",\"itemListElement\":[{\"@type\":\"ListItem\",\"position\":1,\"name\":\"Eesti\",\"item\":\"https:\/\/loanstar.com\/ee\/\"},{\"@type\":\"ListItem\",\"position\":2,\"name\":\"Laenud\"}]},{\"@type\":\"WebSite\",\"@id\":\"https:\/\/loanstar.com\/ee\/#website\",\"url\":\"https:\/\/loanstar.com\/ee\/\",\"name\":\"LoanStar Eesti\",\"description\":\"V\u00f5rdle laene\",\"potentialAction\":[{\"@type\":\"SearchAction\",\"target\":{\"@type\":\"EntryPoint\",\"urlTemplate\":\"https:\/\/loanstar.com\/ee\/?s={search_term_string}\"},\"query-input\":\"required name=search_term_string\"}],\"inLanguage\":\"et\"}]}<\/script>\n<!-- \/ Yoast SEO plugin. -->","yoast_head_json":{"title":"Laenud - Leia ja v\u00f5rdle laenupakkumisi - LoanStar Eesti","description":"Laenud sinu erinevate ideede elluviimiseks. Leia ja v\u00f5rdle parimaid Eesti laenuandjaid meie teenusega ning vali endale sobivaim pakkumine.","robots":{"index":"index","follow":"follow","max-snippet":"max-snippet:-1","max-image-preview":"max-image-preview:large","max-video-preview":"max-video-preview:-1"},"canonical":"https:\/\/loanstar.com\/ee\/laenud\/","og_locale":"et_EE","og_type":"article","og_title":"Laenud - Leia ja v\u00f5rdle laenupakkumisi - LoanStar Eesti","og_description":"Laenud sinu erinevate ideede elluviimiseks. Leia ja v\u00f5rdle parimaid Eesti laenuandjaid meie teenusega ning vali endale sobivaim pakkumine.","og_url":"https:\/\/loanstar.com\/ee\/laenud\/","og_site_name":"LoanStar Eesti","article_modified_time":"2019-08-27T08:40:20+00:00","og_image":[{"url":"http:\/\/loanstar.com\/ee\/wp-content\/uploads\/sites\/14\/2018\/10\/ill_gen_4.svg"}],"twitter_card":"summary_large_image","twitter_misc":{"Est. reading time":"10 minutit"},"schema":{"@context":"https:\/\/schema.org","@graph":[{"@type":"WebPage","@id":"https:\/\/loanstar.com\/ee\/laenud\/","url":"https:\/\/loanstar.com\/ee\/laenud\/","name":"Laenud - Leia ja v\u00f5rdle laenupakkumisi - LoanStar Eesti","isPartOf":{"@id":"https:\/\/loanstar.com\/ee\/#website"},"datePublished":"2018-10-02T11:00:51+00:00","dateModified":"2019-08-27T08:40:20+00:00","description":"Laenud sinu erinevate ideede elluviimiseks. Leia ja v\u00f5rdle parimaid Eesti laenuandjaid meie teenusega ning vali endale sobivaim pakkumine.","breadcrumb":{"@id":"https:\/\/loanstar.com\/ee\/laenud\/#breadcrumb"},"inLanguage":"et","potentialAction":[{"@type":"ReadAction","target":["https:\/\/loanstar.com\/ee\/laenud\/"]}]},{"@type":"BreadcrumbList","@id":"https:\/\/loanstar.com\/ee\/laenud\/#breadcrumb","itemListElement":[{"@type":"ListItem","position":1,"name":"Eesti","item":"https:\/\/loanstar.com\/ee\/"},{"@type":"ListItem","position":2,"name":"Laenud"}]},{"@type":"WebSite","@id":"https:\/\/loanstar.com\/ee\/#website","url":"https:\/\/loanstar.com\/ee\/","name":"LoanStar Eesti","description":"V\u00f5rdle laene","potentialAction":[{"@type":"SearchAction","target":{"@type":"EntryPoint","urlTemplate":"https:\/\/loanstar.com\/ee\/?s={search_term_string}"},"query-input":"required name=search_term_string"}],"inLanguage":"et"}]}},"_links":{"self":[{"href":"https:\/\/loanstar.com\/ee\/wp-json\/wp\/v2\/pages\/9"}],"collection":[{"href":"https:\/\/loanstar.com\/ee\/wp-json\/wp\/v2\/pages"}],"about":[{"href":"https:\/\/loanstar.com\/ee\/wp-json\/wp\/v2\/types\/page"}],"author":[{"embeddable":true,"href":"https:\/\/loanstar.com\/ee\/wp-json\/wp\/v2\/users\/1"}],"replies":[{"embeddable":true,"href":"https:\/\/loanstar.com\/ee\/wp-json\/wp\/v2\/comments?post=9"}],"version-history":[{"count":4,"href":"https:\/\/loanstar.com\/ee\/wp-json\/wp\/v2\/pages\/9\/revisions"}],"predecessor-version":[{"id":279,"href":"https:\/\/loanstar.com\/ee\/wp-json\/wp\/v2\/pages\/9\/revisions\/279"}],"wp:attachment":[{"href":"https:\/\/loanstar.com\/ee\/wp-json\/wp\/v2\/media?parent=9"}],"curies":[{"name":"wp","href":"https:\/\/api.w.org\/{rel}","templated":true}]}}