{"id":152,"date":"2018-10-05T11:24:17","date_gmt":"2018-10-05T11:24:17","guid":{"rendered":"http:\/\/loanstar.com\/ee\/?page_id=152"},"modified":"2019-06-26T09:23:28","modified_gmt":"2019-06-26T06:23:28","slug":"laenud-ilma-konto-valjavotteta","status":"publish","type":"page","link":"https:\/\/loanstar.com\/ee\/laenud\/laenud-ilma-konto-valjavotteta\/","title":{"rendered":"Laenud ilma konto v\u00e4ljav\u00f5tteta on riskantsed sinu rahalisele olukorrale"},"content":{"rendered":"<h2>Mida \u00fcldse kujutavad endast laenud ilma konto v\u00e4ljav\u00f5tteta?<\/h2>\n<p>Kui inimene pole laenamise, j\u00e4relmaksude ja finantsteenuste maailmaga v\u00e4ga h\u00e4sti kursis, v\u00f5ib \u00f5igustatult tekkida m\u00f5te, kas on v\u00f5imalikud ka laenud ilma konto v\u00e4ljav\u00f5tteta.<\/p>\n<p>Ta v\u00f5ib olla seda kuskilt kuulnud v\u00f5i n\u00e4inud m\u00f5nes kohas peibutavat reklaami \u201cLaenud ilma konto v\u00e4ljav\u00f5tteta ainult meilt\u201d vm. Siinkohal tasub inimesi alati hoiatada \u2013 v\u00e4hemalt Eesti turul on tegemist teenusega, mida keegi ei paku.<\/p>\n<p><img decoding=\"async\" class=\"alignright size-full wp-image-229\" src=\"http:\/\/loanstar.com\/ee\/wp-content\/uploads\/sites\/14\/2018\/11\/small_loans_2.svg\" alt=\"laenutegevus on allutatud \u00fcpris rangele kontrollile ja laen ilma konto v\u00e4ljav\u00f5tteta pole t\u00e4na enam v\u00f5imalik\" width=\"312\" data-wp-editing=\"1\" \/> Miks on selline kuulujutt \u00fcldse k\u00e4ibel? Sellised laenud v\u00f5isid m\u00f5ni aeg tagasi v\u00f5imalikud olla, kuid n\u00fc\u00fcdseks on laenutegevus allutatud \u00fcpris rangele kontrollile ja m\u00f5istetavalt ei taha keegi sellist teenust pakkuda.<\/p>\n<p>Kas sina n\u00f5ustuksid laenama v\u00f5hiv\u00f5\u00f5rale inimesele lihtsalt aus\u00f5na peale n\u00e4iteks sada eurot? Ilmselt mitte. Heal juhul n\u00f5ustuksid laenu andma tuttavale, mitte\u00a0 inimesele, kelle taustast sa midagi ei tea.<\/p>\n<p>Seega ei maksa lootusi hellitada ja pigem tuleb veidi pingutada. P\u00fc\u00fcdes v\u00e4hemalt pool aastat rahaasju v\u00e4ga korras hoida, peaksid lahendama enda probleemid usaldusv\u00e4\u00e4rsusega. Nii saad esitada vajamineva konto v\u00e4ljav\u00f5tte, mis pankadele v\u00f5i teistele laenajatele sobib.<\/p>\n<p>\u00dche teemana ei tasu unustada <a href=\"https:\/\/www.creditinfo.ee\/maksehaireregister\/\" target=\"_blank\" rel=\"noopener noreferrer\">makseh\u00e4ireregistrit<\/a> \u2013 hea kui sinu kohta sealgi aktiivsed v\u00f5lgnevuste kanded puuduksid. T\u00e4nap\u00e4eval on laenamine muutunud \u00fcpriski automaatseks tegevuseks, kus sageli puudub inimpanus. N\u00e4iteks internetitaotlus l\u00e4bib v\u00e4hemalt esmase kontrolli automaatselt.<\/p>\n<p>K\u00f5ik pangas\u00fcsteemid on digitaalsed ja enamikel krediidiasutustest on paigas s\u00fcsteemid, mis sinu andmeid registritest kohe kontrollivad. Nii ei ole v\u00f5imalik makseraskusi peita v\u00f5i h\u00e4irete olemasolu registris varjata. Sellel on omad head ja vead.<\/p>\n<p>\u00dchelt poolt on hea, et saad taotlusele vastuse vaid minutitega, sest \u00fckski pangat\u00f6\u00f6taja ei pea k\u00e4sitsi midagi kontrollima. Samas on selline otsus karm ja ei kuulu \u00fclevaatusele. Kui varem tuli enamik toiminguist kontoris korda ajada, v\u00f5is v\u00e4hemalt teoreetiliselt olla v\u00f5imalik endale mingit erik\u00e4itumist v\u00e4lja r\u00e4\u00e4kida. Nagu \u00f6eldud, t\u00e4nap\u00e4evane tehnoloogiline areng seda enam ei soodusta.<\/p>\n<h2>Miks pangad v\u00f5i laenuasutused sel viisil laenu anda ei soovi?<\/h2>\n<p>Laenud ilma konto v\u00e4ljav\u00f5tteta tooksid endaga kaasa palju ootamatusi. Sel juhul puuduks pangal igasugune \u00fclevaade sellest, kuidas sa oma igap\u00e4evaseid rahaasju majandad.<\/p>\n<p><img decoding=\"async\" class=\"alignright size-full wp-image-214\" src=\"http:\/\/loanstar.com\/ee\/wp-content\/uploads\/sites\/14\/2018\/11\/no_income_2.svg\" alt=\"laen ilma konto v\u00e4ljav\u00f5tteta ei ole lahendus ja on hoopiski riskantne\" width=\"312\" \/> Kas sinu sissetulekust j\u00e4\u00e4b pidevalt veidi \u00fcle? V\u00f5i n\u00e4htub sinu v\u00e4ljav\u00f5ttelt hoopis, et ainsa sissetulekuna maksad oma arvele ebaregulaarselt hoopis summasid sularahas? Sellised tegurid m\u00e4\u00e4ravadki, kas pank peab sind usaldusv\u00e4\u00e4rseks kliendiks v\u00f5i mitte.<\/p>\n<p>On arusaadav, kui rahaline seis on kehv ja sul on juba varasemast m\u00f5ningaid raskusi laenude tagasimaksmisega. Alati v\u00f5ib ette tulla suuremat v\u00e4ljaminekut n\u00f5udvaid olukordi, n\u00e4iteks:<\/p>\n<ul>\n<li>ootamatud tervisemured, mille edasil\u00fckkamine v\u00f5ib olukorda raskendada;<\/li>\n<li>autoga juhtus tehniline rike ja edasis\u00f5itmine v\u00f5iks veelgi osi \u00e4ra l\u00f5hkuda;<\/li>\n<li>keset palavat suve \u00fctles \u00fcles su k\u00fclmkapp ja pere ei saa ju riknenud toitu tarbida.<\/li>\n<\/ul>\n<p>Need on vaid m\u00f5ned n\u00e4ited olukordadest, kus igasugune laen oleks v\u00e4ga teretulnud. Sellisel juhul soovitame sul p\u00f6\u00f6rduda n\u00e4iteks oma panga poole. Nende kogenud anal\u00fc\u00fcsi p\u00f5hjal peaks leiduma mingigi lahendus sinu rahalist seisu parandamiseks. Kui sul on endal piisavalt pealehakkamist, leiad abi oma rahaasjade korraldamisel.<\/p>\n<p>Laenud ilma konto v\u00e4ljav\u00f5tteta oleksid lihtsalt kergema vastupanu teed minek, mis tooks kaasa keerulisi tagaj\u00e4rgi. Pank v\u00f5ib pakkuda sulle maksepuhkust v\u00f5i n\u00e4iteks laenude \u00fcmberkorraldamist. Uue laenu kaela t\u00f5mbamise asemel saad ehk eelnevate laenude korraldamise ja parema laenuk\u00e4itumisega rahaasju kontrollida.<\/p>\n<p>Kui sul \u00f5nnestubki l\u00f5puks laenu saada, kasuta seda kindlasti eesm\u00e4rgil, milleks laenasid. Parem unusta raha kulutamine \u00f5nnem\u00e4ngudele (\u00e4kki v\u00f5idan piisavalt k\u00f5igi v\u00f5lgade tagasimaksmiseks) v\u00f5i esimesele ettejuhtuvale asjale.<\/p>\n<h2>Otsingumootoritest leiab ju mitmeid kodulehti, mis lubavad laenu ilma konto v\u00e4ljav\u00f5tteta?<\/h2>\n<p>See on t\u00f5esti nii ja kahjuks v\u00f5ib see ka paljudel inimestel aluseta ootusi tekitada. On enam kui kindel, et sa ei leia tegelikult \u00fchtegi pakkujat, kes nii laenu annaks. V\u00f5idakse k\u00fcll mainida asjaolu, et teatud tingimustel nii laenu antakse, kuid tegelikkuses leitakse tihti tingimustest mingi \u201caga\u201d.<\/p>\n<p><img decoding=\"async\" class=\"alignright size-full wp-image-232\" src=\"http:\/\/loanstar.com\/ee\/wp-content\/uploads\/sites\/14\/2018\/11\/zero_interest_2.svg\" alt=\"laen ilma kontov\u00e4ljav\u00f5tteta ei ole t\u00e4na Eestis lubatud - \u00e4ra lange selle l\u00f5ksu\" width=\"312\" \/>Inimesi meelitatakse kodulehele ka nn poolt\u00f5dedega. N\u00e4iteks ei ole laenulimiidi v\u00f5i m\u00f5ne teise virtuaalse krediitkaardilaadse toote kasutamisel t\u00f5esti vaja iga kord konto v\u00e4ljav\u00f5tet esitada (nii et mingil ajahetkel on need t\u00f5esti laenud ilma konto v\u00e4ljav\u00f5tteta).<\/p>\n<p>Limiidikonto avamiseks on v\u00e4ljav\u00f5tte ikkagi vajalik. Seega ei ole tegemist laenuga ilma konto v\u00e4ljav\u00f5tteta. Ka tavalise krediitkaardi saamisel vaadatakse su andmed \u00fcle, kuid sellega ostes ei kinnitata uuesti su maksev\u00f5imekust.<\/p>\n<h2>Milliseid viise leidub veel vaba raha saamiseks?<\/h2>\n<p>Kui k\u00f5ik pangad ja laenuasutused keelduvad sulle laenu andmisest, pakkugu nad kuitahes suure krediidi kulukuse m\u00e4\u00e4raga laenusid, v\u00f5id oletada, et sinu rahaline seis on \u00fcpris halb. Kui sa otsustad ikkagi laenamise v\u00f5imalusi edasi otsida, pead m\u00f5ne \u00f5ige asutuse leidmise nimel vaeva n\u00e4gema.<\/p>\n<p><img decoding=\"async\" class=\"alignright size-full wp-image-99\" src=\"http:\/\/loanstar.com\/ee\/wp-content\/uploads\/sites\/14\/2018\/10\/ill_body_1.svg\" alt=\"laen ilma konto v\u00e4ljav\u00f5tteta ei ole lahendus - parem m\u00fc\u00fc ebavajalikud asjad maha vaba raha saamiseks\" width=\"312\" \/>V\u00f5imalus on endale v\u00e4hegi ebavajalikuks j\u00e4\u00e4nud asjad maha m\u00fc\u00fca. Sul v\u00f5ib kodus olla asju, mis kellelegi teisele v\u00e4\u00e4rtuslikud on. V\u00f5ib tunduda uskumatu, kuid ostja v\u00f5id leida peaaegu k\u00f5igele kodumasinatest riieteni v\u00e4lja.<\/p>\n<p>Tihti n\u00f5ustub m\u00f5ni inimene maksma k\u00fcmneid eurosid n\u00e4iteks haagiset\u00e4ie remondij\u00e4\u00e4kide eest. \u00d5nneks leidub ka internetis palju keskkondi (Facebook, Osta.ee, Soov.ee jm), kus asju tasuta v\u00f5i v\u00e4ikse teenustasu eest m\u00fc\u00fca saab. Ikka on see kasulikum kui mistahes laenud ilma konto v\u00e4ljav\u00f5tteta.<\/p>\n<p>V\u00f5imalusena tasub ka kaaluda s\u00f5pradelt v\u00f5i sugulastelt laenamist. See on paljude jaoks piinlik ja keeruline teema, kuid teinekord v\u00f5ib see v\u00e4ga h\u00e4sti h\u00e4dast v\u00e4lja aidata. Samas v\u00f5ivad tuttavad sellest ka keelduda, sest p\u00e4ris sageli tuleb ette, et selline laenamine ajab s\u00f5prussuhted sassi.<\/p>\n<p>Siingi leidub p\u00e4\u00e4setee, sest keegi ei keela ju ametlikumat laadi lepingut s\u00f5lmida. Nii teavad osapooled oma kohustusi ja on tagatud, et tuttav v\u00f5i sugulane oma raha ikkagi tagasi saab. Selleks on loomulikult vaja h\u00e4id suhteid ja vahel ka enda \u00fcletamist.<\/p>\n<h2>Leidub ka palju riskantsemaid viise laenamiseks<\/h2>\n<p>\u00dcheks kiirema vastupanu teeks on pandimajad. Nagu nimigi \u00fctleb, on sellisel juhul sul vaja midagi, mida panti panna. Pandimajadel ei ole vahet, milline on sinu krediidiv\u00f5imekus. Kindlasti ei saa sa \u00fclihead pakkumist ja pigem n\u00f5ustud oma asja eest hoopis v\u00e4hem raha saama.<\/p>\n<p><img decoding=\"async\" class=\"alignright size-full wp-image-109\" src=\"http:\/\/loanstar.com\/ee\/wp-content\/uploads\/sites\/14\/2018\/10\/ill_body_11.svg\" alt=\"pandimaja on viimane v\u00f5imalus lisarahaks - m\u00f5tle alati enne selle teenuse kasutamist\" width=\"312\" \/>Teoorias on sul siiski v\u00f5imalik olukorra paranedes oma asi tagasi hankida. Laenud ilma konto v\u00e4ljav\u00f5tteta v\u00f5imaldaksid neid probleeme k\u00fcll v\u00e4ltida, kuid tekitaksid teisi ja ehk hullemaidki muresid.<\/p>\n<p>Pandimaju v\u00f5iksid v\u00f5imalusel v\u00e4ltida, need on pigem t\u00f5esti viimane h\u00e4daabin\u00f5u. Soovitame selle asemel ebavajalikke kasutatud asju portaalides maha m\u00fc\u00fca. Nii saad veidigi vaba raha ja see ei pruugi olla v\u00e4ike. Ehk otsid hoopis m\u00f5ne lisaraha andva t\u00f6\u00f6otsa?<\/p>\n<h2>Vastutustundlik laenamine toob kaasa meelerahu ja aitab probleeme ennetada<\/h2>\n<p>Viimasel ajal r\u00e4\u00e4gitakse palju vastutustundlikust laenamisest, sest tegemist on eluterve ja eduka \u00fchiskonna \u00fche alustalaga. Kui enamik inimesi sipleks v\u00f5lgades, m\u00f5juks see negatiivselt ka riigi majandusele. T\u00e4nu erinevatele kontrollimeetmetele Euroopa Liidus \u00fcldiselt ja ka Eestis, on laenuturud t\u00e4na \u00fcpris range kontrolli all.<\/p>\n<p>Varem kuulsime, kuidas SMS-laenude saamiseks kasutati teiste kontosid, osteti juurde mobiilinumbreid jne. See t\u00f5i tihti kaasa probleeme, kuid seegi oli osa riigi taasiseseisvumise j\u00e4rgsetest metsikutest 90ndatest aastatest. <img decoding=\"async\" class=\"alignright size-full wp-image-213\" src=\"http:\/\/loanstar.com\/ee\/wp-content\/uploads\/sites\/14\/2018\/11\/no_income_1.svg\" alt=\"laena vastutustundlikult - laen ilma kontov\u00e4ljav\u00f5tteta ei ole lahendus\" width=\"312\" \/>N\u00e4gime laenuturu nostalgilist lapsep\u00f5lve, mis \u00f5nneks on aastak\u00fcmnete taha j\u00e4\u00e4mas.<\/p>\n<p>Samas ei maksa arvata, et k\u00f5ik krediidiasutused l\u00e4htuvad vastutustundliku laenamise p\u00f5him\u00f5ttest vaba tahte alusel. Finantsinspektsiooni vastavatest n\u00f5uetest peavad l\u00e4htuma k\u00f5ik laenuasutused. Suhe on kahepoolne, sest n\u00f5uetest peavad aru saama nii laenajad kui ka laenuandjad. Laenud ilma konto v\u00e4ljav\u00f5tteta oleks \u00fclimalt keeruliselt kontrollitavad.<\/p>\n<p>Sina kui laenutaotleja peaksid j\u00e4lgima v\u00e4hemalt j\u00e4rgmist:<\/p>\n<ul>\n<li>Ole kindel, et sul on v\u00f5imalik sellises ulatuses laenu hiljem regulaarselt tagasi maksta (v\u00f5imalusel vali n\u00e4iteks pikem makseperiood, et kuumakseid v\u00e4iksemaks saada).<\/li>\n<li>M\u00f5ista, mida laen endaga kaasa toob \u2013 lisanduda v\u00f5ivad mitmek\u00fclgsed tasud (nt haldustasu, lisatasu varasema tagasi maksmise eest, lepingu s\u00f5lmimise tasu 50-100\u20ac jne).<\/li>\n<li>Loe k\u00f5ik laenudokumendid l\u00e4bi. Tihti v\u00f5ib m\u00f5ni nn \u201cv\u00e4ikses kirjas\u201d tingimus t\u00e4helepanuta j\u00e4\u00e4da ja hiljem ebamugavusi kaasa tuua. Lugemine v\u00f5ib tunduda t\u00fc\u00fctu, kuid tasub end hiljem \u00e4ra.<\/li>\n<\/ul>\n<p>Raha laenates peaksid omalt poolt pingutama nii laenuandja kui ka -v\u00f5tja. Nende eesm\u00e4rk on sama, sest kumbki ei taha, et raha laenanud inimesel probleeme tekiks (nagu laenud ilma konto v\u00e4ljav\u00f5tteta seda v\u00e4ga kergesti tekitada v\u00f5ivad). N\u00e4iteks panka v\u00f5i muud raha laenanud ettev\u00f5tet huvitab kindlasti, et klient ka tulevikus nende teenuseid kasutaks.<\/p>\n<h2>Kokkuv\u00f5te \u2013 miks ei ole laenud ilma konto v\u00e4ljav\u00f5tteta hea m\u00f5te?<\/h2>\n<p>Kui oled selle artikli l\u00e4bi lugenud ja j\u00e4rele m\u00f5elnud, saad ilmselt kiiresti aru. Keegi ei tahaks tagasimakseprobleemide k\u00fc\u00fcsi sattuda. Eriti t\u00f5sised v\u00f5ivad olla probleemid siis, kui oled v\u00f5tnud laenu n\u00e4iteks kinnisvara tagatisel. Siis v\u00f5idakse sulle kuuluv kinnisvara sundkorras m\u00fc\u00fcki panna ja kedagi ei huvita, kas saad perega kusagile mujale elama minna.<\/p>\n<p><img decoding=\"async\" class=\"alignright size-full wp-image-229\" src=\"http:\/\/loanstar.com\/ee\/wp-content\/uploads\/sites\/14\/2018\/11\/small_loans_2.svg\" alt=\"laen ilma kontov\u00e4ljav\u00f5tteta tekitab sulle hoopis riske juurde\" width=\"312\" \/>Kokkuv\u00f5ttes ei tasuks seega \u00fcldse kaaludagi ilma konto v\u00e4ljav\u00f5tteta laenamist:<\/p>\n<ul>\n<li>Esiteks seet\u00f5ttu, et pole mitte \u00fchtegi ametlikult registreeritud asutust, kes t\u00f5esti ilma konto v\u00e4ljav\u00f5tteta <a href=\"http:\/\/loanstar.com\/ee\/laenud\/kiirlaen\/\">kiirlaenu<\/a> v\u00f5i <a href=\"http:\/\/loanstar.com\/ee\/laenud\/vaikelaen\/\">v\u00e4ikelaenu<\/a> annaks.<\/li>\n<li>Teisalt v\u00f5ivad selle tulemuseks olla hoomamatud tagaj\u00e4rjed ja need v\u00f5ivad sinu elu aastateks (kui mitte aastak\u00fcmneteks) n\u00e4ssu keerata.<\/li>\n<\/ul>\n<p>Seega soovitame ka meie j\u00e4rgida vastutustundliku laenamise p\u00f5him\u00f5tteid ja igasugusesse laenamisse (sh krediitkaartide kasutamisse) talupojam\u00f5istusega suhtuda. V\u00f5lg on ikkagi v\u00f5\u00f5ra oma ja laenud ilma konto v\u00e4ljav\u00f5tteta tunduvad nii vaadates paratamatult absurdsed.<\/p>\n<p>Kahjuks on m\u00fc\u00fct konto v\u00e4ljav\u00f5tteta laenamisest visa kaduma. Inimesed, kes ammu sarnaseid teenuseid on kasutanud, v\u00f5ivad ikka sellest r\u00e4\u00e4kida kui reaalsest v\u00f5imalusest. \u00d5nneks (t\u00f5esti \u2013 ka laenuga h\u00e4das olevate inimeste \u00f5nneks) on t\u00e4nap\u00e4eval laenamine piisavalt reguleeritud ja selliselt enam ei eksisteeri. Kindlasti on t\u00e4nu sellele v\u00e4henenud ka v\u00f5lgade k\u00e4es vaevlevate eestlaste arv.<\/p>\n<p>Soovime sulle m\u00f5istlikku laenamist ja laenuotsuste tegemist. Kindlasti tasub kasutada erinevaid laenuteenuste v\u00f5rdlemise s\u00fcsteeme, sest hea eelt\u00f6\u00f6 aitab liigseid kulutusi v\u00e4ltida. Kaaluda tuleb nii intressi kui ka paljusid teisi laenamisega kaasneda v\u00f5ivaid lisatasusid. Edukat laenamist ja oma rahalise seisu korras hoidmist!<\/p>\n","protected":false},"excerpt":{"rendered":"<p>Mida \u00fcldse kujutavad endast laenud ilma konto v\u00e4ljav\u00f5tteta? Kui inimene pole laenamise, j\u00e4relmaksude ja finantsteenuste maailmaga v\u00e4ga h\u00e4sti kursis, v\u00f5ib&#8230;<\/p>\n","protected":false},"author":1,"featured_media":0,"parent":9,"menu_order":0,"comment_status":"closed","ping_status":"closed","template":"templates\/calculator-follow-up.php","meta":{"footnotes":""},"yoast_head":"<!-- This site is optimized with the Yoast SEO plugin v21.0 - https:\/\/yoast.com\/wordpress\/plugins\/seo\/ -->\n<title>Laenud ilma konto v\u00e4ljav\u00f5tteta on helesinine unistus - LoanStar Eesti<\/title>\n<meta name=\"description\" content=\"Laenud ilma konto v\u00e4ljav\u00f5tteta on v\u00e4ga riskantsed, soovitame sul laenata vastutustundlikult ja liigsete kulutuste v\u00e4ltimiseks kasutada meie laenuv\u00f5rdlemist.\" \/>\n<meta name=\"robots\" content=\"index, follow, max-snippet:-1, max-image-preview:large, max-video-preview:-1\" \/>\n<link rel=\"canonical\" href=\"https:\/\/loanstar.com\/ee\/laenud\/laenud-ilma-konto-valjavotteta\/\" \/>\n<meta property=\"og:locale\" content=\"et_EE\" \/>\n<meta property=\"og:type\" content=\"article\" \/>\n<meta property=\"og:title\" content=\"Laenud ilma konto v\u00e4ljav\u00f5tteta on helesinine unistus - LoanStar Eesti\" \/>\n<meta property=\"og:description\" content=\"Laenud ilma konto v\u00e4ljav\u00f5tteta on v\u00e4ga riskantsed, soovitame sul laenata vastutustundlikult ja liigsete kulutuste v\u00e4ltimiseks kasutada meie laenuv\u00f5rdlemist.\" \/>\n<meta property=\"og:url\" content=\"https:\/\/loanstar.com\/ee\/laenud\/laenud-ilma-konto-valjavotteta\/\" \/>\n<meta property=\"og:site_name\" content=\"LoanStar Eesti\" \/>\n<meta property=\"article:modified_time\" content=\"2019-06-26T06:23:28+00:00\" \/>\n<meta property=\"og:image\" content=\"http:\/\/loanstar.com\/ee\/wp-content\/uploads\/sites\/14\/2018\/11\/small_loans_2.svg\" \/>\n<meta name=\"twitter:card\" content=\"summary_large_image\" \/>\n<meta name=\"twitter:label1\" content=\"Est. reading time\" \/>\n\t<meta name=\"twitter:data1\" content=\"9 minutit\" \/>\n<script type=\"application\/ld+json\" class=\"yoast-schema-graph\">{\"@context\":\"https:\/\/schema.org\",\"@graph\":[{\"@type\":\"WebPage\",\"@id\":\"https:\/\/loanstar.com\/ee\/laenud\/laenud-ilma-konto-valjavotteta\/\",\"url\":\"https:\/\/loanstar.com\/ee\/laenud\/laenud-ilma-konto-valjavotteta\/\",\"name\":\"Laenud ilma konto v\u00e4ljav\u00f5tteta on helesinine unistus - LoanStar Eesti\",\"isPartOf\":{\"@id\":\"https:\/\/loanstar.com\/ee\/#website\"},\"datePublished\":\"2018-10-05T11:24:17+00:00\",\"dateModified\":\"2019-06-26T06:23:28+00:00\",\"description\":\"Laenud ilma konto v\u00e4ljav\u00f5tteta on v\u00e4ga riskantsed, soovitame sul laenata vastutustundlikult ja liigsete kulutuste v\u00e4ltimiseks kasutada meie laenuv\u00f5rdlemist.\",\"breadcrumb\":{\"@id\":\"https:\/\/loanstar.com\/ee\/laenud\/laenud-ilma-konto-valjavotteta\/#breadcrumb\"},\"inLanguage\":\"et\",\"potentialAction\":[{\"@type\":\"ReadAction\",\"target\":[\"https:\/\/loanstar.com\/ee\/laenud\/laenud-ilma-konto-valjavotteta\/\"]}]},{\"@type\":\"BreadcrumbList\",\"@id\":\"https:\/\/loanstar.com\/ee\/laenud\/laenud-ilma-konto-valjavotteta\/#breadcrumb\",\"itemListElement\":[{\"@type\":\"ListItem\",\"position\":1,\"name\":\"Eesti\",\"item\":\"https:\/\/loanstar.com\/ee\/\"},{\"@type\":\"ListItem\",\"position\":2,\"name\":\"Laenud\",\"item\":\"https:\/\/loanstar.com\/ee\/laenud\/\"},{\"@type\":\"ListItem\",\"position\":3,\"name\":\"Laenud ilma konto v\u00e4ljav\u00f5tteta on riskantsed sinu rahalisele olukorrale\"}]},{\"@type\":\"WebSite\",\"@id\":\"https:\/\/loanstar.com\/ee\/#website\",\"url\":\"https:\/\/loanstar.com\/ee\/\",\"name\":\"LoanStar Eesti\",\"description\":\"V\u00f5rdle laene\",\"potentialAction\":[{\"@type\":\"SearchAction\",\"target\":{\"@type\":\"EntryPoint\",\"urlTemplate\":\"https:\/\/loanstar.com\/ee\/?s={search_term_string}\"},\"query-input\":\"required name=search_term_string\"}],\"inLanguage\":\"et\"}]}<\/script>\n<!-- \/ Yoast SEO plugin. -->","yoast_head_json":{"title":"Laenud ilma konto v\u00e4ljav\u00f5tteta on helesinine unistus - LoanStar Eesti","description":"Laenud ilma konto v\u00e4ljav\u00f5tteta on v\u00e4ga riskantsed, soovitame sul laenata vastutustundlikult ja liigsete kulutuste v\u00e4ltimiseks kasutada meie laenuv\u00f5rdlemist.","robots":{"index":"index","follow":"follow","max-snippet":"max-snippet:-1","max-image-preview":"max-image-preview:large","max-video-preview":"max-video-preview:-1"},"canonical":"https:\/\/loanstar.com\/ee\/laenud\/laenud-ilma-konto-valjavotteta\/","og_locale":"et_EE","og_type":"article","og_title":"Laenud ilma konto v\u00e4ljav\u00f5tteta on helesinine unistus - LoanStar Eesti","og_description":"Laenud ilma konto v\u00e4ljav\u00f5tteta on v\u00e4ga riskantsed, soovitame sul laenata vastutustundlikult ja liigsete kulutuste v\u00e4ltimiseks kasutada meie laenuv\u00f5rdlemist.","og_url":"https:\/\/loanstar.com\/ee\/laenud\/laenud-ilma-konto-valjavotteta\/","og_site_name":"LoanStar Eesti","article_modified_time":"2019-06-26T06:23:28+00:00","og_image":[{"url":"http:\/\/loanstar.com\/ee\/wp-content\/uploads\/sites\/14\/2018\/11\/small_loans_2.svg"}],"twitter_card":"summary_large_image","twitter_misc":{"Est. reading time":"9 minutit"},"schema":{"@context":"https:\/\/schema.org","@graph":[{"@type":"WebPage","@id":"https:\/\/loanstar.com\/ee\/laenud\/laenud-ilma-konto-valjavotteta\/","url":"https:\/\/loanstar.com\/ee\/laenud\/laenud-ilma-konto-valjavotteta\/","name":"Laenud ilma konto v\u00e4ljav\u00f5tteta on helesinine unistus - LoanStar Eesti","isPartOf":{"@id":"https:\/\/loanstar.com\/ee\/#website"},"datePublished":"2018-10-05T11:24:17+00:00","dateModified":"2019-06-26T06:23:28+00:00","description":"Laenud ilma konto v\u00e4ljav\u00f5tteta on v\u00e4ga riskantsed, soovitame sul laenata vastutustundlikult ja liigsete kulutuste v\u00e4ltimiseks kasutada meie laenuv\u00f5rdlemist.","breadcrumb":{"@id":"https:\/\/loanstar.com\/ee\/laenud\/laenud-ilma-konto-valjavotteta\/#breadcrumb"},"inLanguage":"et","potentialAction":[{"@type":"ReadAction","target":["https:\/\/loanstar.com\/ee\/laenud\/laenud-ilma-konto-valjavotteta\/"]}]},{"@type":"BreadcrumbList","@id":"https:\/\/loanstar.com\/ee\/laenud\/laenud-ilma-konto-valjavotteta\/#breadcrumb","itemListElement":[{"@type":"ListItem","position":1,"name":"Eesti","item":"https:\/\/loanstar.com\/ee\/"},{"@type":"ListItem","position":2,"name":"Laenud","item":"https:\/\/loanstar.com\/ee\/laenud\/"},{"@type":"ListItem","position":3,"name":"Laenud ilma konto v\u00e4ljav\u00f5tteta on riskantsed sinu rahalisele olukorrale"}]},{"@type":"WebSite","@id":"https:\/\/loanstar.com\/ee\/#website","url":"https:\/\/loanstar.com\/ee\/","name":"LoanStar Eesti","description":"V\u00f5rdle laene","potentialAction":[{"@type":"SearchAction","target":{"@type":"EntryPoint","urlTemplate":"https:\/\/loanstar.com\/ee\/?s={search_term_string}"},"query-input":"required name=search_term_string"}],"inLanguage":"et"}]}},"_links":{"self":[{"href":"https:\/\/loanstar.com\/ee\/wp-json\/wp\/v2\/pages\/152"}],"collection":[{"href":"https:\/\/loanstar.com\/ee\/wp-json\/wp\/v2\/pages"}],"about":[{"href":"https:\/\/loanstar.com\/ee\/wp-json\/wp\/v2\/types\/page"}],"author":[{"embeddable":true,"href":"https:\/\/loanstar.com\/ee\/wp-json\/wp\/v2\/users\/1"}],"replies":[{"embeddable":true,"href":"https:\/\/loanstar.com\/ee\/wp-json\/wp\/v2\/comments?post=152"}],"version-history":[{"count":3,"href":"https:\/\/loanstar.com\/ee\/wp-json\/wp\/v2\/pages\/152\/revisions"}],"predecessor-version":[{"id":302,"href":"https:\/\/loanstar.com\/ee\/wp-json\/wp\/v2\/pages\/152\/revisions\/302"}],"up":[{"embeddable":true,"href":"https:\/\/loanstar.com\/ee\/wp-json\/wp\/v2\/pages\/9"}],"wp:attachment":[{"href":"https:\/\/loanstar.com\/ee\/wp-json\/wp\/v2\/media?parent=152"}],"curies":[{"name":"wp","href":"https:\/\/api.w.org\/{rel}","templated":true}]}}