{"id":148,"date":"2018-10-04T20:22:04","date_gmt":"2018-10-04T20:22:04","guid":{"rendered":"http:\/\/loanstar.com\/ee\/?page_id=148"},"modified":"2019-09-03T10:36:28","modified_gmt":"2019-09-03T07:36:28","slug":"sms-laen","status":"publish","type":"page","link":"https:\/\/loanstar.com\/ee\/laenud\/sms-laen\/","title":{"rendered":"SMS-laenu v\u00f5tmisesse suhtu ettevaatlikkusega ja v\u00f5rdle eelnevalt parimaid pakkumisi"},"content":{"rendered":"<h2>Kuidas SMS-laen \u00fcldse toimib?<\/h2>\n<p>Tegelikult kasutatakse SMS-laenu kohta t\u00e4nap\u00e4eval rohkem nimetust <a href=\"http:\/\/loanstar.com\/ee\/laenud\/kiirlaen\/\">kiirlaen<\/a>. Kui olla t\u00e4pne, esitatakse <a href=\"http:\/\/loanstar.com\/ee\/laenud\/kiirlaen\/\">kiirlaenu<\/a> taotlus m\u00f5ne ettev\u00f5tte kodulehel ja seej\u00e4rel saadakse vastus e-postiga \u2013 mitte alati SMS-i teel. Seega pole see enam \u201ct\u00f5eline\u201d SMS-laen.<\/p>\n<p>Termin t\u00e4histab pigem laenu, mida saab taotleda v\u00e4ikeses summas ja mille tingimused erinevad laenajatel olulisel m\u00e4\u00e4ral. N\u00e4iteks v\u00f5ib see summa j\u00e4\u00e4da vahemikku 50 kuni 500 eurot, mis tuleb sageli tagasi maksta kuu aja jooksul.<br \/>\n<img decoding=\"async\" loading=\"lazy\" class=\"alignright wp-image-228 size-full\" src=\"http:\/\/loanstar.com\/ee\/wp-content\/uploads\/sites\/14\/2018\/11\/small_loans_1.svg\" alt=\"SMS-laen on kiirlaen ja selle laenamine ei n\u00f5ua tagatist. \" width=\"312\" height=\"150\" \/><br \/>\nM\u00f5ne pakkuja juures v\u00f5ib laenatav summa olla suurem ja makset\u00e4htaeg pikem. Sageli saad vajamineva raha oma kontole \u00fche tunni jooksul alates laenuv\u00f5rdluse alustamisest ja sobiva laenu kohta laenuandjale n\u00e4iteks SMS-i teel taotluse esitamisest.<\/p>\n<p>SMS-laene (v\u00f5i siis n\u00fc\u00fcd pigem kiirlaene) iseloomustab seegi, et nende puhul pole vaja mingit tagatist, mis v\u00f5iks tagasimaksmata j\u00e4tmisel laenaja omandusse minna.<\/p>\n<ul>\n<li>Selliste laenudega laenatakse lihtsalt nii v\u00e4ike summa, et tagatist ei peeta vajalikuks.<\/li>\n<li>Tagatise n\u00f5udmisest on loobutud toimingute kiiruse kasuks. Just see v\u00f5imaldab p\u00e4rast positiivset laenuotsust rahal kiiresti sinu kontole j\u00f5uda.<\/li>\n<\/ul>\n<p>Tegelikult ei n\u00f5uta tagatist ka enamike <a href=\"http:\/\/loanstar.com\/ee\/laenud\/vaikelaen\/\">v\u00e4ikelaenude<\/a> puhul, mis k\u00e4sitlevad suuremat summat. Seega pole sel midagi imelikku.<\/p>\n<h2>Kas v\u00e4ikest summat laenates on \u00fcldse vaja SMS-laene v\u00f5rrelda?<\/h2>\n<p>Nii m\u00f5nedki arvavad, et kuna tavaline SMS-laen k\u00e4sitleb nii v\u00e4ikest summat, ei ole vaja erinevaid laene internetis v\u00f5rrelda. Selline suhtumine on hooletu ja nii v\u00f5id vajaduseta kulutada hoopis rohkem raha.<\/p>\n<p><img decoding=\"async\" loading=\"lazy\" class=\"alignright wp-image-208 size-full\" src=\"http:\/\/loanstar.com\/ee\/wp-content\/uploads\/sites\/14\/2018\/11\/bad_credit_2.svg\" alt=\"Soovitame ka enne SMS-laenu v\u00f5tmist pakkumisi v\u00f5rrelda.\" width=\"312\" height=\"150\" \/>Miks mitte laene v\u00f5rrelda, kui see v\u00f5tab meie mugava teenusega v\u00e4hem kui minuti? Nii on isegi m\u00f5ne euro s\u00e4\u00e4stmine \u00f5igustatud. Loetud sekunditega saad pakkumisi paljudelt kiir- ja SMS-laenu andjatelt just sind huvitatavatel tingimustel.<\/p>\n<p>Kui oled avastanud SMS-laenu eelised (ja kui kasutad neid enda tarbeks nutikalt \u00e4ra), v\u00f5ib juhtuda, et kipud mugavusest sellist laenu samalt pakkujalt korduvalt taotlema. Parem v\u00f5rdle laene iga kord, sest tingimused muutuvad ja v\u00f5id m\u00f5nikord leida hoopis parema pakkumise.<\/p>\n<p>Meie teenuse kasutamine on k\u00f5igile laenajatele tasuta ja siit leiad hulganisti teavet SMS-laenu pakkujate kohta. V\u00f5rdlusega on oht viidud miinimumini, et erinevate laenupakkujate tingimused sind eksitada saavad. Kui k\u00f5ik pakkumised on k\u00f5rvuti, leiad kohe \u00fcles parimad tingimused.<\/p>\n<p>K\u00fcsitava v\u00e4\u00e4rtusega pakkujatel ei ole v\u00f5imalust v\u00f5istelda laenuandjatega, kelle tingimused on selged ja p\u00f5hjendatud. Lihtne on n\u00e4ha, kuidas erinevad laenud teineteisega suhestuvad. Miks kulutada rohkem, kui saad vaid m\u00f5ne hetkega leida k\u00f5ige soodsama pakkumise?<\/p>\n<h2>SMS-laene v\u00f5rreldes peaksid vaatama intressim\u00e4\u00e4ra, tasusid ja tingimusi<\/h2>\n<p>Laene v\u00f5rreldes peaksid anal\u00fc\u00fcsima tegelikku intressim\u00e4\u00e4ra. See kehtib tegelikult igat t\u00fc\u00fcpi laenudele, mitte ainult SMS-laenule. Nii n\u00e4ed interssim\u00e4\u00e4ra suurust ja kui palju tegelikult laenu eest tagasi maksma pead.<\/p>\n<p><img decoding=\"async\" loading=\"lazy\" class=\"alignright wp-image-219 size-full\" src=\"http:\/\/loanstar.com\/ee\/wp-content\/uploads\/sites\/14\/2018\/11\/payday_loans_1.svg\" alt=\"SMS-laene v\u00f5rreldes peaksid vaatama intressim\u00e4\u00e4ra, tasusid ja tingimusi.\" width=\"312\" height=\"150\" \/>Tasub meeles pidada, et intressiga seotud kuludele lisanduvad sageli laenu korraldamise v\u00f5i lepingu s\u00f5lmimise tasu jmt lisad, mis v\u00f5ivad ootamatud olla. Lisaks tasuks m\u00f5ista trahvide ja lisatasude suurust, kui peaksid mingil p\u00f5hjusel \u00fche tagasimaksega hilinema. Siin puudub \u00fcks kindel reegel.<\/p>\n<p>Samamoodi v\u00f5ib juhtuda, et sul on v\u00f5imalik SMS-laen hoopis kiiremini tagasi maksta \u2013 m\u00f5ne pakkujaga on see tasuta, teised v\u00f5ivad hoopis lisaraha k\u00fcsida. Paljud laenuandjad pakuvad paindlikke kiirlaene \u2013 v\u00f5imalust tagasimakseperioodi pikendada v\u00f5i laenusummat suurendada.<\/p>\n<p>Kuna <a href=\"http:\/\/loanstar.com\/ee\/laenud\/kiirlaen\/\">kiirlaenu<\/a> v\u00f5i SMS-laenu taotledes leiad v\u00e4ga erinevate tingimustega tooteid, on sul alati v\u00f5imalus leida laen, mis vastab t\u00e4iuslikult just sinu vajadustele. Eriti suure t\u00f5en\u00e4osusega leiad sellise laenu, kui v\u00f5rdled neid meie kiire online-teenuse abil.<\/p>\n<p>Kui peaksid paljude laenuandjatega intressim\u00e4\u00e4ra ja muude tingimuste v\u00f5rdlemiseks ise otse \u00fchendust v\u00f5tma, kuluks sul kordades rohkem aega (ja ega sa tihtipeale ka ei viitsiks k\u00f5igile pakkujatele helistada v\u00f5i kirjutada).<\/p>\n<h2>Kui k\u00f5rge on SMS-laenude intress?<\/h2>\n<p>Nagu eelnevalt k\u00e4sitlesime, v\u00f5ivad tagasimakstavad summad erineda. See s\u00f5ltub nii valitud laenuandja marginaalidest kui ka sinu enda tingimustest.<\/p>\n<p><img decoding=\"async\" loading=\"lazy\" class=\"alignright wp-image-226 size-full\" src=\"http:\/\/loanstar.com\/ee\/wp-content\/uploads\/sites\/14\/2018\/11\/savings_2.svg\" alt=\"SMS-laenud on teist t\u00fc\u00fcpi laenudest palju kallimad.\" width=\"312\" height=\"150\" \/>Kui vaadata tegelikku aastast intressim\u00e4\u00e4ra, on SMS-laenud teist t\u00fc\u00fcpi laenudest palju kallimad. See on ka loogiline, sest maksad sellised laenud sageli tagasi k\u00f5ige rohkem kuu aja jooksul. V\u00f5iksid v\u00f5rrelda n\u00e4iteks 12 kuuks laenatava v\u00e4ikelaenu tagasimakseid ja m\u00f5elda, kas erinevused on tegelikult \u00fcldse nii suured?<\/p>\n<h2>Millal on SMS-laenu v\u00f5tmine \u00fcldse hea m\u00f5te?<\/h2>\n<p>Raha laenamist puudutavad suhtumised on viimasel ajal hakanud \u00fchiskonnas muutuma. Varem n\u00e4hti selles midagi v\u00e4ga ebasoovitavat, millega seoses tuli v\u00e4ga ettevaatlik olla. Praeguse tehnoloogiaga ei ole mitte ainult internetis laenu otsimine ja v\u00f5tmine lihtsamaks muutunud, vaid ka v\u00f5etud laenude tagasimaksmine on oluliselt paindlikum.<\/p>\n<p>Kui laenad ettevaatlikult ja m\u00f5istlikult, v\u00f5id seda v\u00e4ga h\u00e4sti ka sageli teha. Toome j\u00e4rgnevalt SMS- v\u00f5i kiirlaenu v\u00f5tmise kohta \u00e4ra m\u00f5ned olulisemad t\u00e4helepanekud.<\/p>\n<ul>\n<li>Laenata v\u00f5id oma igakuise rahalise seisu \u00fchtlustamiseks. N\u00e4iteks v\u00f5ib sul \u00fchel kuul olla v\u00e4he raha, teisel j\u00e4lle rohkem.<\/li>\n<li>Laena raha siis, kui saad selle eest soodsama hinnaga osta midagi, mida niikuinii vaja on.<\/li>\n<li>Kui midagi l\u00e4heb katki, on sageli parem v\u00f5tta kiire SMS-laen ja probleemiga kohe tegeleda.<\/li>\n<li>Kui oled m\u00f5ne oma pangakaardi \u00e4ra kaotanud, v\u00f5id saada abi SMS-laenust, mille saad v\u00f5tta m\u00f5nele teisele enda kontole.<\/li>\n<li>\u00c4ra karda SMS-laenu v\u00f5tmist, kui see annab sulle v\u00f5imaluse teha midagi, mida oled kaua soovinud.<\/li>\n<li>Laenu v\u00f5tmine v\u00f5ib olla vajalik ka halva rahalise seisu juures. Ettevaatlik laenamine v\u00f5ib olla parem kui m\u00f5ne olulise tagasimakse, \u00fc\u00fcrimakse vmt kohustusega hiljaks j\u00e4\u00e4da.<\/li>\n<li>Laena raha puhkuse jaoks ja maksa see tagasi m\u00f5nel kuul, kui sul ei ole nii suuri v\u00e4ljaminekuid.<\/li>\n<\/ul>\n<h2>Millistes olukordades on parem SMS-laen v\u00f5tmata j\u00e4tta?<\/h2>\n<p>Laenu v\u00f5idakse kuritarvitada ja seda ei tasu kindlasti varjata. Sageli v\u00f5ib sinu majanduslikule olukorrale olla hoopis parem veidi oodata. Vahel on m\u00f5istlik laenamise asemel veidi oma palkade laekumist oodata v\u00f5i kasutada s\u00e4\u00e4stetud raha.<\/p>\n<p>Toome j\u00e4rgnevalt \u00e4ra m\u00f5ned olukorrad, kus tuleks <a href=\"http:\/\/loanstar.com\/ee\/laenud\/kiirlaen\/\">kiirlaenu<\/a> v\u00f5i SMS-laenu v\u00f5tmisega eriti ettevaatlik olla.<\/p>\n<ul>\n<li>V\u00e4ldi laenu v\u00f5tmist, kui sinu igakuised tulud on pigem v\u00e4ikesed, sest tagasimaksmine v\u00f5ib keeruliseks osutuda, n\u00e4iteks juhul, kui sel perioodil tekivad veel m\u00f5ned ootamatud kulutused.<\/li>\n<li>Ole laenates v\u00e4ga ettevaatlik ka juhul, kui sul juba on tagasimaksmata laene.<\/li>\n<li>\u00c4ra laena raha millegi jaoks, mida sul tegelikult vaja pole v\u00f5i mida sa v\u00e4ga ei soovi.<\/li>\n<li>Ole laenudega ettevaatlik ka siis, kui tead, et sul on oht unustada need tagasi maksta.<\/li>\n<li>Kui sul juba on palju v\u00e4ikseid laene, v\u00f5ib olla m\u00f5istlikum v\u00f5tta uus suurem laen ning maksta eelnevad laenud tagasi.<\/li>\n<\/ul>\n<h2>Millised muud laenutooted v\u00f5iksid SMS-laenu asemel k\u00f5ne alla tulla?<\/h2>\n<p>Laenuturg on viimaste aastate jooksul v\u00e4ga palju edasi arenenud ja t\u00e4nap\u00e4eval ei tohiks end laenude kategooriatest v\u00e4ga piirata lasta. Leidub nimelt palju panku ja muid laenuandjaid, kes suudavad pakkuda laene, mis \u00fcletavad kategooriate piire.<\/p>\n<p><img decoding=\"async\" loading=\"lazy\" class=\"alignright wp-image-229 size-full\" src=\"http:\/\/loanstar.com\/ee\/wp-content\/uploads\/sites\/14\/2018\/11\/small_loans_2.svg\" alt=\"Kui sul on sageli vajadus SMS-i v\u00f5i interneti kaudu laenata, v\u00f5ib olla hea m\u00f5te hankida endale hoopis \u00fcks korralik krediitkaart.\" width=\"312\" height=\"150\" \/>N\u00e4iteks v\u00f5idakse turul pakkuda v\u00e4ga suuri summasid v\u00f5imaldavat kiirlaenu v\u00f5i v\u00e4ikeste summadega tavalist laenu. Kui sul ei ole raha vaja otsekohe v\u00f5i kui vajad veidi rohkem, kui tavap\u00e4rase SMS- v\u00f5i kiirlaenuga saaksid, tasub kaaluda m\u00f5nda teist v\u00e4ikelaenu.<\/p>\n<p>Sarnaselt mainitud kiirlaenule saad sedagi v\u00f5tta tagatiseta ja intress on tavaliselt kiirlaenust madalam. Ka tagasimaksmise aeg on pikem ja see lisab laenule paindlikkust.<\/p>\n<p>Kui sul on sageli vajadus SMS-i v\u00f5i interneti kaudu laenata, v\u00f5ib olla hea m\u00f5te hankida endale hoopis \u00fcks korralik krediitkaart. Kuigi siiski v\u00f5ib ette tulla olukordi, kus SMS-laen on parim alternatiiv.<\/p>\n<h2>Kas mitmete laenude taotlemisega on seotud ka m\u00f5ni oht?<\/h2>\n<p>Mitmete laenude v\u00f5tmine ei pea automaatselt t\u00e4hendama seda, et inimese majanduslik seis on problemaatiline. See v\u00f5ib viidata ka t\u00e4iesti korras majandamisele.<\/p>\n<p><img decoding=\"async\" loading=\"lazy\" class=\"alignright wp-image-39 size-full\" src=\"http:\/\/loanstar.com\/ee\/wp-content\/uploads\/sites\/14\/2018\/10\/home_ill_big_1.svg\" alt=\"Enne SMS-laenu v\u00f5tmist veendu kindlasti selle vajalikkuses. \" width=\"312\" height=\"150\" \/>Kui inimene t\u00f6\u00f6tab teatud kuudel v\u00e4hem v\u00f5i rohkem, v\u00f5ib see olla arvestatav lahendus. Kuigi probleeme tasub varakult m\u00e4rgata. Laenuandjad hangivad teavet sinu majandusliku seisu kohta ametlikest registritest (nt <a href=\"https:\/\/www.creditinfo.ee\/maksehaireregister\/\" target=\"_blank\" rel=\"noopener noreferrer\">Creditinfo makseh\u00e4ireregistrist<\/a>) ja sageli v\u00f5ib just see teave m\u00e4\u00e4ravaks saada.<\/p>\n<p>Enamasti kontrollivad pakkujad sinu majanduslikku seisu ja krediidiv\u00f5imekust ka Creditinfo andmebaasis. Kui sul on palju laene v\u00f5i oled krediitkaardiga palju ostnud, v\u00f5idakse sulle laenu mitte anda.<\/p>\n<p>See v\u00f5ib lihtsalt nii olla, vaatamata sellele, et sinu igakuised sissetulekud on regulaarsed ja sul puuduvad makseh\u00e4ired. Siis tasub turul ringi vaadata ja v\u00f5id leida teenusepakkuja, kes selliste tingimustega n\u00f5ustub. Kui see kohe silma ei paista, v\u00f5ib selle kohta suisa p\u00e4rida (ent sedagi ettevaatlikult ja m\u00f5istuse piires).<\/p>\n<p>Seega tasub laene otsides alati vaadata tingimustest sedagi, kas laenu on v\u00f5imalik saada krediidiv\u00f5imekuse m\u00e4\u00e4ramise v\u00f5i konto v\u00e4ljav\u00f5tte saatmiseta. Sellisel juhul v\u00f5idakse sulle anda laenu ka mitme laenu olemasolu korral.<\/p>\n<h2>Kiirlaen ja SMS-laen on j\u00e4tkuvalt v\u00e4ga populaarsed<\/h2>\n<p>Viimase aastak\u00fcmne jooksul on laenuturg j\u00f5uliselt muutunud. Suured arengud IT-sektoris on toonud turule uued lahendused ja rahaga seotud toimingud internetis on ohutumad kui kunagi varem. Kiirema laenamise v\u00f5imaldamisse on oma panuse andnud ka ametlike registrite digitaliseerimine.<\/p>\n<p><img decoding=\"async\" loading=\"lazy\" class=\"alignright wp-image-100 size-full\" src=\"http:\/\/loanstar.com\/ee\/wp-content\/uploads\/sites\/14\/2018\/10\/ill_body_2.svg\" alt=\"SMS-i teel taotletav kiirlaen on kiireim laen ja see on laenudesse puutuvat dramaatiliselt muutnud.\" width=\"312\" height=\"150\" \/>SMS-i teel taotletav kiirlaen on kiireim laen ja see on laenudesse puutuvat dramaatiliselt muutnud. Paljude inimeste pangakonto on t\u00e4nap\u00e4eval \u00fchendatud mobiiliga ja loomulikult on telefoni abil laenamine j\u00e4rjekordne mugav lahendus. Selliste kiirlaenudega on mugav ootamatuid probleeme lahendada ja ootamatult h\u00e4id v\u00f5imalusi \u00e4ra kasutada.<\/p>\n<h2>Kiirlaenu kokkuv\u00f5te<\/h2>\n<p>Kiirlaen on kontseptsioon, millest hakati koheselt palju r\u00e4\u00e4kima ja mis leidis suure kasutajaskonna. Laenu taotlemiseks on sellisel juhul vaja ainult telefoni ja raha j\u00f5uab sinu kontole tunni aja jooksul (sageli minutitega).<\/p>\n<p><img decoding=\"async\" loading=\"lazy\" class=\"alignright wp-image-220 size-full\" src=\"http:\/\/loanstar.com\/ee\/wp-content\/uploads\/sites\/14\/2018\/11\/payday_loans_2.svg\" alt=\"Kiirlaen ja SMS-laen v\u00f5ivad sind aidata ka olukorras, kus sinu rahaline seis on k\u00f5ike muud kui hea. \" width=\"312\" height=\"150\" \/>N\u00e4iteks kui leidsid vajamineva asja soodsa hinnaga, kuigi palgap\u00e4evani on veel aega, aitab see sul tegelikult ka raha s\u00e4\u00e4sta! Laenu arukalt kasutades v\u00f5ib hoopis rahaliselt kasumisse j\u00e4\u00e4da.<\/p>\n<p>Kiirlaen ja SMS-laen v\u00f5ivad sind aidata ka olukorras, kus sinu rahaline seis on k\u00f5ike muud kui hea. Ent laenudesse tuleb suhtuda ettevaatusega. Kui su rahaline seis ei ole korras, v\u00f5ib isegi SMS-laenu saamine v\u00f5imatuks osutuda.<\/p>\n<p>Laenupakkuja hangib kiirlaenu puhul andmeid sinu rahalise seisu kohta automaatselt ja otsuste langetamisel ei v\u00f5eta arvesse mingeid erandeid\/selgitusi. Ent kui sinu rahaline seisukord on enamv\u00e4hem ja sa elad Eestis, on SMS-laenud ning kiirlaenud sageli kulutuste jaotamise heaks v\u00f5imaluseks.<\/p>\n<p>M\u00f5istlikult laenates panustad niiviisi hoopis oma rahalise seisu korras hoidmisse. Lihtsalt pea meeles, et laene tasub alati enne hoolikalt v\u00f5rrelda ja nende tingimustest tasub alati kinni pidada. Lisaks ei tasu maksetega kunagi hilineda \u2013 sellise ohu korral v\u00f5ta aegsasti laenuandjaga \u00fchendust!<\/p>\n","protected":false},"excerpt":{"rendered":"<p>Kuidas SMS-laen \u00fcldse toimib? Tegelikult kasutatakse SMS-laenu kohta t\u00e4nap\u00e4eval rohkem nimetust kiirlaen. Kui olla t\u00e4pne, esitatakse kiirlaenu taotlus m\u00f5ne ettev\u00f5tte&#8230;<\/p>\n","protected":false},"author":1,"featured_media":0,"parent":9,"menu_order":0,"comment_status":"closed","ping_status":"closed","template":"templates\/calculator-follow-up.php","meta":{"footnotes":""},"yoast_head":"<!-- This site is optimized with the Yoast SEO plugin v21.0 - https:\/\/yoast.com\/wordpress\/plugins\/seo\/ -->\n<title>SMS-laenu v\u00f5tmisesse suhtu ettevaatlikkusega ja v\u00f5rdle eelnevalt parimaid pakkumisi - Kiirlaen s\u00f5numi vahendusel - LoanStar Eesti<\/title>\n<meta name=\"description\" content=\"SMS-laen aitab luua v\u00f5imalusi, kuid enne laenamist p\u00f6\u00f6ra kindlasti t\u00e4helepanu intressim\u00e4\u00e4rale, tasudele ja tingimustele. V\u00f5rdle pakkumisi meie teenusega.\" \/>\n<meta name=\"robots\" content=\"index, follow, max-snippet:-1, max-image-preview:large, max-video-preview:-1\" \/>\n<link rel=\"canonical\" href=\"https:\/\/loanstar.com\/ee\/laenud\/sms-laen\/\" \/>\n<meta property=\"og:locale\" content=\"et_EE\" \/>\n<meta property=\"og:type\" content=\"article\" \/>\n<meta property=\"og:title\" content=\"SMS-laenu v\u00f5tmisesse suhtu ettevaatlikkusega ja v\u00f5rdle eelnevalt parimaid pakkumisi - Kiirlaen s\u00f5numi vahendusel - LoanStar Eesti\" \/>\n<meta property=\"og:description\" content=\"SMS-laen aitab luua v\u00f5imalusi, kuid enne laenamist p\u00f6\u00f6ra kindlasti t\u00e4helepanu intressim\u00e4\u00e4rale, tasudele ja tingimustele. V\u00f5rdle pakkumisi meie teenusega.\" \/>\n<meta property=\"og:url\" content=\"https:\/\/loanstar.com\/ee\/laenud\/sms-laen\/\" \/>\n<meta property=\"og:site_name\" content=\"LoanStar Eesti\" \/>\n<meta property=\"article:modified_time\" content=\"2019-09-03T07:36:28+00:00\" \/>\n<meta property=\"og:image\" content=\"http:\/\/loanstar.com\/ee\/wp-content\/uploads\/sites\/14\/2018\/11\/small_loans_1.svg\" \/>\n<meta name=\"twitter:card\" content=\"summary_large_image\" \/>\n<meta name=\"twitter:label1\" content=\"Est. reading time\" \/>\n\t<meta name=\"twitter:data1\" content=\"9 minutit\" \/>\n<script type=\"application\/ld+json\" class=\"yoast-schema-graph\">{\"@context\":\"https:\/\/schema.org\",\"@graph\":[{\"@type\":\"WebPage\",\"@id\":\"https:\/\/loanstar.com\/ee\/laenud\/sms-laen\/\",\"url\":\"https:\/\/loanstar.com\/ee\/laenud\/sms-laen\/\",\"name\":\"SMS-laenu v\u00f5tmisesse suhtu ettevaatlikkusega ja v\u00f5rdle eelnevalt parimaid pakkumisi - Kiirlaen s\u00f5numi vahendusel - LoanStar Eesti\",\"isPartOf\":{\"@id\":\"https:\/\/loanstar.com\/ee\/#website\"},\"datePublished\":\"2018-10-04T20:22:04+00:00\",\"dateModified\":\"2019-09-03T07:36:28+00:00\",\"description\":\"SMS-laen aitab luua v\u00f5imalusi, kuid enne laenamist p\u00f6\u00f6ra kindlasti t\u00e4helepanu intressim\u00e4\u00e4rale, tasudele ja tingimustele. V\u00f5rdle pakkumisi meie teenusega.\",\"breadcrumb\":{\"@id\":\"https:\/\/loanstar.com\/ee\/laenud\/sms-laen\/#breadcrumb\"},\"inLanguage\":\"et\",\"potentialAction\":[{\"@type\":\"ReadAction\",\"target\":[\"https:\/\/loanstar.com\/ee\/laenud\/sms-laen\/\"]}]},{\"@type\":\"BreadcrumbList\",\"@id\":\"https:\/\/loanstar.com\/ee\/laenud\/sms-laen\/#breadcrumb\",\"itemListElement\":[{\"@type\":\"ListItem\",\"position\":1,\"name\":\"Eesti\",\"item\":\"https:\/\/loanstar.com\/ee\/\"},{\"@type\":\"ListItem\",\"position\":2,\"name\":\"Laenud\",\"item\":\"https:\/\/loanstar.com\/ee\/laenud\/\"},{\"@type\":\"ListItem\",\"position\":3,\"name\":\"SMS-laenu v\u00f5tmisesse suhtu ettevaatlikkusega ja v\u00f5rdle eelnevalt parimaid pakkumisi\"}]},{\"@type\":\"WebSite\",\"@id\":\"https:\/\/loanstar.com\/ee\/#website\",\"url\":\"https:\/\/loanstar.com\/ee\/\",\"name\":\"LoanStar Eesti\",\"description\":\"V\u00f5rdle laene\",\"potentialAction\":[{\"@type\":\"SearchAction\",\"target\":{\"@type\":\"EntryPoint\",\"urlTemplate\":\"https:\/\/loanstar.com\/ee\/?s={search_term_string}\"},\"query-input\":\"required name=search_term_string\"}],\"inLanguage\":\"et\"}]}<\/script>\n<!-- \/ Yoast SEO plugin. -->","yoast_head_json":{"title":"SMS-laenu v\u00f5tmisesse suhtu ettevaatlikkusega ja v\u00f5rdle eelnevalt parimaid pakkumisi - Kiirlaen s\u00f5numi vahendusel - LoanStar Eesti","description":"SMS-laen aitab luua v\u00f5imalusi, kuid enne laenamist p\u00f6\u00f6ra kindlasti t\u00e4helepanu intressim\u00e4\u00e4rale, tasudele ja tingimustele. V\u00f5rdle pakkumisi meie teenusega.","robots":{"index":"index","follow":"follow","max-snippet":"max-snippet:-1","max-image-preview":"max-image-preview:large","max-video-preview":"max-video-preview:-1"},"canonical":"https:\/\/loanstar.com\/ee\/laenud\/sms-laen\/","og_locale":"et_EE","og_type":"article","og_title":"SMS-laenu v\u00f5tmisesse suhtu ettevaatlikkusega ja v\u00f5rdle eelnevalt parimaid pakkumisi - Kiirlaen s\u00f5numi vahendusel - LoanStar Eesti","og_description":"SMS-laen aitab luua v\u00f5imalusi, kuid enne laenamist p\u00f6\u00f6ra kindlasti t\u00e4helepanu intressim\u00e4\u00e4rale, tasudele ja tingimustele. V\u00f5rdle pakkumisi meie teenusega.","og_url":"https:\/\/loanstar.com\/ee\/laenud\/sms-laen\/","og_site_name":"LoanStar Eesti","article_modified_time":"2019-09-03T07:36:28+00:00","og_image":[{"url":"http:\/\/loanstar.com\/ee\/wp-content\/uploads\/sites\/14\/2018\/11\/small_loans_1.svg"}],"twitter_card":"summary_large_image","twitter_misc":{"Est. reading time":"9 minutit"},"schema":{"@context":"https:\/\/schema.org","@graph":[{"@type":"WebPage","@id":"https:\/\/loanstar.com\/ee\/laenud\/sms-laen\/","url":"https:\/\/loanstar.com\/ee\/laenud\/sms-laen\/","name":"SMS-laenu v\u00f5tmisesse suhtu ettevaatlikkusega ja v\u00f5rdle eelnevalt parimaid pakkumisi - Kiirlaen s\u00f5numi vahendusel - LoanStar Eesti","isPartOf":{"@id":"https:\/\/loanstar.com\/ee\/#website"},"datePublished":"2018-10-04T20:22:04+00:00","dateModified":"2019-09-03T07:36:28+00:00","description":"SMS-laen aitab luua v\u00f5imalusi, kuid enne laenamist p\u00f6\u00f6ra kindlasti t\u00e4helepanu intressim\u00e4\u00e4rale, tasudele ja tingimustele. V\u00f5rdle pakkumisi meie teenusega.","breadcrumb":{"@id":"https:\/\/loanstar.com\/ee\/laenud\/sms-laen\/#breadcrumb"},"inLanguage":"et","potentialAction":[{"@type":"ReadAction","target":["https:\/\/loanstar.com\/ee\/laenud\/sms-laen\/"]}]},{"@type":"BreadcrumbList","@id":"https:\/\/loanstar.com\/ee\/laenud\/sms-laen\/#breadcrumb","itemListElement":[{"@type":"ListItem","position":1,"name":"Eesti","item":"https:\/\/loanstar.com\/ee\/"},{"@type":"ListItem","position":2,"name":"Laenud","item":"https:\/\/loanstar.com\/ee\/laenud\/"},{"@type":"ListItem","position":3,"name":"SMS-laenu v\u00f5tmisesse suhtu ettevaatlikkusega ja v\u00f5rdle eelnevalt parimaid pakkumisi"}]},{"@type":"WebSite","@id":"https:\/\/loanstar.com\/ee\/#website","url":"https:\/\/loanstar.com\/ee\/","name":"LoanStar Eesti","description":"V\u00f5rdle laene","potentialAction":[{"@type":"SearchAction","target":{"@type":"EntryPoint","urlTemplate":"https:\/\/loanstar.com\/ee\/?s={search_term_string}"},"query-input":"required name=search_term_string"}],"inLanguage":"et"}]}},"_links":{"self":[{"href":"https:\/\/loanstar.com\/ee\/wp-json\/wp\/v2\/pages\/148"}],"collection":[{"href":"https:\/\/loanstar.com\/ee\/wp-json\/wp\/v2\/pages"}],"about":[{"href":"https:\/\/loanstar.com\/ee\/wp-json\/wp\/v2\/types\/page"}],"author":[{"embeddable":true,"href":"https:\/\/loanstar.com\/ee\/wp-json\/wp\/v2\/users\/1"}],"replies":[{"embeddable":true,"href":"https:\/\/loanstar.com\/ee\/wp-json\/wp\/v2\/comments?post=148"}],"version-history":[{"count":3,"href":"https:\/\/loanstar.com\/ee\/wp-json\/wp\/v2\/pages\/148\/revisions"}],"predecessor-version":[{"id":278,"href":"https:\/\/loanstar.com\/ee\/wp-json\/wp\/v2\/pages\/148\/revisions\/278"}],"up":[{"embeddable":true,"href":"https:\/\/loanstar.com\/ee\/wp-json\/wp\/v2\/pages\/9"}],"wp:attachment":[{"href":"https:\/\/loanstar.com\/ee\/wp-json\/wp\/v2\/media?parent=148"}],"curies":[{"name":"wp","href":"https:\/\/api.w.org\/{rel}","templated":true}]}}