{"id":146,"date":"2018-10-04T20:20:55","date_gmt":"2018-10-04T20:20:55","guid":{"rendered":"http:\/\/loanstar.com\/ee\/?page_id=146"},"modified":"2019-09-03T10:56:51","modified_gmt":"2019-09-03T07:56:51","slug":"hupoteeklaen","status":"publish","type":"page","link":"https:\/\/loanstar.com\/ee\/laenud\/hupoteeklaen\/","title":{"rendered":"H\u00fcpoteeklaen v\u00f5imaldab rahastada eluaseme ostmist"},"content":{"rendered":"<h2>K\u00f5ik, mida h\u00fcpoteeklaen t\u00e4hendada v\u00f5ib<\/h2>\n<p>Oma eluaseme ostmine on v\u00e4ga paljude eestlaste soovide nimekirja eesotsas, siin v\u00f5ibki aidata h\u00fcpoteeklaen. V\u00e4ga tavaliselt alustatakse korteri ostmisega n\u00e4iteks linnas, kus on laste jaoks kool jm tegevused l\u00e4hemal. Seej\u00e4rel valitakse j\u00e4rgmise etapina uus eluase, milleks on tihti maja. Sageli pole siis enam linnas elamine h\u00e4davajalik ja uus eluase valitakse maapiirkonda v\u00f5i \u00e4\u00e4relinnadesse.<\/p>\n<p><img decoding=\"async\" loading=\"lazy\" class=\"alignright wp-image-109 size-full\" src=\"http:\/\/loanstar.com\/ee\/wp-content\/uploads\/sites\/14\/2018\/10\/ill_body_11.svg\" alt=\"H\u00fcpoteeklaen aitab v\u00e4lja, kui on vajadus osta n\u00e4iteks eluaset.\" width=\"312\" height=\"150\" \/>Oma elamisse investeerimine on paljude jaoks kindlustamise ja s\u00e4\u00e4stude kogumise viis. Pole mingi ime, sest kinnisvarasse investeerimine on alati olnud \u00fcks k\u00f5ige turvalisemaid raha paigutamise viise.<\/p>\n<p>Eriti just esimest korda elamispinda ostes on vaja m\u00f5nda tagatist. Siiski leidub v\u00e4he inimesi, kellel on kohe tuhandeid eurosid vaba raha. Mis on tagatis ja kuidas sa selle leiad? Sellele p\u00fc\u00fcamegi siin artiklis vastata.<\/p>\n<h2>Mille finantseerimiseks saad h\u00fcpoteeklaenu kasutada?<\/h2>\n<p>H\u00fcpoteeklaen on selles osas \u00fcpris universaalne ja sellega saab rahastada suurema osa eluasemete ostmist. \u00dche piirangu seab see, kui suure osa ostetava eluaseme hinnast saad laenuga katta. Enamike selliste tehingute korral on vastav piir 80% ostetava vara v\u00e4\u00e4rtusest, kuid m\u00f5nel pakkujal v\u00f5ivad tingimused veidi erineda.<\/p>\n<p><img decoding=\"async\" loading=\"lazy\" class=\"alignright wp-image-38 size-full\" src=\"http:\/\/loanstar.com\/ee\/wp-content\/uploads\/sites\/14\/2018\/10\/home_ill_2.svg\" alt=\"H\u00fcpoteeklaenu pakutakse igalpool Eestis\" width=\"312\" height=\"150\" \/>Kui sul on 20% vabu vahendeid (nt p\u00e4randus, kink), saad \u00fclej\u00e4\u00e4nu pangast laenata. Samas saab kinnisvara puhul laenata raha ka praeguse eluaseme remondiks, siis ei ole laenusummad nii suured kui uue eluaseme ostmisel. Hea v\u00f5imalus uue kodu ostmise asemel on praeguse muutmine unistuste koduks.<\/p>\n<h3>Kas h\u00fcpoteeklaenu saamine on sama lihtne igal pool Eestis?<\/h3>\n<p>P\u00f5him\u00f5tteliselt pakutakse samasugust teenust \u00fcle riigi ja seega on v\u00f5imalik kodulaenu saada igal pool Eestis. Siiski tuleb t\u00e4hele panna, et v\u00e4hem atraktiivsetes kohtades kinnisvara ostes v\u00f5ivad tingimused veidi erineda. Samas on seal ka hinnad odavamad, mis ei tohiks olla probleemiks.<\/p>\n<p>Seega tuleks enne suuremate plaanide tegemist k\u00f5ik asjassepuutuv \u00fcle kontrollida. Nii v\u00e4ldid segadust ja leiad kindlasti just selliseid pakkujad, kes sinu n\u00f5uetele vastavat kodu ka vastavalt sinu soovidele finantseerida saavad.<\/p>\n<h2>H\u00fcpoteeklaenude kaks peamist t\u00fc\u00fcpi<\/h2>\n<p>Isegi Eesti suurusel v\u00e4iketurul on piisavalt laenupakkujaid, kelle pakutavad laenud jagunevad intressi j\u00e4rgi kaheks. \u00dched on fikseeritud ja teised muutuva intressim\u00e4\u00e4raga laenud. Nende kohta kasutatakse ka termineid fikseeritud tagasimaksega ja annuiteediga h\u00fcpoteeklaen.<\/p>\n<h3>Fikseeritud tagasimaksega h\u00fcpoteeklaen<\/h3>\n<p><img decoding=\"async\" loading=\"lazy\" class=\"alignright wp-image-47 size-full\" src=\"http:\/\/loanstar.com\/ee\/wp-content\/uploads\/sites\/14\/2018\/10\/ill_gen_4.svg\" alt=\"H\u00fcpoteeklaenu on fikseeritud ja muutuva intressim\u00e4\u00e4raga.\" width=\"312\" height=\"150\" \/> Selline h\u00fcpoteeklaen v\u00f5ib olla l\u00fchemas perspektiivis (igakuiselt) kallim, kuid majanduse muutudes v\u00f5ib nii ka kenasti s\u00e4\u00e4sta. V\u00e4listatud ei ole ka negatiivsed m\u00f5jud, eriti raske on neid ennustada aastak\u00fcmnetepikkuse laenu korral.<\/p>\n<p>Korralikult turuseisu anal\u00fc\u00fcsides peaks olema \u00fcpris lihtne \u00fchte laenut\u00fc\u00fcpi eelistada. Intressim\u00e4\u00e4rade t\u00f5usu puhul tasub m\u00f5elda intressi fikseerimisele. Nii v\u00f5id olla kindel, et suured t\u00f5usud ei m\u00f5juta sinu laenu.<\/p>\n<h3>Annuiteedi ehk muutuva intressiga h\u00fcpoteeklaen<\/h3>\n<p>Laenu taotlemise hetkel v\u00f5ib olla kuumakse madal, kuid olukorra muutumisel v\u00f5ib see m\u00e4rgatavalt t\u00f5usta. Siis tulebki kaaluda, kas selline risk on v\u00f5tmist v\u00e4\u00e4rt. Loomulikult v\u00f5ib ette tulla ka intressim\u00e4\u00e4ra langemist ja nii peaksid muutuva m\u00e4\u00e4ra korral v\u00e4hem maksma hakkama. T\u00e4na on h\u00fcpoteeklaenu intressid \u00fcllatavalt madalal ja languse peale lootma j\u00e4\u00e4da ei tasu. Pigem on t\u00f5en\u00e4oline, et need hakkavad m\u00f5ne aasta p\u00e4rast suurenema.<\/p>\n<h2>H\u00fcpoteeklaenu pikkus ja laenatav summa<\/h2>\n<p>Paljude h\u00fcpoteeklaenude puhul on laenu t\u00e4htaeg vahemikus 20 kuni 30 aastat. Siiski on vaja pidada meeles, et mida pikemaks ajaks laenu v\u00f5tad, seda kallimaks see kokkuv\u00f5ttes l\u00e4heb.<\/p>\n<p><img decoding=\"async\" loading=\"lazy\" class=\"alignright wp-image-228 size-full\" src=\"http:\/\/loanstar.com\/ee\/wp-content\/uploads\/sites\/14\/2018\/11\/small_loans_1.svg\" alt=\"Paljude h\u00fcpoteeklaenude puhul on laenu t\u00e4htaeg vahemikus 20 kuni 30 aastat.\" width=\"312\" height=\"150\" \/>Samas on l\u00fchema perioodiga ka kuumaksed m\u00e4rgatavalt suuremad. S\u00f5ltub just sinust, kas valid pika v\u00f5i l\u00fchikese perioodi. Liiga l\u00fchike t\u00e4htaeg ei ole samuti eriti m\u00f5istlik, siis pead tasuma suuri kuumakseid ja v\u00f5id halvimal juhul riskida kodu kaotamisega.<\/p>\n<p>Teine viis on valida v\u00f5imalikult pikk tagasimakseperiood ja paremasse rahalisse seisu j\u00f5udmisel lepingut muuta, makstes korraga tagasi suuremaid summasid. Just esimestel aastatel v\u00f5ib uue kodu sisseseadmine olulist lisaraha n\u00f5uda.<\/p>\n<h2>Laenamisega seotud kulud<\/h2>\n<p>H\u00fcpoteeklaenu puhul ei ole intress ainus makse, mis sinu poolt laenatavale summale lisandub. Silmas tuleb lisaks pidada ka laenu korraldamise ja haldamisega seotud tasusid. N\u00e4iteks on vaja ostetavale kinnisvarale seada panga kasuks h\u00fcpoteek ja k\u00f5ik see maksab. Ka riigil\u00f5ivud v\u00f5ivad olla p\u00e4ris suured.<\/p>\n<p><img decoding=\"async\" loading=\"lazy\" class=\"alignright wp-image-219 size-full\" src=\"http:\/\/loanstar.com\/ee\/wp-content\/uploads\/sites\/14\/2018\/11\/payday_loans_1.svg\" alt=\"H\u00fcpoteeklaenu puhul ei ole intress ainus makse, mis sinu poolt laenatavale summale lisandub.\" width=\"312\" height=\"150\" \/>Seega koosneb sinu igakuine makse mitmest komponendist ja suurema osa sellest moodustavad laenu tagasimaksed ning intress. Vastavad summad s\u00f5ltuvadki sinu valitud laenut\u00fc\u00fcbist, kestusest ja kui suure summa kodu jaoks laenad.<\/p>\n<p>Pole \u00fcllatus, et pank v\u00f5i muu laenuasutus v\u00f5tab tasu iga asja eest. Siia kuuluvad ka laenu andmine, lepingute s\u00f5lmimine jmt n\u00f5uded. K\u00f5ike ei pea sa kohe maksma, sest nii m\u00f5negi tasu saad laenuperioodi peale \u00e4ra jaotada.<\/p>\n<h3>Eluruumi omamisega seotud kulud<\/h3>\n<p>Mainisime juba h\u00fcpoteegi seadmist ja see on h\u00fcpoteeklaenu loomulik osa. Nii saab pank olla kindel, et ta saab sulle antud laenu probleemide tekkimisel tagasi. M\u00fc\u00fces nii ostetud eluruumi maha, saab pank sellest seatud h\u00fcpoteegi suuruses kompensatsiooni. K\u00f5igi selliste toimingute registreerimine v\u00f5ib tunduda pika protsessina, kuid see v\u00f5tab notari juures kokku vaid tunnikese.<\/p>\n<p><img decoding=\"async\" loading=\"lazy\" class=\"alignright wp-image-113 size-full\" src=\"http:\/\/loanstar.com\/ee\/wp-content\/uploads\/sites\/14\/2018\/10\/ill_body_15.svg\" alt=\"H\u00fcpoteeklaenu v\u00f5ttes soovitame k\u00f5ik tingimused selgelt l\u00e4bi kaaluda. \" width=\"312\" height=\"150\" \/>Unustada ei tasu, et laenuga ostetud kodu peab olema kindlustatud. Seda soovitame ka laenuta kodule, kuid laenuga ostetava kodu puhul ilma laenu ei saagi. \u00d5nneks saad valida sobiva kindlustusfirma ja -paketi ning ei pea j\u00e4rgima panga soovitust. Kui unustad seda teha, valib pank kindlustusfirma ise (mis ei pruugi sulle just k\u00f5ige soodsam olla).<\/p>\n<p>Muidugi on laenu v\u00f5imalik hiljem muuta, kuid ka sellega kaasnevad peaaegu alati kulud. Suuremat summat tagasi makstes peab muutma paljusid dokumente, registreerida see mitmes registris jne. K\u00f5ike seda tasuks hoopis eelnevalt kaaluda ja nii parim valik teha. Ehk tasub pingutada ja igakuiselt veidi rohkem tagasi maksta, kui selline v\u00f5imalus l\u00e4hiajal tekib.<\/p>\n<h2>H\u00fcpoteeklaenu \u00fcldised tingimused<\/h2>\n<p>Enne h\u00fcpoteeklaenu taotlemist tuleb k\u00f5iki v\u00f5imalusi kaaluda ja oma krediidiv\u00f5imekust ise hinnata. See kehtib muidugi iga laenu puhul. Eelk\u00f5ige peab sul olema piisavalt suur sissetulek, mis v\u00f5imaldab v\u00f5etud kohustused panga seatud tingimustel tagasi maksta.<\/p>\n<p><img decoding=\"async\" loading=\"lazy\" class=\"alignright wp-image-112 size-full\" src=\"http:\/\/loanstar.com\/ee\/wp-content\/uploads\/sites\/14\/2018\/10\/ill_body_14.svg\" alt=\"Enne h\u00fcpoteeklaenu taotlemist tuleb k\u00f5iki v\u00f5imalusi kaaluda ja oma krediidiv\u00f5imekust ise hinnata.\" width=\"312\" height=\"150\" \/>Sinu maksev\u00f5imet kirjeldab k\u00f5ige paremini, kui palju j\u00e4\u00e4b sulle raha alles p\u00e4rast igakuiste kulutuste tasumist. Kui soovid kellegagi koos kodu soetada, soovitame selleks ka koos laenu taotleda. Kui teie laene arvestatakse korraga, saate vahel laenata paremate tingimustega ja probleemide korral ei pea sa ka \u00fcksi vastutama.<\/p>\n<p>H\u00fcpoteeklaenu v\u00e4ljastav asutus soovib kindlasti enne otsuse tegemist kontrollida erinevaid registreid sinu majanduslikust seisust \u00fclevaate saamiseks. Seet\u00f5ttu palutakse sul esitada dokumente, mis t\u00f5estavad sinu palka ja muid sissetulekuid. Tasub mainida, et kui sinu kohta on makseh\u00e4ireregistris m\u00e4rkeid kui probleemsest isikust, ei anta sulle h\u00fcpoteeklaenu. Summad on suured ja risk panga jaoks arvestatav.<\/p>\n<p>Nagu oleme maininud, tuleb silmas pidada k\u00fcllatki arvestatavat omaosalust, mis h\u00fcpoteeklaenu puhul olemas peab olema. \u00d5nneks on siinkohal ka riik veidi \u00f5la alla pannud ja paljud saavad abi <a href=\"https:\/\/www.kredex.ee\/et\/teenused\/eluaseme-soetamiseks\/eluasemelaenu-kaendus\" target=\"_blank\" rel=\"noopener noreferrer\">KredExi laenuk\u00e4endusest<\/a>. Nii langeb omafinantseering 10% peale ja asutus ise tagab \u00fclej\u00e4\u00e4nud summa. V\u00e4ga hea v\u00f5imalus paljudele peredele on t\u00e4nu riiklikule toele ka usaldusv\u00e4\u00e4rne.<\/p>\n<p>Kui esimese 10% kogumisega tekib probleeme, tasub m\u00f5elda, kas su vanemad saaksid sind h\u00e4dast v\u00e4lja aidata. Loomulikult v\u00f5id 10% ulatuses kasutada tagatisena ka sulle v\u00f5i m\u00f5nele l\u00e4hisugulasele kuuluvat kinnisvara. Pangad kipuvad siinkohal aktsepteerima vaid taotlejate vanemate omanduses olevat kinnisvara. Kui ostad endale juba teist eluaset, on olukord juba lihtsam, siis ei pea sa selle palvega kellegi poole p\u00f6\u00f6rduma.<\/p>\n<h3>Mida teha, kui sul on m\u00f5ni v\u00f5lgnevus?<\/h3>\n<p><img decoding=\"async\" loading=\"lazy\" class=\"alignright wp-image-106 size-full\" src=\"http:\/\/loanstar.com\/ee\/wp-content\/uploads\/sites\/14\/2018\/10\/ill_body_8.svg\" alt=\"Mida suuremad on sinu v\u00f5lgnevused, seda v\u00e4hem h\u00fcpoteeklaenu on laenuandja n\u00f5us sulle andma. \" width=\"312\" height=\"150\" \/>Kui laenuandja uurib sulle h\u00fcpoteeklaenu andmise v\u00f5imalusi, n\u00e4evad nad samal ajal, kas sul on m\u00f5ni v\u00f5lg \u00fcleval v\u00f5i mitte. Paljudel meist v\u00f5ib olla \u00f5ppelaen, <a href=\"http:\/\/loanstar.com\/ee\/laenud\/autolaen\/\">autolaen<\/a> v\u00f5i m\u00f5ni muu ammu v\u00f5etud tarbimislaen.<\/p>\n<p>Mida suuremad on sinu v\u00f5lgnevused, seda v\u00e4hem raha on laenuandja n\u00f5us sulle andma. V\u00f5lgnevuste puhul on v\u00e4ga t\u00f5en\u00e4oline, et sulle laenatakse vajaminevast v\u00e4iksem summa v\u00f5i keeldutakse \u00fcle\u00fcldse sulle laenu andmisest.<\/p>\n<h3>Eluasemelaenu v\u00f5ttes on tagatis kindlaks n\u00f5udeks<\/h3>\n<p>Vastupidiselt <a href=\"http:\/\/loanstar.com\/ee\/laenud\/vaikelaen\/\">v\u00e4ike- v\u00f5i tarbimislaenudele<\/a>, kus ei n\u00f5uta laenu taotlemisel mingisugust tagatist, peab h\u00fcpoteeklaen olema tagatud. Sulle kinnisvara ostmiseks raha laenates v\u00f5tab laenuandja ostetava vara enda antud laenu tagatiseks. Nii lihtne see ongi.<\/p>\n<p>Selleks seab pank enda nimele kinnisvarale h\u00fcpoteegi ja sellega on tema jaoks laen tagatud. Kui sa oma kinnisvara m\u00fc\u00fca soovid, saab pank siiski oma raha k\u00e4tte. Nii on nende riskid maandatud ka juhul, kui sa enam oma makseid teha ei suuda.<\/p>\n<p>Igakuise laenumakse suurus s\u00f5ltub osaliselt ka tagatise suurusest ja v\u00e4\u00e4rtusest. Lisaks tasub silmas pidada, et mida suurema osa ostetava kinnisvara v\u00e4\u00e4rtusest sa ise kinni maksad, seda paremate tingimustega laenu sa saad.<\/p>\n<h2>Kas h\u00fcpoteeklaenu on v\u00f5imalik ka refinantseerida?<\/h2>\n<p>S\u00f5ltub k\u00fcll konkreetsest elamispinnast, kuid kinnisvara hind v\u00f5ib ajapikku t\u00f5usta. Kui sinu eluaseme v\u00e4\u00e4rtus on t\u00f5usnud, v\u00f5id sa taotleda oma laenu refinantseerimist ehk selle tingimuste muutmist. Kuna elamispind on n\u00fc\u00fcd rohkem v\u00e4\u00e4rt, peaks h\u00fcpoteeklaen odavamaks muutuma.<\/p>\n<p><img decoding=\"async\" loading=\"lazy\" class=\"alignright wp-image-44 size-full\" src=\"http:\/\/loanstar.com\/ee\/wp-content\/uploads\/sites\/14\/2018\/10\/ill_gen_1.svg\" alt=\"Vahel v\u00f5ib h\u00fcpoteeklaen olla kasulik m\u00f5ne teise laenu refinantseerimisel.\" width=\"312\" height=\"150\" \/>See t\u00e4hendab panga jaoks, et \u00fchtlasi on t\u00f5usnud laenu tagatiseks olnud vara v\u00e4\u00e4rtus. Seega ei tohiks neil olla selle vastu midagi. Siis tasub v\u00f5tta \u00fchendust halduriga, kelle kaudu sa laenu said, ja lasta olukorda uuesti hinnata. Kui sinu taotlus on p\u00f5hjendatud, tullakse sulle kindlasti vastu.<\/p>\n<p>Tagatise v\u00e4\u00e4rtuse t\u00f5us ja sellega kaasnenud muudatus maksetes t\u00e4hendab, et sinu h\u00fcpoteeklaen muutub odavamaks. Kui sinu laenuandja ei soovi refinantseerimisest kuuldagi, tasub seda v\u00f5imalust uurida teiste pakkujate k\u00e4est.<\/p>\n<p>Laenu refinantseerimise ja muutmisega v\u00f5ivad kaasneda uued h\u00fcpoteegiga seotud kulud, kuid teatud juhtudel on need tulevase s\u00e4\u00e4stuga v\u00f5rreldes vaevum\u00e4rgatavad. Kuna tagasimaksete periood on pikk, v\u00f5ib ka v\u00e4ike igakuine s\u00e4\u00e4st l\u00f5puks p\u00e4ris suurt summat t\u00e4hendada.<\/p>\n<p>Refinantseerimine v\u00f5ib olla kasulik nipp ka siis, kui sul on palju v\u00e4iksemaid laenusid, n\u00e4iteks veel <a href=\"http:\/\/loanstar.com\/ee\/laenud\/autolaen\/\">autolaen<\/a>. Seega \u2013 kui sul on v\u00f5imalik suuremat laenu taotleda, saad selle eest n\u00e4iteks v\u00e4iksemad laenud tagasi maksta, ja tasuda \u00fchte v\u00e4iksema intressiga laenu.<\/p>\n<p>Selle heaks k\u00fcljeks on see, et intress muutub madalamaks ja sa s\u00e4\u00e4stad omajagu raha. Enam ei pea maksma tagasi autolaenu v\u00f5i m\u00f5nda tarbimislaenu. Kokku pead tegelema vaid \u00fche hea intressiga laenuga ja suhtlema vaid \u00fche laenuandjaga.<\/p>\n<h2>Kokkuv\u00f5te h\u00fcpoteeklaenust<\/h2>\n<p>Kui kaalud p\u00e4ris oma kodu ostmist, tasuks sul k\u00f5igepealt selgitada v\u00e4lja, kui suure summa eest sa seda osta saaksid. Selleks v\u00f5ta n\u00e4iteks \u00fchendust oma pangaga, et teada saada, kui suurt laenu sulle antakse. Siis on sul kindlus, et \u00f5ige korteri v\u00f5i maja leidmisel v\u00f5id selle kohe \u00e4ra broneerida ilma, et peaksid panga j\u00e4rgi ootama.<\/p>\n<p><img decoding=\"async\" loading=\"lazy\" class=\"alignright wp-image-115 size-full\" src=\"http:\/\/loanstar.com\/ee\/wp-content\/uploads\/sites\/14\/2018\/10\/ill_body_17.svg\" alt=\"Tasub t\u00e4hele panna, et h\u00fcpoteeklaenu saamine s\u00f5ltub tugevalt sinu sissetulekutest. \" width=\"312\" height=\"150\" \/>Tasub siiski t\u00e4hele panna, et suuresti s\u00f5ltub laenatav summa sinu sissetulekutest. Mida suuremad need on, seda rohkem laenu sulle antakse. Kindlasti tasub kaaluda ka omafinantseeringu olemasolu, sest vahemikus 10-20% vara v\u00e4\u00e4rtusest peab sul endal olemas olema. Ka see v\u00f5ib seada piiri ostetava maja v\u00f5i korteri v\u00e4\u00e4rtusele.<\/p>\n<p>Kinnisvara ostmiseks laenu v\u00f5ttes tasub oma rahaline seis korda saada. Selliselt t\u00f5estad pangale, et sul on nii suure laenu saamiseks olemas ka v\u00f5ime seda tulevikus tagasi maksta. Pank peab laenule h\u00fcpoteegi seadma, kindlustamaks, et nad saavad laenatud raha ka tagasi.<\/p>\n","protected":false},"excerpt":{"rendered":"<p>K\u00f5ik, mida h\u00fcpoteeklaen t\u00e4hendada v\u00f5ib Oma eluaseme ostmine on v\u00e4ga paljude eestlaste soovide nimekirja eesotsas, siin v\u00f5ibki aidata h\u00fcpoteeklaen. V\u00e4ga&#8230;<\/p>\n","protected":false},"author":1,"featured_media":0,"parent":9,"menu_order":0,"comment_status":"closed","ping_status":"closed","template":"templates\/calculator-follow-up.php","meta":{"footnotes":""},"yoast_head":"<!-- This site is optimized with the Yoast SEO plugin v21.0 - https:\/\/yoast.com\/wordpress\/plugins\/seo\/ -->\n<title>H\u00fcpoteeklaen v\u00f5imaldab rahastada eluaseme ostmist - LoanStar Eesti<\/title>\n<meta name=\"robots\" content=\"index, follow, max-snippet:-1, max-image-preview:large, max-video-preview:-1\" \/>\n<link rel=\"canonical\" href=\"https:\/\/loanstar.com\/ee\/laenud\/hupoteeklaen\/\" \/>\n<meta property=\"og:locale\" content=\"et_EE\" \/>\n<meta property=\"og:type\" content=\"article\" \/>\n<meta property=\"og:title\" content=\"H\u00fcpoteeklaen v\u00f5imaldab rahastada eluaseme ostmist - LoanStar Eesti\" \/>\n<meta property=\"og:description\" content=\"K\u00f5ik, mida h\u00fcpoteeklaen t\u00e4hendada v\u00f5ib Oma eluaseme ostmine on v\u00e4ga paljude eestlaste soovide nimekirja eesotsas, siin v\u00f5ibki aidata h\u00fcpoteeklaen. V\u00e4ga...\" \/>\n<meta property=\"og:url\" content=\"https:\/\/loanstar.com\/ee\/laenud\/hupoteeklaen\/\" \/>\n<meta property=\"og:site_name\" content=\"LoanStar Eesti\" \/>\n<meta property=\"article:modified_time\" content=\"2019-09-03T07:56:51+00:00\" \/>\n<meta property=\"og:image\" content=\"http:\/\/loanstar.com\/ee\/wp-content\/uploads\/sites\/14\/2018\/10\/ill_body_11.svg\" \/>\n<meta name=\"twitter:card\" content=\"summary_large_image\" \/>\n<meta name=\"twitter:label1\" content=\"Est. reading time\" \/>\n\t<meta name=\"twitter:data1\" content=\"9 minutit\" \/>\n<script type=\"application\/ld+json\" class=\"yoast-schema-graph\">{\"@context\":\"https:\/\/schema.org\",\"@graph\":[{\"@type\":\"WebPage\",\"@id\":\"https:\/\/loanstar.com\/ee\/laenud\/hupoteeklaen\/\",\"url\":\"https:\/\/loanstar.com\/ee\/laenud\/hupoteeklaen\/\",\"name\":\"H\u00fcpoteeklaen v\u00f5imaldab rahastada eluaseme ostmist - LoanStar Eesti\",\"isPartOf\":{\"@id\":\"https:\/\/loanstar.com\/ee\/#website\"},\"datePublished\":\"2018-10-04T20:20:55+00:00\",\"dateModified\":\"2019-09-03T07:56:51+00:00\",\"breadcrumb\":{\"@id\":\"https:\/\/loanstar.com\/ee\/laenud\/hupoteeklaen\/#breadcrumb\"},\"inLanguage\":\"et\",\"potentialAction\":[{\"@type\":\"ReadAction\",\"target\":[\"https:\/\/loanstar.com\/ee\/laenud\/hupoteeklaen\/\"]}]},{\"@type\":\"BreadcrumbList\",\"@id\":\"https:\/\/loanstar.com\/ee\/laenud\/hupoteeklaen\/#breadcrumb\",\"itemListElement\":[{\"@type\":\"ListItem\",\"position\":1,\"name\":\"Eesti\",\"item\":\"https:\/\/loanstar.com\/ee\/\"},{\"@type\":\"ListItem\",\"position\":2,\"name\":\"Laenud\",\"item\":\"https:\/\/loanstar.com\/ee\/laenud\/\"},{\"@type\":\"ListItem\",\"position\":3,\"name\":\"H\u00fcpoteeklaen v\u00f5imaldab rahastada eluaseme ostmist\"}]},{\"@type\":\"WebSite\",\"@id\":\"https:\/\/loanstar.com\/ee\/#website\",\"url\":\"https:\/\/loanstar.com\/ee\/\",\"name\":\"LoanStar Eesti\",\"description\":\"V\u00f5rdle laene\",\"potentialAction\":[{\"@type\":\"SearchAction\",\"target\":{\"@type\":\"EntryPoint\",\"urlTemplate\":\"https:\/\/loanstar.com\/ee\/?s={search_term_string}\"},\"query-input\":\"required name=search_term_string\"}],\"inLanguage\":\"et\"}]}<\/script>\n<!-- \/ Yoast SEO plugin. -->","yoast_head_json":{"title":"H\u00fcpoteeklaen v\u00f5imaldab rahastada eluaseme ostmist - LoanStar Eesti","robots":{"index":"index","follow":"follow","max-snippet":"max-snippet:-1","max-image-preview":"max-image-preview:large","max-video-preview":"max-video-preview:-1"},"canonical":"https:\/\/loanstar.com\/ee\/laenud\/hupoteeklaen\/","og_locale":"et_EE","og_type":"article","og_title":"H\u00fcpoteeklaen v\u00f5imaldab rahastada eluaseme ostmist - LoanStar Eesti","og_description":"K\u00f5ik, mida h\u00fcpoteeklaen t\u00e4hendada v\u00f5ib Oma eluaseme ostmine on v\u00e4ga paljude eestlaste soovide nimekirja eesotsas, siin v\u00f5ibki aidata h\u00fcpoteeklaen. V\u00e4ga...","og_url":"https:\/\/loanstar.com\/ee\/laenud\/hupoteeklaen\/","og_site_name":"LoanStar Eesti","article_modified_time":"2019-09-03T07:56:51+00:00","og_image":[{"url":"http:\/\/loanstar.com\/ee\/wp-content\/uploads\/sites\/14\/2018\/10\/ill_body_11.svg"}],"twitter_card":"summary_large_image","twitter_misc":{"Est. reading time":"9 minutit"},"schema":{"@context":"https:\/\/schema.org","@graph":[{"@type":"WebPage","@id":"https:\/\/loanstar.com\/ee\/laenud\/hupoteeklaen\/","url":"https:\/\/loanstar.com\/ee\/laenud\/hupoteeklaen\/","name":"H\u00fcpoteeklaen v\u00f5imaldab rahastada eluaseme ostmist - LoanStar Eesti","isPartOf":{"@id":"https:\/\/loanstar.com\/ee\/#website"},"datePublished":"2018-10-04T20:20:55+00:00","dateModified":"2019-09-03T07:56:51+00:00","breadcrumb":{"@id":"https:\/\/loanstar.com\/ee\/laenud\/hupoteeklaen\/#breadcrumb"},"inLanguage":"et","potentialAction":[{"@type":"ReadAction","target":["https:\/\/loanstar.com\/ee\/laenud\/hupoteeklaen\/"]}]},{"@type":"BreadcrumbList","@id":"https:\/\/loanstar.com\/ee\/laenud\/hupoteeklaen\/#breadcrumb","itemListElement":[{"@type":"ListItem","position":1,"name":"Eesti","item":"https:\/\/loanstar.com\/ee\/"},{"@type":"ListItem","position":2,"name":"Laenud","item":"https:\/\/loanstar.com\/ee\/laenud\/"},{"@type":"ListItem","position":3,"name":"H\u00fcpoteeklaen v\u00f5imaldab rahastada eluaseme ostmist"}]},{"@type":"WebSite","@id":"https:\/\/loanstar.com\/ee\/#website","url":"https:\/\/loanstar.com\/ee\/","name":"LoanStar Eesti","description":"V\u00f5rdle laene","potentialAction":[{"@type":"SearchAction","target":{"@type":"EntryPoint","urlTemplate":"https:\/\/loanstar.com\/ee\/?s={search_term_string}"},"query-input":"required name=search_term_string"}],"inLanguage":"et"}]}},"_links":{"self":[{"href":"https:\/\/loanstar.com\/ee\/wp-json\/wp\/v2\/pages\/146"}],"collection":[{"href":"https:\/\/loanstar.com\/ee\/wp-json\/wp\/v2\/pages"}],"about":[{"href":"https:\/\/loanstar.com\/ee\/wp-json\/wp\/v2\/types\/page"}],"author":[{"embeddable":true,"href":"https:\/\/loanstar.com\/ee\/wp-json\/wp\/v2\/users\/1"}],"replies":[{"embeddable":true,"href":"https:\/\/loanstar.com\/ee\/wp-json\/wp\/v2\/comments?post=146"}],"version-history":[{"count":3,"href":"https:\/\/loanstar.com\/ee\/wp-json\/wp\/v2\/pages\/146\/revisions"}],"predecessor-version":[{"id":277,"href":"https:\/\/loanstar.com\/ee\/wp-json\/wp\/v2\/pages\/146\/revisions\/277"}],"up":[{"embeddable":true,"href":"https:\/\/loanstar.com\/ee\/wp-json\/wp\/v2\/pages\/9"}],"wp:attachment":[{"href":"https:\/\/loanstar.com\/ee\/wp-json\/wp\/v2\/media?parent=146"}],"curies":[{"name":"wp","href":"https:\/\/api.w.org\/{rel}","templated":true}]}}