{"id":144,"date":"2018-10-04T20:03:57","date_gmt":"2018-10-04T20:03:57","guid":{"rendered":"http:\/\/loanstar.com\/ee\/?page_id=144"},"modified":"2019-09-03T11:15:46","modified_gmt":"2019-09-03T08:15:46","slug":"arilaen","status":"publish","type":"page","link":"https:\/\/loanstar.com\/ee\/laenud\/arilaen\/","title":{"rendered":"\u00c4rilaen v\u00f5ib toetada sinu ettev\u00f5tte j\u00e4rgmisele tasemele j\u00f5udmist"},"content":{"rendered":"<h2>\u00c4rilaen on majanduse v\u00e4ga oluline osa<\/h2>\n<p>V\u00f5ib v\u00e4ita, et \u00e4rilaen aitab paljudel ettev\u00f5tetel eksisteerida. Selle taga on kindlasti ka riiklik poliitika, eesm\u00e4rgiga riigi majandust elavdada. Just ettev\u00f5tetesse investeerimine ja ettev\u00f5tlus on palju panustanud taasiseseisvunud Eesti riigi arengusse. Arenev ettev\u00f5tlus t\u00e4hendab riigile nii otsest tulu kui ka kaudset kasu elanike heaolu n\u00e4ol. Seega on k\u00f5igi huvides anda hoogu headele ideedele.<\/p>\n<p><img decoding=\"async\" loading=\"lazy\" class=\"alignright wp-image-105 size-full\" src=\"http:\/\/loanstar.com\/ee\/wp-content\/uploads\/sites\/14\/2018\/10\/ill_body_7.svg\" alt=\"\u00e4rilaen on majanduse oluline osa\" width=\"312\" height=\"150\" \/>Teatud majandusharudes v\u00f5ib vaikne kasv olla vajalik ja investeeringuid tehakse koosk\u00f5las kasvuga. Peab arvestama, et ettev\u00f5tlusega alustamine maksab ja raha tuleb saada kelleltki, kes eeldab selle tagasisaamist.<\/p>\n<p>Ettev\u00f5ttega alustamine v\u00f5ib t\u00e4hendada, et \u00e4ri vajab toimima saamiseks investeeringut. Siis v\u00f5ib laen olla ainus lahendus. \u00c4rilaen aitab hea ideega sarnaselt kui regulaarsete sissetulekute korral eraisiku <a href=\"http:\/\/loanstar.com\/ee\/laenud\/vaikelaen\/\">v\u00e4ikelaenu<\/a> saamine.<\/p>\n<p>Investeerimislaen muudab alustamise sujuvaks ja on eriti oluline uutele turgudele sisenemisel. Palju r\u00e4\u00e4gitakse nn esimese tegija eelistest \u2013 kes mingile turule esimesena oluliselt investeerib, saab suured eelised. Selle \u00fcks s\u00e4ravamaid n\u00e4iteid on netikaubamaja <a href=\"https:\/\/www.amazon.com\/\" target=\"_blank\" rel=\"noopener noreferrer\">Amazon<\/a>, kuid sarnane printsiip kehtib ka mistahes v\u00e4iksemate \u00e4riideedega.<\/p>\n<p>Eraisikutele antakse sageli n\u00f5u ettevaatliku laenamise kohta ja sama kehtib ka ettev\u00f5tjatele. Samas peaks oma ideesse uskuv ettev\u00f5tja v\u00e4ltima ka liiga v\u00e4ikese summa laenamist. K\u00e4esolevas artiklis vaatleme m\u00f5istliku laenamise p\u00f5him\u00f5tteid ja anal\u00fc\u00fcsime erinevaid \u00e4rilaenu t\u00fc\u00fcpe.<\/p>\n<h2>Kasuta \u00e4rilaenu oma ettev\u00f5tte kasvu finantseerimiseks<\/h2>\n<p>Vajadus raha laenamise j\u00e4rele ei kao ettev\u00f5tte \u00f5nnestunud ja eduka algusega. On peaaegu reegel, et ettev\u00f5tte kasumlikuks muutumiseks v\u00f5ib kuluda mitu head aastat. Isegi kui ettev\u00f5te toodab kasumit, v\u00f5ib \u00e4rilaen aidata Sul ettev\u00f5tte tegevust laiendada.<\/p>\n<p>See on \u00fcpris tavap\u00e4rane ja kui maksad olemasolevaid laene kenasti tagasi, saad samast pangast ka uut k\u00fcsida. Tegelikult v\u00f5id ka mujalt laenu k\u00fcsida, sest t\u00e4nap\u00e4eval ei tegele sellega ainult pangad.<\/p>\n<p><img decoding=\"async\" loading=\"lazy\" class=\"alignright wp-image-112 size-full\" src=\"http:\/\/loanstar.com\/ee\/wp-content\/uploads\/sites\/14\/2018\/10\/ill_body_14.svg\" alt=\"\u00e4rilaen aitab su ettev\u00f5tte kasvu finantseerida\" width=\"312\" height=\"150\" \/>Vastavalt ettev\u00f5tte valdkonnale, tegevusele v\u00f5i m\u00fc\u00fcgikanalitele v\u00f5ib kasv n\u00f5uda erinevat t\u00fc\u00fcpi investeeringuid. Ettev\u00f5ttel v\u00f5ib tekkida vajadus uude kohta kolida, uut personali t\u00f6\u00f6le v\u00f5tta v\u00f5i hoopis oma masinaparki uuendada. Loomulikult v\u00f5ib raha kuluda ka ettev\u00f5tte reklaamimisele ja turundusega seotud tegevustele (olgu selleks kanaliks internet v\u00f5i traditsioonilised meetodid).<\/p>\n<p>\u00c4rilaenu v\u00f5etakse sageli, et investeerida tuleviku teenimise nimel. Seda m\u00f5istavad ka laenuandjad \u2013 kui nad n\u00e4evad, et laen viib suurema tootlikkuseni m\u00f5istliku ajaga, ei \u00fctle nad naljalt laenu andmisest \u00e4ra. L\u00fchidalt \u00f6eldes tasub raha laenata siis, kui saad seda kasutada suurema kasumi teenimiseks!<\/p>\n<h2>Laenamine on ettev\u00f5tte j\u00e4tkuva tegevuse loomulik osa<\/h2>\n<p>\u00c4rilaen ei pea olema alati seotud ettev\u00f5tte k\u00e4ivitamise v\u00f5i uute suurte investeeringutega. See v\u00f5ib olla h\u00e4davajalik ka lihtsates igap\u00e4evastes oludes, et ettev\u00f5te kehvemad v\u00f5i ootamatud perioodid \u00fcle elaks.<\/p>\n<p>Ka firmade likviidsus ei ole sama, mis eraisikutel. M\u00f5nel kuul on kulutused tavalisest suuremad ja kasum s\u00f5ltub m\u00fc\u00fcgist. Vahel s\u00f5ltub k\u00f5ik hooajast ja m\u00fc\u00fcginumbrite langus ei pruugigi t\u00e4hendada halba majanduslikku tulemust.<\/p>\n<p>Sarnased mured v\u00f5ivad esineda ka ettev\u00f5tetel, kellel on v\u00e4he kliente. Siis v\u00f5ib \u00fcksikute klientide taga olla kinni p\u00e4ris suur summa raha ja erinevate kohustuste tagasimaksmine v\u00f5ib osutuda keeruliseks. K\u00f5ik tuleb siiski \u00f5igeks ajaks tagasi maksta.<\/p>\n<p>Seet\u00f5ttu laenavad paljud ettev\u00f5tted oma kohustuste t\u00e4itmiseks regulaarselt v\u00e4iksemaid summasid. See on t\u00e4iesti tavap\u00e4rane asjade k\u00e4ik. Kui raha sisse tuleb, makstakse laen tagasi ja vajaduse tekkimisel esitatakse uus taotlus laenu saamiseks.<\/p>\n<p><img decoding=\"async\" loading=\"lazy\" class=\"alignright wp-image-108 size-full\" src=\"http:\/\/loanstar.com\/ee\/wp-content\/uploads\/sites\/14\/2018\/10\/ill_body_10.svg\" alt=\"\u00e4rilaen aitab n\u00f5udlust ja pakkumist kontrolli all hoida\" width=\"312\" height=\"150\" \/>\u00c4rilaen on kasulik ka muudel juhtudel. N\u00e4iteks v\u00f5ib tekkida olukord, kus Sinu toote v\u00f5i teenuse j\u00e4rele on suurem n\u00f5udlus, kui Sa kohe pakkuda suudad. Siis aitab raha laenamine ettev\u00f5tte tootlikkust t\u00f5sta ja isegi l\u00fchiajalises perspektiivis m\u00e4rksa rohkemgi teenida.<\/p>\n<p>N\u00e4iteks m\u00f5nes kaupluses saab mingi kaup laost otsa just siis, kui paljud kliendid sooviksid seda osta. Lisaks igalt tootelt oodatud kasumi teenimisele on sel ka mainega seotud n\u00fcanss. Kui inimene ei saa soovitud kaupa, otsib ta teise pakkuja ja ei tule tihti Sinu juurde tagasi. Seega on ettev\u00f5tte tegevuse arendamiseks m\u00f5eldud laen v\u00f5imalus soodsat juhust \u00e4ra kasutada. Taotledes kiiresti kassaseisu tugevdavat v\u00e4iksemat laenu, annad endale suurema v\u00f5imaluse kauplemiseks.<\/p>\n<p>Et k\u00f5ik laenamisega seotu l\u00e4heks sujuvalt ja k\u00f5rgete kulutusteta, tuleb veidi vaeva n\u00e4ha. Tasub m\u00f5elda, et hea \u00e4rilaenu leidmine vajab veidi aega. Hea on leida mitu laenuandjat, kellega head pikaajalist suhet hoida. Nii on igaks juhuks alati ka teine partner v\u00f5tta.<\/p>\n<h2>V\u00f5rdle \u00e4rilaene internetis kiiresti ja kodust lahkumata<\/h2>\n<p>T\u00e4nap\u00e4eval on interneti kaudu raha laenamine v\u00e4ga lihtsaks tehtud. Kui Sul on ettev\u00f5te, millel l\u00e4heb h\u00e4sti ja mida peetakse usaldusv\u00e4\u00e4rseks, saad taotleda m\u00f5nesaja tuhande euroni ulatuvat laenu. Seejuures v\u00f5idakse v\u00e4iksemate summadega \u00e4rilaen ka peaaegu koheselt heaks kiita ja raha v\u00f5ib Sinu ettev\u00f5tte kontole laekuda juba j\u00e4rgmisel p\u00e4eval. Ainult v\u00e4ga suurt summat vajades pead isiklikult pangaga suhtlema. Siis kuluvad loomulikult \u00e4ra head kontaktid erinevate pankade laenuhalduritega.<\/p>\n<p><img decoding=\"async\" loading=\"lazy\" class=\"alignright wp-image-216 size-full\" src=\"http:\/\/loanstar.com\/ee\/wp-content\/uploads\/sites\/14\/2018\/11\/online_loans_1.svg\" alt=\"pakkujaid on palju - hea \u00e4rilaen t\u00e4hendab, et oled selle leidmiseks veidi aega kulutanud ja meie lehel pakkumisi v\u00f5rrelnud\" width=\"312\" height=\"150\" \/>\u00c4rilaenude turg on viimaste aastatega m\u00e4rgatavalt edasi arenenud. Turul on juba lihtsalt nii palju omavahel konkureerivaid tegijaid, kes k\u00f5ik tahavad Sind oma kliendiks saada. Seet\u00f5ttu v\u00f5ib suisa r\u00e4\u00e4kida nn \u201claenajate turust\u201d. Ettev\u00f5tetel on v\u00f5imalik v\u00e4ga erinevate intresside ja tingimustega laenude vahel valida. Kusjuures enamik neist on ettev\u00f5tjatele ka v\u00e4ga soodsad.<\/p>\n<p>Seega on firmade jaoks laenamine praegu varasemast oluliselt kergem ja leidub palju erinevate vajadustega sobitatud laenutooteid. See t\u00e4hendab, et Sinul on ettev\u00f5tjana sobiva laenu leidmise osas varasemast palju suurem vastutus.<\/p>\n<p>V\u00f5rreldes \u00e4rilaene meie sujuva ja kaasaegse teenuse abil, saad ajakohast teavet paljude laenupakkujate pakkumiste kohta just Sinu vajadustest l\u00e4htuvalt filtreerituna ja sorteerituna. Oma ettev\u00f5tte v\u00f5imaluste kaalumiseks peaks v\u00f5rdlemine olema v\u00e4ga loomulik. Mis peamine \u2013 meie v\u00f5rdlemisteenus on igale laenuv\u00f5tjale t\u00e4iesti tasuta.<\/p>\n<h2>\u00c4rilaenu headus ei s\u00f5ltu ainult pakutavast intressist<\/h2>\n<p>Kui intress pole olulisim, siis mida peaks laenu taotledes \u00fcldse vaatama? Oluline on teha \u00fclevaade k\u00f5igest, mida Sinu tulevane laen sisaldama hakkab. Kui plaanid laenata suurema summa, on t\u00f5esti olulisim vaadata intressim\u00e4\u00e4ra.<\/p>\n<p>Kui Sul on plaanis laenata v\u00e4iksem summa, tasub vaadata ka muid kaasnevaid kulusid. Sellisel juhul v\u00f5ivad lepingu s\u00f5lmimise tasud jm kulud moodustada m\u00e4rgatava osa tagasimakstavast summast. Sinu laenuintress ei s\u00f5ltu ainult valitud laenuandja marginaalidest ja \u00fcldisest olukorrast Eestis v\u00f5i Euroopas. Olulist rolli v\u00f5ivad m\u00e4ngida n\u00e4iteks:<\/p>\n<p><img decoding=\"async\" loading=\"lazy\" class=\"alignright wp-image-225 size-full\" src=\"http:\/\/loanstar.com\/ee\/wp-content\/uploads\/sites\/14\/2018\/11\/savings_1.svg\" alt=\"\u00e4rilaen ei s\u00f5ltu vaid pakutavast intressist, v\u00f5rdle k\u00f5iki tingimusi meie veebiteenusega\" width=\"312\" height=\"150\" \/><\/p>\n<ul>\n<li>laenu kestus \u2013 mida pikem on laenu makset\u00e4htaeg, seda madalam on krediidikulukuse m\u00e4\u00e4r;<\/li>\n<li>laenusumma \u2013 mida suurem on summa, seda v\u00e4iksem on reeglina laenule m\u00e4\u00e4ratav intress;<\/li>\n<li>laenuotsuse kiirus \u2013 mitmed pakkujad on spetsialiseerunud kiiretele \u00e4rilaenudele ja teatud olukorras v\u00f5ib see olla parim valik;<\/li>\n<li>laenun\u00f5ustamine \u2013 kui Sul v\u00f5ib laenuandja teenuseid tulevikuski vaja minna, tasub otsida otsekontakt halduriga, kelle juurde saad alati tagasi p\u00f6\u00f6rduda.<\/li>\n<\/ul>\n<p>K\u00f5igi nende eelnevalt loetletud tegurite (intress, kestus, kiirus ja n\u00f5ustamise v\u00f5imalus) kohta leiad rohkem teavet ka siin lehek\u00fcljel ettev\u00f5tetele m\u00f5eldud laenusid v\u00f5rreldes.<\/p>\n<h2>Kellelt peaksid j\u00e4rgmisel korral \u00e4rilaenu taotlema?<\/h2>\n<p>Laenuturg on praegu varasemast oluliselt mitmekesisem. Paljud langetavad j\u00e4tkuvalt otsuse taotleda laenu m\u00f5nest tavalisest pikema ajalooga pangast. Selle \u00fcheks miinuseks v\u00f5ib olla asjaolu, et nii suure organisatsiooni puhul ei pruugi olla v\u00e4ga lihtne saada kontakti t\u00f6\u00f6tajaga, kellel on t\u00e4pselt Sinu ettev\u00f5tte seisukorra hindamiseks vajalik kompetents. Pangad on siiski \u00fcldiselt usaldusv\u00e4\u00e4rsed partnerid ja neilt v\u00f5ib oodata p\u00e4ris h\u00e4id tingimusi laenu saamiseks.<\/p>\n<p><img decoding=\"async\" loading=\"lazy\" class=\"alignright wp-image-114 size-full\" src=\"http:\/\/loanstar.com\/ee\/wp-content\/uploads\/sites\/14\/2018\/10\/ill_body_16.svg\" alt=\"meie kodulehel leiad erinevad \u00e4rilaenu pakkujad\" width=\"312\" height=\"150\" \/>Meie kodulehel v\u00f5i mujal internetis teenuseid v\u00f5rreldes leiad kindlasti pakkumisi teistelt krediidiasutustelt, mitte ainult pankadelt. Sellised pakkujad on sageli spetsialiseerunud just teatud t\u00fc\u00fcpi laenudele, kus summad v\u00f5ivad olla k\u00fcll v\u00e4iksemad, kuid mille v\u00f5ib saada k\u00e4tte m\u00e4rgatavalt kiiremini.<\/p>\n<p>Alati ei olegi vaja ettev\u00f5ttel ise karmil laenuturul hakkama saada. Kui tegemist on alustava ettev\u00f5ttega v\u00f5i ettev\u00f5ttega, mis planeerib oluliselt panustada v\u00e4lismaale laienemisse, aitab oma n\u00f5u ja j\u00f5uga ka riik. K\u00f5igil sellistel juhtudel tasub vaadata <a href=\"https:\/\/kredex.ee\/et\" target=\"_blank\" rel=\"noopener noreferrer\">KredExi<\/a> ja <a href=\"https:\/\/www.eas.ee\/\" target=\"_blank\" rel=\"noopener noreferrer\">EASi<\/a> kodulehti \u2013 nii v\u00f5ib teinekord koost\u00f6\u00f6s spetsialistidega hoopis parema tulemuse saada.<\/p>\n<h2>Millised on \u00e4rilaenu asemel hoopis riskikapitali kaasamise head ja vead?<\/h2>\n<p>Paljudel ettev\u00f5tetel on tulnud ette olukordi, kus arengu varases staadiumis on vaja v\u00e4ga palju kapitali, \u00e4rilaen ei pruugi siin aidata. Sellega v\u00f5ib tekkida mitmesuguseid probleeme. Nimelt ei pruugi pangad olla valmis sellise riski v\u00f5tmiseks. Pankadel on v\u00e4ga palju h\u00e4id k\u00fclgi, kuid \u00e4riideede headuse hindamisel on suurimad spetsialistid siiski riskikapitalistid.<\/p>\n<p><img decoding=\"async\" loading=\"lazy\" class=\"alignright wp-image-116 size-full\" src=\"http:\/\/loanstar.com\/ee\/wp-content\/uploads\/sites\/14\/2018\/10\/ill_body_18.svg\" alt=\"vahel on riskikapitali kaasamine m\u00f5istlikum kui \u00e4rilaen\" width=\"312\" height=\"150\" \/>Nemad saavad panustada raha ettev\u00f5tetesse, mis ei pruugi veel aastaid kasumit tootma hakata. Nad peavad arvestama riskiga, et ka p\u00e4rast investeeringu saamist ei hakka ettev\u00f5te kasumit tootma. Vaatamata sellele on riskikapitalistide tegevus edukas.<\/p>\n<p>Tehnoloogiaettev\u00f5tete puhul on selline kapital eriti oluline, sest tehnoloogia turule toomine v\u00f5ib v\u00f5tta aastaid ja maksta miljoneid. Kui nii kasvab v\u00e4lja suurt kasumit tootev firma, on investeering seda v\u00e4\u00e4rt. Kui j\u00e4tad pangalaenu v\u00f5tmata ja p\u00f6\u00f6rdud riskikapitalistide poole, pead arvestama, et annad samas \u00e4ra mingi osa ettev\u00f5ttest.<\/p>\n<p>Edu saabumisel v\u00f5tavad kapitalistid ettev\u00f5ttest v\u00e4lja palju rohkem raha kui oleksid laenu taotledes pangale maksma pidanud. Samas on nende kaasamise kindlaks eeliseks see, et nad tunnevad aktiivset huvi ettev\u00f5tte vastu, millele nad on suure summa raha laenanud, ja panustavad selle arengusse oma kompetentsiga. Raske valik, kas pole?<\/p>\n<h2>Sagedase laenamise alternatiiv on ettev\u00f5tte arvelduskrediit<\/h2>\n<p>Sellise krediidi omamine on sageli palju mugavam lahendus, kui tihti v\u00e4iksemaid laenusid taotleda. Lisaks annab see ettev\u00f5ttele ka muid eeliseid.<\/p>\n<p><img decoding=\"async\" loading=\"lazy\" class=\"alignright wp-image-47 size-full\" src=\"http:\/\/loanstar.com\/ee\/wp-content\/uploads\/sites\/14\/2018\/10\/ill_gen_4.svg\" alt=\"alternatiiv \u00e4rilaenule on arvelduskrediit\" width=\"312\" height=\"150\" \/>N\u00e4iteks on korraliku krediidiga alati vabu vahendeid ja Sa ei pea muretsema vajalikke kohustuste (palkade, kaupade ja klientidega seoses) tasumise eest. See on lihtsalt j\u00e4rjekordne meetod oma elu lihtsustamiseks.<\/p>\n<p>Arvelduskrediiti saab siduda ka oma ettev\u00f5tte kontoga ja siis ei pea paljude asjadega pead vaevama. Kiire ligip\u00e4\u00e4s rahale on alati olemas ja s\u00e4\u00e4stetud aega saad kasutada olulisema jaoks. Kusjuures intressi tuleb maksta vaid siis, kui oled mingi summa \u00e4ra kasutanud.<\/p>\n<p>Et arvelduskrediiti pakuvad juba mitmed firmad, on Sul v\u00f5imalik nendegi pakkujate vahel valida ning kindlasti leiad midagi, mis vastab just Sinu ettev\u00f5tte t\u00e4psetele vajadustele.<\/p>\n<h2>Milliseid n\u00f5udeid peab ettev\u00f5te t\u00e4itma, et \u00e4rilaenu saada?<\/h2>\n<p>Nagu oleme juba maininud, leidub sarnaselt muudele laenudele ka mitut erinevat t\u00fc\u00fcpi \u00e4rilaenusid. Erinevad ka n\u00f5uded ja tingimused, mis peavad laenu saamiseks t\u00e4idetud olema. Siiski on v\u00f5imalik tuua paar p\u00f5hilist kriteeriumit, mis peaaegu alati kehtivad.<\/p>\n<p><img decoding=\"async\" loading=\"lazy\" class=\"alignright wp-image-222 size-full\" src=\"http:\/\/loanstar.com\/ee\/wp-content\/uploads\/sites\/14\/2018\/11\/person_finance_1.svg\" alt=\"\u00e4rilaenu taotlemiseks pead esitama erinevaid t\u00f5estusdokumente\" width=\"312\" height=\"150\" \/><\/p>\n<ul>\n<li>V\u00e4ljaspool stardilaenu peab ettev\u00f5ttel olema midagi ette n\u00e4idata. Laenu saamise eelduseks v\u00f5ib olla n\u00e4iteks majandusaasta aruanne. Laenuandja peab otsustama, kas Sinu ettev\u00f5te suudab laenu tagasi maksta, kui kasulik on sulle laenamine jne. N\u00e4iteks v\u00f5idakse Sulle laenu anda v\u00e4hem, kui sooviksid.<\/li>\n<li>Suuremate summade puhul on vaja tagatist. Sellisel juhul peavad ettev\u00f5tte omanikud ka omalt poolt laenu k\u00e4endama v\u00f5i tagama (tagatiseks v\u00f5ib n\u00e4iteks olla kinnisvara).<\/li>\n<\/ul>\n<p>Loomulikult v\u00f5idakse ka n\u00f5uda, et laenu taotleva ettev\u00f5tte omanikud oleksid Eesti kodanikud v\u00f5i omaksid elamisluba. Lisaks v\u00f5ib arvestada, et laenuandja soovib teada, mille katteks \u00e4rilaen t\u00e4pselt l\u00e4heb. Nad tunnevad k\u00fcll huvi ettev\u00f5tte varasema tegevuse kohta, kuid neid huvitab ka, kuidas laen ettev\u00f5tte kasumit suurendab.<\/p>\n<h2>Ka ettev\u00f5tete puhul v\u00f5ib makseh\u00e4ire \u00e4rilaenu saamisel takistuseks olla<\/h2>\n<p>Ettev\u00f5tted on k\u00fcll juriidilised isikud, kuid ka nende makseh\u00e4iretesse puuduv info koondub <a href=\"https:\/\/www.creditinfo.ee\/maksehaireregister\/\" target=\"_blank\" rel=\"noopener noreferrer\">makseh\u00e4ireregistrisse<\/a>. Ettev\u00f5tte nimel laenu taotledes saab laenuandja kohe selgitada v\u00e4lja k\u00f5ik makseh\u00e4ired. Registrist h\u00e4ire leidmise korral l\u00f5petavad pakkujaist enamik taotluse kohe negatiivse otsusega.<\/p>\n<p><img decoding=\"async\" loading=\"lazy\" class=\"alignright wp-image-208 size-full\" src=\"http:\/\/loanstar.com\/ee\/wp-content\/uploads\/sites\/14\/2018\/11\/bad_credit_2.svg\" alt=\"makseh\u00e4irel v\u00f5ib olla loogiline selgitus, kuid see v\u00f5ib \u00e4rilaenu saamise v\u00e4listada\" width=\"312\" height=\"150\" \/>Otsus tehakse kohe, kuigi h\u00e4irel v\u00f5ib olla loogiline seletus v\u00f5i see ei pruugi antud kontekstis midagi t\u00e4hendada. Kui h\u00e4sti otsida, v\u00f5ib teatud pakkujate k\u00e4est siiski olla v\u00f5imalik ka h\u00e4ire olemasolu korral laenu saada. Siin on mingit reeglit v\u00f5imatu v\u00e4lja tuua.<\/p>\n<p>N\u00e4iteks kui ettev\u00f5ttel on usaldusv\u00e4\u00e4rne raamatupidamisteenuse pakkuja v\u00f5i audiitor, v\u00f5ib see aidata laenuandjat veenda. Samamoodi v\u00f5idakse arvestada ettev\u00f5tte omanike majanduslike n\u00e4itajatega. Kui Sul \u00f5nnestuks selliselt ka laenu saada, pakutaks seda kindlasti tavalisest k\u00f5rgema intressiga, sest seda n\u00e4hakse suurema riskifaktoriga.<\/p>\n","protected":false},"excerpt":{"rendered":"<p>\u00c4rilaen on majanduse v\u00e4ga oluline osa V\u00f5ib v\u00e4ita, et \u00e4rilaen aitab paljudel ettev\u00f5tetel eksisteerida. Selle taga on kindlasti ka riiklik&#8230;<\/p>\n","protected":false},"author":1,"featured_media":0,"parent":9,"menu_order":0,"comment_status":"closed","ping_status":"closed","template":"templates\/calculator-follow-up.php","meta":{"footnotes":""},"yoast_head":"<!-- This site is optimized with the Yoast SEO plugin v21.0 - https:\/\/yoast.com\/wordpress\/plugins\/seo\/ -->\n<title>\u00c4rilaen - Leia oma ettev\u00f5ttele sobivaim lahendus - LoanStar Eesti<\/title>\n<meta name=\"description\" content=\"\u00c4rilaen v\u00f5ib olla vajalik ettev\u00f5tlusega alustamiseks, laienemiseks v\u00f5i muudel juhtudel. Tutvu erinevate \u00e4rilaenudega ja leia oma ettev\u00f5ttele parim v\u00f5imalus.\" \/>\n<meta name=\"robots\" content=\"index, follow, max-snippet:-1, max-image-preview:large, max-video-preview:-1\" \/>\n<link rel=\"canonical\" href=\"https:\/\/loanstar.com\/ee\/laenud\/arilaen\/\" \/>\n<meta property=\"og:locale\" content=\"et_EE\" \/>\n<meta property=\"og:type\" content=\"article\" \/>\n<meta property=\"og:title\" content=\"\u00c4rilaen - Leia oma ettev\u00f5ttele sobivaim lahendus - LoanStar Eesti\" \/>\n<meta property=\"og:description\" content=\"\u00c4rilaen v\u00f5ib olla vajalik ettev\u00f5tlusega alustamiseks, laienemiseks v\u00f5i muudel juhtudel. Tutvu erinevate \u00e4rilaenudega ja leia oma ettev\u00f5ttele parim v\u00f5imalus.\" \/>\n<meta property=\"og:url\" content=\"https:\/\/loanstar.com\/ee\/laenud\/arilaen\/\" \/>\n<meta property=\"og:site_name\" content=\"LoanStar Eesti\" \/>\n<meta property=\"article:modified_time\" content=\"2019-09-03T08:15:46+00:00\" \/>\n<meta property=\"og:image\" content=\"http:\/\/loanstar.com\/ee\/wp-content\/uploads\/sites\/14\/2018\/10\/ill_body_7.svg\" \/>\n<meta name=\"twitter:card\" content=\"summary_large_image\" \/>\n<meta name=\"twitter:label1\" content=\"Est. reading time\" \/>\n\t<meta name=\"twitter:data1\" content=\"10 minutit\" \/>\n<script type=\"application\/ld+json\" class=\"yoast-schema-graph\">{\"@context\":\"https:\/\/schema.org\",\"@graph\":[{\"@type\":\"WebPage\",\"@id\":\"https:\/\/loanstar.com\/ee\/laenud\/arilaen\/\",\"url\":\"https:\/\/loanstar.com\/ee\/laenud\/arilaen\/\",\"name\":\"\u00c4rilaen - Leia oma ettev\u00f5ttele sobivaim lahendus - LoanStar Eesti\",\"isPartOf\":{\"@id\":\"https:\/\/loanstar.com\/ee\/#website\"},\"datePublished\":\"2018-10-04T20:03:57+00:00\",\"dateModified\":\"2019-09-03T08:15:46+00:00\",\"description\":\"\u00c4rilaen v\u00f5ib olla vajalik ettev\u00f5tlusega alustamiseks, laienemiseks v\u00f5i muudel juhtudel. Tutvu erinevate \u00e4rilaenudega ja leia oma ettev\u00f5ttele parim v\u00f5imalus.\",\"breadcrumb\":{\"@id\":\"https:\/\/loanstar.com\/ee\/laenud\/arilaen\/#breadcrumb\"},\"inLanguage\":\"et\",\"potentialAction\":[{\"@type\":\"ReadAction\",\"target\":[\"https:\/\/loanstar.com\/ee\/laenud\/arilaen\/\"]}]},{\"@type\":\"BreadcrumbList\",\"@id\":\"https:\/\/loanstar.com\/ee\/laenud\/arilaen\/#breadcrumb\",\"itemListElement\":[{\"@type\":\"ListItem\",\"position\":1,\"name\":\"Eesti\",\"item\":\"https:\/\/loanstar.com\/ee\/\"},{\"@type\":\"ListItem\",\"position\":2,\"name\":\"Laenud\",\"item\":\"https:\/\/loanstar.com\/ee\/laenud\/\"},{\"@type\":\"ListItem\",\"position\":3,\"name\":\"\u00c4rilaen v\u00f5ib toetada sinu ettev\u00f5tte j\u00e4rgmisele tasemele j\u00f5udmist\"}]},{\"@type\":\"WebSite\",\"@id\":\"https:\/\/loanstar.com\/ee\/#website\",\"url\":\"https:\/\/loanstar.com\/ee\/\",\"name\":\"LoanStar Eesti\",\"description\":\"V\u00f5rdle laene\",\"potentialAction\":[{\"@type\":\"SearchAction\",\"target\":{\"@type\":\"EntryPoint\",\"urlTemplate\":\"https:\/\/loanstar.com\/ee\/?s={search_term_string}\"},\"query-input\":\"required name=search_term_string\"}],\"inLanguage\":\"et\"}]}<\/script>\n<!-- \/ Yoast SEO plugin. -->","yoast_head_json":{"title":"\u00c4rilaen - Leia oma ettev\u00f5ttele sobivaim lahendus - LoanStar Eesti","description":"\u00c4rilaen v\u00f5ib olla vajalik ettev\u00f5tlusega alustamiseks, laienemiseks v\u00f5i muudel juhtudel. Tutvu erinevate \u00e4rilaenudega ja leia oma ettev\u00f5ttele parim v\u00f5imalus.","robots":{"index":"index","follow":"follow","max-snippet":"max-snippet:-1","max-image-preview":"max-image-preview:large","max-video-preview":"max-video-preview:-1"},"canonical":"https:\/\/loanstar.com\/ee\/laenud\/arilaen\/","og_locale":"et_EE","og_type":"article","og_title":"\u00c4rilaen - Leia oma ettev\u00f5ttele sobivaim lahendus - LoanStar Eesti","og_description":"\u00c4rilaen v\u00f5ib olla vajalik ettev\u00f5tlusega alustamiseks, laienemiseks v\u00f5i muudel juhtudel. Tutvu erinevate \u00e4rilaenudega ja leia oma ettev\u00f5ttele parim v\u00f5imalus.","og_url":"https:\/\/loanstar.com\/ee\/laenud\/arilaen\/","og_site_name":"LoanStar Eesti","article_modified_time":"2019-09-03T08:15:46+00:00","og_image":[{"url":"http:\/\/loanstar.com\/ee\/wp-content\/uploads\/sites\/14\/2018\/10\/ill_body_7.svg"}],"twitter_card":"summary_large_image","twitter_misc":{"Est. reading time":"10 minutit"},"schema":{"@context":"https:\/\/schema.org","@graph":[{"@type":"WebPage","@id":"https:\/\/loanstar.com\/ee\/laenud\/arilaen\/","url":"https:\/\/loanstar.com\/ee\/laenud\/arilaen\/","name":"\u00c4rilaen - Leia oma ettev\u00f5ttele sobivaim lahendus - LoanStar Eesti","isPartOf":{"@id":"https:\/\/loanstar.com\/ee\/#website"},"datePublished":"2018-10-04T20:03:57+00:00","dateModified":"2019-09-03T08:15:46+00:00","description":"\u00c4rilaen v\u00f5ib olla vajalik ettev\u00f5tlusega alustamiseks, laienemiseks v\u00f5i muudel juhtudel. Tutvu erinevate \u00e4rilaenudega ja leia oma ettev\u00f5ttele parim v\u00f5imalus.","breadcrumb":{"@id":"https:\/\/loanstar.com\/ee\/laenud\/arilaen\/#breadcrumb"},"inLanguage":"et","potentialAction":[{"@type":"ReadAction","target":["https:\/\/loanstar.com\/ee\/laenud\/arilaen\/"]}]},{"@type":"BreadcrumbList","@id":"https:\/\/loanstar.com\/ee\/laenud\/arilaen\/#breadcrumb","itemListElement":[{"@type":"ListItem","position":1,"name":"Eesti","item":"https:\/\/loanstar.com\/ee\/"},{"@type":"ListItem","position":2,"name":"Laenud","item":"https:\/\/loanstar.com\/ee\/laenud\/"},{"@type":"ListItem","position":3,"name":"\u00c4rilaen v\u00f5ib toetada sinu ettev\u00f5tte j\u00e4rgmisele tasemele j\u00f5udmist"}]},{"@type":"WebSite","@id":"https:\/\/loanstar.com\/ee\/#website","url":"https:\/\/loanstar.com\/ee\/","name":"LoanStar Eesti","description":"V\u00f5rdle laene","potentialAction":[{"@type":"SearchAction","target":{"@type":"EntryPoint","urlTemplate":"https:\/\/loanstar.com\/ee\/?s={search_term_string}"},"query-input":"required name=search_term_string"}],"inLanguage":"et"}]}},"_links":{"self":[{"href":"https:\/\/loanstar.com\/ee\/wp-json\/wp\/v2\/pages\/144"}],"collection":[{"href":"https:\/\/loanstar.com\/ee\/wp-json\/wp\/v2\/pages"}],"about":[{"href":"https:\/\/loanstar.com\/ee\/wp-json\/wp\/v2\/types\/page"}],"author":[{"embeddable":true,"href":"https:\/\/loanstar.com\/ee\/wp-json\/wp\/v2\/users\/1"}],"replies":[{"embeddable":true,"href":"https:\/\/loanstar.com\/ee\/wp-json\/wp\/v2\/comments?post=144"}],"version-history":[{"count":3,"href":"https:\/\/loanstar.com\/ee\/wp-json\/wp\/v2\/pages\/144\/revisions"}],"predecessor-version":[{"id":301,"href":"https:\/\/loanstar.com\/ee\/wp-json\/wp\/v2\/pages\/144\/revisions\/301"}],"up":[{"embeddable":true,"href":"https:\/\/loanstar.com\/ee\/wp-json\/wp\/v2\/pages\/9"}],"wp:attachment":[{"href":"https:\/\/loanstar.com\/ee\/wp-json\/wp\/v2\/media?parent=144"}],"curies":[{"name":"wp","href":"https:\/\/api.w.org\/{rel}","templated":true}]}}