{"id":142,"date":"2018-10-04T20:01:34","date_gmt":"2018-10-04T20:01:34","guid":{"rendered":"http:\/\/loanstar.com\/ee\/?page_id=142"},"modified":"2019-09-03T11:11:06","modified_gmt":"2019-09-03T08:11:06","slug":"autolaen","status":"publish","type":"page","link":"https:\/\/loanstar.com\/ee\/laenud\/autolaen\/","title":{"rendered":"Autolaen aitab investeerida uue v\u00f5i kasutatud auto ostmist"},"content":{"rendered":"<h2>Autolaenu v\u00f5ttes on sul v\u00f5imalik valida erinevat t\u00fc\u00fcpi laenude vahel<\/h2>\n<p>Kui k\u00e4tte j\u00f5uab uue auto muretsemise aeg, tuleb sageli kaaluda kahte asja. Esiteks, kas osta uus v\u00f5i kasutatud auto, ning teiseks, kas koguda selleks raha v\u00f5i kasutada laenu. Selleks on turul saadaval eraldi laenuliik \u2013 autolaen.<\/p>\n<p>Uue auto ostmine v\u00f5ib olla oluliselt suurem investeering, kuid pikas perspektiivis v\u00f5ib see siiski soodsam olla. Vana auto puhul tuleb kindlasti arvestada mitmete lisakuludega:<\/p>\n<ul>\n<li>j\u00e4rjest sagenevad remondit\u00f6\u00f6d;<\/li>\n<li>ostja eest esialgu varju j\u00e4\u00e4nud tehnilised vead.<\/li>\n<\/ul>\n<p>Seega v\u00f5ib uus auto l\u00f5ppkokkuv\u00f5ttes ka soodsamaks osutada. Raha v\u00f5id loomulikult laenata nii uue kui ka kasutatud auto ostmiseks. Kasutades tagatiseta <a href=\"http:\/\/loanstar.com\/ee\/laenud\/vaikelaen\/\">v\u00e4ikelaenu<\/a>, ei ole laenuandjal vahet, mille jaoks seda raha laenad. Kuid laenuandjaid ja -teenuseid on mitmeid ning meie teenusega autolaene v\u00f5rreldes m\u00e4rkad erinevate v\u00f5imaluste rohkust.<\/p>\n<p><img decoding=\"async\" loading=\"lazy\" class=\"alignright wp-image-103 size-full\" src=\"http:\/\/loanstar.com\/ee\/wp-content\/uploads\/sites\/14\/2018\/10\/ill_body_5.svg\" alt=\"Autolaen on tihti madala intressim\u00e4\u00e4raga, mis on v\u00f5imalik t\u00e4nu turukonkurentsile\" width=\"312\" height=\"150\" \/>Autolaen on tihti madala intressim\u00e4\u00e4raga, mis on v\u00f5imalik t\u00e4nu turukonkurentsile. Leidub lihtsalt p\u00e4ris palju ettev\u00f5tteid, kes tahaksid sind oma kliendiks. Alati tasub mitmest kohast pakkumisi k\u00fcsida ja sel viisil endale parim lahendus leida. Kallima auto puhul v\u00f5ib ka intressim\u00e4\u00e4ra v\u00e4iksem vahe juba p\u00e4ris suurt igakuist lisakulu t\u00e4hendada.<\/p>\n<p>Ent madalad intressid pole ainus p\u00f5hjus auto ostmiseks laenuga. Laenu tasub kaaluda isegi siis, kui sul on olemas vajalik sissemakse v\u00f5i suudaksid auto kohe v\u00e4lja osta. Autolaen v\u00f5ib aidata su olemasoleva raha ootamatuste jaoks alles j\u00e4tta!<\/p>\n<p>Sageli v\u00f5imaldab autolaen sul valida kallima auto, millega kindla peale nii palju probleeme ei teki. Miks mitte v\u00f5tta headel tingimustel laenu selleks, et odavama auto asemel valida m\u00f5ni turvalisem ja t\u00f6\u00f6kindlam auto? Ka pikas perspektiivis on tegemist hea investeeringuga.<\/p>\n<p>Parem panustada kohe autosse, mida saad palju kauem kasutada. Miks osta elu jooksul v\u00e4ga sageli uusi autosid ja maksta selle k\u00f5ige eest elu jooksul kordades rohkem? Alati peaks ju eelistama kvaliteeti, mitte kvantiteeti.<\/p>\n<p>Selle artikli eesm\u00e4rk ongi anal\u00fc\u00fcsida erinevaid v\u00f5imalusi, mis sul autolaenu taotlema hakates on. Loodetavasti leiad siit ka suure hulga n\u00f5uandeid, saamaks just sinu olukorrale vastavate tingimustega soodne autolaen. Uue auto ostmine ei ole naljaasi!<\/p>\n<h2>Silmas peaks pidama muudki, mitte ainult autolaenude intressim\u00e4\u00e4rasid<\/h2>\n<p>T\u00fc\u00fcpiline autolaen makstakse tagasi mitme aasta v\u00e4ltel. Seega on loogiline, et igakuised maksed m\u00e4\u00e4ravad l\u00f5puks \u00e4ra, kui palju oma laenu eest kokku tagasi maksma pead. Mida suurem on intress, seda rohkem tagasi maksad. <a href=\"http:\/\/loanstar.com\/ee\/laenud\/vaikelaen\/\">V\u00e4ikelaenu<\/a> ja mitmete teist t\u00fc\u00fcpi laenude puhul s\u00f5ltub tagasi makstava summa suurus veel ka erinevatest laenu s\u00f5lmimisega seotud tasudest. V\u00e4iksemate summade korral v\u00f5ivad need moodustada m\u00e4rgatava osa tagasimaksest.<\/p>\n<p><img decoding=\"async\" loading=\"lazy\" class=\"alignright wp-image-222 size-full\" src=\"http:\/\/loanstar.com\/ee\/wp-content\/uploads\/sites\/14\/2018\/11\/person_finance_1.svg\" alt=\"Autolaenu v\u00f5ttes p\u00f6\u00f6ra t\u00e4helepanu ka muudele kuludele peale intressim\u00e4\u00e4ra\" width=\"312\" height=\"150\" \/>Autolaen toob kaasa teistsuguse olukorra. Reeglina laenatakse pigem suhteliselt suur summa pikema aja peale. Seet\u00f5ttu on olulisim vaadata just intressim\u00e4\u00e4ra, mitte laenu s\u00f5lmimise tasusid jm lisakulusid.<\/p>\n<p>Sellest s\u00f5ltub, kui palju n\u00e4iteks viie aasta peale laenatavale rahale juurde maksma pead. Intress ei ole ainus, mida peaksid autolaene v\u00f5rreldes j\u00e4lgima. Olulisi teemasid on veel ja toome selguse m\u00f5ttes need allpool \u00e4ra.<\/p>\n<ul>\n<li>Millised kulud tekivad, kui soovid n\u00e4iteks laenu varem tagasi maksta? Tundub loogiline, et kiirem tagasimaksmine peaks olema tasuta. Alati see nii ei ole ja sageli pead tasuma p\u00e4ris suure summa (n\u00e4iteks protsendi laenuj\u00e4\u00e4gilt), sest maksad laenu kiiremini tagasi.<\/li>\n<li>Kas sul on v\u00f5imalik tagasimaksete algust valida? V\u00f5ib tunduda mugav need m\u00f5ne kuu v\u00f5rra edasi l\u00fckata ja kauem maksta, kuid see ei tule tasuta. Nimelt v\u00f5ib kauem ja madalama kuumaksega tagasimaksmine kokkuv\u00f5ttes kallimaks minna.<\/li>\n<li>Kui palju l\u00e4hevad maksma erinevad lepingu s\u00f5lmimise ja laenu haldamisega seotud tasud? Leides samav\u00e4\u00e4rse intressim\u00e4\u00e4raga pakkumisi, v\u00f5ivad just laenu vormistamisega seotud kulud saada otsustavaks. Otsi ka kampaaniaid \u2013 tihti pakutakse n\u00e4iteks lepingutasuta laenuteenust.<\/li>\n<\/ul>\n<h2>Auto ostmine v\u00e4ikelaenu abil<\/h2>\n<p>Kui j\u00e4tta k\u00f5rvale erinevad <a href=\"http:\/\/loanstar.com\/ee\/laenud\/kiirlaen\/\">kiirlaenud<\/a> ja <a href=\"http:\/\/loanstar.com\/ee\/laenud\/sms-laen\/\">SMS-laenud<\/a>, on tavaline <a href=\"http:\/\/loanstar.com\/ee\/laenud\/vaikelaen\/\">v\u00e4ikelaen<\/a> \u00fcks Eestis k\u00f5ige enam kasutatavatest laenut\u00fc\u00fcpidest. See on mugav, selle abil saab laenata suhteliselt palju ja sellega v\u00f5ib saada p\u00e4ris palju \u00e4ra teha. Pank annab sulle laenu ilma, et ta tahaks teada, milleks sa laenu kasutada kavatsed. Ka summad ei ole ka nii suured, et laenu taotlemiseks oleks vaja k\u00e4endust ja\/v\u00f5i tagatist.<\/p>\n<p><img decoding=\"async\" loading=\"lazy\" class=\"alignright wp-image-211 size-full\" src=\"http:\/\/loanstar.com\/ee\/wp-content\/uploads\/sites\/14\/2018\/11\/credit_redemption_2.svg\" alt=\"Auto saab osta ka v\u00e4ikelaenu abil\" width=\"312\" height=\"150\" \/>Samas ei pruugi saadavast summast k\u00f5igeks piisata. Iga taotleja kohta langetab pank v\u00f5i muu krediidiasutus konkreetse otsuse, mis p\u00f5hineb nii\u00f6elda krediidikontrollil.<\/p>\n<p>Selle summa m\u00e4\u00e4ramisel v\u00f5etakse arvesse suurt hulka erinevaid tegureid ja loomulikult m\u00e4ngivad siin \u00fchte olulisimat rolli sinu igakuised sissetulekud. V\u00f5rreldes erinevaid laenupakkumisi v\u00f5id n\u00e4ha, et maksimaalne summa v\u00f5ib osutuda isegi p\u00e4ris suureks.<\/p>\n<p>Ka m\u00f5ne suurema panga v\u00e4ikelaenu maksimaalne m\u00e4\u00e4r v\u00f5ib ulatuda k\u00fcmnetesse tuhandetesse eurodesse ja sellest ju piisab suurema osa autode ostmiseks. Sarnaselt autolaenule kehtib ka siin see loogika, et mida kiiremini laen tagasi maksta, seda v\u00e4hem sa peale maksad. See on t\u00e4itsa hea m\u00f5te &#8211; isegi kui igakuised maksed sellest m\u00f5nev\u00f5rra suuremaks l\u00e4hevad.<\/p>\n<p>T\u00e4psemad olud s\u00f5ltuvad aga ikkagi konkreetselt sinu vajadustest ja v\u00f5imalustest ning eks paljugi m\u00e4\u00e4rab \u00e4ra sinu selle hetke majanduslik olukord. Ent mis siin on v\u00e4ga oluline &#8211; j\u00e4lgi, et lepingut oleks hiljem v\u00f5imalik mugavalt muuta!<\/p>\n<h2>Kuidas toimib tagatisega autolaen?<\/h2>\n<p>Kui sa kasutad auto ostmisel mingit lisatagatist, saad sa enamasti m\u00f5nev\u00f5rra soodsamad tingimused kui tavalist v\u00e4ikelaenu taotledes. Lisaks soodsamatele tingimustele saad sa nii ka suurema summa raha laenata. T\u00fc\u00fcpilisel juhul toimibki ostetav auto ise tagatisena, kuid sellisel juhul oled sa laenu tagasi maksmisega h\u00e4tta j\u00e4\u00e4des sunnitud oma auto ka \u00e4ra m\u00fc\u00fcma.<\/p>\n<p><img decoding=\"async\" class=\"alignright size-full wp-image-232\" src=\"http:\/\/loanstar.com\/ee\/wp-content\/uploads\/sites\/14\/2018\/11\/zero_interest_2.svg\" alt=\"\" width=\"312\" \/>Laenuandja vaatab loomulikult ka konkreetset autot ja hindab selle v\u00e4\u00e4rtust kindlate reeglite j\u00e4rgi ja tegelikult kukub auto v\u00e4\u00e4rtus iga p\u00e4ev olulisel m\u00e4\u00e4ral (s\u00f5ltudes mudelist).<\/p>\n<p>Sageli v\u00f5etakse autolaenu maksimaalseks ajaks (viis aastat) ja auto j\u00e4\u00e4kv\u00e4\u00e4rtuse arvelt pikendatakse l\u00f5pus laenu. Laenu andmisel on roll ka auto vanusel, sest liiga vana autot liisingusse v\u00f5tta ei saa.<\/p>\n<p>Autot ostes on sageli vaja ka sissemakset. M\u00f5ne laenut\u00fc\u00fcbi puhul ei ole omafinantseering vajalik, kuid teisel juhul on see v\u00e4hemalt 10% auto hinnast. Ka selle finantseeringu osas on v\u00f5imalik v\u00e4ikelaenust abi saada. Sageli nii k\u00fcll ei tehta, kuid \u00fcks v\u00f5imalus laenude kulude arvelt kokku hoida on taotleda korraga laenu nii auto kui ka maja ostmiseks! Autot ostes tuleb m\u00f5elda ka sellele, et auto tuleb kindlustada ja <a href=\"https:\/\/minuraha.ee\/kasko\/\" target=\"_blank\" rel=\"noopener noreferrer\">kaskokindlustuse<\/a> kuumakse v\u00f5ib olla \u00fcpris kr\u00f5be.<\/p>\n<h2>Kas valida fikseeritud intress v\u00f5i hoopis muutuv intress?<\/h2>\n<p>M\u00f5lemal intressi t\u00fc\u00fcbil on oma sihtgrupp. Muutuv intressim\u00e4\u00e4r on alati meelitanud neid, kelle eesm\u00e4rgiks on saada autolaen v\u00f5imalikult madalate kuludega. Ka fikseeritud intressil on omad eelised. Nii on sul laenust ehk konkreetsem \u00fclevaade ja igakuistel kuludel on parem pilku peal hoida.<\/p>\n<p><img decoding=\"async\" class=\"alignright size-full wp-image-45\" src=\"http:\/\/loanstar.com\/ee\/wp-content\/uploads\/sites\/14\/2018\/10\/ill_gen_2.svg\" alt=\"\" width=\"312\" \/>Kunagi ei tea aga ette, mis majanduses toimub, ja seega v\u00f5ib \u00f5ige valiku tegemine olla \u00f5nnem\u00e4ng. Kui aga majanduses peaks olukord halvenema ja intressid t\u00f5usma, tasub kindlasti m\u00f5elda praeguse soodsama m\u00e4\u00e4raga intressi fikseerimisele.<\/p>\n<p>Nii maksaksid sa praegu rohkem kui muutuva intressi eest, kuid tulevikus v\u00f5iks see raha s\u00e4\u00e4sta. Samas v\u00f5ib m\u00f5ne lepinguga olla v\u00f5imalik ka intressi ainult teatud ajaks fikseerida.<\/p>\n<h2>Vii oma autolaenu kulud alla!<\/h2>\n<p>P\u00e4ris uut autot ostes v\u00f5ivad selleks v\u00f5etava laenu tagasimaksed moodustada p\u00e4ris t\u00e4helepanuv\u00e4\u00e4rse osa sinu majapidamise igakuisest eelarvest. Seega on just sinu huvides kulude madalal hoidmine ja v\u00f5imaliku s\u00e4\u00e4stu nimel tasub ka veidi vaeva n\u00e4ha.<\/p>\n<p><img decoding=\"async\" class=\"alignright size-full wp-image-104\" src=\"http:\/\/loanstar.com\/ee\/wp-content\/uploads\/sites\/14\/2018\/10\/ill_body_6.svg\" alt=\"\" width=\"312\" \/> \u00d5nneks on p\u00e4ris mitu asja, mida sa saad ise selleks ka \u00e4ra teha. Sa saad selleks \u00e4ra kasutada fakti, et paljud pangad ja laenuandjad saavad oma sissetuleku ju sellest, et nad raha v\u00e4lja laenavad. Kuna turul valitseb suur konkurents, v\u00f5ib v\u00e4ikese vaevaga leida p\u00e4ris palju h\u00e4id pakkumisi. Pakkumisi on v\u00e4ga hea v\u00f5rrelda just internetis ja toomegi siinkohal \u00e4ra m\u00f5ned head n\u00e4pun\u00e4ited.<\/p>\n<ul>\n<li>\u00c4ra vali kohe esimest ettejuhtuvat heana n\u00e4ivat laenu. V\u00f5rdle alati v\u00f5imalikult paljusid pakkumisi, tehes seda n\u00e4iteks meie veebilehel. Nii leiad kindlasti palju enda tingimustele vastavaid pakkumisi, mille seast valik teha. Kusjuures see kehtib nii autolaenu v\u00f5i -liisingu pakkumisi uurides kui ka tavaliste v\u00e4ikelaenude puhul.<\/li>\n<li>Intress on sageli individuaalne ja selle osas v\u00f5ib olla v\u00f5imalik ka tingida. Eriti kui laen k\u00e4sitleb suurt summat, ei tasuks pakutavat intressi ja tingimusi kohe vastu v\u00f5tta. Alati tasub nende osas kaubelda. Sellisel juhul tuleks p\u00e4rast internetist teenuste v\u00f5rdlemist laenuandjaga ise \u00fchendust v\u00f5tta &#8211; mitte kohe interneti kaudu t\u00fc\u00fcptingimuste j\u00e4rgi taotlust esitada.<\/li>\n<li>P\u00f6\u00f6rdudes panga poole, mis pakub lisaks autolaenule veel muidki teenuseid, v\u00f5ib olla kasulik selle panga kliendiks hakata. Nii v\u00f5idakse sulle teha oluliselt paremaid pakkumisi ja sa v\u00f5id veel saada ka kasu erinevatest teistest teenustest, mida see pank pakub.<\/li>\n<li>Kasutatud autot ostes osta see m\u00f5nest firmast. Ootamatute ja peidetud probleemide ilmnemisel on nii kindlam, et saad oma \u00f5iguste eest seista. Eraisikult ostes on vastav kaitse oluliselt problemaatilisem. Oma \u00f5iguste kohta saad rohkem lugeda <a href=\"https:\/\/www.ttja.ee\/et\/tarbijale\/auto-kasutatud-auto-ostmine\" target=\"_blank\" rel=\"noopener noreferrer\">Tarbijakaitse ja tehnilise j\u00e4relevalve ameti kodulehelt<\/a>.<\/li>\n<\/ul>\n<h2>Kas laenata saab ka makseh\u00e4irete ja v\u00f5lgade olemasolul?<\/h2>\n<p>Vahet ei ole, kas tegemist on autolaenu v\u00f5i v\u00e4ikelaenuga, enne laenu andmist kontrollitakse ikka ja alati taotleja krediidiv\u00f5imekust. Autolaenu taotlemiseks on loomulikult vajalik regulaarse sissetuleku omamine. Teine sagedane tingimus k\u00e4sitleb seda, kas taotleja kohta leidub m\u00f5ni m\u00e4rge makseh\u00e4irete registris. Ei ole v\u00e4listatud, et turu erinevate pakkumiste hulgast v\u00f5id leida ka teenuse, millega antakse laenu isegi makseh\u00e4ire korral. Kuid sellisel juhul on see laenuandja \u00e4riidee suure raha teenimiseks ja sellise laenu tingimused on alati halvemad.<\/p>\n<p><img decoding=\"async\" class=\"alignright size-full wp-image-102\" src=\"http:\/\/loanstar.com\/ee\/wp-content\/uploads\/sites\/14\/2018\/10\/ill_body_4.svg\" alt=\"\" width=\"312\" \/>Laenuandja n\u00e4eb sellises finantseerimises ju loomulikult suuremat riski ja see \u00f5igustab suuremate summade k\u00fcsimist. Olles sageli juba laenu v\u00f5tnud v\u00f5i selleks ka tulutult taotlusi esitanud, ei saa sa olla kindel, et sulle auto ostmiseks laenu antakse.<\/p>\n<p>Seet\u00f5ttu uuri turul ringi ja leia pakkuja, kellele see nii palju korda ei l\u00e4he. V\u00f5ib ju juhtuda, et m\u00f5nel firmal on veidi teised tingimused ja n\u00f5udmised ning nad saavad sind aidata. Vahel v\u00f5ib aidata ka laenude optimeerimine &#8211; laenates suurema summa, et k\u00f5ik teised laenud tagasi maksta, v\u00f5ib j\u00e4\u00e4da \u00fcle ka auto sissemakseks. Kui h\u00e4da on k\u00e4es, tasub kaaluda k\u00f5iki v\u00f5imalusi.<\/p>\n<h2>\u00c4kki hoopis auto liisida, mitte selle jaoks eraldi laenu v\u00f5tta?<\/h2>\n<p>Kui kaalud auto ostmiseks laenuraha kasutamist, v\u00f5ib sinu jaoks leiduda veel \u00fcks alternatiiv. Nimelt auto liisimine, mis p\u00f5him\u00f5tteliselt on justkui pikaajaline rent. V\u00f5rreldes auto ostmiseks laenu v\u00f5tmisega on sellel nii h\u00e4id kui ka halbu k\u00fclgi.<\/p>\n<p>Liisimisel v\u00f5ivad igakuised maksed olla suuremad, samas v\u00f5ivad lepinguga kaasneda h\u00fcved, mis end \u00e4ra tasuvad. N\u00e4iteks v\u00f5ib auto liisinud esindus pakkuda erinevaid teenuseid tasuta. Ja regulaarselt hoolduses k\u00e4imine v\u00f5ib tuua kaasa n\u00e4iteks selle, et sul on olemas kogu Euroopat kattev 24\/7 autoabi.<\/p>\n<p><img decoding=\"async\" class=\"alignright size-full wp-image-110\" src=\"http:\/\/loanstar.com\/ee\/wp-content\/uploads\/sites\/14\/2018\/10\/ill_body_12.svg\" alt=\"\" width=\"312\" \/>\u00dcks oluline n\u00fcanss puudutab liisingulepingu l\u00f5ppemist. Sageli j\u00e4\u00e4b autole mingi algselt m\u00e4\u00e4ratud j\u00e4\u00e4kv\u00e4\u00e4rtus (n\u00e4iteks 25%) ja siis peab otsustama, mis edasi teha. Sa v\u00f5id valida ka selle viimase summa tagasi maksmise, et auto p\u00e4riselt sinu omaks saaks.<\/p>\n<p>Teise v\u00f5imalusena v\u00f5id auto tagasi m\u00fc\u00fca ja uuema masina liisingusse v\u00f5tta (alustades siis aga maksetega taas otsast peale). Just sinu jaoks parim lahendus s\u00f5ltub nii paljudest tingimustest, et \u00fchest vastust on keeruline leida. Kaalu k\u00f5iki valikuid ja langeta selle p\u00f5hjal parim v\u00f5imalik otsus.<\/p>\n<h2>Kokkuv\u00f5te<\/h2>\n<p>Uue auto v\u00f5i parema kasutatud auto ostmine on enamike majapidamiste jaoks ikkagi arvestatav v\u00e4ljaminek. Autot ostes k\u00f5ikjalt veidi kokku hoidmine ei t\u00e4henda aga seda, et sa pikas perspektiivis raha s\u00e4\u00e4staksid. K\u00f5ige halvemal juhul v\u00f5ib see isegi autoga s\u00f5itjate turvalisust puudutada (vanema auto ostmisel). Uues autos s\u00f5itmine v\u00f5ib nii m\u00f5neski m\u00f5ttes oluliselt turvalisem ja s\u00e4\u00e4stlikum olla.<\/p>\n<p><img decoding=\"async\" class=\"alignright size-full wp-image-38\" src=\"http:\/\/loanstar.com\/ee\/wp-content\/uploads\/sites\/14\/2018\/10\/home_ill_2.svg\" alt=\"\" width=\"312\" \/>Auto ostmine on seega \u00fcks neist olukordadest, kus v\u00f5ib olla t\u00e4iesti p\u00f5hjendatud plaanitust veidi suurema summa laenamine. Turul on t\u00e4nasel p\u00e4eval v\u00e4ga palju tegijaid \u2013 intresse ning muid tingimusi v\u00f5rreldes leiad seega v\u00e4ga erinevaid pakkumisi. Olulisemad teenused, mille vahelt valida, on v\u00e4ikelaen, autolaen ja autoliising. Oma osa on igakuiste kuumaksete suuruses n\u00e4iteks m\u00e4ngida ka v\u00f5imaliku tagatise olemasolul.<\/p>\n<p>Lepingute t\u00e4psemates tingimustes on v\u00e4ga oluline vaadata intressi t\u00fc\u00fcpi. Fikseeritud ja muutuva intressi vahel on p\u00e4ris suuri erinevusi ning see n\u00f5uab kaalutletud otsuse tegemist. Fikseeritud intress v\u00f5ib anda parema \u00fclevaate sellest, kuhu su raha kulub, kuid muutuv intress v\u00f5ib tuua kaasa (esialgu) v\u00e4iksemad kuumaksed.<\/p>\n<p>Parima laenupakkumise saamise \u00fcks olulisemaid k\u00fclgi on erinevate teenuste v\u00f5rdlemine internetis. \u00d5nneks on see t\u00e4nap\u00e4eval mugavaks tehtud ja me soovitame sul kasutada meie laenude v\u00f5rdlemise teenust. See on sinu jaoks loomulikult tasuta. Internetis v\u00f5rdlemise \u00fcks eeliseid on kindlasti anon\u00fc\u00fcmsus &#8211; alles p\u00e4rast sobiva pakkuja leidmist v\u00f5id just temaga \u00fchendust v\u00f5tta.<\/p>\n<p>Seega soovitame erinevaid pakkujaid hoolega v\u00f5rrelda ja ka k\u00f5ik enda v\u00f5imalused t\u00e4pselt l\u00e4bi kaaluda. Nii v\u00e4ldid raskesse olukordadesse sattumist ja liiga palju pankadest laenu k\u00fcsides v\u00f5ib ka sinust vale mulje j\u00e4\u00e4da. Peamine on see, et sa teeksid \u00f5ige otsuse ja et sa ei lase end m\u00f5nest reklaamist liiga kergesti \u00f5nge t\u00f5mmata.<\/p>\n","protected":false},"excerpt":{"rendered":"<p>Autolaenu v\u00f5ttes on sul v\u00f5imalik valida erinevat t\u00fc\u00fcpi laenude vahel Kui k\u00e4tte j\u00f5uab uue auto muretsemise aeg, tuleb sageli kaaluda&#8230;<\/p>\n","protected":false},"author":1,"featured_media":0,"parent":9,"menu_order":0,"comment_status":"closed","ping_status":"closed","template":"templates\/calculator-follow-up.php","meta":{"footnotes":""},"yoast_head":"<!-- This site is optimized with the Yoast SEO plugin v21.0 - https:\/\/yoast.com\/wordpress\/plugins\/seo\/ -->\n<title>Autolaen - v\u00f5rdle pakkumisi auto ostmiseks - LoanStar Eesti<\/title>\n<meta name=\"description\" content=\"Auto ostmine on alati suhteliselt suur v\u00e4ljaminek. Seega soovitame sul autolaenu pakkumisi hoolega v\u00f5rrelda ja l\u00e4bi kaaluda, kasutades meie tasuta teenust.\" \/>\n<meta name=\"robots\" content=\"index, follow, max-snippet:-1, max-image-preview:large, max-video-preview:-1\" \/>\n<link rel=\"canonical\" href=\"https:\/\/loanstar.com\/ee\/laenud\/autolaen\/\" \/>\n<meta property=\"og:locale\" content=\"et_EE\" \/>\n<meta property=\"og:type\" content=\"article\" \/>\n<meta property=\"og:title\" content=\"Autolaen - v\u00f5rdle pakkumisi auto ostmiseks - LoanStar Eesti\" \/>\n<meta property=\"og:description\" content=\"Auto ostmine on alati suhteliselt suur v\u00e4ljaminek. Seega soovitame sul autolaenu pakkumisi hoolega v\u00f5rrelda ja l\u00e4bi kaaluda, kasutades meie tasuta teenust.\" \/>\n<meta property=\"og:url\" content=\"https:\/\/loanstar.com\/ee\/laenud\/autolaen\/\" \/>\n<meta property=\"og:site_name\" content=\"LoanStar Eesti\" \/>\n<meta property=\"article:modified_time\" content=\"2019-09-03T08:11:06+00:00\" \/>\n<meta property=\"og:image\" content=\"http:\/\/loanstar.com\/ee\/wp-content\/uploads\/sites\/14\/2018\/10\/ill_body_5.svg\" \/>\n<meta name=\"twitter:card\" content=\"summary_large_image\" \/>\n<meta name=\"twitter:label1\" content=\"Est. reading time\" \/>\n\t<meta name=\"twitter:data1\" content=\"11 minutit\" \/>\n<script type=\"application\/ld+json\" class=\"yoast-schema-graph\">{\"@context\":\"https:\/\/schema.org\",\"@graph\":[{\"@type\":\"WebPage\",\"@id\":\"https:\/\/loanstar.com\/ee\/laenud\/autolaen\/\",\"url\":\"https:\/\/loanstar.com\/ee\/laenud\/autolaen\/\",\"name\":\"Autolaen - v\u00f5rdle pakkumisi auto ostmiseks - LoanStar Eesti\",\"isPartOf\":{\"@id\":\"https:\/\/loanstar.com\/ee\/#website\"},\"datePublished\":\"2018-10-04T20:01:34+00:00\",\"dateModified\":\"2019-09-03T08:11:06+00:00\",\"description\":\"Auto ostmine on alati suhteliselt suur v\u00e4ljaminek. Seega soovitame sul autolaenu pakkumisi hoolega v\u00f5rrelda ja l\u00e4bi kaaluda, kasutades meie tasuta teenust.\",\"breadcrumb\":{\"@id\":\"https:\/\/loanstar.com\/ee\/laenud\/autolaen\/#breadcrumb\"},\"inLanguage\":\"et\",\"potentialAction\":[{\"@type\":\"ReadAction\",\"target\":[\"https:\/\/loanstar.com\/ee\/laenud\/autolaen\/\"]}]},{\"@type\":\"BreadcrumbList\",\"@id\":\"https:\/\/loanstar.com\/ee\/laenud\/autolaen\/#breadcrumb\",\"itemListElement\":[{\"@type\":\"ListItem\",\"position\":1,\"name\":\"Eesti\",\"item\":\"https:\/\/loanstar.com\/ee\/\"},{\"@type\":\"ListItem\",\"position\":2,\"name\":\"Laenud\",\"item\":\"https:\/\/loanstar.com\/ee\/laenud\/\"},{\"@type\":\"ListItem\",\"position\":3,\"name\":\"Autolaen aitab investeerida uue v\u00f5i kasutatud auto ostmist\"}]},{\"@type\":\"WebSite\",\"@id\":\"https:\/\/loanstar.com\/ee\/#website\",\"url\":\"https:\/\/loanstar.com\/ee\/\",\"name\":\"LoanStar Eesti\",\"description\":\"V\u00f5rdle laene\",\"potentialAction\":[{\"@type\":\"SearchAction\",\"target\":{\"@type\":\"EntryPoint\",\"urlTemplate\":\"https:\/\/loanstar.com\/ee\/?s={search_term_string}\"},\"query-input\":\"required name=search_term_string\"}],\"inLanguage\":\"et\"}]}<\/script>\n<!-- \/ Yoast SEO plugin. -->","yoast_head_json":{"title":"Autolaen - v\u00f5rdle pakkumisi auto ostmiseks - LoanStar Eesti","description":"Auto ostmine on alati suhteliselt suur v\u00e4ljaminek. Seega soovitame sul autolaenu pakkumisi hoolega v\u00f5rrelda ja l\u00e4bi kaaluda, kasutades meie tasuta teenust.","robots":{"index":"index","follow":"follow","max-snippet":"max-snippet:-1","max-image-preview":"max-image-preview:large","max-video-preview":"max-video-preview:-1"},"canonical":"https:\/\/loanstar.com\/ee\/laenud\/autolaen\/","og_locale":"et_EE","og_type":"article","og_title":"Autolaen - v\u00f5rdle pakkumisi auto ostmiseks - LoanStar Eesti","og_description":"Auto ostmine on alati suhteliselt suur v\u00e4ljaminek. Seega soovitame sul autolaenu pakkumisi hoolega v\u00f5rrelda ja l\u00e4bi kaaluda, kasutades meie tasuta teenust.","og_url":"https:\/\/loanstar.com\/ee\/laenud\/autolaen\/","og_site_name":"LoanStar Eesti","article_modified_time":"2019-09-03T08:11:06+00:00","og_image":[{"url":"http:\/\/loanstar.com\/ee\/wp-content\/uploads\/sites\/14\/2018\/10\/ill_body_5.svg"}],"twitter_card":"summary_large_image","twitter_misc":{"Est. reading time":"11 minutit"},"schema":{"@context":"https:\/\/schema.org","@graph":[{"@type":"WebPage","@id":"https:\/\/loanstar.com\/ee\/laenud\/autolaen\/","url":"https:\/\/loanstar.com\/ee\/laenud\/autolaen\/","name":"Autolaen - v\u00f5rdle pakkumisi auto ostmiseks - LoanStar Eesti","isPartOf":{"@id":"https:\/\/loanstar.com\/ee\/#website"},"datePublished":"2018-10-04T20:01:34+00:00","dateModified":"2019-09-03T08:11:06+00:00","description":"Auto ostmine on alati suhteliselt suur v\u00e4ljaminek. Seega soovitame sul autolaenu pakkumisi hoolega v\u00f5rrelda ja l\u00e4bi kaaluda, kasutades meie tasuta teenust.","breadcrumb":{"@id":"https:\/\/loanstar.com\/ee\/laenud\/autolaen\/#breadcrumb"},"inLanguage":"et","potentialAction":[{"@type":"ReadAction","target":["https:\/\/loanstar.com\/ee\/laenud\/autolaen\/"]}]},{"@type":"BreadcrumbList","@id":"https:\/\/loanstar.com\/ee\/laenud\/autolaen\/#breadcrumb","itemListElement":[{"@type":"ListItem","position":1,"name":"Eesti","item":"https:\/\/loanstar.com\/ee\/"},{"@type":"ListItem","position":2,"name":"Laenud","item":"https:\/\/loanstar.com\/ee\/laenud\/"},{"@type":"ListItem","position":3,"name":"Autolaen aitab investeerida uue v\u00f5i kasutatud auto ostmist"}]},{"@type":"WebSite","@id":"https:\/\/loanstar.com\/ee\/#website","url":"https:\/\/loanstar.com\/ee\/","name":"LoanStar Eesti","description":"V\u00f5rdle laene","potentialAction":[{"@type":"SearchAction","target":{"@type":"EntryPoint","urlTemplate":"https:\/\/loanstar.com\/ee\/?s={search_term_string}"},"query-input":"required name=search_term_string"}],"inLanguage":"et"}]}},"_links":{"self":[{"href":"https:\/\/loanstar.com\/ee\/wp-json\/wp\/v2\/pages\/142"}],"collection":[{"href":"https:\/\/loanstar.com\/ee\/wp-json\/wp\/v2\/pages"}],"about":[{"href":"https:\/\/loanstar.com\/ee\/wp-json\/wp\/v2\/types\/page"}],"author":[{"embeddable":true,"href":"https:\/\/loanstar.com\/ee\/wp-json\/wp\/v2\/users\/1"}],"replies":[{"embeddable":true,"href":"https:\/\/loanstar.com\/ee\/wp-json\/wp\/v2\/comments?post=142"}],"version-history":[{"count":3,"href":"https:\/\/loanstar.com\/ee\/wp-json\/wp\/v2\/pages\/142\/revisions"}],"predecessor-version":[{"id":274,"href":"https:\/\/loanstar.com\/ee\/wp-json\/wp\/v2\/pages\/142\/revisions\/274"}],"up":[{"embeddable":true,"href":"https:\/\/loanstar.com\/ee\/wp-json\/wp\/v2\/pages\/9"}],"wp:attachment":[{"href":"https:\/\/loanstar.com\/ee\/wp-json\/wp\/v2\/media?parent=142"}],"curies":[{"name":"wp","href":"https:\/\/api.w.org\/{rel}","templated":true}]}}