{"id":140,"date":"2018-10-04T19:58:56","date_gmt":"2018-10-04T19:58:56","guid":{"rendered":"http:\/\/loanstar.com\/ee\/?page_id=140"},"modified":"2019-09-03T10:52:16","modified_gmt":"2019-09-03T07:52:16","slug":"vaikelaen","status":"publish","type":"page","link":"https:\/\/loanstar.com\/ee\/laenud\/vaikelaen\/","title":{"rendered":"Leia ja v\u00f5rdle parimaid v\u00e4ikelaenude pakkumisi"},"content":{"rendered":"<h2>V\u00e4ikelaen aitab sul uusi v\u00f5imalusi luua<\/h2>\n<p>Varasemalt oli raha laenamine \u00fcks v\u00e4ga t\u00fc\u00fctu tegevus ja see p\u00f5hines paljuski inimeste omavahelisel kontaktil. Laenusoovija v\u00f5ttis isiklikult \u00fchendust pangaga, kust ta soovis raha laenata, ja keegi vastava panga t\u00f6\u00f6tajatest kulutas oma aega, et taotlusega tegeleda. V\u00e4ikese summa laenamine, mida v\u00e4ikelaen pakub, ei olnud kogu seda ajakulu v\u00e4\u00e4rt.<\/p>\n<p><img decoding=\"async\" loading=\"lazy\" class=\"alignright wp-image-47 size-full\" src=\"http:\/\/loanstar.com\/ee\/wp-content\/uploads\/sites\/14\/2018\/10\/ill_gen_4.svg\" alt=\"V\u00e4ikelaen aitab isegi m\u00f5nek\u00fcmne euro laenamisega\" width=\"312\" height=\"150\" \/>T\u00e4nap\u00e4eval on v\u00f5imalik laenata isegi vaid m\u00f5nek\u00fcmne euro kaupa vaid m\u00f5ne nupuvajutusega oma mobiiltelefonis \u2013 raha j\u00f5uab sinu kontole juba v\u00e4hem kui tunniga. Mis on taolist arengut soodustanud?<\/p>\n<p>Selle eest peame me t\u00e4nama suuri tehnilisi arenguid IT-vallas. Avalike registrite digitaliseerimine v\u00f5imaldab pankadel ja teistel raha laenamisega tegelevatel ettev\u00f5tetel laenutaotleja majandusliku olukorra kohta automaatselt teavet saada.<\/p>\n<p>Lisaks on neid protsesse kiirendanud v\u00f5imalus enda isikut ka mobiiltelefoniga kinnitada. T\u00e4nu nutiseadmetele p\u00e4\u00e4seme me erinevatele finantsteenustele ligi igal ajal ja \u00fcksk\u00f5ik, kus me parajasti ei viibiks. K\u00e4esolevalt tutvume me l\u00e4hemalt sellise v\u00e4ikelaenuteenusega. V\u00e4ikelaen on laen, mis on paljude jaoks muutunud \u00fcheks olulisimaks finantsinstrumendiks.<\/p>\n<h2>Kas v\u00e4ikelaen, SMS-laen ja kiirlaen on \u00fcks ja seesama?<\/h2>\n<p>Neid termineid kiputakse sageli kasutama s\u00fcnon\u00fc\u00fcmidena, kuigi neil v\u00f5ib juba tehniliselt olla v\u00e4gagi erinev t\u00e4hendus. T\u00f5lgendades <a href=\"http:\/\/loanstar.com\/ee\/laenud\/sms-laen\/\">SMS-laenu<\/a> nimetust v\u00e4ga t\u00e4pselt, on tegemist laenuga, mida saab taotleda SMS-i teel (ning sel juhul peaks ka kinnituse laenu saamise kohta tulema SMS-i teel). Segadusse v\u00f5ib ajada see, et valdav osa (kui mitte k\u00f5ik) v\u00e4ikelaene toimib samal p\u00f5him\u00f5ttel.<\/p>\n<p><img decoding=\"async\" loading=\"lazy\" class=\"alignright wp-image-222 size-full\" src=\"http:\/\/loanstar.com\/ee\/wp-content\/uploads\/sites\/14\/2018\/11\/person_finance_1.svg\" alt=\"V\u00e4ikelaen v\u00f5ib t\u00e4hendada erinevat sorti laene.\" width=\"312\" height=\"150\" \/>Siiski leidub ka selliseid v\u00e4ikelaene, mille taotlemiseks ei ole vaja SMS-i saata. Piisab sellest, et kogu sinu ja laenu andva ettev\u00f5tte vaheline suhtlus leiab aset interneti teel.<\/p>\n<p>Seega, kui t\u00e4hte n\u00e4rida, pole sellisel juhul tegemist ikkagi SMS-laenuga. Niisiis v\u00f5ib \u00fcldistada, et k\u00f5ik SMS-laenud on v\u00e4ikelaenud, kuid leidub siiski v\u00e4ikelaenusid, mis ei ole SMS-laenud.<\/p>\n<p>N\u00fc\u00fcd viimase m\u00e4rks\u00f5na juurde. <a href=\"http:\/\/loanstar.com\/ee\/laenud\/kiirlaen\/\">Kiirlaen<\/a> t\u00e4hendab, et tegemist on laenuga, mille saamine on t\u00f5esti kiire protsess. Selle muudab v\u00f5imalikuks, et k\u00f5ik andmed, mida laenuandja vajab sinu krediidiv\u00f5imekuse kohta otsuse langetamiseks, saadakse k\u00e4tte automaatselt.<\/p>\n<p>Lisaks on v\u00e4ikelaenu\u00a0terminil veel \u00fcks spetsiifiline t\u00e4hendus. See on seotud kolmanda maailma riikide ja sealsete ettev\u00f5tjatega, kuid seda k\u00e4sitleme eraldi peat\u00fckis.<\/p>\n<h2>Mida on tarvis, et v\u00e4ikelaenu saada?<\/h2>\n<p>Et v\u00e4ikelaen k\u00e4sitleb v\u00e4iksemaid summasid, on selle tingimusi m\u00e4rksa lihtsam t\u00e4ita kui suuremaid summasid laenates. Kuna v\u00e4ikelaenu pakkuvaid ettev\u00f5tteid on viimaste aastatega v\u00e4ga palju turule tulnud, on v\u00f5imalik leida erinevate tingimustega laenusid.<\/p>\n<p>Mistahes t\u00fc\u00fcpi <a href=\"http:\/\/loanstar.com\/ee\/laenud\/kiirlaen\/\">kiirlaenu<\/a> v\u00f5tmisel ei esitata praktiliselt kunagi n\u00f5uet mingit t\u00fc\u00fcpi tagatise olemasolu kohta. See t\u00e4hendab, et k\u00f5ik v\u00e4ikelaenud on niinimetatud tagatiseta laenud. Kui laenuv\u00f5tjal tekib laenu tagasimaksmisega probleeme, ei saa laenuandja ise laenaja suhtes midagi ette v\u00f5tta.<\/p>\n<p>Ainus viis on saata oma n\u00f5ue edasi m\u00f5nele inkassofirmale. Paljud pangad ja muud krediidiasutused on spetsialiseerunud teatud kindlatele sihtgruppidele v\u00f5i siis pakuvad m\u00f5nes aspektis veidi erilisemaid teenuseid. Need v\u00f5ivad olla n\u00e4iteks: <img decoding=\"async\" loading=\"lazy\" class=\"alignright wp-image-107 size-full\" src=\"http:\/\/loanstar.com\/ee\/wp-content\/uploads\/sites\/14\/2018\/10\/ill_body_9.svg\" alt=\"V\u00e4ikelaenu saamiseks tagatist olema ei pea\" width=\"312\" height=\"150\" \/><\/p>\n<ul>\n<li>v\u00e4ikelaenud, mida on v\u00f5imalik kestuse ajal uuendada v\u00f5i pikendada;<\/li>\n<li>laenud, mida on v\u00f5imalik sulle anda isegi juhul, kui sinu kohta on registreeritud \u00fcks v\u00f5i isegi mitu makseh\u00e4ire juhtumit.<\/li>\n<\/ul>\n<p>Makseh\u00e4irete puudumine on tavaliselt siiski \u00fcks p\u00f5hilisemaid n\u00f5udeid selleks, et sulle laenu antaks.<\/p>\n<p>J\u00e4rgnevalt v\u00f5tame kokku n\u00f5uded, mida k\u00f5ige sagedamini laenuv\u00f5tjale esitada v\u00f5idakse:<\/p>\n<ul>\n<li>kui plaanid laenata raha Eesti turule suunatud pangast v\u00f5i muust krediidiasutusest, v\u00f5idakse n\u00f5uda, et sinu elukohana oleks registreeritud Eesti ja\/v\u00f5i et oleksid Eesti Vabariigi kodanik (lisaks v\u00f5ib olla tingimuseks see, et sul oleks konto m\u00f5nes siinses pangas);<\/li>\n<li>sul peaks olema kindel ja regulaarne sissetulek ning sinu krediidiv\u00f5imekusega seotud kontroll peaks saama positiivse vastuse;<\/li>\n<li>sul peab olema mobiiltelefon, mille abil saad vajadusel oma isikut kinnitada (n\u00e4iteks m\u00f5ne panga kaudu sisse logides vm).<\/li>\n<\/ul>\n<h2>Miks on v\u00e4ikelaenude intress m\u00e4rgatavalt k\u00f5rgem kui \u201ctavalistel\u201d laenudel?<\/h2>\n<p>V\u00f5rreldes v\u00e4ikelaenu intressim\u00e4\u00e4ra tavalisemat t\u00fc\u00fcpi laenude intressim\u00e4\u00e4rade tasemetega, v\u00f5ib see tunduda v\u00e4ga k\u00f5rge. Seda n\u00e4iteks v\u00f5rreldes eraisikule antava laenuga, mis tegelikult on ka \u00fcks tagatiseta laenu t\u00fc\u00fcp.<\/p>\n<p>Siin tuleb t\u00e4hele panna, et sellisel juhul on laenu kestus sageli pikem. V\u00e4ikelaenu puhul ei ole sugugi ebatavaline, et aastane keskmine intressim\u00e4\u00e4r v\u00f5ib olla ka vahemikus 300-400 protsenti. Siinkohal peaks m\u00f5tlema, et laenu tegelik intressim\u00e4\u00e4r on l\u00f6\u00f6dud \u00fchte patta muude laenu andmisega seotud kuludega. Lisaks l\u00e4htuvad need arvutused sellest, et laen makstakse tagasi \u00fche aasta jooksul.<\/p>\n<p><img decoding=\"async\" loading=\"lazy\" class=\"alignright wp-image-207 size-full\" src=\"http:\/\/loanstar.com\/ee\/wp-content\/uploads\/sites\/14\/2018\/11\/bad_credit_1.svg\" alt=\"V\u00e4ikelaenu kaaludes soovitame kindlasti tutvuda t\u00e4psete tingimustega\" width=\"312\" height=\"150\" \/>Olgugi, et v\u00e4ikelaenude puhul on nende tagasimakseperiood reeglina pigem \u00fche v\u00f5i kahe kuu pikkune periood. V\u00f5ttes n\u00e4iteks laenu summas 500 eurot kahe kuu peale, tuleb v\u00e4ikelaenu puhul sageli tagasi maksta ligikaudu 100 eurot rohkem (sisaldades nii intressi kui ka erinevaid muid kulusid).<\/p>\n<p>V\u00f5ib tunduda uskumatu, kuid laenuandja jaoks on tegemist m\u00f5istliku intressim\u00e4\u00e4raga. Lihtsalt tegeliku intressim\u00e4\u00e4ra arvutus v\u00f5ib erinevates n\u00e4idetes v\u00e4ga k\u00f5rge paista.<\/p>\n<p>Seega v\u00f5ib erinevate teenuste (mille eesm\u00e4rgid v\u00f5ivad olla v\u00e4ga erinevad) omavaheline v\u00f5rdlemine olla k\u00fcllaltki eksitav. Ent v\u00e4ike ettevaatus ei ole kunagi liiast. Siiski leidub ka liiga k\u00f5rgete intressidega v\u00e4ikelaene ja seega soovitame sul meie t\u00f5husa teenuse abil v\u00e4ikelaenude tingimusi v\u00f5rrelda.<\/p>\n<p>Nii leiad just need tingimused, mida vajad v\u00f5imaliku madalaima m\u00e4\u00e4ra saamiseks. Laenu v\u00f5ttes v\u00f5id olla kindel, et intressim\u00e4\u00e4rad on hetkel Eestis k\u00fcllaltki heal tasemel. Kui v\u00f5rrelda neid teiste riikide m\u00e4\u00e4radega, v\u00f5ivad isegi v\u00e4ikelaenude intressim\u00e4\u00e4rad olla \u00fcldiselt \u00fcpris madalal tasemel.<\/p>\n<h2>Millal on v\u00e4ikelaen hea m\u00f5te ja millal v\u00f5iks hoopis laenamisest loobuda?<\/h2>\n<p>P\u00f5hjuseid raha laenamiseks (ja selle kiiresti oma kontole saamiseks) v\u00f5ib olla erinevaid. K\u00f5ik laenud on head, kui kasutad raha millekski, mida v\u00e4ga soovid v\u00f5i vajad ja suudad selle hiljem ka tagasi maksta. Laenu tagasimaksmisega viivitamine v\u00f5ib kaasa tuua olukorra, kus laen l\u00e4heb kallimaks, kui taotlust esitades arvestada oskasid.<\/p>\n<p><img decoding=\"async\" loading=\"lazy\" class=\"alignright wp-image-229 size-full\" src=\"http:\/\/loanstar.com\/ee\/wp-content\/uploads\/sites\/14\/2018\/11\/small_loans_2.svg\" alt=\"V\u00e4ikelaen v\u00f5ib abiks olla, kuid selle v\u00f5tmise peab kindlasti t\u00e4pselt j\u00e4rele kaaluma\" width=\"312\" height=\"150\" \/>Paljud laenavad paratamatult raha selleks, et lahendada m\u00f5ni ootamatult esile kerkinud probleem. N\u00e4iteks j\u00e4\u00e4dakse lennult maha ja on kohe vaja osta uus pilet v\u00f5i auto on vaja enne selle kapitaalselt katki minemist kiiresti \u00e4ra remontida. Muidu tuleks raha saamisega oodata j\u00e4rgmise palgap\u00e4evani.<\/p>\n<p>V\u00e4ikelaenuga on sageli v\u00f5imalik lahendada m\u00f5ni olukord, mille lahendamata j\u00e4tmine v\u00f5ib tuua kaasa situatsiooni, mis n\u00f5uaks veel palju suuremaid v\u00e4ljaminekuid. V\u00e4ikelaenu on v\u00f5imalik kasutada ka elule lisas\u00e4rtsu andmiseks:<\/p>\n<ul>\n<li>einestades n\u00e4iteks puhkusel viibides paar korda restoranis;<\/li>\n<li>samas v\u00f5ib laenuga olla v\u00f5imalik ka hoopis raha s\u00e4\u00e4sta! N\u00e4iteks v\u00f5ib tekkida ootamatult v\u00f5imalus osta v\u00e4ga soodsa hinnaga midagi, mida on niikuinii vaja osta \u2013 sellisel juhul v\u00f5ib v\u00e4ikelaen olla vajalik lahendus.<\/li>\n<\/ul>\n<p>Tavaliselt on rahaliste probleemide korral laenu v\u00f5tmine k\u00fcll halb m\u00f5te, kuid vahel v\u00f5ib tekkida olukordi, kus see on hoopis hea lahendus. N\u00e4iteks kui on teada, et raha on kohe-kohe arvele tulemas, v\u00f5ib see olla hoopiski parem lahendus kui see, et j\u00e4\u00e4da h\u00e4tta \u00fc\u00fcri maksmisega.<\/p>\n<h3>Ole tagasimaksmisega hoolas isegi siis, kui laenatud summa on v\u00e4ike<\/h3>\n<p>Isegi kui v\u00e4ikelaenu summa on t\u00f5esti v\u00e4ike (nn \u201cmikrolaen\u201d), tasuks laenu tagasimakseid siiski austada ja ei maksa vajaduseta endale v\u00f5lgu tekitada. Laenudega kaasnevate tingimuste j\u00e4rgi ei ole maksmata j\u00e4tmisel oluline, kui suur laenatud summa oli. Isegi v\u00e4ga v\u00e4ikese summa korral v\u00f5id saada m\u00e4rke makseh\u00e4ireregistrisse.<\/p>\n<p>Samuti ei ole hea omada mitmeid v\u00e4ikelaene. Targem on laenata korraga veidi suurem summa, sest nii v\u00f5id hoopis parema intressiga laenu saada. Teine hea v\u00f5imalus v\u00f5ib sellisel juhul olla krediitkaardi hankimine.<\/p>\n<p>Siis on sul k\u00e4ep\u00e4rast m\u00e4\u00e4ratud summas krediit, mida vastavalt vajadusele kasutada (ning kindla kuumakse v\u00f5i vabalt valitud summades tagasi maksta). Meie veebilehelt saad lugeda erinevate laenudega seotud teenuste kohta ja loodetavasti aitavad need artiklid sind just sulle vajaliku laenu leidmisel.<\/p>\n<h2>Kas v\u00e4ikelaenu taotledes tehakse minu kohta alati krediidikontroll?<\/h2>\n<p>Krediidiv\u00f5imekuse hindamisel ei olegi probleemiks, et laenutaotleja riskeerib, et tema krediidiv\u00f5imekust v\u00f5idakse pidada ebapiisavaks. Palju suurem mure seisneb registri varasemate kontrollide k\u00e4igus tehtud p\u00e4ringute hulgas. Seda n\u00e4evad k\u00f5ik laenu andmisega tegelevad asutused.<\/p>\n<p><img decoding=\"async\" loading=\"lazy\" class=\"alignright wp-image-223 size-full\" src=\"http:\/\/loanstar.com\/ee\/wp-content\/uploads\/sites\/14\/2018\/11\/person_finance_2.svg\" alt=\"Automaatne krediidikontroll n\u00e4itab, kas sulle v\u00e4ikelaenu antakse\" width=\"312\" height=\"150\" \/>V\u00e4ga sagedased krediidikontrollid v\u00f5ivad laenuandjatele t\u00e4hendada, et sul on juba palju laene. Sageli v\u00f5ib neil ettev\u00f5tetel olla laenude maksimaalse hulga piirm\u00e4\u00e4r. Selle piirm\u00e4\u00e4ra \u00fcletamisel laenu sulle lihtsalt ei anta.<\/p>\n<p>Tihti on sagedaste v\u00f5imekuste kontrollimise taga igap\u00e4evased teemad. Ehk ostsid laenuga m\u00f6\u00f6blit, vormistasid telefonioperaatori juures uue lepingu v\u00f5i teostasid tavalisi tehinguid, mis sinu v\u00f5imekust \u00fcht v\u00f5i teist v\u00e4ikelaenu tagasi maksta kuidagi ei m\u00f5juta.<\/p>\n<p>Siiski leidub ka selles olukorras p\u00e4\u00e4setee. Laen krediidiinfot kontrollimata on juba muutumas \u00fcpris levinud n\u00e4htuseks. Krediidiinfo \u00fcle teostab Eestis peamiselt kontrolli <a href=\"https:\/\/www.creditinfo.ee\/\" target=\"_blank\" rel=\"noopener noreferrer\">Creditinfo Eesti<\/a>, kuid samas leidub ka teisi ettev\u00f5tteid, mis oma klientide jaoks inimeste krediidiv\u00f5imekust kontrollida saavad.<\/p>\n<p>Laenuandjad, kes on oma t\u00f6\u00f6s keskendunud just kiiretele <a href=\"http:\/\/loanstar.com\/ee\/laenud\/sms-laen\/\">SMS-laenudele<\/a>, kipuvad panustama just sellistele registritele. Need aga ei n\u00e4ita, mitu korda on inimese kohta viimaste kuude jooksul p\u00e4ringuid tehtud. Selliseid laene kutsutaksegi krediidiinfot kontrollimata antavateks laenudeks ja teatud olukordades tasub need kindlasti \u00fcles otsida.<\/p>\n<h2>Kas v\u00e4ikelaene on m\u00f5tet omavahel v\u00f5rrelda?<\/h2>\n<p>Oleme juba varasemalt kirjutanud, et erinevate asutuste pakutavaid laene tasub v\u00f5rrelda. Nii saab inimene s\u00f5eluda \u00fcpris suurest pakutavate laenude hulgast v\u00e4lja just enda jaoks sobivaima. See, kas pakutavate laenude intressim\u00e4\u00e4rad erinevad teineteisest m\u00f5ne protsendipunkti v\u00f5rra, ei olegi m\u00e4\u00e4ravaim. Pikas perspektiivis ei suurene tagasimakstav summa oluliselt.<\/p>\n<p><img decoding=\"async\" loading=\"lazy\" class=\"alignright wp-image-208 size-full\" src=\"http:\/\/loanstar.com\/ee\/wp-content\/uploads\/sites\/14\/2018\/11\/bad_credit_2.svg\" alt=\"V\u00e4ikelaene tasub kindlasti v\u00f5rrelda\" width=\"312\" height=\"150\" \/>Ent kui oled otsustanud taotleda v\u00e4ikelaenu just seet\u00f5ttu, et sul on vaja raha kiiresti k\u00e4tte saada, tulevad m\u00e4ngu hoopis teised m\u00e4\u00e4ravad tegurid. Siis on oluline, et v\u00f5rdleksid laene omavahel ja valiksid just selle pakkumise, millega saad raha k\u00e4tte esimesel v\u00f5imalusel.<\/p>\n<p>Kui sa kipud v\u00e4ikelaene sageli taotlema, tasub neid alati v\u00f5rrelda (mitte vaid aeg-ajalt). Eriti kehtib see siis, kui sa kipud aeg-ajalt laenude makset\u00e4htaegadest mitte kinni pidama.<\/p>\n<p>V\u00f5rreldes laenu enda kulukusega, v\u00f5ivad hilinemisega seotud trahvid olla sageli oluliselt suuremad. Laene uurides v\u00f5rdle neid alati ja kontrolli ka seda, mis puudutab maksetega hilinemist ja muid kulusid, mis lisaks intressim\u00e4\u00e4rale laenule lisanduda v\u00f5ivad.<\/p>\n<h2>Millised on intressita v\u00e4ikelaenu eelised ja puudused?<\/h2>\n<p>Paljud meist seostavad ainsa laenu v\u00f5tmisega seotud kuluna intressi. Tegemist on protsendiga laenatud summast, mida hakatakse hiljem igakuiselt amortisatsiooni kujul tagasi maksma (samas v\u00f5ib juhtuda ka, et intress tuleb maksta tagasi \u00fche maksena).<\/p>\n<p><img decoding=\"async\" loading=\"lazy\" class=\"alignright wp-image-99 size-full\" src=\"http:\/\/loanstar.com\/ee\/wp-content\/uploads\/sites\/14\/2018\/10\/ill_body_1.svg\" alt=\"Intressita v\u00e4ikelaenul on omad eelised ja puudused, nendega tuleb arvestada\" width=\"312\" height=\"150\" \/> Kas t\u00f5esti on v\u00f5imalik raha laenata nii, et intressi ei tulegi maksta? Jah, kuid loomulikult ei t\u00e4henda see, et laenuandja ei saa mingit tulu ja teeb seda puhtast heatahtlikkusest. Tegemist on lihtsalt teistsuguse \u00e4rimudeliga.<\/p>\n<p>V\u00f5ttes intressita v\u00e4ikelaenu, on suuremad nii laenu korraldamisega seotud tasud kui ka k\u00f5ik teised kulud. Nii v\u00f5ib intressita v\u00e4ikelaenu olla m\u00e4rgatavalt kallim tagasi maksta, kui intressiga raha laenates.<\/p>\n<p>Ka intressita v\u00e4ikelaenudel on selged eelised. Kui oled v\u00f5tnud fikseerimata intressim\u00e4\u00e4raga laenu, t\u00e4hendab see, et seda saab muuta. Kui laenul intressim\u00e4\u00e4r \u00fcldse puudub, saad parema \u00fclevaate, mida t\u00e4pselt laenu kogukulu eest vastu saad.<\/p>\n<h2>V\u00e4ikelaen ja kolmanda maailma v\u00e4ikeettev\u00f5tted<\/h2>\n<p>Sissejuhatuses mainisime, et esialgu t\u00e4hendas v\u00e4ikelaenu m\u00f5iste hoopis muud. Sellel ei ole v\u00e4ga palju pistmist, kuidas me seda t\u00e4nap\u00e4eval m\u00f5istame ja k\u00e4esolevas artiklis seda k\u00e4sitlenud oleme. Suuremal osal Eestis v\u00e4ikelaenu taotlevatest inimestest on tavalised sissetulekud ja nad ei kasuta raha m\u00f5nele oma \u00e4riideele hoo andmiseks.<\/p>\n<p><img decoding=\"async\" loading=\"lazy\" class=\"alignright wp-image-105 size-full\" src=\"http:\/\/loanstar.com\/ee\/wp-content\/uploads\/sites\/14\/2018\/10\/ill_body_7.svg\" alt=\"V\u00e4ikelaen on laen, mida antakse kolmanda maailma riikides alustavatele ettev\u00f5tjatele ja siis on see pigem mikrolaen\" width=\"312\" height=\"150\" \/>Teisalt m\u00e4rgib v\u00e4ikelaen j\u00e4tkuvalt laenu, mida antakse kolmanda maailma riikide ettev\u00f5tjatele. Sageli antakse laene just naistele, kellel muidu ei oleks neis \u00fchiskondades v\u00f5imalusi ettev\u00f5tlusega tegeleda.<\/p>\n<p>Sellised v\u00e4ikelaenud v\u00f5ivad olla v\u00e4ga v\u00e4ikesed. N\u00e4iteks v\u00f5idakse laenata raha mobiiltelefoni ostmiseks, mida seej\u00e4rel laenatakse v\u00e4lja nii kaua, kuni saadakse kokku piisavalt raha oma v\u00f5lgnevuse tagasi maksmiseks.<\/p>\n<p>Sellist t\u00fc\u00fcpi v\u00e4ikeste laenude v\u00e4lja andmiseks on rajatud eraldi pangad, millel on olnud nende riikide v\u00e4ikeettev\u00f5tlusele v\u00e4ga suur m\u00f5ju. N\u00e4iteks on Bangladeshis s\u00f5lminud sellise v\u00e4ikelaenu v\u00f5tmiseks lepingu umbes 30 miljonit inimest ja selle raha abil rajatud ettev\u00f5tted moodustavad t\u00e4nap\u00e4eval suure osa riigi sisemajanduse kogutoodangust.<\/p>\n<h2>Kokkuv\u00f5te v\u00e4ikelaenudest<\/h2>\n<p>V\u00e4ikelaen on \u00fcpris uus fenomen, mis on tulnud, et j\u00e4\u00e4da. See puudutab v\u00e4iksemate summade automatiseeritud laenamist, mis v\u00f5imaldab raha kiiresti oma kontole saada. Laenaja krediidiv\u00f5imekuse kohta hangib laenuandja infot vastavat teavet koondavatelt ettev\u00f5tetelt. Sageli v\u00f5tab see alla minuti ja on paljudes olukordades automaatne.<\/p>\n<p>Enne sedasi laenamist peaksid sa kindlasti laenusid v\u00f5rdlema ja valima enda jaoks parima. Lisaks tuleb olla hoolikas laenu tagasi maksmisel. Kasuta meie veebilehte nii laenude v\u00f5rdlemiseks kui ka pakkumiste saamiseks paljudelt v\u00e4ikelaene pakkuvatelt laenuandjatelt.<\/p>\n","protected":false},"excerpt":{"rendered":"<p>V\u00e4ikelaen aitab sul uusi v\u00f5imalusi luua Varasemalt oli raha laenamine \u00fcks v\u00e4ga t\u00fc\u00fctu tegevus ja see p\u00f5hines paljuski inimeste omavahelisel&#8230;<\/p>\n","protected":false},"author":1,"featured_media":0,"parent":9,"menu_order":0,"comment_status":"closed","ping_status":"closed","template":"templates\/calculator-follow-up.php","meta":{"footnotes":""},"yoast_head":"<!-- This site is optimized with the Yoast SEO plugin v21.0 - https:\/\/yoast.com\/wordpress\/plugins\/seo\/ -->\n<title>V\u00e4ikelaen aitab sul v\u00f5imalusi luua - LoanStar Eesti<\/title>\n<meta name=\"description\" content=\"V\u00e4ikelaen h\u00f5lmab v\u00e4ikseid summasid, mille taotlemine on lihtne, laenuprotsess automaatne ja raha j\u00f5uab kiiresti kontole. Pakkumisi v\u00f5rdle meie teenusega.\" \/>\n<meta name=\"robots\" content=\"index, follow, max-snippet:-1, max-image-preview:large, max-video-preview:-1\" \/>\n<link rel=\"canonical\" href=\"https:\/\/loanstar.com\/ee\/laenud\/vaikelaen\/\" \/>\n<meta property=\"og:locale\" content=\"et_EE\" \/>\n<meta property=\"og:type\" content=\"article\" \/>\n<meta property=\"og:title\" content=\"V\u00e4ikelaen aitab sul v\u00f5imalusi luua - LoanStar Eesti\" \/>\n<meta property=\"og:description\" content=\"V\u00e4ikelaen h\u00f5lmab v\u00e4ikseid summasid, mille taotlemine on lihtne, laenuprotsess automaatne ja raha j\u00f5uab kiiresti kontole. Pakkumisi v\u00f5rdle meie teenusega.\" \/>\n<meta property=\"og:url\" content=\"https:\/\/loanstar.com\/ee\/laenud\/vaikelaen\/\" \/>\n<meta property=\"og:site_name\" content=\"LoanStar Eesti\" \/>\n<meta property=\"article:modified_time\" content=\"2019-09-03T07:52:16+00:00\" \/>\n<meta property=\"og:image\" content=\"http:\/\/loanstar.com\/ee\/wp-content\/uploads\/sites\/14\/2018\/10\/ill_gen_4.svg\" \/>\n<meta name=\"twitter:card\" content=\"summary_large_image\" \/>\n<meta name=\"twitter:label1\" content=\"Est. reading time\" \/>\n\t<meta name=\"twitter:data1\" content=\"11 minutit\" \/>\n<script type=\"application\/ld+json\" class=\"yoast-schema-graph\">{\"@context\":\"https:\/\/schema.org\",\"@graph\":[{\"@type\":\"WebPage\",\"@id\":\"https:\/\/loanstar.com\/ee\/laenud\/vaikelaen\/\",\"url\":\"https:\/\/loanstar.com\/ee\/laenud\/vaikelaen\/\",\"name\":\"V\u00e4ikelaen aitab sul v\u00f5imalusi luua - LoanStar Eesti\",\"isPartOf\":{\"@id\":\"https:\/\/loanstar.com\/ee\/#website\"},\"datePublished\":\"2018-10-04T19:58:56+00:00\",\"dateModified\":\"2019-09-03T07:52:16+00:00\",\"description\":\"V\u00e4ikelaen h\u00f5lmab v\u00e4ikseid summasid, mille taotlemine on lihtne, laenuprotsess automaatne ja raha j\u00f5uab kiiresti kontole. Pakkumisi v\u00f5rdle meie teenusega.\",\"breadcrumb\":{\"@id\":\"https:\/\/loanstar.com\/ee\/laenud\/vaikelaen\/#breadcrumb\"},\"inLanguage\":\"et\",\"potentialAction\":[{\"@type\":\"ReadAction\",\"target\":[\"https:\/\/loanstar.com\/ee\/laenud\/vaikelaen\/\"]}]},{\"@type\":\"BreadcrumbList\",\"@id\":\"https:\/\/loanstar.com\/ee\/laenud\/vaikelaen\/#breadcrumb\",\"itemListElement\":[{\"@type\":\"ListItem\",\"position\":1,\"name\":\"Eesti\",\"item\":\"https:\/\/loanstar.com\/ee\/\"},{\"@type\":\"ListItem\",\"position\":2,\"name\":\"Laenud\",\"item\":\"https:\/\/loanstar.com\/ee\/laenud\/\"},{\"@type\":\"ListItem\",\"position\":3,\"name\":\"Leia ja v\u00f5rdle parimaid v\u00e4ikelaenude pakkumisi\"}]},{\"@type\":\"WebSite\",\"@id\":\"https:\/\/loanstar.com\/ee\/#website\",\"url\":\"https:\/\/loanstar.com\/ee\/\",\"name\":\"LoanStar Eesti\",\"description\":\"V\u00f5rdle laene\",\"potentialAction\":[{\"@type\":\"SearchAction\",\"target\":{\"@type\":\"EntryPoint\",\"urlTemplate\":\"https:\/\/loanstar.com\/ee\/?s={search_term_string}\"},\"query-input\":\"required name=search_term_string\"}],\"inLanguage\":\"et\"}]}<\/script>\n<!-- \/ Yoast SEO plugin. -->","yoast_head_json":{"title":"V\u00e4ikelaen aitab sul v\u00f5imalusi luua - LoanStar Eesti","description":"V\u00e4ikelaen h\u00f5lmab v\u00e4ikseid summasid, mille taotlemine on lihtne, laenuprotsess automaatne ja raha j\u00f5uab kiiresti kontole. Pakkumisi v\u00f5rdle meie teenusega.","robots":{"index":"index","follow":"follow","max-snippet":"max-snippet:-1","max-image-preview":"max-image-preview:large","max-video-preview":"max-video-preview:-1"},"canonical":"https:\/\/loanstar.com\/ee\/laenud\/vaikelaen\/","og_locale":"et_EE","og_type":"article","og_title":"V\u00e4ikelaen aitab sul v\u00f5imalusi luua - LoanStar Eesti","og_description":"V\u00e4ikelaen h\u00f5lmab v\u00e4ikseid summasid, mille taotlemine on lihtne, laenuprotsess automaatne ja raha j\u00f5uab kiiresti kontole. Pakkumisi v\u00f5rdle meie teenusega.","og_url":"https:\/\/loanstar.com\/ee\/laenud\/vaikelaen\/","og_site_name":"LoanStar Eesti","article_modified_time":"2019-09-03T07:52:16+00:00","og_image":[{"url":"http:\/\/loanstar.com\/ee\/wp-content\/uploads\/sites\/14\/2018\/10\/ill_gen_4.svg"}],"twitter_card":"summary_large_image","twitter_misc":{"Est. reading time":"11 minutit"},"schema":{"@context":"https:\/\/schema.org","@graph":[{"@type":"WebPage","@id":"https:\/\/loanstar.com\/ee\/laenud\/vaikelaen\/","url":"https:\/\/loanstar.com\/ee\/laenud\/vaikelaen\/","name":"V\u00e4ikelaen aitab sul v\u00f5imalusi luua - LoanStar Eesti","isPartOf":{"@id":"https:\/\/loanstar.com\/ee\/#website"},"datePublished":"2018-10-04T19:58:56+00:00","dateModified":"2019-09-03T07:52:16+00:00","description":"V\u00e4ikelaen h\u00f5lmab v\u00e4ikseid summasid, mille taotlemine on lihtne, laenuprotsess automaatne ja raha j\u00f5uab kiiresti kontole. Pakkumisi v\u00f5rdle meie teenusega.","breadcrumb":{"@id":"https:\/\/loanstar.com\/ee\/laenud\/vaikelaen\/#breadcrumb"},"inLanguage":"et","potentialAction":[{"@type":"ReadAction","target":["https:\/\/loanstar.com\/ee\/laenud\/vaikelaen\/"]}]},{"@type":"BreadcrumbList","@id":"https:\/\/loanstar.com\/ee\/laenud\/vaikelaen\/#breadcrumb","itemListElement":[{"@type":"ListItem","position":1,"name":"Eesti","item":"https:\/\/loanstar.com\/ee\/"},{"@type":"ListItem","position":2,"name":"Laenud","item":"https:\/\/loanstar.com\/ee\/laenud\/"},{"@type":"ListItem","position":3,"name":"Leia ja v\u00f5rdle parimaid v\u00e4ikelaenude pakkumisi"}]},{"@type":"WebSite","@id":"https:\/\/loanstar.com\/ee\/#website","url":"https:\/\/loanstar.com\/ee\/","name":"LoanStar Eesti","description":"V\u00f5rdle laene","potentialAction":[{"@type":"SearchAction","target":{"@type":"EntryPoint","urlTemplate":"https:\/\/loanstar.com\/ee\/?s={search_term_string}"},"query-input":"required name=search_term_string"}],"inLanguage":"et"}]}},"_links":{"self":[{"href":"https:\/\/loanstar.com\/ee\/wp-json\/wp\/v2\/pages\/140"}],"collection":[{"href":"https:\/\/loanstar.com\/ee\/wp-json\/wp\/v2\/pages"}],"about":[{"href":"https:\/\/loanstar.com\/ee\/wp-json\/wp\/v2\/types\/page"}],"author":[{"embeddable":true,"href":"https:\/\/loanstar.com\/ee\/wp-json\/wp\/v2\/users\/1"}],"replies":[{"embeddable":true,"href":"https:\/\/loanstar.com\/ee\/wp-json\/wp\/v2\/comments?post=140"}],"version-history":[{"count":2,"href":"https:\/\/loanstar.com\/ee\/wp-json\/wp\/v2\/pages\/140\/revisions"}],"predecessor-version":[{"id":272,"href":"https:\/\/loanstar.com\/ee\/wp-json\/wp\/v2\/pages\/140\/revisions\/272"}],"up":[{"embeddable":true,"href":"https:\/\/loanstar.com\/ee\/wp-json\/wp\/v2\/pages\/9"}],"wp:attachment":[{"href":"https:\/\/loanstar.com\/ee\/wp-json\/wp\/v2\/media?parent=140"}],"curies":[{"name":"wp","href":"https:\/\/api.w.org\/{rel}","templated":true}]}}