{"id":138,"date":"2018-10-04T19:41:40","date_gmt":"2018-10-04T19:41:40","guid":{"rendered":"http:\/\/loanstar.com\/ee\/?page_id=138"},"modified":"2019-09-03T10:32:36","modified_gmt":"2019-09-03T07:32:36","slug":"kiirlaen","status":"publish","type":"page","link":"https:\/\/loanstar.com\/ee\/laenud\/kiirlaen\/","title":{"rendered":"Kiirlaen v\u00f5imaldab lahendada ootamatu olukorra \u2013 leia ja v\u00f5rdle parimaid pakkumisi"},"content":{"rendered":"<h2>Kiirlaen \u2013 k\u00f5ik, mida peaksid teadma<\/h2>\n<p>Oleme k\u00f5ik kogenud ootamatuid v\u00e4ljaminekuid. \u00c4kki otsustab hambas suurem plomm lahti tulla ja pead kiiresti hambaarstile minema, k\u00fclmkapp \u00fctleb ootamatult \u00fcles, s\u00f5brad soovivad sinuga jalgpallireisile minna v\u00f5i lapsed on oma vanadest trenniriietest v\u00e4lja kasvanud ja vajavad uusi. Kuigi eksperdid soovitavad selliste ootamatuste jaoks raha k\u00f5rvale panna, ei ole see alati nii lihtne ja siin v\u00f5ib kiirlaen abiks tulla.<\/p>\n<p><img decoding=\"async\" loading=\"lazy\" class=\"alignright wp-image-44 size-full\" src=\"http:\/\/loanstar.com\/ee\/wp-content\/uploads\/sites\/14\/2018\/10\/ill_gen_1.svg\" alt=\"Ootamatu kulutuse puhul v\u00f5ib sind aidata kiirlaen, mille pakkumisi saad meie veebilehel mugavalt v\u00f5rrelda\" width=\"312\" height=\"150\" \/>Seet\u00f5ttu v\u00f5ib sellise ootamatu kulutuse puhul olla lahendus v\u00e4ikese laenu (nt kiirlaen) taotlemine. Taotlemisprotsess ise on lihtne ja kui laenusoov heaks kiidetakse, ei v\u00f5ta raha pangakontole j\u00f5udmine palju aega. Sageli l\u00e4heb selleks v\u00e4hem kui tund.<\/p>\n<p>Kiirlaen on suures osas sama, mis tarbimislaen. Peamiselt seet\u00f5ttu, et sellisel juhul ei n\u00f5ua pank v\u00f5i muu valitud laenuandja sinult laenutagatist. Nende kahe laenut\u00fc\u00fcbi peamine omavaheline erinevus seisneb laenatavas summas.<\/p>\n<p>Tavaline kiirlaen algab m\u00f5nek\u00fcmnest eurost ja ulatub m\u00f5ne tuhande euroni. Samas v\u00f5ib pankade tavaline <a href=\"http:\/\/loanstar.com\/ee\/laenud\/vaikelaen\/\">v\u00e4ikelaen<\/a> ulatuda k\u00fcmnetesse tuhandetesse eurodesse. \u00dcksk\u00f5ik, millise t\u00fc\u00fcbi sa valid, pead selleks panga v\u00f5i muu laenuandja kodulehel taotluse esitama.<\/p>\n<p>\u00d5nneks on t\u00e4nap\u00e4eval suurem osa veebilehti ka nutitelefonidest kasutatav ja nii on taotlemine lihtsam. Selliselt ei v\u00f5ta ka raha sinu pangakontole j\u00f5udmine palju aega ja saad peagi hambaarstil \u00e4ra k\u00e4ia v\u00f5i uue k\u00fclmkapi osta \u2013 ilma et peaksid liigselt kannatama v\u00f5i toidu riknema laskma.<\/p>\n<h2>Kas valida kiirlaen v\u00f5i krediitkaart?<\/h2>\n<p>V\u00e4ikeste laenude suurim miinus on loomulikult nende k\u00fcllaltki k\u00f5rge intress. Seet\u00f5ttu valivad paljud ootamatute vajaduste jaoks hoopis krediitkaardi, mille limiit ei ole samuti ohtlikult suur. Krediitkaarti valides tasub sul p\u00f6\u00f6rata t\u00e4helepanu sellele, kas see on vaba tagasimaksega \u2013 muidu pead ikkagi maksma pikka aega v\u00e4ikeste summadega ja intress kogu aeg jookseb.<\/p>\n<p><img decoding=\"async\" loading=\"lazy\" class=\"alignright wp-image-113 size-full\" src=\"http:\/\/loanstar.com\/ee\/wp-content\/uploads\/sites\/14\/2018\/10\/ill_body_15.svg\" alt=\"Laenu v\u00f5ttes tasub m\u00f5elda tagasimakse perioodi peale - kas sobivaim on krediitkaart v\u00f5i kiirlaen\" width=\"312\" height=\"150\" \/>Kui j\u00e4\u00e4d krediitkaardile raha tagasi kandmisega h\u00e4tta, v\u00f5ib see kaasa tuua p\u00e4ris suure intressi, mille krediitkaardi v\u00e4ljastanud asutus teenusele lisab. Seega v\u00f5ib v\u00e4ike kiirlaen olla soodsam, sest siis on sul rohkem aega tagasi maksta, ilma et k\u00f5rge intress jooksma hakkaks.<\/p>\n<p>Seega tasub laenu v\u00f5ttes alati m\u00f5elda, kui palju on sul aega raha tagasi maksmiseks. Kui j\u00e4rgmise palgap\u00e4evani on palju aega v\u00f5i kui sa ei saa kogu summat \u00fche palgap\u00e4eva j\u00e4rel tagasi maksta, aitab pikem laenut\u00e4htaeg palju.<\/p>\n<p>Erinevat t\u00fc\u00fcpi tarbimislaenu v\u00e4ljastavad pangad ja finantsasutused suudavad vajamineva summa sageli v\u00e4ga kiiresti v\u00e4lja maksta. See s\u00f5ltub loomulikult ka sellest, millisel n\u00e4dalap\u00e4eval ja kellaajal sa taotluse sisse annad.<\/p>\n<p>Enamike laenuandjatega on v\u00f5imalik laenutaotluse protsess internetis l\u00e4bida ja teatud juhtudel on see v\u00f5imalik \u00e4ra teha ka nutitelefoniga. Kui taotled laenu hommikul ja laenatav summa ei ole suur, on paljudel juhtudel laenatav raha sinu kontol juba l\u00f5una paiku kohal.<\/p>\n<p>Suuremate laenuasutuste puhul v\u00f5ib ooteaeg olla m\u00f5ne p\u00e4eva pikkune, kuid ei pruugi. Kiire laenusaamisprotsessi on loomulikult v\u00f5imalikuks teinud just kaasaegne tehnoloogia. Vaid see teeb v\u00f5imalikuks automaatse otsustamise ja raha kiire \u00fclekandmise.<\/p>\n<h2>Mis t\u00e4pselt on SMS-laen, mikrolaen ja kiirlaen?<\/h2>\n<p>\u00d6eldakse, et heal lapsel on mitu nime. Sama kehtib ka v\u00e4iksemate tarbimislaenude puhul. S\u00f5ltuvalt laenatava summa suurusest kutsuvad laenuandjad teenuseid m\u00f5nev\u00f5rra erinevalt. V\u00e4ikseim laen on tavaliselt <a href=\"http:\/\/loanstar.com\/ee\/laenud\/sms-laen\/\">SMS- v\u00f5i mikrolaen<\/a>, kuid paradoksaalsel kombel on veidi rohkem v\u00f5imalik laenata just <a href=\"http:\/\/loanstar.com\/ee\/laenud\/vaikelaen\/\">v\u00e4ikelaenu<\/a> abil.<\/p>\n<p><img decoding=\"async\" loading=\"lazy\" class=\"alignright wp-image-100 size-full\" src=\"http:\/\/loanstar.com\/ee\/wp-content\/uploads\/sites\/14\/2018\/10\/ill_body_2.svg\" alt=\"Kiirlaen, sms-laen, mikrolaen - k\u00f5ik need tegelevad v\u00e4ikeste summade laenamisega\" width=\"312\" height=\"150\" \/>Suurimaid laenusid neist tunneme just tarbimislaenude all, kuid tagasi v\u00e4iksemate summade juurde. Kui sa m\u00f5tled, miks vaevub m\u00f5ni asutus andma laenu nii v\u00e4ikeses summas, kui seda on n\u00e4iteks 30 eurot, siis see on neile m\u00f5istlik. Nimelt on neil v\u00f5imalik ka v\u00e4ikseid summasid laenates palju teenida.<\/p>\n<p>Selliseid v\u00e4ikseid summasid laenav inimene teeb seda seep\u00e4rast, et ta on sunnitud. Tal on kohe raha vaja ja ta on n\u00f5us maksma nii k\u00f5rget intressi kui v\u00e4hegi n\u00f5utakse. Need samad inimesed tunnevad end ebamugavalt pere ja s\u00f5prade k\u00e4est laenates ja seega valitakse teine tee. Kuid just v\u00e4ikeste summade laenamine on lepingutasude ja intresside t\u00f5ttu v\u00e4ga kallis.<\/p>\n<p>SMS-laen sai kunagi oma nime just s\u00f5numi teel laenamise t\u00f5ttu. Siis k\u00e4is kogu protsess, sealhulgas lepingu s\u00f5lmimine, SMS-i teel. T\u00e4nap\u00e4eval kasutatakse pigem teisi kanaleid (e-posti), kuid siiani on v\u00f5imalik laenata v\u00e4ikseid summasid (ka m\u00f5ne pakkuja nimes on s\u00e4ilinud l\u00fchend SMS).<\/p>\n<h2>Milliseks kujuneb \u00fche v\u00e4ikese laenu maksumus?<\/h2>\n<p>Kindlasti oled juba selgeks saanud, et laenu v\u00f5tmine maksab omajagu raha. Seda eriti siis, kui plaanid v\u00f5tta laenu, mille jaoks ei ole tagatist vaja esitada. Kui sa taotleksid laenu m\u00f5ne vara (nt auto v\u00f5i kinnisvara) tagatisel, oleksid panga riskid palju v\u00e4iksemad ja pank saaks pakkuda head intressi. Kiirlaen tagatist ei n\u00f5ua ja nii v\u00f5tab pank oma riskide maandamise nimel ka palju k\u00f5rgemat intressi. See on paratamatu.<\/p>\n<p><img decoding=\"async\" loading=\"lazy\" class=\"alignright wp-image-219 size-full\" src=\"http:\/\/loanstar.com\/ee\/wp-content\/uploads\/sites\/14\/2018\/11\/payday_loans_1.svg\" alt=\"Kiirlaenu v\u00f5ttes v\u00f5rdle kindlasti pakkumisi - seda saad teha meie kodulehel\" width=\"312\" height=\"150\" \/>Kui sa hakkad kiirlaenu taotlema, v\u00f5rdle kindlasti pakutavate laenude intresse ja kulukuse m\u00e4\u00e4rasid. Kuigi m\u00f5nedel pakkujatel v\u00f5ivad need olla v\u00e4iksemad, on krediidi kulukuse m\u00e4\u00e4r sageli vahemikus 50-60%! Kui lisada sellele veel muud seotud kulud, t\u00f5useb protsent veelgi. Samas v\u00f5id kampaaniate korras leida ka 0% intressiga laenupakkumisi.<\/p>\n<p>\u00d5nneks on sul v\u00f5imalik kogu info \u00fchest kohast kergesti k\u00e4tte saada ja sa ei pea k\u00f5iki pakkujaid \u00fckshaaval \u00fcle vaatama. N\u00e4iteks peaks nii laenuandja kodulehel kui ka mitmetel erinevatel laenude v\u00f5rdlemist pakkuvatel kodulehtedel p\u00f5hilised laenutingimused kirjas olema. Kindlasti tasub otsida n\u00e4iteid laenatavatest ja tagasimaksete summadest.<\/p>\n<p>Kui hakkad laenu v\u00f5tma, tasub kaaluda mitmeid erinevaid tegureid, mitte ainult intressi. \u00dcks oluline on lepingu s\u00f5lmimise tasu, mis v\u00f5ib v\u00e4ga erinev olla. Tegemist on \u00fchekordse tasuga ja sageli v\u00f5etakse seda kui sinu kliendina registreerimise tasu \u2013 et ajada korda k\u00f5ik laenu v\u00f5tmisega seotud dokumendid. Teatud pangad v\u00f5tavad selleks alati fikseeritud summa, kui teiste \u00e4rimudel m\u00e4\u00e4rab tasu summaks protsendi laenust. Tihti v\u00f5idakse see summa laenu tagasimaksmise perioodi peale laiali jagada ja nii ei pruugi see sind koheselt m\u00f5jutada.<\/p>\n<p>Tegemaks sinu kui laenaja jaoks otsustamise lihtsamaks, on k\u00f5ik pangad ja teised laenuandjad kohustatud tooma v\u00e4lja aastase krediidikulukuse m\u00e4\u00e4ra. Nii on sul lihtne v\u00f5rrelda erinevate tegijate esitatud numbreid ja oma otsus selle j\u00e4rgi langetada.<\/p>\n<h2>Seda t\u00fc\u00fcpi laenude taotlemisprotsess on \u00fcpris tavap\u00e4rane<\/h2>\n<p>Inimesed kipuvad olema veidi k\u00e4rsitud ja kannatust meil alati ei jagu. Tihti juhtub see n\u00e4iteks siis, kui me oleme otsustanud, et meil on midagi vaja \u2013 siis on meil vaja seda nii kiiresti kui v\u00f5imalik. Seega ei soovi me laenamisele palju aega kulutada ja tahaksime summat kohe k\u00e4tte saada. Sarnaselt kehtib see h\u00e4daolukordades\u00a0\u2013 olgu selleks kas v\u00f5i uue k\u00fclmkapi ostmine, millega ei kannata oodata.<\/p>\n<p><img decoding=\"async\" loading=\"lazy\" class=\"alignright wp-image-112 size-full\" src=\"http:\/\/loanstar.com\/ee\/wp-content\/uploads\/sites\/14\/2018\/10\/ill_body_14.svg\" alt=\"kiirlaenu taotlemisprotsess on \u00fcldjuhul automaatne ja kiire\" width=\"312\" height=\"150\" \/>Kui sul on aga plaanis oma eluruume remontima hakata, siis see v\u00f5ib loomulikult kauem oodata. Ikkagi on meil k\u00e4rsitus remondiga kohe peale hakata. \u00d5nneks on tehnoloogilised lahendused teinud v\u00f5imalikuks, et me ei pea enam panga jaoks hulka avaldusi t\u00e4itma ja seej\u00e4rel m\u00f5ne sealse t\u00f6\u00f6tajaga kohtumist ootama. V\u00e4hemalt v\u00e4ikelaenude puhul seda tegema ei pea.<\/p>\n<p>S\u00f5ltumata taotluste arvust, toimub taotlemisprotsess finantsasutuse kodulehel. T\u00e4ita tuleb lihtsalt vajalikud v\u00e4ljad ja panna taotlus teele. Paljud protsessid toimuvad automaatselt ja nii kontrollitakse ka sinu krediidiv\u00f5imekust automaatselt.<\/p>\n<p>N\u00e4iteks kontrollitakse ametlike ja avalike registrite abil, kas sinu rahalise seisukorra kohta esitatud andmed klapivad sealolevate andmetega. \u00dcks selliseid registreid on <a href=\"https:\/\/www.creditinfo.ee\/\" target=\"_blank\" rel=\"noopener noreferrer\">Creditinfo Eesti AS<\/a>, kust n\u00e4iteks saadakse teada, kas sul on <a href=\"https:\/\/www.creditinfo.ee\/maksehaireregister\/\" target=\"_blank\" rel=\"noopener noreferrer\">makseh\u00e4ireid<\/a>. Sellest s\u00f5ltub, kas sulle antakse sinu soovidele vastavat laenu v\u00f5i mitte. Seega tasub alati \u00f5iged andmed esitada ning ka enda rahalisel olukorral silm peal hoida.<\/p>\n<h3>Dokumentide esitamine<\/h3>\n<p>Kaasaegsed tehnoloogiad v\u00f5imaldavad k\u00f5ik vajalikud dokumendid elektrooniliselt panka saata kas e-postiga v\u00f5i need kiiresti panga kodulehel \u00fcles laadida. Seda ei saa ajaliselt kuidagi v\u00f5rrelda aastatetaguse ajaga, mil k\u00f5ik tuli tavalise postiga pangale teele panna.<\/p>\n<p>Elektrooniliselt saates v\u00e4heneb ka inimeste hulk, kes p\u00e4\u00e4sevad ligi sinu isiklikele ja tundlikele andmetele. N\u00e4iteks v\u00f5id sa panga n\u00f5utavaid paberdokumente kodus ise digitaalseks muuta ja need e-kirjaga paari minutiga panka saata.<\/p>\n<h3>Kiirlaenude v\u00f5rdlemiseks on loodud h\u00e4id veebilehti<\/h3>\n<p><img decoding=\"async\" loading=\"lazy\" class=\"alignright wp-image-208 size-full\" src=\"http:\/\/loanstar.com\/ee\/wp-content\/uploads\/sites\/14\/2018\/11\/bad_credit_2.svg\" alt=\"erinevaid tingimusi kiirlaenu saamiseks saad v\u00f5rrelda meie veebilehel\" width=\"312\" height=\"150\" \/>Kui soovid v\u00e4ltida olukorda, kus maksad kiirlaenu eest rohkem, kui tegelikult peaksid, soovitame sul kasutada meie veebilehel olevat laenude v\u00f5rdlemise teenust. Selle abil on sul v\u00f5imalik leida enda soovitud tingimustele vastav laen ja taotlemisega ka kohe alustada.<\/p>\n<p>Taolistelt v\u00f5rdlemisega tegelevatelt veebilehtedelt leiad sa kogu info erinevate pankade ja laenuasutuste kohta. Sealhulgas n\u00e4ed, kui palju sa nende k\u00e4est raha laenata saaksid ja millised on laenamisega seotud lisakulud. Sul on sealsamas ka v\u00f5imalik laenutaotlus otse panka saata ja nii on sul v\u00f5imalik saata l\u00fchikese ajaga taotlus mitmetesse asutustesse.<\/p>\n<p>Loomulikult on ka pangad sellistest v\u00f5imalustest teadlikud ja v\u00f5istlevad sinu enda kliendiks saamise nimel teiste krediidiasutustega. Seega teevad nad sulle oma parima pakkumise. Sina kulutad aga v\u00e4hem aega, et selliste veebilehtede kaudu kohe suure hulga pakkumisi saada. Nii saad neid rahulikult kodus v\u00f5rrelda ja enda jaoks k\u00f5ige paremini sobivama v\u00e4lja valida.<\/p>\n<h2>Millised on kiirlaenu taotlejale esitatavad peamised n\u00f5uded?<\/h2>\n<p>J\u00e4rgnevalt v\u00f5tame kokku n\u00f5uded, mida k\u00f5ige sagedamini laenuv\u00f5tjale esitada v\u00f5idakse:<\/p>\n<ul>\n<li>\u00fcks n\u00f5ue on loomulikult see, et sa v\u00f5etud laenu ka kenasti tagasi maksaksid, kuid sellega laenajad ei piirdu.<img decoding=\"async\" loading=\"lazy\" class=\"alignright wp-image-222 size-full\" src=\"http:\/\/loanstar.com\/ee\/wp-content\/uploads\/sites\/14\/2018\/11\/person_finance_1.svg\" alt=\"kiirlaenu taotlejale kehtivad alati ka n\u00f5uded, millega pead kindlasti enne tutvuma\" width=\"312\" height=\"150\" \/><\/li>\n<li>Eestis on lubatud anda laenu inimestele, kes on \u00fcle 18 aasta vanad ja m\u00f5ne laenu puhul suisa v\u00e4hemalt 22 aasta vanune.<\/li>\n<li>lisaks vanusele (tihti on ka vanuse \u00fclempiir) n\u00f5utakse sageli, et oleksid Eesti kodanik, elaksid Eestis ja et sul oleks ka siinne sissekirjutus.<\/li>\n<li>kindlasti on vaja ka oma isikut tuvastada ja selleks peab sul olema nt ID-kaart.<\/li>\n<li>v\u00f5etud laen tuleb kokkulepitud ajaga tagasi maksta ja siinkohal aitavad loomulikult regulaarsed sissetulekud.<\/li>\n<\/ul>\n<p>Samas ei n\u00f5ua v\u00e4ga paljud laenuandjad otseselt t\u00f6\u00f6tamist kinnitavaid dokumente \u2013 paljud taotlejad ju ei taha, et nende t\u00f6\u00f6andja laenamisest teada saaks. On ka pakkujaid, kes n\u00f5uavad n\u00e4iteks konto v\u00e4ljav\u00f5tet, kuid see kehtib pigem suuremate summade laenamisel.<\/p>\n<p>Seega, kui sa suudad t\u00f5estada piisavalt suurt ja kindlat igakuist sissetulekut, aitab see kindlasti sinu taotlust kiiremini heaks kiita. Sissetulek ei pea olema ainult palk \u2013 ei ole v\u00e4listatud, et sa teenid midagi kinnisvaralt v\u00f5i investeeringutest jne. Ka pension l\u00e4heb siin arvesse.<\/p>\n<h3>Kas ma saan kiirlaenu, kui olen Makseh\u00e4ireregistris registreeritud?<\/h3>\n<p><img decoding=\"async\" loading=\"lazy\" class=\"alignright wp-image-107 size-full\" src=\"http:\/\/loanstar.com\/ee\/wp-content\/uploads\/sites\/14\/2018\/10\/ill_body_9.svg\" alt=\"kui sul on makseh\u00e4ire, v\u00f5ib laenu saamine keeruliseks osutuda\" width=\"312\" height=\"150\" \/><a href=\"https:\/\/www.creditinfo.ee\/maksehaireregister\/\" target=\"_blank\" rel=\"noopener noreferrer\">Ametlikku makseh\u00e4irete registrisse<\/a> sattumisel v\u00f5ib olla erinevaid p\u00f5hjuseid. N\u00e4iteks v\u00f5ib sul olla mingi hetk m\u00f5ni arve kahe silma vahele j\u00e4\u00e4nud ja oledki makse tasumata j\u00e4tmise t\u00f5ttu registrisse lisatud. Pangad j\u00e4lgivad selliseid asju v\u00e4ga rangelt ja on pigem ebat\u00f5en\u00e4oline, et aktiivse makseh\u00e4ire olemasolu korral sulle laenu antakse. Kahjuks see on nii ja paljude laenuandjate puhul pole mingit v\u00f5imalust laenu saada.<\/p>\n<p>Pangad peavad makseh\u00e4iret suureks riskiteguriks. Seet\u00f5ttu arvavad nad, et sul v\u00f5ib ka j\u00e4rgmise laenu puhul probleeme tekkida. Ent leidub ka laenuasutusi, kus ei pruugi tingimused nii karmid olla. Nende leidmiseks peab hoolega ringi vaatama. Teisalt v\u00f5ib olla ka pankade puhul abi sellest, kui laenad raha nii, et paned tagatisena kirja m\u00f5ne endale kuuluva vara.<\/p>\n<p>See v\u00f5ib olla lahenduseks ka m\u00f5ne varasema v\u00f5la olemasolu korral \u2013 nii v\u00f5id sa seda suurema laenu abil refinantseerida. Kui sul on kogunenud palju v\u00e4iksemaid laenusid ja ka sinu krediitkaardi saldo on nullis, tasub m\u00f5elda suurema tagatisega laenu v\u00f5tmisele. Selle intress on oluliselt madalam ja nii saad sa maksta tagasi k\u00f5ik teised kallimad laenud. Rohkem laenates v\u00f5id sellisel juhul hoopis oma seisu parandada.<\/p>\n<h2>Kiire kokkuv\u00f5te kiirlaenudest<\/h2>\n<p>Kiirlaen on pakkumine inimestele, kellel on vaja laenata v\u00e4iksem summa m\u00f5ne sageli ootamatult ette tulnud probleemi lahendamiseks. Seejuures ei k\u00fcsi keegi, mille jaoks sa raha kasutada tahad. Seega saad sa ka selle ootamatu probleemi ise defineerida \u2013 olgu selleks suurem allahindlus sinu lemmikpoes, soov s\u00f5pradega reisile minna v\u00f5i katkine pesumasin, mis vajab asendamist.<\/p>\n<p><img decoding=\"async\" loading=\"lazy\" class=\"alignright wp-image-46 size-full\" src=\"http:\/\/loanstar.com\/ee\/wp-content\/uploads\/sites\/14\/2018\/10\/ill_gen_3.svg\" alt=\"raha peaksid laenama vaid nii palju, kui vaja on, see kehtib ka kiirlaenu puhul\" width=\"312\" height=\"150\" \/>Meeles tasub alati pidada seda, et raha laenamine maksab. Lisaks ei tohiks sa kunagi laenata rohkem, kui sul t\u00f5esti on vaja. Otseloomulikult tuleb kinni pidada tagasimaksete t\u00e4htaegadest ja k\u00f5ik panga seatud tingimused tuleb v\u00e4ga t\u00e4pselt t\u00e4ita. Kiirlaenude summad algavad vaid m\u00f5nek\u00fcmnest eurost ja ulatuvad tuhandete eurodeni \u2013 t\u00e4psemad andmed leiad pankade ja laenupakkujate kodulehtedelt.<\/p>\n<p>Laenu v\u00f5ttes tuleb lisaks intressile vaadata ka krediidi kulukuse m\u00e4\u00e4ra. Just see number on hea laenupakkumiste v\u00f5rdlemiseks ja seega tasub saata oma p\u00e4ringud mitmetesse asutustesse. Nii saad kiirelt palju vastuseid ja valiku tegemine on lihtsam \u2013 iga\u00fcks meist saab valida nende jaoks soodsaima pakkumise.<\/p>\n","protected":false},"excerpt":{"rendered":"<p>Kiirlaen \u2013 k\u00f5ik, mida peaksid teadma Oleme k\u00f5ik kogenud ootamatuid v\u00e4ljaminekuid. \u00c4kki otsustab hambas suurem plomm lahti tulla ja pead&#8230;<\/p>\n","protected":false},"author":1,"featured_media":0,"parent":9,"menu_order":0,"comment_status":"closed","ping_status":"closed","template":"templates\/calculator-follow-up.php","meta":{"footnotes":""},"yoast_head":"<!-- This site is optimized with the Yoast SEO plugin v21.0 - https:\/\/yoast.com\/wordpress\/plugins\/seo\/ -->\n<title>Kiirlaen - Leia ja v\u00f5rdle sobivaid pakkumisi - LoanStar Eesti<\/title>\n<meta name=\"description\" content=\"Kiirlaen on m\u00f5eldud v\u00e4iksema summa laenamiseks m\u00f5ne ootamatu probleemi lahendamiseks. V\u00f5rdle, loe arvustusi ja leia enda jaoks parim v\u00f5imalus.\" \/>\n<meta name=\"robots\" content=\"index, follow, max-snippet:-1, max-image-preview:large, max-video-preview:-1\" \/>\n<link rel=\"canonical\" href=\"https:\/\/loanstar.com\/ee\/laenud\/kiirlaen\/\" \/>\n<meta property=\"og:locale\" content=\"et_EE\" \/>\n<meta property=\"og:type\" content=\"article\" \/>\n<meta property=\"og:title\" content=\"Kiirlaen - Leia ja v\u00f5rdle sobivaid pakkumisi - LoanStar Eesti\" \/>\n<meta property=\"og:description\" content=\"Kiirlaen on m\u00f5eldud v\u00e4iksema summa laenamiseks m\u00f5ne ootamatu probleemi lahendamiseks. V\u00f5rdle, loe arvustusi ja leia enda jaoks parim v\u00f5imalus.\" \/>\n<meta property=\"og:url\" content=\"https:\/\/loanstar.com\/ee\/laenud\/kiirlaen\/\" \/>\n<meta property=\"og:site_name\" content=\"LoanStar Eesti\" \/>\n<meta property=\"article:modified_time\" content=\"2019-09-03T07:32:36+00:00\" \/>\n<meta property=\"og:image\" content=\"http:\/\/loanstar.com\/ee\/wp-content\/uploads\/sites\/14\/2018\/10\/ill_gen_1.svg\" \/>\n<meta name=\"twitter:card\" content=\"summary_large_image\" \/>\n<meta name=\"twitter:label1\" content=\"Est. reading time\" \/>\n\t<meta name=\"twitter:data1\" content=\"11 minutit\" \/>\n<script type=\"application\/ld+json\" class=\"yoast-schema-graph\">{\"@context\":\"https:\/\/schema.org\",\"@graph\":[{\"@type\":\"WebPage\",\"@id\":\"https:\/\/loanstar.com\/ee\/laenud\/kiirlaen\/\",\"url\":\"https:\/\/loanstar.com\/ee\/laenud\/kiirlaen\/\",\"name\":\"Kiirlaen - Leia ja v\u00f5rdle sobivaid pakkumisi - LoanStar Eesti\",\"isPartOf\":{\"@id\":\"https:\/\/loanstar.com\/ee\/#website\"},\"datePublished\":\"2018-10-04T19:41:40+00:00\",\"dateModified\":\"2019-09-03T07:32:36+00:00\",\"description\":\"Kiirlaen on m\u00f5eldud v\u00e4iksema summa laenamiseks m\u00f5ne ootamatu probleemi lahendamiseks. V\u00f5rdle, loe arvustusi ja leia enda jaoks parim v\u00f5imalus.\",\"breadcrumb\":{\"@id\":\"https:\/\/loanstar.com\/ee\/laenud\/kiirlaen\/#breadcrumb\"},\"inLanguage\":\"et\",\"potentialAction\":[{\"@type\":\"ReadAction\",\"target\":[\"https:\/\/loanstar.com\/ee\/laenud\/kiirlaen\/\"]}]},{\"@type\":\"BreadcrumbList\",\"@id\":\"https:\/\/loanstar.com\/ee\/laenud\/kiirlaen\/#breadcrumb\",\"itemListElement\":[{\"@type\":\"ListItem\",\"position\":1,\"name\":\"Eesti\",\"item\":\"https:\/\/loanstar.com\/ee\/\"},{\"@type\":\"ListItem\",\"position\":2,\"name\":\"Laenud\",\"item\":\"https:\/\/loanstar.com\/ee\/laenud\/\"},{\"@type\":\"ListItem\",\"position\":3,\"name\":\"Kiirlaen v\u00f5imaldab lahendada ootamatu olukorra \u2013 leia ja v\u00f5rdle parimaid pakkumisi\"}]},{\"@type\":\"WebSite\",\"@id\":\"https:\/\/loanstar.com\/ee\/#website\",\"url\":\"https:\/\/loanstar.com\/ee\/\",\"name\":\"LoanStar Eesti\",\"description\":\"V\u00f5rdle laene\",\"potentialAction\":[{\"@type\":\"SearchAction\",\"target\":{\"@type\":\"EntryPoint\",\"urlTemplate\":\"https:\/\/loanstar.com\/ee\/?s={search_term_string}\"},\"query-input\":\"required name=search_term_string\"}],\"inLanguage\":\"et\"}]}<\/script>\n<!-- \/ Yoast SEO plugin. -->","yoast_head_json":{"title":"Kiirlaen - Leia ja v\u00f5rdle sobivaid pakkumisi - LoanStar Eesti","description":"Kiirlaen on m\u00f5eldud v\u00e4iksema summa laenamiseks m\u00f5ne ootamatu probleemi lahendamiseks. V\u00f5rdle, loe arvustusi ja leia enda jaoks parim v\u00f5imalus.","robots":{"index":"index","follow":"follow","max-snippet":"max-snippet:-1","max-image-preview":"max-image-preview:large","max-video-preview":"max-video-preview:-1"},"canonical":"https:\/\/loanstar.com\/ee\/laenud\/kiirlaen\/","og_locale":"et_EE","og_type":"article","og_title":"Kiirlaen - Leia ja v\u00f5rdle sobivaid pakkumisi - LoanStar Eesti","og_description":"Kiirlaen on m\u00f5eldud v\u00e4iksema summa laenamiseks m\u00f5ne ootamatu probleemi lahendamiseks. V\u00f5rdle, loe arvustusi ja leia enda jaoks parim v\u00f5imalus.","og_url":"https:\/\/loanstar.com\/ee\/laenud\/kiirlaen\/","og_site_name":"LoanStar Eesti","article_modified_time":"2019-09-03T07:32:36+00:00","og_image":[{"url":"http:\/\/loanstar.com\/ee\/wp-content\/uploads\/sites\/14\/2018\/10\/ill_gen_1.svg"}],"twitter_card":"summary_large_image","twitter_misc":{"Est. reading time":"11 minutit"},"schema":{"@context":"https:\/\/schema.org","@graph":[{"@type":"WebPage","@id":"https:\/\/loanstar.com\/ee\/laenud\/kiirlaen\/","url":"https:\/\/loanstar.com\/ee\/laenud\/kiirlaen\/","name":"Kiirlaen - Leia ja v\u00f5rdle sobivaid pakkumisi - LoanStar Eesti","isPartOf":{"@id":"https:\/\/loanstar.com\/ee\/#website"},"datePublished":"2018-10-04T19:41:40+00:00","dateModified":"2019-09-03T07:32:36+00:00","description":"Kiirlaen on m\u00f5eldud v\u00e4iksema summa laenamiseks m\u00f5ne ootamatu probleemi lahendamiseks. V\u00f5rdle, loe arvustusi ja leia enda jaoks parim v\u00f5imalus.","breadcrumb":{"@id":"https:\/\/loanstar.com\/ee\/laenud\/kiirlaen\/#breadcrumb"},"inLanguage":"et","potentialAction":[{"@type":"ReadAction","target":["https:\/\/loanstar.com\/ee\/laenud\/kiirlaen\/"]}]},{"@type":"BreadcrumbList","@id":"https:\/\/loanstar.com\/ee\/laenud\/kiirlaen\/#breadcrumb","itemListElement":[{"@type":"ListItem","position":1,"name":"Eesti","item":"https:\/\/loanstar.com\/ee\/"},{"@type":"ListItem","position":2,"name":"Laenud","item":"https:\/\/loanstar.com\/ee\/laenud\/"},{"@type":"ListItem","position":3,"name":"Kiirlaen v\u00f5imaldab lahendada ootamatu olukorra \u2013 leia ja v\u00f5rdle parimaid pakkumisi"}]},{"@type":"WebSite","@id":"https:\/\/loanstar.com\/ee\/#website","url":"https:\/\/loanstar.com\/ee\/","name":"LoanStar Eesti","description":"V\u00f5rdle laene","potentialAction":[{"@type":"SearchAction","target":{"@type":"EntryPoint","urlTemplate":"https:\/\/loanstar.com\/ee\/?s={search_term_string}"},"query-input":"required name=search_term_string"}],"inLanguage":"et"}]}},"_links":{"self":[{"href":"https:\/\/loanstar.com\/ee\/wp-json\/wp\/v2\/pages\/138"}],"collection":[{"href":"https:\/\/loanstar.com\/ee\/wp-json\/wp\/v2\/pages"}],"about":[{"href":"https:\/\/loanstar.com\/ee\/wp-json\/wp\/v2\/types\/page"}],"author":[{"embeddable":true,"href":"https:\/\/loanstar.com\/ee\/wp-json\/wp\/v2\/users\/1"}],"replies":[{"embeddable":true,"href":"https:\/\/loanstar.com\/ee\/wp-json\/wp\/v2\/comments?post=138"}],"version-history":[{"count":3,"href":"https:\/\/loanstar.com\/ee\/wp-json\/wp\/v2\/pages\/138\/revisions"}],"predecessor-version":[{"id":290,"href":"https:\/\/loanstar.com\/ee\/wp-json\/wp\/v2\/pages\/138\/revisions\/290"}],"up":[{"embeddable":true,"href":"https:\/\/loanstar.com\/ee\/wp-json\/wp\/v2\/pages\/9"}],"wp:attachment":[{"href":"https:\/\/loanstar.com\/ee\/wp-json\/wp\/v2\/media?parent=138"}],"curies":[{"name":"wp","href":"https:\/\/api.w.org\/{rel}","templated":true}]}}