{"id":13,"date":"2018-10-02T11:07:05","date_gmt":"2018-10-02T11:07:05","guid":{"rendered":"http:\/\/loanstar.com\/ee\/?page_id=13"},"modified":"2019-06-05T20:07:24","modified_gmt":"2019-06-05T17:07:24","slug":"meist","status":"publish","type":"page","link":"https:\/\/loanstar.com\/ee\/meist\/","title":{"rendered":"Meist"},"content":{"rendered":"<p>LoanStar Eesti kodulehelt leiad just sulle kohandatud laenuv\u00f5rdlusi, et saaksid valida just endale sobivaima laenutoote pakkumise.<\/p>\n<h2>LoanStar Eesti kohta<\/h2>\n<p><img decoding=\"async\" loading=\"lazy\" class=\"alignright wp-image-115 size-full\" src=\"http:\/\/loanstar.com\/ee\/wp-content\/uploads\/sites\/14\/2018\/10\/ill_body_17.svg\" alt=\"LoanStar Eesti aitab sind parima laenupakkumise leidmisel\" width=\"312\" height=\"150\" \/>LoanStar on ainus teenus, mida k\u00f5igi turu juhtivate laenutoodete arvustuste jaoks vajad. Vahet pole, kas otsid auto-, \u00e4ri-, eralaenu v\u00f5i kiirlaenu \u2013 meilt leiad k\u00f5ikide vajalike teenuste v\u00f5rdlused.<\/p>\n<p>Meie arvustustes sisalduvad nii suured kui ka v\u00e4ikesed ettev\u00f5tted ja neid saad reaalajas v\u00f5rrelda vaid nupuvajutusega. Juba m\u00f5ne sekundi p\u00e4rast saad erinevate laenutoodete hulgast valida.<\/p>\n<h2>Kuidas LoanStar Eesti eristub?<\/h2>\n<p>Kodulehe <a href=\"http:\/\/loanstar.com\/\">LoanStar.com<\/a> missiooniks on sinusuguste tarbijate toetamine laenutoodete parimate tehingute leidmisel. P\u00fc\u00fcdleme sinu vajaduste \u00fcletamise poole, pakkudes allj\u00e4rgnevat:<\/p>\n<ul>\n<li><strong>Kiire teenindus:<\/strong> Laenuvalikud on sinu k\u00e4eulatuses sekunditega. Mis veelgi parem \u2013 saad lisada filtreid, sobitamaks tulemused just sinu konkreetsete vajadustega.<\/li>\n<li><strong>Lihtsad arvustused:<\/strong> vajaliku info leidmine on mugav. Kodulehe sisu esitleme nii, et seda on teadliku otsuse langetamiseks kerge vaadata ja anal\u00fc\u00fcsida.<\/li>\n<li><strong>Erapooletud ja p\u00f5hjalikud v\u00f5rdlused:<\/strong> erinevalt paljudest konkurentidest kasutame esile toodud valikute hindamiseks ja v\u00f5rdlemiseks kasutajate s\u00f5ltumatuid arvustusi. Oma lugejatele soovitusi jagades ei v\u00f5ta me arvesse saadavat kompensatsiooni.<\/li>\n<li><strong>P\u00f5hjalik info:<\/strong> oleme enamat kui v\u00f5rdlemiseks kasutatav koduleht. Meie eesm\u00e4rk on ka parandada sinu teadmisi laenutoodete headest ja halbadest k\u00fclgedest, et saaksid teha teadmistep\u00f5hiseid otsuseid.<\/li>\n<\/ul>\n<p>Seega \u2013 kui oled seni edutult laenu otsinud, oled sa kindlasti \u00f5iges kohas. Ootame, et saaksime sulle kohandatud lahendusi pakkuda ja sind eesolevail aastail veelgi toetada.<\/p>\n","protected":false},"excerpt":{"rendered":"<p>LoanStar Eesti kodulehelt leiad just sulle kohandatud laenuv\u00f5rdlusi, et saaksid valida just endale sobivaima laenutoote pakkumise. LoanStar Eesti kohta LoanStar&#8230;<\/p>\n","protected":false},"author":1,"featured_media":0,"parent":0,"menu_order":0,"comment_status":"closed","ping_status":"closed","template":"templates\/about-us.php","meta":{"footnotes":""},"yoast_head":"<!-- This site is optimized with the Yoast SEO plugin v21.0 - https:\/\/yoast.com\/wordpress\/plugins\/seo\/ -->\n<title>Meist - LoanStar Eesti toetab sind laenuotsuste tegemisel<\/title>\n<meta name=\"description\" content=\"Kui otsid laenu, \u00e4ra lepi esimese ettejuhtuva pakkumisega, vaid katseta LoanStar Eesti laenude v\u00f5rdlemise t\u00f6\u00f6riista. Just nii leiad endale parima pakkumise.\" \/>\n<meta name=\"robots\" content=\"index, follow, max-snippet:-1, max-image-preview:large, max-video-preview:-1\" \/>\n<link rel=\"canonical\" href=\"https:\/\/loanstar.com\/ee\/meist\/\" \/>\n<meta property=\"og:locale\" content=\"et_EE\" \/>\n<meta property=\"og:type\" content=\"article\" \/>\n<meta property=\"og:title\" content=\"Meist - LoanStar Eesti toetab sind laenuotsuste tegemisel\" \/>\n<meta property=\"og:description\" content=\"Kui otsid laenu, \u00e4ra lepi esimese ettejuhtuva pakkumisega, vaid katseta LoanStar Eesti laenude v\u00f5rdlemise t\u00f6\u00f6riista. Just nii leiad endale parima pakkumise.\" \/>\n<meta property=\"og:url\" content=\"https:\/\/loanstar.com\/ee\/meist\/\" \/>\n<meta property=\"og:site_name\" content=\"LoanStar Eesti\" \/>\n<meta property=\"article:modified_time\" content=\"2019-06-05T17:07:24+00:00\" \/>\n<meta property=\"og:image\" content=\"http:\/\/loanstar.com\/ee\/wp-content\/uploads\/sites\/14\/2018\/10\/ill_body_17.svg\" \/>\n<meta name=\"twitter:card\" content=\"summary_large_image\" \/>\n<meta name=\"twitter:label1\" content=\"Est. reading time\" \/>\n\t<meta name=\"twitter:data1\" content=\"1 minut\" \/>\n<script type=\"application\/ld+json\" class=\"yoast-schema-graph\">{\"@context\":\"https:\/\/schema.org\",\"@graph\":[{\"@type\":\"WebPage\",\"@id\":\"https:\/\/loanstar.com\/ee\/meist\/\",\"url\":\"https:\/\/loanstar.com\/ee\/meist\/\",\"name\":\"Meist - LoanStar Eesti toetab sind laenuotsuste tegemisel\",\"isPartOf\":{\"@id\":\"https:\/\/loanstar.com\/ee\/#website\"},\"datePublished\":\"2018-10-02T11:07:05+00:00\",\"dateModified\":\"2019-06-05T17:07:24+00:00\",\"description\":\"Kui otsid laenu, \u00e4ra lepi esimese ettejuhtuva pakkumisega, vaid katseta LoanStar Eesti laenude v\u00f5rdlemise t\u00f6\u00f6riista. Just nii leiad endale parima pakkumise.\",\"breadcrumb\":{\"@id\":\"https:\/\/loanstar.com\/ee\/meist\/#breadcrumb\"},\"inLanguage\":\"et\",\"potentialAction\":[{\"@type\":\"ReadAction\",\"target\":[\"https:\/\/loanstar.com\/ee\/meist\/\"]}]},{\"@type\":\"BreadcrumbList\",\"@id\":\"https:\/\/loanstar.com\/ee\/meist\/#breadcrumb\",\"itemListElement\":[{\"@type\":\"ListItem\",\"position\":1,\"name\":\"Eesti\",\"item\":\"https:\/\/loanstar.com\/ee\/\"},{\"@type\":\"ListItem\",\"position\":2,\"name\":\"Meist\"}]},{\"@type\":\"WebSite\",\"@id\":\"https:\/\/loanstar.com\/ee\/#website\",\"url\":\"https:\/\/loanstar.com\/ee\/\",\"name\":\"LoanStar Eesti\",\"description\":\"V\u00f5rdle laene\",\"potentialAction\":[{\"@type\":\"SearchAction\",\"target\":{\"@type\":\"EntryPoint\",\"urlTemplate\":\"https:\/\/loanstar.com\/ee\/?s={search_term_string}\"},\"query-input\":\"required name=search_term_string\"}],\"inLanguage\":\"et\"}]}<\/script>\n<!-- \/ Yoast SEO plugin. -->","yoast_head_json":{"title":"Meist - LoanStar Eesti toetab sind laenuotsuste tegemisel","description":"Kui otsid laenu, \u00e4ra lepi esimese ettejuhtuva pakkumisega, vaid katseta LoanStar Eesti laenude v\u00f5rdlemise t\u00f6\u00f6riista. Just nii leiad endale parima pakkumise.","robots":{"index":"index","follow":"follow","max-snippet":"max-snippet:-1","max-image-preview":"max-image-preview:large","max-video-preview":"max-video-preview:-1"},"canonical":"https:\/\/loanstar.com\/ee\/meist\/","og_locale":"et_EE","og_type":"article","og_title":"Meist - LoanStar Eesti toetab sind laenuotsuste tegemisel","og_description":"Kui otsid laenu, \u00e4ra lepi esimese ettejuhtuva pakkumisega, vaid katseta LoanStar Eesti laenude v\u00f5rdlemise t\u00f6\u00f6riista. Just nii leiad endale parima pakkumise.","og_url":"https:\/\/loanstar.com\/ee\/meist\/","og_site_name":"LoanStar Eesti","article_modified_time":"2019-06-05T17:07:24+00:00","og_image":[{"url":"http:\/\/loanstar.com\/ee\/wp-content\/uploads\/sites\/14\/2018\/10\/ill_body_17.svg"}],"twitter_card":"summary_large_image","twitter_misc":{"Est. reading time":"1 minut"},"schema":{"@context":"https:\/\/schema.org","@graph":[{"@type":"WebPage","@id":"https:\/\/loanstar.com\/ee\/meist\/","url":"https:\/\/loanstar.com\/ee\/meist\/","name":"Meist - LoanStar Eesti toetab sind laenuotsuste tegemisel","isPartOf":{"@id":"https:\/\/loanstar.com\/ee\/#website"},"datePublished":"2018-10-02T11:07:05+00:00","dateModified":"2019-06-05T17:07:24+00:00","description":"Kui otsid laenu, \u00e4ra lepi esimese ettejuhtuva pakkumisega, vaid katseta LoanStar Eesti laenude v\u00f5rdlemise t\u00f6\u00f6riista. Just nii leiad endale parima pakkumise.","breadcrumb":{"@id":"https:\/\/loanstar.com\/ee\/meist\/#breadcrumb"},"inLanguage":"et","potentialAction":[{"@type":"ReadAction","target":["https:\/\/loanstar.com\/ee\/meist\/"]}]},{"@type":"BreadcrumbList","@id":"https:\/\/loanstar.com\/ee\/meist\/#breadcrumb","itemListElement":[{"@type":"ListItem","position":1,"name":"Eesti","item":"https:\/\/loanstar.com\/ee\/"},{"@type":"ListItem","position":2,"name":"Meist"}]},{"@type":"WebSite","@id":"https:\/\/loanstar.com\/ee\/#website","url":"https:\/\/loanstar.com\/ee\/","name":"LoanStar Eesti","description":"V\u00f5rdle laene","potentialAction":[{"@type":"SearchAction","target":{"@type":"EntryPoint","urlTemplate":"https:\/\/loanstar.com\/ee\/?s={search_term_string}"},"query-input":"required name=search_term_string"}],"inLanguage":"et"}]}},"_links":{"self":[{"href":"https:\/\/loanstar.com\/ee\/wp-json\/wp\/v2\/pages\/13"}],"collection":[{"href":"https:\/\/loanstar.com\/ee\/wp-json\/wp\/v2\/pages"}],"about":[{"href":"https:\/\/loanstar.com\/ee\/wp-json\/wp\/v2\/types\/page"}],"author":[{"embeddable":true,"href":"https:\/\/loanstar.com\/ee\/wp-json\/wp\/v2\/users\/1"}],"replies":[{"embeddable":true,"href":"https:\/\/loanstar.com\/ee\/wp-json\/wp\/v2\/comments?post=13"}],"version-history":[{"count":3,"href":"https:\/\/loanstar.com\/ee\/wp-json\/wp\/v2\/pages\/13\/revisions"}],"predecessor-version":[{"id":285,"href":"https:\/\/loanstar.com\/ee\/wp-json\/wp\/v2\/pages\/13\/revisions\/285"}],"wp:attachment":[{"href":"https:\/\/loanstar.com\/ee\/wp-json\/wp\/v2\/media?parent=13"}],"curies":[{"name":"wp","href":"https:\/\/api.w.org\/{rel}","templated":true}]}}