{"id":98,"date":"2018-10-01T19:45:27","date_gmt":"2018-10-01T19:45:27","guid":{"rendered":"http:\/\/loanstar.com\/dk\/?page_id=98"},"modified":"2019-06-07T19:55:43","modified_gmt":"2019-06-07T17:55:43","slug":"lan-penge","status":"publish","type":"page","link":"https:\/\/loanstar.com\/dk\/lan-penge\/","title":{"rendered":"L\u00e5n penge"},"content":{"rendered":"<h2>Alt, hvad du beh\u00f8ver at vide om at l\u00e5ne penge<\/h2>\n<p><img decoding=\"async\" class=\"size-full wp-image-20 alignright\" src=\"http:\/\/loanstar.com\/dk\/wp-content\/uploads\/sites\/13\/2018\/09\/ill_gen_4.svg\" alt=\"\" width=\"312\" \/>Der kan v\u00e6re mange \u00e5rsager til, at man har behov for at l\u00e5ne penge. Det kan v\u00e6re p\u00e5 grund af bilen, boligen, sommerhuset eller noget helt andet. Skal man have en sund \u00f8konomi, er det vigtigt at l\u00e6re at spare op til de ting, man gerne vil have.<\/p>\n<p>Nogle ting kan man selvf\u00f8lgelig ikke spare op til, s\u00e5som en bolig, et sommerhus eller en st\u00f8rre renovering i hjemmet. I s\u00e5danne tilf\u00e6lde kan det v\u00e6re rart at vide, at det er muligt at hente de penge i f.eks. en bank eller hos et l\u00e5neinstitut.<\/p>\n<p>Der er mange forskellige typer af l\u00e5n. Et af de mest almindelige er boligl\u00e5n. Her har banken pant i boligen som en sikkerhed for l\u00e5net, l\u00e5net har lang l\u00f8betid og renten er lav. At boligen st\u00e5r som sikkerhed for de penge, du har l\u00e5nt, betyder, at kreditor har mulighed for at s\u00e6lge den for at f\u00e5 deres penge tilbage.<\/p>\n<p>I Danmark kan du ikke l\u00e5ne 100% af k\u00f8besummen. Du skal faktisk have 5% af boligens pris selv. Dette, kombineret med det faktum at bankerne ikke tillader, at man l\u00e5ner mere end 3,5 gange sin indkomst i det meste af Danmark og fire gange indkomsten i K\u00f8benhavn og \u00c5rhus, er en af de foranstaltninger, som regeringen har vedtaget for at sikre, at danskerne ikke ender i \u00f8konomiske vanskeligheder.<\/p>\n<h2>At l\u00e5ne penge til forbrug<\/h2>\n<p><img decoding=\"async\" class=\"size-full wp-image-82 alignright\" src=\"http:\/\/loanstar.com\/dk\/wp-content\/uploads\/sites\/13\/2018\/09\/ill_body_18.svg\" alt=\"\" width=\"312\" \/>Et \u00f8nske om at l\u00e5ne penge kan handle om meget andet end boligk\u00f8b. Boliger skal renoveres fra tid til anden, m\u00e5ske har man brug for en bil, en l\u00e6kker ferie, m\u00f8bler eller noget helt andet. At \u00f8ge <a href=\"http:\/\/loanstar.com\/dk\/lan-penge\/realkreditlan\/\">realkreditl\u00e5net<\/a>, hvis det overhovedet er muligt, kan v\u00e6re en tidskr\u00e6vende proces. Papirer skal sendes ind, og det kan tage lidt tid, f\u00f8r du f\u00e5r svar.<\/p>\n<p>I sidste ende er det m\u00e5ske ikke engang muligt. Det er heller ikke alt, som du selv kan spare op til. Hvis du har brug for at s\u00e6tte boligen i stand, s\u00e5 koster det hurtig en del penge. Dermed har man behov for at l\u00e5ne det bel\u00f8b, og her kommer behovet for en bank ind i billedet.<\/p>\n<p>Det er derfor ikke ualmindeligt at s\u00f8ge om et <a href=\"http:\/\/loanstar.com\/dk\/lan-penge\/forbrugslan\/\">forbrugsl\u00e5n<\/a>. De fleste mennesker g\u00f8r det engang i livet, og l\u00e5net bruges normalt til at f\u00e5 penge til st\u00f8rre ting, vi \u00f8nsker os, og i situationer, hvor det tager for lang tid at spare op selv.<\/p>\n<h2>Forskellige former for forbrugsl\u00e5n<\/h2>\n<p><img decoding=\"async\" class=\"size-full wp-image-12 alignright\" src=\"http:\/\/loanstar.com\/dk\/wp-content\/uploads\/sites\/13\/2018\/09\/home_ill_1.svg\" alt=\"\" width=\"312\" \/><a href=\"http:\/\/loanstar.com\/dk\/lan-penge\/forbrugslan\/\">Forbrugsl\u00e5n<\/a> er popul\u00e6re i Danmark. Derfor er der ogs\u00e5 mange banker og l\u00e5neudbydere, der tilbyder netop denne type l\u00e5n. Din faste bank har det garanteret som en del af deres produktpakker, og ved siden af bankerne er der andre finansielle institutioner, der specialiserer sig i denne type l\u00e5n. Forbrugsl\u00e5n findes i flere forskellige former.<\/p>\n<p>Du kan f\u00e5 det, som kaldes for minil\u00e5n, og disse er som regel p\u00e5 et par tusind kroner og maksimalt 10.000 kr. Men der findes ogs\u00e5 store l\u00e5n p\u00e5 op til 400.000 kr. Det mest kendte l\u00e5n er dog <a href=\"http:\/\/loanstar.com\/dk\/lan-penge\/kviklan\/\">kvikl\u00e5net<\/a>, som g\u00e5r op til 25.000 kr. F\u00e6lles for disse typer l\u00e5n er, at l\u00e5neudbyderen ikke kr\u00e6ver pant i et aktiv.<\/p>\n<p>Det er et l\u00e5n uden nogen form for sikkerhed for den, der giver dig pengene. Man betaler s\u00e5 for denne usikkerhed i form af h\u00f8jere renter. Det betyder selvf\u00f8lgelig ikke, at du kan l\u00e5ne penge uden at betale dem tilbage. Kreditorerne har alligevel muligheder, og i bedste fald ender du i <a href=\"http:\/\/www.experian.dk\/rki\/index.html\">RKI<\/a> og vil ikke have mulighed for at tage l\u00e5n noget sted, inden du har betalt din g\u00e6ld tilbage.<\/p>\n<p>Hvilken type l\u00e5n, du v\u00e6lger, afh\u00e6nger helt af dine behov. Skal du l\u00e5ne penge til at k\u00f8be et k\u00f8leskab, kan du sagtens klare dig med et minil\u00e5n, men skal du s\u00e6tte badev\u00e6relset i stand, skal du nok l\u00e5ne nogle flere penge. De mindste l\u00e5nebel\u00f8b ligger p\u00e5 et par tusinde kroner, mens de st\u00f8rste ligger p\u00e5 n\u00e6sten en halv million kroner.<\/p>\n<p>Reglen er, at du aldrig skal l\u00e5ne flere penge, end du rent faktisk har brug for og kan betale tilbage. De fleste l\u00e5neudbydere har en hjemmeside, og her kan man finde oplysninger om renter og gebyrer samt et eksempel p\u00e5, hvad et l\u00e5n af en vis st\u00f8rrelse vil koste. Nogle sider har ogs\u00e5 en l\u00e5neberegner, hvor du kan indtaste forskellige oplysninger og finde ud af, hvor meget du kan l\u00e5ne.<\/p>\n<h3>F\u00e5 hj\u00e6lp, n\u00e5r du skal l\u00e5ne penge<\/h3>\n<p>Det kan virke som et stort arbejde at finde det bedste l\u00e5n og navigere rundt i det, der synes at v\u00e6re en jungle af l\u00e5neudbydere, hvor alle \u00f8nsker at l\u00e5ne dig penge. Vi mennesker ser helst, at ting g\u00e5r hurtigt og smertefrit! Hvis du ogs\u00e5 f\u00f8ler dig lidt overv\u00e6ldet, kan du pr\u00f8ve en af de mange hjemmesider, som hj\u00e6lper dig med at sammenligne forbrugsl\u00e5n.<\/p>\n<p>Her kan du f\u00e5 et godt overblik over, hvor meget du kan l\u00e5ne hos de forskellige l\u00e5neudbydere, samt hvad det koster. Du kan s\u00e5 sende en ans\u00f8gning direkte fra hjemmesiden til de banker og finansielle institutioner, du finder mest interessante. P\u00e5 den m\u00e5de kan du let sammenligne de tilbud, du f\u00e5r, og s\u00e5 v\u00e6lge det billigste.<\/p>\n<p>Med andre ord f\u00e5r du rigtig meget igen for bare at investere et par minutter af din tid! Det er vigtig at huske p\u00e5, at de tilbud, du modtager, er fuldst\u00e6ndigt uforpligtende, og hvis ingen af dem passer til dine behov, kan du afvise dem allesammen. Det er dig, der v\u00e6lger, om du vil acceptere et af dem eller sige nej til dem alle.<\/p>\n<h2>Krav til dig, der \u00f8nsker at ans\u00f8ge om et l\u00e5n<\/h2>\n<p>Selvom det kan virke som om, at der er en overflod af tilbud om l\u00e5n p\u00e5 markedet, og at du hurtigt og nemt kan l\u00e5ne penge, s\u00e5 er der alligevel visse krav, man skal opfylde.<\/p>\n<ul>\n<li>Du skal v\u00e6re fyldt 18 \u00e5r.<\/li>\n<li>Du skal have fast bop\u00e6l i Danmark.<\/li>\n<li>Du skal have en bankkonto og <a href=\"https:\/\/www.nemid.nu\/dk-da\/\">NEM-ID<\/a>.<\/li>\n<li>Du m\u00e5 ikke v\u00e6re registreret i <a href=\"http:\/\/www.experian.dk\/rki\/index.html\">RKI<\/a> eller <a href=\"https:\/\/www.bisnode.dk\/debitorregistret\/\">Debitor Registret<\/a>.<\/li>\n<\/ul>\n<p>Det f\u00f8rste krav handler om alder. Nogle l\u00e5neudbydere har en h\u00f8jere aldersgr\u00e6nse end andre, men langt de fleste l\u00e5ner ud til personer, som er fyldt 18 \u00e5r. F\u00e6lles for dem alle sammen er, at de ikke m\u00e5 l\u00e5ne penge til en person, som er under 18 \u00e5r. Kravet om, at du skal have fast bop\u00e6l i Danmark, betyder, at din folkeregisteradresse skal v\u00e6re i Danmark.<\/p>\n<p>Kravet om bankkonto og NEM-ID er m\u00e5ske ikke s\u00e5 overraskende, da l\u00e5neudbyderen skal v\u00e6re sikker p\u00e5, at l\u00e5net bliver udbetalt til den rigtige person. Der er ikke noget krav om, at man skal have et fast job, men man skal naturligvis huske p\u00e5, at l\u00e5net skal betales tilbage. Det sidste krav er ret vigtigt for dem, som tilbyder l\u00e5n.<\/p>\n<p>Som tidligere n\u00e6vnt er et forbrugsl\u00e5n et l\u00e5n, hvor der ikke kr\u00e6ves sikkerhedsstillelse til l\u00e5net. Derfor er det ekstra vigtigt for bankerne at s\u00f8rge for, at de l\u00e5ner penge til folk, som er gode betalere. Dette \u00f8ger sandsynligheden for, at banken rent faktisk f\u00e5r sine penge tilbage.<\/p>\n<p>Hvis du er registreret som d\u00e5rlig betaler, dvs. at du er registreret i RKI eller Debitor Registret, vil du ikke kunne optage l\u00e5n, uanset om det drejer sig om realkredit- eller forbrugsl\u00e5n. Der er dog nogle banker, som kan hj\u00e6lpe med l\u00e5n til dem, der har \u00f8konomiske problemer og er registreret i RKI. Dette g\u00e6lder ofte for de, som \u00f8nsker at refinansiere og kan tilbyde pant i fast ejendom.<\/p>\n<h2>S\u00e5dan ans\u00f8ger du om et l\u00e5n<\/h2>\n<p><img decoding=\"async\" class=\"size-full wp-image-13 alignright\" src=\"http:\/\/loanstar.com\/dk\/wp-content\/uploads\/sites\/13\/2018\/09\/home_ill_2.svg\" alt=\"\" width=\"312\" \/>Tidligere var ans\u00f8gning om l\u00e5n en omfattende og kedelig proces. Du var n\u00f8dt til at m\u00f8des med din bankmand, fort\u00e6lle hvad du skulle bruge penge til, og bevise, at du var en god betaler med god \u00f8konomi. Heldigvis foreg\u00e5r det ikke l\u00e6ngere p\u00e5 den m\u00e5de.<\/p>\n<p>Teknologien har ogs\u00e5 bidraget til at g\u00f8re processen meget nemmere end f\u00f8r. Nu foreg\u00e5r det s\u00e5dan, at du finder en bank eller l\u00e5neudbyder, du synes er interessant, og via deres hjemmeside kan du s\u00e5 sende din ans\u00f8gning.<\/p>\n<p>Det f\u00f8rste, der sker, er, at de foretager en kreditvurdering af dig. Dette vil vise, om de kan l\u00e5ne dig penge og hvor mange penge, de kan l\u00e5ne, og til hvilken rente. Renten bestemmes individuelt, og den rente, du ser p\u00e5 den enkelte l\u00e5neudbyders hjemmeside, er blot et eksempel p\u00e5 den bedste rentesats, de kan tilbyde.<\/p>\n<p>N\u00e5r de er f\u00e6rdige med deres vurdering, vil du modtage et svar. Enten afviser de din ans\u00f8gning eller godkender den, og derefter sender de dig et tilbud om l\u00e5n. Tilbuddet best\u00e5r af l\u00e5nebel\u00f8b, l\u00f8betid, renter og gebyrer samt information om, hvor meget du skal betale hver m\u00e5ned.<\/p>\n<p>Hvis du v\u00e6lger at acceptere det tilbud, du har modtaget, skal du identificere dig med dit NEM-ID og elektronisk skrive under p\u00e5 l\u00e5nedokumenterne. S\u00e5ledes beh\u00f8ver du ikke at vente p\u00e5, at banken ringer til dig eller sender et brev, og du beh\u00f8ver heller ikke at sende f\u00f8lsomme oplysninger med posten.<\/p>\n<p>N\u00e5r l\u00e5neudbyderne annoncerer, at l\u00e5net vil blive udbetalt samme dag, s\u00e5 betyder det normalt, at du f\u00e5r svar p\u00e5 din ans\u00f8gning samme dag, og s\u00e5 snart du har godkendt l\u00e5nedokumenterne, sender de s\u00e5 pengene til din bankkonto.<\/p>\n<h3>Nyttige oplysninger<\/h3>\n<p>Der er nogle ting, du b\u00f8r v\u00e6re opm\u00e6rksom p\u00e5, n\u00e5r du ans\u00f8ger om et l\u00e5n. En ting, der er v\u00e6rd at holde sig for \u00f8je, er renter og gebyrer. Bankerne taler ofte om nominelle renter og \u00c5OP. Det f\u00f8rste er selve renten, du skal betale for at l\u00e5ne penge. Det andet er \u00e5rlige omkostninger i procent og inkluderer renten plus eventuelle gebyrer, dvs. den samlede pris for l\u00e5net.<\/p>\n<p>Skal du sammenligne l\u00e5n, er det s\u00e5ledes nemmest at sammenligne \u00c5OP. Mange banker opkr\u00e6ver ogs\u00e5 et etableringsgebyr. Dette gebyr varierer fra bank til bank og er en engangsafgift, som l\u00e5ngiveren tager for at oprette dit l\u00e5n og udbetale pengene.<\/p>\n<p>L\u00f8betiden p\u00e5 et forbrugsl\u00e5n kan variere fra nogle f\u00e5 m\u00e5neder til femten \u00e5r, afh\u00e6ngig af l\u00e5nets type og st\u00f8rrelse. Sm\u00e5 bel\u00f8b skal ofte betales tilbage i l\u00f8bet af en relativt kort tidsperiode, men l\u00e5ner du et st\u00f8rre bel\u00f8b, f\u00e5r du ogs\u00e5 l\u00e6ngere l\u00f8betid.<\/p>\n<p>Nogle l\u00e5neudbydere tilbyder ogs\u00e5, at du kan v\u00e6lge et par betalingsfri m\u00e5neder, hvis du har brug for det, og andre giver dig muligheden for at tilbagebetale dit l\u00e5n tidligere end aftalt. Skulle du f\u00e5 afvist din l\u00e5neans\u00f8gning, kan du pr\u00f8ve at ans\u00f8ge sammen med en medans\u00f8ger. Det vil \u00f8ge chancen for, at l\u00e5net bliver godkendt. Dog er det vigtig at huske p\u00e5, at begge vil v\u00e6re solidarisk ansvarlige for l\u00e5net.<\/p>\n<h2>Hvad anvendes et forbrugsl\u00e5n til?<\/h2>\n<p><img decoding=\"async\" class=\"size-full wp-image-18 alignright\" src=\"http:\/\/loanstar.com\/dk\/wp-content\/uploads\/sites\/13\/2018\/09\/ill_gen_2.svg\" alt=\"\" width=\"312\" \/>En af de ting, der g\u00f8r forbrugsl\u00e5n s\u00e5 popul\u00e6re, er det faktum, at ingen blander sig i, hvad pengene bruges til. Hvis du ans\u00f8ger om et realkreditl\u00e5n eller <a href=\"http:\/\/loanstar.com\/dk\/lan-penge\/billan\/\">bill\u00e5n<\/a>, s\u00e5 skal pengene bruges til det form\u00e5l, da banken tager pant i boligen eller bilen. I de tilf\u00e6lde f\u00e5r du som regel heller ikke pengene ind p\u00e5 din konto.<\/p>\n<p>Hvis du k\u00f8ber en bolig, betaler banken pengene, du har l\u00e5nt, direkte til dem, du har k\u00f8bt boligen af. Med et forbrugsl\u00e5n forholder tingene sig anderledes. Her bliver pengene udbetalt til dig, s\u00e5 snart du har godkendt l\u00e5nedokumenterne, og der er ingen, som sp\u00f8rger dig, hvad du skal bruge dem til. Det eneste, l\u00e5neudbyderen er interesseret i, er hvor meget du kan l\u00e5ne, og om du form\u00e5r at betale l\u00e5net tilbage som aftalt.<\/p>\n<p>S\u00e5 snart pengene er p\u00e5 din konto, kan du g\u00f8re pr\u00e6cis, hvad du vil med dem. Du kan bruge dem til en renovering i hjemmet, k\u00f8be noget, du har brug for, tage p\u00e5 en lang ferie eller noget helt andet. Men det betyder ogs\u00e5, at du f\u00e5r et stort ansvar. For pengene skal betales tilbage, med renter og gebyrer.<\/p>\n<p>Derfor er det en d\u00e5rlig id\u00e9 at ans\u00f8ge om et forbrugsl\u00e5n for sjov. Overvej n\u00f8je, hvad du skal bruge pengene til, og l\u00e5n ikke mere, end du har brug for. N\u00e5r du modtager pengene, s\u00e5 husk p\u00e5 din oprindelige plan, og lad dig ikke friste til at bruge pengene p\u00e5 noget andet.<\/p>\n<p>Et forbrugsl\u00e5n er din bedste ven, n\u00e5r du virkelig har brug for at k\u00f8be noget hurtigere, end du kan spare op til det, men det kan ogs\u00e5 v\u00e6re det modsatte, hvis du sl\u00f8ser med pengene og ikke kan betale tilbage.<\/p>\n","protected":false},"excerpt":{"rendered":"<p>Alt, hvad du beh\u00f8ver at vide om at l\u00e5ne penge Der kan v\u00e6re mange \u00e5rsager til, at man har behov&#8230;<\/p>\n","protected":false},"author":1,"featured_media":0,"parent":0,"menu_order":0,"comment_status":"closed","ping_status":"closed","template":"templates\/calculator-main.php","meta":{"footnotes":""},"yoast_head":"<!-- This site is optimized with the Yoast SEO plugin v21.0 - https:\/\/yoast.com\/wordpress\/plugins\/seo\/ -->\n<title>L\u00e5n Penge - Find Billige L\u00e5n - Opp til 500 000 - F\u00e5 svar i dag - LoanStar<\/title>\n<meta name=\"description\" content=\"L\u00e5n penge online - de billigste l\u00e5n i 2019. Anvend LoanStar, find l\u00e5n (realkreditl\u00e5n, bill\u00e5n, forbrugsl\u00e5n, kvikl\u00e5n) med lav rente &amp; finansier dr\u00f8mmen.\" \/>\n<meta name=\"robots\" content=\"index, follow, max-snippet:-1, max-image-preview:large, max-video-preview:-1\" \/>\n<link rel=\"canonical\" href=\"https:\/\/loanstar.com\/dk\/lan-penge\/\" \/>\n<meta property=\"og:locale\" content=\"da_DK\" \/>\n<meta property=\"og:type\" content=\"article\" \/>\n<meta property=\"og:title\" content=\"L\u00e5n Penge - Find Billige L\u00e5n - Opp til 500 000 - F\u00e5 svar i dag - LoanStar\" \/>\n<meta property=\"og:description\" content=\"L\u00e5n penge online - de billigste l\u00e5n i 2019. Anvend LoanStar, find l\u00e5n (realkreditl\u00e5n, bill\u00e5n, forbrugsl\u00e5n, kvikl\u00e5n) med lav rente &amp; finansier dr\u00f8mmen.\" \/>\n<meta property=\"og:url\" content=\"https:\/\/loanstar.com\/dk\/lan-penge\/\" \/>\n<meta property=\"og:site_name\" content=\"LoanStar Danmark\" \/>\n<meta property=\"article:modified_time\" content=\"2019-06-07T17:55:43+00:00\" \/>\n<meta property=\"og:image\" content=\"http:\/\/loanstar.com\/dk\/wp-content\/uploads\/sites\/13\/2018\/09\/ill_gen_4.svg\" \/>\n<meta name=\"twitter:card\" content=\"summary_large_image\" \/>\n<meta name=\"twitter:label1\" content=\"Estimeret l\u00e6setid\" \/>\n\t<meta name=\"twitter:data1\" content=\"11 minutter\" \/>\n<script type=\"application\/ld+json\" class=\"yoast-schema-graph\">{\"@context\":\"https:\/\/schema.org\",\"@graph\":[{\"@type\":\"WebPage\",\"@id\":\"https:\/\/loanstar.com\/dk\/lan-penge\/\",\"url\":\"https:\/\/loanstar.com\/dk\/lan-penge\/\",\"name\":\"L\u00e5n Penge - Find Billige L\u00e5n - Opp til 500 000 - F\u00e5 svar i dag - LoanStar\",\"isPartOf\":{\"@id\":\"https:\/\/loanstar.com\/dk\/#website\"},\"datePublished\":\"2018-10-01T19:45:27+00:00\",\"dateModified\":\"2019-06-07T17:55:43+00:00\",\"description\":\"L\u00e5n penge online - de billigste l\u00e5n i 2019. Anvend LoanStar, find l\u00e5n (realkreditl\u00e5n, bill\u00e5n, forbrugsl\u00e5n, kvikl\u00e5n) med lav rente & finansier dr\u00f8mmen.\",\"breadcrumb\":{\"@id\":\"https:\/\/loanstar.com\/dk\/lan-penge\/#breadcrumb\"},\"inLanguage\":\"da-DK\",\"potentialAction\":[{\"@type\":\"ReadAction\",\"target\":[\"https:\/\/loanstar.com\/dk\/lan-penge\/\"]}]},{\"@type\":\"BreadcrumbList\",\"@id\":\"https:\/\/loanstar.com\/dk\/lan-penge\/#breadcrumb\",\"itemListElement\":[{\"@type\":\"ListItem\",\"position\":1,\"name\":\"Danmark\",\"item\":\"https:\/\/loanstar.com\/dk\/\"},{\"@type\":\"ListItem\",\"position\":2,\"name\":\"L\u00e5n penge\"}]},{\"@type\":\"WebSite\",\"@id\":\"https:\/\/loanstar.com\/dk\/#website\",\"url\":\"https:\/\/loanstar.com\/dk\/\",\"name\":\"LoanStar Danmark\",\"description\":\"Sammenlign l\u00e5n\",\"potentialAction\":[{\"@type\":\"SearchAction\",\"target\":{\"@type\":\"EntryPoint\",\"urlTemplate\":\"https:\/\/loanstar.com\/dk\/?s={search_term_string}\"},\"query-input\":\"required name=search_term_string\"}],\"inLanguage\":\"da-DK\"}]}<\/script>\n<!-- \/ Yoast SEO plugin. -->","yoast_head_json":{"title":"L\u00e5n Penge - Find Billige L\u00e5n - Opp til 500 000 - F\u00e5 svar i dag - LoanStar","description":"L\u00e5n penge online - de billigste l\u00e5n i 2019. Anvend LoanStar, find l\u00e5n (realkreditl\u00e5n, bill\u00e5n, forbrugsl\u00e5n, kvikl\u00e5n) med lav rente & finansier dr\u00f8mmen.","robots":{"index":"index","follow":"follow","max-snippet":"max-snippet:-1","max-image-preview":"max-image-preview:large","max-video-preview":"max-video-preview:-1"},"canonical":"https:\/\/loanstar.com\/dk\/lan-penge\/","og_locale":"da_DK","og_type":"article","og_title":"L\u00e5n Penge - Find Billige L\u00e5n - Opp til 500 000 - F\u00e5 svar i dag - LoanStar","og_description":"L\u00e5n penge online - de billigste l\u00e5n i 2019. Anvend LoanStar, find l\u00e5n (realkreditl\u00e5n, bill\u00e5n, forbrugsl\u00e5n, kvikl\u00e5n) med lav rente & finansier dr\u00f8mmen.","og_url":"https:\/\/loanstar.com\/dk\/lan-penge\/","og_site_name":"LoanStar Danmark","article_modified_time":"2019-06-07T17:55:43+00:00","og_image":[{"url":"http:\/\/loanstar.com\/dk\/wp-content\/uploads\/sites\/13\/2018\/09\/ill_gen_4.svg"}],"twitter_card":"summary_large_image","twitter_misc":{"Estimeret l\u00e6setid":"11 minutter"},"schema":{"@context":"https:\/\/schema.org","@graph":[{"@type":"WebPage","@id":"https:\/\/loanstar.com\/dk\/lan-penge\/","url":"https:\/\/loanstar.com\/dk\/lan-penge\/","name":"L\u00e5n Penge - Find Billige L\u00e5n - Opp til 500 000 - F\u00e5 svar i dag - LoanStar","isPartOf":{"@id":"https:\/\/loanstar.com\/dk\/#website"},"datePublished":"2018-10-01T19:45:27+00:00","dateModified":"2019-06-07T17:55:43+00:00","description":"L\u00e5n penge online - de billigste l\u00e5n i 2019. Anvend LoanStar, find l\u00e5n (realkreditl\u00e5n, bill\u00e5n, forbrugsl\u00e5n, kvikl\u00e5n) med lav rente & finansier dr\u00f8mmen.","breadcrumb":{"@id":"https:\/\/loanstar.com\/dk\/lan-penge\/#breadcrumb"},"inLanguage":"da-DK","potentialAction":[{"@type":"ReadAction","target":["https:\/\/loanstar.com\/dk\/lan-penge\/"]}]},{"@type":"BreadcrumbList","@id":"https:\/\/loanstar.com\/dk\/lan-penge\/#breadcrumb","itemListElement":[{"@type":"ListItem","position":1,"name":"Danmark","item":"https:\/\/loanstar.com\/dk\/"},{"@type":"ListItem","position":2,"name":"L\u00e5n penge"}]},{"@type":"WebSite","@id":"https:\/\/loanstar.com\/dk\/#website","url":"https:\/\/loanstar.com\/dk\/","name":"LoanStar Danmark","description":"Sammenlign l\u00e5n","potentialAction":[{"@type":"SearchAction","target":{"@type":"EntryPoint","urlTemplate":"https:\/\/loanstar.com\/dk\/?s={search_term_string}"},"query-input":"required name=search_term_string"}],"inLanguage":"da-DK"}]}},"_links":{"self":[{"href":"https:\/\/loanstar.com\/dk\/wp-json\/wp\/v2\/pages\/98"}],"collection":[{"href":"https:\/\/loanstar.com\/dk\/wp-json\/wp\/v2\/pages"}],"about":[{"href":"https:\/\/loanstar.com\/dk\/wp-json\/wp\/v2\/types\/page"}],"author":[{"embeddable":true,"href":"https:\/\/loanstar.com\/dk\/wp-json\/wp\/v2\/users\/1"}],"replies":[{"embeddable":true,"href":"https:\/\/loanstar.com\/dk\/wp-json\/wp\/v2\/comments?post=98"}],"version-history":[{"count":7,"href":"https:\/\/loanstar.com\/dk\/wp-json\/wp\/v2\/pages\/98\/revisions"}],"predecessor-version":[{"id":386,"href":"https:\/\/loanstar.com\/dk\/wp-json\/wp\/v2\/pages\/98\/revisions\/386"}],"wp:attachment":[{"href":"https:\/\/loanstar.com\/dk\/wp-json\/wp\/v2\/media?parent=98"}],"curies":[{"name":"wp","href":"https:\/\/api.w.org\/{rel}","templated":true}]}}