{"id":96,"date":"2018-10-01T19:42:17","date_gmt":"2018-10-01T19:42:17","guid":{"rendered":"http:\/\/loanstar.com\/dk\/?page_id=96"},"modified":"2019-06-07T20:04:34","modified_gmt":"2019-06-07T18:04:34","slug":"om","status":"publish","type":"page","link":"https:\/\/loanstar.com\/dk\/om\/","title":{"rendered":"Om"},"content":{"rendered":"<p><strong>Find ud af, hvordan vi tilbyder skr\u00e6ddersyede l\u00f8sninger, som kan hj\u00e6lpe dig med at finde de bedste tilbud p\u00e5 de bedste l\u00e5neprodukter.<\/strong><\/p>\n<h2>Om LoanStar Danmark<\/h2>\n<p>LoanStar er den eneste netside, du beh\u00f8ver at stoppe ved, n\u00e5r du leder efter anmeldelser af alle de f\u00f8rende l\u00e5neprodukter p\u00e5 markedet. Uanset om du s\u00f8ger et <a href=\"http:\/\/loanstar.com\/dk\/lan-penge\/billan\/\">bill\u00e5n<\/a>, <a href=\"http:\/\/loanstar.com\/dk\/lan-penge\/virksomhedslan\/\">virksomhedsl\u00e5n<\/a>, <a href=\"http:\/\/loanstar.com\/dk\/lan-penge\/kviklan\/\">kvikl\u00e5n<\/a> eller et <a href=\"http:\/\/loanstar.com\/dk\/lan-penge\/forbrugslan\/\">forbrugsl\u00e5n<\/a>, finder du information her.<\/p>\n<p>Vores anmeldelser omfatter alle typer virksomheder, b\u00e5de store og sm\u00e5, og alle sammenligninger er altid opdaterede og tilg\u00e6ngelige blot ved et tryk p\u00e5 en knap. Det tager kun et par sekunder, og s\u00e5 vil du have en bred vifte af l\u00e5neprodukter at v\u00e6lge imellem.<\/p>\n<h2>Det unikke ved LoanStar<\/h2>\n<p>LoanStar har en mission: at finde de bedste tilbud p\u00e5 l\u00e5neprodukter til forbrugere som dig. Vi bestr\u00e6ber os p\u00e5 at overg\u00e5 dine forventninger ved at tilbyde:<br \/>\n\t<div class=\"list-ticks-secondary\">\r\n\t\t<ul>\n<li><strong>Hurtig service.<\/strong> Du f\u00e5r flere l\u00e5nemuligheder inden for f\u00e5 sekunder, og hvad bedre er: Du kan tilf\u00f8je filtre, s\u00e5 resultaterne passer til dine specifikke behov.<\/li>\n<li><strong>Anmeldelser, der er nemme at finde rundt imellem<\/strong>: Du beh\u00f8ver ikke at l\u00e6se tonsvis af tekst for at finde det, du har brug for. Vores indhold pr\u00e6senteres p\u00e5 en m\u00e5de, der er let at overskue og analysere, s\u00e5 du kan tr\u00e6ffe en velovervejet beslutning.<\/li>\n<li><strong>Uforlignelige og grundige sammenligninger:<\/strong> I mods\u00e6tning til mange af vores konkurrenter bruger vi uafh\u00e6ngige brugeranmeldelser til at bed\u00f8mme og sammenligne de viste l\u00e5neprodukter. Der er ikke givet kompensation, n\u00e5r vi skriver anmeldelser til vores l\u00e6sere.<\/li>\n<li><strong>Omfattende r\u00e6kkevidde:<\/strong> Vi er mere end blot en sammenligningsside for l\u00e5n. Vi tilstr\u00e6ber at \u00f8ge din viden om l\u00e5neprodukter og personlig \u00f8konomi, s\u00e5 du kan forts\u00e6tte med st\u00f8rre et kendskab til l\u00e5n.<\/li>\n<\/ul>\n\t<\/div><!-- \/.list-ticks -->\r\n\t\nS\u00e5 hvis du har ledt efter et l\u00e5n, men endnu ikke har haft held med at finde det rette, er du kommet til det rette sted.<\/p>\n<p>Vi ser frem til at give dig skr\u00e6ddersyede l\u00f8sninger og forts\u00e6tte med at tjene dig i de kommende \u00e5r.<\/p>\n","protected":false},"excerpt":{"rendered":"<p>Find ud af, hvordan vi tilbyder skr\u00e6ddersyede l\u00f8sninger, som kan hj\u00e6lpe dig med at finde de bedste tilbud p\u00e5 de&#8230;<\/p>\n","protected":false},"author":1,"featured_media":0,"parent":0,"menu_order":0,"comment_status":"closed","ping_status":"closed","template":"templates\/about-us.php","meta":{"footnotes":""},"yoast_head":"<!-- This site is optimized with the Yoast SEO plugin v21.0 - https:\/\/yoast.com\/wordpress\/plugins\/seo\/ -->\n<title>Om | Hvem er vi, hvad vil vi, og hvad kan vi? | LoanStar<\/title>\n<meta name=\"description\" content=\"LoanStar er stedet for dig, der er interesseret i privat\u00f8konomi eller g\u00e5r og overvejer et boligl\u00e5n, bill\u00e5n, forbrugsl\u00e5n eller kvikl\u00e5n. One-stop for al info!\" \/>\n<meta name=\"robots\" content=\"index, follow, max-snippet:-1, max-image-preview:large, max-video-preview:-1\" \/>\n<link rel=\"canonical\" href=\"https:\/\/loanstar.com\/dk\/om\/\" \/>\n<meta property=\"og:locale\" content=\"da_DK\" \/>\n<meta property=\"og:type\" content=\"article\" \/>\n<meta property=\"og:title\" content=\"Om | Hvem er vi, hvad vil vi, og hvad kan vi? | LoanStar\" \/>\n<meta property=\"og:description\" content=\"LoanStar er stedet for dig, der er interesseret i privat\u00f8konomi eller g\u00e5r og overvejer et boligl\u00e5n, bill\u00e5n, forbrugsl\u00e5n eller kvikl\u00e5n. One-stop for al info!\" \/>\n<meta property=\"og:url\" content=\"https:\/\/loanstar.com\/dk\/om\/\" \/>\n<meta property=\"og:site_name\" content=\"LoanStar Danmark\" \/>\n<meta property=\"article:modified_time\" content=\"2019-06-07T18:04:34+00:00\" \/>\n<meta name=\"twitter:card\" content=\"summary_large_image\" \/>\n<meta name=\"twitter:label1\" content=\"Estimeret l\u00e6setid\" \/>\n\t<meta name=\"twitter:data1\" content=\"2 minutter\" \/>\n<script type=\"application\/ld+json\" class=\"yoast-schema-graph\">{\"@context\":\"https:\/\/schema.org\",\"@graph\":[{\"@type\":\"WebPage\",\"@id\":\"https:\/\/loanstar.com\/dk\/om\/\",\"url\":\"https:\/\/loanstar.com\/dk\/om\/\",\"name\":\"Om | Hvem er vi, hvad vil vi, og hvad kan vi? | LoanStar\",\"isPartOf\":{\"@id\":\"https:\/\/loanstar.com\/dk\/#website\"},\"datePublished\":\"2018-10-01T19:42:17+00:00\",\"dateModified\":\"2019-06-07T18:04:34+00:00\",\"description\":\"LoanStar er stedet for dig, der er interesseret i privat\u00f8konomi eller g\u00e5r og overvejer et boligl\u00e5n, bill\u00e5n, forbrugsl\u00e5n eller kvikl\u00e5n. One-stop for al info!\",\"breadcrumb\":{\"@id\":\"https:\/\/loanstar.com\/dk\/om\/#breadcrumb\"},\"inLanguage\":\"da-DK\",\"potentialAction\":[{\"@type\":\"ReadAction\",\"target\":[\"https:\/\/loanstar.com\/dk\/om\/\"]}]},{\"@type\":\"BreadcrumbList\",\"@id\":\"https:\/\/loanstar.com\/dk\/om\/#breadcrumb\",\"itemListElement\":[{\"@type\":\"ListItem\",\"position\":1,\"name\":\"Danmark\",\"item\":\"https:\/\/loanstar.com\/dk\/\"},{\"@type\":\"ListItem\",\"position\":2,\"name\":\"Om\"}]},{\"@type\":\"WebSite\",\"@id\":\"https:\/\/loanstar.com\/dk\/#website\",\"url\":\"https:\/\/loanstar.com\/dk\/\",\"name\":\"LoanStar Danmark\",\"description\":\"Sammenlign l\u00e5n\",\"potentialAction\":[{\"@type\":\"SearchAction\",\"target\":{\"@type\":\"EntryPoint\",\"urlTemplate\":\"https:\/\/loanstar.com\/dk\/?s={search_term_string}\"},\"query-input\":\"required name=search_term_string\"}],\"inLanguage\":\"da-DK\"}]}<\/script>\n<!-- \/ Yoast SEO plugin. -->","yoast_head_json":{"title":"Om | Hvem er vi, hvad vil vi, og hvad kan vi? | LoanStar","description":"LoanStar er stedet for dig, der er interesseret i privat\u00f8konomi eller g\u00e5r og overvejer et boligl\u00e5n, bill\u00e5n, forbrugsl\u00e5n eller kvikl\u00e5n. One-stop for al info!","robots":{"index":"index","follow":"follow","max-snippet":"max-snippet:-1","max-image-preview":"max-image-preview:large","max-video-preview":"max-video-preview:-1"},"canonical":"https:\/\/loanstar.com\/dk\/om\/","og_locale":"da_DK","og_type":"article","og_title":"Om | Hvem er vi, hvad vil vi, og hvad kan vi? | LoanStar","og_description":"LoanStar er stedet for dig, der er interesseret i privat\u00f8konomi eller g\u00e5r og overvejer et boligl\u00e5n, bill\u00e5n, forbrugsl\u00e5n eller kvikl\u00e5n. One-stop for al info!","og_url":"https:\/\/loanstar.com\/dk\/om\/","og_site_name":"LoanStar Danmark","article_modified_time":"2019-06-07T18:04:34+00:00","twitter_card":"summary_large_image","twitter_misc":{"Estimeret l\u00e6setid":"2 minutter"},"schema":{"@context":"https:\/\/schema.org","@graph":[{"@type":"WebPage","@id":"https:\/\/loanstar.com\/dk\/om\/","url":"https:\/\/loanstar.com\/dk\/om\/","name":"Om | Hvem er vi, hvad vil vi, og hvad kan vi? | LoanStar","isPartOf":{"@id":"https:\/\/loanstar.com\/dk\/#website"},"datePublished":"2018-10-01T19:42:17+00:00","dateModified":"2019-06-07T18:04:34+00:00","description":"LoanStar er stedet for dig, der er interesseret i privat\u00f8konomi eller g\u00e5r og overvejer et boligl\u00e5n, bill\u00e5n, forbrugsl\u00e5n eller kvikl\u00e5n. One-stop for al info!","breadcrumb":{"@id":"https:\/\/loanstar.com\/dk\/om\/#breadcrumb"},"inLanguage":"da-DK","potentialAction":[{"@type":"ReadAction","target":["https:\/\/loanstar.com\/dk\/om\/"]}]},{"@type":"BreadcrumbList","@id":"https:\/\/loanstar.com\/dk\/om\/#breadcrumb","itemListElement":[{"@type":"ListItem","position":1,"name":"Danmark","item":"https:\/\/loanstar.com\/dk\/"},{"@type":"ListItem","position":2,"name":"Om"}]},{"@type":"WebSite","@id":"https:\/\/loanstar.com\/dk\/#website","url":"https:\/\/loanstar.com\/dk\/","name":"LoanStar Danmark","description":"Sammenlign l\u00e5n","potentialAction":[{"@type":"SearchAction","target":{"@type":"EntryPoint","urlTemplate":"https:\/\/loanstar.com\/dk\/?s={search_term_string}"},"query-input":"required name=search_term_string"}],"inLanguage":"da-DK"}]}},"_links":{"self":[{"href":"https:\/\/loanstar.com\/dk\/wp-json\/wp\/v2\/pages\/96"}],"collection":[{"href":"https:\/\/loanstar.com\/dk\/wp-json\/wp\/v2\/pages"}],"about":[{"href":"https:\/\/loanstar.com\/dk\/wp-json\/wp\/v2\/types\/page"}],"author":[{"embeddable":true,"href":"https:\/\/loanstar.com\/dk\/wp-json\/wp\/v2\/users\/1"}],"replies":[{"embeddable":true,"href":"https:\/\/loanstar.com\/dk\/wp-json\/wp\/v2\/comments?post=96"}],"version-history":[{"count":3,"href":"https:\/\/loanstar.com\/dk\/wp-json\/wp\/v2\/pages\/96\/revisions"}],"predecessor-version":[{"id":387,"href":"https:\/\/loanstar.com\/dk\/wp-json\/wp\/v2\/pages\/96\/revisions\/387"}],"wp:attachment":[{"href":"https:\/\/loanstar.com\/dk\/wp-json\/wp\/v2\/media?parent=96"}],"curies":[{"name":"wp","href":"https:\/\/api.w.org\/{rel}","templated":true}]}}