{"id":92,"date":"2018-10-01T19:39:42","date_gmt":"2018-10-01T19:39:42","guid":{"rendered":"http:\/\/loanstar.com\/dk\/?page_id=92"},"modified":"2019-12-13T20:11:08","modified_gmt":"2019-12-13T19:11:08","slug":"dk-home","status":"publish","type":"page","link":"https:\/\/loanstar.com\/dk\/","title":{"rendered":"L\u00e5n, g\u00e6ldsafvikling og privat\u00f8konomi"},"content":{"rendered":"","protected":false},"excerpt":{"rendered":"","protected":false},"author":1,"featured_media":0,"parent":0,"menu_order":0,"comment_status":"closed","ping_status":"closed","template":"templates\/home-country.php","meta":{"footnotes":""},"yoast_head":"<!-- This site is optimized with the Yoast SEO plugin v21.0 - https:\/\/yoast.com\/wordpress\/plugins\/seo\/ -->\n<title>L\u00e5n, g\u00e6ldsafvikling og privat\u00f8konomi - LoanStar Danmark<\/title>\n<meta name=\"description\" content=\"LoanStar er en platform, der hj\u00e6lper forbrugere med at finde bedre og billigere l\u00e5n. Find billige l\u00e5n, afvikl g\u00e6ld, bill\u00e5n og boligl\u00e5n.\" \/>\n<meta name=\"robots\" content=\"index, follow, max-snippet:-1, max-image-preview:large, max-video-preview:-1\" \/>\n<link rel=\"canonical\" href=\"https:\/\/loanstar.com\/dk\/\" \/>\n<meta property=\"og:locale\" content=\"da_DK\" \/>\n<meta property=\"og:type\" content=\"article\" \/>\n<meta property=\"og:title\" content=\"L\u00e5n, g\u00e6ldsafvikling og privat\u00f8konomi - LoanStar Danmark\" \/>\n<meta property=\"og:description\" content=\"LoanStar er en platform, der hj\u00e6lper forbrugere med at finde bedre og billigere l\u00e5n. Find billige l\u00e5n, afvikl g\u00e6ld, bill\u00e5n og boligl\u00e5n.\" \/>\n<meta property=\"og:url\" content=\"https:\/\/loanstar.com\/dk\/\" \/>\n<meta property=\"og:site_name\" content=\"LoanStar Danmark\" \/>\n<meta property=\"article:modified_time\" content=\"2019-12-13T19:11:08+00:00\" \/>\n<meta name=\"twitter:card\" content=\"summary_large_image\" \/>\n<script type=\"application\/ld+json\" class=\"yoast-schema-graph\">{\"@context\":\"https:\/\/schema.org\",\"@graph\":[{\"@type\":\"WebPage\",\"@id\":\"https:\/\/loanstar.com\/dk\/\",\"url\":\"https:\/\/loanstar.com\/dk\/\",\"name\":\"L\u00e5n, g\u00e6ldsafvikling og privat\u00f8konomi - LoanStar Danmark\",\"isPartOf\":{\"@id\":\"https:\/\/loanstar.com\/dk\/#website\"},\"datePublished\":\"2018-10-01T19:39:42+00:00\",\"dateModified\":\"2019-12-13T19:11:08+00:00\",\"description\":\"LoanStar er en platform, der hj\u00e6lper forbrugere med at finde bedre og billigere l\u00e5n. Find billige l\u00e5n, afvikl g\u00e6ld, bill\u00e5n og boligl\u00e5n.\",\"breadcrumb\":{\"@id\":\"https:\/\/loanstar.com\/dk\/#breadcrumb\"},\"inLanguage\":\"da-DK\",\"potentialAction\":[{\"@type\":\"ReadAction\",\"target\":[\"https:\/\/loanstar.com\/dk\/\"]}]},{\"@type\":\"BreadcrumbList\",\"@id\":\"https:\/\/loanstar.com\/dk\/#breadcrumb\",\"itemListElement\":[{\"@type\":\"ListItem\",\"position\":1,\"name\":\"Danmark\",\"item\":\"https:\/\/loanstar.com\/dk\/\"},{\"@type\":\"ListItem\",\"position\":2,\"name\":\"L\u00e5n, g\u00e6ldsafvikling og privat\u00f8konomi\"}]},{\"@type\":\"WebSite\",\"@id\":\"https:\/\/loanstar.com\/dk\/#website\",\"url\":\"https:\/\/loanstar.com\/dk\/\",\"name\":\"LoanStar Danmark\",\"description\":\"Sammenlign l\u00e5n\",\"potentialAction\":[{\"@type\":\"SearchAction\",\"target\":{\"@type\":\"EntryPoint\",\"urlTemplate\":\"https:\/\/loanstar.com\/dk\/?s={search_term_string}\"},\"query-input\":\"required name=search_term_string\"}],\"inLanguage\":\"da-DK\"}]}<\/script>\n<!-- \/ Yoast SEO plugin. -->","yoast_head_json":{"title":"L\u00e5n, g\u00e6ldsafvikling og privat\u00f8konomi - LoanStar Danmark","description":"LoanStar er en platform, der hj\u00e6lper forbrugere med at finde bedre og billigere l\u00e5n. Find billige l\u00e5n, afvikl g\u00e6ld, bill\u00e5n og boligl\u00e5n.","robots":{"index":"index","follow":"follow","max-snippet":"max-snippet:-1","max-image-preview":"max-image-preview:large","max-video-preview":"max-video-preview:-1"},"canonical":"https:\/\/loanstar.com\/dk\/","og_locale":"da_DK","og_type":"article","og_title":"L\u00e5n, g\u00e6ldsafvikling og privat\u00f8konomi - LoanStar Danmark","og_description":"LoanStar er en platform, der hj\u00e6lper forbrugere med at finde bedre og billigere l\u00e5n. Find billige l\u00e5n, afvikl g\u00e6ld, bill\u00e5n og boligl\u00e5n.","og_url":"https:\/\/loanstar.com\/dk\/","og_site_name":"LoanStar Danmark","article_modified_time":"2019-12-13T19:11:08+00:00","twitter_card":"summary_large_image","schema":{"@context":"https:\/\/schema.org","@graph":[{"@type":"WebPage","@id":"https:\/\/loanstar.com\/dk\/","url":"https:\/\/loanstar.com\/dk\/","name":"L\u00e5n, g\u00e6ldsafvikling og privat\u00f8konomi - LoanStar Danmark","isPartOf":{"@id":"https:\/\/loanstar.com\/dk\/#website"},"datePublished":"2018-10-01T19:39:42+00:00","dateModified":"2019-12-13T19:11:08+00:00","description":"LoanStar er en platform, der hj\u00e6lper forbrugere med at finde bedre og billigere l\u00e5n. Find billige l\u00e5n, afvikl g\u00e6ld, bill\u00e5n og boligl\u00e5n.","breadcrumb":{"@id":"https:\/\/loanstar.com\/dk\/#breadcrumb"},"inLanguage":"da-DK","potentialAction":[{"@type":"ReadAction","target":["https:\/\/loanstar.com\/dk\/"]}]},{"@type":"BreadcrumbList","@id":"https:\/\/loanstar.com\/dk\/#breadcrumb","itemListElement":[{"@type":"ListItem","position":1,"name":"Danmark","item":"https:\/\/loanstar.com\/dk\/"},{"@type":"ListItem","position":2,"name":"L\u00e5n, g\u00e6ldsafvikling og privat\u00f8konomi"}]},{"@type":"WebSite","@id":"https:\/\/loanstar.com\/dk\/#website","url":"https:\/\/loanstar.com\/dk\/","name":"LoanStar Danmark","description":"Sammenlign l\u00e5n","potentialAction":[{"@type":"SearchAction","target":{"@type":"EntryPoint","urlTemplate":"https:\/\/loanstar.com\/dk\/?s={search_term_string}"},"query-input":"required name=search_term_string"}],"inLanguage":"da-DK"}]}},"_links":{"self":[{"href":"https:\/\/loanstar.com\/dk\/wp-json\/wp\/v2\/pages\/92"}],"collection":[{"href":"https:\/\/loanstar.com\/dk\/wp-json\/wp\/v2\/pages"}],"about":[{"href":"https:\/\/loanstar.com\/dk\/wp-json\/wp\/v2\/types\/page"}],"author":[{"embeddable":true,"href":"https:\/\/loanstar.com\/dk\/wp-json\/wp\/v2\/users\/1"}],"replies":[{"embeddable":true,"href":"https:\/\/loanstar.com\/dk\/wp-json\/wp\/v2\/comments?post=92"}],"version-history":[{"count":2,"href":"https:\/\/loanstar.com\/dk\/wp-json\/wp\/v2\/pages\/92\/revisions"}],"predecessor-version":[{"id":468,"href":"https:\/\/loanstar.com\/dk\/wp-json\/wp\/v2\/pages\/92\/revisions\/468"}],"wp:attachment":[{"href":"https:\/\/loanstar.com\/dk\/wp-json\/wp\/v2\/media?parent=92"}],"curies":[{"name":"wp","href":"https:\/\/api.w.org\/{rel}","templated":true}]}}