{"id":324,"date":"2019-04-04T14:40:49","date_gmt":"2019-04-04T12:40:49","guid":{"rendered":"http:\/\/loanstar.com\/dk\/?page_id=324"},"modified":"2019-07-12T16:53:24","modified_gmt":"2019-07-12T14:53:24","slug":"andelsboliglaan","status":"publish","type":"page","link":"https:\/\/loanstar.com\/dk\/lan-penge\/andelsboliglaan\/","title":{"rendered":"Andelsboligl\u00e5n"},"content":{"rendered":"\r\n<h2 class=\"wp-block-heading\">Andelsboligl\u00e5n<\/h2>\r\n\r\n\r\n\r\n<p>Ca. hver tiende dansker bor i en andelsbolig. Andelsboligen og den tanke \u2013 andelstanken \u2013 som andelsforening oprindeligt blev stiftet ud fra har v\u00e6ret ekstremt popul\u00e6re i Danmark. Nogle g\u00e5r s\u00e5gar s\u00e5 langt som til at kalde Danmark for andels-Danmark.<br \/><br \/>Andelsboligen ligger mellem lejeboligen og ejerboligen. Man har mere at skulle have sagt end hvad der er tilf\u00e6ldet, hvis man lejer en bolig, men mindre end hvis man ejer en. Andelsboligen vil ofte ogs\u00e5 v\u00e6re billigere end en ejerbolig.<br \/><br \/>En v\u00e6sentlig forskel mellem ejerboliger og andelsboliger er de l\u00e5n, som man kan tage for at f\u00e5 fat i dem. Ejerboliger k\u00e6des ofte sammen med <a href=\"http:\/\/loanstar.com\/dk\/lan-penge\/realkreditlan\/\">realkreditl\u00e5n<\/a>, og andelsboliger k\u00e6des sammen med andelsboligl\u00e5n.<br \/><br \/>I denne artikel tager vi et n\u00e6rmere kig p\u00e5, hvad et andelsboligl\u00e5n er, hvad der karakteriserer disse, og hvordan det adskiller sig fra realkreditl\u00e5net.<\/p>\r\n\r\n\r\n\r\n<h2 class=\"wp-block-heading\"><strong>Andelsboligl\u00e5n og andelsboligkredit<\/strong><\/h2>\r\n\r\n\r\n\r\n<h3 class=\"wp-block-heading\">Andelsboligl\u00e5n<\/h3>\r\n\r\n\r\n\r\n<p>Et andelsboligl\u00e5n er, som navnet afsl\u00f8rer, et l\u00e5n til andelsbolig \u2013 til selve k\u00f8bet af s\u00e5danne eller ombygninger deraf. Der er tale om et l\u00e5n med m\u00e5nedlig betaling, og ydelsen afh\u00e6nger af l\u00f8betiden p\u00e5 l\u00e5net.<\/p>\r\n\r\n\r\n\r\n<h3 class=\"wp-block-heading\">Kort om andelsboligkredit<\/h3>\r\n\r\n\r\n\r\n<p>Andelsboligkredit er en slags kassekredit med mulighed for afdrag i op til 30 \u00e5r. Hvorn\u00e5r og hvor meget du indbetaler p\u00e5 kreditten bestemmer du selv. Har du i nogle m\u00e5neder luft i budgettet, kan du indbetale mere. Strammer det til i andre, ja s\u00e5 kan du betale mindre.<\/p>\r\n\r\n\r\n\r\n<h4 class=\"wp-block-heading\">Fordele og ulemper ved andelsboligkredit<\/h4>\r\n\r\n\r\n\r\n<p>Fordelen ved andelsboligkreditten over andelsboligl\u00e5net best\u00e5r i det, at du kun betaler rente af det, du har trukket p\u00e5 kreditten, og at du nemt kan nedbringe kreditten (som n\u00e6vnt ved f.eks. at s\u00e6tte penge ind p\u00e5 kontoen, n\u00e5r der er luft i budgettet).<br \/><br \/>Andelsboligkreditten har en tendens til at v\u00e6re en anelse dyrere end de traditionelle andelsboligl\u00e5n.\u00a0<br \/><br \/>Desuden kr\u00e6ver den et modicum af \u00f8konomisk disciplin (igen, det er lidt som en kassekredit). Renten bliver nemlig trukket af kreditten, og du skal alts\u00e5 ikke betale l\u00f8bende, m\u00e5nedlige renter. <br \/><br \/>Endvidere er der ikke mulighed for at l\u00e5ne lige s\u00e5 meget som ved et andelsboligl\u00e5n. Man kan h\u00f8jst l\u00e5ne 80 % procent af andelsboligens v\u00e6rdi, men ofte ligger bel\u00f8bet faktisk mellem 50 og 60 %.<\/p>\r\n\r\n\r\n\r\n<p>Det er ofte velkendte banker, der tilbyder andelsboligl\u00e5n og -kreditter og blandt de kendte kan f.eks. n\u00e6vnes <a href=\"http:\/\/loanstar.com\/dk\/selskab\/alm-brand\/\">Alm. Brand Bank<\/a>, <a href=\"http:\/\/loanstar.com\/dk\/selskab\/jyske-bank\/\">Jyske Bank<\/a> og <a href=\"http:\/\/loanstar.com\/dk\/selskab\/nykredit\/\">Nykredit<\/a>.\u00a0<\/p>\r\n\r\n\r\n\r\n<h3 class=\"wp-block-heading\" id=\"mce_25\">Karakteristika<\/h3>\r\n\r\n\r\n\r\n<p>Ofte vil et andelsboligl\u00e5n v\u00e6re karakteriseret ved:<\/p>\r\n\r\n\r\n\r\n<ol>\r\n<li>Mulighed for at l\u00e5ne op til 95 % af boligens v\u00e6rdi<\/li>\r\n<li>Variabel rente<\/li>\r\n<li>L\u00f8betid p\u00e5 op til 30 \u00e5r<\/li>\r\n<li>L\u00f8bende afdrag<\/li>\r\n<li>Krav sikkerhedsstillelse og er man heldig er der<\/li>\r\n<li>Afh\u00e6ngig af andelsforeningens \u00f8konomi<\/li>\r\n<li>Mulighed for afdragsfrihed<\/li>\r\n<\/ol>\r\n\r\n\r\n\r\n<p>De fleste af ovenst\u00e5ende karakteristikker beh\u00f8ver ikke nogen videre introduktion. De kendetegner ogs\u00e5 andre former for l\u00e5n (fra <a href=\"http:\/\/loanstar.com\/dk\/lan-penge\/kviklan\/\">kvikl\u00e5n<\/a> og <a href=\"http:\/\/loanstar.com\/dk\/lan-penge\/sms-lan\/\">sms l\u00e5n<\/a> til store <a href=\"http:\/\/loanstar.com\/dk\/lan-penge\/forbrugslan\/\">forbrugsl\u00e5n<\/a> og realkreditl\u00e5n). Imidlertid er det, at l\u00e5net er afh\u00e6ngig af ikke alene din \u00f8konomi men ogs\u00e5 andelsforeningens \u00f8konomi unikt for andelsboligl\u00e5net.<\/p>\r\n\r\n\r\n\r\n<p>Hvis andelsforenigen har en d\u00e5rlig \u00f8konomi \u2013 og det er der overraskende mange andelsforeninger, der har, s\u00e5 v\u00e6r p\u00e5 vagt! \u2013 s\u00e5 udg\u00f8r det jo ogs\u00e5 en risiko for banken, og bankerne fors\u00f8ger at komme risikoen til livs ved at fasts\u00e6tte en h\u00f8jere rentesats.<\/p>\r\n\r\n\r\n\r\n<p>N\u00e5r alt kommer til alt, er et andelsboligl\u00e5n er i bund og grund et bankl\u00e5n. Det er derfor selve banken, du l\u00e5ner penge af. Dog adskiller andelsboligl\u00e5net sig fra andre bankl\u00e5n, s\u00e5som forbrugsl\u00e5n, idet det kr\u00e6ver, at der stilles sikkerhed. Dvs. at banken s\u00e5 at sige f\u00e5r pant i den bolig, du l\u00e5ner penge til). <br \/>Hvis eller \u2013 rettere \u2013 n\u00e5r der stilles sikkerhed, s\u00e5 bliver rentesatserne lavere. I s\u00e5 fald l\u00f8ber banken nemlig ikke den samme risiko. Der er jo trods alt pant i boligen.<\/p>\r\n<p>Andelsboligl\u00e5net befinder sig et sted mellem de l\u00e5n, der kr\u00e6ver den maksimale sikkerhedsstillelse, nemlig realkreditl\u00e5nene, og l\u00e5n, der kr\u00e6ver en relativt lav sikkerhed, fx <a href=\"http:\/\/loanstar.com\/dk\/lan-penge\/billan\/\">bill\u00e5n<\/a>. Derfor befinder sig renten sig ogs\u00e5 oftest et sted derimellem.<\/p>\r\n\r\n\r\n\r\n<h3 class=\"wp-block-heading\"><strong>Bankerne konkurrerer &#8211; kig efter det billigste andelsboligl\u00e5n<\/strong><\/h3>\r\n\r\n\r\n\r\n<p>Fordi det er bankerne, der l\u00e5ner dig pengene, bestemmer de, hvilken rente de vil l\u00e5ne dig penge til. I st\u00f8rre eller mindre grad vil de jo imidlertid gerne l\u00e5ne dig penge (s\u00e6rligt hvis du er en potentielt god kunde eller bare en god kunde \u2013 mere om det om et \u00f8jeblik).\u00a0<br \/><br \/>Netop derfor konkurrer bankerne om at have den laveste \u00c5OP (\u00e5rlige omkostninger i procent eller den samlede pris for et l\u00e5n i procent pr. \u00e5r), og de ligger t\u00e6t op ad hinanden. Forbrugerr\u00e5det T\u00e6nk foretog i 2018 fx en <a href=\"https:\/\/www.nykredit.dk\/globalassets\/dit-liv\/bolig\/nyheder\/andelsboliglan-bedst-i-test.pdf\">test<\/a> af forskellige penge- og realkreditinstitutter. Den test viser, at forskellen i den laveste \u00c5OP fra det institut, der tilbyder den h\u00f8jeste laveste \u00c5OP, og det, der tilbyder den laveste laveste \u00c5OP, er p\u00e5 mindre en procent.<\/p>\r\n\r\n\r\n\r\n<h3 class=\"wp-block-heading\"><strong>Gode kunder og mindre gode kunder<\/strong><\/h3>\r\n\r\n\r\n\r\n<p>At l\u00e5ngiverne konkurrerer p\u00e5 renten og om at f\u00e5 dig som kunde er som udgangspunkt en god ting. Det vil ofte medf\u00f8re en lavere rente. Det er dog ikke alle, der bliver pr\u00e6senteret for de lukrative renteforhold og -satser (alts\u00e5 dem, der ligger p\u00e5 ca. 2.5 &#8211; 4.0%). Hvis du er en h\u00f8jrisikokunde, kan du \u2013 igen if\u00f8lge T\u00e6nks unders\u00f8gelse &#8211; kommer til at betale s\u00e5 meget som 8,8 i rente.<br \/><br \/>I en anden\u00a0<a href=\"https:\/\/taenk.dk\/om-os\/presserum\/mange-forbrugere-kan-spare-10000-kroner-om-aaret-paa-deres-andelsboliglaan\" target=\"_blank\" rel=\"noreferrer noopener\">unders\u00f8gelse<\/a>\u00a0vurderer T\u00e6nk, at der grundet forskellene i \u00c5OP bankerne imellem kan v\u00e6re op mod 10.000 kroner at spare ved at genforhandle renten eller slet og ret skifte pengeinstitut.<\/p>\r\n\r\n\r\n\r\n<h3 class=\"wp-block-heading\">Hvordan g\u00f8r man?<\/h3>\r\n\r\n\r\n\r\n<p>Fordi et andelsboligl\u00e5n kr\u00e6ver sikkerhedsstillelse, skal den bolig, som du har i kikkerten, vurderes inden du kan k\u00f8be den. Det er l\u00e5ngiveren, dvs. banken, der st\u00e5r for vurderinger. Men det er dig, der betaler for vurderinger.<br \/><br \/>F\u00f8rst n\u00e5r der er foretaget en vurdering kan du komme videre i l\u00e5neprocessen.<\/p>\r\n<p><br \/><strong>Realkreditl\u00e5n vs. andelsbolig l\u00e5n: Hvad er forskellene og lighederne?<\/strong><\/p>\r\n\r\n\r\n\r\n\r\n\r\n<p>\u00c9n v\u00e6sentlig forskel er renten.\u00a0<br \/><br \/>Fordi andelsboligl\u00e5net i bund og grund er et bankl\u00e5n, s\u00e5 er det ogs\u00e5 banken, der helt og holdent (eller i hvert fald indenfor markedets og konkurrencens rammer) s\u00e6tter renten.<br \/><br \/>Det er ikke tilf\u00e6ldet med realkreditl\u00e5n. Her bestemmes renten ikke af pengeinstitutterne men af markedsmekanismerne, dvs. udbuddet af og eftersp\u00f8rgslen p\u00e5 realkreditobligationer fra institutioner s\u00e5som pensions- og forsikringsselskaber.<br \/><br \/>Selvom renten er den prim\u00e6re forskel mellem de to typer af l\u00e5n, er en anden vigtig forskel ogs\u00e5 l\u00e5nebel\u00f8bene som generelt er noget h\u00f8jere p\u00e5 realkreditl\u00e5n.<\/p>\r\n\r\n\r\n\r\n<h3 class=\"wp-block-heading\">Kort opsummering<\/h3>\r\n\r\n\r\n\r\n<p>Et andelsboligl\u00e5n er et l\u00e5n til enten at k\u00f8be eller renovere\/ombygge en andelsbolig. Et andelsboligl\u00e5n er i bund og grund et bankl\u00e5n. Mange af de ting, der karakteriserer andre bankl\u00e5n s\u00e5som forbrugsl\u00e5n g\u00f8r sig s\u00e5ledes ogs\u00e5 g\u00e6ldende for andelsboligl\u00e5n. En vigtig forskel p\u00e5 andelsboligl\u00e5n og andre bankl\u00e5n er imidlertid, at andelsforeningens \u00f8konomi ogs\u00e5 har en indflydelse p\u00e5 de l\u00e5nevilk\u00e5r, som pengeinstitutterne vil pr\u00e6sentere dig for.<br \/><br \/>En anden spidsfindighed er, at andelsboligen skal vurderes f\u00f8rend du kan f\u00e5 andelsboligl\u00e5net. Banken st\u00e5r for vurderingen, men du betaler den.<br \/><br \/>Slutteligt er det vigtigt at have i mente at et andelsboligl\u00e5n\u00a0<em>ikke<\/em> er det samme som et realkreditl\u00e5n \u2013 selvom det ogs\u00e5 ang\u00e5r en bolig. Den altoverskyggende forskel er renten. Den bestemmes af bankerne, n\u00e5r vi taler andelsboligl\u00e5n og udbuddet af og eftersp\u00f8rgslen p\u00e5 realkreditobligationer, n\u00e5r vi taler realkreditl\u00e5n.<\/p>\r\n\r\n\r\n\r\n<p>&nbsp;<\/p>\r\n","protected":false},"excerpt":{"rendered":"<p>Andelsboligl\u00e5n Ca. hver tiende dansker bor i en andelsbolig. Andelsboligen og den tanke \u2013 andelstanken \u2013 som andelsforening oprindeligt blev&#8230;<\/p>\n","protected":false},"author":11,"featured_media":0,"parent":98,"menu_order":0,"comment_status":"closed","ping_status":"closed","template":"templates\/calculator-follow-up.php","meta":{"footnotes":""},"yoast_head":"<!-- This site is optimized with the Yoast SEO plugin v21.0 - https:\/\/yoast.com\/wordpress\/plugins\/seo\/ -->\n<title>Andelsboligl\u00e5n | Hvad er det, hvad b\u00f8r du vide? | LoanStar<\/title>\n<meta name=\"description\" content=\"Vi har alle h\u00f8rt om realkreditl\u00e5n, men f\u00e6rre af os har h\u00f8rt om andelsboligl\u00e5n. Andelsboligl\u00e5net er en god mulighed for boligs\u00f8gende. L\u00e6s mere her...\" \/>\n<meta name=\"robots\" content=\"index, follow, max-snippet:-1, max-image-preview:large, max-video-preview:-1\" \/>\n<link rel=\"canonical\" href=\"https:\/\/loanstar.com\/dk\/lan-penge\/andelsboliglaan\/\" \/>\n<meta property=\"og:locale\" content=\"da_DK\" \/>\n<meta property=\"og:type\" content=\"article\" \/>\n<meta property=\"og:title\" content=\"Andelsboligl\u00e5n | Hvad er det, hvad b\u00f8r du vide? | LoanStar\" \/>\n<meta property=\"og:description\" content=\"Vi har alle h\u00f8rt om realkreditl\u00e5n, men f\u00e6rre af os har h\u00f8rt om andelsboligl\u00e5n. Andelsboligl\u00e5net er en god mulighed for boligs\u00f8gende. L\u00e6s mere her...\" \/>\n<meta property=\"og:url\" content=\"https:\/\/loanstar.com\/dk\/lan-penge\/andelsboliglaan\/\" \/>\n<meta property=\"og:site_name\" content=\"LoanStar Danmark\" \/>\n<meta property=\"article:modified_time\" content=\"2019-07-12T14:53:24+00:00\" \/>\n<meta name=\"twitter:card\" content=\"summary_large_image\" \/>\n<meta name=\"twitter:label1\" content=\"Estimeret l\u00e6setid\" \/>\n\t<meta name=\"twitter:data1\" content=\"7 minutter\" \/>\n<script type=\"application\/ld+json\" class=\"yoast-schema-graph\">{\"@context\":\"https:\/\/schema.org\",\"@graph\":[{\"@type\":\"WebPage\",\"@id\":\"https:\/\/loanstar.com\/dk\/lan-penge\/andelsboliglaan\/\",\"url\":\"https:\/\/loanstar.com\/dk\/lan-penge\/andelsboliglaan\/\",\"name\":\"Andelsboligl\u00e5n | Hvad er det, hvad b\u00f8r du vide? | LoanStar\",\"isPartOf\":{\"@id\":\"https:\/\/loanstar.com\/dk\/#website\"},\"datePublished\":\"2019-04-04T12:40:49+00:00\",\"dateModified\":\"2019-07-12T14:53:24+00:00\",\"description\":\"Vi har alle h\u00f8rt om realkreditl\u00e5n, men f\u00e6rre af os har h\u00f8rt om andelsboligl\u00e5n. Andelsboligl\u00e5net er en god mulighed for boligs\u00f8gende. L\u00e6s mere her...\",\"breadcrumb\":{\"@id\":\"https:\/\/loanstar.com\/dk\/lan-penge\/andelsboliglaan\/#breadcrumb\"},\"inLanguage\":\"da-DK\",\"potentialAction\":[{\"@type\":\"ReadAction\",\"target\":[\"https:\/\/loanstar.com\/dk\/lan-penge\/andelsboliglaan\/\"]}]},{\"@type\":\"BreadcrumbList\",\"@id\":\"https:\/\/loanstar.com\/dk\/lan-penge\/andelsboliglaan\/#breadcrumb\",\"itemListElement\":[{\"@type\":\"ListItem\",\"position\":1,\"name\":\"Danmark\",\"item\":\"https:\/\/loanstar.com\/dk\/\"},{\"@type\":\"ListItem\",\"position\":2,\"name\":\"L\u00e5n penge\",\"item\":\"https:\/\/loanstar.com\/dk\/lan-penge\/\"},{\"@type\":\"ListItem\",\"position\":3,\"name\":\"Andelsboligl\u00e5n\"}]},{\"@type\":\"WebSite\",\"@id\":\"https:\/\/loanstar.com\/dk\/#website\",\"url\":\"https:\/\/loanstar.com\/dk\/\",\"name\":\"LoanStar Danmark\",\"description\":\"Sammenlign l\u00e5n\",\"potentialAction\":[{\"@type\":\"SearchAction\",\"target\":{\"@type\":\"EntryPoint\",\"urlTemplate\":\"https:\/\/loanstar.com\/dk\/?s={search_term_string}\"},\"query-input\":\"required name=search_term_string\"}],\"inLanguage\":\"da-DK\"}]}<\/script>\n<!-- \/ Yoast SEO plugin. -->","yoast_head_json":{"title":"Andelsboligl\u00e5n | Hvad er det, hvad b\u00f8r du vide? | LoanStar","description":"Vi har alle h\u00f8rt om realkreditl\u00e5n, men f\u00e6rre af os har h\u00f8rt om andelsboligl\u00e5n. Andelsboligl\u00e5net er en god mulighed for boligs\u00f8gende. L\u00e6s mere her...","robots":{"index":"index","follow":"follow","max-snippet":"max-snippet:-1","max-image-preview":"max-image-preview:large","max-video-preview":"max-video-preview:-1"},"canonical":"https:\/\/loanstar.com\/dk\/lan-penge\/andelsboliglaan\/","og_locale":"da_DK","og_type":"article","og_title":"Andelsboligl\u00e5n | Hvad er det, hvad b\u00f8r du vide? | LoanStar","og_description":"Vi har alle h\u00f8rt om realkreditl\u00e5n, men f\u00e6rre af os har h\u00f8rt om andelsboligl\u00e5n. Andelsboligl\u00e5net er en god mulighed for boligs\u00f8gende. L\u00e6s mere her...","og_url":"https:\/\/loanstar.com\/dk\/lan-penge\/andelsboliglaan\/","og_site_name":"LoanStar Danmark","article_modified_time":"2019-07-12T14:53:24+00:00","twitter_card":"summary_large_image","twitter_misc":{"Estimeret l\u00e6setid":"7 minutter"},"schema":{"@context":"https:\/\/schema.org","@graph":[{"@type":"WebPage","@id":"https:\/\/loanstar.com\/dk\/lan-penge\/andelsboliglaan\/","url":"https:\/\/loanstar.com\/dk\/lan-penge\/andelsboliglaan\/","name":"Andelsboligl\u00e5n | Hvad er det, hvad b\u00f8r du vide? | LoanStar","isPartOf":{"@id":"https:\/\/loanstar.com\/dk\/#website"},"datePublished":"2019-04-04T12:40:49+00:00","dateModified":"2019-07-12T14:53:24+00:00","description":"Vi har alle h\u00f8rt om realkreditl\u00e5n, men f\u00e6rre af os har h\u00f8rt om andelsboligl\u00e5n. Andelsboligl\u00e5net er en god mulighed for boligs\u00f8gende. L\u00e6s mere her...","breadcrumb":{"@id":"https:\/\/loanstar.com\/dk\/lan-penge\/andelsboliglaan\/#breadcrumb"},"inLanguage":"da-DK","potentialAction":[{"@type":"ReadAction","target":["https:\/\/loanstar.com\/dk\/lan-penge\/andelsboliglaan\/"]}]},{"@type":"BreadcrumbList","@id":"https:\/\/loanstar.com\/dk\/lan-penge\/andelsboliglaan\/#breadcrumb","itemListElement":[{"@type":"ListItem","position":1,"name":"Danmark","item":"https:\/\/loanstar.com\/dk\/"},{"@type":"ListItem","position":2,"name":"L\u00e5n penge","item":"https:\/\/loanstar.com\/dk\/lan-penge\/"},{"@type":"ListItem","position":3,"name":"Andelsboligl\u00e5n"}]},{"@type":"WebSite","@id":"https:\/\/loanstar.com\/dk\/#website","url":"https:\/\/loanstar.com\/dk\/","name":"LoanStar Danmark","description":"Sammenlign l\u00e5n","potentialAction":[{"@type":"SearchAction","target":{"@type":"EntryPoint","urlTemplate":"https:\/\/loanstar.com\/dk\/?s={search_term_string}"},"query-input":"required name=search_term_string"}],"inLanguage":"da-DK"}]}},"_links":{"self":[{"href":"https:\/\/loanstar.com\/dk\/wp-json\/wp\/v2\/pages\/324"}],"collection":[{"href":"https:\/\/loanstar.com\/dk\/wp-json\/wp\/v2\/pages"}],"about":[{"href":"https:\/\/loanstar.com\/dk\/wp-json\/wp\/v2\/types\/page"}],"author":[{"embeddable":true,"href":"https:\/\/loanstar.com\/dk\/wp-json\/wp\/v2\/users\/11"}],"replies":[{"embeddable":true,"href":"https:\/\/loanstar.com\/dk\/wp-json\/wp\/v2\/comments?post=324"}],"version-history":[{"count":2,"href":"https:\/\/loanstar.com\/dk\/wp-json\/wp\/v2\/pages\/324\/revisions"}],"predecessor-version":[{"id":397,"href":"https:\/\/loanstar.com\/dk\/wp-json\/wp\/v2\/pages\/324\/revisions\/397"}],"up":[{"embeddable":true,"href":"https:\/\/loanstar.com\/dk\/wp-json\/wp\/v2\/pages\/98"}],"wp:attachment":[{"href":"https:\/\/loanstar.com\/dk\/wp-json\/wp\/v2\/media?parent=324"}],"curies":[{"name":"wp","href":"https:\/\/api.w.org\/{rel}","templated":true}]}}