{"id":213,"date":"2018-10-29T08:32:15","date_gmt":"2018-10-29T08:32:15","guid":{"rendered":"http:\/\/loanstar.com\/dk\/?page_id=213"},"modified":"2019-06-07T20:16:36","modified_gmt":"2019-06-07T18:16:36","slug":"vilkaar-og-betingelser","status":"publish","type":"page","link":"https:\/\/loanstar.com\/dk\/vilkaar-og-betingelser\/","title":{"rendered":"Vilk\u00e5r og betingelser"},"content":{"rendered":"<p>Vi \u00f8nsker dig en sikker og god oplevelse p\u00e5 Loanstar.com. P\u00e5 denne side kan du derfor l\u00e6se vores forretningsbetingelser, der omhandler vilk\u00e5rene for ans\u00f8gning om et komparativt servicel\u00e5n.<\/p>\n<p>Vi anbefaler, at du l\u00e6ser og g\u00f8r dig bekendt med de vilk\u00e5r, du finder p\u00e5 denne side, ved hj\u00e6lp af dette websted. Loanstar.com er en tjeneste (herefter &#8220;Service&#8221; eller &#8220;Loanstar&#8221;), som udvikles og drives af Digital Takeover LTD (herefter &#8220;Digital Takeover&#8221;, &#8220;os&#8221; eller &#8220;vi&#8221;). Vilk\u00e5rene i denne aftale regulerer forholdet mellem Digital Takeover og den service, som vi tilbyder. Ved at brug tjenesten accepteres vilk\u00e5rene i denne aftale. Ordet &#8220;Bruger&#8221; bruges til at henvise til personer, der bruger Tjenesten.<\/p>\n<h2>Samarbejdspartnere<\/h2>\n<p>Loanstar markedsf\u00f8rer flere l\u00e5netjenester. L\u00e5ntagere eller finansieringsinstitutter er ansvarlige for registrering, behandling og formidling af l\u00e5neans\u00f8gninger. Vi oplyser, at Loanstar modtager provision for omfordelte applikationer. Loanstar kan ogs\u00e5 indeholde, eller kan formidle via post eller e-mail, referencer til partneren. Tjenesten er gratis og ikke-bindende for dig som kunde.<\/p>\n<h2>Din sikkerhed er en af \u200b\u200bvores st\u00f8rste prioriteter!<\/h2>\n<p>Derfor er det vigtigt for os, at vi altid g\u00f8r brug af tidssvarende sikkerhedsteknologi. Det betyder, at alle dine oplysninger altid behandles fortroligt og sikkert via vores krypterede SSL-forbindelse \u2013 hos os s\u00e5vel som hos vores partnere. P\u00e5 denne m\u00e5de kan du helt sikkert udfylde dine personlige oplysninger.<\/p>\n<h2>Din e-mail er sikker hos os!<\/h2>\n<p>L\u00e6s mere om dette i vores fortrolighedspolitik. N\u00e5r du indg\u00e5r en aftale med Loanstar, accepterer du ogs\u00e5 vores privatlivspolitik og brugen af \u200b\u200b<a href=\"http:\/\/loanstar.com\/dk\/cookies\/\">cookies<\/a>. Din e-mail vil kun blive delt med vores partner, som bruger den til at samle dine l\u00e5netilbud fra bankerne. Den vil aldrig blive solgt til nogen tredjepart.<\/p>\n<h2>Kundeoplevelse<\/h2>\n<p>Det er vigtigt for os, at du f\u00e5r en god oplevelse i forbindelse med processen med at optage et l\u00e5n. Vi vil g\u00f8re vores bedste for at hj\u00e6lpe dig\u00a0gennem l\u00e5neprocessen s\u00e5 godt, som vi kan. Loanstar kan derfor sende dig relevant information og p\u00e5mindelser i forbindelse med optagelse af l\u00e5n, aktuelle nyheder og tilbud via brev, e-mail, SMS og serviceopkald. Al information, vi giver dig, betragtes som en tjeneste, og du kan til enhver tid abonnere p\u00e5 det.<\/p>\n<h2>Mulighed for at klage<\/h2>\n<p>Hvis du \u00f8nsker at indsende en klage over tjenesten, bedes du kontakte vores kundeservice p\u00e5 dk@loanstar.com Forh\u00e5bentligt kan alle parter n\u00e5 til enighed eller en f\u00e6lles forst\u00e5else gennem god kommunikation. For en klage i forbindelse med dine l\u00e5neans\u00f8gning eller lignende, kontaktes banken direkte.<\/p>\n<h2>Ansvarsfraskrivelse<\/h2>\n<p>Loanstar er en markedsf\u00f8ringsplatform for forbrugerl\u00e5n og usikrede l\u00e5n (herefter &#8220;partnere&#8221;), hvor partnerne er s\u00e6lgere \/ tjenesteydere ved alle k\u00f8b. Vi er ikke involveret i nogen aftale mellem Partner og Forbruger (herefter &#8220;Bruger&#8221;). Vi handler heller ikke som en Partner. Loanstar er kun ansvarlig for at markedsf\u00f8re partnere og er ikke ansvarlig for erstatninger eller forholdet mellem Brugere og Partnere.<\/p>\n<p>Loanstar er heller ikke ansvarlig, hvis oplysninger eller informationer, der sendes via hjemmesiden eller e-mailen, ikke er fuldst\u00e6ndige, opdaterede eller omfattende.<\/p>\n<p>Loanstar p\u00e5tager sig derfor ikke noget ansvar for skader eller tab, der direkte eller indirekte for\u00e5rsages af de oplysninger, der er blevet gjort tilg\u00e6ngelige. Oplysningerne b\u00f8r ikke betragtes som nogen form for \u00f8konomisk r\u00e5dgivning.<\/p>\n<p>Vi er ikke ansvarlige overfor Brugeren, hvis et produkt eller en tjeneste indeholder defekter, er ufuldst\u00e6ndigt eller for ufuldst\u00e6ndige eller forkerte oplysninger om et produkt eller en tjeneste eller hvis en bruger fortryder et k\u00f8b eller for forsinkelser i forbindelse med et k\u00f8b.<\/p>\n<p>Alle oplysninger om Tjenesten er af kommerciel karakter og er ikke beregnet som r\u00e5dgivende.<\/p>\n<p>Loanstar \u00f8nsker at v\u00e6re en sikker informationskanal og service for Brugerne. Vi kan dog ikke garantere, at alle partnere til enhver tid handler i overensstemmelse med love og regler.<\/p>\n<p>For bedre at sikre, at Loanstar er et sikkert marked, vil vi gerne have feedback, hvis Brugere har negative eller positive erfaringer med partnere. For mere information om sikkerhed og privatliv, l\u00e6s mere om dette p\u00e5 vores privatlivsside.<\/p>\n<h2>Fejl og mangler<\/h2>\n<p>Vi tager ikke ansvar for fejl eller mangler i Tjenesten. Vi kan ikke garantere, at Service- eller Tekniske l\u00f8sninger til enhver tid er tilg\u00e6ngelige, og vi er ikke ansvarlige for fejl eller andre problemer med tekniske l\u00f8sninger, tilbud eller informationer, der pr\u00e6senteres p\u00e5 Tjenesten. Partnernes tilbud udgives af Tjenestens redaktionelle medarbejdere, servicebrugerne og servicepartnerne. Vi forbeholder os retten til, at fejl forefindes, og garanterer p\u00e5 ingen m\u00e5de, at de oplysninger, som du finder om Tjenesten eller tilbudene, er gyldige eller vil v\u00e6re gyldige.<\/p>\n<h2>Intellektuel ejendomsret og intellektuelle ejendomsrettigheder<\/h2>\n<p>Retten til Tjenesten, Indholdet i Tjenesten og Varem\u00e6rker tilh\u00f8rer Loanstar, Digital Takeover, Partner eller andre af Digital Takeover&#8217;s Partnere. S\u00e5danne rettigheder m\u00e5 ikke bruges af Brugeren eller andre uden forudg\u00e5ende skriftligt samtykke fra os. Ved at bruge Tjenesten og uploade indhold til Tjenesten giver Brugeren en evig, ikke-eksklusiv ret til at bruge indholdet af tjenesten og eventuelle fremtidige tjenester, vi leverer. Vi har ogs\u00e5 ret til at overf\u00f8re og \u00e6ndre s\u00e5dant indhold.<br \/>\nAlt materiale, der er trykt eller downloadet fra Tjenesten, m\u00e5 kun bruges til personlig brug.<\/p>\n<h2>\u00c6ndringer i aftalen<\/h2>\n<p>Vi forbeholder os retten til at \u00e6ndre denne aftale. Vilk\u00e5rene for brug af siden kan \u00e6ndres n\u00e5r som helst, og n\u00e5r du bruger siden efter at s\u00e5danne \u00e6ndringer er blevet offentliggjort, accepterer du de nye vilk\u00e5r. Nye versioner af aftalen vil altid v\u00e6re tilg\u00e6ngelige p\u00e5 Tjenesten. Dette er den nyeste version af aftalen, der er tilg\u00e6ngelig p\u00e5 Tjenesten, hvilket er den aktuelle aftale til enhver tid.<\/p>\n","protected":false},"excerpt":{"rendered":"<p>Vi \u00f8nsker dig en sikker og god oplevelse p\u00e5 Loanstar.com. P\u00e5 denne side kan du derfor l\u00e6se vores forretningsbetingelser, der&#8230;<\/p>\n","protected":false},"author":1,"featured_media":0,"parent":0,"menu_order":0,"comment_status":"closed","ping_status":"closed","template":"templates\/terms-of-use.php","meta":{"footnotes":""},"yoast_head":"<!-- This site is optimized with the Yoast SEO plugin v21.0 - https:\/\/yoast.com\/wordpress\/plugins\/seo\/ -->\n<title>Vilk\u00e5r og betingelser - LoanStar Danmark<\/title>\n<meta name=\"description\" content=\"Find ud af, hvad der g\u00f8r sig g\u00e6ldende, n\u00e5r du benytter LoanStar til at finde et godt, billigt bolig-, bil-, forbrugs- eller kvikl\u00e5n i 2019\" \/>\n<meta name=\"robots\" content=\"index, follow, max-snippet:-1, max-image-preview:large, max-video-preview:-1\" \/>\n<link rel=\"canonical\" href=\"https:\/\/loanstar.com\/dk\/vilkaar-og-betingelser\/\" \/>\n<meta property=\"og:locale\" content=\"da_DK\" \/>\n<meta property=\"og:type\" content=\"article\" \/>\n<meta property=\"og:title\" content=\"Vilk\u00e5r og betingelser - LoanStar Danmark\" \/>\n<meta property=\"og:description\" content=\"Find ud af, hvad der g\u00f8r sig g\u00e6ldende, n\u00e5r du benytter LoanStar til at finde et godt, billigt bolig-, bil-, forbrugs- eller kvikl\u00e5n i 2019\" \/>\n<meta property=\"og:url\" content=\"https:\/\/loanstar.com\/dk\/vilkaar-og-betingelser\/\" \/>\n<meta property=\"og:site_name\" content=\"LoanStar Danmark\" \/>\n<meta property=\"article:modified_time\" content=\"2019-06-07T18:16:36+00:00\" \/>\n<meta name=\"twitter:card\" content=\"summary_large_image\" \/>\n<meta name=\"twitter:label1\" content=\"Estimeret l\u00e6setid\" \/>\n\t<meta name=\"twitter:data1\" content=\"5 minutter\" \/>\n<script type=\"application\/ld+json\" class=\"yoast-schema-graph\">{\"@context\":\"https:\/\/schema.org\",\"@graph\":[{\"@type\":\"WebPage\",\"@id\":\"https:\/\/loanstar.com\/dk\/vilkaar-og-betingelser\/\",\"url\":\"https:\/\/loanstar.com\/dk\/vilkaar-og-betingelser\/\",\"name\":\"Vilk\u00e5r og betingelser - LoanStar Danmark\",\"isPartOf\":{\"@id\":\"https:\/\/loanstar.com\/dk\/#website\"},\"datePublished\":\"2018-10-29T08:32:15+00:00\",\"dateModified\":\"2019-06-07T18:16:36+00:00\",\"description\":\"Find ud af, hvad der g\u00f8r sig g\u00e6ldende, n\u00e5r du benytter LoanStar til at finde et godt, billigt bolig-, bil-, forbrugs- eller kvikl\u00e5n i 2019\",\"breadcrumb\":{\"@id\":\"https:\/\/loanstar.com\/dk\/vilkaar-og-betingelser\/#breadcrumb\"},\"inLanguage\":\"da-DK\",\"potentialAction\":[{\"@type\":\"ReadAction\",\"target\":[\"https:\/\/loanstar.com\/dk\/vilkaar-og-betingelser\/\"]}]},{\"@type\":\"BreadcrumbList\",\"@id\":\"https:\/\/loanstar.com\/dk\/vilkaar-og-betingelser\/#breadcrumb\",\"itemListElement\":[{\"@type\":\"ListItem\",\"position\":1,\"name\":\"Danmark\",\"item\":\"https:\/\/loanstar.com\/dk\/\"},{\"@type\":\"ListItem\",\"position\":2,\"name\":\"Vilk\u00e5r og betingelser\"}]},{\"@type\":\"WebSite\",\"@id\":\"https:\/\/loanstar.com\/dk\/#website\",\"url\":\"https:\/\/loanstar.com\/dk\/\",\"name\":\"LoanStar Danmark\",\"description\":\"Sammenlign l\u00e5n\",\"potentialAction\":[{\"@type\":\"SearchAction\",\"target\":{\"@type\":\"EntryPoint\",\"urlTemplate\":\"https:\/\/loanstar.com\/dk\/?s={search_term_string}\"},\"query-input\":\"required name=search_term_string\"}],\"inLanguage\":\"da-DK\"}]}<\/script>\n<!-- \/ Yoast SEO plugin. -->","yoast_head_json":{"title":"Vilk\u00e5r og betingelser - LoanStar Danmark","description":"Find ud af, hvad der g\u00f8r sig g\u00e6ldende, n\u00e5r du benytter LoanStar til at finde et godt, billigt bolig-, bil-, forbrugs- eller kvikl\u00e5n i 2019","robots":{"index":"index","follow":"follow","max-snippet":"max-snippet:-1","max-image-preview":"max-image-preview:large","max-video-preview":"max-video-preview:-1"},"canonical":"https:\/\/loanstar.com\/dk\/vilkaar-og-betingelser\/","og_locale":"da_DK","og_type":"article","og_title":"Vilk\u00e5r og betingelser - LoanStar Danmark","og_description":"Find ud af, hvad der g\u00f8r sig g\u00e6ldende, n\u00e5r du benytter LoanStar til at finde et godt, billigt bolig-, bil-, forbrugs- eller kvikl\u00e5n i 2019","og_url":"https:\/\/loanstar.com\/dk\/vilkaar-og-betingelser\/","og_site_name":"LoanStar Danmark","article_modified_time":"2019-06-07T18:16:36+00:00","twitter_card":"summary_large_image","twitter_misc":{"Estimeret l\u00e6setid":"5 minutter"},"schema":{"@context":"https:\/\/schema.org","@graph":[{"@type":"WebPage","@id":"https:\/\/loanstar.com\/dk\/vilkaar-og-betingelser\/","url":"https:\/\/loanstar.com\/dk\/vilkaar-og-betingelser\/","name":"Vilk\u00e5r og betingelser - LoanStar Danmark","isPartOf":{"@id":"https:\/\/loanstar.com\/dk\/#website"},"datePublished":"2018-10-29T08:32:15+00:00","dateModified":"2019-06-07T18:16:36+00:00","description":"Find ud af, hvad der g\u00f8r sig g\u00e6ldende, n\u00e5r du benytter LoanStar til at finde et godt, billigt bolig-, bil-, forbrugs- eller kvikl\u00e5n i 2019","breadcrumb":{"@id":"https:\/\/loanstar.com\/dk\/vilkaar-og-betingelser\/#breadcrumb"},"inLanguage":"da-DK","potentialAction":[{"@type":"ReadAction","target":["https:\/\/loanstar.com\/dk\/vilkaar-og-betingelser\/"]}]},{"@type":"BreadcrumbList","@id":"https:\/\/loanstar.com\/dk\/vilkaar-og-betingelser\/#breadcrumb","itemListElement":[{"@type":"ListItem","position":1,"name":"Danmark","item":"https:\/\/loanstar.com\/dk\/"},{"@type":"ListItem","position":2,"name":"Vilk\u00e5r og betingelser"}]},{"@type":"WebSite","@id":"https:\/\/loanstar.com\/dk\/#website","url":"https:\/\/loanstar.com\/dk\/","name":"LoanStar Danmark","description":"Sammenlign l\u00e5n","potentialAction":[{"@type":"SearchAction","target":{"@type":"EntryPoint","urlTemplate":"https:\/\/loanstar.com\/dk\/?s={search_term_string}"},"query-input":"required name=search_term_string"}],"inLanguage":"da-DK"}]}},"_links":{"self":[{"href":"https:\/\/loanstar.com\/dk\/wp-json\/wp\/v2\/pages\/213"}],"collection":[{"href":"https:\/\/loanstar.com\/dk\/wp-json\/wp\/v2\/pages"}],"about":[{"href":"https:\/\/loanstar.com\/dk\/wp-json\/wp\/v2\/types\/page"}],"author":[{"embeddable":true,"href":"https:\/\/loanstar.com\/dk\/wp-json\/wp\/v2\/users\/1"}],"replies":[{"embeddable":true,"href":"https:\/\/loanstar.com\/dk\/wp-json\/wp\/v2\/comments?post=213"}],"version-history":[{"count":3,"href":"https:\/\/loanstar.com\/dk\/wp-json\/wp\/v2\/pages\/213\/revisions"}],"predecessor-version":[{"id":388,"href":"https:\/\/loanstar.com\/dk\/wp-json\/wp\/v2\/pages\/213\/revisions\/388"}],"wp:attachment":[{"href":"https:\/\/loanstar.com\/dk\/wp-json\/wp\/v2\/media?parent=213"}],"curies":[{"name":"wp","href":"https:\/\/api.w.org\/{rel}","templated":true}]}}