{"id":206,"date":"2018-10-29T08:30:33","date_gmt":"2018-10-29T08:30:33","guid":{"rendered":"http:\/\/loanstar.com\/dk\/?page_id=206"},"modified":"2019-06-10T21:49:31","modified_gmt":"2019-06-10T19:49:31","slug":"cookies","status":"publish","type":"page","link":"https:\/\/loanstar.com\/dk\/cookies\/","title":{"rendered":"Cookies"},"content":{"rendered":"<p>Dette er LoanStars Cookiepolitik (tilg\u00e6ngelig p\u00e5 http:\/\/loanstar.com)<\/p>\n<h2>Hvad er cookies<\/h2>\n<p>Som det er almindelig praksis for n\u00e6sten alle professionelle hjemmesider, bruger dette websted cookies (sm\u00e5 filer der downloades for at forbedre brugeroplevelsen). Denne side beskriver hvilke oplysninger, de indsamler, hvordan vi bruger dem, og hvorfor vi nogle gange har brug for at gemme disse cookies. Vi vil ogs\u00e5 fort\u00e6lle, hvordan du forhindrer, at disse cookies gemmes, men dette kan nedgradere eller &#8220;\u00f8del\u00e6gge&#8221; visse funktioner i webstedets funktionalitet.<\/p>\n<p>For generel information om cookies anbefaler vi, at du tager et kig p\u00e5 <a href=\"https:\/\/en.wikipedia.org\/wiki\/HTTP_cookie\">Wikipedia <\/a>artiklen om HTTP cookies.<\/p>\n<h2>Hvordan bruger vi cookies<\/h2>\n<p>Vi bruger cookies af flere \u00e5rsager, som beskrevet i detaljer nedenfor. Desv\u00e6rre er der i de fleste tilf\u00e6lde ingen industriindstillinger for at deaktivere cookies uden helt at deaktivere funktionaliteten og funktionerne, de tilf\u00f8jer til de websteder, som de findes p\u00e5. Det anbefales, at du tillader alle cookies, hvis du ikke er sikker p\u00e5, om du har brug for dem eller ej, hvis de bruges til at levere en tjeneste, du bruger.<\/p>\n<h3>Deaktivering af cookies<\/h3>\n<p>Du kan ben\u00e6gte brugen af cookies ved at \u00e6ndre p\u00e5 indstillingerne i din browser (se din browsers hj\u00e6lpefunktion for yderligere information om hvordan du g\u00f8r dette). Bem\u00e6rk, at deaktivering af cookies vil p\u00e5virke funktionaliteten af dette og mange andre websteder, du bes\u00f8ger. Derfor anbefales det, at du ikke deaktiverer cookies.<\/p>\n<p>For at deaktivere cookies i din browser skal du ind under indstillinger. Se mere her:<\/p>\n<p><a href=\"https:\/\/support.google.com\/chrome\/answer\/95647\">Google Chrome<\/a><\/p>\n<p><a href=\"https:\/\/support.microsoft.com\/da-dk\/help\/17442\/windows-internet-explorer-delete-manage-cookies\">Internet Explorer<\/a><\/p>\n<p><a href=\"https:\/\/support.mozilla.org\/da\/kb\/cookies-information-som-websteder-gemmer-paa-din-computer\">Firefox<\/a><\/p>\n<h2>De cookies vi bruger<\/h2>\n<p>For at give dig en god oplevelse p\u00e5 dette websted giver vi dig funktionaliteten til at angive dine pr\u00e6ferencer for, hvordan dette websted fungerer, n\u00e5r du bruger det. For at huske dine pr\u00e6ferencer bruger vi cookies, s\u00e5 disse oplysninger kan fremkaldes, n\u00e5r de kommunikerer med en side, der er p\u00e5virket af dine pr\u00e6ferencer.<\/p>\n<h2>Tredjepartscookies<\/h2>\n<p>I nogle s\u00e6rlige tilf\u00e6lde bruger vi ogs\u00e5 cookies fra betroede tredjeparter. I det f\u00f8lgende afsnit beskrives hvilke tredjepartscookies du kan st\u00f8de p\u00e5 via dette websted.<\/p>\n<h6>Google Analytics<\/h6>\n<p>Denne hjemmeside bruger Google Analytics, som er en af de mest udbredte og p\u00e5lidelige online analysel\u00f8sninger, til at hj\u00e6lpe os med at forst\u00e5 hvordan hjemmesiden bruges, og hvordan vi kan forbedre brugeroplevelsen af den. Disse cookies kan spore ting s\u00e5som hvor lang tid du bruger p\u00e5 webstedet og siderne, du bes\u00f8ger, s\u00e5 vi kan forts\u00e6tte med at producere engagerende indhold. F\u00e5 flere oplysninger om Google Analytics-cookies p\u00e5 den <a href=\"https:\/\/developers.google.com\/analytics\/devguides\/collection\/analyticsjs\/cookie-usage\">officielle Google Analytics-side<\/a>.<\/p>\n<p>Fra tid til anden tester vi nye funktioner og foretager subtile \u00e6ndringer i den m\u00e5de, webstedet leveres p\u00e5. N\u00e5r vi fors\u00f8ger stadig nye funktioner, bruger vi cookies til at sikre, at du f\u00e5r en ensartet oplevelse, mens du er p\u00e5 webstedet. Brugerne v\u00e6rds\u00e6tter denne form for optimeringer.<\/p>\n<p>Her kan du l\u00e6re mere om <a href=\"https:\/\/policies.google.com\/privacy\">Googles privatlivspolitik<\/a>.<\/p>\n<p>Hvis du \u00f8nsker at undg\u00e5 m\u00e5ling af data via Google Universal Analytics, kan du deaktivere Google Universal Analytics ved hj\u00e6lp af denne <a href=\"https:\/\/tools.google.com\/dlpage\/gaoptout?hl=en\">browserudvidelse<\/a>. For at forhindre Universal Analytics-sporing p\u00e5 tv\u00e6rs af enheder, skal du frav\u00e6lge alle systemer, du bruger.<\/p>\n<p>Alternativt kan du oprette en passende cookieindstillingskonfiguration i din browser.<\/p>\n<p>Vi bruger ogs\u00e5 sociale medier-knapper og\/eller plugins p\u00e5 dette websted, som giver dig mulighed for at oprette forbindelse til dit sociale netv\u00e6rk p\u00e5 forskellige m\u00e5der. For at virke p\u00e5 de p\u00e5 f\u00f8lgende sociale medier (herunder Facebook) giver vi cookies p\u00e5 vores websted, der kan bruges til at forbedre din profil p\u00e5 deres websted eller bidrage til de data, de har til forskellige form\u00e5l, og som er angivet i deres respektive privatlivspolitikker.<\/p>\n<p><a href=\"https:\/\/www.facebook.com\/policies\/cookies\/\">Cookie Retningslinjer for Facebook<\/a><\/p>\n<h6>Google reCAPTCHA<\/h6>\n<p>For at beskytte beskeder sendt via kontaktformular bruger vi reCAPTCHA-tjenesten fra Google Inc. (Google). Foresp\u00f8rgslen bruges til at skelne mellem indl\u00e6sninger, der foretaget af et menneske og automatiske og mekaniske indl\u00e6sninger. Foresp\u00f8rgslen omfatter at sende IP-adressen og alle andre data, som Google kr\u00e6ver til reCAPTCHA-tjenesten til Google.<\/p>\n<p>Til dette form\u00e5l overf\u00f8res dit input til Google og bruges der. Ved at bruge reCAPTCHA accepterer du, at den bekr\u00e6ftelse, du giver, vil blive brugt til digitalisering af gamle v\u00e6rker.<\/p>\n<p>P\u00e5 vegne af Digital Takeover Ltd vil Google bruge disse oplysninger til at evaluere din brug af denne service.<\/p>\n<p>IP-adressen, der sendes af din browser som en del af reCAPTCHA, bliver ikke sl\u00e5et sammen med andre data fra Google. Disse data er underlagt Googles privatlivspolitik.<\/p>\n<p>F\u00e5 flere oplysninger om Googles privatliv p\u00e5: <a href=\"https:\/\/policies.google.com\/privacy?hl=da\">https:\/\/policies.google.com\/privacy?hl=da<\/a><\/p>\n<h6>Affiliate Tracking Cookies<\/h6>\n<p>Digital Takeover Ltd, der er operat\u00f8r af Loanstar.com, har integreret affilierede links fra forskellige affiliate netv\u00e6rk og andre tredjepartsannonc\u00f8rer.<\/p>\n<p>LoanStar.com overtager udgiverens rolle ved at udgive indhold. Forskellige udbydere p\u00e5tager sig annonc\u00f8rens rolle. Ved at bruge indhold og sammenligningstjeneste p\u00e5 LoanStar.com kan du f\u00e5 adgang til annonc\u00f8rens websted via en vedh\u00e6ftet link, hvor du kan bestille det finansielle produkt eller kr\u00e6ve et l\u00e5n. Ved vellykket salg modtager vi en provision, der giver os mulighed for at offentligg\u00f8re yderligere gratis indhold for dig og forbedre vores sammenligningssystemer.<\/p>\n<p>S\u00e5 snart du n\u00e5r s\u00e6lgeren ved hj\u00e6lp af vores affiliate link, gemmes en cookie i din browser. Form\u00e5let med at gemme cookies er behandling af provisionbetalinger mellem handlende og forlag, der forvaltes af det tilknyttede netv\u00e6rk.<\/p>\n<p>De gemte, associerede cookies indeholder ingen personlige data. Kun udgiverens identifikationsnummer (LoanStar.com), s\u00e5vel som almindelige tal p\u00e5 de bes\u00f8gende p\u00e5 hjemmesiden, den tid og indekset for det tilknyttede link er gemt. Alle tilknyttede cookies behandles og slettes efter h\u00f8jst 90 dage.<\/p>\n<p>Som n\u00e6vnt ovenfor kan du forbyde opbevaring af cookies i dine browserindstillinger. Du har ogs\u00e5 mulighed for at slette cookies til enhver tid.<\/p>\n<h2>Ret til indsigt og indsigelser<\/h2>\n<p>Forh\u00e5bentlig har overst\u00e5ende givet nogen afklaring, og som det tidligere blev n\u00e6vnt: Hvis du er i tvivl om hvorvidt du har brug for cookies eller ej, er det som regel sikrere at tillade cookies. Det kan v\u00e6re, at de interagerer med en af de funktioner, du bruger p\u00e5 vores hjemmeside.<\/p>\n<p>Du har altid ret til indsigt i de personlige data, der er lagret hos Digital Takeover Ltd (ejer og operat\u00f8r af LoanStar.com). Du har til enhver tid ogs\u00e5 mulighed for at tilbagekalde dit samtykke til og anmode om sletning af personlige oplysninger, der allerede er behandlet.<\/p>\n<p>Hvis du stadig s\u00f8ger mere information, s\u00e5 kontakt os venligst via en af vores foretrukne kontaktmetoder:<\/p>\n<ul>\n<li><strong>Email:<\/strong> hi@digitaltakeover.org<\/li>\n<li><strong>Post:<\/strong> Digital Takeover LTD, Plaza Commercial Centre, Level 8, Suite 5, Bisazza Street, Sliema, SLM1640, MALTA<\/li>\n<\/ul>\n<p>P\u00e5 anmodning vil du skriftligt blive underrettet om, hvilke personlige data Digital Takeover Ltd har gemt om dig, hvis nogen. Du m\u00e5 forbyde behandling af dine data til enhver tid skriftligt uden at begrunde det.<\/p>\n","protected":false},"excerpt":{"rendered":"<p>Dette er LoanStars Cookiepolitik (tilg\u00e6ngelig p\u00e5 http:\/\/loanstar.com) Hvad er cookies Som det er almindelig praksis for n\u00e6sten alle professionelle hjemmesider,&#8230;<\/p>\n","protected":false},"author":1,"featured_media":0,"parent":0,"menu_order":0,"comment_status":"closed","ping_status":"closed","template":"templates\/terms-of-use.php","meta":{"footnotes":""},"yoast_head":"<!-- This site is optimized with the Yoast SEO plugin v21.0 - https:\/\/yoast.com\/wordpress\/plugins\/seo\/ -->\n<title>Cookies | Hvad er det, hvorfor bruger vi dem? | LoanStar<\/title>\n<meta name=\"description\" content=\"Cookies er til for dig, og da vi hos LoanStar altid s\u00f8ger at give dig den bedste service, benytter vi cookies. Vil du vide mere? S\u00e5 l\u00e6s med her...\" \/>\n<meta name=\"robots\" content=\"index, follow, max-snippet:-1, max-image-preview:large, max-video-preview:-1\" \/>\n<link rel=\"canonical\" href=\"https:\/\/loanstar.com\/dk\/cookies\/\" \/>\n<meta property=\"og:locale\" content=\"da_DK\" \/>\n<meta property=\"og:type\" content=\"article\" \/>\n<meta property=\"og:title\" content=\"Cookies | Hvad er det, hvorfor bruger vi dem? | LoanStar\" \/>\n<meta property=\"og:description\" content=\"Cookies er til for dig, og da vi hos LoanStar altid s\u00f8ger at give dig den bedste service, benytter vi cookies. Vil du vide mere? S\u00e5 l\u00e6s med her...\" \/>\n<meta property=\"og:url\" content=\"https:\/\/loanstar.com\/dk\/cookies\/\" \/>\n<meta property=\"og:site_name\" content=\"LoanStar Danmark\" \/>\n<meta property=\"article:modified_time\" content=\"2019-06-10T19:49:31+00:00\" \/>\n<meta name=\"twitter:card\" content=\"summary_large_image\" \/>\n<meta name=\"twitter:label1\" content=\"Estimeret l\u00e6setid\" \/>\n\t<meta name=\"twitter:data1\" content=\"6 minutter\" \/>\n<script type=\"application\/ld+json\" class=\"yoast-schema-graph\">{\"@context\":\"https:\/\/schema.org\",\"@graph\":[{\"@type\":\"WebPage\",\"@id\":\"https:\/\/loanstar.com\/dk\/cookies\/\",\"url\":\"https:\/\/loanstar.com\/dk\/cookies\/\",\"name\":\"Cookies | Hvad er det, hvorfor bruger vi dem? | LoanStar\",\"isPartOf\":{\"@id\":\"https:\/\/loanstar.com\/dk\/#website\"},\"datePublished\":\"2018-10-29T08:30:33+00:00\",\"dateModified\":\"2019-06-10T19:49:31+00:00\",\"description\":\"Cookies er til for dig, og da vi hos LoanStar altid s\u00f8ger at give dig den bedste service, benytter vi cookies. Vil du vide mere? S\u00e5 l\u00e6s med her...\",\"breadcrumb\":{\"@id\":\"https:\/\/loanstar.com\/dk\/cookies\/#breadcrumb\"},\"inLanguage\":\"da-DK\",\"potentialAction\":[{\"@type\":\"ReadAction\",\"target\":[\"https:\/\/loanstar.com\/dk\/cookies\/\"]}]},{\"@type\":\"BreadcrumbList\",\"@id\":\"https:\/\/loanstar.com\/dk\/cookies\/#breadcrumb\",\"itemListElement\":[{\"@type\":\"ListItem\",\"position\":1,\"name\":\"Danmark\",\"item\":\"https:\/\/loanstar.com\/dk\/\"},{\"@type\":\"ListItem\",\"position\":2,\"name\":\"Cookies\"}]},{\"@type\":\"WebSite\",\"@id\":\"https:\/\/loanstar.com\/dk\/#website\",\"url\":\"https:\/\/loanstar.com\/dk\/\",\"name\":\"LoanStar Danmark\",\"description\":\"Sammenlign l\u00e5n\",\"potentialAction\":[{\"@type\":\"SearchAction\",\"target\":{\"@type\":\"EntryPoint\",\"urlTemplate\":\"https:\/\/loanstar.com\/dk\/?s={search_term_string}\"},\"query-input\":\"required name=search_term_string\"}],\"inLanguage\":\"da-DK\"}]}<\/script>\n<!-- \/ Yoast SEO plugin. -->","yoast_head_json":{"title":"Cookies | Hvad er det, hvorfor bruger vi dem? | LoanStar","description":"Cookies er til for dig, og da vi hos LoanStar altid s\u00f8ger at give dig den bedste service, benytter vi cookies. Vil du vide mere? S\u00e5 l\u00e6s med her...","robots":{"index":"index","follow":"follow","max-snippet":"max-snippet:-1","max-image-preview":"max-image-preview:large","max-video-preview":"max-video-preview:-1"},"canonical":"https:\/\/loanstar.com\/dk\/cookies\/","og_locale":"da_DK","og_type":"article","og_title":"Cookies | Hvad er det, hvorfor bruger vi dem? | LoanStar","og_description":"Cookies er til for dig, og da vi hos LoanStar altid s\u00f8ger at give dig den bedste service, benytter vi cookies. Vil du vide mere? S\u00e5 l\u00e6s med her...","og_url":"https:\/\/loanstar.com\/dk\/cookies\/","og_site_name":"LoanStar Danmark","article_modified_time":"2019-06-10T19:49:31+00:00","twitter_card":"summary_large_image","twitter_misc":{"Estimeret l\u00e6setid":"6 minutter"},"schema":{"@context":"https:\/\/schema.org","@graph":[{"@type":"WebPage","@id":"https:\/\/loanstar.com\/dk\/cookies\/","url":"https:\/\/loanstar.com\/dk\/cookies\/","name":"Cookies | Hvad er det, hvorfor bruger vi dem? | LoanStar","isPartOf":{"@id":"https:\/\/loanstar.com\/dk\/#website"},"datePublished":"2018-10-29T08:30:33+00:00","dateModified":"2019-06-10T19:49:31+00:00","description":"Cookies er til for dig, og da vi hos LoanStar altid s\u00f8ger at give dig den bedste service, benytter vi cookies. Vil du vide mere? S\u00e5 l\u00e6s med her...","breadcrumb":{"@id":"https:\/\/loanstar.com\/dk\/cookies\/#breadcrumb"},"inLanguage":"da-DK","potentialAction":[{"@type":"ReadAction","target":["https:\/\/loanstar.com\/dk\/cookies\/"]}]},{"@type":"BreadcrumbList","@id":"https:\/\/loanstar.com\/dk\/cookies\/#breadcrumb","itemListElement":[{"@type":"ListItem","position":1,"name":"Danmark","item":"https:\/\/loanstar.com\/dk\/"},{"@type":"ListItem","position":2,"name":"Cookies"}]},{"@type":"WebSite","@id":"https:\/\/loanstar.com\/dk\/#website","url":"https:\/\/loanstar.com\/dk\/","name":"LoanStar Danmark","description":"Sammenlign l\u00e5n","potentialAction":[{"@type":"SearchAction","target":{"@type":"EntryPoint","urlTemplate":"https:\/\/loanstar.com\/dk\/?s={search_term_string}"},"query-input":"required name=search_term_string"}],"inLanguage":"da-DK"}]}},"_links":{"self":[{"href":"https:\/\/loanstar.com\/dk\/wp-json\/wp\/v2\/pages\/206"}],"collection":[{"href":"https:\/\/loanstar.com\/dk\/wp-json\/wp\/v2\/pages"}],"about":[{"href":"https:\/\/loanstar.com\/dk\/wp-json\/wp\/v2\/types\/page"}],"author":[{"embeddable":true,"href":"https:\/\/loanstar.com\/dk\/wp-json\/wp\/v2\/users\/1"}],"replies":[{"embeddable":true,"href":"https:\/\/loanstar.com\/dk\/wp-json\/wp\/v2\/comments?post=206"}],"version-history":[{"count":2,"href":"https:\/\/loanstar.com\/dk\/wp-json\/wp\/v2\/pages\/206\/revisions"}],"predecessor-version":[{"id":395,"href":"https:\/\/loanstar.com\/dk\/wp-json\/wp\/v2\/pages\/206\/revisions\/395"}],"wp:attachment":[{"href":"https:\/\/loanstar.com\/dk\/wp-json\/wp\/v2\/media?parent=206"}],"curies":[{"name":"wp","href":"https:\/\/api.w.org\/{rel}","templated":true}]}}