{"id":159,"date":"2018-10-04T12:08:09","date_gmt":"2018-10-04T12:08:09","guid":{"rendered":"http:\/\/loanstar.com\/dk\/?page_id=159"},"modified":"2019-07-12T16:55:57","modified_gmt":"2019-07-12T14:55:57","slug":"mobillan","status":"publish","type":"page","link":"https:\/\/loanstar.com\/dk\/lan-penge\/mobillan\/","title":{"rendered":"Mobill\u00e5n"},"content":{"rendered":"<h2>Brug mobiltelefonen til at ans\u00f8ge om et mobill\u00e5n<\/h2>\n<p>Sammenligner vi l\u00e5nemarkedet for 10 \u00e5r siden med markedet i dag, s\u00e5 er der meget stor forskel. F\u00f8r i tiden var kun f\u00e5 forskellige typer l\u00e5n tilg\u00e6ngelig p\u00e5 markedet og dem, man kunne finde, var som regel tilbudt af bankerne.<\/p>\n<p>Siden er der sket meget, og efterh\u00e5nden som mange har f\u00e5et \u00f8jnene op for <a href=\"http:\/\/loanstar.com\/dk\/lan-penge\/forbrugslan\/\">forbrugsl\u00e5n<\/a> og hvad de kan bruges til, er markedet ogs\u00e5 blevet st\u00f8rre og st\u00f8rre. Det er en af grundene til, at vi nu ser l\u00e5ntyper som <a href=\"http:\/\/loanstar.com\/dk\/lan-penge\/kviklan\/\" target=\"_blank\" rel=\"noopener noreferrer\">kvikl\u00e5n<\/a>, minil\u00e5n, <a href=\"http:\/\/loanstar.com\/dk\/lan-penge\/mobillan\/\" target=\"_blank\" rel=\"noopener noreferrer\">mobill\u00e5n<\/a> og <a href=\"http:\/\/loanstar.com\/dk\/lan-penge\/sms-lan\/\" target=\"_blank\" rel=\"noopener noreferrer\">sms l\u00e5n<\/a> p\u00e5 markedet, som folk har taget godt imod.<\/p>\n<h3>Fordele ved forbrugsl\u00e5n<\/h3>\n<p>Fordelen ved forbrugsl\u00e5n er, at bankerne og de forskellige l\u00e5neinstitutter ikke stiller nogen krav til, hvad l\u00e5net skal bruges til. Det giver en anden form for frihed, og det er formentlig den vigtigste \u00e5rsag til, at l\u00e5nene er blevet s\u00e5 popul\u00e6re.<\/p>\n<p>En anden grund er naturligvis, at de er mere tilg\u00e6ngelige, end de var f\u00f8r i tiden. Det er ikke l\u00e6ngere n\u00f8dvendigt at aftale tid med banken og forklare dem, hvorfor man har behov for et forbrugsl\u00e5n. I stedet kan man let s\u00f8ge efter mobill\u00e5n p\u00e5 nettet, og det er endda muligt at f\u00e5 hj\u00e6lp til at sammenligne de mange forskellige l\u00e5ngivere.<\/p>\n<h3>Bes\u00f8g sammenligningssider p\u00e5 mobilen<\/h3>\n<p>Det kan g\u00f8res ved at g\u00e5 ind p\u00e5 en sammenligningsside, hvor man kan f\u00e5 overblik over, hvad et l\u00e5n vil koste, samt finde frem til det l\u00e5n, som passer bedst til ens egen \u00f8konomi. Sidst men ikke mindst har de fleste af os i dag en mobiltelefon. Den har efterh\u00e5nden f\u00e5et mange forskellige funktioner, og en af dem er, at vi ogs\u00e5 kan ans\u00f8ge om l\u00e5n via mobilen.<\/p>\n<p>Ligsom med en almindelig computer kan man bes\u00f8ge forskellige l\u00e5ngiveres hjemmesider og enten sende en ans\u00f8gning via telefonens browser eller ans\u00f8ge om et mobill\u00e5n. Her benytter man sig kun af sms, og b\u00e5de ans\u00f8gning og tilbagemelding foreg\u00e5r over sms. Ekstremt let og praktisk for mange.<\/p>\n<h2>Hvad er betingelserne for at f\u00e5 et mobill\u00e5n?<\/h2>\n<p>Som n\u00e6vnt er udbudet af forskellige typer l\u00e5n meget stort i dag. Hvis du tester vores service og sammenligner l\u00e5n, vil du modtage mange tilbud om <a href=\"http:\/\/loanstar.com\/dk\/lan-penge\/sms-lan\/\">sms l\u00e5n<\/a>, mobill\u00e5n, minil\u00e5n og <a href=\"http:\/\/loanstar.com\/dk\/lan-penge\/kviklan\/\">kvikl\u00e5n<\/a> fra forskellige l\u00e5ngivere, der alle konkurrerer om at f\u00e5 dig som kunde. Alle l\u00e5netilbud er dog allerede baseret p\u00e5 en forventning om, at du har en god chance for at betale l\u00e5net tilbage.<\/p>\n<p>Ofte har bankerne og l\u00e5neinstitutterne sat en minimumsgr\u00e6nse for, hvor lav en indkomst du m\u00e5 have f\u00f8r de kan godkende din ans\u00f8gning. Denne gr\u00e6nse afh\u00e6nger selvf\u00f8lgelig af, hvor meget du s\u00f8ger om at l\u00e5ne, og derfor vil det v\u00e6re lettere at f\u00e5 godkendt en l\u00e5neans\u00f8gning om et mobill\u00e5n p\u00e5 f.eks. 5.000 kr. i forhold til 50.000 kr., hvis din indkomst ikke er s\u00e5 stor.<\/p>\n<p>At l\u00e5ne penge uden en indkomst er ret sv\u00e6rt og sandsynligvis heller ikke s\u00e6rlig forsvarligt. L\u00e5ngiverne stiller ikke krav om, at du skal have en h\u00f8j m\u00e5nedlig indkomst, og det er derfor ogs\u00e5 muligt at f\u00e5 godkendt en l\u00e5neans\u00f8gning, selvom du er studerende, har <a href=\"https:\/\/www.akasseguiden.dk\/?gclid=CjwKCAiAqOriBRAfEiwAEb9oXe5Xvw9Qbptnc0WzY0Pt44Nxy_-No8RjERxFbf4v4Dgmgf7j2O6niRoC2CEQAvD_BwE\">A-kasse<\/a> eller andre mindre indkomster.<\/p>\n<p>Forvent dog, at renten vil v\u00e6re lidt h\u00f8jere, fordi l\u00e5ngiver rent faktisk ser det som en st\u00f8rre risiko end at l\u00e5ne penge ud til en person, der modtager en fast m\u00e5nedsl\u00f8n hver m\u00e5ned.<\/p>\n<h2>Hvordan foreg\u00e5r l\u00e5neprocessen?<\/h2>\n<p>Hvis du sidder du og overvejer et mobill\u00e5n, s\u00e5 er det meget godt at kende lidt til selve l\u00e5neprocessen. Vi vil derfor kort opsummere, hvordan l\u00e5neprocessen typisk ser ud. Du vil ofte f\u00e5 det bedste resultat (l\u00e6s: billigste l\u00e5n) ved at bruge en sammenligningsside.<\/p>\n<p>Her f\u00e5r du let et overblik over hvilke banker og l\u00e5neinstitutter, der tilbyder den type l\u00e5n, du er p\u00e5 jagt efter, uanset om det er <a href=\"http:\/\/loanstar.com\/dk\/lan-penge\/sms-lan\/\">sms l\u00e5n<\/a>, <a href=\"http:\/\/loanstar.com\/dk\/lan-penge\/kviklan\/\">kvikl\u00e5n<\/a>, mobill\u00e5n eller en anden type usikret l\u00e5n. Siden vil v\u00e6re delt ind i de forskellige typer l\u00e5n og du kan s\u00e5 se, hvad et l\u00e5n som udgangspunkt koster hos de forskellige l\u00e5ngivere.<\/p>\n<p>N\u00e5r vi skriver som udgangspunkt er det blandt andet fordi, at renten bliver fastsat ud fra et kreditcheck, som l\u00e5ngiveren foretager af dig person. Derfor vil omkostningerne variere fra person til person.<\/p>\n<h3>De f\u00f8rste skridt<\/h3>\n<p>N\u00e5r du har fundet frem til det l\u00e5n, du mener er det bedste for dig, kan du sende din ans\u00f8gning direkte fra sammenligningssiden ved at klikke p\u00e5 &#8220;ans\u00f8g l\u00e5n&#8221;- knappen. Hvis du \u00f8nsker at f\u00e5 flere forskellige l\u00e5netilbud, kan du selvf\u00f8lgelig s\u00f8ge hos flere l\u00e5ngivere p\u00e5 samme tid.<img decoding=\"async\" class=\"size-full wp-image-125 alignright\" src=\"http:\/\/loanstar.com\/dk\/wp-content\/uploads\/sites\/13\/2018\/10\/list-info-img-2.svg\" alt=\"\" width=\"312\" \/><\/p>\n<p>Efter du har klikket p\u00e5 knappen, vil du blive sendt til l\u00e5neudbyderens hjemmeside, og her du ans\u00f8ger om l\u00e5net. Du skal udfylde de oplysninger, der p\u00e5kr\u00e6ves, hvilket normalt indeb\u00e6rer dit fulde navn, adresse, telefonnummer, CPR-nummer og hvor meget, du \u00f8nsker at l\u00e5ne.<\/p>\n<p>Fordelen ved at bruge en sammenligningsside er, at de er tilpasset mobiltelefoner, og at du derfor let kan bruge din telefon til at s\u00f8ge i stedet for at vente, til du er i n\u00e6rheden af en computer. Hvis den l\u00e5neudbyder, du har valgt, ogs\u00e5 tilbyder mobill\u00e5n, kan du ogs\u00e5 benytte dig af den metode.<\/p>\n<h3>Efter din ans\u00f8gning er blevet sendt<\/h3>\n<p>N\u00e5r din ans\u00f8gning om et f\u00f8rst mobill\u00e5n er sendt afsted, g\u00e5r der som regel ikke lang, tid f\u00f8r du f\u00e5r svar. Behandlingstiden varierer fra l\u00e5ngiver til l\u00e5ngiver, men de fleste peger gerne p\u00e5 deres hurtige behandlingstid som en fordel, n\u00e5r de reklamerer med, hvorfor man b\u00f8r v\u00e6lge netop deres l\u00e5n.<\/p>\n<p>S\u00e5 snart din ans\u00f8gning har v\u00e6ret igennem det automatiske kreditcheck, f\u00e5r du besked om din ans\u00f8gning er blevet godkendt eller afvist. Bliver din ans\u00f8gning godkendt, modtager du et l\u00e5netilbud med information om, hvor meget du f\u00e5r lov til at l\u00e5ne, hvor meget du skal betale i rente og andre omkostninger forbundet med l\u00e5net.<\/p>\n<p>Hvis du accepterer tilbudet, skal du med\u00a0dit\u00a0<a href=\"https:\/\/www.nemid.nu\/dk-da\/\" target=\"_blank\" rel=\"noopener noreferrer\">NEM-ID<\/a> bekr\u00e6fte din identitet. N\u00e5r du kommer ind p\u00e5 l\u00e5neudbyderens hjemmeside, bliver du pr\u00e6senteret for l\u00e5nepapirene, og s\u00e5 snart du har godkendt disse, bliver l\u00e5net udbetalt til din bankkonto. Dette kan ske i l\u00f8bet af et par timer, men det kan ogs\u00e5 v\u00e6re, at du m\u00e5 vente til n\u00e6ste dag.<\/p>\n<h3>Hvorn\u00e5r skal et mobill\u00e5n tilbagebetales?<\/h3>\n<p>Et mobill\u00e5n er ens med andre typer usikrede l\u00e5n, og ofte skal is\u00e6r l\u00e5n p\u00e5 mindre bel\u00f8b tilbagebetales i l\u00f8bet af kun et par m\u00e5neder. Det g\u00e6lder for l\u00e5n p\u00e5 op til 10.000 kr., mens man med st\u00f8rre l\u00e5n gerne har l\u00e6ngere tid til at tilbagebetale l\u00e5net.<\/p>\n<p>Det er derfor vigtig at huske p\u00e5, at selvom det hj\u00e6lper med et l\u00e5n p\u00e5 6.000 kr, n\u00e5r man pludselig er havnet i \u00f8konomisk knibe, s\u00e5 skal pengene ogs\u00e5 tilbagebetales inden for kort tid. Med st\u00f8rre l\u00e5n kan man ofte v\u00e6lge, hvor lang tid man vil have til at tilbagebetale l\u00e5net, og n\u00e5r det drejer sig om usikrede l\u00e5n p\u00e5 over 25.000 kr., kan du v\u00e6lge at betale sm\u00e5 afdrag i flere \u00e5r, hvis det passer bedst til din \u00f8konomiske situation.<\/p>\n<p>Mobill\u00e5n og minil\u00e5n regnes som kortsigtede l\u00e5n, og derfor er renten typisk ogs\u00e5 meget h\u00f8jere end p\u00e5 st\u00f8rre l\u00e5n. Forskellene er store, og du b\u00f8r derfor ikke blive overrasket over en \u00c5OP p\u00e5 mellem 20 og 30% eller endnu h\u00f8jere.<\/p>\n<p><a href=\"http:\/\/loanstar.com\/dk\/lan-penge\/kviklan\/\">Kvikl\u00e5n<\/a> og <a href=\"http:\/\/loanstar.com\/dk\/lan-penge\/forbrugslan\/\">forbrugsl\u00e5n<\/a>, hvor man tilbagebetaler l\u00e5net over en \u00e5rr\u00e6kke, har som regel et lavere rentesp\u00e6nd, og derfor kan \u00c5OP ligge p\u00e5 mellem 10 og 20% afh\u00e6ngigt af l\u00e5ngiveren. En grundl\u00e6ggende regel, som kan v\u00e6re fin at huske p\u00e5, er, at jo kortere l\u00f8betid, desto h\u00f8jere \u00c5OP og desto dyrere et l\u00e5n.<\/p>\n<h2>Hvem l\u00e5ner jeg hos?<\/h2>\n<p>Som n\u00e6vnt foroven er markedet for usikrede l\u00e5n blevet meget stort, og det vokser stadigt. Derfor vil der ofte komme nye l\u00e5ngivere p\u00e5 markedet, hvilket kan g\u00f8re det sv\u00e6rt for os forbrugere at f\u00f8lge med. Dette er endnu en god grund til at benytte sig af sammenligningssider.<\/p>\n<p>Her kan man f\u00e5 et godt overblik over, hvem der tilbyder forskellige typer af l\u00e5n og samtidig f\u00f8lge med i, om der kommer nye akt\u00f8rer p\u00e5 markedet, som m\u00e5ske har endnu bedre betingelser. Der er ingen tvivl om, at det kommer l\u00e5ntagerne til gode, is\u00e6r n\u00e5r mange banker og l\u00e5neinstitutter tilbyder l\u00e5n, da de i s\u00e5 fald konkurrerer med hinanden.<\/p>\n<p>Vi skal v\u00e6re de f\u00f8rste til at indr\u00f8mme, at det ikke er de store banker, der tilbyder mobill\u00e5n, <a href=\"http:\/\/loanstar.com\/dk\/lan-penge\/sms-lan\/\">sms l\u00e5n<\/a>, minil\u00e5n og andre usikrede l\u00e5n. Derfor vil du heller ikke finde navne som Danske Bank og Nykredit p\u00e5 nettet, n\u00e5r du s\u00f8ger efter denne type l\u00e5n. Men selvom mange ukendte navne vil dukke op, er der ingen grund til at frygte et l\u00e5n gennem en lille l\u00e5ngiver.<\/p>\n<h3>Finanstilsynets rolle<\/h3>\n<p>I Danmark er alle finansielle virksomheder overv\u00e5get af <a href=\"https:\/\/www.finanstilsynet.dk\/\">Finanstilsynet<\/a>. Det vil sige, at uanset om det er Danske Bank eller Vivus, du skal l\u00e5ne penge af, skal de begge f\u00f8lge de samme regler og love. En af Finanstilsynets hovedopgaver er at sikre, at ingen virksomheder i Danmark udnytter forbrugeren, enten ved at tiltvinge sig en \u00f8konomisk gevinst eller ved at vildlede dem.<\/p>\n<p>Skulle dette ske, vil den virksomhed, som bryder reglerne, blive straffet h\u00e5rdt. Du kan derfor v\u00e6re sikker p\u00e5, at ingen virksomheder, som l\u00e5ner penge ud, benytter sig af smarte tricks for at tjene flere penge. Du skal derfor ikke blive skr\u00e6mt af, at du ikke kender navnet p\u00e5 den l\u00e5neudbyder, som du finder mest tiltr\u00e6kkende.<\/p>\n<h3>Hvem er de mindre l\u00e5neudbydere?<\/h3>\n<p>Det skal ogs\u00e5 siges, at mange af disse sm\u00e5 og ukendte l\u00e5neudbydere i mange tilf\u00e6lde er ejet af de st\u00f8rre banker og andre kendte finansieringsselskaber. Dette er meget almindeligt og sker, fordi de store banker \u00f8nsker at fastholde deres forretningsstrategi, men samtidig ikke \u00f8nsker at g\u00e5 glip af et l\u00e5nemarked i stor fremgang.<\/p>\n<p>I stedet for at \u00e6ndre p\u00e5 en strategi, de har fulgt i mange \u00e5r og som kunder allerede er fortrolige med, s\u00e5 opk\u00f8ber de mindre virksomheder, som allerede er etableret. P\u00e5 den m\u00e5de kan de v\u00e6re til stede i markedet for usikrede l\u00e5n uden at skulle \u00e6ndre p\u00e5 deres egen strategi.<\/p>\n<h2>Fordele og ulemper ved mobill\u00e5n<\/h2>\n<p>Der er fordele og ulemper ved alt i livet, og det g\u00e6lder ogs\u00e5 for mobill\u00e5n. Mange er selvf\u00f8lgelig mest optaget af alle fordelene, s\u00e6rligt med tanke p\u00e5, at man kan f\u00e5 l\u00f8st et eller flere problemer. Det er imidlertid ogs\u00e5 vigtigt at huske p\u00e5, at man p\u00e5tager sig et stort ansvar, n\u00e5r man l\u00e5ner penge. Det kan skabe problemer, hvis man ikke form\u00e5r at betale et l\u00e5n tilbage til tiden.<\/p>\n<p>Lad os se p\u00e5 fordelene f\u00f8rst:<\/p>\n<ul>\n<li>Det er muligt at l\u00f8se et \u00f8konomisk problem, enten samme dag eller senest dagen efter.<\/li>\n<li>N\u00e5r du har bestemt dig for at ans\u00f8ge om et mobill\u00e5n, kan du let finde en l\u00e5ngiver p\u00e5 en sammenligningsside, sende en ans\u00f8gning og f\u00e5 et l\u00e5netilbud i l\u00f8bet af nogle f\u00e5 minutter.<\/li>\n<li>Alle trin kan foretages fra din telefon. Du kan derfor sende en ans\u00f8gning n\u00e5r som helst, og du beh\u00f8ver ikke at vente, til du kommer hjem. Du beh\u00f8ver heller ikke at bruge tid p\u00e5 at aftale m\u00f8der med banken.<\/li>\n<li>Du beh\u00f8ver ikke at stille sikkerhed. Det vil sige, at du ikke skal have egen bolig eller f\u00e5 nogen, du kender, til at stille op som kautionist.<\/li>\n<li>Der er ingen, som sp\u00f8rger dig om, hvad du skal bruge l\u00e5net til. Du kan derfor bruge pengene, som du vil, men husk p\u00e5, at l\u00e5net naturligvis skal betales tilbage.<\/li>\n<li>Der stilles ikke s\u00e5 mange krav til dig som l\u00e5ntager. Det eneste, banken eller l\u00e5neinstituttet er interesseret i, er, at du kan betale l\u00e5net tilbage. Derfor er din indkomst det vigtigste for dem, og ikke hvordan resten af din \u00f8konomi h\u00e6nger sammen.<\/li>\n<\/ul>\n<p>Men der er selvf\u00f8lgelig ogs\u00e5 ulemper ved mobill\u00e5n:<\/p>\n<ul>\n<li>At bruge sin mobiltelefon til at ans\u00f8ge om l\u00e5n s\u00e6tter ogs\u00e5 nogle begr\u00e6nsninger. Hvis du f.eks. har s\u00e6rlige oplysninger, du mener er vigtigt at f\u00e5 med, s\u00e5 er det desv\u00e6rre ikke muligt. Da m\u00e5 du kontakte l\u00e5ngiveren direkte og forklare dem situationen.<\/li>\n<li>Denne form for l\u00e5n kan koste mange penge. S\u00e6rligt ved\u00a0<a href=\"http:\/\/loanstar.com\/dk\/lan-penge\/sms-lan\/\">sms l\u00e5n<\/a>, minil\u00e5n og mobill\u00e5n, hvor det er normalt med en meget kort l\u00f8betid, vil renten v\u00e6re t\u00e5rnh\u00f8j, og etablering af l\u00e5net kan i nogle tilf\u00e6lde koste 50% af l\u00e5nebel\u00f8bet.<\/li>\n<li>Sidst men ikke mindst kan det til tider blive for fristende, n\u00e5r man pludselig har f\u00e5et l\u00e5net ind p\u00e5 bankkontoen. Da er der stor fare for, at pengene bliver brugt til noget andet end det, man oprindeligt havde planlagt, og dermed f\u00e5r man ikke l\u00f8st problemet.<\/li>\n<\/ul>\n","protected":false},"excerpt":{"rendered":"<p>Brug mobiltelefonen til at ans\u00f8ge om et mobill\u00e5n Sammenligner vi l\u00e5nemarkedet for 10 \u00e5r siden med markedet i dag, s\u00e5&#8230;<\/p>\n","protected":false},"author":1,"featured_media":0,"parent":98,"menu_order":0,"comment_status":"closed","ping_status":"closed","template":"templates\/calculator-follow-up.php","meta":{"footnotes":""},"yoast_head":"<!-- This site is optimized with the Yoast SEO plugin v21.0 - https:\/\/yoast.com\/wordpress\/plugins\/seo\/ -->\n<title>De bedste mobill\u00e5n i Danmark i 2019. L\u00e5n op til 20.000 kr i dag - LoanStar<\/title>\n<meta name=\"description\" content=\"Brug for et hurtigt mobill\u00e5n? Ans\u00f8g om l\u00e5n p\u00e5 op til 20.000 kr. med et mobill\u00e5n fra Danmarks st\u00f8rste udbydere. Se oversigten p\u00e5 Loanstar.\" \/>\n<meta name=\"robots\" content=\"index, follow, max-snippet:-1, max-image-preview:large, max-video-preview:-1\" \/>\n<link rel=\"canonical\" href=\"https:\/\/loanstar.com\/dk\/lan-penge\/mobillan\/\" \/>\n<meta property=\"og:locale\" content=\"da_DK\" \/>\n<meta property=\"og:type\" content=\"article\" \/>\n<meta property=\"og:title\" content=\"De bedste mobill\u00e5n i Danmark i 2019. L\u00e5n op til 20.000 kr i dag - LoanStar\" \/>\n<meta property=\"og:description\" content=\"Brug for et hurtigt mobill\u00e5n? Ans\u00f8g om l\u00e5n p\u00e5 op til 20.000 kr. med et mobill\u00e5n fra Danmarks st\u00f8rste udbydere. Se oversigten p\u00e5 Loanstar.\" \/>\n<meta property=\"og:url\" content=\"https:\/\/loanstar.com\/dk\/lan-penge\/mobillan\/\" \/>\n<meta property=\"og:site_name\" content=\"LoanStar Danmark\" \/>\n<meta property=\"article:modified_time\" content=\"2019-07-12T14:55:57+00:00\" \/>\n<meta property=\"og:image\" content=\"http:\/\/loanstar.com\/dk\/wp-content\/uploads\/sites\/13\/2018\/10\/list-info-img-2.svg\" \/>\n<meta name=\"twitter:card\" content=\"summary_large_image\" \/>\n<meta name=\"twitter:label1\" content=\"Estimeret l\u00e6setid\" \/>\n\t<meta name=\"twitter:data1\" content=\"12 minutter\" \/>\n<script type=\"application\/ld+json\" class=\"yoast-schema-graph\">{\"@context\":\"https:\/\/schema.org\",\"@graph\":[{\"@type\":\"WebPage\",\"@id\":\"https:\/\/loanstar.com\/dk\/lan-penge\/mobillan\/\",\"url\":\"https:\/\/loanstar.com\/dk\/lan-penge\/mobillan\/\",\"name\":\"De bedste mobill\u00e5n i Danmark i 2019. L\u00e5n op til 20.000 kr i dag - LoanStar\",\"isPartOf\":{\"@id\":\"https:\/\/loanstar.com\/dk\/#website\"},\"datePublished\":\"2018-10-04T12:08:09+00:00\",\"dateModified\":\"2019-07-12T14:55:57+00:00\",\"description\":\"Brug for et hurtigt mobill\u00e5n? Ans\u00f8g om l\u00e5n p\u00e5 op til 20.000 kr. med et mobill\u00e5n fra Danmarks st\u00f8rste udbydere. Se oversigten p\u00e5 Loanstar.\",\"breadcrumb\":{\"@id\":\"https:\/\/loanstar.com\/dk\/lan-penge\/mobillan\/#breadcrumb\"},\"inLanguage\":\"da-DK\",\"potentialAction\":[{\"@type\":\"ReadAction\",\"target\":[\"https:\/\/loanstar.com\/dk\/lan-penge\/mobillan\/\"]}]},{\"@type\":\"BreadcrumbList\",\"@id\":\"https:\/\/loanstar.com\/dk\/lan-penge\/mobillan\/#breadcrumb\",\"itemListElement\":[{\"@type\":\"ListItem\",\"position\":1,\"name\":\"Danmark\",\"item\":\"https:\/\/loanstar.com\/dk\/\"},{\"@type\":\"ListItem\",\"position\":2,\"name\":\"L\u00e5n penge\",\"item\":\"https:\/\/loanstar.com\/dk\/lan-penge\/\"},{\"@type\":\"ListItem\",\"position\":3,\"name\":\"Mobill\u00e5n\"}]},{\"@type\":\"WebSite\",\"@id\":\"https:\/\/loanstar.com\/dk\/#website\",\"url\":\"https:\/\/loanstar.com\/dk\/\",\"name\":\"LoanStar Danmark\",\"description\":\"Sammenlign l\u00e5n\",\"potentialAction\":[{\"@type\":\"SearchAction\",\"target\":{\"@type\":\"EntryPoint\",\"urlTemplate\":\"https:\/\/loanstar.com\/dk\/?s={search_term_string}\"},\"query-input\":\"required name=search_term_string\"}],\"inLanguage\":\"da-DK\"}]}<\/script>\n<!-- \/ Yoast SEO plugin. -->","yoast_head_json":{"title":"De bedste mobill\u00e5n i Danmark i 2019. L\u00e5n op til 20.000 kr i dag - LoanStar","description":"Brug for et hurtigt mobill\u00e5n? Ans\u00f8g om l\u00e5n p\u00e5 op til 20.000 kr. med et mobill\u00e5n fra Danmarks st\u00f8rste udbydere. Se oversigten p\u00e5 Loanstar.","robots":{"index":"index","follow":"follow","max-snippet":"max-snippet:-1","max-image-preview":"max-image-preview:large","max-video-preview":"max-video-preview:-1"},"canonical":"https:\/\/loanstar.com\/dk\/lan-penge\/mobillan\/","og_locale":"da_DK","og_type":"article","og_title":"De bedste mobill\u00e5n i Danmark i 2019. L\u00e5n op til 20.000 kr i dag - LoanStar","og_description":"Brug for et hurtigt mobill\u00e5n? Ans\u00f8g om l\u00e5n p\u00e5 op til 20.000 kr. med et mobill\u00e5n fra Danmarks st\u00f8rste udbydere. Se oversigten p\u00e5 Loanstar.","og_url":"https:\/\/loanstar.com\/dk\/lan-penge\/mobillan\/","og_site_name":"LoanStar Danmark","article_modified_time":"2019-07-12T14:55:57+00:00","og_image":[{"url":"http:\/\/loanstar.com\/dk\/wp-content\/uploads\/sites\/13\/2018\/10\/list-info-img-2.svg"}],"twitter_card":"summary_large_image","twitter_misc":{"Estimeret l\u00e6setid":"12 minutter"},"schema":{"@context":"https:\/\/schema.org","@graph":[{"@type":"WebPage","@id":"https:\/\/loanstar.com\/dk\/lan-penge\/mobillan\/","url":"https:\/\/loanstar.com\/dk\/lan-penge\/mobillan\/","name":"De bedste mobill\u00e5n i Danmark i 2019. L\u00e5n op til 20.000 kr i dag - LoanStar","isPartOf":{"@id":"https:\/\/loanstar.com\/dk\/#website"},"datePublished":"2018-10-04T12:08:09+00:00","dateModified":"2019-07-12T14:55:57+00:00","description":"Brug for et hurtigt mobill\u00e5n? Ans\u00f8g om l\u00e5n p\u00e5 op til 20.000 kr. med et mobill\u00e5n fra Danmarks st\u00f8rste udbydere. Se oversigten p\u00e5 Loanstar.","breadcrumb":{"@id":"https:\/\/loanstar.com\/dk\/lan-penge\/mobillan\/#breadcrumb"},"inLanguage":"da-DK","potentialAction":[{"@type":"ReadAction","target":["https:\/\/loanstar.com\/dk\/lan-penge\/mobillan\/"]}]},{"@type":"BreadcrumbList","@id":"https:\/\/loanstar.com\/dk\/lan-penge\/mobillan\/#breadcrumb","itemListElement":[{"@type":"ListItem","position":1,"name":"Danmark","item":"https:\/\/loanstar.com\/dk\/"},{"@type":"ListItem","position":2,"name":"L\u00e5n penge","item":"https:\/\/loanstar.com\/dk\/lan-penge\/"},{"@type":"ListItem","position":3,"name":"Mobill\u00e5n"}]},{"@type":"WebSite","@id":"https:\/\/loanstar.com\/dk\/#website","url":"https:\/\/loanstar.com\/dk\/","name":"LoanStar Danmark","description":"Sammenlign l\u00e5n","potentialAction":[{"@type":"SearchAction","target":{"@type":"EntryPoint","urlTemplate":"https:\/\/loanstar.com\/dk\/?s={search_term_string}"},"query-input":"required name=search_term_string"}],"inLanguage":"da-DK"}]}},"_links":{"self":[{"href":"https:\/\/loanstar.com\/dk\/wp-json\/wp\/v2\/pages\/159"}],"collection":[{"href":"https:\/\/loanstar.com\/dk\/wp-json\/wp\/v2\/pages"}],"about":[{"href":"https:\/\/loanstar.com\/dk\/wp-json\/wp\/v2\/types\/page"}],"author":[{"embeddable":true,"href":"https:\/\/loanstar.com\/dk\/wp-json\/wp\/v2\/users\/1"}],"replies":[{"embeddable":true,"href":"https:\/\/loanstar.com\/dk\/wp-json\/wp\/v2\/comments?post=159"}],"version-history":[{"count":5,"href":"https:\/\/loanstar.com\/dk\/wp-json\/wp\/v2\/pages\/159\/revisions"}],"predecessor-version":[{"id":392,"href":"https:\/\/loanstar.com\/dk\/wp-json\/wp\/v2\/pages\/159\/revisions\/392"}],"up":[{"embeddable":true,"href":"https:\/\/loanstar.com\/dk\/wp-json\/wp\/v2\/pages\/98"}],"wp:attachment":[{"href":"https:\/\/loanstar.com\/dk\/wp-json\/wp\/v2\/media?parent=159"}],"curies":[{"name":"wp","href":"https:\/\/api.w.org\/{rel}","templated":true}]}}