{"id":154,"date":"2018-10-04T12:05:16","date_gmt":"2018-10-04T12:05:16","guid":{"rendered":"http:\/\/loanstar.com\/dk\/?page_id=154"},"modified":"2019-07-12T16:58:19","modified_gmt":"2019-07-12T14:58:19","slug":"sms-lan","status":"publish","type":"page","link":"https:\/\/loanstar.com\/dk\/lan-penge\/sms-lan\/","title":{"rendered":"Sms l\u00e5n"},"content":{"rendered":"<h2>En stor andel af de l\u00e5n, der ans\u00f8ges om i dag, er sms l\u00e5n<\/h2>\n<p><a href=\"http:\/\/loanstar.com\/dk\/lan-penge\/kviklan\/\" target=\"_blank\" rel=\"noopener noreferrer\">Kvikl\u00e5n<\/a> og sms l\u00e5n betyder normalt det samme. Forskellen ligger i, at man normalt sender en ans\u00f8gning om et kvikl\u00e5n fra bankens eller l\u00e5neinstituttets hjemmeside og f\u00e5r svar p\u00e5 mail, mens ans\u00f8gningen sendes p\u00e5 sms, n\u00e5r man ans\u00f8ger om et sms l\u00e5n. Svaret f\u00e5r man i dette tilf\u00e6lde naturligvis ogs\u00e5 p\u00e5 sms.<\/p>\n<p><img decoding=\"async\" class=\"size-full wp-image-66 alignright\" src=\"http:\/\/loanstar.com\/dk\/wp-content\/uploads\/sites\/13\/2018\/09\/ill_body_2.svg\" alt=\"\" width=\"312\" \/>Et sms l\u00e5n g\u00e6lder normalt mindre l\u00e5nebel\u00f8b i st\u00f8rrelsesordenen 1.000 kr. til 5.000 kr., og l\u00f8betiden er normalt p\u00e5 mellem 1 og 6 m\u00e5neder. Den \u00f8vre gr\u00e6nse for denne type l\u00e5n kan v\u00e6re en del h\u00f8jere hos nogle l\u00e5neudbydere, og det samme g\u00e6lder for l\u00f8betiden, som ogs\u00e5 kan v\u00e6re l\u00e6ngere end 6 m\u00e5neder.<\/p>\n<p>Alt sammen afg\u00f8res af den enkelte bank eller l\u00e5neinstitut. Det er ikke ualmindeligt, at du kan have pengene p\u00e5 din bankkonto i l\u00f8bet af nogle f\u00e5 timer, efter du har sendt din ans\u00f8gning, og dette er ogs\u00e5 en af grundene til, at denne type l\u00e5n er popul\u00e6re.<\/p>\n<p>Derudover er <a href=\"http:\/\/loanstar.com\/dk\/lan-penge\/sms-lan\/\">sms l\u00e5n<\/a> karakteristiske ved, at de er en form for blankol\u00e5n, det vil sige et l\u00e5n, som du kan f\u00e5 uden at stille sikkerhed til l\u00e5neudbyderen. L\u00e5nebel\u00f8bene p\u00e5 sms l\u00e5n anses for at v\u00e6re s\u00e5 sm\u00e5, at der ikke er behov for sikkerhed, og det er en af grundene til, at du f\u00e5r dem s\u00e5 hurtigt ind p\u00e5 din bankkonto.<\/p>\n<h2>Har du brug for at sammenligne sms l\u00e5n p\u00e5 sm\u00e5 bel\u00f8b?<\/h2>\n<p>Nogle mener, at sms l\u00e5n kun g\u00e6lder sm\u00e5 bel\u00f8b, og at det derfor ikke er v\u00e6rd at bruge tid p\u00e5 at sammenligne l\u00e5n p\u00e5 de hjemmesider, som sammenligner forskellige l\u00e5neudbydere. Det er dog en forkert holdning at have, da et sms l\u00e5n un\u00f8dvendigt kan komme til at koste en del ekstra penge.<\/p>\n<p>Du kan sammenligne priser og omkostninger p\u00e5 sms l\u00e5n p\u00e5 flere forskellige sammenligningssider, og det tager dig ikke engang et minut. Derefter tager det ikke mange sekunder, f\u00f8r du har et l\u00e5netilbud fra flere l\u00e5neudbydere. Herefter kan du let v\u00e6lge det l\u00e5n, som har de betingelser, du er interesseret i.<\/p>\n<p>Det er gratis at bruge disse hjemmesider, som sammenligner <a href=\"http:\/\/loanstar.com\/dk\/lan-penge\/sms-lan\/\" target=\"_blank\" rel=\"noopener noreferrer\">sms l\u00e5n<\/a> og andre typer af <a href=\"http:\/\/loanstar.com\/dk\/lan-penge\/forbrugslan\/\" target=\"_blank\" rel=\"noopener noreferrer\">forbrugsl\u00e5n<\/a>, og det koster heller ikke noget at sende en eller flere ans\u00f8gninger om l\u00e5n.<\/p>\n<h2>Kontroll\u00e9r rentesatser, gebyrer og vilk\u00e5r, n\u00e5r du sammenligner sms l\u00e5n<\/h2>\n<p>Det, du f\u00f8rst og fremmest b\u00f8r se p\u00e5, n\u00e5r du sammenligner l\u00e5n (uanset hvilken slags l\u00e5n, det drejer sig om), er de \u00e5rlige omkostninger, som ogs\u00e5 kaldes for \u00c5OP. Her kan du let se n\u00f8jagtigt hvor meget dit l\u00e5n vil koste dig hvert \u00e5r eller i den periode, du skal l\u00e5ne pengene, og p\u00e5 den m\u00e5de sammenligne, hvor meget bankerne tager i renter og gebyrer pr. \u00e5r.<\/p>\n<p>Ud over dette kan det ogs\u00e5 v\u00e6re interessant at se, hvor meget du skal betale i forsinkelsesgebyr, hvis du ikke betaler et afdrag til tiden. Bankerne kan ogs\u00e5 have forskellige regler for, hvad der sker, hvis du vil betale l\u00e5net tilbage hurtigere end aftalt.<\/p>\n<p>Nogle l\u00e5neudbydere giver dig ogs\u00e5 mulighed for at forl\u00e6nge l\u00f8betiden, hvis du pludselig f\u00e5r behov for det. Det g\u00e6lder derfor, at nogle sms l\u00e5n og andre forbrugsl\u00e5n er lidt mere fleksible end andre, og m\u00e5ske vil det v\u00e6re en fordel for dig, selvom l\u00e5net er en lille smule dyrere.<\/p>\n<h2>Hvor h\u00f8j er renten p\u00e5 et sms l\u00e5n?<\/h2>\n<p>Der er flere ting, der spiller ind, n\u00e5r renten p\u00e5 et sms l\u00e5n bestemmes. Bankerne har forskellige marginer p\u00e5 l\u00e5n, og allerede her vil der v\u00e6re stor forskel p\u00e5 renteniveauet. En anden ting, som ogs\u00e5 er afg\u00f8rende for hvor h\u00f8j en rente, du skal betale, er din personlige \u00f8konomi.<\/p>\n<p>N\u00e5r l\u00e5neudbyderen har foretaget et kreditcheck af dig efter du har sendt din ans\u00f8gning, vil de samtidig bestemme, hvilken rente du vil blive tilbudt. Derfor kan der godt v\u00e6re forskel p\u00e5 den rente du og en ven m\u00e5 betale, selvom I begge to s\u00f8ger i samme bank og p\u00e5 samme tid.<\/p>\n<p>Ser man p\u00e5 \u00c5OP, vil omkostningerne ved sm\u00e5 l\u00e5n, s\u00e5som sms l\u00e5n, v\u00e6re meget st\u00f8rre end andre typer l\u00e5n, fordi du normalt skal betale l\u00e5net tilbage i l\u00f8bet af et par m\u00e5neder. Derfor vil rentebel\u00f8bet m\u00e5ske ikke virke s\u00e5 stort, men det kan alligevel v\u00e6re p\u00e5 mange hundrede procent grundet den korte l\u00f8betid.<\/p>\n<h2>Hvorn\u00e5r er det smart at ans\u00f8ge om et l\u00e5n?<\/h2>\n<p>Holdningen til at l\u00e5ne penge har \u00e6ndret sig i samfundet. Tidligere blev det betragtet som noget, man skulle v\u00e6re meget forsigtig med. Men nutidens teknologi g\u00f8r det ikke alene lettere at l\u00e5ne penge online, den g\u00f8r det ogs\u00e5 meget nemt at tilbagebetale et l\u00e5n.<\/p>\n<p>Hvis du er fornuftig og kun l\u00e5ner det, du har behov for, og betaler l\u00e5net tilbage til tiden, kan du sagtens g\u00f8re det ofte. Vi har lavet en lille liste med gode og almindelige grunde til at ans\u00f8ge om et sms l\u00e5n eller en anden type forbrugsl\u00e5n:<\/p>\n<ul>\n<li>L\u00e5n for at afbalancere \u00f8konomien, hvis du mangler nogle penge den ene m\u00e5ned, men ved, at du f\u00e5r flere penge i n\u00e6ste m\u00e5ned.<\/li>\n<li>L\u00e5n penge, hvis det betyder, at du kan k\u00f8be et produkt, du har brug for, og at du kan f\u00e5 det til en lavere pris.<\/li>\n<li>Det er normalt bedre at ans\u00f8ge om et sms l\u00e5n og f\u00e5 k\u00f8bt et nyt k\u00f8leskab, komfur eller en ny vaskemaskine med det samme, hvis de g\u00e5r i stykker, i stedet for at betale for en dyr reparation som i sidste ende ikke hj\u00e6lper.<\/li>\n<li>Et mindre sms l\u00e5n kan v\u00e6re en god chance for at f\u00e5 gjort noget, du l\u00e6nge har \u00f8nsket at g\u00f8re.<\/li>\n<li>Selvom du selvf\u00f8lgelig skal v\u00e6re forsigtig med at l\u00e5ne penge, er det trods alt bedre at ans\u00f8ge om et sms l\u00e5n end at undlade at betale en vigtig regning.<\/li>\n<li>Betal din ferie med et lille l\u00e5n og betal l\u00e5net tilbage n\u00e6ste m\u00e5ned, n\u00e5r du har f\u00e6rre udgifter.<\/li>\n<\/ul>\n<h2>Hvorn\u00e5r er det bedst at lade v\u00e6re med at ans\u00f8ge om et sms l\u00e5n?<\/h2>\n<p>Der er ingen tvivl om, at det kan v\u00e6re en d\u00e5rlig l\u00f8sning at l\u00e5ne penge. Ofte f\u00f8rer det til en sundere \u00f8konomi, hvis man afholder sig fra at bruge penge p\u00e5 noget, man m\u00e5ske ikke har behov for eller lader v\u00e6re med at k\u00f8be den ting, man \u00f8nsker sig, f\u00f8r man rent faktisk har f\u00e5et sparet sammen til den. Her er derfor en lille liste med situationer, hvor du skal v\u00e6re ekstra forsigtig med at ans\u00f8ge om l\u00e5n:<\/p>\n<ul>\n<li>Du b\u00f8r ikke l\u00e5ne penge, hvis du har et stramt budget og dermed vil f\u00e5 sv\u00e6rt ved at overholde dine forpligtelser overfor banken, hvis du pludselig f\u00e5r en uventet udgift.<\/li>\n<li>Lad v\u00e6re med at l\u00e5ne penge til ting, du egentlig ikke har brug for.<\/li>\n<li>Pas p\u00e5 med at ans\u00f8ge om sms l\u00e5n hvis du ved, at der er en risiko for, at du glemmer at betale tilbage.<\/li>\n<\/ul>\n<h2>Hvordan l\u00e5ner man penge via sms?<\/h2>\n<p>Sms l\u00e5n er baseret p\u00e5, at du kan kommunikere med l\u00e5neudbyderen via sms. Du ans\u00f8ger om l\u00e5net ved hj\u00e6lp af din mobiltelefon og sender og modtager beskeder via sms. Processen kr\u00e6ver, at du legitimerer dig, hvilket under normale omst\u00e6ndigheder sker ved hj\u00e6lp af <a href=\"https:\/\/www.nemid.nu\/dk-da\/\">NEM-ID<\/a>.<\/p>\n<p>Hvor hurtigt du kan f\u00e5 et l\u00e5n udbetalt til din bankkonto afh\u00e6nger af hvilken bank, du bruger, men nogle l\u00e5neudbydere s\u00f8rger for, at du f\u00e5r l\u00e5net udbetalt kort tid efter ans\u00f8gningen er blevet godkendt.<\/p>\n<p>Processen er automatiseret, og der er derfor ikke en person, som sidder i banken og godkender din ans\u00f8gning eller bestemmer, at den skal afvises. Svaret p\u00e5 din ans\u00f8gning er baseret p\u00e5 oplysninger om din \u00f8konomi, som et avanceret datasystem henter fra offentlige registre, som l\u00e5neudbyderen abonnerer p\u00e5.<\/p>\n<h3>Hvilke betingelser skal du opfylde for at godkendt din ans\u00f8gning?<\/h3>\n<p><a href=\"http:\/\/loanstar.com\/dk\/lan-penge\/kviklan\/\">Kvikl\u00e5n<\/a> og sms l\u00e5n, dvs. l\u00e5n af mindre bel\u00f8b, er lettilg\u00e6ngelige i Danmark. Men der er alligevel et par grundl\u00e6ggende krav, som du skal opfylde, f\u00f8r din ans\u00f8gning bliver godkendt. Disse krav er de samme hos stort set alle l\u00e5neudbydere og er som f\u00f8lger:<\/p>\n<ul>\n<li>Du skal have fast bop\u00e6l i Danmark og v\u00e6re registreret i folkeregistret<\/li>\n<li>Du skal v\u00e6re myndig, dvs. at du skal v\u00e6re fyldt 18 \u00e5r<\/li>\n<li>Du skal have en dansk bankkonto og have <a href=\"https:\/\/www.nemid.nu\/dk-da\/\">NEM-ID<\/a><\/li>\n<li>Yderligere skal du igennem et kreditcheck. Her vil l\u00e5neudbyderen kontrollere, at du ikke er registreret i <a href=\"http:\/\/www.experian.dk\/registreret-i-rki\/index.html\">RKI<\/a> eller <a href=\"https:\/\/www.bisnode.dk\/debitorregistret\/\">Debitor Registret<\/a>.<\/li>\n<\/ul>\n<h2>Hvilke andre typer l\u00e5n kan v\u00e6re relevante i stedet for et sms l\u00e5n?<\/h2>\n<p>L\u00e5nemarkedet har udviklet sig meget i de seneste \u00e5r, og i dag kan man nemt komme til at stirre sig blind p\u00e5 de mange forskellige kategorier af l\u00e5n, som banker og l\u00e5neinstitutter tilbyder. Hvis du ikke beh\u00f8ver penge med det samme og har brug for lidt flere penge, end du kan f\u00e5 med et almindeligt <a href=\"http:\/\/loanstar.com\/dk\/lan-penge\/kviklan\/\">kvikl\u00e5n<\/a>, s\u00e5 kan et <a href=\"http:\/\/loanstar.com\/dk\/lan-penge\/forbrugslan\/\">forbrugsl\u00e5n<\/a> v\u00e6re en god mulighed.<\/p>\n<p>Ligesom med kvikl\u00e5n beh\u00f8ver du ikke at stille sikkerhed, men renten p\u00e5 et forbrugsl\u00e5n har en tendens til at v\u00e6re lavere og l\u00f8betiden l\u00e6ngere, end hvad der er tilf\u00e6ldet for kvikl\u00e5n. Hvis du har et behov for at ans\u00f8ge om sms l\u00e5n relativt ofte, b\u00f8r du m\u00e5ske overveje, om et kreditkort kan v\u00e6re en l\u00f8sning for dig. Men du kan selvf\u00f8lgelig st\u00f8de p\u00e5 situationer, hvor et sms l\u00e5n er en bedre l\u00f8sning.<\/p>\n<h2>Er det risikabelt at ans\u00f8ge om mange l\u00e5n?<\/h2>\n<p>Det m\u00e5 selvf\u00f8lgelig ikke give dig \u00f8konomiske problemer, n\u00e5r du ans\u00f8ger om et l\u00e5n. Men det kan faktisk v\u00e6re en del af en sund privat\u00f8konomi at l\u00e5ne penge, f.eks. hvis du ikke arbejder fuldtid alle m\u00e5neder p\u00e5 \u00e5ret. Der er dog et lille problem, som det kan v\u00e6re godt at v\u00e6re opm\u00e6rksom p\u00e5.<\/p>\n<p>Som vi allerede har n\u00e6vnt, f\u00e5r l\u00e5neudbyderne deres oplysninger fra offentlige registre. De benytter sig gerne af kreditoplysningsbureauer som <a href=\"https:\/\/www.bisnode.dk\/\" target=\"_blank\" rel=\"noopener noreferrer\">Bisnode<\/a>, Soliditet og <a href=\"https:\/\/www.creditsafe.com\/dk\/da.html\">Creditsafe.<\/a> Her kan de hente information om din indt\u00e6gt, hvor meget g\u00e6ld du har, om du er en god betaler, og om du er registreret i <a href=\"http:\/\/www.experian.dk\/registreret-i-rki\/index.html\">RKI<\/a> eller <a href=\"https:\/\/www.bisnode.dk\/debitorregistret\/\">Debitor Registret<\/a>. En l\u00e5neudbyder vil derfor altid se, om du har mange andre l\u00e5n, og dette vil selvf\u00f8lgelig spille en vigtig rolle, n\u00e5r de skal vurdere din ans\u00f8gning.<\/p>\n<h2>Hvorfor er kvikl\u00e5n og sms l\u00e5n pludseligt blevet s\u00e5 popul\u00e6re?<\/h2>\n<p>L\u00e5nemarkedet har \u00e6ndret sig gevaldigt i l\u00f8bet af de sidste par \u00e5r. En af grundene hertil er den rivende udvikling i IT-branchen, som har banet vejen for nye tekniske l\u00f8sninger og sikrere m\u00e5der at h\u00e5ndtere penge elektronisk p\u00e5.<\/p>\n<p>Digitalisering af offentlig information har ogs\u00e5 bidraget til at give os hurtigere l\u00e5netjenester. Sms l\u00e5n er nok den hurtigste type l\u00e5n, specielt med tanke p\u00e5, at man sender sin ans\u00f8gning som sms, f\u00e5r svar p\u00e5 sms og underskriver l\u00e5nepapirene p\u00e5 sms.<\/p>\n<p>Mange har allerede netbank og bankkonti, som de har kontrol over med mobiltelefonen, og derfor er det ikke s\u00e5 overraskende, at det ogs\u00e5 er let at ans\u00f8ge om l\u00e5n med mobilen i h\u00e5nden. Det er nyttigt at kunne l\u00f8se et problem eller udnytte en mulighed ved at bruge telefonen til at ans\u00f8ge om et sms l\u00e5n.<\/p>\n<h2>Resume<\/h2>\n<p><a href=\"http:\/\/loanstar.com\/dk\/lan-penge\/kviklan\/\">Kvikl\u00e5n<\/a> og sms l\u00e5n er koncepter, der hurtigt er blevet popul\u00e6re og en vigtig del af l\u00e5nemarkedet. Hvis du kun har en mobiltelefon, er det praktisk at kunne sende en ans\u00f8gning om et l\u00e5n via denne og samtidig underskrive l\u00e5nepapirene via sms. Det g\u00f8r, at processen er gennemf\u00f8rt i l\u00f8bet af kort tid, og at du kan have pengene p\u00e5 bankkontoen efter et par timer.<\/p>\n<p>Den store fordel ved at benytte denne metode er, at du kan udnytte en mulighed, som pludselig opst\u00e5r, og derved eventuelt spare penge p\u00e5 noget, du ellers ville have betalt mere for. Kvikl\u00e5n og sms l\u00e5n kan ogs\u00e5 hj\u00e6lpe dig, hvis du pludselig f\u00e5r \u00f8konomiske problemer. Men det er vigtigt at huske p\u00e5, at det kan v\u00e6re sv\u00e6rt at f\u00e5 et l\u00e5n, hvis du ikke har styr p\u00e5 din \u00f8konomi.<\/p>\n<p>Som n\u00e6vnt f\u00e5r l\u00e5neudbyderne deres oplysninger fra offentlige registre, og de checker samtidig, at dine oplysninger er korrekte, din g\u00e6ldsstatus, om du er registreret som d\u00e5rlig betaler og andet, som kan have betydning for din \u00f8konomiske situation.<\/p>\n<p>For alle danske statsborgere, der bor i Danmark og har en sund \u00f8konomi, er sms l\u00e5n en l\u00f8sning, som kan v\u00e6re nyttig. Men husk, at du kun b\u00f8r l\u00e5ne penge, hvis du virkelig har et behov, og s\u00f8rg altid for at betale dine afdrag til tiden!<\/p>\n","protected":false},"excerpt":{"rendered":"<p>En stor andel af de l\u00e5n, der ans\u00f8ges om i dag, er sms l\u00e5n Kvikl\u00e5n og sms l\u00e5n betyder normalt&#8230;<\/p>\n","protected":false},"author":1,"featured_media":0,"parent":98,"menu_order":0,"comment_status":"closed","ping_status":"closed","template":"templates\/calculator-follow-up.php","meta":{"footnotes":""},"yoast_head":"<!-- This site is optimized with the Yoast SEO plugin v21.0 - https:\/\/yoast.com\/wordpress\/plugins\/seo\/ -->\n<title>L\u00e5n penge med din telefon i 2019. F\u00e5 svar i l\u00f8bet af f\u00e5 minutter - LoanStar<\/title>\n<meta name=\"description\" content=\"Find ud hvor du kan nemt og hurtig kan l\u00e5ne penge p\u00e5 f\u00e5 minutter. LoanStar gir en oversigt over de st\u00f8rste udbydere af smsl\u00e5n. Ans\u00f8g i dag!\" \/>\n<meta name=\"robots\" content=\"index, follow, max-snippet:-1, max-image-preview:large, max-video-preview:-1\" \/>\n<link rel=\"canonical\" href=\"https:\/\/loanstar.com\/dk\/lan-penge\/sms-lan\/\" \/>\n<meta property=\"og:locale\" content=\"da_DK\" \/>\n<meta property=\"og:type\" content=\"article\" \/>\n<meta property=\"og:title\" content=\"L\u00e5n penge med din telefon i 2019. F\u00e5 svar i l\u00f8bet af f\u00e5 minutter - LoanStar\" \/>\n<meta property=\"og:description\" content=\"Find ud hvor du kan nemt og hurtig kan l\u00e5ne penge p\u00e5 f\u00e5 minutter. LoanStar gir en oversigt over de st\u00f8rste udbydere af smsl\u00e5n. Ans\u00f8g i dag!\" \/>\n<meta property=\"og:url\" content=\"https:\/\/loanstar.com\/dk\/lan-penge\/sms-lan\/\" \/>\n<meta property=\"og:site_name\" content=\"LoanStar Danmark\" \/>\n<meta property=\"article:modified_time\" content=\"2019-07-12T14:58:19+00:00\" \/>\n<meta property=\"og:image\" content=\"http:\/\/loanstar.com\/dk\/wp-content\/uploads\/sites\/13\/2018\/09\/ill_body_2.svg\" \/>\n<meta name=\"twitter:card\" content=\"summary_large_image\" \/>\n<meta name=\"twitter:label1\" content=\"Estimeret l\u00e6setid\" \/>\n\t<meta name=\"twitter:data1\" content=\"12 minutter\" \/>\n<script type=\"application\/ld+json\" class=\"yoast-schema-graph\">{\"@context\":\"https:\/\/schema.org\",\"@graph\":[{\"@type\":\"WebPage\",\"@id\":\"https:\/\/loanstar.com\/dk\/lan-penge\/sms-lan\/\",\"url\":\"https:\/\/loanstar.com\/dk\/lan-penge\/sms-lan\/\",\"name\":\"L\u00e5n penge med din telefon i 2019. F\u00e5 svar i l\u00f8bet af f\u00e5 minutter - LoanStar\",\"isPartOf\":{\"@id\":\"https:\/\/loanstar.com\/dk\/#website\"},\"datePublished\":\"2018-10-04T12:05:16+00:00\",\"dateModified\":\"2019-07-12T14:58:19+00:00\",\"description\":\"Find ud hvor du kan nemt og hurtig kan l\u00e5ne penge p\u00e5 f\u00e5 minutter. LoanStar gir en oversigt over de st\u00f8rste udbydere af smsl\u00e5n. Ans\u00f8g i dag!\",\"breadcrumb\":{\"@id\":\"https:\/\/loanstar.com\/dk\/lan-penge\/sms-lan\/#breadcrumb\"},\"inLanguage\":\"da-DK\",\"potentialAction\":[{\"@type\":\"ReadAction\",\"target\":[\"https:\/\/loanstar.com\/dk\/lan-penge\/sms-lan\/\"]}]},{\"@type\":\"BreadcrumbList\",\"@id\":\"https:\/\/loanstar.com\/dk\/lan-penge\/sms-lan\/#breadcrumb\",\"itemListElement\":[{\"@type\":\"ListItem\",\"position\":1,\"name\":\"Danmark\",\"item\":\"https:\/\/loanstar.com\/dk\/\"},{\"@type\":\"ListItem\",\"position\":2,\"name\":\"L\u00e5n penge\",\"item\":\"https:\/\/loanstar.com\/dk\/lan-penge\/\"},{\"@type\":\"ListItem\",\"position\":3,\"name\":\"Sms l\u00e5n\"}]},{\"@type\":\"WebSite\",\"@id\":\"https:\/\/loanstar.com\/dk\/#website\",\"url\":\"https:\/\/loanstar.com\/dk\/\",\"name\":\"LoanStar Danmark\",\"description\":\"Sammenlign l\u00e5n\",\"potentialAction\":[{\"@type\":\"SearchAction\",\"target\":{\"@type\":\"EntryPoint\",\"urlTemplate\":\"https:\/\/loanstar.com\/dk\/?s={search_term_string}\"},\"query-input\":\"required name=search_term_string\"}],\"inLanguage\":\"da-DK\"}]}<\/script>\n<!-- \/ Yoast SEO plugin. -->","yoast_head_json":{"title":"L\u00e5n penge med din telefon i 2019. F\u00e5 svar i l\u00f8bet af f\u00e5 minutter - LoanStar","description":"Find ud hvor du kan nemt og hurtig kan l\u00e5ne penge p\u00e5 f\u00e5 minutter. LoanStar gir en oversigt over de st\u00f8rste udbydere af smsl\u00e5n. Ans\u00f8g i dag!","robots":{"index":"index","follow":"follow","max-snippet":"max-snippet:-1","max-image-preview":"max-image-preview:large","max-video-preview":"max-video-preview:-1"},"canonical":"https:\/\/loanstar.com\/dk\/lan-penge\/sms-lan\/","og_locale":"da_DK","og_type":"article","og_title":"L\u00e5n penge med din telefon i 2019. F\u00e5 svar i l\u00f8bet af f\u00e5 minutter - LoanStar","og_description":"Find ud hvor du kan nemt og hurtig kan l\u00e5ne penge p\u00e5 f\u00e5 minutter. LoanStar gir en oversigt over de st\u00f8rste udbydere af smsl\u00e5n. Ans\u00f8g i dag!","og_url":"https:\/\/loanstar.com\/dk\/lan-penge\/sms-lan\/","og_site_name":"LoanStar Danmark","article_modified_time":"2019-07-12T14:58:19+00:00","og_image":[{"url":"http:\/\/loanstar.com\/dk\/wp-content\/uploads\/sites\/13\/2018\/09\/ill_body_2.svg"}],"twitter_card":"summary_large_image","twitter_misc":{"Estimeret l\u00e6setid":"12 minutter"},"schema":{"@context":"https:\/\/schema.org","@graph":[{"@type":"WebPage","@id":"https:\/\/loanstar.com\/dk\/lan-penge\/sms-lan\/","url":"https:\/\/loanstar.com\/dk\/lan-penge\/sms-lan\/","name":"L\u00e5n penge med din telefon i 2019. F\u00e5 svar i l\u00f8bet af f\u00e5 minutter - LoanStar","isPartOf":{"@id":"https:\/\/loanstar.com\/dk\/#website"},"datePublished":"2018-10-04T12:05:16+00:00","dateModified":"2019-07-12T14:58:19+00:00","description":"Find ud hvor du kan nemt og hurtig kan l\u00e5ne penge p\u00e5 f\u00e5 minutter. LoanStar gir en oversigt over de st\u00f8rste udbydere af smsl\u00e5n. Ans\u00f8g i dag!","breadcrumb":{"@id":"https:\/\/loanstar.com\/dk\/lan-penge\/sms-lan\/#breadcrumb"},"inLanguage":"da-DK","potentialAction":[{"@type":"ReadAction","target":["https:\/\/loanstar.com\/dk\/lan-penge\/sms-lan\/"]}]},{"@type":"BreadcrumbList","@id":"https:\/\/loanstar.com\/dk\/lan-penge\/sms-lan\/#breadcrumb","itemListElement":[{"@type":"ListItem","position":1,"name":"Danmark","item":"https:\/\/loanstar.com\/dk\/"},{"@type":"ListItem","position":2,"name":"L\u00e5n penge","item":"https:\/\/loanstar.com\/dk\/lan-penge\/"},{"@type":"ListItem","position":3,"name":"Sms l\u00e5n"}]},{"@type":"WebSite","@id":"https:\/\/loanstar.com\/dk\/#website","url":"https:\/\/loanstar.com\/dk\/","name":"LoanStar Danmark","description":"Sammenlign l\u00e5n","potentialAction":[{"@type":"SearchAction","target":{"@type":"EntryPoint","urlTemplate":"https:\/\/loanstar.com\/dk\/?s={search_term_string}"},"query-input":"required name=search_term_string"}],"inLanguage":"da-DK"}]}},"_links":{"self":[{"href":"https:\/\/loanstar.com\/dk\/wp-json\/wp\/v2\/pages\/154"}],"collection":[{"href":"https:\/\/loanstar.com\/dk\/wp-json\/wp\/v2\/pages"}],"about":[{"href":"https:\/\/loanstar.com\/dk\/wp-json\/wp\/v2\/types\/page"}],"author":[{"embeddable":true,"href":"https:\/\/loanstar.com\/dk\/wp-json\/wp\/v2\/users\/1"}],"replies":[{"embeddable":true,"href":"https:\/\/loanstar.com\/dk\/wp-json\/wp\/v2\/comments?post=154"}],"version-history":[{"count":4,"href":"https:\/\/loanstar.com\/dk\/wp-json\/wp\/v2\/pages\/154\/revisions"}],"predecessor-version":[{"id":394,"href":"https:\/\/loanstar.com\/dk\/wp-json\/wp\/v2\/pages\/154\/revisions\/394"}],"up":[{"embeddable":true,"href":"https:\/\/loanstar.com\/dk\/wp-json\/wp\/v2\/pages\/98"}],"wp:attachment":[{"href":"https:\/\/loanstar.com\/dk\/wp-json\/wp\/v2\/media?parent=154"}],"curies":[{"name":"wp","href":"https:\/\/api.w.org\/{rel}","templated":true}]}}