{"id":152,"date":"2018-10-04T12:02:28","date_gmt":"2018-10-04T12:02:28","guid":{"rendered":"http:\/\/loanstar.com\/dk\/?page_id=152"},"modified":"2019-07-12T10:36:03","modified_gmt":"2019-07-12T08:36:03","slug":"virksomhedslan","status":"publish","type":"page","link":"https:\/\/loanstar.com\/dk\/lan-penge\/virksomhedslan\/","title":{"rendered":"Virksomhedsl\u00e5n"},"content":{"rendered":"<h2>Virksomhedsl\u00e5n er en vigtig del af den sociale \u00f8konomi<\/h2>\n<p>Uden virksomhedsl\u00e5n, ingen virksomheder! Det er n\u00e6sten s\u00e5 dramatisk. En m\u00e5de hvorp\u00e5 den danske regering erhvervslivet er igennem sin rentepolitik.<\/p>\n<p>En af de vigtigste \u00e5rsager til at vi har historisk lave renter i Danmark er, at det gavner dig, som \u00f8nsker at investere i din virksomhed. Voksende virksomheder betyder \u00f8gede skatteindt\u00e6gter. At selvst\u00e6ndige iv\u00e6rks\u00e6ttere med gode id\u00e9er kan f\u00e5 erhvervsl\u00e5n med fornuftige betingelser er i alles interesse.<\/p>\n<p>I nogle industrier og for enkelte virksomheder er det fint at vokse langsomt og foretage investeringer efterh\u00e5nden, som indt\u00e6gterne kommer ind. Det er dog sv\u00e6rt at komme udenom, at det koster penge at starte en virksomhed, og pengene vil formentlig komme fra en person, der senere vil forvente at f\u00e5 dem tilbage. <img decoding=\"async\" class=\"size-full wp-image-73 alignright\" src=\"http:\/\/loanstar.com\/dk\/wp-content\/uploads\/sites\/13\/2018\/09\/ill_body_9.svg\" alt=\"\" width=\"312\" \/><\/p>\n<p>Ved opstart af en virksomhed kan det derfor betyde, at du er n\u00f8dt til at foretage en st\u00f8rre investering for at v\u00e6re i stand til at f\u00e5 hjulene i gang og derfor kan et virksomhedsl\u00e5n v\u00e6re den eneste l\u00f8sning. Hvis du har en solid forretningsid\u00e9, er det lige s\u00e5 nemt at f\u00e5 et virksomhedsl\u00e5n indvilget, som det er for en privat person med en solid \u00f8konomi at optage l\u00e5n i forbindelse med et boligk\u00f8b.<\/p>\n<p>Et investeringsl\u00e5n kan give virksomheden en flyvende start og v\u00e6re en afg\u00f8rende konkurrencefordel. Dette er is\u00e6r vigtigt for dem, der \u00f8nsker at komme ind p\u00e5 et nyt marked. Man taler ofte om &#8220;First mover advantage&#8221; og den fordel, som den virksomhed f\u00e5r, der f\u00f8rst foretager en betydelig investering p\u00e5 et bestemt marked.<\/p>\n<p>Amazon er et glimrende eksempel p\u00e5 det udtryk, men det kan ogs\u00e5 nedskaleres til at g\u00e6lde for mindre forretningsid\u00e9er i mindre markeder. Enkeltpersoner bliver ofte r\u00e5det til at v\u00e6re forsigtige med at l\u00e5ne penge.<\/p>\n<p>Hvis du er en iv\u00e6rks\u00e6tter, der tror p\u00e5 din id\u00e9, b\u00f8r du v\u00e6re lige s\u00e5 forsigtig med at l\u00e5ne for lidt som for meget. I denne artikel vil vi gennemg\u00e5 det grundl\u00e6ggende i, hvordan man kan l\u00e5ne penge fornuftigt og se p\u00e5 nogle forskellige typer af virksomhedsl\u00e5n.<\/p>\n<h2>Finansier v\u00e6kst med et virksomhedsl\u00e5n<\/h2>\n<p>Behovet for at l\u00e5ne penge forsvinder ikke, bare fordi du har f\u00e5et en vellykket start og er i gang med din virksomhed. Det er snarere en regel end en undtagelse, at det tager nogle \u00e5r, f\u00f8r et firma bliver rentabelt. Selvom du har indt\u00e6gter, m\u00e5 du muligvis supplere disse med et l\u00e5n, for at virksomheden skal l\u00f8be rundt.<\/p>\n<p>Det er helt normalt. S\u00e5 l\u00e6nge du betaler tidligere l\u00e5n tilbage i henhold til de vilk\u00e5r, du har aftalt med banken, vil du v\u00e6re i stand til at f\u00e5 nye virksomhedsl\u00e5n i samme bank eller hos andre l\u00e5ngivere (det er\u00a0i dag ikke kun banker, der l\u00e5ner penge ud til virksomheder).<\/p>\n<p>V\u00e6kst kan kr\u00e6ve mange forskellige slags investeringer afh\u00e6ngig af virksomhedens produktionsbetingelser og hvilke kanaler, der anvendes til salg af varer eller tjenesteydelser.<\/p>\n<p>M\u00e5ske skal virksomheden flytte til nye lokaler, ans\u00e6tte personale eller udskifte deres produktionsudstyr? At foretage en st\u00f8rre investering i online markedsf\u00f8ring og salg er en anden grund til at foretage en investering, som normalt betaler sig.<\/p>\n<p>I mods\u00e6tning til n\u00e5r man som individ l\u00e5ner penge til at k\u00f8be noget, betyder et virksomhedsl\u00e5n normalt, at virksomheden investerer for at tjene flere penge i fremtiden. Hvis l\u00e5ngiveren er enig i, at et virksomhedsl\u00e5n vil f\u00f8re til \u00f8get oms\u00e6tning inden for en rimelig tidsramme, er det ikke s\u00e5 sv\u00e6rt at f\u00e5 l\u00e5net indvilget. Kort sagt kan man sige, at du skal l\u00e5ne penge, hvis du kan bruge dem til at tjene flere penge!<\/p>\n<h2>L\u00e5n er en naturlig del af den igangv\u00e6rende forretning<\/h2>\n<p>Det er ikke kun i forbindelse med opstart af en virksomhed, at erhvervsl\u00e5n kan bruges eller endda v\u00e6re absolut n\u00f8dvendige. Virksomheder har sj\u00e6ldent lige s\u00e5 god likviditet som enkeltpersoner.<\/p>\n<p>Omkostningerne er i nogle m\u00e5neder meget h\u00f8jere end andre, og indt\u00e6gterne varierer alt efter slagets gang. Sommetider besk\u00e6ftiger virksomheden sig med en branche, hvor der er s\u00e6sonudsving, og da er det ikke n\u00f8dvendigvis et d\u00e5rlig tegn, hvis salgstallene peger nedad.<\/p>\n<p>Virksomheder, der arbejder med et lille antal kunder, kan have store bel\u00f8b knyttet til kundefordringer i nogle m\u00e5neder, mens de faste omkostninger forbliver lige s\u00e5 h\u00f8je, som de plejer og skal betales til tiden. For at udj\u00e6vne likviditeten er der mange virksomheder, der regelm\u00e6ssigt l\u00e5ner mindre bel\u00f8b.<\/p>\n<p>S\u00e5 snart kunderne har betalt deres udest\u00e5ende, vil l\u00e5nene blive betalt tilbage og n\u00e6ste gang, der er tomt i kassen, kan man ans\u00f8ge om et nyt l\u00e5n. En anden situation, hvor et virksomhedsl\u00e5n er berettiget, er, n\u00e5r virksomheden har stor eftersp\u00f8rgsel. Ved at l\u00e5ne penge kan man \u00f8ge produktiviteten og dermed tjene flere penge p\u00e5 kort sigt.<\/p>\n<p>Et eksempel p\u00e5 dette er, n\u00e5r en butik l\u00f8ber t\u00f8r for varer p\u00e5 lageret, men mange kunder fortsat \u00f8nsker at k\u00f8be. Udover det faktum at hvert produkt, som s\u00e6lges, betyder fortjeneste til virksomheden, s\u00e5 mindsker det ogs\u00e5 risikoen for, at bes\u00f8gende ikke vil komme igen, fordi de ikke fandt den vare, de s\u00f8gte.<\/p>\n<p>Nogle gange opst\u00e5r der simpelthen muligheder, som virksomheden kan tjene gode penge p\u00e5 ved at ans\u00f8ge om et l\u00e5n. Dette styrker likviditeten og giver gode muligheder for at udnytte en god mulighed.<\/p>\n<h2>Sammenlign l\u00e5n p\u00e5 internettet<\/h2>\n<p>I dag findes der flere muligheder for at l\u00e5ne penge online. Enhver, der har en sund virksomhed, kan faktisk s\u00f8ge om l\u00e5n p\u00e5 op til 300.000 kr. og f\u00e5 l\u00e5net indvilget i l\u00f8bet af en dag eller to. Derefter vil pengene blive overf\u00f8rt til virksomhedens konto.<\/p>\n<p>Det er kun, hvis der er behov for at l\u00e5ne meget store bel\u00f8b, at det kr\u00e6ver, at du har personlig kontakt med en r\u00e5dgiver hos en bank eller en anden form for l\u00e5ngiver.<\/p>\n<p><img decoding=\"async\" class=\"size-full wp-image-125 alignright\" src=\"http:\/\/loanstar.com\/dk\/wp-content\/uploads\/sites\/13\/2018\/10\/list-info-img-2.svg\" alt=\"\" width=\"312\" \/><\/p>\n<p>Markedet for virksomhedsl\u00e5n har udviklet sig kraftigt i de seneste \u00e5r. Der er mange l\u00e5ngivere i branchen, der konkurrerer om at f\u00e5 dig som kunde og mange snakker om, at det nu er &#8220;l\u00e5ntagerens marked&#8221;. Det er simpelthen muligt at v\u00e6lge og vrage mellem l\u00e5n med forskellige rentesatser og vilk\u00e5r, der i h\u00f8jere eller mindre grad gavner dig som l\u00e5ntager.<\/p>\n<p>Det er derfor lettere end nogensinde at finde et virksomhedsl\u00e5n, der passer til virksomhedens behov. Det betyder ogs\u00e5, at du som iv\u00e6rks\u00e6tter har et st\u00f8rre ansvar end f\u00f8r, n\u00e5r det g\u00e6lder om at finde et passende l\u00e5n.<\/p>\n<p>Sammenlign l\u00e5n ved hj\u00e6lp af vores brugervenlige service for at f\u00e5 information om tilbud fra flere l\u00e5ngivere, der har de rette virksomhedsl\u00e5n baseret p\u00e5 de kriterier, du har angivet. At sammenligne l\u00e5n b\u00f8r v\u00e6re en indlysende del af at gennemg\u00e5 ens muligheder som iv\u00e6rks\u00e6tter. Vores sammenligningsservice er gratis for dig som l\u00e5ntager.<\/p>\n<h2>Det er ikke kun renten, som bestemmer om et virksomhedsl\u00e5n er godt<\/h2>\n<p>Hvad skal du se p\u00e5, n\u00e5r du sammenligner l\u00e5n? F\u00f8rst og fremmest handler det om at f\u00e5 et overblik over, hvad l\u00e5net vil koste. Handler det om et st\u00f8rre virksomhedsl\u00e5n, s\u00e5 er renten den afg\u00f8rende faktor. Men har din virksomhed kun behov for et lille l\u00e5n, kan forskellige gebyrer v\u00e6re en vigtig del af omkostningerne p\u00e5 l\u00e5net.<\/p>\n<p>Hvor meget virksomheden skal betale i rente afg\u00f8res ikke kun af de marginer, som l\u00e5ngiveren arbejder med, og af det generelle renteniveau i Danmark. L\u00e5nets l\u00f8betid kan ogs\u00e5 spille en vigtig rolle. Renten vil ogs\u00e5 blive lavere, hvis man har et st\u00f8rre l\u00e5n i stedet for flere sm\u00e5 l\u00e5n.<\/p>\n<p>Hvis virksomheden har brug for penge hurtigt, b\u00f8r man v\u00e6re opm\u00e6rksom p\u00e5, hvor lang behandlingstiden er hos de forskellige l\u00e5ngivere, n\u00e5r man sammenligner l\u00e5n. Nogle l\u00e5ngivere har specialiseret sig i at yde hurtige virksomhedsl\u00e5n.<\/p>\n<p>Hvis du forventer at blive en kunde, som har behov for at l\u00e5ne regelm\u00e6ssigt, er det en fordel at kunne komme i kontakt med den samme sagsbehandler, n\u00e5r du kontakter l\u00e5ngiveren. De faktorer, vi har anf\u00f8rt her (rente, l\u00f8betid, behandlingstid og kundeservice), kan du f\u00e5 oplysninger om ved at sammenligne l\u00e5n p\u00e5 denne side.<\/p>\n<h2>Hvem skal du l\u00e5ne af?<\/h2>\n<p>L\u00e5nemarkedet er, som vi allerede har n\u00e6vnt, bredere end nogensinde f\u00f8r. Mange v\u00e6lger at ans\u00f8ge om virksomhedsl\u00e5n i en almindelig bank. En ulempe kan v\u00e6re, at det er sv\u00e6rt at komme i kontakt med nogen, der har de rette kompetencer til pr\u00e6cist at vurdere den situation, du og din virksomhed befinder jer i.<\/p>\n<p>Banker er dog meget sikre partnere og tilbyder normalt gode forhold. N\u00e5r du sammenligner virksomhedsl\u00e5n online, f\u00e5r du ogs\u00e5 tilbud fra l\u00e5neinstitutter og andre selskaber, som yder l\u00e5n til erhvervsmarkedet. Disse er ofte specialiseret i l\u00e5n p\u00e5 mindre bel\u00f8b.<\/p>\n<h2>Venturekapital &#8211; fordele og ulemper<\/h2>\n<p>Mange virksomheder har brug for at f\u00e5 s\u00e5 meget kapital ind som muligt tidligt i deres udvikling, og almindelige banker er normalt ikke villige til at tage den risiko. Bankerne er gode p\u00e5 mange m\u00e5der, men venture kapitalister er eksperter i at vurdere forretningsid\u00e9er og g\u00e5 ind med penge i virksomheder, som muligvis ikke er rentable f\u00f8r om mange \u00e5r.<\/p>\n<p>Det er selvf\u00f8lgelig ikke alle virksomheder, der bliver l\u00f8nsomme, selvom de modtager venturekapital, men det er en kalkuleret risiko, som disse selskaber er villige til at tage. Venturekapital er s\u00e6rligt vigtig i virksomheder inden for teknologi.<\/p>\n<p>Her tager det gerne flere \u00e5r og koster mange millioner kroner at udvikle den teknologi, som skal danne grundlag for selskabets oms\u00e6tning i fremtiden. N\u00e5r man accepterer venturekapital i stedet for et virksomhedsl\u00e5n, afgiver man en del af kontrollen med selskabet.<\/p>\n<p>Venturekapitalister vil som regel ogs\u00e5 tage sig bedre betalt, end hvad du ville have betalt i renter p\u00e5 et almindeligt virksomhedsl\u00e5n. En fordel ved venturekapitalister er, at de er aktivt interesseret i de virksomheder, som de l\u00e5ner penge til og ofte bidrager med ekspertise.<\/p>\n<h2>En kassekredit kan v\u00e6re et alternativ til at l\u00e5ne penge<\/h2>\n<p>At have en kassekredit er ofte en mere smidig l\u00f8sning end at ans\u00f8ge om mindre l\u00e5n flere gange i l\u00f8bet af \u00e5ret, og det giver ogs\u00e5 andre fordele. Med en kassekredit har virksomheden altid god likviditet, og ledelsen beh\u00f8ver ikke at bekymre sig om, hvorvidt de er i stand til at d\u00e6kke l\u00f8bende udgifter s\u00e5som l\u00f8nomkostninger og dem, der g\u00e5r til varebeholdningen.<\/p>\n<p>En kassekredit kan v\u00e6re knyttet til en firmakonto og da beh\u00f8ver du ikke at t\u00e6nke p\u00e5 at betale af p\u00e5 l\u00e5net. Dette reguleres automatisk s\u00e5 snart, der er penge p\u00e5 kontoen. Virksomheden betaler kun renter p\u00e5 det bel\u00f8b, der bruges efter at kontosaldoen er n\u00e5et nul. P\u00e5 denne side kan du f\u00e5 hj\u00e6lp med at sammenligne kassekreditter, s\u00e5 du kan finde den, der er bedst for din virksomhed.<\/p>\n<h2>Hvilke krav er der for indvilgelse af et virksomhedsl\u00e5n?<\/h2>\n<p>Der findes mange typer virksomhedsl\u00e5n og betingelserne, der skal opfyldes for at f\u00e5 et l\u00e5n, kan naturligvis v\u00e6re forskellige fra l\u00e5ngiver til l\u00e5ngiver. Der er dog nogle grundl\u00e6ggende kriterier, som ofte g\u00e6lder.<\/p>\n<p>S\u00e5 l\u00e6nge det ikke handler om et opstartsl\u00e5n, skal virksomheden have f\u00e6rdigstillet mindst et regnskabs\u00e5r, for at l\u00e5ngiveren kan vurdere betalingsevnen. Hvis dette godkendes, kan l\u00e5ngiveren yde et l\u00e5n p\u00e5 det bel\u00f8b, du har ans\u00f8gt om.<\/p>\n<p>N\u00e5r det g\u00e6lder virksomhedsl\u00e5n p\u00e5 lidt st\u00f8rre bel\u00f8b, kan l\u00e5ngiver kr\u00e6ve, at ejeren eller ejerne af selskabet st\u00e5r garant for l\u00e5net, hvis virksomheden ikke kan stille nok sikkerhed.<\/p>\n<p>Danske banker kan kr\u00e6ve, at selskabets ejere opholder sig i Danmark, for at de skal kunne godkende en l\u00e5neans\u00f8gning. Det er ogs\u00e5 normalt, at banken stiller sp\u00f8rgsm\u00e5l til, hvilke udgifter l\u00e5net skal d\u00e6kke. L\u00e5ngiveren ser ikke kun p\u00e5 virksomhedens baggrund, men vurderer ogs\u00e5, om l\u00e5net vil f\u00f8re til \u00f8get oms\u00e6tning.<\/p>\n<h2>Det kan v\u00e6re sv\u00e6rt at f\u00e5 et virksomhedsl\u00e5n med betalingsanm\u00e6rkninger<\/h2>\n<p>Virksomheder er juridiske enheder og kan derfor have betalingsanm\u00e6rkninger. Ved ans\u00f8gning om virksomhedsl\u00e5n modtager l\u00e5ngiveren automatisk oplysninger om eventuelle betalingsanm\u00e6rkninger.<\/p>\n<p>I s\u00e5 fald vil mange l\u00e5ngivere give dig afslag p\u00e5 din ans\u00f8gning uden at fors\u00f8ge at f\u00e5 en id\u00e9 om virksomhedens \u00f8konomi. Det er dog muligt at finde virksomhedsl\u00e5n, selvom firmaet har en betalingsanm\u00e6rkning. Is\u00e6r hvis du kan vise, at dit firma har ansat en autoriseret revisor.<\/p>\n<p>Har du en enkeltmandsvirksomhed, er det dig, der er den juridisk ansvarlige, og det er din personlige kreditv\u00e6rdighed, som afg\u00f8r, om en l\u00e5neans\u00f8gning bliver godkendt. Nogle l\u00e5ngivere l\u00e5ner alligevel ud til l\u00e5ntagere, som har en eller flere betalingsanm\u00e6rkninger, men det er til en h\u00f8jere rente end normalt, fordi de anser det som en st\u00f8rre risiko.<\/p>\n","protected":false},"excerpt":{"rendered":"<p>Virksomhedsl\u00e5n er en vigtig del af den sociale \u00f8konomi Uden virksomhedsl\u00e5n, ingen virksomheder! Det er n\u00e6sten s\u00e5 dramatisk. En m\u00e5de&#8230;<\/p>\n","protected":false},"author":1,"featured_media":0,"parent":98,"menu_order":0,"comment_status":"closed","ping_status":"closed","template":"templates\/calculator-follow-up.php","meta":{"footnotes":""},"yoast_head":"<!-- This site is optimized with the Yoast SEO plugin v21.0 - https:\/\/yoast.com\/wordpress\/plugins\/seo\/ -->\n<title>Virksomhedsl\u00e5n - Penge til din virksomhed, stor eller lille - LoanStar<\/title>\n<meta name=\"description\" content=\"Et virksomhedsl\u00e5n er for alle virkomheder, der gerne vil forbedre sin likviditet. Hos LoanStar kan du l\u00e6se alt du skal vide og se en oversigt over udbydere.\" \/>\n<meta name=\"robots\" content=\"index, follow, max-snippet:-1, max-image-preview:large, max-video-preview:-1\" \/>\n<link rel=\"canonical\" href=\"https:\/\/loanstar.com\/dk\/lan-penge\/virksomhedslan\/\" \/>\n<meta property=\"og:locale\" content=\"da_DK\" \/>\n<meta property=\"og:type\" content=\"article\" \/>\n<meta property=\"og:title\" content=\"Virksomhedsl\u00e5n - Penge til din virksomhed, stor eller lille - LoanStar\" \/>\n<meta property=\"og:description\" content=\"Et virksomhedsl\u00e5n er for alle virkomheder, der gerne vil forbedre sin likviditet. Hos LoanStar kan du l\u00e6se alt du skal vide og se en oversigt over udbydere.\" \/>\n<meta property=\"og:url\" content=\"https:\/\/loanstar.com\/dk\/lan-penge\/virksomhedslan\/\" \/>\n<meta property=\"og:site_name\" content=\"LoanStar Danmark\" \/>\n<meta property=\"article:modified_time\" content=\"2019-07-12T08:36:03+00:00\" \/>\n<meta property=\"og:image\" content=\"http:\/\/loanstar.com\/dk\/wp-content\/uploads\/sites\/13\/2018\/09\/ill_body_9.svg\" \/>\n<meta name=\"twitter:card\" content=\"summary_large_image\" \/>\n<meta name=\"twitter:label1\" content=\"Estimeret l\u00e6setid\" \/>\n\t<meta name=\"twitter:data1\" content=\"11 minutter\" \/>\n<script type=\"application\/ld+json\" class=\"yoast-schema-graph\">{\"@context\":\"https:\/\/schema.org\",\"@graph\":[{\"@type\":\"WebPage\",\"@id\":\"https:\/\/loanstar.com\/dk\/lan-penge\/virksomhedslan\/\",\"url\":\"https:\/\/loanstar.com\/dk\/lan-penge\/virksomhedslan\/\",\"name\":\"Virksomhedsl\u00e5n - Penge til din virksomhed, stor eller lille - LoanStar\",\"isPartOf\":{\"@id\":\"https:\/\/loanstar.com\/dk\/#website\"},\"datePublished\":\"2018-10-04T12:02:28+00:00\",\"dateModified\":\"2019-07-12T08:36:03+00:00\",\"description\":\"Et virksomhedsl\u00e5n er for alle virkomheder, der gerne vil forbedre sin likviditet. Hos LoanStar kan du l\u00e6se alt du skal vide og se en oversigt over udbydere.\",\"breadcrumb\":{\"@id\":\"https:\/\/loanstar.com\/dk\/lan-penge\/virksomhedslan\/#breadcrumb\"},\"inLanguage\":\"da-DK\",\"potentialAction\":[{\"@type\":\"ReadAction\",\"target\":[\"https:\/\/loanstar.com\/dk\/lan-penge\/virksomhedslan\/\"]}]},{\"@type\":\"BreadcrumbList\",\"@id\":\"https:\/\/loanstar.com\/dk\/lan-penge\/virksomhedslan\/#breadcrumb\",\"itemListElement\":[{\"@type\":\"ListItem\",\"position\":1,\"name\":\"Danmark\",\"item\":\"https:\/\/loanstar.com\/dk\/\"},{\"@type\":\"ListItem\",\"position\":2,\"name\":\"L\u00e5n penge\",\"item\":\"https:\/\/loanstar.com\/dk\/lan-penge\/\"},{\"@type\":\"ListItem\",\"position\":3,\"name\":\"Virksomhedsl\u00e5n\"}]},{\"@type\":\"WebSite\",\"@id\":\"https:\/\/loanstar.com\/dk\/#website\",\"url\":\"https:\/\/loanstar.com\/dk\/\",\"name\":\"LoanStar Danmark\",\"description\":\"Sammenlign l\u00e5n\",\"potentialAction\":[{\"@type\":\"SearchAction\",\"target\":{\"@type\":\"EntryPoint\",\"urlTemplate\":\"https:\/\/loanstar.com\/dk\/?s={search_term_string}\"},\"query-input\":\"required name=search_term_string\"}],\"inLanguage\":\"da-DK\"}]}<\/script>\n<!-- \/ Yoast SEO plugin. -->","yoast_head_json":{"title":"Virksomhedsl\u00e5n - Penge til din virksomhed, stor eller lille - LoanStar","description":"Et virksomhedsl\u00e5n er for alle virkomheder, der gerne vil forbedre sin likviditet. Hos LoanStar kan du l\u00e6se alt du skal vide og se en oversigt over udbydere.","robots":{"index":"index","follow":"follow","max-snippet":"max-snippet:-1","max-image-preview":"max-image-preview:large","max-video-preview":"max-video-preview:-1"},"canonical":"https:\/\/loanstar.com\/dk\/lan-penge\/virksomhedslan\/","og_locale":"da_DK","og_type":"article","og_title":"Virksomhedsl\u00e5n - Penge til din virksomhed, stor eller lille - LoanStar","og_description":"Et virksomhedsl\u00e5n er for alle virkomheder, der gerne vil forbedre sin likviditet. Hos LoanStar kan du l\u00e6se alt du skal vide og se en oversigt over udbydere.","og_url":"https:\/\/loanstar.com\/dk\/lan-penge\/virksomhedslan\/","og_site_name":"LoanStar Danmark","article_modified_time":"2019-07-12T08:36:03+00:00","og_image":[{"url":"http:\/\/loanstar.com\/dk\/wp-content\/uploads\/sites\/13\/2018\/09\/ill_body_9.svg"}],"twitter_card":"summary_large_image","twitter_misc":{"Estimeret l\u00e6setid":"11 minutter"},"schema":{"@context":"https:\/\/schema.org","@graph":[{"@type":"WebPage","@id":"https:\/\/loanstar.com\/dk\/lan-penge\/virksomhedslan\/","url":"https:\/\/loanstar.com\/dk\/lan-penge\/virksomhedslan\/","name":"Virksomhedsl\u00e5n - Penge til din virksomhed, stor eller lille - LoanStar","isPartOf":{"@id":"https:\/\/loanstar.com\/dk\/#website"},"datePublished":"2018-10-04T12:02:28+00:00","dateModified":"2019-07-12T08:36:03+00:00","description":"Et virksomhedsl\u00e5n er for alle virkomheder, der gerne vil forbedre sin likviditet. Hos LoanStar kan du l\u00e6se alt du skal vide og se en oversigt over udbydere.","breadcrumb":{"@id":"https:\/\/loanstar.com\/dk\/lan-penge\/virksomhedslan\/#breadcrumb"},"inLanguage":"da-DK","potentialAction":[{"@type":"ReadAction","target":["https:\/\/loanstar.com\/dk\/lan-penge\/virksomhedslan\/"]}]},{"@type":"BreadcrumbList","@id":"https:\/\/loanstar.com\/dk\/lan-penge\/virksomhedslan\/#breadcrumb","itemListElement":[{"@type":"ListItem","position":1,"name":"Danmark","item":"https:\/\/loanstar.com\/dk\/"},{"@type":"ListItem","position":2,"name":"L\u00e5n penge","item":"https:\/\/loanstar.com\/dk\/lan-penge\/"},{"@type":"ListItem","position":3,"name":"Virksomhedsl\u00e5n"}]},{"@type":"WebSite","@id":"https:\/\/loanstar.com\/dk\/#website","url":"https:\/\/loanstar.com\/dk\/","name":"LoanStar Danmark","description":"Sammenlign l\u00e5n","potentialAction":[{"@type":"SearchAction","target":{"@type":"EntryPoint","urlTemplate":"https:\/\/loanstar.com\/dk\/?s={search_term_string}"},"query-input":"required name=search_term_string"}],"inLanguage":"da-DK"}]}},"_links":{"self":[{"href":"https:\/\/loanstar.com\/dk\/wp-json\/wp\/v2\/pages\/152"}],"collection":[{"href":"https:\/\/loanstar.com\/dk\/wp-json\/wp\/v2\/pages"}],"about":[{"href":"https:\/\/loanstar.com\/dk\/wp-json\/wp\/v2\/types\/page"}],"author":[{"embeddable":true,"href":"https:\/\/loanstar.com\/dk\/wp-json\/wp\/v2\/users\/1"}],"replies":[{"embeddable":true,"href":"https:\/\/loanstar.com\/dk\/wp-json\/wp\/v2\/comments?post=152"}],"version-history":[{"count":3,"href":"https:\/\/loanstar.com\/dk\/wp-json\/wp\/v2\/pages\/152\/revisions"}],"predecessor-version":[{"id":396,"href":"https:\/\/loanstar.com\/dk\/wp-json\/wp\/v2\/pages\/152\/revisions\/396"}],"up":[{"embeddable":true,"href":"https:\/\/loanstar.com\/dk\/wp-json\/wp\/v2\/pages\/98"}],"wp:attachment":[{"href":"https:\/\/loanstar.com\/dk\/wp-json\/wp\/v2\/media?parent=152"}],"curies":[{"name":"wp","href":"https:\/\/api.w.org\/{rel}","templated":true}]}}