{"id":148,"date":"2018-10-04T11:59:10","date_gmt":"2018-10-04T11:59:10","guid":{"rendered":"http:\/\/loanstar.com\/dk\/?page_id=148"},"modified":"2019-07-12T10:28:03","modified_gmt":"2019-07-12T08:28:03","slug":"billan","status":"publish","type":"page","link":"https:\/\/loanstar.com\/dk\/lan-penge\/billan\/","title":{"rendered":"Bill\u00e5n"},"content":{"rendered":"<h2>Alt, du b\u00f8r vide om bill\u00e5n<\/h2>\n<p><img decoding=\"async\" class=\"alignright size-full wp-image-69\" src=\"http:\/\/loanstar.com\/dk\/wp-content\/uploads\/sites\/13\/2018\/09\/ill_body_5.svg\" alt=\"\" width=\"312\" \/>N\u00e5r det bliver tid til at k\u00f8be en ny bil, v\u00e6lger de fleste enten at k\u00f8be en brugt bil og betale den med opsparede penge eller at k\u00f8be en ny bil med hj\u00e6lp fra et bill\u00e5n. Fordi bilpriserne i Danmark er ret h\u00f8je, er k\u00f8b af en ny bil for de fleste en stor investering.<\/p>\n<p>Alligevel er det ikke sikkert, at det vil v\u00e6re dyrere at k\u00f8be en ny bil i forhold til en brugt bil i det lange l\u00f8b. Omkostningerne ved at have en bil handler om mere end bilens k\u00f8bspris. Du b\u00f8r ogs\u00e5 tage omkostninger til f.eks. service og reparationer med i regnestykket. Selvf\u00f8lgelig kan du ogs\u00e5 l\u00e5ne penge til at k\u00f8be en brugt bil.<\/p>\n<p>Hvis du kigger efter et <a href=\"http:\/\/loanstar.com\/dk\/lan-penge\/forbrugslan\/\" target=\"_blank\" rel=\"noopener noreferrer\">forbrugsl\u00e5n<\/a> uden sikkerhed er fordelen, at banken eller l\u00e5neinstituttet ikke blander sig i, hvad du skal bruge pengene til. Hvis du bruger vores hjemmeside til at sammenligne forskellige bill\u00e5n, vil du l\u00e6gge m\u00e6rke til, at der er mange muligheder.<\/p>\n<p>Det at k\u00f8be en ny bil kan mange gange v\u00e6re en god id\u00e9, da du kan v\u00e6re rimelig sikker p\u00e5, at du ikke f\u00e5r s\u00e5 mange problemer med den, som du m\u00e5ske ville f\u00e5 med en brugt, og samtidig er den sikrere end en billig brugt bil. I denne artikel vil vi se p\u00e5 de forskellige muligheder, du har, n\u00e5r du har besluttet dig for at ans\u00f8ge om et bill\u00e5n.<\/p>\n<p>Forh\u00e5bentlig kan vi ogs\u00e5 give nogle tips til hvad du kan g\u00f8re for at f\u00e5 udf\u00e6rdiget din ans\u00f8gning i overensstemmelse med vilk\u00e5r, som passer til dig og den situation, du er i. Der er nemlig ingen tvivl om, at det at k\u00f8be en bil er en vigtig og alvorlig sag, uanset om den er ny eller brugt.<\/p>\n<h2>Det er ikke kun renten, der t\u00e6ller<\/h2>\n<p>Normalt vil et bill\u00e5n have en l\u00f8betid p\u00e5 flere \u00e5r, hvilket betyder, at den rente, du betaler hver m\u00e5ned, har stor indflydelse p\u00e5, hvor meget du ender med at betale for dit l\u00e5n. N\u00e5r det drejer sig om minil\u00e5n og <a href=\"http:\/\/loanstar.com\/dk\/lan-penge\/kviklan\/\" target=\"_blank\" rel=\"noopener noreferrer\">kvikl\u00e5n<\/a>\u00a0kan etableringsgebyret og andre gebyrer have en betydelig indvirkning p\u00e5 de samlede omkostninger for l\u00e5net.<\/p>\n<p><img decoding=\"async\" class=\"size-full wp-image-56 alignright\" src=\"http:\/\/loanstar.com\/dk\/wp-content\/uploads\/sites\/13\/2018\/09\/button_6.svg\" alt=\"\" width=\"312\" \/>N\u00e5r det drejer sig om bill\u00e5n, l\u00e5ner du normalt s\u00e5 mange penge over tid, at renten er det vigtigste, n\u00e5r du skal finde ud af, hvor meget l\u00e5net vil koste dig. Det betyder dog ikke, at renten er den eneste ting, du skal holde \u00f8je med, n\u00e5r du sammenligner bill\u00e5n. Her er nogle andre ting, der ogs\u00e5 kan v\u00e6re vigtige:<\/p>\n<ul>\n<li>Er det muligt at indl\u00f8se dit bill\u00e5n f\u00f8r tid og betale hurtigere, end hvad du og l\u00e5ngiveren oprindeligt blev enige om? Nogle gange skal du betale et anseligt gebyr for at f\u00e5 lov til at g\u00f8re dette.<\/li>\n<li>Kan du selv v\u00e6lge hvor lang en l\u00f8betid, du vil have p\u00e5 l\u00e5net? Betaling over flere m\u00e5neder eller \u00e5r betyder, at du betaler et lavere afdrag hver m\u00e5ned men h\u00f8jere totalomkostninger.<\/li>\n<li>Hvor meget skal du betale i gebyrer? Hvis du sammenligner l\u00e5n og f\u00e5r tilsendt flere tilbud, som du synes er gode, s\u00e5 kan l\u00f8betiden og etableringsgebyret v\u00e6re afg\u00f8rende for, hvilket l\u00e5n der er mest \u00f8konomisk for dig.<\/li>\n<\/ul>\n<h2>Forsikringen p\u00e5 bilen har betydning for bill\u00e5net<\/h2>\n<p>N\u00e5r du ans\u00f8ger om et almindelig bill\u00e5n, vil de fleste banker kr\u00e6ve, at du tegner en fuld kaskoforsikring, f\u00f8r de vil godkende ans\u00f8gningen. P\u00e5 almindelige bill\u00e5n fungerer det ogs\u00e5 p\u00e5 den m\u00e5de, at kreditor tager sikkerhed i bilen, og du f\u00e5r en lavere rente end med andre l\u00e5n.<\/p>\n<p>Du kan s\u00f8ge om 100% finansiering af bilen, og l\u00f8betiden kan v\u00e6re p\u00e5 maksimalt 10 \u00e5r. Hvis bilen ikke bliver kaskoforsikret, vil kreditor stadig tage pant i bilen, men siden bilen ikke er fuldt forsikret, m\u00e5 du betale en h\u00f8jere rente.<\/p>\n<p>En anden ting er, at du skal have mindst 10% i egenkapital, og at du kan h\u00f8jest l\u00e5ne 100.000 kr. Sidst men ikke mindst kan l\u00f8betiden ikke v\u00e6re l\u00e6ngere end fem \u00e5r. Der er derfor mange gode grunde til at v\u00e6lge fuld kasko, n\u00e5r man k\u00f8ber bil.<\/p>\n<h2>K\u00f8b bil ved hj\u00e6lp af forbrugsl\u00e5n<\/h2>\n<p>Hvis vi ser bort fra forskellige varianter af minil\u00e5n, <a href=\"http:\/\/loanstar.com\/dk\/lan-penge\/kviklan\/\">kvikl\u00e5n<\/a> og <a href=\"http:\/\/loanstar.com\/dk\/lan-penge\/realkreditlan\/\" target=\"_blank\" rel=\"noopener noreferrer\">realkreditl\u00e5n<\/a>, s\u00e5 er <a href=\"http:\/\/loanstar.com\/dk\/lan-penge\/forbrugslan\/\">forbrugsl\u00e5n<\/a> et af de mest udbredte l\u00e5n i Danmark. Et forbrugsl\u00e5n fungerer i princippet p\u00e5 samme m\u00e5de som f.eks. minil\u00e5n og kvikl\u00e5n. Det er et l\u00e5n for private, som du kan bruge til hvad som helst. Du beh\u00f8ver ikke at stille sikkerhed ved forbrugsl\u00e5n.<\/p>\n<p>Hvor meget du f\u00e5r lov til at l\u00e5ne afh\u00e6nger af det kreditcheck, som l\u00e5ngiveren udf\u00f8rer, n\u00e5r du sender din ans\u00f8gning. Der er mange faktorer, som kan v\u00e6re udslagsgivende. St\u00f8rrelsen p\u00e5 din indkomst er en af \u200b\u200bde vigtigste faktorer. Hvis du sammenligner forbrugsl\u00e5n, vil du bem\u00e6rke, at det er muligt at l\u00e5ne mange penge p\u00e5 denne m\u00e5de.<\/p>\n<p>Det er faktisk muligt at ans\u00f8ge om l\u00e5n p\u00e5 op til 400.000 kr. og det bel\u00f8b b\u00f8r v\u00e6re nok til de fleste biler. Jo kortere l\u00f8betid du har p\u00e5 et bill\u00e5n, jo billigere bliver det ogs\u00e5 totalt, da de samlede omkostninger for l\u00e5net vil blive lavere. Det er muligt at v\u00e6lge en l\u00f8betid p\u00e5 alt fra et til femten \u00e5r, n\u00e5r du ans\u00f8ger om et forbrugsl\u00e5n.<\/p>\n<h2>Hvordan fungerer et bill\u00e5n med pant i bilen?<\/h2>\n<p>Hvis du v\u00e6lger et bill\u00e5n med sikkerhed i bilen, n\u00e5r du skal k\u00f8be dig ny bil, vil du f\u00e5 gunstigere vilk\u00e5r, end hvis du v\u00e6lger et <a href=\"http:\/\/loanstar.com\/dk\/?s=forbrugsl%C3%A5n\">forbrugsl\u00e5n.<\/a> Du vil i de fleste tilf\u00e6lde ogs\u00e5 kunne l\u00e5ne flere penge, n\u00e5r banken eller l\u00e5neinstituttet har sikkerhed i den bil, du k\u00f8ber, end hvis du ans\u00f8ger om et forbrugsl\u00e5n.<\/p>\n<p>L\u00f8betiden p\u00e5 bill\u00e5n afh\u00e6nger lidt af den type bil, du \u00f8nsker at k\u00f8be, og af hvor hurtigt det forventes, at den mister sin v\u00e6rdi. En grundl\u00e6ggende regel, du ofte vil se, er, at bill\u00e5net bliver betalt tilbage inden ti \u00e5r fra bilens produktionsdato.<\/p>\n<p>Ofte skal du ogs\u00e5 l\u00e6gge egenkapital til, n\u00e5r du ans\u00f8ger om et bill\u00e5n af en vis st\u00f8rrelse, men dette kommer helt an p\u00e5 banken eller l\u00e5neinstituttet. Hvis du ved, hvad der sker, n\u00e5r du ans\u00f8ger om et realkreditl\u00e5n, s\u00e5 vil du bem\u00e6rke, at der er mange ligheder mellem denne type l\u00e5n og l\u00e5n til en bil.<\/p>\n<p>Hvis du k\u00f8ber en bil og betaler den med penge fra et l\u00e5n, hvor bilen fungerer som pant for l\u00e5net, vil de fleste kr\u00e6ve, at du har fuld kaskoforsikring p\u00e5 din nye bil. Ellers risikerer du, at banken mister sin pant, hvis bilen bliver stj\u00e5let eller bliver \u00f8delagt i en ulykke. Det kan koste dig meget dyrt, og du b\u00f8r derfor tage det med i din beregning.<\/p>\n<h2>Skal du v\u00e6lge fast eller flydende rente?<\/h2>\n<p>Historisk set har en flydende rente altid v\u00e6ret foretrukket over fast rente for dem, der prim\u00e6rt s\u00f8ger at f\u00e5 s\u00e5 lave omkostninger som muligt p\u00e5 deres bill\u00e5n. Fast rente har dog den fordel, at du f\u00e5r et godt overblik over din \u00f8konomi og ved pr\u00e6cis, hvad dit l\u00e5n vil koste m\u00e5ned efter m\u00e5ned.<\/p>\n<p>Nu er der mange eksperter, der anser det som sandsynligt, at renten i Danmark vil stige i l\u00f8bet af de kommende \u00e5r. Dette er forst\u00e5eligt nok et argument for at binde renten p\u00e5 dit bill\u00e5n.<\/p>\n<p>Du vil da komme til at betale lidt mere end hvad du g\u00f8r i dag, hvis du har flydende rente, men om et par \u00e5r kan det vise sig, at den flydende rente vil v\u00e6re meget dyrere, hvis <a href=\"http:\/\/www.nationalbanken.dk\/en\">Nationalbanken<\/a> h\u00e6ver udl\u00e5nsrenten. Et kompromis, man kan indg\u00e5 med sig selv, er at binde renten i et vist antal m\u00e5neder eller \u00e5r.<\/p>\n<h2>Mindsk omkostningerne ved dit bill\u00e5n<\/h2>\n<p><img decoding=\"async\" class=\"size-full wp-image-251 alignright\" src=\"http:\/\/loanstar.com\/dk\/wp-content\/uploads\/sites\/13\/2018\/11\/savings_button.svg\" alt=\"\" width=\"312\" \/>Hvis du investerer i en god og ny bil, vil omkostningerne til det p\u00e5g\u00e6ldende bill\u00e5n i de fleste tilf\u00e6lde udg\u00f8re en m\u00e6rkbar del af dine husholdningsudgifter. Det er selvf\u00f8lgelig i din interesse at fors\u00f8ge at holde omkostningerne s\u00e5 lave som muligt, og der er faktisk en del, du kan g\u00f8re for at p\u00e5virke disse l\u00e5neomkostninger.<\/p>\n<p>Du b\u00f8r blandt andet udnytte den kendsgerning, at mange banker og l\u00e5neinstitutter lever af at l\u00e5ne penge ud. Da markedet er pr\u00e6get af stor konkurrence, vil du opdage, at bankerne ikke har r\u00e5d til at tilbyde l\u00e5n med h\u00f8je renter.<\/p>\n<p>De vil tabe mange kunder ved at have den h\u00f8jeste rente p\u00e5 markedet, og derfor betaler det sig at sammenligne omkostningerne p\u00e5 l\u00e5n p\u00e5 en af de mange sammenligningssider, du finder p\u00e5 internettet.<\/p>\n<p>Du b\u00f8r ikke v\u00e6lge det f\u00f8rste bill\u00e5n men derimod altid sammenligne l\u00e5n. Hvis du foretager en s\u00f8gning hos os, vil du blive tilbudt mange l\u00e5n fra mange forskellige l\u00e5neudbydere, som passer til dine \u00f8nsker &#8211; uanset om du leder efter et klassisk bill\u00e5n med pant i bilen eller et forbrugsl\u00e5n.<\/p>\n<p>Renten bestemmes individuelt, og det kan undertiden v\u00e6re muligt at forhandle lidt om renten. Hvis l\u00e5net er p\u00e5 et st\u00f8rre bel\u00f8b, skal du ikke bare acceptere renten og vilk\u00e5rene, du bliver tilbudt, men i stedet diskutere dem med l\u00e5neudbyderen. I dette tilf\u00e6lde sammenligner du forskellige l\u00e5n p\u00e5 internettet som s\u00e6dvanligt, men kontakt l\u00e5neudbyderen i stedet for at afslutte din ans\u00f8gning online.<\/p>\n<p>Hvis du har kontaktet en bank eller et l\u00e5neinstitut, som tilbyder mange forskellige finansielle tjenester udover bill\u00e5n, kan du ofte f\u00e5 en ekstra fordel ved at blive totalkunde hos banken og \u00e5bne en eller flere konti hos dem.<\/p>\n<p>Glem ikke, at renteomkostninger op til et bestemt bel\u00f8b kan v\u00e6re fradragsberettigede. Det betyder, at et l\u00e5n med en lidt h\u00f8jere rente faktisk kan v\u00e6re mere fordelagtig end et bill\u00e5n med en lavere rente men h\u00f8jere gebyrer.<\/p>\n<h2>Bill\u00e5n p\u00e5 trods af registrering i RKI<\/h2>\n<p>Uanset hvilken slags l\u00e5n, det handler om, vil der blive foretaget et kreditcheck. Vi har tidligere sagt, at du skal have en fast indkomst for at f\u00e5 et bill\u00e5n. Et andet grundl\u00e6ggende krav er, at du ikke er registreret som d\u00e5rlig betaler i <a href=\"http:\/\/www.experian.dk\/registreret-i-rki\/index.html\">RKI<\/a> eller <a href=\"https:\/\/www.registret.dk\/index.html\" target=\"_blank\" rel=\"noopener noreferrer\">Debitor Registret<\/a>.<\/p>\n<p>Der findes banker, som specialiserer sig i l\u00e5n til folk, som er havnet i disse registre, men de tilbyder prim\u00e6rt hj\u00e6lp til folk, som har behov for at refinansiere dyre l\u00e5n. Hvis du har en d\u00e5rlig betalingshistorik, kan vi kun anbefale at arbejde m\u00e5lrettet med at f\u00e5 slettet disse registreringer eller at spare de penge op, som du har brug for til at k\u00f8be en bil.<\/p>\n<h2>Lease bil i stedet for at ans\u00f8ge om et bill\u00e5n<\/h2>\n<p>Leasing, dvs. langtidsleje, kan v\u00e6re en mulighed for dem, der leder efter et bill\u00e5n til at k\u00f8be en ny bil. Der er b\u00e5de fordele og ulemper ved at lease i forhold til l\u00e5n og k\u00f8b af bil. De m\u00e5nedlige omkostningerne er h\u00f8jere ved leasing, men hvis service og forsikring er inkluderet i kontrakten, kan det i visse tilf\u00e6lde betale sig.<\/p>\n<p>N\u00e5r leasingaftalen udl\u00f8ber, kan du ofte v\u00e6lge, om du vil k\u00f8be bilen eller f\u00e5 en ny bilmodel og beholde aftalen. Sammenligning af bill\u00e5n giver dig dog flere tilbud end n\u00e5r du pr\u00f8ver at sammenligne leasingaftaler.<\/p>\n<h2>Bill\u00e5n \u2013 en opsummering<\/h2>\n<p>At k\u00f8be en helt ny bil eller en bedre brugt bil er en stor udgift for de fleste husstande. At v\u00e6re p\u00e5holdende, n\u00e5r du k\u00f8ber en bil, betyder ikke automatisk, at du tjener penge i det lange l\u00f8b. I v\u00e6rste tilf\u00e6lde kan det v\u00e6re et sp\u00f8rgsm\u00e5l om sikkerhed, og der er ingen tvivl om, at du simpelthen er mere sikker i en ny bil.<\/p>\n<p><img decoding=\"async\" class=\"alignright size-full wp-image-76\" src=\"http:\/\/loanstar.com\/dk\/wp-content\/uploads\/sites\/13\/2018\/09\/ill_body_12.svg\" alt=\"\" width=\"312\" \/>Bilk\u00f8b er derfor et af \u200b\u200bde tilf\u00e6lde i livet, hvor det ofte er smartere at ans\u00f8ge om et st\u00f8rre l\u00e5n til at k\u00f8be en ny bil fremfor et mindre l\u00e5n til en brugt bil. Ved at sammenligne l\u00e5n fra forskellige l\u00e5neudbydere kan du lettere finde ud af, hvilken bank eller l\u00e5neinstitut, der kan give dig de bedste vilk\u00e5r og den laveste rente.<\/p>\n<p>At ans\u00f8ge om et bill\u00e5n med pant i bilen er billigere end at ans\u00f8ge om et forbrugsl\u00e5n, men det er vigtigt at huske p\u00e5, at de fleste banker kr\u00e6ver, at du tegner fuld kaskoforsikring p\u00e5 bilen, hvis de skal godkende et l\u00e5n med pant. Det n\u00e6ste vigtige valg er, om du vil have fast eller flydende rente p\u00e5 dit bill\u00e5n.<\/p>\n<p>Man kan forsvare begge rentetyper, s\u00e5 det vil altid v\u00e6re et sp\u00f8rgsm\u00e5l om, hvad man selv foretr\u00e6kker. N\u00e5r du sammenligner l\u00e5n, f\u00e5r du oplysninger om de rentesatser, bankerne kan tilbyde, og du kan se bankernes eget eksempel p\u00e5, hvad et bestemt l\u00e5nebel\u00f8b kan komme til at koste dig.<\/p>\n","protected":false},"excerpt":{"rendered":"<p>Alt, du b\u00f8r vide om bill\u00e5n N\u00e5r det bliver tid til at k\u00f8be en ny bil, v\u00e6lger de fleste enten&#8230;<\/p>\n","protected":false},"author":1,"featured_media":0,"parent":98,"menu_order":0,"comment_status":"closed","ping_status":"closed","template":"templates\/calculator-follow-up.php","meta":{"footnotes":""},"yoast_head":"<!-- This site is optimized with the Yoast SEO plugin v21.0 - https:\/\/yoast.com\/wordpress\/plugins\/seo\/ -->\n<title>Bill\u00e5n - Sammenlign priser p\u00e5 l\u00e5n og s\u00f8g i dag - LoanStar<\/title>\n<meta name=\"description\" content=\"Unders\u00f8g hvor du kan f\u00e5 markedets billigste bill\u00e5n. LoanStar sammenligner bill\u00e5n fra flere af Danmarks st\u00f8rste selskaber. Bes\u00f8g os i dag!\" \/>\n<meta name=\"robots\" content=\"index, follow, max-snippet:-1, max-image-preview:large, max-video-preview:-1\" \/>\n<link rel=\"canonical\" href=\"https:\/\/loanstar.com\/dk\/lan-penge\/billan\/\" \/>\n<meta property=\"og:locale\" content=\"da_DK\" \/>\n<meta property=\"og:type\" content=\"article\" \/>\n<meta property=\"og:title\" content=\"Bill\u00e5n - Sammenlign priser p\u00e5 l\u00e5n og s\u00f8g i dag - LoanStar\" \/>\n<meta property=\"og:description\" content=\"Unders\u00f8g hvor du kan f\u00e5 markedets billigste bill\u00e5n. LoanStar sammenligner bill\u00e5n fra flere af Danmarks st\u00f8rste selskaber. Bes\u00f8g os i dag!\" \/>\n<meta property=\"og:url\" content=\"https:\/\/loanstar.com\/dk\/lan-penge\/billan\/\" \/>\n<meta property=\"og:site_name\" content=\"LoanStar Danmark\" \/>\n<meta property=\"article:modified_time\" content=\"2019-07-12T08:28:03+00:00\" \/>\n<meta property=\"og:image\" content=\"http:\/\/loanstar.com\/dk\/wp-content\/uploads\/sites\/13\/2018\/09\/ill_body_5.svg\" \/>\n<meta name=\"twitter:card\" content=\"summary_large_image\" \/>\n<meta name=\"twitter:label1\" content=\"Estimeret l\u00e6setid\" \/>\n\t<meta name=\"twitter:data1\" content=\"12 minutter\" \/>\n<script type=\"application\/ld+json\" class=\"yoast-schema-graph\">{\"@context\":\"https:\/\/schema.org\",\"@graph\":[{\"@type\":\"WebPage\",\"@id\":\"https:\/\/loanstar.com\/dk\/lan-penge\/billan\/\",\"url\":\"https:\/\/loanstar.com\/dk\/lan-penge\/billan\/\",\"name\":\"Bill\u00e5n - Sammenlign priser p\u00e5 l\u00e5n og s\u00f8g i dag - LoanStar\",\"isPartOf\":{\"@id\":\"https:\/\/loanstar.com\/dk\/#website\"},\"datePublished\":\"2018-10-04T11:59:10+00:00\",\"dateModified\":\"2019-07-12T08:28:03+00:00\",\"description\":\"Unders\u00f8g hvor du kan f\u00e5 markedets billigste bill\u00e5n. LoanStar sammenligner bill\u00e5n fra flere af Danmarks st\u00f8rste selskaber. Bes\u00f8g os i dag!\",\"breadcrumb\":{\"@id\":\"https:\/\/loanstar.com\/dk\/lan-penge\/billan\/#breadcrumb\"},\"inLanguage\":\"da-DK\",\"potentialAction\":[{\"@type\":\"ReadAction\",\"target\":[\"https:\/\/loanstar.com\/dk\/lan-penge\/billan\/\"]}]},{\"@type\":\"BreadcrumbList\",\"@id\":\"https:\/\/loanstar.com\/dk\/lan-penge\/billan\/#breadcrumb\",\"itemListElement\":[{\"@type\":\"ListItem\",\"position\":1,\"name\":\"Danmark\",\"item\":\"https:\/\/loanstar.com\/dk\/\"},{\"@type\":\"ListItem\",\"position\":2,\"name\":\"L\u00e5n penge\",\"item\":\"https:\/\/loanstar.com\/dk\/lan-penge\/\"},{\"@type\":\"ListItem\",\"position\":3,\"name\":\"Bill\u00e5n\"}]},{\"@type\":\"WebSite\",\"@id\":\"https:\/\/loanstar.com\/dk\/#website\",\"url\":\"https:\/\/loanstar.com\/dk\/\",\"name\":\"LoanStar Danmark\",\"description\":\"Sammenlign l\u00e5n\",\"potentialAction\":[{\"@type\":\"SearchAction\",\"target\":{\"@type\":\"EntryPoint\",\"urlTemplate\":\"https:\/\/loanstar.com\/dk\/?s={search_term_string}\"},\"query-input\":\"required name=search_term_string\"}],\"inLanguage\":\"da-DK\"}]}<\/script>\n<!-- \/ Yoast SEO plugin. -->","yoast_head_json":{"title":"Bill\u00e5n - Sammenlign priser p\u00e5 l\u00e5n og s\u00f8g i dag - LoanStar","description":"Unders\u00f8g hvor du kan f\u00e5 markedets billigste bill\u00e5n. LoanStar sammenligner bill\u00e5n fra flere af Danmarks st\u00f8rste selskaber. Bes\u00f8g os i dag!","robots":{"index":"index","follow":"follow","max-snippet":"max-snippet:-1","max-image-preview":"max-image-preview:large","max-video-preview":"max-video-preview:-1"},"canonical":"https:\/\/loanstar.com\/dk\/lan-penge\/billan\/","og_locale":"da_DK","og_type":"article","og_title":"Bill\u00e5n - Sammenlign priser p\u00e5 l\u00e5n og s\u00f8g i dag - LoanStar","og_description":"Unders\u00f8g hvor du kan f\u00e5 markedets billigste bill\u00e5n. LoanStar sammenligner bill\u00e5n fra flere af Danmarks st\u00f8rste selskaber. Bes\u00f8g os i dag!","og_url":"https:\/\/loanstar.com\/dk\/lan-penge\/billan\/","og_site_name":"LoanStar Danmark","article_modified_time":"2019-07-12T08:28:03+00:00","og_image":[{"url":"http:\/\/loanstar.com\/dk\/wp-content\/uploads\/sites\/13\/2018\/09\/ill_body_5.svg"}],"twitter_card":"summary_large_image","twitter_misc":{"Estimeret l\u00e6setid":"12 minutter"},"schema":{"@context":"https:\/\/schema.org","@graph":[{"@type":"WebPage","@id":"https:\/\/loanstar.com\/dk\/lan-penge\/billan\/","url":"https:\/\/loanstar.com\/dk\/lan-penge\/billan\/","name":"Bill\u00e5n - Sammenlign priser p\u00e5 l\u00e5n og s\u00f8g i dag - LoanStar","isPartOf":{"@id":"https:\/\/loanstar.com\/dk\/#website"},"datePublished":"2018-10-04T11:59:10+00:00","dateModified":"2019-07-12T08:28:03+00:00","description":"Unders\u00f8g hvor du kan f\u00e5 markedets billigste bill\u00e5n. LoanStar sammenligner bill\u00e5n fra flere af Danmarks st\u00f8rste selskaber. Bes\u00f8g os i dag!","breadcrumb":{"@id":"https:\/\/loanstar.com\/dk\/lan-penge\/billan\/#breadcrumb"},"inLanguage":"da-DK","potentialAction":[{"@type":"ReadAction","target":["https:\/\/loanstar.com\/dk\/lan-penge\/billan\/"]}]},{"@type":"BreadcrumbList","@id":"https:\/\/loanstar.com\/dk\/lan-penge\/billan\/#breadcrumb","itemListElement":[{"@type":"ListItem","position":1,"name":"Danmark","item":"https:\/\/loanstar.com\/dk\/"},{"@type":"ListItem","position":2,"name":"L\u00e5n penge","item":"https:\/\/loanstar.com\/dk\/lan-penge\/"},{"@type":"ListItem","position":3,"name":"Bill\u00e5n"}]},{"@type":"WebSite","@id":"https:\/\/loanstar.com\/dk\/#website","url":"https:\/\/loanstar.com\/dk\/","name":"LoanStar Danmark","description":"Sammenlign l\u00e5n","potentialAction":[{"@type":"SearchAction","target":{"@type":"EntryPoint","urlTemplate":"https:\/\/loanstar.com\/dk\/?s={search_term_string}"},"query-input":"required name=search_term_string"}],"inLanguage":"da-DK"}]}},"_links":{"self":[{"href":"https:\/\/loanstar.com\/dk\/wp-json\/wp\/v2\/pages\/148"}],"collection":[{"href":"https:\/\/loanstar.com\/dk\/wp-json\/wp\/v2\/pages"}],"about":[{"href":"https:\/\/loanstar.com\/dk\/wp-json\/wp\/v2\/types\/page"}],"author":[{"embeddable":true,"href":"https:\/\/loanstar.com\/dk\/wp-json\/wp\/v2\/users\/1"}],"replies":[{"embeddable":true,"href":"https:\/\/loanstar.com\/dk\/wp-json\/wp\/v2\/comments?post=148"}],"version-history":[{"count":2,"href":"https:\/\/loanstar.com\/dk\/wp-json\/wp\/v2\/pages\/148\/revisions"}],"predecessor-version":[{"id":391,"href":"https:\/\/loanstar.com\/dk\/wp-json\/wp\/v2\/pages\/148\/revisions\/391"}],"up":[{"embeddable":true,"href":"https:\/\/loanstar.com\/dk\/wp-json\/wp\/v2\/pages\/98"}],"wp:attachment":[{"href":"https:\/\/loanstar.com\/dk\/wp-json\/wp\/v2\/media?parent=148"}],"curies":[{"name":"wp","href":"https:\/\/api.w.org\/{rel}","templated":true}]}}