{"id":144,"date":"2018-10-04T11:53:51","date_gmt":"2018-10-04T11:53:51","guid":{"rendered":"http:\/\/loanstar.com\/dk\/?page_id=144"},"modified":"2019-07-12T16:56:07","modified_gmt":"2019-07-12T14:56:07","slug":"kviklan","status":"publish","type":"page","link":"https:\/\/loanstar.com\/dk\/lan-penge\/kviklan\/","title":{"rendered":"Kvikl\u00e5n"},"content":{"rendered":"<h2>Alt du beh\u00f8ver at vide om kvikl\u00e5n<\/h2>\n<p>Uforudsete udgifter er noget, vi alle kender til. Pludselig l\u00f8sner der sig en plombe i en tand og du m\u00e5 en tur til tandl\u00e6gen, k\u00f8leskabet kan ikke mere, vennerne vil p\u00e5 fodboldtur eller b\u00f8rnene skal have nyt sportsudstyr, fordi de er vokset ud af det gamle. Selvom eksperterne siger, at vi skal spare, s\u00e5 vi har penge til n\u00e5r s\u00e5danne begivenheder indtr\u00e6ffer, s\u00e5 er det ofte lettere sagt end gjort.<\/p>\n<p><img decoding=\"async\" class=\"size-full wp-image-12 aligncenter\" src=\"http:\/\/loanstar.com\/dk\/wp-content\/uploads\/sites\/13\/2018\/09\/home_ill_1.svg\" alt=\"\" width=\"312\" \/><\/p>\n<p>L\u00f8sningen p\u00e5 den uforudsete begivenhed kan derfor v\u00e6re at ans\u00f8ge om et lille l\u00e5n som f.eks. et kvikl\u00e5n. Ans\u00f8gningsprocessen er enkel, og hvis l\u00e5net bliver godkendt, g\u00e5r der ikke lang tid f\u00f8r pengene kommer ind p\u00e5 bankkontoen.<\/p>\n<p>Et kvikl\u00e5n er stort set det samme som et <a href=\"http:\/\/loanstar.com\/dk\/lan-penge\/forbrugslan\/\" target=\"_blank\" rel=\"noopener noreferrer\">forbrugsl\u00e5n<\/a>. Det er s\u00e5ledes et l\u00e5n, hvor banken eller l\u00e5neinstituttet ikke kr\u00e6ver, at du stiller sikkerhed for l\u00e5net. Den prim\u00e6re forskel mellem disse er st\u00f8rrelsen p\u00e5 l\u00e5nebel\u00f8bet.<\/p>\n<p>Et kvikl\u00e5n er typisk p\u00e5 mellem 5.000 kr. og 25.000 kr., mens et forbrugsl\u00e5n er l\u00e5n p\u00e5 st\u00f8rre bel\u00f8b, ofte over 50.000 kr. og helt op til 400.000 kr. Hvis du vil ans\u00f8ge om et kvikl\u00e5n, kan du sende en ans\u00f8gning fra bankens eller l\u00e5neinstituttets hjemmeside.<\/p>\n<p>Du kan ogs\u00e5 g\u00f8re det fra din mobiltelefon ved at benytte dig af l\u00e5neudbyderens mobilside. P\u00e5 den m\u00e5de tager det ikke lang tid f\u00f8r du har penge p\u00e5 din bankkonto og kan betale tandl\u00e6gen eller k\u00f8be et nyt k\u00f8leskab, s\u00e5 du ikke er n\u00f8d til smide al maden ud, fordi den er blevet d\u00e5rlig.<\/p>\n<h2>Kvikl\u00e5n eller kreditkort<\/h2>\n<p><img decoding=\"async\" class=\"alignnone size-full wp-image-17 alignleft\" src=\"http:\/\/loanstar.com\/dk\/wp-content\/uploads\/sites\/13\/2018\/09\/ill_gen_1.svg\" alt=\"\" width=\"312\" \/>Den st\u00f8rste ulempe ved sm\u00e5 l\u00e5n er, at renten er forholdsvis h\u00f8j. Derfor er der mange, der v\u00e6lger kreditkort som en l\u00f8sning p\u00e5 akutte pengebehov, hvor man ikke tr\u00e6kker s\u00e5 mange penge. Bruger du kreditkort, skal du imidlertid v\u00e6re opm\u00e6rksom p\u00e5, at dette kun kan betale sig, hvis du har mulighed for at betale regningen, n\u00e5r den kommer.<\/p>\n<p>Hvis du ikke kan betale hele bel\u00f8bet p\u00e5 regningen fra kreditkortselskabet, n\u00e5r den forfalder, s\u00e5 vil renten, som bliver lagt til, v\u00e6re meget h\u00f8j. Hvis du ans\u00f8ger om et lille l\u00e5n i stedet for, vil du f\u00e5 l\u00e6ngere tid til at betale l\u00e5net tilbage end de rentefri dage, du f\u00e5r p\u00e5 kreditkortet.<\/p>\n<p>I sidste ende vil dette give dig l\u00e6ngere tid til at betale pengene tilbage. Dette kan v\u00e6re fint, hvis der for eksempel er lang tid til n\u00e6ste l\u00f8nningsdag, eller hvis du ikke kan betale det hele med den f\u00f8rste l\u00f8n.<\/p>\n<p>De banker og l\u00e5neinstitutter, som tilbyder forskellige typer forbrugsl\u00e5n, er ofte meget hurtige til at udbetale l\u00e5nebel\u00f8bet. Men dette kommer selvf\u00f8lgelig an p\u00e5, hvorn\u00e5r p\u00e5 dagen du sender din ans\u00f8gning.<\/p>\n<p>Hos de fleste kan du gennemf\u00f8re hele processen via internettet, og du kan som sagt ogs\u00e5 sende din ans\u00f8gning fra din mobiltelefon ved at bruge telefonens browser. Har du gennemf\u00f8rt processen f\u00f8r frokost, og er det ikke et stort bel\u00f8b, du skal l\u00e5ne, s\u00e5 kan pengene muligvis allerede komme ind p\u00e5 din bankkonto senere samme dag.<\/p>\n<p>Som regel m\u00e5 du vente en dag eller to, men det kommer an p\u00e5, hvilken bank du bruger. Grunden til at alting kan g\u00e5 s\u00e5 hurtigt er selvf\u00f8lgelig den moderne teknologi, der benyttes, hvilket er en fordel for dig, n\u00e5r du har behov for penge hurtigt.<\/p>\n<h2>Hvad er sms-, mini-, og kvikl\u00e5n egentlig?<\/h2>\n<p>Man siger, at &#8220;k\u00e6rt barn har mange navne&#8221;, og det g\u00e6lder ogs\u00e5 for forbrugsl\u00e5n. L\u00e5neudbydere kalder normalt l\u00e5nene for noget forskelligt afh\u00e6ngig af st\u00f8rrelsen p\u00e5 l\u00e5nene. De mindste l\u00e5n hedder gerne <a href=\"http:\/\/loanstar.com\/dk\/lan-penge\/sms-lan\/\" target=\"_blank\" rel=\"noopener noreferrer\">sms-l\u00e5n<\/a>, mens de lidt st\u00f8rre l\u00e5n kaldes for minil\u00e5n, og l\u00e5n p\u00e5 op til 25.000 kr. er kvikl\u00e5n.<\/p>\n<p>De st\u00f8rste l\u00e5n er dem vi kender som <a href=\"http:\/\/loanstar.com\/dk\/?s=forbrugsl%C3%A5n\">forbrugsl\u00e5n<\/a>. Det er alts\u00e5 st\u00f8rrelsen, det kommer an p\u00e5, og de mindste l\u00e5n kan v\u00e6re p\u00e5 1.000 kr. Du vil m\u00e5ske undre dig over, at en bank eller et l\u00e5neinstitut gider at bruge tid p\u00e5 at l\u00e5ne s\u00e5 sm\u00e5 bel\u00f8b ud, men grunden dertil er faktisk s\u00e5 simpel, at de tjener mange penge p\u00e5 det.<\/p>\n<p><img decoding=\"async\" class=\"size-full wp-image-66 alignright\" src=\"http:\/\/loanstar.com\/dk\/wp-content\/uploads\/sites\/13\/2018\/09\/ill_body_2.svg\" alt=\"\" width=\"312\" \/><\/p>\n<p>Dem, der l\u00e5ner disse mindre bel\u00f8b, g\u00f8r det normalt, fordi de har et presserende behov. De har brug for penge nu og her og er villige til at betale for at l\u00e5ne s\u00e5 hurtigt som muligt. Det er de samme mennesker, som ikke \u00f8nsker at sp\u00f8rge familie og venner om et mindre l\u00e5n. Men etableringsgebyrer og h\u00f8je renter g\u00f8r det dyrt at l\u00e5ne sm\u00e5 bel\u00f8b.<\/p>\n<p>Sms-l\u00e5n har det navn, fordi alt sker via sms \u2013 s\u00e5gar underskrivelsen af \u200b\u200bl\u00e5net. Det er dog kun sm\u00e5 l\u00e5n, dvs. bel\u00f8b p\u00e5 op til 5.000 kr., der kan l\u00e5nes p\u00e5 denne m\u00e5de.<\/p>\n<h2>S\u00e5 meget koster et lille l\u00e5n<\/h2>\n<p>Du er sikkert klar over, at det koster penge at l\u00e5ne, og is\u00e6r n\u00e5r vi taler om l\u00e5n, hvor du ikke beh\u00f8ver at stille sikkerhed. Manglen p\u00e5 sikkerhed udg\u00f8r en risiko for bankerne, og denne risiko koster penge i form af h\u00f8jere rentesatser.<\/p>\n<p>Hvis du v\u00e6lger at ans\u00f8ge om et kvikl\u00e5n kan den nominelle rente hurtigt l\u00f8be op p\u00e5 20 % eller mere. Derudover er der ogs\u00e5 et etableringsgebyr og et betalingsgebyr, du skal betale. I alt kan dette resultere i en \u00c5OP p\u00e5 hundrede procent eller mere.<\/p>\n<p>P\u00e5 hver l\u00e5neudbyders hjemmeside vil der v\u00e6re information om, hvad l\u00e5net koster samt eksempler p\u00e5 l\u00e5nebel\u00f8b, der g\u00f8r det muligt at se, hvor meget du skal betale totalt for det bel\u00f8b, du \u00f8nsker at l\u00e5ne.<\/p>\n<p>N\u00e5r du modtager et eller flere tilbud om l\u00e5n, er det vigtigt at tjekke flere faktorer. Som n\u00e6vnt er etableringsgebyret en af \u200b\u200bdisse. Dette er et engangsbel\u00f8b og er den pris, banken eller l\u00e5neinstituttet kr\u00e6ver for at registrere dig som kunde samt ordne alle papirer i forbindelse med l\u00e5net.<\/p>\n<p>Nogle banker har et fast bel\u00f8b, som kan variere mellem et par hundrede kroner til adskillige tusinde,\u00a0 mens andre tager en vis procentdel af l\u00e5net. Betalingsgebyret l\u00e6gges til hver m\u00e5ned og er p\u00e5 mellem 15 kr. 40 kr.<\/p>\n<p>For at g\u00f8re det lettere for dig at sammenligne tilbud, er alle gebyrer og den nominelle rente en del af det, som kaldes for \u00c5OP. S\u00e5 i princippet beh\u00f8ver du kun at tjekke dette og v\u00e6lge tilbuddet med de laveste \u00e5rlige omkostninger.<\/p>\n<h2>L\u00e5neprocessen for denne type l\u00e5n<\/h2>\n<p><img decoding=\"async\" class=\"alignnone size-full wp-image-13 alignleft\" src=\"http:\/\/loanstar.com\/dk\/wp-content\/uploads\/sites\/13\/2018\/09\/home_ill_2.svg\" alt=\"\" width=\"312\" \/>Vi mennesker er ikke kendt for at v\u00e6re s\u00e6rlig t\u00e5lmodige. De fleste af os har det p\u00e5 samme m\u00e5de, n\u00e5r f\u00f8rst vi har besluttet os for noget: Det skal gennemf\u00f8res s\u00e5 hurtigt som muligt. I nogle tilf\u00e6lde er det n\u00f8dvendigt, at der sker noget hurtigt, som n\u00e5r k\u00f8leskabet g\u00e5r i stykker, for i det tilf\u00e6lde er det ikke sjovt at bruge mange uger p\u00e5 l\u00e5neprocessen.<\/p>\n<p>\u00d8nsker du at renovere badev\u00e6relset eller et andet rum i boligen, kan det selvf\u00f8lgelig vente lidt, men vi vil helst igang med det samme. Heldigvis medf\u00f8rer nutidens teknologiske l\u00f8sninger for, at vi ikke l\u00e6ngere skal bestille en tid til et m\u00f8de med bankens sagsbehandler og sende papirer i posten.<\/p>\n<p>Ans\u00f8gningsprocessen finder sted via hjemmesiden til den bank eller de l\u00e5neudbydere, du vil ans\u00f8ge hos, uanset om du vil sende en eller flere ans\u00f8gninger. Disse arbejder i dag med automatiserede systemer, der sender din ans\u00f8gning gennem et kreditcheck.<\/p>\n<p>Det vil sige, at de oplysninger, du har indtastet i ans\u00f8gningsskemaet, vil blive kontrolleret mod en r\u00e6kke offentlige registre. Et af disse er <a href=\"https:\/\/skat.dk\/skat.aspx?oid=1719985\" target=\"_blank\" rel=\"noopener noreferrer\">SKAT<\/a>, hvor banken vil se p\u00e5 din indt\u00e6gt og hvor meget g\u00e6ld, du eventuelt har. Resultatet af dette kredittjek er afg\u00f8rende for, om din ans\u00f8gning bliver godkendt, for hvor meget du kan l\u00e5ne og hvor meget du skal betale i rente.<\/p>\n<h3>Indsending af dokumenter<\/h3>\n<p>Moderne teknologi har ogs\u00e5 gjort det muligt, at vi kan sende dokumenter elektronisk til banken. Det kan ske via e-mail eller ved at uploade dem p\u00e5 bankens hjemmeside. Dette g\u00e5r meget hurtigere end tidligere, hvor man var n\u00f8dsaget til sende dokumentation med posten.<\/p>\n<p>P\u00e5 denne m\u00e5de undg\u00e5r du ogs\u00e5, at andre f\u00e5r adgang til dine personlige og f\u00f8lsomme oplysninger. De dokumenter, som banken har anmodet om, kan scannes og sendes til dem i l\u00f8bet af et par minutter.<\/p>\n<h3>Kvikl\u00e5n ved hj\u00e6lp af en sammenligningsside<\/h3>\n<p>For at undg\u00e5 at betale mere end n\u00f8dvendigt, kan du benytte dig af en sammenligningsside for l\u00e5n. Dette er hjemmesider, der har specialiseret sig i at hj\u00e6lpe dem, der \u00f8nsker at ans\u00f8ge om et l\u00e5n, s\u00e5som et kvikl\u00e5n.<\/p>\n<p>P\u00e5 disse hjemmesider kan du finde oplysninger om forskellige banker og l\u00e5neinstitutter, hvor meget du kan l\u00e5ne hos dem, og ikke mindst information om gebyrer og rentesatser. Du kan sende en ans\u00f8gning direkte fra deres hjemmesider og p\u00e5 den m\u00e5de kan du let sende til flere banker i l\u00f8bet af kort tid.<\/p>\n<p>Fordelen er, at bankerne ved, at de konkurrerer om dig som kunde, og derfor giver dig det bedste tilbud, de kan. S\u00e5ledes f\u00e5r du med minimal indsats flere tilbud, og du kan s\u00e5 sammenligne dem derhjemme og v\u00e6lge det, der passer bedst til dine behov.<\/p>\n<h2>Krav til dig, der \u00f8nsker at ans\u00f8ge om et kvikl\u00e5n<\/h2>\n<p>Det er selvf\u00f8lgelig et krav, at du betaler l\u00e5net tilbage, men l\u00e5neudbyderne stiller ogs\u00e5 et par andre krav. Et af dem omhandler alder. I Danmark er det ikke tilladt at tilbyde l\u00e5n til personer under 18 \u00e5r.<\/p>\n<p>Derfor vil alle banker og l\u00e5neinstitutter kr\u00e6ve, at du er over 18 \u00e5r, og nogle har ogs\u00e5 krav om, at du skal v\u00e6re fyldt 21 \u00e5r. Foruden kravet om alder stiller de ogs\u00e5 krav om, at du skal have fast bop\u00e6l i Danmark, at du skal have en bankkonto i Danmark, og at du skal v\u00e6re i besiddelse af et <a href=\"https:\/\/www.nemid.nu\/dk-da\/\">NEM-ID<\/a>.<img decoding=\"async\" class=\"size-full wp-image-82 alignright\" src=\"http:\/\/loanstar.com\/dk\/wp-content\/uploads\/sites\/13\/2018\/09\/ill_body_18.svg\" alt=\"\" width=\"312\" \/><\/p>\n<p>Som n\u00e6vnt skal l\u00e5net selvf\u00f8lgelig betales tilbage indenfor den tidsramme, som bliver aftalt. De fleste l\u00e5neudbydere stiller ikke noget krav om, at du skal have et fast arbejde eller en bestemt \u00e5rlig indt\u00e6gt, men det siger sig selv, at du b\u00f8r have en indt\u00e6gt for at kunne betale afdrag hver m\u00e5ned.<\/p>\n<p>Derfor er chancen for at f\u00e5 ans\u00f8gningen godkendt en del st\u00f8rre, hvis du kan vise, at du har en fast m\u00e5nedlig indt\u00e6gt, uanset om denne kommer fra et arbejde eller andre ydelser, du modtager p\u00e5 fast basis.<\/p>\n<h3>Kan jeg f\u00e5 et kvikl\u00e5n, hvis jeg st\u00e5r i RKI?<\/h3>\n<p>Der kan v\u00e6re mange grunde til, at man havner i <a href=\"http:\/\/www.experian.dk\/registreret-i-rki\/index.html\">RKI<\/a> eller <a href=\"https:\/\/www.bisnode.dk\/debitorregistret\/\">Debitor Registret<\/a>. Men f\u00e6lles for dem er, at man p\u00e5 et tidspunkt ikke har betalt en faktura og dermed har misligholdt en betaling. Dette ser bankerne meget strengt p\u00e5, og derfor er chancen ikke s\u00e6rlig stor for at f\u00e5 godkendt en ans\u00f8gning om et kvikl\u00e5n, hvis man er registreret i et af de to registre.<\/p>\n<p>Bankerne ser det som en for stor risiko og regner derfor med, at du ikke vil form\u00e5 at overholde dine forpligtelser p\u00e5 et eventuelt nyt l\u00e5n. Der findes nogle f\u00e5 l\u00e5neinstitutter, som muligvis vil hj\u00e6lpe dig alligevel, men det g\u00f8r de kun, hvis du kan stille sikkerhed som f.eks. pant i din bolig.<\/p>\n<p>Dette kan v\u00e6re en l\u00f8sning, hvis man har en del g\u00e6ld fra tidligere og \u00f8nsker at refinansiere denne. Ved at samle g\u00e6ld til kreditkort og andre mindre l\u00e5n kan man ans\u00f8ge om et forbrugsl\u00e5n, som er stort nok til, at man kan f\u00e5 betalt anden dyr g\u00e6ld og dermed spare penge p\u00e5 omkostninger til renter og gebyrer.<\/p>\n<h2>Kvikl\u00e5n \u2013 en kort opsummering<\/h2>\n<p><img decoding=\"async\" class=\"size-full wp-image-17 alignleft\" src=\"http:\/\/loanstar.com\/dk\/wp-content\/uploads\/sites\/13\/2018\/09\/ill_gen_1.svg\" alt=\"\" width=\"312\" \/>Kvikl\u00e5n er et tilbud til dig og andre, der \u00f8nsker at l\u00e5ne et mindre bel\u00f8b til at l\u00f8se et uforudset problem. Det gode er, at ingen sp\u00f8rger, hvad pengene skal bruges til, s\u00e5 du v\u00e6lger selv, om det uforudsete problem er, at din yndlingsbutik holder udsalg, at du vil p\u00e5 fodboldtur med vennerne eller har behov for en ny vaskemaskine.<\/p>\n<p>Det vigtigste er, at du husker p\u00e5, at det koster at l\u00e5ne penge, og at du aldrig skal l\u00e5ne mere end du har brug for og kan betale tilbage inden for den frist, som du har aftalt med banken. L\u00e5nebel\u00f8bet p\u00e5 kvikl\u00e5n str\u00e6kker sig fra 5.000 kr og op til 25.000 kr., og du kan ans\u00f8ge online p\u00e5 l\u00e5neudbydernes hjemmesider.<\/p>\n<p>Du b\u00f8r kontrollere, hvor meget du skal betale i <a href=\"https:\/\/danskebank.dk\/da-dk\/privat\/kundeservice\/find-hjaelp\/laan-kredit\/pages\/hvad-er-aaop.aspx\" target=\"_blank\" rel=\"noopener noreferrer\">omkostninger om \u00e5ret (\u00c5OP)<\/a>, da det er det, der fort\u00e6ller dig, hvor meget l\u00e5net vil koste dig. Send gerne ans\u00f8gninger til flere banker og l\u00e5neinstitutter p\u00e5 samme tid. P\u00e5 den m\u00e5de kan du sammenligne de l\u00e5netilbud, du f\u00e5r, og v\u00e6lge det billigste.<\/p>\n","protected":false},"excerpt":{"rendered":"<p>Alt du beh\u00f8ver at vide om kvikl\u00e5n Uforudsete udgifter er noget, vi alle kender til. Pludselig l\u00f8sner der sig en&#8230;<\/p>\n","protected":false},"author":1,"featured_media":0,"parent":98,"menu_order":0,"comment_status":"closed","ping_status":"closed","template":"templates\/calculator-follow-up.php","meta":{"footnotes":""},"yoast_head":"<!-- This site is optimized with the Yoast SEO plugin v21.0 - https:\/\/yoast.com\/wordpress\/plugins\/seo\/ -->\n<title>Kvikl\u00e5n - Find De Bedste og Billigste Kvikl\u00e5n i dag - LoanStar<\/title>\n<meta name=\"description\" content=\"Sammenlign de bedste kvikl\u00e5n i Danmark. Find det billigste sted at l\u00e5ne penge online til en lav rente. L\u00e5n nu og f\u00e5 penge p\u00e5 konto i dag.\" \/>\n<meta name=\"robots\" content=\"index, follow, max-snippet:-1, max-image-preview:large, max-video-preview:-1\" \/>\n<link rel=\"canonical\" href=\"https:\/\/loanstar.com\/dk\/lan-penge\/kviklan\/\" \/>\n<meta property=\"og:locale\" content=\"da_DK\" \/>\n<meta property=\"og:type\" content=\"article\" \/>\n<meta property=\"og:title\" content=\"Kvikl\u00e5n - Find De Bedste og Billigste Kvikl\u00e5n i dag - LoanStar\" \/>\n<meta property=\"og:description\" content=\"Sammenlign de bedste kvikl\u00e5n i Danmark. Find det billigste sted at l\u00e5ne penge online til en lav rente. L\u00e5n nu og f\u00e5 penge p\u00e5 konto i dag.\" \/>\n<meta property=\"og:url\" content=\"https:\/\/loanstar.com\/dk\/lan-penge\/kviklan\/\" \/>\n<meta property=\"og:site_name\" content=\"LoanStar Danmark\" \/>\n<meta property=\"article:modified_time\" content=\"2019-07-12T14:56:07+00:00\" \/>\n<meta property=\"og:image\" content=\"http:\/\/loanstar.com\/dk\/wp-content\/uploads\/sites\/13\/2018\/09\/home_ill_1.svg\" \/>\n<meta name=\"twitter:card\" content=\"summary_large_image\" \/>\n<meta name=\"twitter:label1\" content=\"Estimeret l\u00e6setid\" \/>\n\t<meta name=\"twitter:data1\" content=\"11 minutter\" \/>\n<script type=\"application\/ld+json\" class=\"yoast-schema-graph\">{\"@context\":\"https:\/\/schema.org\",\"@graph\":[{\"@type\":\"WebPage\",\"@id\":\"https:\/\/loanstar.com\/dk\/lan-penge\/kviklan\/\",\"url\":\"https:\/\/loanstar.com\/dk\/lan-penge\/kviklan\/\",\"name\":\"Kvikl\u00e5n - Find De Bedste og Billigste Kvikl\u00e5n i dag - LoanStar\",\"isPartOf\":{\"@id\":\"https:\/\/loanstar.com\/dk\/#website\"},\"datePublished\":\"2018-10-04T11:53:51+00:00\",\"dateModified\":\"2019-07-12T14:56:07+00:00\",\"description\":\"Sammenlign de bedste kvikl\u00e5n i Danmark. Find det billigste sted at l\u00e5ne penge online til en lav rente. L\u00e5n nu og f\u00e5 penge p\u00e5 konto i dag.\",\"breadcrumb\":{\"@id\":\"https:\/\/loanstar.com\/dk\/lan-penge\/kviklan\/#breadcrumb\"},\"inLanguage\":\"da-DK\",\"potentialAction\":[{\"@type\":\"ReadAction\",\"target\":[\"https:\/\/loanstar.com\/dk\/lan-penge\/kviklan\/\"]}]},{\"@type\":\"BreadcrumbList\",\"@id\":\"https:\/\/loanstar.com\/dk\/lan-penge\/kviklan\/#breadcrumb\",\"itemListElement\":[{\"@type\":\"ListItem\",\"position\":1,\"name\":\"Danmark\",\"item\":\"https:\/\/loanstar.com\/dk\/\"},{\"@type\":\"ListItem\",\"position\":2,\"name\":\"L\u00e5n penge\",\"item\":\"https:\/\/loanstar.com\/dk\/lan-penge\/\"},{\"@type\":\"ListItem\",\"position\":3,\"name\":\"Kvikl\u00e5n\"}]},{\"@type\":\"WebSite\",\"@id\":\"https:\/\/loanstar.com\/dk\/#website\",\"url\":\"https:\/\/loanstar.com\/dk\/\",\"name\":\"LoanStar Danmark\",\"description\":\"Sammenlign l\u00e5n\",\"potentialAction\":[{\"@type\":\"SearchAction\",\"target\":{\"@type\":\"EntryPoint\",\"urlTemplate\":\"https:\/\/loanstar.com\/dk\/?s={search_term_string}\"},\"query-input\":\"required name=search_term_string\"}],\"inLanguage\":\"da-DK\"}]}<\/script>\n<!-- \/ Yoast SEO plugin. -->","yoast_head_json":{"title":"Kvikl\u00e5n - Find De Bedste og Billigste Kvikl\u00e5n i dag - LoanStar","description":"Sammenlign de bedste kvikl\u00e5n i Danmark. Find det billigste sted at l\u00e5ne penge online til en lav rente. L\u00e5n nu og f\u00e5 penge p\u00e5 konto i dag.","robots":{"index":"index","follow":"follow","max-snippet":"max-snippet:-1","max-image-preview":"max-image-preview:large","max-video-preview":"max-video-preview:-1"},"canonical":"https:\/\/loanstar.com\/dk\/lan-penge\/kviklan\/","og_locale":"da_DK","og_type":"article","og_title":"Kvikl\u00e5n - Find De Bedste og Billigste Kvikl\u00e5n i dag - LoanStar","og_description":"Sammenlign de bedste kvikl\u00e5n i Danmark. Find det billigste sted at l\u00e5ne penge online til en lav rente. L\u00e5n nu og f\u00e5 penge p\u00e5 konto i dag.","og_url":"https:\/\/loanstar.com\/dk\/lan-penge\/kviklan\/","og_site_name":"LoanStar Danmark","article_modified_time":"2019-07-12T14:56:07+00:00","og_image":[{"url":"http:\/\/loanstar.com\/dk\/wp-content\/uploads\/sites\/13\/2018\/09\/home_ill_1.svg"}],"twitter_card":"summary_large_image","twitter_misc":{"Estimeret l\u00e6setid":"11 minutter"},"schema":{"@context":"https:\/\/schema.org","@graph":[{"@type":"WebPage","@id":"https:\/\/loanstar.com\/dk\/lan-penge\/kviklan\/","url":"https:\/\/loanstar.com\/dk\/lan-penge\/kviklan\/","name":"Kvikl\u00e5n - Find De Bedste og Billigste Kvikl\u00e5n i dag - LoanStar","isPartOf":{"@id":"https:\/\/loanstar.com\/dk\/#website"},"datePublished":"2018-10-04T11:53:51+00:00","dateModified":"2019-07-12T14:56:07+00:00","description":"Sammenlign de bedste kvikl\u00e5n i Danmark. Find det billigste sted at l\u00e5ne penge online til en lav rente. L\u00e5n nu og f\u00e5 penge p\u00e5 konto i dag.","breadcrumb":{"@id":"https:\/\/loanstar.com\/dk\/lan-penge\/kviklan\/#breadcrumb"},"inLanguage":"da-DK","potentialAction":[{"@type":"ReadAction","target":["https:\/\/loanstar.com\/dk\/lan-penge\/kviklan\/"]}]},{"@type":"BreadcrumbList","@id":"https:\/\/loanstar.com\/dk\/lan-penge\/kviklan\/#breadcrumb","itemListElement":[{"@type":"ListItem","position":1,"name":"Danmark","item":"https:\/\/loanstar.com\/dk\/"},{"@type":"ListItem","position":2,"name":"L\u00e5n penge","item":"https:\/\/loanstar.com\/dk\/lan-penge\/"},{"@type":"ListItem","position":3,"name":"Kvikl\u00e5n"}]},{"@type":"WebSite","@id":"https:\/\/loanstar.com\/dk\/#website","url":"https:\/\/loanstar.com\/dk\/","name":"LoanStar Danmark","description":"Sammenlign l\u00e5n","potentialAction":[{"@type":"SearchAction","target":{"@type":"EntryPoint","urlTemplate":"https:\/\/loanstar.com\/dk\/?s={search_term_string}"},"query-input":"required name=search_term_string"}],"inLanguage":"da-DK"}]}},"_links":{"self":[{"href":"https:\/\/loanstar.com\/dk\/wp-json\/wp\/v2\/pages\/144"}],"collection":[{"href":"https:\/\/loanstar.com\/dk\/wp-json\/wp\/v2\/pages"}],"about":[{"href":"https:\/\/loanstar.com\/dk\/wp-json\/wp\/v2\/types\/page"}],"author":[{"embeddable":true,"href":"https:\/\/loanstar.com\/dk\/wp-json\/wp\/v2\/users\/1"}],"replies":[{"embeddable":true,"href":"https:\/\/loanstar.com\/dk\/wp-json\/wp\/v2\/comments?post=144"}],"version-history":[{"count":4,"href":"https:\/\/loanstar.com\/dk\/wp-json\/wp\/v2\/pages\/144\/revisions"}],"predecessor-version":[{"id":390,"href":"https:\/\/loanstar.com\/dk\/wp-json\/wp\/v2\/pages\/144\/revisions\/390"}],"up":[{"embeddable":true,"href":"https:\/\/loanstar.com\/dk\/wp-json\/wp\/v2\/pages\/98"}],"wp:attachment":[{"href":"https:\/\/loanstar.com\/dk\/wp-json\/wp\/v2\/media?parent=144"}],"curies":[{"name":"wp","href":"https:\/\/api.w.org\/{rel}","templated":true}]}}