{"id":142,"date":"2018-10-03T09:49:35","date_gmt":"2018-10-03T09:49:35","guid":{"rendered":"http:\/\/loanstar.com\/dk\/?page_id=142"},"modified":"2019-07-12T10:45:07","modified_gmt":"2019-07-12T08:45:07","slug":"forbrugslan","status":"publish","type":"page","link":"https:\/\/loanstar.com\/dk\/lan-penge\/forbrugslan\/","title":{"rendered":"Forbrugsl\u00e5n"},"content":{"rendered":"<h2>Fakta og information om forbrugsl\u00e5n<\/h2>\n<p>I begyndelsen af \u00e5r 2017 havde vi danskere omkring 20 milliarder kr. i g\u00e6ld til diverse forbrugsl\u00e5n. Det er derfor ikke s\u00e5 overraskende, at Danmark er et popul\u00e6rt marked for denne type l\u00e5n, som kaldes for l\u00e5n uden sikkerhed. Fordelen ved, at der findes mange udbydere af denne type l\u00e5n er, at l\u00e5nevilk\u00e5rene bliver bedre.<\/p>\n<p>Ulempen er, at det kan v\u00e6re sv\u00e6rt at vide, hvad man skal kigge efter, n\u00e5r man skal v\u00e6lge l\u00e5neudbyder. Derfor har vi skrevet denne artikel med det form\u00e5l at give dig et overblik over forbrugsl\u00e5n og hvad du skal holde \u00f8je med, hvis du er p\u00e5 udkig efter et l\u00e5n.<\/p>\n<p>Det f\u00f8rste, du b\u00f8r vide om forbrugsl\u00e5n, er, at det er et l\u00e5n, som ikke stiller noget krav om sikkerhedsstillelse. I praksis betyder det, at kreditor, dvs. banken som l\u00e5ner dig pengene, ikke kr\u00e6ver pant som sikkerhed for l\u00e5net.<\/p>\n<p>Denne usikkerhed s\u00f8ger l\u00e5neudbyderen at komme til livs i form af en h\u00f8jere rente end den rente, du f.eks. betaler p\u00e5 dit <a href=\"http:\/\/loanstar.com\/dk\/lan-penge\/realkreditlan\/\">realkreditl\u00e5n<\/a> eller <a href=\"http:\/\/loanstar.com\/dk\/lan-penge\/billan\/\" target=\"_blank\" rel=\"noopener noreferrer\">bill\u00e5n<\/a>. I disse tilf\u00e6lde vil banken eller l\u00e5neudbyderen have taget sikkerhed i boligen eller bilen.<\/p>\n<h2>Udgifter til forbrugsl\u00e5n<\/h2>\n<p>Selvom l\u00e5net ikke er sikret, betyder det ikke, at det er gratis at l\u00e5ne penge. Det f\u00f8rste, du skal betale, er et etableringsgebyr. Dette er et engangsbel\u00f8b, der l\u00e6gges til l\u00e5nebel\u00f8bet, og er et gebyr, som l\u00e5ngiveren tager for det administrative arbejde med at oprette dig som kunde.<\/p>\n<p><img decoding=\"async\" class=\"size-full wp-image-52 alignright\" src=\"http:\/\/loanstar.com\/dk\/wp-content\/uploads\/sites\/13\/2018\/09\/button_2.svg\" alt=\"\" width=\"312\" \/><\/p>\n<p>Betalingsgebyr er det n\u00e6ste, du skal betale. Dette tilf\u00f8jes en gang om m\u00e5neden, dvs. hver gang du betaler et afdrag, og det koster som regel mellem 15 og 30 kr. afh\u00e6ngigt af, om du betaler via netbank, girokort eller betalingsservice.<\/p>\n<p>S\u00e5 kommer renten. Den nominelle rente er den rente, som banken tager som betaling for l\u00e5net. \u00c5OP (\u00e5rlige omkostninger i procent) best\u00e5r af den nominelle rente plus etableringsgebyret og andre gebyrer, du skal betale i forbindelse med l\u00e5net. N\u00e5r man sammenligner l\u00e5n eller ser p\u00e5, hvad l\u00e5net rent faktisk vil koste dig, s\u00e5 er det nemmest at se p\u00e5 \u00c5OP, da alle omkostninger er inkluderet i denne procentsats.<\/p>\n<h3>Hvor h\u00f8j er renten p\u00e5 forbrugsl\u00e5n?<\/h3>\n<p>Som n\u00e6vnt foroven er et forbrugsl\u00e5n er et l\u00e5n uden sikkerhedsstillelse. Derfor tager l\u00e5neudbyderen en h\u00f8jere rente som en form for kompensation for den risiko, der l\u00f8bes. Den gennemsnitlige rentesats p\u00e5 et forbrugsl\u00e5n ligger et sted mellem 15 og 20%.<\/p>\n<p>Det betyder, at s\u00e5danne l\u00e5n er dyre og en af de vigtigste ting, du kan g\u00f8re, er at s\u00f8ge et l\u00e5n med s\u00e5 lav en rentesats som muligt. Nogle banker reklamerer med en rente p\u00e5 10% eller lavere, men det er dog vigtigt at huske p\u00e5, at renten bestemmes individuelt, s\u00e5 det er ikke sikkert, at du bliver tilbudt den laveste rentesats.<\/p>\n<h3>L\u00f8betiden p\u00e5virker l\u00e5neomkostningerne<\/h3>\n<p>Det er ikke bare renter og gebyrer, der p\u00e5virker hvor dyrt et forbrugsl\u00e5n vil v\u00e6re. L\u00f8betiden har ogs\u00e5 meget at sige, netop fordi denne form for l\u00e5n fungerer p\u00e5 samme m\u00e5de som et annuitetsl\u00e5n.<\/p>\n<p>Det betyder, at den effektive rentesats beregnes ud fra det resterende l\u00e5nebel\u00f8b hver termin. I denne sammenh\u00e6ng er udtrykket termin et andet ord for m\u00e5ned, hvilket betyder, at der er tolv terminer hvert \u00e5r.<\/p>\n<p>Hvis du l\u00e5ner 150.000 kr. og \u00c5OP er p\u00e5 13,62%, s\u00e5 vil omkostningerne blive p\u00e5 54.038 kr. med en l\u00f8betid p\u00e5 5 \u00e5r. Hvis du \u00f8ger l\u00f8betiden til ti \u00e5r, vil omkostningerne \u00f8ges til 101.294 kr . Det er derfor helt klart, at l\u00f8betiden spiller en vigtig rolle for, hvor meget l\u00e5net vil koste dig.<\/p>\n<p>Det er ogs\u00e5 derfor, at mange eksperter anbefaler at bruge feriepenge og skattepenge til at betale ekstra p\u00e5 denne type l\u00e5n, s\u00e5 omkostningerne g\u00e5r ned.<\/p>\n<h2>Hvad kan l\u00e5net bruges til?<\/h2>\n<p>Nogle tror m\u00e5ske stadig, at et forbrugsl\u00e5n ikke kan bruges til andet end forbrug, men det er heldigvis ikke tilf\u00e6ldet. De fleste, der l\u00e5ner penge p\u00e5 denne m\u00e5de, g\u00f8r det, fordi det er nemmere end at spare et stort bel\u00f8b op selv. De fleste af disse l\u00e5n bruges til at s\u00e6tte bolig i stand.<\/p>\n<p>Men der er ogs\u00e5 mange, som l\u00e5ner til refinansiering af dyre sm\u00e5l\u00e5n og g\u00e6ld p\u00e5 kreditkortet. Derudover er der flere, som bruger l\u00e5net til at investere i en bil eller en b\u00e5d. Statistikker viser, at kun ca. 12% af denne type l\u00e5n bruges til k\u00f8b af rene forbrugsvarer, s\u00e5som t\u00f8j, smartphones og ferierejser.<\/p>\n<p>Det er heller ikke ualmindeligt at bruge denne type l\u00e5n til finansiering af st\u00f8rre uforudsete udgifter, som f.eks. n\u00e5r k\u00f8leskabet eller komfuret g\u00e5r i stykker. Hvad der med sikkerhed kan siges om forbrugsl\u00e5n er, at ingen sp\u00f8rger dig om, hvad du skal bruge pengene til. Her er det dig, der bestemmer.<\/p>\n<h2>Forbrugsl\u00e5n til refinansiering af anden g\u00e6ld<\/h2>\n<p>Som n\u00e6vnt \u00f8verst i artiklen har danskerne en del g\u00e6ld. Det kan v\u00e6re anstrengende at have l\u00e5n fra mange forskellige l\u00e5neudbydere, og det er nemt at miste overblikket. Derudover kan det v\u00e6re ret dyrt med mange l\u00e5n, da du sikkert betaler h\u00f8je renter for flere af dem og betalingsgebyrer for dem allesammen.<img decoding=\"async\" class=\"size-full wp-image-247 alignright\" src=\"http:\/\/loanstar.com\/dk\/wp-content\/uploads\/sites\/13\/2018\/11\/person_finance_2.svg\" alt=\"\" width=\"312\" \/><\/p>\n<p>Folk, der f\u00f8ler, at de er havnet i en uoverskuelig \u00f8konomisk situation, v\u00e6lger ofte at refinansiere g\u00e6lden. Det betyder, at du ans\u00f8ger om et st\u00f8rre og forh\u00e5bentligvis billigere l\u00e5n og bruger det til at tilbagebetale de mindre l\u00e5n, du har.<\/p>\n<p>S\u00e5ledes f\u00e5r du kun \u00e9n bank at forholde dig til, og du betaler kun \u00e9t afdrag hver m\u00e5ned. Dette skulle gerne give dig en lavere rentesats og lavere \u00c5OP. At samle g\u00e6lden er uden tvivl rentabelt, hvis du har mulighed for det.<\/p>\n<p>L\u00e5neudbydere, der har specialiseret sig i refinansiering af g\u00e6ld, vil som regel ogs\u00e5 hj\u00e6lpe dig med at betale dine andre l\u00e5n. Det kan v\u00e6re en god id\u00e9, da du s\u00e5 ikke bliver fristet til pludselig at bruge det nye l\u00e5n til noget andet end at betale dine andre l\u00e5n. Det kan v\u00e6re let at blive overv\u00e6ldet af et \u00f8nske om at bruge disse penge p\u00e5 noget helt andet, hvis der pludselig kommer mange penge ind p\u00e5 ens bankkonto.<\/p>\n<h2>L\u00e5nets st\u00f8rrelse<\/h2>\n<p>For at skille sig ud fra m\u00e6ngden er det ikke unormalt, at de forskellige l\u00e5neudbydere kalder deres udbudte l\u00e5n for noget forskelligt. Men i bund og grund er l\u00e5nene de samme, og de fleste tilbyder l\u00e5n p\u00e5 bel\u00f8b mellem 1.000 kr. og 400.000 kr.<\/p>\n<p>Hvis du l\u00e5ner fra 1.000 kr. og op til 10.000 kr., kaldes det normalt for et minil\u00e5n. L\u00e5n p\u00e5 mellem 5.000 kr. og 25.000 kr. kaldes gerne for <a href=\"http:\/\/loanstar.com\/dk\/lan-penge\/kviklan\/\" target=\"_blank\" rel=\"noopener noreferrer\">kvikl\u00e5n<\/a> og l\u00e5n fra 25.000 kr. til 400.000 kr.\u00a0 hedder som regel <a href=\"http:\/\/loanstar.com\/dk\/lan-penge\/forbrugslan\/\">forbrugsl\u00e5n<\/a>. Men i princippet er alle l\u00e5n ens, da det er l\u00e5n uden sikkerhedsstillelse.<\/p>\n<p>Du skal aldrig l\u00e5ne mere, end du har brug for, og nogle gange skal der ikke s\u00e5 meget til, for at man f\u00e5r l\u00f8st et problem. Et lille l\u00e5n eller et minil\u00e5n har som regel en l\u00f8betid p\u00e5 alt fra et par uger til et par m\u00e5neder. Ofte kan du ans\u00f8ge om s\u00e5danne sm\u00e5 <a href=\"http:\/\/loanstar.com\/dk\/lan-penge\/sms-lan\/\" target=\"_blank\" rel=\"noopener noreferrer\">l\u00e5n via SMS<\/a>.<\/p>\n<p>Du beh\u00f8ver ikke at planl\u00e6gge et m\u00f8de med banken. Langt de fleste banker og l\u00e5neinstitutter har ikke l\u00e6ngere lokaler p\u00e5 den m\u00e5de, fordi lokalet er blevet flyttet til internettet, hvor du ans\u00f8ger om et l\u00e5n via et ans\u00f8gningsskema, du kan finde p\u00e5 l\u00e5neudbydernes hjemmesider.<\/p>\n<h3>Dette b\u00f8r du overveje, f\u00f8r du l\u00e5ner penge<\/h3>\n<p>Der kan v\u00e6re mange grunde til, at du \u00f8nsker at ans\u00f8ge om et forbrugsl\u00e5n. Her er nogle ting, som du b\u00f8r overveje, f\u00f8r du sender en ans\u00f8gning.<\/p>\n<ul>\n<li>\u00d8nsker jeg mig virkelig det, jeg skal bruge pengene til?<\/li>\n<li>Hvor meget har jeg mulighed for at betale i afdrag hver m\u00e5ned?<\/li>\n<li>Hvor lang l\u00f8betid vil jeg have?<\/li>\n<li>Kan jeg spare op i stedet for, eller skal jeg have penge nu og her?<\/li>\n<li>Kan jeg betale af p\u00e5 l\u00e5net, selvom jeg bliver syg eller mister mit arbejde?<\/li>\n<\/ul>\n<p>Det er vigtigt at overveje disse ting, da et l\u00e5n skal betales tilbage, uanset hvad du har brugt pengene p\u00e5 og hvad der sker i fremtiden. Nogle banker tilbyder afdragsfrie m\u00e5neder og nogle tilbyder forsikring, som tr\u00e6der i kraft, hvis du bliver syg eller mister dit job. Du b\u00f8r m\u00e5ske ogs\u00e5 se p\u00e5 s\u00e5danne forhold, da det jo kan v\u00e6re sv\u00e6rt at sige, hvad fremtiden bringer af udfordringer.<\/p>\n<h2>Ans\u00f8gningsprocessen skridt for skridt<\/h2>\n<p>Du har besluttet dig for, at du vil ans\u00f8ge om et l\u00e5n og har lavet et budget for at se, hvor meget du har mulighed for at betale i afdrag hver m\u00e5ned. S\u00e5ledes er det blevet tid til at sende en ans\u00f8gning. Det smarteste du kan g\u00f8re er at sende en ans\u00f8gning til flere forskellige banker og l\u00e5neinstitutter.<\/p>\n<h3>Sammenligningssider<\/h3>\n<p>P\u00e5 den m\u00e5de kan du sammenligne de tilbud, du f\u00e5r og v\u00e6lge det billigste. Du kan ogs\u00e5 benytte dig af en af de mange sammenligningshjemmesider, der findes p\u00e5 nettet. Her kan du i grove tr\u00e6k se, hvad et l\u00e5n koster hos de enkelte banker og l\u00e5neinstitutter og s\u00e5 sende en ans\u00f8gning til dem, du vil s\u00f8ge hos, via denne hjemmeside.<\/p>\n<p>Dette er en gratis service, og du kan sende ans\u00f8gninger til flere banker i l\u00f8bet af kort tid. Bankerne f\u00e5r information om, at din ans\u00f8gning kommer fra en sammenligningsside og derfor ved de ogs\u00e5, at du helt sikkert har sendt ans\u00f8gninger til deres konkurrenter. Der er derfor gode chancer for, at de forskellige banker vil pr\u00f8ve at str\u00e6kke sig langt, for at du skal v\u00e6lge netop deres tilbud.<\/p>\n<h3>Krav til ans\u00f8gere<\/h3>\n<p>For at f\u00e5 din ans\u00f8gning vurderet, skal du opfylde visse minimumskrav. Disse er krav til blandt andet alder, bop\u00e6l og om du er en god betaler. Alle banker og l\u00e5ngivere har deres egne varianter af disse krav, men generelt kr\u00e6ver alle, at du skal v\u00e6re mindst 18 \u00e5r gammel for at ans\u00f8ge om et l\u00e5n.<\/p>\n<p>Du skal have fast adresse i Danmark, have en bankkonto og <a href=\"https:\/\/www.nemid.nu\/dk-da\/\">NEM-ID<\/a>. Det er ikke noget krav, at du skal have et fast job, men det siger sig selv, at du er n\u00f8dt til at have en indkomst for at kunne tilbagebetale et l\u00e5n. Sidst men ikke mindst skal du v\u00e6re en god betaler, dvs. at du ikke m\u00e5 v\u00e6re registreret i RKI eller <a href=\"https:\/\/www.bisnode.dk\/debitorregistret\/?gclid=EAIaIQobChMIhPWR9PCk4AIVC-aaCh1hgQCBEAAYASAAEgI5fvD_BwE\">Debitor Registret<\/a>. Opfylder du disse krav, er du godt p\u00e5 vej til at f\u00e5 din ans\u00f8gning vurderet og godkendt.<\/p>\n<h3>Et kreditcheck fort\u00e6ller banken om din betalingsevne<\/h3>\n<p>N\u00e5r du ans\u00f8ger om et l\u00e5n, bliver der foretaget et kreditcheck af dig uanset om det er et minil\u00e5n, <a href=\"http:\/\/loanstar.com\/dk\/lan-penge\/kviklan\/\">kvikl\u00e5n<\/a>, forbrugsl\u00e5n eller en helt anden type l\u00e5n. Det vil sige, at l\u00e5neudbyderen kontrollerer offentlige registre for at se, om du er registreret som en d\u00e5rlig betaler. Din \u00e5rsopg\u00f8relse vil ogs\u00e5 blive kontrolleret tre \u00e5r tilbage i tiden, og de vil se p\u00e5 din indkomst og om du har noget g\u00e6ld.<\/p>\n<p>Hvis du er registreret i enten <a href=\"http:\/\/www.experian.dk\/registreret-i-rki\/index.html\">RKI<\/a> eller <a href=\"https:\/\/www.bisnode.dk\/debitorregistret\/\">Debitor Registret<\/a>\u00a0vil du ikke blive tilbudt noget l\u00e5n. Der er dog nogle banker, der kan hj\u00e6lpe dig, hvis m\u00e5let er at refinansiere anden g\u00e6ld, og du kan tilbyde pant i din bolig. Endvidere bruges et kreditcheck til at bestemme, hvilken rente du skal betale og hvor meget du kan l\u00e5ne. Med andre ord kan du muligvis ikke l\u00e5ne s\u00e5 meget, som du \u00f8nsker.<\/p>\n<h3>Indvilgelse af l\u00e5net og udbetaling af pengene<\/h3>\n<p>N\u00e5r du har indsendt din ans\u00f8gning og den er blevet behandlet, hvilket i dag sker meget hurtigt takket v\u00e6re moderne teknologi, er det tid til at v\u00e6lge, hvilket tilbud du skal acceptere. I hvert fald hvis du har haft held til at f\u00e5 indvilget din ans\u00f8gning hos flere banker eller l\u00e5neinstitutter.<\/p>\n<p>Som du sikkert er opm\u00e6rksom p\u00e5, er det vigtigt at v\u00e6lge en bank, som tilbyder s\u00e5 lav en rente som muligt og som m\u00e5ske ogs\u00e5 kan tilbyde forsikring og afdragsfrie m\u00e5neder. N\u00e5r du har bestemt dig, kan du godkende l\u00e5net ved at skrive under p\u00e5 l\u00e5nepapirerne elektronisk.<\/p>\n<p>Dette g\u00f8res ved at godkende alle dokumenter med dit <a href=\"https:\/\/www.nemid.nu\/dk-da\/\" target=\"_blank\" rel=\"noopener noreferrer\">NEM-ID<\/a>. S\u00e5ledes beh\u00f8ver du ikke at sende f\u00f8lsomme oplysninger med posten, og banken er sikker p\u00e5, at det virkelig er dig. Processen er ogs\u00e5 hurtigere end med almindelig post, og dermed tager det ikke ret lang tid, f\u00f8r l\u00e5net kan blive udbetalt til din konto.<\/p>\n","protected":false},"excerpt":{"rendered":"<p>Fakta og information om forbrugsl\u00e5n I begyndelsen af \u00e5r 2017 havde vi danskere omkring 20 milliarder kr. i g\u00e6ld til&#8230;<\/p>\n","protected":false},"author":1,"featured_media":0,"parent":98,"menu_order":0,"comment_status":"closed","ping_status":"closed","template":"templates\/calculator-follow-up.php","meta":{"footnotes":""},"yoast_head":"<!-- This site is optimized with the Yoast SEO plugin v21.0 - https:\/\/yoast.com\/wordpress\/plugins\/seo\/ -->\n<title>Forbrugsl\u00e5n - Sammenlign de billigste og hurtigste forbrugsl\u00e5n - LoanStar<\/title>\n<meta name=\"description\" content=\"Se vores oversigt over de billigste forbrugsl\u00e5n. L\u00e5n op til 500.000 kr. hos LoanStar. Vi har samlet alle de st\u00f8rste akt\u00f8rene idenfor forbrugsl\u00e5n p\u00e5 et sted.\" \/>\n<meta name=\"robots\" content=\"index, follow, max-snippet:-1, max-image-preview:large, max-video-preview:-1\" \/>\n<link rel=\"canonical\" href=\"https:\/\/loanstar.com\/dk\/lan-penge\/forbrugslan\/\" \/>\n<meta property=\"og:locale\" content=\"da_DK\" \/>\n<meta property=\"og:type\" content=\"article\" \/>\n<meta property=\"og:title\" content=\"Forbrugsl\u00e5n - Sammenlign de billigste og hurtigste forbrugsl\u00e5n - LoanStar\" \/>\n<meta property=\"og:description\" content=\"Se vores oversigt over de billigste forbrugsl\u00e5n. L\u00e5n op til 500.000 kr. hos LoanStar. Vi har samlet alle de st\u00f8rste akt\u00f8rene idenfor forbrugsl\u00e5n p\u00e5 et sted.\" \/>\n<meta property=\"og:url\" content=\"https:\/\/loanstar.com\/dk\/lan-penge\/forbrugslan\/\" \/>\n<meta property=\"og:site_name\" content=\"LoanStar Danmark\" \/>\n<meta property=\"article:modified_time\" content=\"2019-07-12T08:45:07+00:00\" \/>\n<meta property=\"og:image\" content=\"http:\/\/loanstar.com\/dk\/wp-content\/uploads\/sites\/13\/2018\/09\/button_2.svg\" \/>\n<meta name=\"twitter:card\" content=\"summary_large_image\" \/>\n<meta name=\"twitter:label1\" content=\"Estimeret l\u00e6setid\" \/>\n\t<meta name=\"twitter:data1\" content=\"11 minutter\" \/>\n<script type=\"application\/ld+json\" class=\"yoast-schema-graph\">{\"@context\":\"https:\/\/schema.org\",\"@graph\":[{\"@type\":\"WebPage\",\"@id\":\"https:\/\/loanstar.com\/dk\/lan-penge\/forbrugslan\/\",\"url\":\"https:\/\/loanstar.com\/dk\/lan-penge\/forbrugslan\/\",\"name\":\"Forbrugsl\u00e5n - Sammenlign de billigste og hurtigste forbrugsl\u00e5n - LoanStar\",\"isPartOf\":{\"@id\":\"https:\/\/loanstar.com\/dk\/#website\"},\"datePublished\":\"2018-10-03T09:49:35+00:00\",\"dateModified\":\"2019-07-12T08:45:07+00:00\",\"description\":\"Se vores oversigt over de billigste forbrugsl\u00e5n. L\u00e5n op til 500.000 kr. hos LoanStar. Vi har samlet alle de st\u00f8rste akt\u00f8rene idenfor forbrugsl\u00e5n p\u00e5 et sted.\",\"breadcrumb\":{\"@id\":\"https:\/\/loanstar.com\/dk\/lan-penge\/forbrugslan\/#breadcrumb\"},\"inLanguage\":\"da-DK\",\"potentialAction\":[{\"@type\":\"ReadAction\",\"target\":[\"https:\/\/loanstar.com\/dk\/lan-penge\/forbrugslan\/\"]}]},{\"@type\":\"BreadcrumbList\",\"@id\":\"https:\/\/loanstar.com\/dk\/lan-penge\/forbrugslan\/#breadcrumb\",\"itemListElement\":[{\"@type\":\"ListItem\",\"position\":1,\"name\":\"Danmark\",\"item\":\"https:\/\/loanstar.com\/dk\/\"},{\"@type\":\"ListItem\",\"position\":2,\"name\":\"L\u00e5n penge\",\"item\":\"https:\/\/loanstar.com\/dk\/lan-penge\/\"},{\"@type\":\"ListItem\",\"position\":3,\"name\":\"Forbrugsl\u00e5n\"}]},{\"@type\":\"WebSite\",\"@id\":\"https:\/\/loanstar.com\/dk\/#website\",\"url\":\"https:\/\/loanstar.com\/dk\/\",\"name\":\"LoanStar Danmark\",\"description\":\"Sammenlign l\u00e5n\",\"potentialAction\":[{\"@type\":\"SearchAction\",\"target\":{\"@type\":\"EntryPoint\",\"urlTemplate\":\"https:\/\/loanstar.com\/dk\/?s={search_term_string}\"},\"query-input\":\"required name=search_term_string\"}],\"inLanguage\":\"da-DK\"}]}<\/script>\n<!-- \/ Yoast SEO plugin. -->","yoast_head_json":{"title":"Forbrugsl\u00e5n - Sammenlign de billigste og hurtigste forbrugsl\u00e5n - LoanStar","description":"Se vores oversigt over de billigste forbrugsl\u00e5n. L\u00e5n op til 500.000 kr. hos LoanStar. Vi har samlet alle de st\u00f8rste akt\u00f8rene idenfor forbrugsl\u00e5n p\u00e5 et sted.","robots":{"index":"index","follow":"follow","max-snippet":"max-snippet:-1","max-image-preview":"max-image-preview:large","max-video-preview":"max-video-preview:-1"},"canonical":"https:\/\/loanstar.com\/dk\/lan-penge\/forbrugslan\/","og_locale":"da_DK","og_type":"article","og_title":"Forbrugsl\u00e5n - Sammenlign de billigste og hurtigste forbrugsl\u00e5n - LoanStar","og_description":"Se vores oversigt over de billigste forbrugsl\u00e5n. L\u00e5n op til 500.000 kr. hos LoanStar. Vi har samlet alle de st\u00f8rste akt\u00f8rene idenfor forbrugsl\u00e5n p\u00e5 et sted.","og_url":"https:\/\/loanstar.com\/dk\/lan-penge\/forbrugslan\/","og_site_name":"LoanStar Danmark","article_modified_time":"2019-07-12T08:45:07+00:00","og_image":[{"url":"http:\/\/loanstar.com\/dk\/wp-content\/uploads\/sites\/13\/2018\/09\/button_2.svg"}],"twitter_card":"summary_large_image","twitter_misc":{"Estimeret l\u00e6setid":"11 minutter"},"schema":{"@context":"https:\/\/schema.org","@graph":[{"@type":"WebPage","@id":"https:\/\/loanstar.com\/dk\/lan-penge\/forbrugslan\/","url":"https:\/\/loanstar.com\/dk\/lan-penge\/forbrugslan\/","name":"Forbrugsl\u00e5n - Sammenlign de billigste og hurtigste forbrugsl\u00e5n - LoanStar","isPartOf":{"@id":"https:\/\/loanstar.com\/dk\/#website"},"datePublished":"2018-10-03T09:49:35+00:00","dateModified":"2019-07-12T08:45:07+00:00","description":"Se vores oversigt over de billigste forbrugsl\u00e5n. L\u00e5n op til 500.000 kr. hos LoanStar. Vi har samlet alle de st\u00f8rste akt\u00f8rene idenfor forbrugsl\u00e5n p\u00e5 et sted.","breadcrumb":{"@id":"https:\/\/loanstar.com\/dk\/lan-penge\/forbrugslan\/#breadcrumb"},"inLanguage":"da-DK","potentialAction":[{"@type":"ReadAction","target":["https:\/\/loanstar.com\/dk\/lan-penge\/forbrugslan\/"]}]},{"@type":"BreadcrumbList","@id":"https:\/\/loanstar.com\/dk\/lan-penge\/forbrugslan\/#breadcrumb","itemListElement":[{"@type":"ListItem","position":1,"name":"Danmark","item":"https:\/\/loanstar.com\/dk\/"},{"@type":"ListItem","position":2,"name":"L\u00e5n penge","item":"https:\/\/loanstar.com\/dk\/lan-penge\/"},{"@type":"ListItem","position":3,"name":"Forbrugsl\u00e5n"}]},{"@type":"WebSite","@id":"https:\/\/loanstar.com\/dk\/#website","url":"https:\/\/loanstar.com\/dk\/","name":"LoanStar Danmark","description":"Sammenlign l\u00e5n","potentialAction":[{"@type":"SearchAction","target":{"@type":"EntryPoint","urlTemplate":"https:\/\/loanstar.com\/dk\/?s={search_term_string}"},"query-input":"required name=search_term_string"}],"inLanguage":"da-DK"}]}},"_links":{"self":[{"href":"https:\/\/loanstar.com\/dk\/wp-json\/wp\/v2\/pages\/142"}],"collection":[{"href":"https:\/\/loanstar.com\/dk\/wp-json\/wp\/v2\/pages"}],"about":[{"href":"https:\/\/loanstar.com\/dk\/wp-json\/wp\/v2\/types\/page"}],"author":[{"embeddable":true,"href":"https:\/\/loanstar.com\/dk\/wp-json\/wp\/v2\/users\/1"}],"replies":[{"embeddable":true,"href":"https:\/\/loanstar.com\/dk\/wp-json\/wp\/v2\/comments?post=142"}],"version-history":[{"count":4,"href":"https:\/\/loanstar.com\/dk\/wp-json\/wp\/v2\/pages\/142\/revisions"}],"predecessor-version":[{"id":389,"href":"https:\/\/loanstar.com\/dk\/wp-json\/wp\/v2\/pages\/142\/revisions\/389"}],"up":[{"embeddable":true,"href":"https:\/\/loanstar.com\/dk\/wp-json\/wp\/v2\/pages\/98"}],"wp:attachment":[{"href":"https:\/\/loanstar.com\/dk\/wp-json\/wp\/v2\/media?parent=142"}],"curies":[{"name":"wp","href":"https:\/\/api.w.org\/{rel}","templated":true}]}}