{"id":9,"date":"2018-10-01T19:00:18","date_gmt":"2018-10-01T19:00:18","guid":{"rendered":"http:\/\/loanstar.com\/de\/?page_id=9"},"modified":"2019-07-25T11:36:09","modified_gmt":"2019-07-25T09:36:09","slug":"kredite","status":"publish","type":"page","link":"https:\/\/loanstar.com\/de\/kredite\/","title":{"rendered":"Kredite online finden"},"content":{"rendered":"<h2>Leistbare Kredite online &#8211; dank Top-Zinsen<\/h2>\n<p>Finanzielle Engp\u00e4sse sind heutzutage absolut keine Ausnahme mehr. Auch in Deutschland geh\u00f6ren Darlehen l\u00e4ngst zum Alltag, beispielsweise wenn es zu unerwarteten Ausgaben kommt. Da sich daher immer mehr Menschen f\u00fcr einen Kredit interessieren, wird selbstverst\u00e4ndlich auch die Anzahl an Anbietern immer gr\u00f6\u00dfer. Der positive Effekt dieser Entwicklung: Sie als Kunde k\u00f6nnen von der starken Konkurrenz am Markt nur profitieren, denn die Anbieter versuchen sich mit niedrigen Zinsraten gegenseitig zu unterbieten. Gerade auf dem inl\u00e4ndischen Markt ist dies zuletzt deutlich sp\u00fcrbar geworden. L\u00e4ngst sind viele Kredite online zu finden &#8211; f\u00fcr viele Interessenten ist dies sehr hilfreich.<\/p>\n<p>Dazu kommt, dass Deutschland zu den EU-weit kreditnehmerfreundlichsten L\u00e4ndern geh\u00f6rt. Dies hat zur Folge, dass die Zinss\u00e4tze bei den heimischen Banken \u00e4u\u00dferst niedrig sind. Geld leihen in Deutschland ist aus diesem Grund im Schnitt erheblich attraktiver als im Ausland.<\/p>\n<h3>Kreditland Deutschland<\/h3>\n<p>Deutschland ist ein absoluter Kreditmarkt. Dabei ist das Darlehen weiterhin sowohl f\u00fcr Unternehmen als auch f\u00fcr Privatpersonen das wichtigste Finanzierungsinstrument. Das Internet ist heutzutage eine gro\u00dfe Hilfe f\u00fcr jeden, der einen Kredit online oder ein Darlehen online beantragen m\u00f6chte. Geld leihen ist heute einfacher als je zuvor. Die rasante technologische Entwicklung erlaubt es uns, Finanztransaktionen schnell und unkompliziert online durchzuf\u00fchren, ohne je eine Bank betreten zu haben.<\/p>\n<p>Seri\u00f6se Online-Darlehen erfreuen sich daher immer gr\u00f6\u00dferer Beliebtheit. Es ist noch gar nicht so lange her, dass sich potentielle Kreditnehmer noch von Bank zu Bank schleppen mussten. M\u00fchsam wurden Termine vereinbart, um mit einem Angestellten die Details zum Kreditwunsch zu besprechen. Dieses Personal musste von den Kreditinstituten selbstverst\u00e4ndlich verg\u00fctet werden. Das schlug sich wiederum in den Gesamtkosten des Darlehens nieder. Da heute die meisten Schritte zur Kreditbeschaffung online durchgef\u00fchrt werden, sind die Margen der Banken entsprechend niedriger, und die Kredite dadurch leistbarer geworden.<\/p>\n<h2>Seri\u00f6se Anbieter im kostenlosen Vergleich<\/h2>\n<p>Sie wissen nun bereits, dass die Zeit f\u00fcr eine Kreditaufnahme aufgrund der niedrigen Zinsraten aktuell nicht besser sein k\u00f6nnte. Leider kommt das perfekt auf sie abgestimmte Darlehen aber nicht per Post und ohne Ihr Zutun zu Ihnen nach Hause geflattert. Es kann ganz sch\u00f6n viel Arbeit und Zeitaufwand mit sich bringen, den passenden Anbieter f\u00fcr ein Darlehen zu finden.<\/p>\n<p>Zuallererst m\u00fcssen sie bestimmen, welche Art von Kredit sie ben\u00f6tigen. Anschlie\u00dfend gilt es, innerhalb der gew\u00e4hlten Kategorie verschiedene Faktoren abzuw\u00e4gen:<\/p>\n<ul>\n<li>M\u00f6chten sie sich beispielsweise Geld f\u00fcr die Finanzierung Ihres Eigenheims leihen?<\/li>\n<li>Oder ben\u00f6tigen sie einen Firmenkredit?<\/li>\n<\/ul>\n<p>Die Gew\u00e4hrleistung dieser beider Darlehensarten ist von der Erf\u00fcllung v\u00f6llig unterschiedlicher Voraussetzungen abh\u00e4ngig. Alles in allem ist das Ansuchen um ein Darlehen in beiden F\u00e4llen eine zeitintensive Angelegenheit. Vergleichsseiten wie LoanStar erleichtern diese Arbeit heute erheblich. Der Kreditnehmer braucht nicht mehr m\u00fchselig alle Filialen oder Websites unterschiedlichster Kreditinstitute abzuklappern oder zu durchsuchen.<\/p>\n<h3>Beste Kredit-Konditionen ermitteln<\/h3>\n<p>Mit LoanStar k\u00f6nnen sie die <strong>Darlehenskonditionen wesentlich einfacher<\/strong> recherchieren:<br \/>\nSie geben auf unserer Website alle erforderlichen Kriterien ein und schon spuckt unser Algorithmus Ihren perfekten Kreditgeber mitsamt Vergleichsangeboten aus.<\/p>\n<p>\u00dcber unseren Kreditvergleich, der zahlreiche Partnerbanken und Kreditinstitute analysiert, haben Sie die sichere und einfache M\u00f6glichkeit, sich noch heute Geld zu leihen. Sie k\u00f6nnen selbst w\u00e4hlen:<\/p>\n<ul>\n<li>Wie hoch die Monatsraten schlussendlich sein sollen<\/li>\n<li>Innerhalb welcher Laufzeit Sie das geliehene Geld zur\u00fcckzahlen m\u00f6chten<\/li>\n<\/ul>\n<p>Unser Service erledigt die einst so komplexe Angelegenheit f\u00fcr Sie innerhalb von Sekunden. Die eingesparte Zeit k\u00f6nnen Sie im Anschluss f\u00fcr angenehmere Dinge nutzen.<\/p>\n<h2>Zinssatz und Co. &#8211; Worauf Sie beim Geldleihen achten m\u00fcssen<\/h2>\n<p>Niedrige Zinss\u00e4tze sind sehr wichtige Darlehensfaktoren und sind in Deutschland leicht zu finden. Allerdings sind die Zinss\u00e4tze bei weitem nicht alles, was man beachten muss. Der vom Kreditgeber verlangte Sollzins etwa beruht nicht zuletzt auf folgenden wichtigen Faktoren:<\/p>\n<ul>\n<li>Der heimischen Marktsituation insgesamt<\/li>\n<li>Der Art des Kredites<\/li>\n<li>Der Bonit\u00e4t des Kreditnehmers<\/li>\n<\/ul>\n<p>Der Sollzins wird jeweils vom Kreditinstitut individuell festgelegt. Dabei werden meist Kredite mit festem Sollzins und solche mit variablem Sollzins angeboten. Ein fester Sollzins ist dabei nicht unbedingt von Vorteil. Einmal festgelegt, sollte man sich also nicht zu fr\u00fch freuen. Top-Zinsraten sind zwar verlockend, es sollten aber in erster Linie die Gesamtkosten des Darlehens betrachtet werden. Diese sind letztlich daf\u00fcr ausschlaggebend, ob ein Kredit vorteilhaft ist, und nicht die monatlichen Zinsen. In den Gesamtkosten sind n\u00e4mlich auch andere Ausgaben enthalten, wie unter anderem:<\/p>\n<ul>\n<li><strong>Bearbeitungsgeb\u00fchr:<\/strong> Einige Kreditgeber fordern bei Kreditaufnahme die Zahlung einer Bearbeitungsgeb\u00fchr.<\/li>\n<li><strong>Disagio:<\/strong> Bei gr\u00f6\u00dferen Krediten wird mitunter ein sogenannter Disagio (Abschlag) einbehalten: Der Kreditgeber zahlt nicht die volle Kreditsumme aus, sondern beh\u00e4lt einen gewissen Prozentsatz davon ein. Dieser Abschlag dient als Zins-Vorauszahlung, wodurch sich die endg\u00fcltige Zinslast verringert.<\/li>\n<li><strong>Monatliche Kredit-Verwaltungsgeb\u00fchr:<\/strong> Manche Banken verlangen die Zahlung dieser Geb\u00fchr f\u00fcr die Verwaltung Ihres Kredits.<\/li>\n<\/ul>\n<p>Aufgrund dieser zus\u00e4tzlichen Ausgaben m\u00fcssen Verbraucherkredite neben dem Sollzins auch den effektiven Jahreszins ausweisen.<\/p>\n<h3>Volle Transparenz durch den effektiven Jahreszins<\/h3>\n<p>Der effektive Jahreszins beziffert die j\u00e4hrlichen direkten Kosten f\u00fcr ein Darlehen. Die Kreditkosten werden dabei in Prozent angegeben. Dies soll Ihnen als Verbraucher erleichtern, Angebote zu vergleichen und zu verstehen. Falls der Jahreszins oder andere Faktoren ver\u00e4nderlich sind, was durchaus vorkommen kann, wird generell der \u201canf\u00e4ngliche effektive Jahreszins\u201d angegeben.<\/p>\n<p>Auf unserer Vergleichsseite werden all diese Punkte sorgf\u00e4ltig und verst\u00e4ndlich aufgef\u00fchrt. Kredite online finden und zu vergleichen war noch nie so einfach. Transparenz wird bei uns gro\u00dfgeschrieben, was einer der Gr\u00fcnde f\u00fcr unsere hohe Kundenzufriedenheit ist. Unsere Seite bietet Ihnen den vollen \u00dcberblick \u00fcber verschiedenste Faktoren:<\/p>\n<ul>\n<li>Sollzinsen<\/li>\n<li>Effektiver Jahreszins<\/li>\n<li>Tilgungsmodalit\u00e4ten<\/li>\n<li>M\u00f6glichkeiten und Kosten zur \u00c4nderung der Kreditlaufzeit<\/li>\n<li>Vieles mehr<\/li>\n<\/ul>\n<h3>Zusatzkosten au\u00dferhalb des Effektivzins<\/h3>\n<p>Wer meint, mit dem effektiven Jahreszinssatz wird ein vollst\u00e4ndiger \u00dcberblick \u00fcber die Kosten gegeben, irrt sich: Tats\u00e4chlich k\u00f6nnen f\u00fcr Sie als Kreditnehmer mittelbare Zusatzkosten anfallen, die im effektiven Jahreszins nicht angef\u00fchrt werden m\u00fcssen. Dennoch gibt es keinen Grund zur Verzweiflung, wenn sie bei der Geldleihe Wert auf Transparenz legen, denn s\u00e4mtliche Kosten m\u00fcssen bei Verbrauchervertr\u00e4gen neben dem Sollzins und dem Effektivzins ebenso im Vertrag erw\u00e4hnt werden.<\/p>\n<p>Zu den Zusatzkosten z\u00e4hlt man unter anderem Kontof\u00fchrungsgeb\u00fchren und Bereitstellungszinsen. Kontof\u00fchrungsgeb\u00fchren werden eher selten erhoben und k\u00f6nnen zum Gl\u00fcck oft verhandelt werden. Bereitstellungszinsen wiederum sind bei Baufinanzierungen keine Seltenheit. Sie werden ebenso au\u00dferhalb des effektiven Jahreszins gez\u00e4hlt, denn es handelt sich hierbei auf rechtlicher Ebene um eine Zusatzleistung und nicht um Zinsen.<\/p>\n<h3><strong>M\u00f6gliche Zusatzkosten durch Restschuldversicherung<\/strong><\/h3>\n<p>Untersch\u00e4tzen Sie auch nicht weitere eventuell anfallende Kosten wie etwa Restschuldversicherungen. Auch als Kredit-Lebensversicherung bezeichnet, handelt es sich um eine Absicherung des Kreditnehmers. Es geht etwa um den Fall des Todes, der Krankheit oder der Arbeitslosigkeit. Die Restschuldversicherung ist als zus\u00e4tzliche Kreditsicherheit zu sehen, und wird als solche im Kreditvertrag an den Kreditgeber abgetreten.<\/p>\n<p>Falls der Kreditgeber die Absicherung zwingend vorsieht, m\u00fcssen die Kosten allerdings mit im effektiven Jahreszins angef\u00fchrt sein. Dies ist oft bei Krediten ohne Bonit\u00e4tspr\u00fcfung der Fall. Falls die Restschuldversicherung hingegen freiwillig ist, laufen die Kosten extra. Meist ist es ratsam, entsprechende Versicherungen direkt bei einer Versicherungsgesellschaft abzuschlie\u00dfen, und nicht dort, wo Sie sich das Geld leihen, da f\u00fcr diese Art von Versicherung gerne Provisionen eingeheimst werden.<\/p>\n<h2>Ein wichtiger Faktor: Die Laufzeit<\/h2>\n<p>Die Kreditlaufzeit bestimmt, \u00fcber welchen Zeitraum man ein aufgenommenes Darlehen zur\u00fcckzahlt. Als ma\u00dfgeblicher Faktor beeinflusst sie die H\u00f6he der monatlichen R\u00fcckzahlungsrate sowie die Gesamtkosten eines Kredits. Welche Laufzeit die richtige ist, h\u00e4ngt vor allem von der finanziellen Situation des Kreditnehmers ab.<\/p>\n<p>Bei einem Darlehen mit hohen Zinsen sollten Sie sich nach M\u00f6glichkeit f\u00fcr eine kurze Laufzeit entscheiden. So sind Sie schneller schuldenfrei und sparen dabei auch noch Geld. Haben Sie sich hingegen f\u00fcr einen Kredit mit festem Zinssatz entschlossen, sollte die Laufzeit l\u00e4nger ausfallen. Bei einem festen Zinssatz profitieren Sie f\u00fcr lange Zeit von gleichbleibend niedrigen Zinss\u00e4tzen.<\/p>\n<p>F\u00fcr gew\u00f6hnlich legen Banken die H\u00f6he der Zinsen in Abh\u00e4ngigkeit zur gew\u00e4hlten Laufzeit fest. Je l\u00e4nger Sie sich Geld leihen, desto h\u00f6her ist der Zinssatz. Der Grund daf\u00fcr ist, dass sich die Banken absichern m\u00f6chten. Mit steigender Laufzeit nimmt auch das Kreditausfallrisiko der Bank zu. Der Kreditnehmer k\u00f6nnte durch Arbeitslosigkeit oder auch Krankheit zahlungsunf\u00e4hig werden. Au\u00dferdem ist das Kapital der Bank w\u00e4hrend der Kreditlaufzeit f\u00fcr einen l\u00e4ngeren Zeitraum gebunden und kann nicht reinvestiert werden. Diese Ertragsausf\u00e4lle kompensiert die Bank mit einer geringf\u00fcgigen Zinserh\u00f6hung. Eine Kreditlaufzeit von k\u00fcrzerer Dauer kann sich also positiv auf die Konditionen auswirken, wenn Sie sich Geld leihen.<\/p>\n<h4>Kreditlaufzeit von 12 bis 120 Monaten<\/h4>\n<p>Kreditnehmer k\u00f6nnen zwischen verschiedensten Kreditlaufzeiten w\u00e4hlen. Ob die gew\u00fcnschte Laufzeit m\u00f6glich ist, kommt aber auf die Kreditart an. F\u00fcr einen klassischen Ratenkredit beginnt die Laufzeit in der Regel mit 12 Monaten und kann bis zu 120 Monate oder auch mehr betragen. Beim Immobilienkredit gelten andere Standards. Schlie\u00dflich leiht man sich in diesem Fall auch sehr viel mehr Geld als bei einem Ratenkredit.<\/p>\n<p>Laufzeiten von bis zu 30 Jahren sind bei einem Immobilienkredit leicht m\u00f6glich. In Niedrigzinsphasen, wie es aktuell am deutschen Markt der Fall ist, stellen Kredite mit langer Laufzeit f\u00fcr Kreditgeber ein gewisses Risiko dar. Es ist schlie\u00dflich m\u00f6glich, dass die Bauzinsen in der Zwischenzeit steigen. Nicht alle Banken bieten daher Laufzeiten von 30 Jahren an.<\/p>\n<h2>Wenn es gegen Ende des Monats knapp wird<\/h2>\n<p>Es kann schon einmal vorkommen, dass man einen finanziellen Engpass erlebt. Oft geschieht dies kurzfristig und durch unerwartete Ausgaben. Viele Banken bieten Ihnen die M\u00f6glichkeit, eine Ratenpause einzulegen. Wenn Sie schon im Vorhinein wissen, dass es bei Ihnen manchmal gegen Ende des Monats knapp werden k\u00f6nnte, kann es hilfreich sein, sich von Anfang an eine Bank mit den passenden Konditionen zu suchen.<\/p>\n<p>Auf unserer Vergleichsseite sind diese Faktoren selbstverst\u00e4ndlich aufgef\u00fchrt. Kredite online zu vergleichen wird so zum Kinderspiel. W\u00e4hrend der Ratenpause zahlen Sie keine Monatsrate, sondern nur die f\u00e4lligen Sollzinsen zur\u00fcck. Dies gibt Ihnen eine kleine Finanzspritze. Die Dauer der Ratenpausen kann von einem Monat bis zu einem Jahr variieren. Dabei entstehen normalerweise keine Strafgeb\u00fchren. Nichtsdestotrotz verlangen manche Banken eine Geb\u00fchr f\u00fcr die Bearbeitung der Ratenaussetzung. Dies wird jedoch ausdr\u00fccklich im Kreditvertrag erw\u00e4hnt.<\/p>\n<p>Ausgesetzte Raten muss der Kreditnehmer selbstverst\u00e4ndlich nachzahlen. Wenn Sie auf Dinge wie Ratenaussetzung Wert legen, sollten Sie sich genauestens \u00fcber die jeweiligen Bedingungen der gew\u00fcnschten Bank informieren, bevor Sie sich Geld leihen. Eine hilfreiche M\u00f6glichkeit ist das Lesen von Kundenbewertungen. So k\u00f6nnen Sie sich ein Bild davon machen, ob die Kreditnehmer in F\u00e4llen wie beispielsweise Ratenpausen entt\u00e4uscht wurden, oder ob alles wie geplant funktioniert hat.<\/p>\n<h2>Zinskosten durch eine Kredit-Umschuldung senken<\/h2>\n<p>Sie haben sich vor einiger Zeit Geld geliehen und die Zinsen erscheinen Ihnen mittlerweile einfach zu hoch? In diesem Fall k\u00f6nnte eine Umschuldung f\u00fcr Sie interessant sein. Mit unserem Kreditvergleich finden Sie garantiert einen Kreditgeber, der eine Umschuldung anbietet. W\u00e4hlen Sie die M\u00f6glichkeit einer Umschuldung einfach als Kriterium beim Vergleich aus und schon finden Sie den richtigen Anbieter.<\/p>\n<p>Die Umschuldung k\u00f6nnte unter Umst\u00e4nden allerdings mit zus\u00e4tzlichen Kosten verbunden sein: Der sogenannten Vorf\u00e4lligkeitsentsch\u00e4digung. Gl\u00fccklicherweise wurden Kreditnehmer schon vor einiger Zeit durch die Verbraucher-Kreditlinie der EU entlastet, die mittlerweile in \u00a7502 BGB nachzulesen ist. Die Vorf\u00e4lligkeitsentsch\u00e4digung darf demnach:<\/p>\n<ul>\n<li>Maximal 1% des vorzeitig zur\u00fcckgezahlten Betrags (0,5% bei einer Restlaufzeit von weniger als 12 Monaten) ausmachen<\/li>\n<li>Nicht mehr als die entgangenen Zinsen f\u00fcr die Restlaufzeit betragen.<\/li>\n<\/ul>\n<p>Sollten Sie also bei unserem Vergleich verschiedener Kreditgeber ein Darlehen mit niedrigerem Jahreszins finden, lohnt sich sehr wahrscheinlich eine Umschuldung &#8211; trotz Vorf\u00e4lligkeitsentsch\u00e4digung bei der ehemaligen Bank!<\/p>\n<h2>Geld leihen mit Sofortzusage<\/h2>\n<p>Unser Kreditvergleich bringt Ihnen folgende Vorteile:<\/p>\n<ul>\n<li>Kostenlose und schufaneutrale Kreditanfragen an die jeweiligen Banken<\/li>\n<li>Profitieren sie von Top-Zinsraten&#8230;<\/li>\n<li>&#8230; von hoher Markttransparenz sowie&#8230;.<\/li>\n<li>&#8230; von der Schnelligkeit des gesamten Verfahrens<\/li>\n<\/ul>\n<p>Nachdem Sie sich f\u00fcr eines unserer gelisteten Kreditinstitute entschieden haben, \u00fcbermitteln Sie Ihren Darlehenswunsch. Bereits wenige Sekunden sp\u00e4ter erhalten Sie von Ihrer Wunschbank einen vorl\u00e4ufigen Finanzierungsentscheid per E-Mail. Kedirte online aufnehmen ist tats\u00e4chlich so einfach.<\/p>\n<p>Im Anschluss \u00fcbersenden Sie der Bank den unterschriebenen Vertrag sowie die weiteren erforderlichen Unterlagen, wie zum Beispiel Gehaltsabrechnungen, Kontoausz\u00fcge und eine ausgef\u00fcllte Selbstauskunft. Mithilfe dieser Dokumente kann die Bank eine Haushaltsrechnung erstellen, und sich so einen \u00dcberblick \u00fcber Ihre laufenden Eink\u00fcnfte und Ausgaben verschaffen.<\/p>\n<p>F\u00fcr <strong>Rentner<\/strong>, die trotz des regelm\u00e4\u00dfigen Geldeingangs als gesonderte Personengruppe gelten, gelten \u00fcbrigens dieselben Vorgaben. Als Einkommensnachweis ben\u00f6tigt die Bank hier jedoch die Rentenbescheide.<\/p>\n<p>Wird Ihr Kreditwunsch im Anschluss bewilligt, wird der ben\u00f6tigte <strong>Geldbetrag binnen zwei bis f\u00fcnf Werktagen Ihrem Girokonto<\/strong> gutgeschrieben.<\/p>\n<h3>Jetzt noch schneller zum Geld<\/h3>\n<p>Das Geldleihen geht aber sogar noch schneller und einfacher: Wenn Sie beim Kredite online Vergleich auf unserer Seite einen Kreditanbieter mit <strong>Sofort-Auszahlung<\/strong> w\u00e4hlen, erhalten Sie den gew\u00fcnschten Geldbetrag entweder <strong>am selben Tag oder am n\u00e4chsten Werktag<\/strong>. Einige Banken bieten komplett digitalisierte Abl\u00e4ufe, die so das Verfahren beschleunigen. So wird beispielsweise Ihre Identit\u00e4t nicht \u00fcber das normalerweise \u00fcbliche POSTIDENT Verfahren verifiziert, sondern per Video-Ident im Internet. Heutzutage gibt es Dienstleister speziell f\u00fcr die Identit\u00e4tsbest\u00e4tigung per Internet und Kreditgeber nutzen diesen Service schon seit einiger Zeit.<\/p>\n<h3><strong>Kredit mit Sofort-Auszahlung in 5 Schritten<\/strong><\/h3>\n<ol>\n<li>Geben Sie im Anschluss an Ihre Darlehensanfrage \u00fcber Kredite online Ihre pers\u00f6nlichen Daten ein<\/li>\n<li>Gew\u00e4hren Sie der Bank per Mausklick unmittelbaren Einblick in Ihre Kontoausz\u00fcge<\/li>\n<li>Der Sofortentscheid wird gef\u00e4llt. Sie erfahren im selben Moment, ob Sie sich bei Ihrer Wunschbank Geld leihen k\u00f6nnen. Falls dies der Fall ist, werden Ihnen die genauen Konditionen aufgelistet<\/li>\n<li>Entscheiden Sie, ob Sie den Kredit wirklich aufnehmen m\u00f6chten<\/li>\n<li>Nun m\u00fcssen Sie sich nur noch per bereits erw\u00e4hntem Video-Ident legitimieren und den Kreditvertrag digital unterzeichnen<\/li>\n<\/ol>\n<p>Mehr braucht es in so einem Fall zum Geldleihen nicht: Der Abschluss des Verfahrens erfolgt komplett digital. Der letzte Schritt ist nur noch die Auszahlung des gew\u00fcnschten Geldbetrages, die umgehend durch die Bank angewiesen wird. So einfach ist es, \u00fcber LoanStar einen Kredit zu erhalten!<\/p>\n","protected":false},"excerpt":{"rendered":"<p>Leistbare Kredite online &#8211; dank Top-Zinsen Finanzielle Engp\u00e4sse sind heutzutage absolut keine Ausnahme mehr. Auch in Deutschland geh\u00f6ren Darlehen l\u00e4ngst&#8230;<\/p>\n","protected":false},"author":1,"featured_media":0,"parent":0,"menu_order":0,"comment_status":"closed","ping_status":"closed","template":"templates\/calculator-main.php","meta":{"footnotes":""},"yoast_head":"<!-- This site is optimized with the Yoast SEO plugin v21.0 - https:\/\/yoast.com\/wordpress\/plugins\/seo\/ -->\n<title>Geld leihen - alles \u00fcber Kredite online mit LoanStar<\/title>\n<meta name=\"description\" content=\"Mit dem LoanStar Kreditvergleich k\u00f6nnen Sie Kredite online zu den besten Konditionen ermitteln und anfragen. Alles \u00fcber Kredite erfahren.\" \/>\n<meta name=\"robots\" content=\"index, follow, max-snippet:-1, max-image-preview:large, max-video-preview:-1\" \/>\n<link rel=\"canonical\" href=\"https:\/\/loanstar.com\/de\/kredite\/\" \/>\n<meta property=\"og:locale\" content=\"de_DE\" \/>\n<meta property=\"og:type\" content=\"article\" \/>\n<meta property=\"og:title\" content=\"Geld leihen - alles \u00fcber Kredite online mit LoanStar\" \/>\n<meta property=\"og:description\" content=\"Mit dem LoanStar Kreditvergleich k\u00f6nnen Sie Kredite online zu den besten Konditionen ermitteln und anfragen. Alles \u00fcber Kredite erfahren.\" \/>\n<meta property=\"og:url\" content=\"https:\/\/loanstar.com\/de\/kredite\/\" \/>\n<meta property=\"og:site_name\" content=\"Loanstar Deutschland\" \/>\n<meta property=\"article:modified_time\" content=\"2019-07-25T09:36:09+00:00\" \/>\n<meta name=\"twitter:card\" content=\"summary_large_image\" \/>\n<meta name=\"twitter:label1\" content=\"Gesch\u00e4tzte Lesezeit\" \/>\n\t<meta name=\"twitter:data1\" content=\"12\u00a0Minuten\" \/>\n<script type=\"application\/ld+json\" class=\"yoast-schema-graph\">{\"@context\":\"https:\/\/schema.org\",\"@graph\":[{\"@type\":\"WebPage\",\"@id\":\"https:\/\/loanstar.com\/de\/kredite\/\",\"url\":\"https:\/\/loanstar.com\/de\/kredite\/\",\"name\":\"Geld leihen - alles \u00fcber Kredite online mit LoanStar\",\"isPartOf\":{\"@id\":\"https:\/\/loanstar.com\/de\/#website\"},\"datePublished\":\"2018-10-01T19:00:18+00:00\",\"dateModified\":\"2019-07-25T09:36:09+00:00\",\"description\":\"Mit dem LoanStar Kreditvergleich k\u00f6nnen Sie Kredite online zu den besten Konditionen ermitteln und anfragen. Alles \u00fcber Kredite erfahren.\",\"breadcrumb\":{\"@id\":\"https:\/\/loanstar.com\/de\/kredite\/#breadcrumb\"},\"inLanguage\":\"de\",\"potentialAction\":[{\"@type\":\"ReadAction\",\"target\":[\"https:\/\/loanstar.com\/de\/kredite\/\"]}]},{\"@type\":\"BreadcrumbList\",\"@id\":\"https:\/\/loanstar.com\/de\/kredite\/#breadcrumb\",\"itemListElement\":[{\"@type\":\"ListItem\",\"position\":1,\"name\":\"Deutschland\",\"item\":\"https:\/\/loanstar.com\/de\/\"},{\"@type\":\"ListItem\",\"position\":2,\"name\":\"Kredite online finden\"}]},{\"@type\":\"WebSite\",\"@id\":\"https:\/\/loanstar.com\/de\/#website\",\"url\":\"https:\/\/loanstar.com\/de\/\",\"name\":\"Loanstar Deutschland\",\"description\":\"Kredite vergleichen\",\"potentialAction\":[{\"@type\":\"SearchAction\",\"target\":{\"@type\":\"EntryPoint\",\"urlTemplate\":\"https:\/\/loanstar.com\/de\/?s={search_term_string}\"},\"query-input\":\"required name=search_term_string\"}],\"inLanguage\":\"de\"}]}<\/script>\n<!-- \/ Yoast SEO plugin. -->","yoast_head_json":{"title":"Geld leihen - alles \u00fcber Kredite online mit LoanStar","description":"Mit dem LoanStar Kreditvergleich k\u00f6nnen Sie Kredite online zu den besten Konditionen ermitteln und anfragen. Alles \u00fcber Kredite erfahren.","robots":{"index":"index","follow":"follow","max-snippet":"max-snippet:-1","max-image-preview":"max-image-preview:large","max-video-preview":"max-video-preview:-1"},"canonical":"https:\/\/loanstar.com\/de\/kredite\/","og_locale":"de_DE","og_type":"article","og_title":"Geld leihen - alles \u00fcber Kredite online mit LoanStar","og_description":"Mit dem LoanStar Kreditvergleich k\u00f6nnen Sie Kredite online zu den besten Konditionen ermitteln und anfragen. Alles \u00fcber Kredite erfahren.","og_url":"https:\/\/loanstar.com\/de\/kredite\/","og_site_name":"Loanstar Deutschland","article_modified_time":"2019-07-25T09:36:09+00:00","twitter_card":"summary_large_image","twitter_misc":{"Gesch\u00e4tzte Lesezeit":"12\u00a0Minuten"},"schema":{"@context":"https:\/\/schema.org","@graph":[{"@type":"WebPage","@id":"https:\/\/loanstar.com\/de\/kredite\/","url":"https:\/\/loanstar.com\/de\/kredite\/","name":"Geld leihen - alles \u00fcber Kredite online mit LoanStar","isPartOf":{"@id":"https:\/\/loanstar.com\/de\/#website"},"datePublished":"2018-10-01T19:00:18+00:00","dateModified":"2019-07-25T09:36:09+00:00","description":"Mit dem LoanStar Kreditvergleich k\u00f6nnen Sie Kredite online zu den besten Konditionen ermitteln und anfragen. Alles \u00fcber Kredite erfahren.","breadcrumb":{"@id":"https:\/\/loanstar.com\/de\/kredite\/#breadcrumb"},"inLanguage":"de","potentialAction":[{"@type":"ReadAction","target":["https:\/\/loanstar.com\/de\/kredite\/"]}]},{"@type":"BreadcrumbList","@id":"https:\/\/loanstar.com\/de\/kredite\/#breadcrumb","itemListElement":[{"@type":"ListItem","position":1,"name":"Deutschland","item":"https:\/\/loanstar.com\/de\/"},{"@type":"ListItem","position":2,"name":"Kredite online finden"}]},{"@type":"WebSite","@id":"https:\/\/loanstar.com\/de\/#website","url":"https:\/\/loanstar.com\/de\/","name":"Loanstar Deutschland","description":"Kredite vergleichen","potentialAction":[{"@type":"SearchAction","target":{"@type":"EntryPoint","urlTemplate":"https:\/\/loanstar.com\/de\/?s={search_term_string}"},"query-input":"required name=search_term_string"}],"inLanguage":"de"}]}},"_links":{"self":[{"href":"https:\/\/loanstar.com\/de\/wp-json\/wp\/v2\/pages\/9"}],"collection":[{"href":"https:\/\/loanstar.com\/de\/wp-json\/wp\/v2\/pages"}],"about":[{"href":"https:\/\/loanstar.com\/de\/wp-json\/wp\/v2\/types\/page"}],"author":[{"embeddable":true,"href":"https:\/\/loanstar.com\/de\/wp-json\/wp\/v2\/users\/1"}],"replies":[{"embeddable":true,"href":"https:\/\/loanstar.com\/de\/wp-json\/wp\/v2\/comments?post=9"}],"version-history":[{"count":4,"href":"https:\/\/loanstar.com\/de\/wp-json\/wp\/v2\/pages\/9\/revisions"}],"predecessor-version":[{"id":330,"href":"https:\/\/loanstar.com\/de\/wp-json\/wp\/v2\/pages\/9\/revisions\/330"}],"wp:attachment":[{"href":"https:\/\/loanstar.com\/de\/wp-json\/wp\/v2\/media?parent=9"}],"curies":[{"name":"wp","href":"https:\/\/api.w.org\/{rel}","templated":true}]}}